{"id":12,"date":"2019-11-05T01:27:35","date_gmt":"2019-11-05T01:27:35","guid":{"rendered":"https:\/\/iberoid.com\/cos\/"},"modified":"2021-05-27T20:09:00","modified_gmt":"2021-05-27T20:09:00","slug":"compras","status":"publish","type":"page","link":"https:\/\/iberoid.com\/en\/compras\/","title":{"rendered":"Shopping Cart"},"content":{"rendered":"\n","protected":false},"excerpt":{"rendered":"","protected":false},"author":1,"featured_media":0,"parent":0,"menu_order":0,"comment_status":"closed","ping_status":"closed","template":"","meta":{"footnotes":""},"class_list":["post-12","page","type-page","status-publish","hentry"],"yoast_head":"<!-- This site is optimized with the Yoast SEO Premium plugin v24.4 (Yoast SEO v27.3) - https:\/\/yoast.com\/product\/yoast-seo-premium-wordpress\/ -->\n<title>Shopping Cart - Iberoid - Steroids online<\/title>\n<meta name=\"description\" content=\"(Espa\u00f1ol) Compra en l\u00ednea de esteroides en Espa\u00f1a y Portugal\" \/>\n<meta name=\"robots\" content=\"index, follow, max-snippet:-1, max-image-preview:large, max-video-preview:-1\" \/>\n<link rel=\"canonical\" href=\"https:\/\/iberoid.com\/en\/compras\/\" \/>\n<meta property=\"og:locale\" content=\"en_US\" \/>\n<meta property=\"og:type\" content=\"article\" \/>\n<meta property=\"og:title\" content=\"Shopping Cart\" \/>\n<meta property=\"og:description\" content=\"(Espa\u00f1ol) Compra en l\u00ednea de esteroides en Espa\u00f1a y Portugal\" \/>\n<meta property=\"og:url\" content=\"https:\/\/iberoid.com\/en\/compras\/\" \/>\n<meta property=\"og:site_name\" content=\"Iberoid - Steroids online\" \/>\n<meta property=\"article:modified_time\" content=\"2021-05-27T20:09:00+00:00\" \/>\n<meta name=\"twitter:card\" content=\"summary_large_image\" \/>\n<script type=\"application\/ld+json\" class=\"yoast-schema-graph\">{\"@context\":\"https:\\\/\\\/schema.org\",\"@graph\":[{\"@type\":\"WebPage\",\"@id\":\"https:\\\/\\\/iberoid.com\\\/en\\\/compras\\\/\",\"url\":\"https:\\\/\\\/iberoid.com\\\/en\\\/compras\\\/\",\"name\":\"Shopping Cart - Iberoid - Steroids online\",\"isPartOf\":{\"@id\":\"https:\\\/\\\/iberoid.com\\\/en\\\/#website\"},\"datePublished\":\"2019-11-05T01:27:35+00:00\",\"dateModified\":\"2021-05-27T20:09:00+00:00\",\"description\":\"(Espa\u00f1ol) Compra en l\u00ednea de esteroides en Espa\u00f1a y Portugal\",\"breadcrumb\":{\"@id\":\"https:\\\/\\\/iberoid.com\\\/en\\\/compras\\\/#breadcrumb\"},\"inLanguage\":\"en-US\",\"potentialAction\":[{\"@type\":\"ReadAction\",\"target\":[[\"https:\\\/\\\/iberoid.com\\\/en\\\/compras\\\/\"]]}]},{\"@type\":\"BreadcrumbList\",\"@id\":\"https:\\\/\\\/iberoid.com\\\/en\\\/compras\\\/#breadcrumb\",\"itemListElement\":[{\"@type\":\"ListItem\",\"position\":1,\"name\":\"Portada\",\"item\":\"https:\\\/\\\/iberoid.com\\\/en\\\/\"},{\"@type\":\"ListItem\",\"position\":2,\"name\":\"Shopping Cart\"}]},{\"@type\":\"WebSite\",\"@id\":\"https:\\\/\\\/iberoid.com\\\/en\\\/#website\",\"url\":\"https:\\\/\\\/iberoid.com\\\/en\\\/\",\"name\":\"Iberoid - Steroids online\",\"description\":\"Buy steroids online today in Spain and Portugal. We have the best customer service in the industry and the highest quality products\",\"potentialAction\":[{\"@type\":\"SearchAction\",\"target\":{\"@type\":\"EntryPoint\",\"urlTemplate\":\"https:\\\/\\\/iberoid.com\\\/en\\\/?s={search_term_string}\"},\"query-input\":{\"@type\":\"PropertyValueSpecification\",\"valueRequired\":true,\"valueName\":\"search_term_string\"}}],\"inLanguage\":\"en-US\"}]}<\/script>\n<!-- \/ Yoast SEO Premium plugin. -->","yoast_head_json":{"title":"Shopping Cart - Iberoid - Steroids online","description":"(Espa\u00f1ol) Compra en l\u00ednea de esteroides en Espa\u00f1a y Portugal","robots":{"index":"index","follow":"follow","max-snippet":"max-snippet:-1","max-image-preview":"max-image-preview:large","max-video-preview":"max-video-preview:-1"},"canonical":"https:\/\/iberoid.com\/en\/compras\/","og_locale":"en_US","og_type":"article","og_title":"Shopping Cart","og_description":"(Espa\u00f1ol) Compra en l\u00ednea de esteroides en Espa\u00f1a y Portugal","og_url":"https:\/\/iberoid.com\/en\/compras\/","og_site_name":"Iberoid - Steroids online","article_modified_time":"2021-05-27T20:09:00+00:00","twitter_card":"summary_large_image","schema":{"@context":"https:\/\/schema.org","@graph":[{"@type":"WebPage","@id":"https:\/\/iberoid.com\/en\/compras\/","url":"https:\/\/iberoid.com\/en\/compras\/","name":"Shopping Cart - Iberoid - Steroids online","isPartOf":{"@id":"https:\/\/iberoid.com\/en\/#website"},"datePublished":"2019-11-05T01:27:35+00:00","dateModified":"2021-05-27T20:09:00+00:00","description":"(Espa\u00f1ol) Compra en l\u00ednea de esteroides en Espa\u00f1a y Portugal","breadcrumb":{"@id":"https:\/\/iberoid.com\/en\/compras\/#breadcrumb"},"inLanguage":"en-US","potentialAction":[{"@type":"ReadAction","target":[["https:\/\/iberoid.com\/en\/compras\/"]]}]},{"@type":"BreadcrumbList","@id":"https:\/\/iberoid.com\/en\/compras\/#breadcrumb","itemListElement":[{"@type":"ListItem","position":1,"name":"Portada","item":"https:\/\/iberoid.com\/en\/"},{"@type":"ListItem","position":2,"name":"Shopping Cart"}]},{"@type":"WebSite","@id":"https:\/\/iberoid.com\/en\/#website","url":"https:\/\/iberoid.com\/en\/","name":"Iberoid - Steroids online","description":"Buy steroids online today in Spain and Portugal. We have the best customer service in the industry and the highest quality products","potentialAction":[{"@type":"SearchAction","target":{"@type":"EntryPoint","urlTemplate":"https:\/\/iberoid.com\/en\/?s={search_term_string}"},"query-input":{"@type":"PropertyValueSpecification","valueRequired":true,"valueName":"search_term_string"}}],"inLanguage":"en-US"}]}},"_links":{"self":[{"href":"https:\/\/iberoid.com\/en\/wp-json\/wp\/v2\/pages\/12","targetHints":{"allow":["GET"]}}],"collection":[{"href":"https:\/\/iberoid.com\/en\/wp-json\/wp\/v2\/pages"}],"about":[{"href":"https:\/\/iberoid.com\/en\/wp-json\/wp\/v2\/types\/page"}],"author":[{"embeddable":true,"href":"https:\/\/iberoid.com\/en\/wp-json\/wp\/v2\/users\/1"}],"replies":[{"embeddable":true,"href":"https:\/\/iberoid.com\/en\/wp-json\/wp\/v2\/comments?post=12"}],"version-history":[{"count":0,"href":"https:\/\/iberoid.com\/en\/wp-json\/wp\/v2\/pages\/12\/revisions"}],"wp:attachment":[{"href":"https:\/\/iberoid.com\/en\/wp-json\/wp\/v2\/media?parent=12"}],"curies":[{"name":"wp","href":"https:\/\/api.w.org\/{rel}","templated":true}]}}