{"id":2984,"date":"2019-11-19T19:57:10","date_gmt":"2019-11-19T19:57:10","guid":{"rendered":"https:\/\/iberoid.com\/?post_type=product&#038;p=2984"},"modified":"2025-05-11T13:50:23","modified_gmt":"2025-05-11T13:50:23","slug":"clenbuterol","status":"publish","type":"product","link":"https:\/\/iberoid.com\/en\/product\/clenbuterol\/","title":{"rendered":"Clenbuterol"},"content":{"rendered":"<p><\/p>\n<p><strong>Clenbuterol<\/strong> is the most popular fat burner, most bodybuilders use it before competitions to burn fat. In fact, it is not a steroid but a beta-2 antagonist, used to treat asthma.<\/p>\n<p>Action: &#8211; Adrenaline and norepinephrine acts as the substances naturally produced in our body, preparing the body for the effort.<\/p>\n<p>&#8211; selectively acts on beta-2 receptors, registering a decrease in appetite, an increase in body temperature and the speed of metabolism.<\/p>\n<p>&#8211; After approximately 8 weeks, the thermogenic effect returns to normal.<\/p>\n<p>&#8211; The anti-catabolic properties disappear after 18 days.<\/p>\n<p>Results: fat burning and maintains muscle mass during diets.<\/p>\n<p>Optimal dose: 20-60 mcg<\/p>\n<p>Cycle duration: approximately 6 weeks<\/p>\n<p>Side effects: &#8211; people with severe kidney, liver and heart disease SA Avoid using this product!<\/p>\n<p><\/p>","protected":false},"excerpt":{"rendered":"<\/p>\n","protected":false},"featured_media":2986,"comment_status":"open","ping_status":"closed","template":"","meta":[],"product_brand":[],"product_cat":[73],"product_tag":[],"class_list":{"0":"post-2984","1":"product","2":"type-product","3":"status-publish","4":"has-post-thumbnail","6":"product_cat-ssteroides_orales","8":"first","9":"outofstock","10":"sale","11":"shipping-taxable","12":"purchasable","13":"product-type-simple"},"yoast_head":"<!-- This site is optimized with the Yoast SEO Premium plugin v24.4 (Yoast SEO v27.0) - https:\/\/yoast.com\/product\/yoast-seo-premium-wordpress\/ -->\n<title>Clenbuterol - Iberoid - Steroids online<\/title>\n<meta name=\"description\" content=\"(Espa\u00f1ol) Clenbuterol es el quemador de grasa m\u00e1s popular, la mayor\u00eda de los culturistas lo usan antes de las competiciones para quemar grasa.\" \/>\n<meta name=\"robots\" content=\"index, follow, max-snippet:-1, max-image-preview:large, max-video-preview:-1\" \/>\n<link rel=\"canonical\" href=\"https:\/\/iberoid.com\/en\/product\/clenbuterol\/\" \/>\n<meta property=\"og:locale\" content=\"en_US\" \/>\n<meta property=\"og:type\" content=\"article\" \/>\n<meta property=\"og:title\" content=\"Clenbuterol\" \/>\n<meta property=\"og:description\" content=\"(Espa\u00f1ol) Clenbuterol es el quemador de grasa m\u00e1s popular, la mayor\u00eda de los culturistas lo usan antes de las competiciones para quemar grasa.\" \/>\n<meta property=\"og:url\" content=\"https:\/\/iberoid.com\/en\/product\/clenbuterol\/\" \/>\n<meta property=\"og:site_name\" content=\"Iberoid - Steroids online\" \/>\n<meta property=\"article:modified_time\" content=\"2025-05-11T13:50:23+00:00\" \/>\n<meta property=\"og:image\" content=\"https:\/\/iberoid.com\/wp-content\/uploads\/2019\/11\/clenbuterol.jpg?v=1678120180\" \/>\n\t<meta property=\"og:image:width\" content=\"800\" \/>\n\t<meta property=\"og:image:height\" content=\"493\" \/>\n\t<meta property=\"og:image:type\" content=\"image\/jpeg\" \/>\n<meta name=\"twitter:card\" content=\"summary_large_image\" \/>\n<meta name=\"twitter:label1\" content=\"Price\" \/>\n\t<meta name=\"twitter:data1\" content=\"&euro;30.00\" \/>\n\t<meta name=\"twitter:label2\" content=\"Availability\" \/>\n\t<meta name=\"twitter:data2\" content=\"Out of stock\" \/>\n<script type=\"application\/ld+json\" class=\"yoast-schema-graph\">{\"@context\":\"https:\/\/schema.org\",\"@graph\":[{\"@type\":\"WebPage\",\"@id\":\"https:\/\/iberoid.com\/en\/product\/clenbuterol\/\",\"url\":\"https:\/\/iberoid.com\/en\/product\/clenbuterol\/\",\"name\":\"Clenbuterol - Iberoid - Steroids online\",\"isPartOf\":{\"@id\":\"https:\/\/iberoid-shop.com\/#website\"},\"primaryImageOfPage\":{\"@id\":\"https:\/\/iberoid.com\/en\/product\/clenbuterol\/#primaryimage\"},\"image\":{\"@id\":\"https:\/\/iberoid.com\/en\/product\/clenbuterol\/#primaryimage\"},\"thumbnailUrl\":\"https:\/\/iberoid.com\/wp-content\/uploads\/2019\/11\/clenbuterol.jpg?v=1678120180\",\"datePublished\":\"2019-11-19T19:57:10+00:00\",\"dateModified\":\"2025-05-11T13:50:23+00:00\",\"description\":\"(Espa\u00f1ol) Clenbuterol es el quemador de grasa m\u00e1s popular, la mayor\u00eda de los culturistas lo usan antes de las competiciones para quemar grasa.\",\"breadcrumb\":{\"@id\":\"https:\/\/iberoid.com\/en\/product\/clenbuterol\/#breadcrumb\"},\"inLanguage\":\"en-US\",\"potentialAction\":[{\"@type\":\"ReadAction\",\"target\":[[\"https:\/\/iberoid.com\/en\/product\/clenbuterol\/\"]]}]},{\"@type\":\"ImageObject\",\"inLanguage\":\"en-US\",\"@id\":\"https:\/\/iberoid.com\/en\/product\/clenbuterol\/#primaryimage\",\"url\":\"https:\/\/iberoid.com\/wp-content\/uploads\/2019\/11\/clenbuterol.jpg?v=1678120180\",\"contentUrl\":\"https:\/\/iberoid.com\/wp-content\/uploads\/2019\/11\/clenbuterol.jpg?v=1678120180\",\"width\":800,\"height\":493},{\"@type\":\"BreadcrumbList\",\"@id\":\"https:\/\/iberoid.com\/en\/product\/clenbuterol\/#breadcrumb\",\"itemListElement\":[{\"@type\":\"ListItem\",\"position\":1,\"name\":\"Portada\",\"item\":\"https:\/\/iberoid.com\/en\/\"},{\"@type\":\"ListItem\",\"position\":2,\"name\":\"Store\",\"item\":\"https:\/\/iberoid.com\/en\/shop\/\"},{\"@type\":\"ListItem\",\"position\":3,\"name\":\"Clenbuterol\"}]},{\"@type\":\"WebSite\",\"@id\":\"https:\/\/iberoid-shop.com\/#website\",\"url\":\"https:\/\/iberoid-shop.com\/\",\"name\":\"Iberoid - Steroids online\",\"description\":\"Buy steroids online today in Spain and Portugal. We have the best customer service in the industry and the highest quality products\",\"potentialAction\":[{\"@type\":\"SearchAction\",\"target\":{\"@type\":\"EntryPoint\",\"urlTemplate\":\"https:\/\/iberoid-shop.com\/?s={search_term_string}\"},\"query-input\":{\"@type\":\"PropertyValueSpecification\",\"valueRequired\":true,\"valueName\":\"search_term_string\"}}],\"inLanguage\":\"en-US\"}]}<\/script>\n<meta property=\"product:brand\" content=\"Balkan Pharmaceuticals\" \/>\n<meta property=\"product:price:amount\" content=\"30.00\" \/>\n<meta property=\"product:price:currency\" content=\"EUR\" \/>\n<meta property=\"og:availability\" content=\"out of stock\" \/>\n<meta property=\"product:availability\" content=\"out of stock\" \/>\n<meta property=\"product:condition\" content=\"new\" \/>\n<!-- \/ Yoast SEO Premium plugin. -->","yoast_head_json":{"title":"Clenbuterol - Iberoid - Steroids online","description":"(Espa\u00f1ol) Clenbuterol es el quemador de grasa m\u00e1s popular, la mayor\u00eda de los culturistas lo usan antes de las competiciones para quemar grasa.","robots":{"index":"index","follow":"follow","max-snippet":"max-snippet:-1","max-image-preview":"max-image-preview:large","max-video-preview":"max-video-preview:-1"},"canonical":"https:\/\/iberoid.com\/en\/product\/clenbuterol\/","og_locale":"en_US","og_type":"article","og_title":"Clenbuterol","og_description":"(Espa\u00f1ol) Clenbuterol es el quemador de grasa m\u00e1s popular, la mayor\u00eda de los culturistas lo usan antes de las competiciones para quemar grasa.","og_url":"https:\/\/iberoid.com\/en\/product\/clenbuterol\/","og_site_name":"Iberoid - Steroids online","article_modified_time":"2025-05-11T13:50:23+00:00","og_image":[{"width":800,"height":493,"url":"https:\/\/iberoid.com\/wp-content\/uploads\/2019\/11\/clenbuterol.jpg?v=1678120180","type":"image\/jpeg"}],"twitter_card":"summary_large_image","twitter_misc":{"Price":"&euro;30.00","Availability":"Out of stock"},"schema":{"@context":"https:\/\/schema.org","@graph":[{"@type":"WebPage","@id":"https:\/\/iberoid.com\/en\/product\/clenbuterol\/","url":"https:\/\/iberoid.com\/en\/product\/clenbuterol\/","name":"Clenbuterol - Iberoid - Steroids online","isPartOf":{"@id":"https:\/\/iberoid-shop.com\/#website"},"primaryImageOfPage":{"@id":"https:\/\/iberoid.com\/en\/product\/clenbuterol\/#primaryimage"},"image":{"@id":"https:\/\/iberoid.com\/en\/product\/clenbuterol\/#primaryimage"},"thumbnailUrl":"https:\/\/iberoid.com\/wp-content\/uploads\/2019\/11\/clenbuterol.jpg?v=1678120180","datePublished":"2019-11-19T19:57:10+00:00","dateModified":"2025-05-11T13:50:23+00:00","description":"(Espa\u00f1ol) Clenbuterol es el quemador de grasa m\u00e1s popular, la mayor\u00eda de los culturistas lo usan antes de las competiciones para quemar grasa.","breadcrumb":{"@id":"https:\/\/iberoid.com\/en\/product\/clenbuterol\/#breadcrumb"},"inLanguage":"en-US","potentialAction":[{"@type":"ReadAction","target":[["https:\/\/iberoid.com\/en\/product\/clenbuterol\/"]]}]},{"@type":"ImageObject","inLanguage":"en-US","@id":"https:\/\/iberoid.com\/en\/product\/clenbuterol\/#primaryimage","url":"https:\/\/iberoid.com\/wp-content\/uploads\/2019\/11\/clenbuterol.jpg?v=1678120180","contentUrl":"https:\/\/iberoid.com\/wp-content\/uploads\/2019\/11\/clenbuterol.jpg?v=1678120180","width":800,"height":493},{"@type":"BreadcrumbList","@id":"https:\/\/iberoid.com\/en\/product\/clenbuterol\/#breadcrumb","itemListElement":[{"@type":"ListItem","position":1,"name":"Portada","item":"https:\/\/iberoid.com\/en\/"},{"@type":"ListItem","position":2,"name":"Store","item":"https:\/\/iberoid.com\/en\/shop\/"},{"@type":"ListItem","position":3,"name":"Clenbuterol"}]},{"@type":"WebSite","@id":"https:\/\/iberoid-shop.com\/#website","url":"https:\/\/iberoid-shop.com\/","name":"Iberoid - Steroids online","description":"Buy steroids online today in Spain and Portugal. We have the best customer service in the industry and the highest quality products","potentialAction":[{"@type":"SearchAction","target":{"@type":"EntryPoint","urlTemplate":"https:\/\/iberoid-shop.com\/?s={search_term_string}"},"query-input":{"@type":"PropertyValueSpecification","valueRequired":true,"valueName":"search_term_string"}}],"inLanguage":"en-US"}]},"product_brand":"Balkan Pharmaceuticals","product_price_amount":"30.00","product_price_currency":"EUR","og_availability":"out of stock","product_availability":"out of stock","product_condition":"new"},"_links":{"self":[{"href":"https:\/\/iberoid.com\/en\/wp-json\/wp\/v2\/product\/2984","targetHints":{"allow":["GET"]}}],"collection":[{"href":"https:\/\/iberoid.com\/en\/wp-json\/wp\/v2\/product"}],"about":[{"href":"https:\/\/iberoid.com\/en\/wp-json\/wp\/v2\/types\/product"}],"replies":[{"embeddable":true,"href":"https:\/\/iberoid.com\/en\/wp-json\/wp\/v2\/comments?post=2984"}],"wp:featuredmedia":[{"embeddable":true,"href":"https:\/\/iberoid.com\/en\/wp-json\/wp\/v2\/media\/2986"}],"wp:attachment":[{"href":"https:\/\/iberoid.com\/en\/wp-json\/wp\/v2\/media?parent=2984"}],"wp:term":[{"taxonomy":"product_brand","embeddable":true,"href":"https:\/\/iberoid.com\/en\/wp-json\/wp\/v2\/product_brand?post=2984"},{"taxonomy":"product_cat","embeddable":true,"href":"https:\/\/iberoid.com\/en\/wp-json\/wp\/v2\/product_cat?post=2984"},{"taxonomy":"product_tag","embeddable":true,"href":"https:\/\/iberoid.com\/en\/wp-json\/wp\/v2\/product_tag?post=2984"}],"curies":[{"name":"wp","href":"https:\/\/api.w.org\/{rel}","templated":true}]}}