{"id":2996,"date":"2019-11-19T20:16:31","date_gmt":"2019-11-19T20:16:31","guid":{"rendered":"https:\/\/iberoid.com\/?post_type=product&#038;p=2996"},"modified":"2024-01-13T17:33:43","modified_gmt":"2024-01-13T17:33:43","slug":"enandrol","status":"publish","type":"product","link":"https:\/\/iberoid.com\/en\/product\/enandrol\/","title":{"rendered":"Enandrol BALKAN NEW LINE"},"content":{"rendered":"<p>Enantat&#8217;s new name for Testosterone is Enandrol.<\/p>\n<p>Testosterone Enantat is the European version of Cyprus Testosterone (USA), an injectable oil-based steroid. This ester is the most widely used of all testosterone esters, found in almost all steroid cycles. It is found under many trade names: Testover E, Testo Depo, Testen-250, Cidoteston, Testoviron, Testobolin.<\/p>\n<p>What is Testosterone Enanthate?<br \/>\nBeing a strong anabolic and androgenic steroid, it contributes to both muscle development and strength development. On a scale of 0 to 100 it is 100, both from an androgenic point of view and from an anabolic point of view. Due to the enameled ester, it has a long action, which is gradually released over 2-3 weeks. The maximum concentration of testosterone in the blood is 24 to 48 hours after administration, and then a little is released into the blood. The best results are obtained when administered for 10 to 10 days. For therapeutic purposes, it is used to treat low testosterone levels in men over the age of 40.<\/p>\n<p>Athletes use it in large quantities to build their muscle mass and strength.<\/p>\n<p>What results are obtained during the cycle?<br \/>\nImproved testosterone increases the number of red blood cells, resulting in muscle endurance and a faster recovery after intense workouts. For this reason, it is also used by endurance athletes, such as cyclists or athletes. Anabolism occurs due to increased protein synthesis during the cycle. It increases the level of IGF-1, a hormone that exerts its effects on growth hormone and inhibits glucocorticoids, namely cortisol, a hormone that destroys muscle mass. To get the most out of this steroid, high doses are not the secret, but intense workouts, rest, and high calorie intake.<\/p>\n<p>Some consider it a massive steroid, which is totally fake, and can be used to define periods with exceptional results, increasing metabolic rate, indirectly contributing to fat burning. During the cycle to avoid the side effects of the estrogenic nature, Tamoximed, Provimed or Anastrozole antiestrogens should be used. Any of these antiestrogens does its job very well in protecting the body from all the side effects of estrogen.<\/p>\n<p>Optimal dose: 250-750 mg \/ week.<\/p>\n<p>Cycle duration: 8-12 weeks.<\/p>\n<p>Cycles: Combines with Winstrol, Trenbolone, Oxandrolone, and Deca-Durabolin, Danabol, Anapolon muscle mass steroids<\/p>\n<p>Post-cycle therapy: It is mandatory at the end of the cycle because it inhibits the natural production of testosterone.<\/p>\n<p>Therapy based on Tamoximed and Clomed can be used for 4 weeks or Pregnyl (HCG). And during the cycle, a small amount of Pregnyl 250-500 IU per week helps keep the testicles normal and functioning.<\/p>","protected":false},"excerpt":{"rendered":"<p class=\"qtranxs-available-languages-message qtranxs-available-languages-message-en\">Sorry, this entry is only available in <a href=\"https:\/\/iberoid.com\/es\/wp-json\/wp\/v2\/product\/2996\" class=\"qtranxs-available-language-link qtranxs-available-language-link-es\" title=\"Espa\u00f1ol\">Espa\u00f1ol<\/a> and <a href=\"https:\/\/iberoid.com\/pt\/wp-json\/wp\/v2\/product\/2996\" class=\"qtranxs-available-language-link qtranxs-available-language-link-pt\" title=\"Portugu\u00eas\">Portugu\u00eas<\/a>.<\/p>\n","protected":false},"featured_media":2998,"comment_status":"open","ping_status":"closed","template":"","meta":[],"product_brand":[],"product_cat":[69],"product_tag":[],"class_list":{"0":"post-2996","1":"product","2":"type-product","3":"status-publish","4":"has-post-thumbnail","6":"product_cat-esteroides_inyectables","8":"first","9":"outofstock","10":"shipping-taxable","11":"purchasable","12":"product-type-simple"},"yoast_head":"<!-- This site is optimized with the Yoast SEO Premium plugin v24.4 (Yoast SEO v27.3) - https:\/\/yoast.com\/product\/yoast-seo-premium-wordpress\/ -->\n<title>Enandrol BALKAN NEW LINE - Iberoid - Steroids online<\/title>\n<meta name=\"description\" content=\"(Espa\u00f1ol) Con fines terap\u00e9uticos, se usa para tratar los niveles bajos de testosterona en hombres mayores de 40 a\u00f1os.Los atletas lo usan en grandes cantidades para desarrollar su masa muscular y fuerza.\u00bfQu\u00e9 resultados se obtienen durante el ciclo?La testosterona mejorada aumenta el n\u00famero de gl\u00f3bulos rojos, lo que resulta en resistencia muscular y una recuperaci\u00f3n m\u00e1s r\u00e1pida despu\u00e9s de entrenamientos intensos.\" \/>\n<meta name=\"robots\" content=\"index, follow, max-snippet:-1, max-image-preview:large, max-video-preview:-1\" \/>\n<link rel=\"canonical\" href=\"https:\/\/iberoid.com\/en\/product\/enandrol\/\" \/>\n<meta property=\"og:locale\" content=\"en_US\" \/>\n<meta property=\"og:type\" content=\"article\" \/>\n<meta property=\"og:title\" content=\"Enandrol BALKAN NEW LINE\" \/>\n<meta property=\"og:description\" content=\"(Espa\u00f1ol) Con fines terap\u00e9uticos, se usa para tratar los niveles bajos de testosterona en hombres mayores de 40 a\u00f1os.Los atletas lo usan en grandes cantidades para desarrollar su masa muscular y fuerza.\u00bfQu\u00e9 resultados se obtienen durante el ciclo?La testosterona mejorada aumenta el n\u00famero de gl\u00f3bulos rojos, lo que resulta en resistencia muscular y una recuperaci\u00f3n m\u00e1s r\u00e1pida despu\u00e9s de entrenamientos intensos.\" \/>\n<meta property=\"og:url\" content=\"https:\/\/iberoid.com\/en\/product\/enandrol\/\" \/>\n<meta property=\"og:site_name\" content=\"Iberoid - Steroids online\" \/>\n<meta property=\"article:modified_time\" content=\"2024-01-13T17:33:43+00:00\" \/>\n<meta property=\"og:image\" content=\"https:\/\/iberoid.com\/wp-content\/uploads\/2019\/11\/enandrol.jpg?v=1678120178\" \/>\n\t<meta property=\"og:image:width\" content=\"2160\" \/>\n\t<meta property=\"og:image:height\" content=\"2160\" \/>\n\t<meta property=\"og:image:type\" content=\"image\/jpeg\" \/>\n<meta name=\"twitter:card\" content=\"summary_large_image\" \/>\n<meta name=\"twitter:label1\" content=\"Price\" \/>\n\t<meta name=\"twitter:data1\" content=\"&euro;55.00\" \/>\n\t<meta name=\"twitter:label2\" content=\"Availability\" \/>\n\t<meta name=\"twitter:data2\" content=\"Out of stock\" \/>\n<script type=\"application\/ld+json\" class=\"yoast-schema-graph\">{\"@context\":\"https:\\\/\\\/schema.org\",\"@graph\":[{\"@type\":\"WebPage\",\"@id\":\"https:\\\/\\\/iberoid.com\\\/en\\\/product\\\/enandrol\\\/\",\"url\":\"https:\\\/\\\/iberoid.com\\\/en\\\/product\\\/enandrol\\\/\",\"name\":\"Enandrol BALKAN NEW LINE - Iberoid - Steroids online\",\"isPartOf\":{\"@id\":\"https:\\\/\\\/iberoid.com\\\/en\\\/#website\"},\"primaryImageOfPage\":{\"@id\":\"https:\\\/\\\/iberoid.com\\\/en\\\/product\\\/enandrol\\\/#primaryimage\"},\"image\":{\"@id\":\"https:\\\/\\\/iberoid.com\\\/en\\\/product\\\/enandrol\\\/#primaryimage\"},\"thumbnailUrl\":\"https:\\\/\\\/iberoid.com\\\/wp-content\\\/uploads\\\/2019\\\/11\\\/enandrol.jpg?v=1678120178\",\"datePublished\":\"2019-11-19T20:16:31+00:00\",\"dateModified\":\"2024-01-13T17:33:43+00:00\",\"description\":\"(Espa\u00f1ol) Con fines terap\u00e9uticos, se usa para tratar los niveles bajos de testosterona en hombres mayores de 40 a\u00f1os.Los atletas lo usan en grandes cantidades para desarrollar su masa muscular y fuerza.\u00bfQu\u00e9 resultados se obtienen durante el ciclo?La testosterona mejorada aumenta el n\u00famero de gl\u00f3bulos rojos, lo que resulta en resistencia muscular y una recuperaci\u00f3n m\u00e1s r\u00e1pida despu\u00e9s de entrenamientos intensos.\",\"breadcrumb\":{\"@id\":\"https:\\\/\\\/iberoid.com\\\/en\\\/product\\\/enandrol\\\/#breadcrumb\"},\"inLanguage\":\"en-US\",\"potentialAction\":[{\"@type\":\"ReadAction\",\"target\":[[\"https:\\\/\\\/iberoid.com\\\/en\\\/product\\\/enandrol\\\/\"]]}]},{\"@type\":\"ImageObject\",\"inLanguage\":\"en-US\",\"@id\":\"https:\\\/\\\/iberoid.com\\\/en\\\/product\\\/enandrol\\\/#primaryimage\",\"url\":\"https:\\\/\\\/iberoid.com\\\/wp-content\\\/uploads\\\/2019\\\/11\\\/enandrol.jpg?v=1678120178\",\"contentUrl\":\"https:\\\/\\\/iberoid.com\\\/wp-content\\\/uploads\\\/2019\\\/11\\\/enandrol.jpg?v=1678120178\",\"width\":2160,\"height\":2160},{\"@type\":\"BreadcrumbList\",\"@id\":\"https:\\\/\\\/iberoid.com\\\/en\\\/product\\\/enandrol\\\/#breadcrumb\",\"itemListElement\":[{\"@type\":\"ListItem\",\"position\":1,\"name\":\"Portada\",\"item\":\"https:\\\/\\\/iberoid.com\\\/en\\\/\"},{\"@type\":\"ListItem\",\"position\":2,\"name\":\"Store\",\"item\":\"https:\\\/\\\/iberoid.com\\\/en\\\/shop\\\/\"},{\"@type\":\"ListItem\",\"position\":3,\"name\":\"Enandrol BALKAN NEW LINE\"}]},{\"@type\":\"WebSite\",\"@id\":\"https:\\\/\\\/iberoid.com\\\/en\\\/#website\",\"url\":\"https:\\\/\\\/iberoid.com\\\/en\\\/\",\"name\":\"Iberoid - Steroids online\",\"description\":\"Buy steroids online today in Spain and Portugal. We have the best customer service in the industry and the highest quality products\",\"potentialAction\":[{\"@type\":\"SearchAction\",\"target\":{\"@type\":\"EntryPoint\",\"urlTemplate\":\"https:\\\/\\\/iberoid.com\\\/en\\\/?s={search_term_string}\"},\"query-input\":{\"@type\":\"PropertyValueSpecification\",\"valueRequired\":true,\"valueName\":\"search_term_string\"}}],\"inLanguage\":\"en-US\"}]}<\/script>\n<meta property=\"product:brand\" content=\"Balkan Pharmaceuticals\" \/>\n<meta property=\"product:price:amount\" content=\"55.00\" \/>\n<meta property=\"product:price:currency\" content=\"EUR\" \/>\n<meta property=\"og:availability\" content=\"out of stock\" \/>\n<meta property=\"product:availability\" content=\"out of stock\" \/>\n<meta property=\"product:condition\" content=\"new\" \/>\n<!-- \/ Yoast SEO Premium plugin. -->","yoast_head_json":{"title":"Enandrol BALKAN NEW LINE - Iberoid - Steroids online","description":"(Espa\u00f1ol) Con fines terap\u00e9uticos, se usa para tratar los niveles bajos de testosterona en hombres mayores de 40 a\u00f1os.Los atletas lo usan en grandes cantidades para desarrollar su masa muscular y fuerza.\u00bfQu\u00e9 resultados se obtienen durante el ciclo?La testosterona mejorada aumenta el n\u00famero de gl\u00f3bulos rojos, lo que resulta en resistencia muscular y una recuperaci\u00f3n m\u00e1s r\u00e1pida despu\u00e9s de entrenamientos intensos.","robots":{"index":"index","follow":"follow","max-snippet":"max-snippet:-1","max-image-preview":"max-image-preview:large","max-video-preview":"max-video-preview:-1"},"canonical":"https:\/\/iberoid.com\/en\/product\/enandrol\/","og_locale":"en_US","og_type":"article","og_title":"Enandrol BALKAN NEW LINE","og_description":"(Espa\u00f1ol) Con fines terap\u00e9uticos, se usa para tratar los niveles bajos de testosterona en hombres mayores de 40 a\u00f1os.Los atletas lo usan en grandes cantidades para desarrollar su masa muscular y fuerza.\u00bfQu\u00e9 resultados se obtienen durante el ciclo?La testosterona mejorada aumenta el n\u00famero de gl\u00f3bulos rojos, lo que resulta en resistencia muscular y una recuperaci\u00f3n m\u00e1s r\u00e1pida despu\u00e9s de entrenamientos intensos.","og_url":"https:\/\/iberoid.com\/en\/product\/enandrol\/","og_site_name":"Iberoid - Steroids online","article_modified_time":"2024-01-13T17:33:43+00:00","og_image":[{"width":2160,"height":2160,"url":"https:\/\/iberoid.com\/wp-content\/uploads\/2019\/11\/enandrol.jpg?v=1678120178","type":"image\/jpeg"}],"twitter_card":"summary_large_image","twitter_misc":{"Price":"&euro;55.00","Availability":"Out of stock"},"schema":{"@context":"https:\/\/schema.org","@graph":[{"@type":"WebPage","@id":"https:\/\/iberoid.com\/en\/product\/enandrol\/","url":"https:\/\/iberoid.com\/en\/product\/enandrol\/","name":"Enandrol BALKAN NEW LINE - Iberoid - Steroids online","isPartOf":{"@id":"https:\/\/iberoid.com\/en\/#website"},"primaryImageOfPage":{"@id":"https:\/\/iberoid.com\/en\/product\/enandrol\/#primaryimage"},"image":{"@id":"https:\/\/iberoid.com\/en\/product\/enandrol\/#primaryimage"},"thumbnailUrl":"https:\/\/iberoid.com\/wp-content\/uploads\/2019\/11\/enandrol.jpg?v=1678120178","datePublished":"2019-11-19T20:16:31+00:00","dateModified":"2024-01-13T17:33:43+00:00","description":"(Espa\u00f1ol) Con fines terap\u00e9uticos, se usa para tratar los niveles bajos de testosterona en hombres mayores de 40 a\u00f1os.Los atletas lo usan en grandes cantidades para desarrollar su masa muscular y fuerza.\u00bfQu\u00e9 resultados se obtienen durante el ciclo?La testosterona mejorada aumenta el n\u00famero de gl\u00f3bulos rojos, lo que resulta en resistencia muscular y una recuperaci\u00f3n m\u00e1s r\u00e1pida despu\u00e9s de entrenamientos intensos.","breadcrumb":{"@id":"https:\/\/iberoid.com\/en\/product\/enandrol\/#breadcrumb"},"inLanguage":"en-US","potentialAction":[{"@type":"ReadAction","target":[["https:\/\/iberoid.com\/en\/product\/enandrol\/"]]}]},{"@type":"ImageObject","inLanguage":"en-US","@id":"https:\/\/iberoid.com\/en\/product\/enandrol\/#primaryimage","url":"https:\/\/iberoid.com\/wp-content\/uploads\/2019\/11\/enandrol.jpg?v=1678120178","contentUrl":"https:\/\/iberoid.com\/wp-content\/uploads\/2019\/11\/enandrol.jpg?v=1678120178","width":2160,"height":2160},{"@type":"BreadcrumbList","@id":"https:\/\/iberoid.com\/en\/product\/enandrol\/#breadcrumb","itemListElement":[{"@type":"ListItem","position":1,"name":"Portada","item":"https:\/\/iberoid.com\/en\/"},{"@type":"ListItem","position":2,"name":"Store","item":"https:\/\/iberoid.com\/en\/shop\/"},{"@type":"ListItem","position":3,"name":"Enandrol BALKAN NEW LINE"}]},{"@type":"WebSite","@id":"https:\/\/iberoid.com\/en\/#website","url":"https:\/\/iberoid.com\/en\/","name":"Iberoid - Steroids online","description":"Buy steroids online today in Spain and Portugal. We have the best customer service in the industry and the highest quality products","potentialAction":[{"@type":"SearchAction","target":{"@type":"EntryPoint","urlTemplate":"https:\/\/iberoid.com\/en\/?s={search_term_string}"},"query-input":{"@type":"PropertyValueSpecification","valueRequired":true,"valueName":"search_term_string"}}],"inLanguage":"en-US"}]},"product_brand":"Balkan Pharmaceuticals","product_price_amount":"55.00","product_price_currency":"EUR","og_availability":"out of stock","product_availability":"out of stock","product_condition":"new"},"_links":{"self":[{"href":"https:\/\/iberoid.com\/en\/wp-json\/wp\/v2\/product\/2996","targetHints":{"allow":["GET"]}}],"collection":[{"href":"https:\/\/iberoid.com\/en\/wp-json\/wp\/v2\/product"}],"about":[{"href":"https:\/\/iberoid.com\/en\/wp-json\/wp\/v2\/types\/product"}],"replies":[{"embeddable":true,"href":"https:\/\/iberoid.com\/en\/wp-json\/wp\/v2\/comments?post=2996"}],"wp:featuredmedia":[{"embeddable":true,"href":"https:\/\/iberoid.com\/en\/wp-json\/wp\/v2\/media\/2998"}],"wp:attachment":[{"href":"https:\/\/iberoid.com\/en\/wp-json\/wp\/v2\/media?parent=2996"}],"wp:term":[{"taxonomy":"product_brand","embeddable":true,"href":"https:\/\/iberoid.com\/en\/wp-json\/wp\/v2\/product_brand?post=2996"},{"taxonomy":"product_cat","embeddable":true,"href":"https:\/\/iberoid.com\/en\/wp-json\/wp\/v2\/product_cat?post=2996"},{"taxonomy":"product_tag","embeddable":true,"href":"https:\/\/iberoid.com\/en\/wp-json\/wp\/v2\/product_tag?post=2996"}],"curies":[{"name":"wp","href":"https:\/\/api.w.org\/{rel}","templated":true}]}}