{"id":3000,"date":"2019-11-19T20:28:27","date_gmt":"2019-11-19T20:28:27","guid":{"rendered":"https:\/\/iberoid.com\/?post_type=product&#038;p=3000"},"modified":"2023-11-04T12:29:48","modified_gmt":"2023-11-04T12:29:48","slug":"fenandrol","status":"publish","type":"product","link":"https:\/\/iberoid.com\/en\/product\/fenandrol\/","title":{"rendered":"FENANDROL\/BALKAN\/10 AMPOLLAS"},"content":{"rendered":"<p>Nandrolone Phenylpropionate, or Nandrolone Phenpropionate, sold under the brand name Durabolin, among others, is an androgenic drug and anabolic steroid that has been used primarily in the treatment of breast cancer and osteoporosis in women.<\/p>\n<p>Based on the function of the hormone, Nandrolone Phenylpropionate is identical to Nandrolone Decanoate. Both forms are made up of the same active hormone. In the case of nandrolone phenylpropionate, we have a shorter ester version that provides a bigger explosion of nandrolone after injection, but it also has a much shorter half-life. This means that Nandrolone Phenylpropionate must be injected more frequently than its larger ester counterpart in order for blood levels to remain stable.<\/p>\n<p>Nandrolone phenylpropionate is also significantly less estrogenic than testosterone. Both nandrolone and testosterone aromatize, but nandrolone only does so at about 20% of the testosterone rate.<\/p>\n<p>Nandrolone hormone is one of the most valuable anabolic steroids of all; The first five without a doubt. Medically it&#8217;s an amazing hormone, although the phenylpropionate version has never provided a full opportunity to shine. This is not due to its inferiority, it is simply that the medical world really does not need more than one Nandrolone hormone and decanoate is simply the chosen one.<\/p>\n<p>For the steroid user, this steroid can almost be considered essential for an off-season mass plan. But when we look at what it can do for recovery and healing, it&#8217;s almost one of a kind.<\/p>","protected":false},"excerpt":{"rendered":"<p class=\"qtranxs-available-languages-message qtranxs-available-languages-message-en\">Sorry, this entry is only available in <a href=\"https:\/\/iberoid.com\/es\/wp-json\/wp\/v2\/product\/3000\" class=\"qtranxs-available-language-link qtranxs-available-language-link-es\" title=\"Espa\u00f1ol\">Espa\u00f1ol<\/a> and <a href=\"https:\/\/iberoid.com\/pt\/wp-json\/wp\/v2\/product\/3000\" class=\"qtranxs-available-language-link qtranxs-available-language-link-pt\" title=\"Portugu\u00eas\">Portugu\u00eas<\/a>.<\/p>\n","protected":false},"featured_media":3002,"comment_status":"open","ping_status":"closed","template":"","meta":[],"product_brand":[],"product_cat":[69],"product_tag":[3473],"class_list":{"0":"post-3000","1":"product","2":"type-product","3":"status-publish","4":"has-post-thumbnail","6":"product_cat-esteroides_inyectables","7":"product_tag-nandrolone-fenil","9":"first","10":"outofstock","11":"shipping-taxable","12":"purchasable","13":"product-type-simple"},"yoast_head":"<!-- This site is optimized with the Yoast SEO Premium plugin v24.4 (Yoast SEO v27.3) - https:\/\/yoast.com\/product\/yoast-seo-premium-wordpress\/ -->\n<title>FENANDROL\/BALKAN\/10 AMPOLLAS - Iberoid - Steroids online<\/title>\n<meta name=\"description\" content=\"(Espa\u00f1ol) El fenilpropionato de nandrolona o el fepropionato de nandrolona es un medicamento esteroide androg\u00e9nico anab\u00f3lico que se ha utilizado principalmente en el tratamiento del c\u00e1ncer de mama y la osteoporosis en las mujeres.\" \/>\n<meta name=\"robots\" content=\"index, follow, max-snippet:-1, max-image-preview:large, max-video-preview:-1\" \/>\n<link rel=\"canonical\" href=\"https:\/\/iberoid.com\/en\/product\/fenandrol\/\" \/>\n<meta property=\"og:locale\" content=\"en_US\" \/>\n<meta property=\"og:type\" content=\"article\" \/>\n<meta property=\"og:title\" content=\"FENANDROL\/BALKAN\/10 AMPOLLAS\" \/>\n<meta property=\"og:description\" content=\"(Espa\u00f1ol) El fenilpropionato de nandrolona o el fepropionato de nandrolona es un medicamento esteroide androg\u00e9nico anab\u00f3lico que se ha utilizado principalmente en el tratamiento del c\u00e1ncer de mama y la osteoporosis en las mujeres.\" \/>\n<meta property=\"og:url\" content=\"https:\/\/iberoid.com\/en\/product\/fenandrol\/\" \/>\n<meta property=\"og:site_name\" content=\"Iberoid - Steroids online\" \/>\n<meta property=\"article:modified_time\" content=\"2023-11-04T12:29:48+00:00\" \/>\n<meta property=\"og:image\" content=\"https:\/\/iberoid.com\/wp-content\/uploads\/2019\/11\/fenandrol.jpg?v=1678120177\" \/>\n\t<meta property=\"og:image:width\" content=\"800\" \/>\n\t<meta property=\"og:image:height\" content=\"629\" \/>\n\t<meta property=\"og:image:type\" content=\"image\/jpeg\" \/>\n<meta name=\"twitter:card\" content=\"summary_large_image\" \/>\n<meta name=\"twitter:label1\" content=\"Price\" \/>\n\t<meta name=\"twitter:data1\" content=\"&euro;50.00\" \/>\n\t<meta name=\"twitter:label2\" content=\"Availability\" \/>\n\t<meta name=\"twitter:data2\" content=\"Out of stock\" \/>\n<script type=\"application\/ld+json\" class=\"yoast-schema-graph\">{\"@context\":\"https:\\\/\\\/schema.org\",\"@graph\":[{\"@type\":\"WebPage\",\"@id\":\"https:\\\/\\\/iberoid.com\\\/en\\\/product\\\/fenandrol\\\/\",\"url\":\"https:\\\/\\\/iberoid.com\\\/en\\\/product\\\/fenandrol\\\/\",\"name\":\"FENANDROL\\\/BALKAN\\\/10 AMPOLLAS - Iberoid - Steroids online\",\"isPartOf\":{\"@id\":\"https:\\\/\\\/iberoid-shop.com\\\/#website\"},\"primaryImageOfPage\":{\"@id\":\"https:\\\/\\\/iberoid.com\\\/en\\\/product\\\/fenandrol\\\/#primaryimage\"},\"image\":{\"@id\":\"https:\\\/\\\/iberoid.com\\\/en\\\/product\\\/fenandrol\\\/#primaryimage\"},\"thumbnailUrl\":\"https:\\\/\\\/iberoid.com\\\/wp-content\\\/uploads\\\/2019\\\/11\\\/fenandrol.jpg?v=1678120177\",\"datePublished\":\"2019-11-19T20:28:27+00:00\",\"dateModified\":\"2023-11-04T12:29:48+00:00\",\"description\":\"(Espa\u00f1ol) El fenilpropionato de nandrolona o el fepropionato de nandrolona es un medicamento esteroide androg\u00e9nico anab\u00f3lico que se ha utilizado principalmente en el tratamiento del c\u00e1ncer de mama y la osteoporosis en las mujeres.\",\"breadcrumb\":{\"@id\":\"https:\\\/\\\/iberoid.com\\\/en\\\/product\\\/fenandrol\\\/#breadcrumb\"},\"inLanguage\":\"en-US\",\"potentialAction\":[{\"@type\":\"ReadAction\",\"target\":[[\"https:\\\/\\\/iberoid.com\\\/en\\\/product\\\/fenandrol\\\/\"]]}]},{\"@type\":\"ImageObject\",\"inLanguage\":\"en-US\",\"@id\":\"https:\\\/\\\/iberoid.com\\\/en\\\/product\\\/fenandrol\\\/#primaryimage\",\"url\":\"https:\\\/\\\/iberoid.com\\\/wp-content\\\/uploads\\\/2019\\\/11\\\/fenandrol.jpg?v=1678120177\",\"contentUrl\":\"https:\\\/\\\/iberoid.com\\\/wp-content\\\/uploads\\\/2019\\\/11\\\/fenandrol.jpg?v=1678120177\",\"width\":800,\"height\":629,\"caption\":\"Fenandrol - Propionato de nandrofenil\"},{\"@type\":\"BreadcrumbList\",\"@id\":\"https:\\\/\\\/iberoid.com\\\/en\\\/product\\\/fenandrol\\\/#breadcrumb\",\"itemListElement\":[{\"@type\":\"ListItem\",\"position\":1,\"name\":\"Portada\",\"item\":\"https:\\\/\\\/iberoid.com\\\/en\\\/\"},{\"@type\":\"ListItem\",\"position\":2,\"name\":\"Store\",\"item\":\"https:\\\/\\\/iberoid.com\\\/en\\\/shop\\\/\"},{\"@type\":\"ListItem\",\"position\":3,\"name\":\"FENANDROL\\\/BALKAN\\\/10 AMPOLLAS\"}]},{\"@type\":\"WebSite\",\"@id\":\"https:\\\/\\\/iberoid-shop.com\\\/#website\",\"url\":\"https:\\\/\\\/iberoid-shop.com\\\/\",\"name\":\"Iberoid - Steroids online\",\"description\":\"Buy steroids online today in Spain and Portugal. We have the best customer service in the industry and the highest quality products\",\"potentialAction\":[{\"@type\":\"SearchAction\",\"target\":{\"@type\":\"EntryPoint\",\"urlTemplate\":\"https:\\\/\\\/iberoid-shop.com\\\/?s={search_term_string}\"},\"query-input\":{\"@type\":\"PropertyValueSpecification\",\"valueRequired\":true,\"valueName\":\"search_term_string\"}}],\"inLanguage\":\"en-US\"}]}<\/script>\n<meta property=\"product:brand\" content=\"Balkan Pharmaceuticals\" \/>\n<meta property=\"product:price:amount\" content=\"50.00\" \/>\n<meta property=\"product:price:currency\" content=\"EUR\" \/>\n<meta property=\"og:availability\" content=\"out of stock\" \/>\n<meta property=\"product:availability\" content=\"out of stock\" \/>\n<meta property=\"product:condition\" content=\"new\" \/>\n<!-- \/ Yoast SEO Premium plugin. -->","yoast_head_json":{"title":"FENANDROL\/BALKAN\/10 AMPOLLAS - Iberoid - Steroids online","description":"(Espa\u00f1ol) El fenilpropionato de nandrolona o el fepropionato de nandrolona es un medicamento esteroide androg\u00e9nico anab\u00f3lico que se ha utilizado principalmente en el tratamiento del c\u00e1ncer de mama y la osteoporosis en las mujeres.","robots":{"index":"index","follow":"follow","max-snippet":"max-snippet:-1","max-image-preview":"max-image-preview:large","max-video-preview":"max-video-preview:-1"},"canonical":"https:\/\/iberoid.com\/en\/product\/fenandrol\/","og_locale":"en_US","og_type":"article","og_title":"FENANDROL\/BALKAN\/10 AMPOLLAS","og_description":"(Espa\u00f1ol) El fenilpropionato de nandrolona o el fepropionato de nandrolona es un medicamento esteroide androg\u00e9nico anab\u00f3lico que se ha utilizado principalmente en el tratamiento del c\u00e1ncer de mama y la osteoporosis en las mujeres.","og_url":"https:\/\/iberoid.com\/en\/product\/fenandrol\/","og_site_name":"Iberoid - Steroids online","article_modified_time":"2023-11-04T12:29:48+00:00","og_image":[{"width":800,"height":629,"url":"https:\/\/iberoid.com\/wp-content\/uploads\/2019\/11\/fenandrol.jpg?v=1678120177","type":"image\/jpeg"}],"twitter_card":"summary_large_image","twitter_misc":{"Price":"&euro;50.00","Availability":"Out of stock"},"schema":{"@context":"https:\/\/schema.org","@graph":[{"@type":"WebPage","@id":"https:\/\/iberoid.com\/en\/product\/fenandrol\/","url":"https:\/\/iberoid.com\/en\/product\/fenandrol\/","name":"FENANDROL\/BALKAN\/10 AMPOLLAS - Iberoid - Steroids online","isPartOf":{"@id":"https:\/\/iberoid-shop.com\/#website"},"primaryImageOfPage":{"@id":"https:\/\/iberoid.com\/en\/product\/fenandrol\/#primaryimage"},"image":{"@id":"https:\/\/iberoid.com\/en\/product\/fenandrol\/#primaryimage"},"thumbnailUrl":"https:\/\/iberoid.com\/wp-content\/uploads\/2019\/11\/fenandrol.jpg?v=1678120177","datePublished":"2019-11-19T20:28:27+00:00","dateModified":"2023-11-04T12:29:48+00:00","description":"(Espa\u00f1ol) El fenilpropionato de nandrolona o el fepropionato de nandrolona es un medicamento esteroide androg\u00e9nico anab\u00f3lico que se ha utilizado principalmente en el tratamiento del c\u00e1ncer de mama y la osteoporosis en las mujeres.","breadcrumb":{"@id":"https:\/\/iberoid.com\/en\/product\/fenandrol\/#breadcrumb"},"inLanguage":"en-US","potentialAction":[{"@type":"ReadAction","target":[["https:\/\/iberoid.com\/en\/product\/fenandrol\/"]]}]},{"@type":"ImageObject","inLanguage":"en-US","@id":"https:\/\/iberoid.com\/en\/product\/fenandrol\/#primaryimage","url":"https:\/\/iberoid.com\/wp-content\/uploads\/2019\/11\/fenandrol.jpg?v=1678120177","contentUrl":"https:\/\/iberoid.com\/wp-content\/uploads\/2019\/11\/fenandrol.jpg?v=1678120177","width":800,"height":629,"caption":"Fenandrol - Propionato de nandrofenil"},{"@type":"BreadcrumbList","@id":"https:\/\/iberoid.com\/en\/product\/fenandrol\/#breadcrumb","itemListElement":[{"@type":"ListItem","position":1,"name":"Portada","item":"https:\/\/iberoid.com\/en\/"},{"@type":"ListItem","position":2,"name":"Store","item":"https:\/\/iberoid.com\/en\/shop\/"},{"@type":"ListItem","position":3,"name":"FENANDROL\/BALKAN\/10 AMPOLLAS"}]},{"@type":"WebSite","@id":"https:\/\/iberoid-shop.com\/#website","url":"https:\/\/iberoid-shop.com\/","name":"Iberoid - Steroids online","description":"Buy steroids online today in Spain and Portugal. We have the best customer service in the industry and the highest quality products","potentialAction":[{"@type":"SearchAction","target":{"@type":"EntryPoint","urlTemplate":"https:\/\/iberoid-shop.com\/?s={search_term_string}"},"query-input":{"@type":"PropertyValueSpecification","valueRequired":true,"valueName":"search_term_string"}}],"inLanguage":"en-US"}]},"product_brand":"Balkan Pharmaceuticals","product_price_amount":"50.00","product_price_currency":"EUR","og_availability":"out of stock","product_availability":"out of stock","product_condition":"new"},"_links":{"self":[{"href":"https:\/\/iberoid.com\/en\/wp-json\/wp\/v2\/product\/3000","targetHints":{"allow":["GET"]}}],"collection":[{"href":"https:\/\/iberoid.com\/en\/wp-json\/wp\/v2\/product"}],"about":[{"href":"https:\/\/iberoid.com\/en\/wp-json\/wp\/v2\/types\/product"}],"replies":[{"embeddable":true,"href":"https:\/\/iberoid.com\/en\/wp-json\/wp\/v2\/comments?post=3000"}],"wp:featuredmedia":[{"embeddable":true,"href":"https:\/\/iberoid.com\/en\/wp-json\/wp\/v2\/media\/3002"}],"wp:attachment":[{"href":"https:\/\/iberoid.com\/en\/wp-json\/wp\/v2\/media?parent=3000"}],"wp:term":[{"taxonomy":"product_brand","embeddable":true,"href":"https:\/\/iberoid.com\/en\/wp-json\/wp\/v2\/product_brand?post=3000"},{"taxonomy":"product_cat","embeddable":true,"href":"https:\/\/iberoid.com\/en\/wp-json\/wp\/v2\/product_cat?post=3000"},{"taxonomy":"product_tag","embeddable":true,"href":"https:\/\/iberoid.com\/en\/wp-json\/wp\/v2\/product_tag?post=3000"}],"curies":[{"name":"wp","href":"https:\/\/api.w.org\/{rel}","templated":true}]}}