{"id":3080,"date":"2019-11-20T20:49:22","date_gmt":"2019-11-20T20:49:22","guid":{"rendered":"https:\/\/iberoid.com\/?post_type=product&#038;p=3080"},"modified":"2026-04-08T15:52:28","modified_gmt":"2026-04-08T15:52:28","slug":"testoged-c","status":"publish","type":"product","link":"https:\/\/iberoid.com\/en\/product\/testoged-c\/","title":{"rendered":"Testoged C\/testosterone cypionate\/EPF"},"content":{"rendered":"<p>Chipped Testosterone is an anabolic steroid for injection in the form of an oily solution designed to release slow testosterone. It has a lasting effect of 1-2 weeks. The maximum concentration of testosterone in the blood will be reached 24-48 hours after the injection and then slowly released.<\/p>\n<p>Medical treatment is administered every 2-3 days, but the best effects are obtained when administered every 10 days. Medical Cyprus testosterone is the best solution to treat low testosterone levels. Athletes and bodybuilders use doses far beyond the therapeutic to increase their muscle mass and strength, but also to have better performance in speed.<\/p>\n<p>Testosterone helps in protein synthesis, that is, in anabolism. Increases the number of red blood cells, which increases muscular endurance and helps recovery of physical effort. Testosterone will also increase IgF 1 level. It is a steroid for mass accumulation, but also for definition, the difference is made weekly, diet and if combined with other steroids.<\/p>\n<p>It retains water in the body but will disappear after the end of the cilia. For best results, a high protein diet and a more efficient and complex workout should be maintained. If you experience pain in the nipple area during the testosterone cycle, 10 mg of tamoxifen is required per day.<\/p>\n<p>Testosterone suppresses testosterone production itself, which is why post-cycle therapy using clomid, tamoxifen, and pregnyl. To avoid atrophy of the testicles, pregnyl can also be used during the cycle. The testosterone dose used varies between 500 mg and 1000 mg per week, for a minimum of 8 weeks.<\/p>","protected":false},"excerpt":{"rendered":"<p>Chipped Testosterone is an anabolic steroid for injection in the form of an oily solution designed to release slow testosterone.<\/p>\n","protected":false},"featured_media":3082,"comment_status":"open","ping_status":"closed","template":"","meta":[],"product_brand":[],"product_cat":[69],"product_tag":[],"class_list":{"0":"post-3080","1":"product","2":"type-product","3":"status-publish","4":"has-post-thumbnail","6":"product_cat-esteroides_inyectables","8":"first","9":"instock","10":"sale","11":"shipping-taxable","12":"purchasable","13":"product-type-simple"},"yoast_head":"<!-- This site is optimized with the Yoast SEO Premium plugin v24.4 (Yoast SEO v27.3) - https:\/\/yoast.com\/product\/yoast-seo-premium-wordpress\/ -->\n<title>Testoged C\/testosterone cypionate\/EPF - Iberoid - Steroids online<\/title>\n<meta name=\"description\" content=\"(Espa\u00f1ol) La testosterona astillada es un esteroide anab\u00f3lico para inyecci\u00f3n en forma de una soluci\u00f3n aceitosa dise\u00f1ada para liberar testosterona lenta.\" \/>\n<meta name=\"robots\" content=\"index, follow, max-snippet:-1, max-image-preview:large, max-video-preview:-1\" \/>\n<link rel=\"canonical\" href=\"https:\/\/iberoid.com\/en\/product\/testoged-c\/\" \/>\n<meta property=\"og:locale\" content=\"en_US\" \/>\n<meta property=\"og:type\" content=\"article\" \/>\n<meta property=\"og:title\" content=\"Testoged C\/testosterone cypionate\/EPF\" \/>\n<meta property=\"og:description\" content=\"(Espa\u00f1ol) La testosterona astillada es un esteroide anab\u00f3lico para inyecci\u00f3n en forma de una soluci\u00f3n aceitosa dise\u00f1ada para liberar testosterona lenta.\" \/>\n<meta property=\"og:url\" content=\"https:\/\/iberoid.com\/en\/product\/testoged-c\/\" \/>\n<meta property=\"og:site_name\" content=\"Iberoid - Steroids online\" \/>\n<meta property=\"article:modified_time\" content=\"2026-04-08T15:52:28+00:00\" \/>\n<meta property=\"og:image\" content=\"https:\/\/iberoid.com\/wp-content\/uploads\/2019\/11\/testoged_c.jpg?v=1756397789\" \/>\n\t<meta property=\"og:image:width\" content=\"700\" \/>\n\t<meta property=\"og:image:height\" content=\"700\" \/>\n\t<meta property=\"og:image:type\" content=\"image\/jpeg\" \/>\n<meta name=\"twitter:card\" content=\"summary_large_image\" \/>\n<meta name=\"twitter:label1\" content=\"Price\" \/>\n\t<meta name=\"twitter:data1\" content=\"&euro;30.00\" \/>\n\t<meta name=\"twitter:label2\" content=\"Availability\" \/>\n\t<meta name=\"twitter:data2\" content=\"In stock\" \/>\n<script type=\"application\/ld+json\" class=\"yoast-schema-graph\">{\"@context\":\"https:\\\/\\\/schema.org\",\"@graph\":[{\"@type\":\"WebPage\",\"@id\":\"https:\\\/\\\/iberoid.com\\\/en\\\/product\\\/testoged-c\\\/\",\"url\":\"https:\\\/\\\/iberoid.com\\\/en\\\/product\\\/testoged-c\\\/\",\"name\":\"Testoged C\\\/testosterone cypionate\\\/EPF - Iberoid - Steroids online\",\"isPartOf\":{\"@id\":\"https:\\\/\\\/iberoid-shop.com\\\/#website\"},\"primaryImageOfPage\":{\"@id\":\"https:\\\/\\\/iberoid.com\\\/en\\\/product\\\/testoged-c\\\/#primaryimage\"},\"image\":{\"@id\":\"https:\\\/\\\/iberoid.com\\\/en\\\/product\\\/testoged-c\\\/#primaryimage\"},\"thumbnailUrl\":\"https:\\\/\\\/iberoid.com\\\/wp-content\\\/uploads\\\/2019\\\/11\\\/testoged_c.jpg?v=1756397789\",\"datePublished\":\"2019-11-20T20:49:22+00:00\",\"dateModified\":\"2026-04-08T15:52:28+00:00\",\"description\":\"(Espa\u00f1ol) La testosterona astillada es un esteroide anab\u00f3lico para inyecci\u00f3n en forma de una soluci\u00f3n aceitosa dise\u00f1ada para liberar testosterona lenta.\",\"breadcrumb\":{\"@id\":\"https:\\\/\\\/iberoid.com\\\/en\\\/product\\\/testoged-c\\\/#breadcrumb\"},\"inLanguage\":\"en-US\",\"potentialAction\":[{\"@type\":\"ReadAction\",\"target\":[[\"https:\\\/\\\/iberoid.com\\\/en\\\/product\\\/testoged-c\\\/\"]]}]},{\"@type\":\"ImageObject\",\"inLanguage\":\"en-US\",\"@id\":\"https:\\\/\\\/iberoid.com\\\/en\\\/product\\\/testoged-c\\\/#primaryimage\",\"url\":\"https:\\\/\\\/iberoid.com\\\/wp-content\\\/uploads\\\/2019\\\/11\\\/testoged_c.jpg?v=1756397789\",\"contentUrl\":\"https:\\\/\\\/iberoid.com\\\/wp-content\\\/uploads\\\/2019\\\/11\\\/testoged_c.jpg?v=1756397789\",\"width\":700,\"height\":700},{\"@type\":\"BreadcrumbList\",\"@id\":\"https:\\\/\\\/iberoid.com\\\/en\\\/product\\\/testoged-c\\\/#breadcrumb\",\"itemListElement\":[{\"@type\":\"ListItem\",\"position\":1,\"name\":\"Portada\",\"item\":\"https:\\\/\\\/iberoid.com\\\/en\\\/\"},{\"@type\":\"ListItem\",\"position\":2,\"name\":\"Store\",\"item\":\"https:\\\/\\\/iberoid.com\\\/en\\\/shop\\\/\"},{\"@type\":\"ListItem\",\"position\":3,\"name\":\"Testoged C\\\/testosterone cypionate\\\/EPF\"}]},{\"@type\":\"WebSite\",\"@id\":\"https:\\\/\\\/iberoid-shop.com\\\/#website\",\"url\":\"https:\\\/\\\/iberoid-shop.com\\\/\",\"name\":\"Iberoid - Steroids online\",\"description\":\"Buy steroids online today in Spain and Portugal. We have the best customer service in the industry and the highest quality products\",\"potentialAction\":[{\"@type\":\"SearchAction\",\"target\":{\"@type\":\"EntryPoint\",\"urlTemplate\":\"https:\\\/\\\/iberoid-shop.com\\\/?s={search_term_string}\"},\"query-input\":{\"@type\":\"PropertyValueSpecification\",\"valueRequired\":true,\"valueName\":\"search_term_string\"}}],\"inLanguage\":\"en-US\"}]}<\/script>\n<meta property=\"product:brand\" content=\"Euro Prime Pharmaceuticals (EPF)\" \/>\n<meta property=\"product:price:amount\" content=\"30.00\" \/>\n<meta property=\"product:price:currency\" content=\"EUR\" \/>\n<meta property=\"og:availability\" content=\"instock\" \/>\n<meta property=\"product:availability\" content=\"instock\" \/>\n<meta property=\"product:condition\" content=\"new\" \/>\n<!-- \/ Yoast SEO Premium plugin. -->","yoast_head_json":{"title":"Testoged C\/testosterone cypionate\/EPF - Iberoid - Steroids online","description":"(Espa\u00f1ol) La testosterona astillada es un esteroide anab\u00f3lico para inyecci\u00f3n en forma de una soluci\u00f3n aceitosa dise\u00f1ada para liberar testosterona lenta.","robots":{"index":"index","follow":"follow","max-snippet":"max-snippet:-1","max-image-preview":"max-image-preview:large","max-video-preview":"max-video-preview:-1"},"canonical":"https:\/\/iberoid.com\/en\/product\/testoged-c\/","og_locale":"en_US","og_type":"article","og_title":"Testoged C\/testosterone cypionate\/EPF","og_description":"(Espa\u00f1ol) La testosterona astillada es un esteroide anab\u00f3lico para inyecci\u00f3n en forma de una soluci\u00f3n aceitosa dise\u00f1ada para liberar testosterona lenta.","og_url":"https:\/\/iberoid.com\/en\/product\/testoged-c\/","og_site_name":"Iberoid - Steroids online","article_modified_time":"2026-04-08T15:52:28+00:00","og_image":[{"width":700,"height":700,"url":"https:\/\/iberoid.com\/wp-content\/uploads\/2019\/11\/testoged_c.jpg?v=1756397789","type":"image\/jpeg"}],"twitter_card":"summary_large_image","twitter_misc":{"Price":"&euro;30.00","Availability":"In stock"},"schema":{"@context":"https:\/\/schema.org","@graph":[{"@type":"WebPage","@id":"https:\/\/iberoid.com\/en\/product\/testoged-c\/","url":"https:\/\/iberoid.com\/en\/product\/testoged-c\/","name":"Testoged C\/testosterone cypionate\/EPF - Iberoid - Steroids online","isPartOf":{"@id":"https:\/\/iberoid-shop.com\/#website"},"primaryImageOfPage":{"@id":"https:\/\/iberoid.com\/en\/product\/testoged-c\/#primaryimage"},"image":{"@id":"https:\/\/iberoid.com\/en\/product\/testoged-c\/#primaryimage"},"thumbnailUrl":"https:\/\/iberoid.com\/wp-content\/uploads\/2019\/11\/testoged_c.jpg?v=1756397789","datePublished":"2019-11-20T20:49:22+00:00","dateModified":"2026-04-08T15:52:28+00:00","description":"(Espa\u00f1ol) La testosterona astillada es un esteroide anab\u00f3lico para inyecci\u00f3n en forma de una soluci\u00f3n aceitosa dise\u00f1ada para liberar testosterona lenta.","breadcrumb":{"@id":"https:\/\/iberoid.com\/en\/product\/testoged-c\/#breadcrumb"},"inLanguage":"en-US","potentialAction":[{"@type":"ReadAction","target":[["https:\/\/iberoid.com\/en\/product\/testoged-c\/"]]}]},{"@type":"ImageObject","inLanguage":"en-US","@id":"https:\/\/iberoid.com\/en\/product\/testoged-c\/#primaryimage","url":"https:\/\/iberoid.com\/wp-content\/uploads\/2019\/11\/testoged_c.jpg?v=1756397789","contentUrl":"https:\/\/iberoid.com\/wp-content\/uploads\/2019\/11\/testoged_c.jpg?v=1756397789","width":700,"height":700},{"@type":"BreadcrumbList","@id":"https:\/\/iberoid.com\/en\/product\/testoged-c\/#breadcrumb","itemListElement":[{"@type":"ListItem","position":1,"name":"Portada","item":"https:\/\/iberoid.com\/en\/"},{"@type":"ListItem","position":2,"name":"Store","item":"https:\/\/iberoid.com\/en\/shop\/"},{"@type":"ListItem","position":3,"name":"Testoged C\/testosterone cypionate\/EPF"}]},{"@type":"WebSite","@id":"https:\/\/iberoid-shop.com\/#website","url":"https:\/\/iberoid-shop.com\/","name":"Iberoid - Steroids online","description":"Buy steroids online today in Spain and Portugal. We have the best customer service in the industry and the highest quality products","potentialAction":[{"@type":"SearchAction","target":{"@type":"EntryPoint","urlTemplate":"https:\/\/iberoid-shop.com\/?s={search_term_string}"},"query-input":{"@type":"PropertyValueSpecification","valueRequired":true,"valueName":"search_term_string"}}],"inLanguage":"en-US"}]},"product_brand":"Euro Prime Pharmaceuticals (EPF)","product_price_amount":"30.00","product_price_currency":"EUR","og_availability":"instock","product_availability":"instock","product_condition":"new"},"_links":{"self":[{"href":"https:\/\/iberoid.com\/en\/wp-json\/wp\/v2\/product\/3080","targetHints":{"allow":["GET"]}}],"collection":[{"href":"https:\/\/iberoid.com\/en\/wp-json\/wp\/v2\/product"}],"about":[{"href":"https:\/\/iberoid.com\/en\/wp-json\/wp\/v2\/types\/product"}],"replies":[{"embeddable":true,"href":"https:\/\/iberoid.com\/en\/wp-json\/wp\/v2\/comments?post=3080"}],"wp:featuredmedia":[{"embeddable":true,"href":"https:\/\/iberoid.com\/en\/wp-json\/wp\/v2\/media\/3082"}],"wp:attachment":[{"href":"https:\/\/iberoid.com\/en\/wp-json\/wp\/v2\/media?parent=3080"}],"wp:term":[{"taxonomy":"product_brand","embeddable":true,"href":"https:\/\/iberoid.com\/en\/wp-json\/wp\/v2\/product_brand?post=3080"},{"taxonomy":"product_cat","embeddable":true,"href":"https:\/\/iberoid.com\/en\/wp-json\/wp\/v2\/product_cat?post=3080"},{"taxonomy":"product_tag","embeddable":true,"href":"https:\/\/iberoid.com\/en\/wp-json\/wp\/v2\/product_tag?post=3080"}],"curies":[{"name":"wp","href":"https:\/\/api.w.org\/{rel}","templated":true}]}}