{"id":5224,"date":"2020-07-05T12:08:12","date_gmt":"2020-07-05T12:08:12","guid":{"rendered":"https:\/\/iberoid.com\/?post_type=product&#038;p=5224"},"modified":"2026-04-10T07:37:45","modified_gmt":"2026-04-10T07:37:45","slug":"nandrobol-phenyl","status":"publish","type":"product","link":"https:\/\/iberoid.com\/en\/product\/nandrobol-phenyl\/","title":{"rendered":"Nandrobol Phenyl &#8211; NANDROLONE FENIL"},"content":{"rendered":"<p>Nandrolone Phenylpropionate amps is a high quality anabolic and androgenic action steroid. Available in liquid injection form in 1ml ampoules with a concentration of 100mg and in a package of 10 ampoules. Products are protected by three levels of protection hence we conclude that the risk of getting to a low-quality fake product is very small. This drug is a remedy for the following diseases: serious injuries, surgery, burns, osteoporosis and many others. Nandrolone phenylpropionate is less popular than decanoate, its ethereal chain is twice as short. In principle, there are practically no fundamental differences between these two pharmacological agents, except for the time of hormone breakdown in the blood. We think that the biggest difference is in reducing the ability of phenylpropionate to accumulate fluid and therefore being more compatible with androgens.<\/p>\n<h2>Effects from taking Nandrolone Phenylpropionate (Phenyl)<\/h2>\n<p>In addition to the properties of rapid increase in muscle mass, the drug has the following positive effects:<\/p>\n<ul>\n<li>The increase in protein synthesis;<\/li>\n<li>Reduction of protein losses by cells;<\/li>\n<li>Improved absorption of amino acids from the small intestine;<\/li>\n<li>Fluid retention in connective tissue;<\/li>\n<li>Increases prolactin Retains calcium in the body. Improves collagen production;<\/li>\n<li>Reducing pain in the ligaments, improving joint mobility;<\/li>\n<li>It also strengthens the immune system.<\/li>\n<\/ul>\n<h2>Instructions for use Nandrolone Phenylpropionate (Phenyl)<\/h2>\n<p>Since this drug is an ether, which briefly affects the body, then you will have to do frequent injections, namely two or three injections per week, it already depends on the dosage. It is recommended to put nandrolone phenylpropionate in a dosage of 200-400mg per week, divided proportionally into several injections, and the duration of the drug is 6-8 weeks. \u0410nd of course we do not forget that nandrolone phenylpropionate is not recommended to use \u201csolo\u201d, the classic assistant in the cycle is testosterone.<\/p>","protected":false},"excerpt":{"rendered":"<p>Nandrolone Phenylpropionate amps is a high quality anabolic and androgenic action steroid. Available in liquid injection form in 1ml ampoules<\/p>\n","protected":false},"featured_media":5225,"comment_status":"open","ping_status":"closed","template":"","meta":[],"product_brand":[],"product_cat":[69],"product_tag":[],"class_list":{"0":"post-5224","1":"product","2":"type-product","3":"status-publish","4":"has-post-thumbnail","6":"product_cat-esteroides_inyectables","8":"first","9":"instock","10":"sale","11":"shipping-taxable","12":"purchasable","13":"product-type-simple"},"yoast_head":"<!-- This site is optimized with the Yoast SEO Premium plugin v24.4 (Yoast SEO v27.3) - https:\/\/yoast.com\/product\/yoast-seo-premium-wordpress\/ -->\n<title>Nandrobol Phenyl - NANDROLONE FENIL - Iberoid - Steroids online<\/title>\n<meta name=\"description\" content=\"Nandrolona Fenilpropionato (tambi\u00e9n conocido como NPP) es muy \u00fatil para los culturistas y atletas que compiten por su capacidad para obtener resultados r\u00e1pidos y su capacidad para liberarse r\u00e1pidamente del sistema sangu\u00edneo. Sus propiedades son id\u00e9nticas a Deca Durabolin aparte de la tasa de liberaci\u00f3n hormonal. NPP es un constructor de m\u00fasculo magro s\u00faper eficiente, aunque tambi\u00e9n es apreciado por sus beneficios terap\u00e9uticos.\" \/>\n<meta name=\"robots\" content=\"index, follow, max-snippet:-1, max-image-preview:large, max-video-preview:-1\" \/>\n<link rel=\"canonical\" href=\"https:\/\/iberoid.com\/en\/product\/nandrobol-phenyl\/\" \/>\n<meta property=\"og:locale\" content=\"en_US\" \/>\n<meta property=\"og:type\" content=\"article\" \/>\n<meta property=\"og:title\" content=\"Nandrobol Phenyl - NANDROLONE FENIL\" \/>\n<meta property=\"og:description\" content=\"Nandrolona Fenilpropionato (tambi\u00e9n conocido como NPP) es muy \u00fatil para los culturistas y atletas que compiten por su capacidad para obtener resultados r\u00e1pidos y su capacidad para liberarse r\u00e1pidamente del sistema sangu\u00edneo. Sus propiedades son id\u00e9nticas a Deca Durabolin aparte de la tasa de liberaci\u00f3n hormonal. NPP es un constructor de m\u00fasculo magro s\u00faper eficiente, aunque tambi\u00e9n es apreciado por sus beneficios terap\u00e9uticos.\" \/>\n<meta property=\"og:url\" content=\"https:\/\/iberoid.com\/en\/product\/nandrobol-phenyl\/\" \/>\n<meta property=\"og:site_name\" content=\"Iberoid - Steroids online\" \/>\n<meta property=\"article:modified_time\" content=\"2026-04-10T07:37:45+00:00\" \/>\n<meta property=\"og:image\" content=\"https:\/\/iberoid.com\/wp-content\/uploads\/2020\/07\/NANDROBOL-PHENYL-copia-2-scaled.jpg?v=1678120107\" \/>\n\t<meta property=\"og:image:width\" content=\"1758\" \/>\n\t<meta property=\"og:image:height\" content=\"2560\" \/>\n\t<meta property=\"og:image:type\" content=\"image\/jpeg\" \/>\n<meta name=\"twitter:card\" content=\"summary_large_image\" \/>\n<meta name=\"twitter:label1\" content=\"Price\" \/>\n\t<meta name=\"twitter:data1\" content=\"&euro;20.00\" \/>\n\t<meta name=\"twitter:label2\" content=\"Availability\" \/>\n\t<meta name=\"twitter:data2\" content=\"In stock\" \/>\n<script type=\"application\/ld+json\" class=\"yoast-schema-graph\">{\"@context\":\"https:\\\/\\\/schema.org\",\"@graph\":[{\"@type\":\"WebPage\",\"@id\":\"https:\\\/\\\/iberoid.com\\\/en\\\/product\\\/nandrobol-phenyl\\\/\",\"url\":\"https:\\\/\\\/iberoid.com\\\/en\\\/product\\\/nandrobol-phenyl\\\/\",\"name\":\"Nandrobol Phenyl - NANDROLONE FENIL - Iberoid - Steroids online\",\"isPartOf\":{\"@id\":\"https:\\\/\\\/iberoid.com\\\/en\\\/#website\"},\"primaryImageOfPage\":{\"@id\":\"https:\\\/\\\/iberoid.com\\\/en\\\/product\\\/nandrobol-phenyl\\\/#primaryimage\"},\"image\":{\"@id\":\"https:\\\/\\\/iberoid.com\\\/product\\\/nandrobol-phenyl\\\/#primaryimage\"},\"thumbnailUrl\":\"https:\\\/\\\/iberoid.com\\\/wp-content\\\/uploads\\\/2020\\\/07\\\/NANDROBOL-PHENYL-copia-2-scaled.jpg?v=1678120107\",\"datePublished\":\"2020-07-05T12:08:12+00:00\",\"dateModified\":\"2026-04-10T07:37:45+00:00\",\"description\":\"Nandrolona Fenilpropionato (tambi\u00e9n conocido como NPP) es muy \u00fatil para los culturistas y atletas que compiten por su capacidad para obtener resultados r\u00e1pidos y su capacidad para liberarse r\u00e1pidamente del sistema sangu\u00edneo. Sus propiedades son id\u00e9nticas a Deca Durabolin aparte de la tasa de liberaci\u00f3n hormonal. NPP es un constructor de m\u00fasculo magro s\u00faper eficiente, aunque tambi\u00e9n es apreciado por sus beneficios terap\u00e9uticos.\",\"breadcrumb\":{\"@id\":\"https:\\\/\\\/iberoid.com\\\/en\\\/product\\\/nandrobol-phenyl\\\/#breadcrumb\"},\"inLanguage\":\"en-US\",\"potentialAction\":[{\"@type\":\"ReadAction\",\"target\":[[\"https:\\\/\\\/iberoid.com\\\/en\\\/product\\\/nandrobol-phenyl\\\/\"]]}]},{\"@type\":\"ImageObject\",\"inLanguage\":\"en-US\",\"@id\":\"https:\\\/\\\/iberoid.com\\\/en\\\/product\\\/nandrobol-phenyl\\\/#primaryimage\",\"url\":\"https:\\\/\\\/iberoid.com\\\/wp-content\\\/uploads\\\/2020\\\/07\\\/NANDROBOL-PHENYL-copia-2-scaled.jpg?v=1678120107\",\"contentUrl\":\"https:\\\/\\\/iberoid.com\\\/wp-content\\\/uploads\\\/2020\\\/07\\\/NANDROBOL-PHENYL-copia-2-scaled.jpg?v=1678120107\",\"width\":1758,\"height\":2560},{\"@type\":\"BreadcrumbList\",\"@id\":\"https:\\\/\\\/iberoid.com\\\/en\\\/product\\\/nandrobol-phenyl\\\/#breadcrumb\",\"itemListElement\":[{\"@type\":\"ListItem\",\"position\":1,\"name\":\"Portada\",\"item\":\"https:\\\/\\\/iberoid.com\\\/en\\\/\"},{\"@type\":\"ListItem\",\"position\":2,\"name\":\"Store\",\"item\":\"https:\\\/\\\/iberoid.com\\\/en\\\/shop\\\/\"},{\"@type\":\"ListItem\",\"position\":3,\"name\":\"NANDROBOL Phenyl \\\/nandrolon fenilpropionato\\\/PHARMABOL\"}]},{\"@type\":\"WebSite\",\"@id\":\"https:\\\/\\\/iberoid.com\\\/en\\\/#website\",\"url\":\"https:\\\/\\\/iberoid.com\\\/en\\\/\",\"name\":\"Iberoid - Steroids online\",\"description\":\"Buy steroids online today in Spain and Portugal. We have the best customer service in the industry and the highest quality products\",\"potentialAction\":[{\"@type\":\"SearchAction\",\"target\":{\"@type\":\"EntryPoint\",\"urlTemplate\":\"https:\\\/\\\/iberoid.com\\\/en\\\/?s={search_term_string}\"},\"query-input\":{\"@type\":\"PropertyValueSpecification\",\"valueRequired\":true,\"valueName\":\"search_term_string\"}}],\"inLanguage\":\"en-US\"}]}<\/script>\n<meta property=\"product:brand\" content=\"Pharmabol\" \/>\n<meta property=\"product:price:amount\" content=\"20.00\" \/>\n<meta property=\"product:price:currency\" content=\"EUR\" \/>\n<meta property=\"og:availability\" content=\"instock\" \/>\n<meta property=\"product:availability\" content=\"instock\" \/>\n<meta property=\"product:condition\" content=\"new\" \/>\n<!-- \/ Yoast SEO Premium plugin. -->","yoast_head_json":{"title":"Nandrobol Phenyl - NANDROLONE FENIL - Iberoid - Steroids online","description":"Nandrolona Fenilpropionato (tambi\u00e9n conocido como NPP) es muy \u00fatil para los culturistas y atletas que compiten por su capacidad para obtener resultados r\u00e1pidos y su capacidad para liberarse r\u00e1pidamente del sistema sangu\u00edneo. Sus propiedades son id\u00e9nticas a Deca Durabolin aparte de la tasa de liberaci\u00f3n hormonal. NPP es un constructor de m\u00fasculo magro s\u00faper eficiente, aunque tambi\u00e9n es apreciado por sus beneficios terap\u00e9uticos.","robots":{"index":"index","follow":"follow","max-snippet":"max-snippet:-1","max-image-preview":"max-image-preview:large","max-video-preview":"max-video-preview:-1"},"canonical":"https:\/\/iberoid.com\/en\/product\/nandrobol-phenyl\/","og_locale":"en_US","og_type":"article","og_title":"Nandrobol Phenyl - NANDROLONE FENIL","og_description":"Nandrolona Fenilpropionato (tambi\u00e9n conocido como NPP) es muy \u00fatil para los culturistas y atletas que compiten por su capacidad para obtener resultados r\u00e1pidos y su capacidad para liberarse r\u00e1pidamente del sistema sangu\u00edneo. Sus propiedades son id\u00e9nticas a Deca Durabolin aparte de la tasa de liberaci\u00f3n hormonal. NPP es un constructor de m\u00fasculo magro s\u00faper eficiente, aunque tambi\u00e9n es apreciado por sus beneficios terap\u00e9uticos.","og_url":"https:\/\/iberoid.com\/en\/product\/nandrobol-phenyl\/","og_site_name":"Iberoid - Steroids online","article_modified_time":"2026-04-10T07:37:45+00:00","og_image":[{"width":1758,"height":2560,"url":"https:\/\/iberoid.com\/wp-content\/uploads\/2020\/07\/NANDROBOL-PHENYL-copia-2-scaled.jpg?v=1678120107","type":"image\/jpeg"}],"twitter_card":"summary_large_image","twitter_misc":{"Price":"&euro;20.00","Availability":"In stock"},"schema":{"@context":"https:\/\/schema.org","@graph":[{"@type":"WebPage","@id":"https:\/\/iberoid.com\/en\/product\/nandrobol-phenyl\/","url":"https:\/\/iberoid.com\/en\/product\/nandrobol-phenyl\/","name":"Nandrobol Phenyl - NANDROLONE FENIL - Iberoid - Steroids online","isPartOf":{"@id":"https:\/\/iberoid.com\/en\/#website"},"primaryImageOfPage":{"@id":"https:\/\/iberoid.com\/en\/product\/nandrobol-phenyl\/#primaryimage"},"image":{"@id":"https:\/\/iberoid.com\/product\/nandrobol-phenyl\/#primaryimage"},"thumbnailUrl":"https:\/\/iberoid.com\/wp-content\/uploads\/2020\/07\/NANDROBOL-PHENYL-copia-2-scaled.jpg?v=1678120107","datePublished":"2020-07-05T12:08:12+00:00","dateModified":"2026-04-10T07:37:45+00:00","description":"Nandrolona Fenilpropionato (tambi\u00e9n conocido como NPP) es muy \u00fatil para los culturistas y atletas que compiten por su capacidad para obtener resultados r\u00e1pidos y su capacidad para liberarse r\u00e1pidamente del sistema sangu\u00edneo. Sus propiedades son id\u00e9nticas a Deca Durabolin aparte de la tasa de liberaci\u00f3n hormonal. NPP es un constructor de m\u00fasculo magro s\u00faper eficiente, aunque tambi\u00e9n es apreciado por sus beneficios terap\u00e9uticos.","breadcrumb":{"@id":"https:\/\/iberoid.com\/en\/product\/nandrobol-phenyl\/#breadcrumb"},"inLanguage":"en-US","potentialAction":[{"@type":"ReadAction","target":[["https:\/\/iberoid.com\/en\/product\/nandrobol-phenyl\/"]]}]},{"@type":"ImageObject","inLanguage":"en-US","@id":"https:\/\/iberoid.com\/en\/product\/nandrobol-phenyl\/#primaryimage","url":"https:\/\/iberoid.com\/wp-content\/uploads\/2020\/07\/NANDROBOL-PHENYL-copia-2-scaled.jpg?v=1678120107","contentUrl":"https:\/\/iberoid.com\/wp-content\/uploads\/2020\/07\/NANDROBOL-PHENYL-copia-2-scaled.jpg?v=1678120107","width":1758,"height":2560},{"@type":"BreadcrumbList","@id":"https:\/\/iberoid.com\/en\/product\/nandrobol-phenyl\/#breadcrumb","itemListElement":[{"@type":"ListItem","position":1,"name":"Portada","item":"https:\/\/iberoid.com\/en\/"},{"@type":"ListItem","position":2,"name":"Store","item":"https:\/\/iberoid.com\/en\/shop\/"},{"@type":"ListItem","position":3,"name":"NANDROBOL Phenyl \/nandrolon fenilpropionato\/PHARMABOL"}]},{"@type":"WebSite","@id":"https:\/\/iberoid.com\/en\/#website","url":"https:\/\/iberoid.com\/en\/","name":"Iberoid - Steroids online","description":"Buy steroids online today in Spain and Portugal. We have the best customer service in the industry and the highest quality products","potentialAction":[{"@type":"SearchAction","target":{"@type":"EntryPoint","urlTemplate":"https:\/\/iberoid.com\/en\/?s={search_term_string}"},"query-input":{"@type":"PropertyValueSpecification","valueRequired":true,"valueName":"search_term_string"}}],"inLanguage":"en-US"}]},"product_brand":"Pharmabol","product_price_amount":"20.00","product_price_currency":"EUR","og_availability":"instock","product_availability":"instock","product_condition":"new"},"_links":{"self":[{"href":"https:\/\/iberoid.com\/en\/wp-json\/wp\/v2\/product\/5224","targetHints":{"allow":["GET"]}}],"collection":[{"href":"https:\/\/iberoid.com\/en\/wp-json\/wp\/v2\/product"}],"about":[{"href":"https:\/\/iberoid.com\/en\/wp-json\/wp\/v2\/types\/product"}],"replies":[{"embeddable":true,"href":"https:\/\/iberoid.com\/en\/wp-json\/wp\/v2\/comments?post=5224"}],"wp:featuredmedia":[{"embeddable":true,"href":"https:\/\/iberoid.com\/en\/wp-json\/wp\/v2\/media\/5225"}],"wp:attachment":[{"href":"https:\/\/iberoid.com\/en\/wp-json\/wp\/v2\/media?parent=5224"}],"wp:term":[{"taxonomy":"product_brand","embeddable":true,"href":"https:\/\/iberoid.com\/en\/wp-json\/wp\/v2\/product_brand?post=5224"},{"taxonomy":"product_cat","embeddable":true,"href":"https:\/\/iberoid.com\/en\/wp-json\/wp\/v2\/product_cat?post=5224"},{"taxonomy":"product_tag","embeddable":true,"href":"https:\/\/iberoid.com\/en\/wp-json\/wp\/v2\/product_tag?post=5224"}],"curies":[{"name":"wp","href":"https:\/\/api.w.org\/{rel}","templated":true}]}}