{"id":10023,"date":"2025-04-15T18:25:42","date_gmt":"2025-04-15T18:25:42","guid":{"rendered":"https:\/\/iberoid.com\/?post_type=product&#038;p=10023"},"modified":"2025-07-13T17:34:23","modified_gmt":"2025-07-13T17:34:23","slug":"danabol-100-tabs-10mg","status":"publish","type":"product","link":"https:\/\/iberoid.com\/fr\/product\/danabol-100-tabs-10mg\/","title":{"rendered":"DANABOL &#8211; 100 tabs \/ 10mg"},"content":{"rendered":"<p>Danabol 10 contient 10 mg de 17\u03b2-hydroxy-17\u03b1-m\u00e9thylanhydrosta-1,4-di\u00e8ne-3-one.<\/p>\n<p>Chaque comprim\u00e9 contient de la m\u00e9thandi\u00e9none comme principe actif. La bo\u00eete de Danabol 10 contient 100 comprim\u00e9s.<br \/>\nLa m\u00e9thandi\u00e9none est un st\u00e9ro\u00efde anabolisant oral. La m\u00e9thandi\u00e9none est le deuxi\u00e8me st\u00e9ro\u00efde anabolisant jamais produit, apr\u00e8s la testost\u00e9rone. Consid\u00e9r\u00e9e comme la r\u00e9f\u00e9rence en mati\u00e8re de prise de masse et de force, la m\u00e9thandi\u00e9none est tr\u00e8s efficace, seule ou en association avec d&rsquo;autres st\u00e9ro\u00efdes, pour d\u00e9marrer un cycle de musculation.<\/p>","protected":false},"excerpt":{"rendered":"<p>Danabol 10 contient 10 mg de 17\u03b2-hydroxy-17\u03b1-m\u00e9thylanhydrosta-1,4-di\u00e8ne-3-one. Chaque comprim\u00e9 contient de la m\u00e9thandi\u00e9none comme principe actif. La bo\u00eete de Danabol<\/p>\n","protected":false},"featured_media":10024,"comment_status":"open","ping_status":"closed","template":"","meta":[],"product_brand":[],"product_cat":[73],"product_tag":[],"class_list":{"0":"post-10023","1":"product","2":"type-product","3":"status-publish","4":"has-post-thumbnail","6":"product_cat-ssteroides_orales","8":"first","9":"outofstock","10":"shipping-taxable","11":"purchasable","12":"product-type-simple"},"yoast_head":"<!-- This site is optimized with the Yoast SEO Premium plugin v24.4 (Yoast SEO v27.0) - https:\/\/yoast.com\/product\/yoast-seo-premium-wordpress\/ -->\n<title>DANABOL - 100 tabs \/ 10mg - (Espa\u00f1ol) Esteroides en l\u00ednea<\/title>\n<meta name=\"description\" content=\"Danabol 10 : 10mg de M\u00e9tandi\u00e9none (st\u00e9ro\u00efde anabolisant oral) par comprim\u00e9. 100 comprim\u00e9s. Puissant pour la masse et la force, utilis\u00e9 seul ou combin\u00e9.\" \/>\n<meta name=\"robots\" content=\"index, follow, max-snippet:-1, max-image-preview:large, max-video-preview:-1\" \/>\n<link rel=\"canonical\" href=\"https:\/\/iberoid.com\/fr\/product\/danabol-100-tabs-10mg\/\" \/>\n<meta property=\"og:locale\" content=\"fr_FR\" \/>\n<meta property=\"og:type\" content=\"article\" \/>\n<meta property=\"og:title\" content=\"DANABOL - 100 tabs \/ 10mg\" \/>\n<meta property=\"og:description\" content=\"Danabol 10 : 10mg de M\u00e9tandi\u00e9none (st\u00e9ro\u00efde anabolisant oral) par comprim\u00e9. 100 comprim\u00e9s. Puissant pour la masse et la force, utilis\u00e9 seul ou combin\u00e9.\" \/>\n<meta property=\"og:url\" content=\"https:\/\/iberoid.com\/fr\/product\/danabol-100-tabs-10mg\/\" \/>\n<meta property=\"og:site_name\" content=\"(Espa\u00f1ol) Esteroides en l\u00ednea\" \/>\n<meta property=\"article:modified_time\" content=\"2025-07-13T17:34:23+00:00\" \/>\n<meta property=\"og:image\" content=\"https:\/\/iberoid.com\/wp-content\/uploads\/2025\/04\/dana.jpg?v=1744741490\" \/>\n\t<meta property=\"og:image:width\" content=\"1024\" \/>\n\t<meta property=\"og:image:height\" content=\"1024\" \/>\n\t<meta property=\"og:image:type\" content=\"image\/jpeg\" \/>\n<meta name=\"twitter:card\" content=\"summary_large_image\" \/>\n<meta name=\"twitter:label1\" content=\"Prix\" \/>\n\t<meta name=\"twitter:data1\" content=\"&euro;25.00\" \/>\n\t<meta name=\"twitter:label2\" content=\"Disponibilit\u00e9\" \/>\n\t<meta name=\"twitter:data2\" content=\"Rupture de stock\" \/>\n<script type=\"application\/ld+json\" class=\"yoast-schema-graph\">{\"@context\":\"https:\/\/schema.org\",\"@graph\":[{\"@type\":\"WebPage\",\"@id\":\"https:\/\/iberoid.com\/fr\/product\/danabol-100-tabs-10mg\/\",\"url\":\"https:\/\/iberoid.com\/fr\/product\/danabol-100-tabs-10mg\/\",\"name\":\"DANABOL - 100 tabs \/ 10mg - (Espa\u00f1ol) Esteroides en l\u00ednea\",\"isPartOf\":{\"@id\":\"https:\/\/iberoid-shop.com\/#website\"},\"primaryImageOfPage\":{\"@id\":\"https:\/\/iberoid.com\/fr\/product\/danabol-100-tabs-10mg\/#primaryimage\"},\"image\":{\"@id\":\"https:\/\/iberoid.com\/fr\/product\/danabol-100-tabs-10mg\/#primaryimage\"},\"thumbnailUrl\":\"https:\/\/iberoid.com\/wp-content\/uploads\/2025\/04\/dana.jpg?v=1744741490\",\"datePublished\":\"2025-04-15T18:25:42+00:00\",\"dateModified\":\"2025-07-13T17:34:23+00:00\",\"description\":\"Danabol 10 : 10mg de M\u00e9tandi\u00e9none (st\u00e9ro\u00efde anabolisant oral) par comprim\u00e9. 100 comprim\u00e9s. Puissant pour la masse et la force, utilis\u00e9 seul ou combin\u00e9.\",\"breadcrumb\":{\"@id\":\"https:\/\/iberoid.com\/fr\/product\/danabol-100-tabs-10mg\/#breadcrumb\"},\"inLanguage\":\"fr-FR\",\"potentialAction\":[{\"@type\":\"ReadAction\",\"target\":[[\"https:\/\/iberoid.com\/fr\/product\/danabol-100-tabs-10mg\/\"]]}]},{\"@type\":\"ImageObject\",\"inLanguage\":\"fr-FR\",\"@id\":\"https:\/\/iberoid.com\/fr\/product\/danabol-100-tabs-10mg\/#primaryimage\",\"url\":\"https:\/\/iberoid.com\/wp-content\/uploads\/2025\/04\/dana.jpg?v=1744741490\",\"contentUrl\":\"https:\/\/iberoid.com\/wp-content\/uploads\/2025\/04\/dana.jpg?v=1744741490\",\"width\":1024,\"height\":1024},{\"@type\":\"BreadcrumbList\",\"@id\":\"https:\/\/iberoid.com\/fr\/product\/danabol-100-tabs-10mg\/#breadcrumb\",\"itemListElement\":[{\"@type\":\"ListItem\",\"position\":1,\"name\":\"Portada\",\"item\":\"https:\/\/iberoid.com\/fr\/\"},{\"@type\":\"ListItem\",\"position\":2,\"name\":\"Magasin\",\"item\":\"https:\/\/iberoid.com\/fr\/shop\/\"},{\"@type\":\"ListItem\",\"position\":3,\"name\":\"DANABOL &#8211; 100 tabs \/ 10mg\"}]},{\"@type\":\"WebSite\",\"@id\":\"https:\/\/iberoid-shop.com\/#website\",\"url\":\"https:\/\/iberoid-shop.com\/\",\"name\":\"(Espa\u00f1ol) Esteroides en l\u00ednea\",\"description\":\"(Espa\u00f1ol) Comprar esteroides en l\u00ednea hoy en Espa\u00f1a y Portugal. Tenemos el mejor servicio al cliente en la industria y los productos de la m\u00e1s alta calidad\",\"potentialAction\":[{\"@type\":\"SearchAction\",\"target\":{\"@type\":\"EntryPoint\",\"urlTemplate\":\"https:\/\/iberoid-shop.com\/?s={search_term_string}\"},\"query-input\":{\"@type\":\"PropertyValueSpecification\",\"valueRequired\":true,\"valueName\":\"search_term_string\"}}],\"inLanguage\":\"fr-FR\"}]}<\/script>\n<meta property=\"product:brand\" content=\"Omega Meds\" \/>\n<meta property=\"product:price:amount\" content=\"25.00\" \/>\n<meta property=\"product:price:currency\" content=\"EUR\" \/>\n<meta property=\"og:availability\" content=\"out of stock\" \/>\n<meta property=\"product:availability\" content=\"out of stock\" \/>\n<meta property=\"product:condition\" content=\"new\" \/>\n<!-- \/ Yoast SEO Premium plugin. -->","yoast_head_json":{"title":"DANABOL - 100 tabs \/ 10mg - (Espa\u00f1ol) Esteroides en l\u00ednea","description":"Danabol 10 : 10mg de M\u00e9tandi\u00e9none (st\u00e9ro\u00efde anabolisant oral) par comprim\u00e9. 100 comprim\u00e9s. Puissant pour la masse et la force, utilis\u00e9 seul ou combin\u00e9.","robots":{"index":"index","follow":"follow","max-snippet":"max-snippet:-1","max-image-preview":"max-image-preview:large","max-video-preview":"max-video-preview:-1"},"canonical":"https:\/\/iberoid.com\/fr\/product\/danabol-100-tabs-10mg\/","og_locale":"fr_FR","og_type":"article","og_title":"DANABOL - 100 tabs \/ 10mg","og_description":"Danabol 10 : 10mg de M\u00e9tandi\u00e9none (st\u00e9ro\u00efde anabolisant oral) par comprim\u00e9. 100 comprim\u00e9s. Puissant pour la masse et la force, utilis\u00e9 seul ou combin\u00e9.","og_url":"https:\/\/iberoid.com\/fr\/product\/danabol-100-tabs-10mg\/","og_site_name":"(Espa\u00f1ol) Esteroides en l\u00ednea","article_modified_time":"2025-07-13T17:34:23+00:00","og_image":[{"width":1024,"height":1024,"url":"https:\/\/iberoid.com\/wp-content\/uploads\/2025\/04\/dana.jpg?v=1744741490","type":"image\/jpeg"}],"twitter_card":"summary_large_image","twitter_misc":{"Prix":"&euro;25.00","Disponibilit\u00e9":"Rupture de stock"},"schema":{"@context":"https:\/\/schema.org","@graph":[{"@type":"WebPage","@id":"https:\/\/iberoid.com\/fr\/product\/danabol-100-tabs-10mg\/","url":"https:\/\/iberoid.com\/fr\/product\/danabol-100-tabs-10mg\/","name":"DANABOL - 100 tabs \/ 10mg - (Espa\u00f1ol) Esteroides en l\u00ednea","isPartOf":{"@id":"https:\/\/iberoid-shop.com\/#website"},"primaryImageOfPage":{"@id":"https:\/\/iberoid.com\/fr\/product\/danabol-100-tabs-10mg\/#primaryimage"},"image":{"@id":"https:\/\/iberoid.com\/fr\/product\/danabol-100-tabs-10mg\/#primaryimage"},"thumbnailUrl":"https:\/\/iberoid.com\/wp-content\/uploads\/2025\/04\/dana.jpg?v=1744741490","datePublished":"2025-04-15T18:25:42+00:00","dateModified":"2025-07-13T17:34:23+00:00","description":"Danabol 10 : 10mg de M\u00e9tandi\u00e9none (st\u00e9ro\u00efde anabolisant oral) par comprim\u00e9. 100 comprim\u00e9s. Puissant pour la masse et la force, utilis\u00e9 seul ou combin\u00e9.","breadcrumb":{"@id":"https:\/\/iberoid.com\/fr\/product\/danabol-100-tabs-10mg\/#breadcrumb"},"inLanguage":"fr-FR","potentialAction":[{"@type":"ReadAction","target":[["https:\/\/iberoid.com\/fr\/product\/danabol-100-tabs-10mg\/"]]}]},{"@type":"ImageObject","inLanguage":"fr-FR","@id":"https:\/\/iberoid.com\/fr\/product\/danabol-100-tabs-10mg\/#primaryimage","url":"https:\/\/iberoid.com\/wp-content\/uploads\/2025\/04\/dana.jpg?v=1744741490","contentUrl":"https:\/\/iberoid.com\/wp-content\/uploads\/2025\/04\/dana.jpg?v=1744741490","width":1024,"height":1024},{"@type":"BreadcrumbList","@id":"https:\/\/iberoid.com\/fr\/product\/danabol-100-tabs-10mg\/#breadcrumb","itemListElement":[{"@type":"ListItem","position":1,"name":"Portada","item":"https:\/\/iberoid.com\/fr\/"},{"@type":"ListItem","position":2,"name":"Magasin","item":"https:\/\/iberoid.com\/fr\/shop\/"},{"@type":"ListItem","position":3,"name":"DANABOL &#8211; 100 tabs \/ 10mg"}]},{"@type":"WebSite","@id":"https:\/\/iberoid-shop.com\/#website","url":"https:\/\/iberoid-shop.com\/","name":"(Espa\u00f1ol) Esteroides en l\u00ednea","description":"(Espa\u00f1ol) Comprar esteroides en l\u00ednea hoy en Espa\u00f1a y Portugal. Tenemos el mejor servicio al cliente en la industria y los productos de la m\u00e1s alta calidad","potentialAction":[{"@type":"SearchAction","target":{"@type":"EntryPoint","urlTemplate":"https:\/\/iberoid-shop.com\/?s={search_term_string}"},"query-input":{"@type":"PropertyValueSpecification","valueRequired":true,"valueName":"search_term_string"}}],"inLanguage":"fr-FR"}]},"product_brand":"Omega Meds","product_price_amount":"25.00","product_price_currency":"EUR","og_availability":"out of stock","product_availability":"out of stock","product_condition":"new"},"_links":{"self":[{"href":"https:\/\/iberoid.com\/fr\/wp-json\/wp\/v2\/product\/10023","targetHints":{"allow":["GET"]}}],"collection":[{"href":"https:\/\/iberoid.com\/fr\/wp-json\/wp\/v2\/product"}],"about":[{"href":"https:\/\/iberoid.com\/fr\/wp-json\/wp\/v2\/types\/product"}],"replies":[{"embeddable":true,"href":"https:\/\/iberoid.com\/fr\/wp-json\/wp\/v2\/comments?post=10023"}],"wp:featuredmedia":[{"embeddable":true,"href":"https:\/\/iberoid.com\/fr\/wp-json\/wp\/v2\/media\/10024"}],"wp:attachment":[{"href":"https:\/\/iberoid.com\/fr\/wp-json\/wp\/v2\/media?parent=10023"}],"wp:term":[{"taxonomy":"product_brand","embeddable":true,"href":"https:\/\/iberoid.com\/fr\/wp-json\/wp\/v2\/product_brand?post=10023"},{"taxonomy":"product_cat","embeddable":true,"href":"https:\/\/iberoid.com\/fr\/wp-json\/wp\/v2\/product_cat?post=10023"},{"taxonomy":"product_tag","embeddable":true,"href":"https:\/\/iberoid.com\/fr\/wp-json\/wp\/v2\/product_tag?post=10023"}],"curies":[{"name":"wp","href":"https:\/\/api.w.org\/{rel}","templated":true}]}}