{"id":10037,"date":"2025-04-26T07:12:16","date_gmt":"2025-04-26T07:12:16","guid":{"rendered":"https:\/\/iberoid.com\/?post_type=product&#038;p=10037"},"modified":"2026-03-29T15:56:07","modified_gmt":"2026-03-29T15:56:07","slug":"pack10proviron","status":"publish","type":"product","link":"https:\/\/iberoid.com\/fr\/product\/pack10proviron\/","title":{"rendered":"10 PACK PROVIRON &#8211; Mesterolon 25mg"},"content":{"rendered":"<p><\/p>\n<p class=\"\" data-start=\"0\" data-end=\"281\">Le Proviron est un m\u00e9dicament synth\u00e9tique \u00e0 base d&rsquo;\u0153strog\u00e8nes tr\u00e8s populaire parmi les bodybuilders et tous les autres athl\u00e8tes qui utilisent des st\u00e9ro\u00efdes anabolisants. Le Proviron est g\u00e9n\u00e9ralement produit sous forme de comprim\u00e9s et est \u00e9galement connu sous le nom de Mesterolone.<\/p>\n<p class=\"\" data-start=\"283\" data-end=\"349\"><strong data-start=\"283\" data-end=\"349\">Action et r\u00e9sultats lors de la prise de Proviron \/ Mesterolone<\/strong><\/p>\n<p class=\"\" data-start=\"351\" data-end=\"833\">Le principe actif du Proviron est le Mesterolone. Ce m\u00e9dicament hormonal a une faible activit\u00e9 androg\u00e9nique et am\u00e9liore consid\u00e9rablement les fonctions \u00e9rectiles du corps. Tr\u00e8s souvent, ce m\u00e9dicament est utilis\u00e9 pendant un cycle de st\u00e9ro\u00efdes anabolisants et pendant un certain temps apr\u00e8s. Le Mesterolone est l&rsquo;un des anti-estrog\u00e8nes les plus populaires utilis\u00e9s pour sortir d&rsquo;un cycle de st\u00e9ro\u00efdes. Le Proviron soutient la libido et aide en cas de probl\u00e8mes de dysfonction \u00e9rectile.<\/p>\n<p class=\"\" data-start=\"835\" data-end=\"883\"><strong data-start=\"835\" data-end=\"883\">Effets de la prise de Proviron \/ Mesterolone<\/strong><\/p>\n<p class=\"\" data-start=\"885\" data-end=\"1596\">L&rsquo;objectif principal de l&rsquo;utilisation du Proviron est dans le domaine sportif : r\u00e9duire le risque d&rsquo;effets secondaires ind\u00e9sirables lors de la prise de st\u00e9ro\u00efdes anabolisants. Ce m\u00e9dicament ne conduit pas \u00e0 une augmentation directe de la production de testost\u00e9rone dans le corps, mais en m\u00eame temps, le Proviron \u00e9limine compl\u00e8tement les troubles li\u00e9s \u00e0 un manque de testost\u00e9rone, ou r\u00e9duit les effets secondaires au minimum. Ces effets sont caus\u00e9s par la prise de st\u00e9ro\u00efdes anabolisants, qui r\u00e9duisent la qualit\u00e9 du sperme, diminuent son volume et peuvent entra\u00eener une infertilit\u00e9 ou une dysfonction \u00e9rectile. Cependant, l&rsquo;utilisation de Proviron pendant ou apr\u00e8s le cycle renforcera la puissance et la libido.<\/p>\n<p class=\"\" data-start=\"1598\" data-end=\"1648\"><strong data-start=\"1598\" data-end=\"1648\">Comment fonctionne le Proviron \/ Mesterolone ?<\/strong><\/p>\n<p class=\"\" data-start=\"1650\" data-end=\"1753\">Le Mesterolone augmente la concentration de testost\u00e9rone libre dans le corps, en bloquant la globuline.<\/p>\n<p class=\"\" data-start=\"1755\" data-end=\"1790\"><strong data-start=\"1755\" data-end=\"1790\">Prise de Proviron \/ Mesterolone<\/strong><\/p>\n<p class=\"\" data-start=\"1792\" data-end=\"1973\">La posologie populaire du Proviron \/ Mesterolone parmi les athl\u00e8tes est la suivante : Proviron \u00e0 une dose de 25 mg &#8211; un comprim\u00e9 ou 50 mg par jour (25 mg le matin et 25 mg le soir).<\/p>\n<p class=\"\" data-start=\"1975\" data-end=\"2023\"><strong data-start=\"1975\" data-end=\"2023\">Effets secondaires du Proviron (Mesterolone)<\/strong><\/p>\n<p class=\"\" data-start=\"2025\" data-end=\"2593\">Comme pour tout m\u00e9dicament, cet anti-estrog\u00e8ne pr\u00e9sente certains effets secondaires. Heureusement, selon les avis des athl\u00e8tes, les effets secondaires sont rares. Certains de ces effets secondaires incluent la peau grasse, des pouss\u00e9es d&rsquo;acn\u00e9, une croissance excessive des poils ou la calvitie. Il n&rsquo;est pas recommand\u00e9 que les femmes prennent du Mesterolone, car les effets secondaires incluent des changements de voix (devenant plus \u00ab masculine \u00bb), une croissance excessive des poils (y compris sur le visage), des probl\u00e8mes menstruels et des difficult\u00e9s \u00e0 concevoir.<\/p>\n<p class=\"\" data-start=\"2595\" data-end=\"2648\"><strong data-start=\"2595\" data-end=\"2648\">Avis sur le Proviron (Mesterolone) apr\u00e8s le cycle<\/strong><\/p>\n<p class=\"\" data-start=\"2650\" data-end=\"3178\">Si vous regardez attentivement les forums de fitness, vous remarquerez que presque tous les cycles de st\u00e9ro\u00efdes anabolisants pour les bodybuilders et les athl\u00e8tes avanc\u00e9s se terminent par du Proviron (Mesterolone). Ce n&rsquo;est pas par hasard, car le Proviron (Mesterolone) parvient effectivement \u00e0 r\u00e9tablir l&rsquo;\u00e9quilibre du corps apr\u00e8s un cycle, tout en renfor\u00e7ant \u00e0 nouveau la libido. Tr\u00e8s souvent, le Proviron (Mesterolone) est combin\u00e9 avec du Clomid. Les avis dans les cercles de fitness sur les effets du Proviron sont tr\u00e8s bons.<\/p>\n<p class=\"\" data-start=\"3180\" data-end=\"3451\">Selon de nombreux avis, l&rsquo;androg\u00e8ne a un grand effet, c&rsquo;est pourquoi il est si recherch\u00e9. Il stimule la spermatogen\u00e8se et aide le corps \u00e0 recommencer \u00e0 produire la quantit\u00e9 n\u00e9cessaire d&rsquo;hormones sexuelles masculines. Le Mesterolone est un stimulant de la puissance id\u00e9al.<\/p>\n<p><\/p>","protected":false},"excerpt":{"rendered":"<p>Le Proviron est un m\u00e9dicament synth\u00e9tique \u00e0 base d&rsquo;\u0153strog\u00e8nes tr\u00e8s populaire parmi les bodybuilders et tous les autres athl\u00e8tes qui<\/p>\n","protected":false},"featured_media":10038,"comment_status":"open","ping_status":"closed","template":"","meta":[],"product_brand":[],"product_cat":[73,3474],"product_tag":[],"class_list":{"0":"post-10037","1":"product","2":"type-product","3":"status-publish","4":"has-post-thumbnail","6":"product_cat-ssteroides_orales","7":"product_cat-packs","9":"first","10":"outofstock","11":"sale","12":"shipping-taxable","13":"purchasable","14":"product-type-simple"},"yoast_head":"<!-- This site is optimized with the Yoast SEO Premium plugin v24.4 (Yoast SEO v27.3) - https:\/\/yoast.com\/product\/yoast-seo-premium-wordpress\/ -->\n<title>10 PACK PROVIRON - Mesterolon 25mg - (Espa\u00f1ol) Esteroides en l\u00ednea<\/title>\n<meta name=\"description\" content=\"Proviron (Mesterolone) est un antiestrog\u00e8ne populaire dans le bodybuilding, utilis\u00e9 pour augmenter la libido, am\u00e9liorer les niveaux de testost\u00e9rone et r\u00e9duire les effets secondaires des st\u00e9ro\u00efdes.\" \/>\n<meta name=\"robots\" content=\"index, follow, max-snippet:-1, max-image-preview:large, max-video-preview:-1\" \/>\n<link rel=\"canonical\" href=\"https:\/\/iberoid.com\/fr\/product\/pack10proviron\/\" \/>\n<meta property=\"og:locale\" content=\"fr_FR\" \/>\n<meta property=\"og:type\" content=\"article\" \/>\n<meta property=\"og:title\" content=\"10 PACK PROVIRON - Mesterolon 25mg\" \/>\n<meta property=\"og:description\" content=\"Proviron (Mesterolone) est un antiestrog\u00e8ne populaire dans le bodybuilding, utilis\u00e9 pour augmenter la libido, am\u00e9liorer les niveaux de testost\u00e9rone et r\u00e9duire les effets secondaires des st\u00e9ro\u00efdes.\" \/>\n<meta property=\"og:url\" content=\"https:\/\/iberoid.com\/fr\/product\/pack10proviron\/\" \/>\n<meta property=\"og:site_name\" content=\"(Espa\u00f1ol) Esteroides en l\u00ednea\" \/>\n<meta property=\"article:modified_time\" content=\"2026-03-29T15:56:07+00:00\" \/>\n<meta property=\"og:image\" content=\"https:\/\/iberoid.com\/wp-content\/uploads\/2025\/04\/10-provi-scaled.jpeg?v=1745650743\" \/>\n\t<meta property=\"og:image:width\" content=\"1618\" \/>\n\t<meta property=\"og:image:height\" content=\"2560\" \/>\n\t<meta property=\"og:image:type\" content=\"image\/jpeg\" \/>\n<meta name=\"twitter:card\" content=\"summary_large_image\" \/>\n<meta name=\"twitter:label1\" content=\"Prix\" \/>\n\t<meta name=\"twitter:data1\" content=\"&euro;100.00\" \/>\n\t<meta name=\"twitter:label2\" content=\"Disponibilit\u00e9\" \/>\n\t<meta name=\"twitter:data2\" content=\"Rupture de stock\" \/>\n<script type=\"application\/ld+json\" class=\"yoast-schema-graph\">{\"@context\":\"https:\\\/\\\/schema.org\",\"@graph\":[{\"@type\":\"WebPage\",\"@id\":\"https:\\\/\\\/iberoid.com\\\/fr\\\/product\\\/pack10proviron\\\/\",\"url\":\"https:\\\/\\\/iberoid.com\\\/fr\\\/product\\\/pack10proviron\\\/\",\"name\":\"10 PACK PROVIRON - Mesterolon 25mg - (Espa\u00f1ol) Esteroides en l\u00ednea\",\"isPartOf\":{\"@id\":\"https:\\\/\\\/iberoid.com\\\/fr\\\/#website\"},\"primaryImageOfPage\":{\"@id\":\"https:\\\/\\\/iberoid.com\\\/fr\\\/product\\\/pack10proviron\\\/#primaryimage\"},\"image\":{\"@id\":\"https:\\\/\\\/iberoid.com\\\/fr\\\/product\\\/pack10proviron\\\/#primaryimage\"},\"thumbnailUrl\":\"https:\\\/\\\/iberoid.com\\\/wp-content\\\/uploads\\\/2025\\\/04\\\/10-provi-scaled.jpeg?v=1745650743\",\"datePublished\":\"2025-04-26T07:12:16+00:00\",\"dateModified\":\"2026-03-29T15:56:07+00:00\",\"description\":\"Proviron (Mesterolone) est un antiestrog\u00e8ne populaire dans le bodybuilding, utilis\u00e9 pour augmenter la libido, am\u00e9liorer les niveaux de testost\u00e9rone et r\u00e9duire les effets secondaires des st\u00e9ro\u00efdes.\",\"breadcrumb\":{\"@id\":\"https:\\\/\\\/iberoid.com\\\/fr\\\/product\\\/pack10proviron\\\/#breadcrumb\"},\"inLanguage\":\"fr-FR\",\"potentialAction\":[{\"@type\":\"ReadAction\",\"target\":[[\"https:\\\/\\\/iberoid.com\\\/fr\\\/product\\\/pack10proviron\\\/\"]]}]},{\"@type\":\"ImageObject\",\"inLanguage\":\"fr-FR\",\"@id\":\"https:\\\/\\\/iberoid.com\\\/fr\\\/product\\\/pack10proviron\\\/#primaryimage\",\"url\":\"https:\\\/\\\/iberoid.com\\\/wp-content\\\/uploads\\\/2025\\\/04\\\/10-provi-scaled.jpeg?v=1745650743\",\"contentUrl\":\"https:\\\/\\\/iberoid.com\\\/wp-content\\\/uploads\\\/2025\\\/04\\\/10-provi-scaled.jpeg?v=1745650743\",\"width\":1618,\"height\":2560},{\"@type\":\"BreadcrumbList\",\"@id\":\"https:\\\/\\\/iberoid.com\\\/fr\\\/product\\\/pack10proviron\\\/#breadcrumb\",\"itemListElement\":[{\"@type\":\"ListItem\",\"position\":1,\"name\":\"Portada\",\"item\":\"https:\\\/\\\/iberoid.com\\\/fr\\\/\"},{\"@type\":\"ListItem\",\"position\":2,\"name\":\"Magasin\",\"item\":\"https:\\\/\\\/iberoid.com\\\/fr\\\/shop\\\/\"},{\"@type\":\"ListItem\",\"position\":3,\"name\":\"10 PACK PROVIRON &#8211; Mesterolon 25mg\"}]},{\"@type\":\"WebSite\",\"@id\":\"https:\\\/\\\/iberoid.com\\\/fr\\\/#website\",\"url\":\"https:\\\/\\\/iberoid.com\\\/fr\\\/\",\"name\":\"(Espa\u00f1ol) Esteroides en l\u00ednea\",\"description\":\"(Espa\u00f1ol) Comprar esteroides en l\u00ednea hoy en Espa\u00f1a y Portugal. Tenemos el mejor servicio al cliente en la industria y los productos de la m\u00e1s alta calidad\",\"potentialAction\":[{\"@type\":\"SearchAction\",\"target\":{\"@type\":\"EntryPoint\",\"urlTemplate\":\"https:\\\/\\\/iberoid.com\\\/fr\\\/?s={search_term_string}\"},\"query-input\":{\"@type\":\"PropertyValueSpecification\",\"valueRequired\":true,\"valueName\":\"search_term_string\"}}],\"inLanguage\":\"fr-FR\"}]}<\/script>\n<meta property=\"product:brand\" content=\"Bayer\" \/>\n<meta property=\"product:price:amount\" content=\"100.00\" \/>\n<meta property=\"product:price:currency\" content=\"EUR\" \/>\n<meta property=\"og:availability\" content=\"out of stock\" \/>\n<meta property=\"product:availability\" content=\"out of stock\" \/>\n<meta property=\"product:condition\" content=\"new\" \/>\n<!-- \/ Yoast SEO Premium plugin. -->","yoast_head_json":{"title":"10 PACK PROVIRON - Mesterolon 25mg - (Espa\u00f1ol) Esteroides en l\u00ednea","description":"Proviron (Mesterolone) est un antiestrog\u00e8ne populaire dans le bodybuilding, utilis\u00e9 pour augmenter la libido, am\u00e9liorer les niveaux de testost\u00e9rone et r\u00e9duire les effets secondaires des st\u00e9ro\u00efdes.","robots":{"index":"index","follow":"follow","max-snippet":"max-snippet:-1","max-image-preview":"max-image-preview:large","max-video-preview":"max-video-preview:-1"},"canonical":"https:\/\/iberoid.com\/fr\/product\/pack10proviron\/","og_locale":"fr_FR","og_type":"article","og_title":"10 PACK PROVIRON - Mesterolon 25mg","og_description":"Proviron (Mesterolone) est un antiestrog\u00e8ne populaire dans le bodybuilding, utilis\u00e9 pour augmenter la libido, am\u00e9liorer les niveaux de testost\u00e9rone et r\u00e9duire les effets secondaires des st\u00e9ro\u00efdes.","og_url":"https:\/\/iberoid.com\/fr\/product\/pack10proviron\/","og_site_name":"(Espa\u00f1ol) Esteroides en l\u00ednea","article_modified_time":"2026-03-29T15:56:07+00:00","og_image":[{"width":1618,"height":2560,"url":"https:\/\/iberoid.com\/wp-content\/uploads\/2025\/04\/10-provi-scaled.jpeg?v=1745650743","type":"image\/jpeg"}],"twitter_card":"summary_large_image","twitter_misc":{"Prix":"&euro;100.00","Disponibilit\u00e9":"Rupture de stock"},"schema":{"@context":"https:\/\/schema.org","@graph":[{"@type":"WebPage","@id":"https:\/\/iberoid.com\/fr\/product\/pack10proviron\/","url":"https:\/\/iberoid.com\/fr\/product\/pack10proviron\/","name":"10 PACK PROVIRON - Mesterolon 25mg - (Espa\u00f1ol) Esteroides en l\u00ednea","isPartOf":{"@id":"https:\/\/iberoid.com\/fr\/#website"},"primaryImageOfPage":{"@id":"https:\/\/iberoid.com\/fr\/product\/pack10proviron\/#primaryimage"},"image":{"@id":"https:\/\/iberoid.com\/fr\/product\/pack10proviron\/#primaryimage"},"thumbnailUrl":"https:\/\/iberoid.com\/wp-content\/uploads\/2025\/04\/10-provi-scaled.jpeg?v=1745650743","datePublished":"2025-04-26T07:12:16+00:00","dateModified":"2026-03-29T15:56:07+00:00","description":"Proviron (Mesterolone) est un antiestrog\u00e8ne populaire dans le bodybuilding, utilis\u00e9 pour augmenter la libido, am\u00e9liorer les niveaux de testost\u00e9rone et r\u00e9duire les effets secondaires des st\u00e9ro\u00efdes.","breadcrumb":{"@id":"https:\/\/iberoid.com\/fr\/product\/pack10proviron\/#breadcrumb"},"inLanguage":"fr-FR","potentialAction":[{"@type":"ReadAction","target":[["https:\/\/iberoid.com\/fr\/product\/pack10proviron\/"]]}]},{"@type":"ImageObject","inLanguage":"fr-FR","@id":"https:\/\/iberoid.com\/fr\/product\/pack10proviron\/#primaryimage","url":"https:\/\/iberoid.com\/wp-content\/uploads\/2025\/04\/10-provi-scaled.jpeg?v=1745650743","contentUrl":"https:\/\/iberoid.com\/wp-content\/uploads\/2025\/04\/10-provi-scaled.jpeg?v=1745650743","width":1618,"height":2560},{"@type":"BreadcrumbList","@id":"https:\/\/iberoid.com\/fr\/product\/pack10proviron\/#breadcrumb","itemListElement":[{"@type":"ListItem","position":1,"name":"Portada","item":"https:\/\/iberoid.com\/fr\/"},{"@type":"ListItem","position":2,"name":"Magasin","item":"https:\/\/iberoid.com\/fr\/shop\/"},{"@type":"ListItem","position":3,"name":"10 PACK PROVIRON &#8211; Mesterolon 25mg"}]},{"@type":"WebSite","@id":"https:\/\/iberoid.com\/fr\/#website","url":"https:\/\/iberoid.com\/fr\/","name":"(Espa\u00f1ol) Esteroides en l\u00ednea","description":"(Espa\u00f1ol) Comprar esteroides en l\u00ednea hoy en Espa\u00f1a y Portugal. Tenemos el mejor servicio al cliente en la industria y los productos de la m\u00e1s alta calidad","potentialAction":[{"@type":"SearchAction","target":{"@type":"EntryPoint","urlTemplate":"https:\/\/iberoid.com\/fr\/?s={search_term_string}"},"query-input":{"@type":"PropertyValueSpecification","valueRequired":true,"valueName":"search_term_string"}}],"inLanguage":"fr-FR"}]},"product_brand":"Bayer","product_price_amount":"100.00","product_price_currency":"EUR","og_availability":"out of stock","product_availability":"out of stock","product_condition":"new"},"_links":{"self":[{"href":"https:\/\/iberoid.com\/fr\/wp-json\/wp\/v2\/product\/10037","targetHints":{"allow":["GET"]}}],"collection":[{"href":"https:\/\/iberoid.com\/fr\/wp-json\/wp\/v2\/product"}],"about":[{"href":"https:\/\/iberoid.com\/fr\/wp-json\/wp\/v2\/types\/product"}],"replies":[{"embeddable":true,"href":"https:\/\/iberoid.com\/fr\/wp-json\/wp\/v2\/comments?post=10037"}],"wp:featuredmedia":[{"embeddable":true,"href":"https:\/\/iberoid.com\/fr\/wp-json\/wp\/v2\/media\/10038"}],"wp:attachment":[{"href":"https:\/\/iberoid.com\/fr\/wp-json\/wp\/v2\/media?parent=10037"}],"wp:term":[{"taxonomy":"product_brand","embeddable":true,"href":"https:\/\/iberoid.com\/fr\/wp-json\/wp\/v2\/product_brand?post=10037"},{"taxonomy":"product_cat","embeddable":true,"href":"https:\/\/iberoid.com\/fr\/wp-json\/wp\/v2\/product_cat?post=10037"},{"taxonomy":"product_tag","embeddable":true,"href":"https:\/\/iberoid.com\/fr\/wp-json\/wp\/v2\/product_tag?post=10037"}],"curies":[{"name":"wp","href":"https:\/\/api.w.org\/{rel}","templated":true}]}}