{"id":10040,"date":"2025-04-26T08:08:51","date_gmt":"2025-04-26T08:08:51","guid":{"rendered":"https:\/\/iberoid.com\/?post_type=product&#038;p=10040"},"modified":"2026-04-14T16:24:13","modified_gmt":"2026-04-14T16:24:13","slug":"anavar-anvarged-epf-premium","status":"publish","type":"product","link":"https:\/\/iberoid.com\/fr\/product\/anavar-anvarged-epf-premium\/","title":{"rendered":"ANVARGED &#8211; ANAVAR (Oxandrolone)"},"content":{"rendered":"<p><\/p>\n<p class=\"\" data-start=\"0\" data-end=\"27\"><strong data-start=\"0\" data-end=\"27\">Contenu de la bouteille<\/strong><\/p>\n<p class=\"\" data-start=\"29\" data-end=\"64\">100 comprim\u00e9s de 10mg d&rsquo;Oxandrolone<\/p>\n<p class=\"\" data-start=\"66\" data-end=\"165\"><strong data-start=\"66\" data-end=\"165\">Muscles Hautement D\u00e9finis avec une Endurance et une Puissance Incroyables gr\u00e2ce \u00e0 l&rsquo;Oxandrolone<\/strong><\/p>\n<p class=\"\" data-start=\"167\" data-end=\"925\">ANVARGED est de l&rsquo;Oxandrolone, un st\u00e9ro\u00efde anabolisant synth\u00e9tique qui imite l&rsquo;hormone principale masculine, la testost\u00e9rone, pour stimuler une synth\u00e8se massive de prot\u00e9ines, essentielle pour la croissance musculaire. Lorsque l&rsquo;oxandrolone se lie aux r\u00e9cepteurs androg\u00e8nes dans les cellules musculaires, elle active des voies qui entra\u00eenent une augmentation de la synth\u00e8se des prot\u00e9ines, une r\u00e9duction de la d\u00e9gradation des prot\u00e9ines et une meilleure r\u00e9tention d&rsquo;azote, ce qui conduit \u00e0 une croissance musculaire maigre plus importante. L&rsquo;oxandrolone ne se convertit pas en \u0153strog\u00e8ne, ce qui fait d&rsquo;ANVAR l&rsquo;un des st\u00e9ro\u00efdes anabolisants les plus s\u00fbrs, aidant \u00e0 \u00e9viter la r\u00e9tention d&rsquo;eau et la prise de graisse, tout en favorisant des muscles d\u00e9finis et secs.<\/p>\n<p class=\"\" data-start=\"927\" data-end=\"960\"><strong data-start=\"927\" data-end=\"960\">Comment fonctionne ANVARGED :<\/strong><\/p>\n<p class=\"\" data-start=\"962\" data-end=\"1452\"><strong data-start=\"962\" data-end=\"1022\">Haute Activit\u00e9 Anabolique et Effets Androg\u00e8nes Faibles :<\/strong> L&rsquo;oxandrolone a une forte activit\u00e9 anabolique, ce qui signifie qu&rsquo;elle favorise efficacement la synth\u00e8se des prot\u00e9ines. Cela entra\u00eene une augmentation de la masse musculaire et de la force. Elle a des effets androg\u00e8nes plus faibles par rapport \u00e0 d&rsquo;autres st\u00e9ro\u00efdes anabolisants. Cela signifie moins d&rsquo;effets secondaires li\u00e9s aux caract\u00e9ristiques masculines (comme l&rsquo;approfondissement de la voix ou la pousse des poils corporels).<\/p>\n<p class=\"\" data-start=\"1454\" data-end=\"1644\"><strong data-start=\"1454\" data-end=\"1520\">R\u00e9tention d&rsquo;Azote pour des Muscles Plus Forts et Plus Pleins :<\/strong> Elle aide \u00e0 retenir l&rsquo;azote dans les tissus musculaires, ce qui est crucial pour la croissance et la r\u00e9paration musculaire.<\/p>\n<p class=\"\" data-start=\"1646\" data-end=\"2103\"><strong data-start=\"1646\" data-end=\"1699\">R\u00e9duction des Graisses et D\u00e9finition Musculaire :<\/strong> L&rsquo;oxandrolone aide \u00e0 r\u00e9duire la graisse corporelle en stimulant la d\u00e9gradation des graisses (lipolyse) par l&rsquo;augmentation du taux m\u00e9tabolique basal, ce qui contribue \u00e0 une composition corporelle plus s\u00e8che et plus pr\u00eate pour la sc\u00e8ne. L&rsquo;oxandrolone ne s&rsquo;aromatise pas (ne se convertit pas en \u0153strog\u00e8ne), ce qui signifie qu&rsquo;il n&rsquo;y a pas de r\u00e9tention d&rsquo;eau ni de pr\u00e9occupations concernant la gyn\u00e9comastie.<\/p>\n<p class=\"\" data-start=\"2105\" data-end=\"2164\"><strong data-start=\"2105\" data-end=\"2164\">Pourquoi ANVARGED est meilleur que d&rsquo;autres st\u00e9ro\u00efdes :<\/strong><\/p>\n<p class=\"\" data-start=\"2166\" data-end=\"2434\"><strong data-start=\"2166\" data-end=\"2197\">Effets Secondaires L\u00e9gers :<\/strong> L&rsquo;oxandrolone est connue pour avoir des effets secondaires plus l\u00e9gers que d&rsquo;autres st\u00e9ro\u00efdes anabolisants plus puissants. Cela en fait un choix pr\u00e9f\u00e9r\u00e9 pour les d\u00e9butants ou ceux qui sont sensibles aux effets secondaires des st\u00e9ro\u00efdes.<\/p>\n<p class=\"\" data-start=\"2436\" data-end=\"2648\"><strong data-start=\"2436\" data-end=\"2469\">Moins de Toxicit\u00e9 H\u00e9patique :<\/strong> Elle est moins h\u00e9patotoxique que de nombreux autres st\u00e9ro\u00efdes oraux. Cependant, il est important de noter que tous les st\u00e9ro\u00efdes oraux ont un certain degr\u00e9 de toxicit\u00e9 h\u00e9patique.<\/p>\n<p class=\"\" data-start=\"2650\" data-end=\"2788\"><strong data-start=\"2650\" data-end=\"2675\">Convient aux Femmes :<\/strong> C&rsquo;est l&rsquo;un des rares st\u00e9ro\u00efdes consid\u00e9r\u00e9s comme s\u00fbrs pour les femmes en raison de ses faibles effets androg\u00e8nes.<\/p>\n<p><\/p>","protected":false},"excerpt":{"rendered":"<p>Contenu de la bouteille 100 comprim\u00e9s de 10mg d&rsquo;Oxandrolone Muscles Hautement D\u00e9finis avec une Endurance et une Puissance Incroyables gr\u00e2ce<\/p>\n","protected":false},"featured_media":10041,"comment_status":"open","ping_status":"closed","template":"","meta":[],"product_brand":[3528],"product_cat":[73],"product_tag":[],"class_list":{"0":"post-10040","1":"product","2":"type-product","3":"status-publish","4":"has-post-thumbnail","6":"product_brand-epf-premium","7":"product_cat-ssteroides_orales","9":"first","10":"instock","11":"shipping-taxable","12":"purchasable","13":"product-type-simple"},"yoast_head":"<!-- This site is optimized with the Yoast SEO Premium plugin v24.4 (Yoast SEO v27.3) - https:\/\/yoast.com\/product\/yoast-seo-premium-wordpress\/ -->\n<title>ANVARGED - ANAVAR (Oxandrolone) - (Espa\u00f1ol) Esteroides en l\u00ednea<\/title>\n<meta name=\"description\" content=\"ANVARGED (Oxandrolone) favorise la croissance musculaire maigre, augmente la force et r\u00e9duit la graisse avec des effets secondaires minimes, s\u00fbr pour les hommes et les femmes.\" \/>\n<meta name=\"robots\" content=\"index, follow, max-snippet:-1, max-image-preview:large, max-video-preview:-1\" \/>\n<link rel=\"canonical\" href=\"https:\/\/iberoid.com\/fr\/product\/anavar-anvarged-epf-premium\/\" \/>\n<meta property=\"og:locale\" content=\"fr_FR\" \/>\n<meta property=\"og:type\" content=\"article\" \/>\n<meta property=\"og:title\" content=\"ANVARGED - ANAVAR (Oxandrolone)\" \/>\n<meta property=\"og:description\" content=\"ANVARGED (Oxandrolone) favorise la croissance musculaire maigre, augmente la force et r\u00e9duit la graisse avec des effets secondaires minimes, s\u00fbr pour les hommes et les femmes.\" \/>\n<meta property=\"og:url\" content=\"https:\/\/iberoid.com\/fr\/product\/anavar-anvarged-epf-premium\/\" \/>\n<meta property=\"og:site_name\" content=\"(Espa\u00f1ol) Esteroides en l\u00ednea\" \/>\n<meta property=\"article:modified_time\" content=\"2026-04-14T16:24:13+00:00\" \/>\n<meta property=\"og:image\" content=\"https:\/\/iberoid.com\/wp-content\/uploads\/2025\/04\/anavar-scaled.jpeg?v=1745654874\" \/>\n\t<meta property=\"og:image:width\" content=\"2560\" \/>\n\t<meta property=\"og:image:height\" content=\"927\" \/>\n\t<meta property=\"og:image:type\" content=\"image\/jpeg\" \/>\n<meta name=\"twitter:card\" content=\"summary_large_image\" \/>\n<meta name=\"twitter:label1\" content=\"Prix\" \/>\n\t<meta name=\"twitter:data1\" content=\"&euro;75.00\" \/>\n\t<meta name=\"twitter:label2\" content=\"Disponibilit\u00e9\" \/>\n\t<meta name=\"twitter:data2\" content=\"En stock\" \/>\n<script type=\"application\/ld+json\" class=\"yoast-schema-graph\">{\"@context\":\"https:\\\/\\\/schema.org\",\"@graph\":[{\"@type\":\"WebPage\",\"@id\":\"https:\\\/\\\/iberoid.com\\\/fr\\\/product\\\/anavar-anvarged-epf-premium\\\/\",\"url\":\"https:\\\/\\\/iberoid.com\\\/fr\\\/product\\\/anavar-anvarged-epf-premium\\\/\",\"name\":\"ANVARGED - ANAVAR (Oxandrolone) - (Espa\u00f1ol) Esteroides en l\u00ednea\",\"isPartOf\":{\"@id\":\"https:\\\/\\\/iberoid-shop.com\\\/#website\"},\"primaryImageOfPage\":{\"@id\":\"https:\\\/\\\/iberoid.com\\\/fr\\\/product\\\/anavar-anvarged-epf-premium\\\/#primaryimage\"},\"image\":{\"@id\":\"https:\\\/\\\/iberoid.com\\\/fr\\\/product\\\/anavar-anvarged-epf-premium\\\/#primaryimage\"},\"thumbnailUrl\":\"https:\\\/\\\/iberoid.com\\\/wp-content\\\/uploads\\\/2025\\\/04\\\/anavar-scaled.jpeg?v=1745654874\",\"datePublished\":\"2025-04-26T08:08:51+00:00\",\"dateModified\":\"2026-04-14T16:24:13+00:00\",\"description\":\"ANVARGED (Oxandrolone) favorise la croissance musculaire maigre, augmente la force et r\u00e9duit la graisse avec des effets secondaires minimes, s\u00fbr pour les hommes et les femmes.\",\"breadcrumb\":{\"@id\":\"https:\\\/\\\/iberoid.com\\\/fr\\\/product\\\/anavar-anvarged-epf-premium\\\/#breadcrumb\"},\"inLanguage\":\"fr-FR\",\"potentialAction\":[{\"@type\":\"ReadAction\",\"target\":[[\"https:\\\/\\\/iberoid.com\\\/fr\\\/product\\\/anavar-anvarged-epf-premium\\\/\"]]}]},{\"@type\":\"ImageObject\",\"inLanguage\":\"fr-FR\",\"@id\":\"https:\\\/\\\/iberoid.com\\\/fr\\\/product\\\/anavar-anvarged-epf-premium\\\/#primaryimage\",\"url\":\"https:\\\/\\\/iberoid.com\\\/wp-content\\\/uploads\\\/2025\\\/04\\\/anavar-scaled.jpeg?v=1745654874\",\"contentUrl\":\"https:\\\/\\\/iberoid.com\\\/wp-content\\\/uploads\\\/2025\\\/04\\\/anavar-scaled.jpeg?v=1745654874\",\"width\":2560,\"height\":927},{\"@type\":\"BreadcrumbList\",\"@id\":\"https:\\\/\\\/iberoid.com\\\/fr\\\/product\\\/anavar-anvarged-epf-premium\\\/#breadcrumb\",\"itemListElement\":[{\"@type\":\"ListItem\",\"position\":1,\"name\":\"Portada\",\"item\":\"https:\\\/\\\/iberoid.com\\\/fr\\\/\"},{\"@type\":\"ListItem\",\"position\":2,\"name\":\"Magasin\",\"item\":\"https:\\\/\\\/iberoid.com\\\/fr\\\/shop\\\/\"},{\"@type\":\"ListItem\",\"position\":3,\"name\":\"ANVARGED &#8211; ANAVAR (Oxandrolone)\"}]},{\"@type\":\"WebSite\",\"@id\":\"https:\\\/\\\/iberoid-shop.com\\\/#website\",\"url\":\"https:\\\/\\\/iberoid-shop.com\\\/\",\"name\":\"(Espa\u00f1ol) Esteroides en l\u00ednea\",\"description\":\"(Espa\u00f1ol) Comprar esteroides en l\u00ednea hoy en Espa\u00f1a y Portugal. Tenemos el mejor servicio al cliente en la industria y los productos de la m\u00e1s alta calidad\",\"potentialAction\":[{\"@type\":\"SearchAction\",\"target\":{\"@type\":\"EntryPoint\",\"urlTemplate\":\"https:\\\/\\\/iberoid-shop.com\\\/?s={search_term_string}\"},\"query-input\":{\"@type\":\"PropertyValueSpecification\",\"valueRequired\":true,\"valueName\":\"search_term_string\"}}],\"inLanguage\":\"fr-FR\"}]}<\/script>\n<meta property=\"product:brand\" content=\"Euro Prime Pharmaceuticals (EPF)\" \/>\n<meta property=\"product:price:amount\" content=\"75.00\" \/>\n<meta property=\"product:price:currency\" content=\"EUR\" \/>\n<meta property=\"og:availability\" content=\"instock\" \/>\n<meta property=\"product:availability\" content=\"instock\" \/>\n<meta property=\"product:condition\" content=\"new\" \/>\n<!-- \/ Yoast SEO Premium plugin. -->","yoast_head_json":{"title":"ANVARGED - ANAVAR (Oxandrolone) - (Espa\u00f1ol) Esteroides en l\u00ednea","description":"ANVARGED (Oxandrolone) favorise la croissance musculaire maigre, augmente la force et r\u00e9duit la graisse avec des effets secondaires minimes, s\u00fbr pour les hommes et les femmes.","robots":{"index":"index","follow":"follow","max-snippet":"max-snippet:-1","max-image-preview":"max-image-preview:large","max-video-preview":"max-video-preview:-1"},"canonical":"https:\/\/iberoid.com\/fr\/product\/anavar-anvarged-epf-premium\/","og_locale":"fr_FR","og_type":"article","og_title":"ANVARGED - ANAVAR (Oxandrolone)","og_description":"ANVARGED (Oxandrolone) favorise la croissance musculaire maigre, augmente la force et r\u00e9duit la graisse avec des effets secondaires minimes, s\u00fbr pour les hommes et les femmes.","og_url":"https:\/\/iberoid.com\/fr\/product\/anavar-anvarged-epf-premium\/","og_site_name":"(Espa\u00f1ol) Esteroides en l\u00ednea","article_modified_time":"2026-04-14T16:24:13+00:00","og_image":[{"width":2560,"height":927,"url":"https:\/\/iberoid.com\/wp-content\/uploads\/2025\/04\/anavar-scaled.jpeg?v=1745654874","type":"image\/jpeg"}],"twitter_card":"summary_large_image","twitter_misc":{"Prix":"&euro;75.00","Disponibilit\u00e9":"En stock"},"schema":{"@context":"https:\/\/schema.org","@graph":[{"@type":"WebPage","@id":"https:\/\/iberoid.com\/fr\/product\/anavar-anvarged-epf-premium\/","url":"https:\/\/iberoid.com\/fr\/product\/anavar-anvarged-epf-premium\/","name":"ANVARGED - ANAVAR (Oxandrolone) - (Espa\u00f1ol) Esteroides en l\u00ednea","isPartOf":{"@id":"https:\/\/iberoid-shop.com\/#website"},"primaryImageOfPage":{"@id":"https:\/\/iberoid.com\/fr\/product\/anavar-anvarged-epf-premium\/#primaryimage"},"image":{"@id":"https:\/\/iberoid.com\/fr\/product\/anavar-anvarged-epf-premium\/#primaryimage"},"thumbnailUrl":"https:\/\/iberoid.com\/wp-content\/uploads\/2025\/04\/anavar-scaled.jpeg?v=1745654874","datePublished":"2025-04-26T08:08:51+00:00","dateModified":"2026-04-14T16:24:13+00:00","description":"ANVARGED (Oxandrolone) favorise la croissance musculaire maigre, augmente la force et r\u00e9duit la graisse avec des effets secondaires minimes, s\u00fbr pour les hommes et les femmes.","breadcrumb":{"@id":"https:\/\/iberoid.com\/fr\/product\/anavar-anvarged-epf-premium\/#breadcrumb"},"inLanguage":"fr-FR","potentialAction":[{"@type":"ReadAction","target":[["https:\/\/iberoid.com\/fr\/product\/anavar-anvarged-epf-premium\/"]]}]},{"@type":"ImageObject","inLanguage":"fr-FR","@id":"https:\/\/iberoid.com\/fr\/product\/anavar-anvarged-epf-premium\/#primaryimage","url":"https:\/\/iberoid.com\/wp-content\/uploads\/2025\/04\/anavar-scaled.jpeg?v=1745654874","contentUrl":"https:\/\/iberoid.com\/wp-content\/uploads\/2025\/04\/anavar-scaled.jpeg?v=1745654874","width":2560,"height":927},{"@type":"BreadcrumbList","@id":"https:\/\/iberoid.com\/fr\/product\/anavar-anvarged-epf-premium\/#breadcrumb","itemListElement":[{"@type":"ListItem","position":1,"name":"Portada","item":"https:\/\/iberoid.com\/fr\/"},{"@type":"ListItem","position":2,"name":"Magasin","item":"https:\/\/iberoid.com\/fr\/shop\/"},{"@type":"ListItem","position":3,"name":"ANVARGED &#8211; ANAVAR (Oxandrolone)"}]},{"@type":"WebSite","@id":"https:\/\/iberoid-shop.com\/#website","url":"https:\/\/iberoid-shop.com\/","name":"(Espa\u00f1ol) Esteroides en l\u00ednea","description":"(Espa\u00f1ol) Comprar esteroides en l\u00ednea hoy en Espa\u00f1a y Portugal. Tenemos el mejor servicio al cliente en la industria y los productos de la m\u00e1s alta calidad","potentialAction":[{"@type":"SearchAction","target":{"@type":"EntryPoint","urlTemplate":"https:\/\/iberoid-shop.com\/?s={search_term_string}"},"query-input":{"@type":"PropertyValueSpecification","valueRequired":true,"valueName":"search_term_string"}}],"inLanguage":"fr-FR"}]},"product_brand":"Euro Prime Pharmaceuticals (EPF)","product_price_amount":"75.00","product_price_currency":"EUR","og_availability":"instock","product_availability":"instock","product_condition":"new"},"_links":{"self":[{"href":"https:\/\/iberoid.com\/fr\/wp-json\/wp\/v2\/product\/10040","targetHints":{"allow":["GET"]}}],"collection":[{"href":"https:\/\/iberoid.com\/fr\/wp-json\/wp\/v2\/product"}],"about":[{"href":"https:\/\/iberoid.com\/fr\/wp-json\/wp\/v2\/types\/product"}],"replies":[{"embeddable":true,"href":"https:\/\/iberoid.com\/fr\/wp-json\/wp\/v2\/comments?post=10040"}],"wp:featuredmedia":[{"embeddable":true,"href":"https:\/\/iberoid.com\/fr\/wp-json\/wp\/v2\/media\/10041"}],"wp:attachment":[{"href":"https:\/\/iberoid.com\/fr\/wp-json\/wp\/v2\/media?parent=10040"}],"wp:term":[{"taxonomy":"product_brand","embeddable":true,"href":"https:\/\/iberoid.com\/fr\/wp-json\/wp\/v2\/product_brand?post=10040"},{"taxonomy":"product_cat","embeddable":true,"href":"https:\/\/iberoid.com\/fr\/wp-json\/wp\/v2\/product_cat?post=10040"},{"taxonomy":"product_tag","embeddable":true,"href":"https:\/\/iberoid.com\/fr\/wp-json\/wp\/v2\/product_tag?post=10040"}],"curies":[{"name":"wp","href":"https:\/\/api.w.org\/{rel}","templated":true}]}}