{"id":10042,"date":"2025-04-27T07:51:18","date_gmt":"2025-04-27T07:51:18","guid":{"rendered":"https:\/\/iberoid.com\/?post_type=product&#038;p=10042"},"modified":"2026-02-11T10:41:53","modified_gmt":"2026-02-11T10:41:53","slug":"d-boll-dianabol-methandienone","status":"publish","type":"product","link":"https:\/\/iberoid.com\/fr\/product\/d-boll-dianabol-methandienone\/","title":{"rendered":"D-BOLL &#8211; DIANABOL \/ METHANDIENONE"},"content":{"rendered":"<p><\/p>\n<p class=\"\" data-start=\"0\" data-end=\"524\">D-BOLL (m\u00e9thandrost\u00e9nolone, m\u00e9thandi\u00e9none) est l&rsquo;un des st\u00e9ro\u00efdes anabolisants les plus importants dans le bodybuilding depuis son introduction en 1958. Certains effets notables de ce st\u00e9ro\u00efde sont qu&rsquo;il aide \u00e0 construire rapidement du muscle et agit comme un suppl\u00e9ment pour la perte de poids. \u00c9galement connu sous le nom de \u00ab\u00a0Dbol\u00a0\u00bb, ce compos\u00e9 oral est plus efficace lorsqu&rsquo;il est utilis\u00e9 dans des cycles de st\u00e9ro\u00efdes en combinaison avec des st\u00e9ro\u00efdes injectables, mais peut \u00e9galement \u00eatre utile lorsqu&rsquo;il est utilis\u00e9 seul.<\/p>\n<h3 class=\"\" data-start=\"526\" data-end=\"580\"><strong data-start=\"530\" data-end=\"580\">Associer D-BOLL avec des St\u00e9ro\u00efdes Injectables<\/strong><\/h3>\n<p class=\"\" data-start=\"582\" data-end=\"1423\">L&rsquo;effet de la plupart des st\u00e9ro\u00efdes anabolisants injectables est consid\u00e9rablement renforc\u00e9 par l&rsquo;ajout de D-BOLL, qui aide \u00e0 construire rapidement du muscle. L&rsquo;am\u00e9lioration est plus importante que simplement augmenter la quantit\u00e9 de st\u00e9ro\u00efde injectable dans la m\u00eame proportion. Un exemple classique et frappant est la trenbolone. Bien que la quantit\u00e9 totale de st\u00e9ro\u00efde utilis\u00e9e soit la m\u00eame dans les trois cas, 50 mg\/jour d&rsquo;ac\u00e9tate de trenbolone associ\u00e9 \u00e0 50 mg\/jour de D-BOLL offre un cycle de st\u00e9ro\u00efdes beaucoup plus efficace que 100 mg\/jour d&rsquo;ac\u00e9tate de trenbolone seul ou 100 mg\/jour de Dbol seul. Le profil des effets secondaires est \u00e9galement sup\u00e9rieur. En d&rsquo;autres termes, les compos\u00e9s agissent de mani\u00e8re synergique : l&rsquo;ensemble est plus grand que la somme des parties. Cela est probablement d\u00fb \u00e0 des m\u00e9canismes d&rsquo;action diff\u00e9rents.<\/p>\n<h3 class=\"\" data-start=\"1425\" data-end=\"1472\"><strong data-start=\"1429\" data-end=\"1472\">Associer D-BOLL avec de la Testost\u00e9rone<\/strong><\/h3>\n<p class=\"\" data-start=\"1474\" data-end=\"2116\">Tous les st\u00e9ro\u00efdes injectables se combinent bien avec D-BOLL, \u00e0 l&rsquo;exception partielle que, \u00e0 des doses plus \u00e9lev\u00e9es de testost\u00e9rone, D-BOLL devient moins utile et finalement compl\u00e8tement inutile. Par exemple, avec 500 mg\/semaine de testost\u00e9rone, on peut s&rsquo;attendre \u00e0 une grande am\u00e9lioration dans un cycle de st\u00e9ro\u00efdes en ajoutant D-BOLL, mais avec 1000 mg\/semaine, une am\u00e9lioration mod\u00e9r\u00e9e est probable. Avec 2000 mg\/semaine, il se peut qu&rsquo;il n&rsquo;y ait pas d&rsquo;augmentation suppl\u00e9mentaire de l&rsquo;efficacit\u00e9, sauf pour les individus qui ont d\u00e9j\u00e0 atteint un plateau avec cette quantit\u00e9 de testost\u00e9rone seule. Pour la plupart, cela ne sera pas le cas.<\/p>\n<h3 class=\"\" data-start=\"2118\" data-end=\"2153\"><strong data-start=\"2122\" data-end=\"2153\">Recommandations pour D-BOLL<\/strong><\/h3>\n<p class=\"\" data-start=\"2155\" data-end=\"2595\">La plage de dosage pour D-BOLL est g\u00e9n\u00e9ralement de 20-50 mg\/jour. Contrairement \u00e0 la plupart des st\u00e9ro\u00efdes injectables, il n&rsquo;y a pas de b\u00e9n\u00e9fice suppl\u00e9mentaire significatif \u00e0 d\u00e9passer cette quantit\u00e9 en milligrammes. Si un effet plus important est souhait\u00e9, la r\u00e9ponse est d&rsquo;ajouter un autre st\u00e9ro\u00efde anabolisant. Ma pr\u00e9f\u00e9rence est que le dosage soit divis\u00e9 en 3-5 prises par jour, mais certains pr\u00e9f\u00e8rent l&rsquo;utiliser une seule fois par jour.<\/p>\n<p class=\"\" data-start=\"2597\" data-end=\"2711\">En g\u00e9n\u00e9ral, cette utilisation est combin\u00e9e avec environ 500-1000 mg\/semaine d&rsquo;est\u00e9ro\u00efdes anabolisants injectables.<\/p>\n<p class=\"\" data-start=\"2713\" data-end=\"2860\">Comme pour tout cycle de st\u00e9ro\u00efdes anabolisants, D-BOLL doit \u00eatre suivi par une PCT (th\u00e9rapie post-cycle) utilisant Clomid, Nolvadex ou toremif\u00e8ne.<\/p>\n<p><\/p>","protected":false},"excerpt":{"rendered":"<p>D-BOLL (m\u00e9thandrost\u00e9nolone, m\u00e9thandi\u00e9none) est l&rsquo;un des st\u00e9ro\u00efdes anabolisants les plus importants dans le bodybuilding depuis son introduction en 1958. Certains<\/p>\n","protected":false},"featured_media":10043,"comment_status":"open","ping_status":"closed","template":"","meta":[],"product_brand":[],"product_cat":[73],"product_tag":[],"class_list":{"0":"post-10042","1":"product","2":"type-product","3":"status-publish","4":"has-post-thumbnail","6":"product_cat-ssteroides_orales","8":"first","9":"instock","10":"sale","11":"shipping-taxable","12":"purchasable","13":"product-type-simple"},"yoast_head":"<!-- This site is optimized with the Yoast SEO Premium plugin v24.4 (Yoast SEO v27.0) - https:\/\/yoast.com\/product\/yoast-seo-premium-wordpress\/ -->\n<title>D-BOLL - DIANABOL \/ METHANDIENONE - (Espa\u00f1ol) Esteroides en l\u00ednea<\/title>\n<meta name=\"description\" content=\"Le D-BOLL (M\u00e9thandrost\u00e9nolone) est un st\u00e9ro\u00efde anabolisant oral qui aide \u00e0 construire du muscle et est mieux empil\u00e9 avec des injectables pour un effet synergique.\" \/>\n<meta name=\"robots\" content=\"index, follow, max-snippet:-1, max-image-preview:large, max-video-preview:-1\" \/>\n<link rel=\"canonical\" href=\"https:\/\/iberoid.com\/fr\/product\/d-boll-dianabol-methandienone\/\" \/>\n<meta property=\"og:locale\" content=\"fr_FR\" \/>\n<meta property=\"og:type\" content=\"article\" \/>\n<meta property=\"og:title\" content=\"D-BOLL - DIANABOL \/ METHANDIENONE\" \/>\n<meta property=\"og:description\" content=\"Le D-BOLL (M\u00e9thandrost\u00e9nolone) est un st\u00e9ro\u00efde anabolisant oral qui aide \u00e0 construire du muscle et est mieux empil\u00e9 avec des injectables pour un effet synergique.\" \/>\n<meta property=\"og:url\" content=\"https:\/\/iberoid.com\/fr\/product\/d-boll-dianabol-methandienone\/\" \/>\n<meta property=\"og:site_name\" content=\"(Espa\u00f1ol) Esteroides en l\u00ednea\" \/>\n<meta property=\"article:modified_time\" content=\"2026-02-11T10:41:53+00:00\" \/>\n<meta property=\"og:image\" content=\"https:\/\/iberoid.com\/wp-content\/uploads\/2025\/04\/1dbol-scaled.jpeg?v=1745740222\" \/>\n\t<meta property=\"og:image:width\" content=\"1697\" \/>\n\t<meta property=\"og:image:height\" content=\"2560\" \/>\n\t<meta property=\"og:image:type\" content=\"image\/jpeg\" \/>\n<meta name=\"twitter:card\" content=\"summary_large_image\" \/>\n<meta name=\"twitter:label1\" content=\"Prix\" \/>\n\t<meta name=\"twitter:data1\" content=\"&euro;17.00\" \/>\n\t<meta name=\"twitter:label2\" content=\"Disponibilit\u00e9\" \/>\n\t<meta name=\"twitter:data2\" content=\"En stock\" \/>\n<script type=\"application\/ld+json\" class=\"yoast-schema-graph\">{\"@context\":\"https:\/\/schema.org\",\"@graph\":[{\"@type\":\"WebPage\",\"@id\":\"https:\/\/iberoid.com\/fr\/product\/d-boll-dianabol-methandienone\/\",\"url\":\"https:\/\/iberoid.com\/fr\/product\/d-boll-dianabol-methandienone\/\",\"name\":\"D-BOLL - DIANABOL \/ METHANDIENONE - (Espa\u00f1ol) Esteroides en l\u00ednea\",\"isPartOf\":{\"@id\":\"https:\/\/iberoid-shop.com\/#website\"},\"primaryImageOfPage\":{\"@id\":\"https:\/\/iberoid.com\/fr\/product\/d-boll-dianabol-methandienone\/#primaryimage\"},\"image\":{\"@id\":\"https:\/\/iberoid.com\/fr\/product\/d-boll-dianabol-methandienone\/#primaryimage\"},\"thumbnailUrl\":\"https:\/\/iberoid.com\/wp-content\/uploads\/2025\/04\/1dbol-scaled.jpeg?v=1745740222\",\"datePublished\":\"2025-04-27T07:51:18+00:00\",\"dateModified\":\"2026-02-11T10:41:53+00:00\",\"description\":\"Le D-BOLL (M\u00e9thandrost\u00e9nolone) est un st\u00e9ro\u00efde anabolisant oral qui aide \u00e0 construire du muscle et est mieux empil\u00e9 avec des injectables pour un effet synergique.\",\"breadcrumb\":{\"@id\":\"https:\/\/iberoid.com\/fr\/product\/d-boll-dianabol-methandienone\/#breadcrumb\"},\"inLanguage\":\"fr-FR\",\"potentialAction\":[{\"@type\":\"ReadAction\",\"target\":[[\"https:\/\/iberoid.com\/fr\/product\/d-boll-dianabol-methandienone\/\"]]}]},{\"@type\":\"ImageObject\",\"inLanguage\":\"fr-FR\",\"@id\":\"https:\/\/iberoid.com\/fr\/product\/d-boll-dianabol-methandienone\/#primaryimage\",\"url\":\"https:\/\/iberoid.com\/wp-content\/uploads\/2025\/04\/1dbol-scaled.jpeg?v=1745740222\",\"contentUrl\":\"https:\/\/iberoid.com\/wp-content\/uploads\/2025\/04\/1dbol-scaled.jpeg?v=1745740222\",\"width\":1697,\"height\":2560},{\"@type\":\"BreadcrumbList\",\"@id\":\"https:\/\/iberoid.com\/fr\/product\/d-boll-dianabol-methandienone\/#breadcrumb\",\"itemListElement\":[{\"@type\":\"ListItem\",\"position\":1,\"name\":\"Portada\",\"item\":\"https:\/\/iberoid.com\/fr\/\"},{\"@type\":\"ListItem\",\"position\":2,\"name\":\"Magasin\",\"item\":\"https:\/\/iberoid.com\/fr\/shop\/\"},{\"@type\":\"ListItem\",\"position\":3,\"name\":\"D-BOLL &#8211; DIANABOL \/ METHANDIENONE\"}]},{\"@type\":\"WebSite\",\"@id\":\"https:\/\/iberoid-shop.com\/#website\",\"url\":\"https:\/\/iberoid-shop.com\/\",\"name\":\"(Espa\u00f1ol) Esteroides en l\u00ednea\",\"description\":\"(Espa\u00f1ol) Comprar esteroides en l\u00ednea hoy en Espa\u00f1a y Portugal. Tenemos el mejor servicio al cliente en la industria y los productos de la m\u00e1s alta calidad\",\"potentialAction\":[{\"@type\":\"SearchAction\",\"target\":{\"@type\":\"EntryPoint\",\"urlTemplate\":\"https:\/\/iberoid-shop.com\/?s={search_term_string}\"},\"query-input\":{\"@type\":\"PropertyValueSpecification\",\"valueRequired\":true,\"valueName\":\"search_term_string\"}}],\"inLanguage\":\"fr-FR\"}]}<\/script>\n<meta property=\"product:brand\" content=\"Mp-Pharm\" \/>\n<meta property=\"product:price:amount\" content=\"17.00\" \/>\n<meta property=\"product:price:currency\" content=\"EUR\" \/>\n<meta property=\"og:availability\" content=\"instock\" \/>\n<meta property=\"product:availability\" content=\"instock\" \/>\n<meta property=\"product:condition\" content=\"new\" \/>\n<!-- \/ Yoast SEO Premium plugin. -->","yoast_head_json":{"title":"D-BOLL - DIANABOL \/ METHANDIENONE - (Espa\u00f1ol) Esteroides en l\u00ednea","description":"Le D-BOLL (M\u00e9thandrost\u00e9nolone) est un st\u00e9ro\u00efde anabolisant oral qui aide \u00e0 construire du muscle et est mieux empil\u00e9 avec des injectables pour un effet synergique.","robots":{"index":"index","follow":"follow","max-snippet":"max-snippet:-1","max-image-preview":"max-image-preview:large","max-video-preview":"max-video-preview:-1"},"canonical":"https:\/\/iberoid.com\/fr\/product\/d-boll-dianabol-methandienone\/","og_locale":"fr_FR","og_type":"article","og_title":"D-BOLL - DIANABOL \/ METHANDIENONE","og_description":"Le D-BOLL (M\u00e9thandrost\u00e9nolone) est un st\u00e9ro\u00efde anabolisant oral qui aide \u00e0 construire du muscle et est mieux empil\u00e9 avec des injectables pour un effet synergique.","og_url":"https:\/\/iberoid.com\/fr\/product\/d-boll-dianabol-methandienone\/","og_site_name":"(Espa\u00f1ol) Esteroides en l\u00ednea","article_modified_time":"2026-02-11T10:41:53+00:00","og_image":[{"width":1697,"height":2560,"url":"https:\/\/iberoid.com\/wp-content\/uploads\/2025\/04\/1dbol-scaled.jpeg?v=1745740222","type":"image\/jpeg"}],"twitter_card":"summary_large_image","twitter_misc":{"Prix":"&euro;17.00","Disponibilit\u00e9":"En stock"},"schema":{"@context":"https:\/\/schema.org","@graph":[{"@type":"WebPage","@id":"https:\/\/iberoid.com\/fr\/product\/d-boll-dianabol-methandienone\/","url":"https:\/\/iberoid.com\/fr\/product\/d-boll-dianabol-methandienone\/","name":"D-BOLL - DIANABOL \/ METHANDIENONE - (Espa\u00f1ol) Esteroides en l\u00ednea","isPartOf":{"@id":"https:\/\/iberoid-shop.com\/#website"},"primaryImageOfPage":{"@id":"https:\/\/iberoid.com\/fr\/product\/d-boll-dianabol-methandienone\/#primaryimage"},"image":{"@id":"https:\/\/iberoid.com\/fr\/product\/d-boll-dianabol-methandienone\/#primaryimage"},"thumbnailUrl":"https:\/\/iberoid.com\/wp-content\/uploads\/2025\/04\/1dbol-scaled.jpeg?v=1745740222","datePublished":"2025-04-27T07:51:18+00:00","dateModified":"2026-02-11T10:41:53+00:00","description":"Le D-BOLL (M\u00e9thandrost\u00e9nolone) est un st\u00e9ro\u00efde anabolisant oral qui aide \u00e0 construire du muscle et est mieux empil\u00e9 avec des injectables pour un effet synergique.","breadcrumb":{"@id":"https:\/\/iberoid.com\/fr\/product\/d-boll-dianabol-methandienone\/#breadcrumb"},"inLanguage":"fr-FR","potentialAction":[{"@type":"ReadAction","target":[["https:\/\/iberoid.com\/fr\/product\/d-boll-dianabol-methandienone\/"]]}]},{"@type":"ImageObject","inLanguage":"fr-FR","@id":"https:\/\/iberoid.com\/fr\/product\/d-boll-dianabol-methandienone\/#primaryimage","url":"https:\/\/iberoid.com\/wp-content\/uploads\/2025\/04\/1dbol-scaled.jpeg?v=1745740222","contentUrl":"https:\/\/iberoid.com\/wp-content\/uploads\/2025\/04\/1dbol-scaled.jpeg?v=1745740222","width":1697,"height":2560},{"@type":"BreadcrumbList","@id":"https:\/\/iberoid.com\/fr\/product\/d-boll-dianabol-methandienone\/#breadcrumb","itemListElement":[{"@type":"ListItem","position":1,"name":"Portada","item":"https:\/\/iberoid.com\/fr\/"},{"@type":"ListItem","position":2,"name":"Magasin","item":"https:\/\/iberoid.com\/fr\/shop\/"},{"@type":"ListItem","position":3,"name":"D-BOLL &#8211; DIANABOL \/ METHANDIENONE"}]},{"@type":"WebSite","@id":"https:\/\/iberoid-shop.com\/#website","url":"https:\/\/iberoid-shop.com\/","name":"(Espa\u00f1ol) Esteroides en l\u00ednea","description":"(Espa\u00f1ol) Comprar esteroides en l\u00ednea hoy en Espa\u00f1a y Portugal. Tenemos el mejor servicio al cliente en la industria y los productos de la m\u00e1s alta calidad","potentialAction":[{"@type":"SearchAction","target":{"@type":"EntryPoint","urlTemplate":"https:\/\/iberoid-shop.com\/?s={search_term_string}"},"query-input":{"@type":"PropertyValueSpecification","valueRequired":true,"valueName":"search_term_string"}}],"inLanguage":"fr-FR"}]},"product_brand":"Mp-Pharm","product_price_amount":"17.00","product_price_currency":"EUR","og_availability":"instock","product_availability":"instock","product_condition":"new"},"_links":{"self":[{"href":"https:\/\/iberoid.com\/fr\/wp-json\/wp\/v2\/product\/10042","targetHints":{"allow":["GET"]}}],"collection":[{"href":"https:\/\/iberoid.com\/fr\/wp-json\/wp\/v2\/product"}],"about":[{"href":"https:\/\/iberoid.com\/fr\/wp-json\/wp\/v2\/types\/product"}],"replies":[{"embeddable":true,"href":"https:\/\/iberoid.com\/fr\/wp-json\/wp\/v2\/comments?post=10042"}],"wp:featuredmedia":[{"embeddable":true,"href":"https:\/\/iberoid.com\/fr\/wp-json\/wp\/v2\/media\/10043"}],"wp:attachment":[{"href":"https:\/\/iberoid.com\/fr\/wp-json\/wp\/v2\/media?parent=10042"}],"wp:term":[{"taxonomy":"product_brand","embeddable":true,"href":"https:\/\/iberoid.com\/fr\/wp-json\/wp\/v2\/product_brand?post=10042"},{"taxonomy":"product_cat","embeddable":true,"href":"https:\/\/iberoid.com\/fr\/wp-json\/wp\/v2\/product_cat?post=10042"},{"taxonomy":"product_tag","embeddable":true,"href":"https:\/\/iberoid.com\/fr\/wp-json\/wp\/v2\/product_tag?post=10042"}],"curies":[{"name":"wp","href":"https:\/\/api.w.org\/{rel}","templated":true}]}}