{"id":10047,"date":"2025-04-27T07:57:20","date_gmt":"2025-04-27T07:57:20","guid":{"rendered":"https:\/\/iberoid.com\/?post_type=product&#038;p=10047"},"modified":"2026-03-17T19:33:02","modified_gmt":"2026-03-17T19:33:02","slug":"s-boll-stanozolol","status":"publish","type":"product","link":"https:\/\/iberoid.com\/fr\/product\/s-boll-stanozolol\/","title":{"rendered":"S-BOLL &#8211; STANOZOLOL 10mg"},"content":{"rendered":"<p><\/p>\n<p class=\"\" data-start=\"0\" data-end=\"717\"><strong data-start=\"0\" data-end=\"11\">S-BOL10<\/strong> est l\u2019un des st\u00e9ro\u00efdes anabolisants les plus populaires et les plus connus au monde. Il a \u00e9t\u00e9 d\u00e9velopp\u00e9 par <strong data-start=\"120\" data-end=\"145\">Winthrop Laboratories<\/strong> \u00e0 la fin des ann\u00e9es 1950 et a attir\u00e9 l\u2019attention des m\u00e9dias au fil des ann\u00e9es. M\u00eame les personnes qui n\u2019ont jamais utilis\u00e9 de st\u00e9ro\u00efdes anabolisants \u2014 si elles peuvent en nommer un \u2014 mentionnent g\u00e9n\u00e9ralement <strong data-start=\"354\" data-end=\"366\">Winstrol<\/strong> ou <strong data-start=\"370\" data-end=\"384\">Stanozolol<\/strong>. Le nom <strong data-start=\"393\" data-end=\"405\">Winstrol<\/strong> est en r\u00e9alit\u00e9 la marque commerciale la plus c\u00e9l\u00e8bre du st\u00e9ro\u00efde anabolisant <strong data-start=\"483\" data-end=\"497\">Stanozolol<\/strong>. Il jouit d\u2019une renomm\u00e9e mondiale en raison des nombreux scandales sportifs dans lesquels il a \u00e9t\u00e9 impliqu\u00e9. Lorsque des athl\u00e8tes ont \u00e9t\u00e9 pris en train d\u2019utiliser des st\u00e9ro\u00efdes anabolisants, Winstrol a souvent \u00e9t\u00e9 cit\u00e9.<\/p>\n<hr class=\"\" data-start=\"719\" data-end=\"722\" \/>\n<h3 class=\"\" data-start=\"724\" data-end=\"765\"><strong data-start=\"728\" data-end=\"765\">Objectif et propri\u00e9t\u00e9s de S-BOL10<\/strong><\/h3>\n<p class=\"\" data-start=\"767\" data-end=\"1025\"><strong data-start=\"767\" data-end=\"778\">S-BOL10<\/strong> (<em data-start=\"780\" data-end=\"792\">Stanozolol<\/em>) est un st\u00e9ro\u00efde anabolisant androg\u00e8ne, d\u00e9riv\u00e9 de la <strong data-start=\"846\" data-end=\"875\">dihydrotestost\u00e9rone (DHT)<\/strong>, ou plus pr\u00e9cis\u00e9ment d\u2019une forme structurellement modifi\u00e9e de celle-ci. Le stanozolol est une DHT avec deux modifications structurelles principales :<\/p>\n<ol data-start=\"1027\" data-end=\"1505\">\n<li class=\"\" data-start=\"1027\" data-end=\"1220\">\n<p class=\"\" data-start=\"1030\" data-end=\"1220\">La premi\u00e8re est l\u2019ajout d\u2019un <strong data-start=\"1059\" data-end=\"1078\">groupe pyrazole<\/strong> \u00e0 l\u2019anneau A en remplacement du groupe 3-c\u00e9to. Cette modification classe officiellement le stanozolol comme un <strong data-start=\"1190\" data-end=\"1217\">st\u00e9ro\u00efde h\u00e9t\u00e9rocyclique<\/strong>.<\/p>\n<\/li>\n<li class=\"\" data-start=\"1221\" data-end=\"1505\">\n<p class=\"\" data-start=\"1224\" data-end=\"1505\">La seconde est l\u2019ajout d\u2019un <strong data-start=\"1252\" data-end=\"1270\">groupe m\u00e9thyle<\/strong> afin de pr\u00e9server l\u2019hormone lors de l\u2019administration orale. Cette modification structurelle a lieu sur le <strong data-start=\"1377\" data-end=\"1403\">carbone en position 17<\/strong>, ce qui classe officiellement le stanozolol comme un st\u00e9ro\u00efde anabolisant <strong data-start=\"1478\" data-end=\"1504\">alkyl\u00e9 en C17 (C17-AA)<\/strong>.<\/p>\n<\/li>\n<\/ol>\n<p class=\"\" data-start=\"1507\" data-end=\"1931\">Cette combinaison de modifications structurelles r\u00e9duit consid\u00e9rablement l\u2019<strong data-start=\"1582\" data-end=\"1599\">androg\u00e9nicit\u00e9<\/strong> de S-BOL10 (<em data-start=\"1612\" data-end=\"1624\">stanozolol<\/em>) et augmente fortement son <strong data-start=\"1652\" data-end=\"1677\">potentiel anabolisant<\/strong>. Officiellement, l\u2019indice anabolisant de S-BOL10 est de <strong data-start=\"1734\" data-end=\"1741\">320<\/strong> et son indice androg\u00e9nique est de <strong data-start=\"1776\" data-end=\"1782\">20<\/strong>. Le plus important, c\u2019est que ces valeurs correspondent exactement \u00e0 son action r\u00e9elle, faisant de lui un st\u00e9ro\u00efde anabolisant extr\u00eamement efficace.<\/p>\n<p class=\"\" data-start=\"1933\" data-end=\"2571\">S-BOL10 (<em data-start=\"1942\" data-end=\"1954\">stanozolol<\/em>) poss\u00e8de de nombreuses propri\u00e9t\u00e9s positives en tant que st\u00e9ro\u00efde anabolisant, notamment sa capacit\u00e9 \u00e0 <strong data-start=\"2057\" data-end=\"2149\">r\u00e9duire consid\u00e9rablement les niveaux de la globuline liant les hormones sexuelles (SHBG)<\/strong>. Cela permet \u00e0 une plus grande partie du st\u00e9ro\u00efde administr\u00e9 de rester <strong data-start=\"2221\" data-end=\"2230\">libre<\/strong> et d\u2019augmenter les niveaux de <strong data-start=\"2261\" data-end=\"2283\">testost\u00e9rone libre<\/strong>. Bien que de nombreux st\u00e9ro\u00efdes r\u00e9duisent la SHBG, S-BOL10 semble avoir une affinit\u00e9 beaucoup plus \u00e9lev\u00e9e pour cette prot\u00e9ine que la majorit\u00e9 des autres. Des \u00e9tudes ont montr\u00e9 une <strong data-start=\"2464\" data-end=\"2503\">r\u00e9duction d\u2019environ 50 % de la SHBG<\/strong> en seulement quelques jours, m\u00eame \u00e0 des doses relativement faibles.<\/p>\n<p><\/p>","protected":false},"excerpt":{"rendered":"<p>S-BOL10 est l\u2019un des st\u00e9ro\u00efdes anabolisants les plus populaires et les plus connus au monde. Il a \u00e9t\u00e9 d\u00e9velopp\u00e9 par<\/p>\n","protected":false},"featured_media":10048,"comment_status":"open","ping_status":"closed","template":"","meta":[],"product_brand":[],"product_cat":[73],"product_tag":[],"class_list":{"0":"post-10047","1":"product","2":"type-product","3":"status-publish","4":"has-post-thumbnail","6":"product_cat-ssteroides_orales","8":"first","9":"instock","10":"sale","11":"shipping-taxable","12":"purchasable","13":"product-type-simple"},"yoast_head":"<!-- This site is optimized with the Yoast SEO Premium plugin v24.4 (Yoast SEO v27.0) - https:\/\/yoast.com\/product\/yoast-seo-premium-wordpress\/ -->\n<title>S-BOLL - STANOZOLOL 10mg - (Espa\u00f1ol) Esteroides en l\u00ednea<\/title>\n<meta name=\"description\" content=\"S-BOL10 (Stanozolol) est un st\u00e9ro\u00efde anabolisant populaire qui favorise la croissance musculaire, r\u00e9duit la SHBG et augmente le taux de testost\u00e9rone libre.\" \/>\n<meta name=\"robots\" content=\"index, follow, max-snippet:-1, max-image-preview:large, max-video-preview:-1\" \/>\n<link rel=\"canonical\" href=\"https:\/\/iberoid.com\/fr\/product\/s-boll-stanozolol\/\" \/>\n<meta property=\"og:locale\" content=\"fr_FR\" \/>\n<meta property=\"og:type\" content=\"article\" \/>\n<meta property=\"og:title\" content=\"S-BOLL - STANOZOLOL 10mg\" \/>\n<meta property=\"og:description\" content=\"S-BOL10 (Stanozolol) est un st\u00e9ro\u00efde anabolisant populaire qui favorise la croissance musculaire, r\u00e9duit la SHBG et augmente le taux de testost\u00e9rone libre.\" \/>\n<meta property=\"og:url\" content=\"https:\/\/iberoid.com\/fr\/product\/s-boll-stanozolol\/\" \/>\n<meta property=\"og:site_name\" content=\"(Espa\u00f1ol) Esteroides en l\u00ednea\" \/>\n<meta property=\"article:modified_time\" content=\"2026-03-17T19:33:02+00:00\" \/>\n<meta property=\"og:image\" content=\"https:\/\/iberoid.com\/wp-content\/uploads\/2025\/04\/1sbol-scaled.jpeg?v=1745740582\" \/>\n\t<meta property=\"og:image:width\" content=\"1883\" \/>\n\t<meta property=\"og:image:height\" content=\"2560\" \/>\n\t<meta property=\"og:image:type\" content=\"image\/jpeg\" \/>\n<meta name=\"twitter:card\" content=\"summary_large_image\" \/>\n<meta name=\"twitter:label1\" content=\"Prix\" \/>\n\t<meta name=\"twitter:data1\" content=\"&euro;15.00\" \/>\n\t<meta name=\"twitter:label2\" content=\"Disponibilit\u00e9\" \/>\n\t<meta name=\"twitter:data2\" content=\"En stock\" \/>\n<script type=\"application\/ld+json\" class=\"yoast-schema-graph\">{\"@context\":\"https:\/\/schema.org\",\"@graph\":[{\"@type\":\"WebPage\",\"@id\":\"https:\/\/iberoid.com\/fr\/product\/s-boll-stanozolol\/\",\"url\":\"https:\/\/iberoid.com\/fr\/product\/s-boll-stanozolol\/\",\"name\":\"S-BOLL - STANOZOLOL 10mg - (Espa\u00f1ol) Esteroides en l\u00ednea\",\"isPartOf\":{\"@id\":\"https:\/\/iberoid.com\/fr\/#website\"},\"primaryImageOfPage\":{\"@id\":\"https:\/\/iberoid.com\/fr\/product\/s-boll-stanozolol\/#primaryimage\"},\"image\":{\"@id\":\"https:\/\/iberoid.com\/fr\/product\/s-boll-stanozolol\/#primaryimage\"},\"thumbnailUrl\":\"https:\/\/iberoid.com\/wp-content\/uploads\/2025\/04\/1sbol-scaled.jpeg?v=1745740582\",\"datePublished\":\"2025-04-27T07:57:20+00:00\",\"dateModified\":\"2026-03-17T19:33:02+00:00\",\"description\":\"S-BOL10 (Stanozolol) est un st\u00e9ro\u00efde anabolisant populaire qui favorise la croissance musculaire, r\u00e9duit la SHBG et augmente le taux de testost\u00e9rone libre.\",\"breadcrumb\":{\"@id\":\"https:\/\/iberoid.com\/fr\/product\/s-boll-stanozolol\/#breadcrumb\"},\"inLanguage\":\"fr-FR\",\"potentialAction\":[{\"@type\":\"ReadAction\",\"target\":[[\"https:\/\/iberoid.com\/fr\/product\/s-boll-stanozolol\/\"]]}]},{\"@type\":\"ImageObject\",\"inLanguage\":\"fr-FR\",\"@id\":\"https:\/\/iberoid.com\/fr\/product\/s-boll-stanozolol\/#primaryimage\",\"url\":\"https:\/\/iberoid.com\/wp-content\/uploads\/2025\/04\/1sbol-scaled.jpeg?v=1745740582\",\"contentUrl\":\"https:\/\/iberoid.com\/wp-content\/uploads\/2025\/04\/1sbol-scaled.jpeg?v=1745740582\",\"width\":1883,\"height\":2560},{\"@type\":\"BreadcrumbList\",\"@id\":\"https:\/\/iberoid.com\/fr\/product\/s-boll-stanozolol\/#breadcrumb\",\"itemListElement\":[{\"@type\":\"ListItem\",\"position\":1,\"name\":\"Portada\",\"item\":\"https:\/\/iberoid.com\/fr\/\"},{\"@type\":\"ListItem\",\"position\":2,\"name\":\"Magasin\",\"item\":\"https:\/\/iberoid.com\/fr\/shop\/\"},{\"@type\":\"ListItem\",\"position\":3,\"name\":\"S-BOLL &#8211; STANOZOLOL 10mg\"}]},{\"@type\":\"WebSite\",\"@id\":\"https:\/\/iberoid.com\/fr\/#website\",\"url\":\"https:\/\/iberoid.com\/fr\/\",\"name\":\"(Espa\u00f1ol) Esteroides en l\u00ednea\",\"description\":\"(Espa\u00f1ol) Comprar esteroides en l\u00ednea hoy en Espa\u00f1a y Portugal. Tenemos el mejor servicio al cliente en la industria y los productos de la m\u00e1s alta calidad\",\"potentialAction\":[{\"@type\":\"SearchAction\",\"target\":{\"@type\":\"EntryPoint\",\"urlTemplate\":\"https:\/\/iberoid.com\/fr\/?s={search_term_string}\"},\"query-input\":{\"@type\":\"PropertyValueSpecification\",\"valueRequired\":true,\"valueName\":\"search_term_string\"}}],\"inLanguage\":\"fr-FR\"}]}<\/script>\n<meta property=\"product:brand\" content=\"Mp-Pharm\" \/>\n<meta property=\"product:price:amount\" content=\"15.00\" \/>\n<meta property=\"product:price:currency\" content=\"EUR\" \/>\n<meta property=\"og:availability\" content=\"instock\" \/>\n<meta property=\"product:availability\" content=\"instock\" \/>\n<meta property=\"product:condition\" content=\"new\" \/>\n<!-- \/ Yoast SEO Premium plugin. -->","yoast_head_json":{"title":"S-BOLL - STANOZOLOL 10mg - (Espa\u00f1ol) Esteroides en l\u00ednea","description":"S-BOL10 (Stanozolol) est un st\u00e9ro\u00efde anabolisant populaire qui favorise la croissance musculaire, r\u00e9duit la SHBG et augmente le taux de testost\u00e9rone libre.","robots":{"index":"index","follow":"follow","max-snippet":"max-snippet:-1","max-image-preview":"max-image-preview:large","max-video-preview":"max-video-preview:-1"},"canonical":"https:\/\/iberoid.com\/fr\/product\/s-boll-stanozolol\/","og_locale":"fr_FR","og_type":"article","og_title":"S-BOLL - STANOZOLOL 10mg","og_description":"S-BOL10 (Stanozolol) est un st\u00e9ro\u00efde anabolisant populaire qui favorise la croissance musculaire, r\u00e9duit la SHBG et augmente le taux de testost\u00e9rone libre.","og_url":"https:\/\/iberoid.com\/fr\/product\/s-boll-stanozolol\/","og_site_name":"(Espa\u00f1ol) Esteroides en l\u00ednea","article_modified_time":"2026-03-17T19:33:02+00:00","og_image":[{"width":1883,"height":2560,"url":"https:\/\/iberoid.com\/wp-content\/uploads\/2025\/04\/1sbol-scaled.jpeg?v=1745740582","type":"image\/jpeg"}],"twitter_card":"summary_large_image","twitter_misc":{"Prix":"&euro;15.00","Disponibilit\u00e9":"En stock"},"schema":{"@context":"https:\/\/schema.org","@graph":[{"@type":"WebPage","@id":"https:\/\/iberoid.com\/fr\/product\/s-boll-stanozolol\/","url":"https:\/\/iberoid.com\/fr\/product\/s-boll-stanozolol\/","name":"S-BOLL - STANOZOLOL 10mg - (Espa\u00f1ol) Esteroides en l\u00ednea","isPartOf":{"@id":"https:\/\/iberoid.com\/fr\/#website"},"primaryImageOfPage":{"@id":"https:\/\/iberoid.com\/fr\/product\/s-boll-stanozolol\/#primaryimage"},"image":{"@id":"https:\/\/iberoid.com\/fr\/product\/s-boll-stanozolol\/#primaryimage"},"thumbnailUrl":"https:\/\/iberoid.com\/wp-content\/uploads\/2025\/04\/1sbol-scaled.jpeg?v=1745740582","datePublished":"2025-04-27T07:57:20+00:00","dateModified":"2026-03-17T19:33:02+00:00","description":"S-BOL10 (Stanozolol) est un st\u00e9ro\u00efde anabolisant populaire qui favorise la croissance musculaire, r\u00e9duit la SHBG et augmente le taux de testost\u00e9rone libre.","breadcrumb":{"@id":"https:\/\/iberoid.com\/fr\/product\/s-boll-stanozolol\/#breadcrumb"},"inLanguage":"fr-FR","potentialAction":[{"@type":"ReadAction","target":[["https:\/\/iberoid.com\/fr\/product\/s-boll-stanozolol\/"]]}]},{"@type":"ImageObject","inLanguage":"fr-FR","@id":"https:\/\/iberoid.com\/fr\/product\/s-boll-stanozolol\/#primaryimage","url":"https:\/\/iberoid.com\/wp-content\/uploads\/2025\/04\/1sbol-scaled.jpeg?v=1745740582","contentUrl":"https:\/\/iberoid.com\/wp-content\/uploads\/2025\/04\/1sbol-scaled.jpeg?v=1745740582","width":1883,"height":2560},{"@type":"BreadcrumbList","@id":"https:\/\/iberoid.com\/fr\/product\/s-boll-stanozolol\/#breadcrumb","itemListElement":[{"@type":"ListItem","position":1,"name":"Portada","item":"https:\/\/iberoid.com\/fr\/"},{"@type":"ListItem","position":2,"name":"Magasin","item":"https:\/\/iberoid.com\/fr\/shop\/"},{"@type":"ListItem","position":3,"name":"S-BOLL &#8211; STANOZOLOL 10mg"}]},{"@type":"WebSite","@id":"https:\/\/iberoid.com\/fr\/#website","url":"https:\/\/iberoid.com\/fr\/","name":"(Espa\u00f1ol) Esteroides en l\u00ednea","description":"(Espa\u00f1ol) Comprar esteroides en l\u00ednea hoy en Espa\u00f1a y Portugal. Tenemos el mejor servicio al cliente en la industria y los productos de la m\u00e1s alta calidad","potentialAction":[{"@type":"SearchAction","target":{"@type":"EntryPoint","urlTemplate":"https:\/\/iberoid.com\/fr\/?s={search_term_string}"},"query-input":{"@type":"PropertyValueSpecification","valueRequired":true,"valueName":"search_term_string"}}],"inLanguage":"fr-FR"}]},"product_brand":"Mp-Pharm","product_price_amount":"15.00","product_price_currency":"EUR","og_availability":"instock","product_availability":"instock","product_condition":"new"},"_links":{"self":[{"href":"https:\/\/iberoid.com\/fr\/wp-json\/wp\/v2\/product\/10047","targetHints":{"allow":["GET"]}}],"collection":[{"href":"https:\/\/iberoid.com\/fr\/wp-json\/wp\/v2\/product"}],"about":[{"href":"https:\/\/iberoid.com\/fr\/wp-json\/wp\/v2\/types\/product"}],"replies":[{"embeddable":true,"href":"https:\/\/iberoid.com\/fr\/wp-json\/wp\/v2\/comments?post=10047"}],"wp:featuredmedia":[{"embeddable":true,"href":"https:\/\/iberoid.com\/fr\/wp-json\/wp\/v2\/media\/10048"}],"wp:attachment":[{"href":"https:\/\/iberoid.com\/fr\/wp-json\/wp\/v2\/media?parent=10047"}],"wp:term":[{"taxonomy":"product_brand","embeddable":true,"href":"https:\/\/iberoid.com\/fr\/wp-json\/wp\/v2\/product_brand?post=10047"},{"taxonomy":"product_cat","embeddable":true,"href":"https:\/\/iberoid.com\/fr\/wp-json\/wp\/v2\/product_cat?post=10047"},{"taxonomy":"product_tag","embeddable":true,"href":"https:\/\/iberoid.com\/fr\/wp-json\/wp\/v2\/product_tag?post=10047"}],"curies":[{"name":"wp","href":"https:\/\/api.w.org\/{rel}","templated":true}]}}