{"id":10074,"date":"2025-05-11T09:39:42","date_gmt":"2025-05-11T09:39:42","guid":{"rendered":"https:\/\/iberoid.com\/?post_type=product&#038;p=10074"},"modified":"2026-01-25T12:35:57","modified_gmt":"2026-01-25T12:35:57","slug":"boldenon-onatario-pharma","status":"publish","type":"product","link":"https:\/\/iberoid.com\/fr\/product\/boldenon-onatario-pharma\/","title":{"rendered":"Boldenone Undecylenate 200mg\/ml"},"content":{"rendered":"<p><\/p>\n<p data-sourcepos=\"1:1-1:1395\">La <strong>Bold\u00e9none Und\u00e9cyl\u00e9nate<\/strong> est <span class=\"citation-49\">un st\u00e9ro\u00efde injectable \u00e0 usage v\u00e9t\u00e9rinaire. C&rsquo;est un d\u00e9riv\u00e9 de la testost\u00e9rone qui pr\u00e9sente de <\/span><strong><span class=\"citation-49 citation-end-49\">fortes propri\u00e9t\u00e9s anaboliques<\/span> et mod\u00e9r\u00e9ment androg\u00e9niques<\/strong>. L&rsquo;ester d&rsquo;und\u00e9cyl\u00e9nate prolonge consid\u00e9rablement l&rsquo;activit\u00e9 du m\u00e9dicament (l&rsquo;ester d&rsquo;und\u00e9cyl\u00e9nate n&rsquo;est qu<span class=\"citation-48 citation-end-48\">&lsquo;un atome de carbone plus long que le d\u00e9canoate), de sorte que, cliniquement, les injections doivent \u00eatre r\u00e9p\u00e9t\u00e9es toutes les trois ou quatre semaines. Dans le domaine v\u00e9t\u00e9rinaire,<\/span> l&rsquo;Equipoise est principalement utilis\u00e9 sur les chevaux, o\u00f9 il exerce un effet prononc\u00e9 sur la masse corporelle maigre, l&rsquo;app\u00e9tit et le comportement g\u00e9n\u00e9ral de l&rsquo;animal. Comme <span class=\"citation-47\">tous les st\u00e9ro\u00efdes, ce compos\u00e9 <\/span><span class=\"citation-46 citation-47\">montre une capacit\u00e9 marqu\u00e9e \u00e0 <\/span><strong><span class=\"citation-46 citation-47\">augmenter la production de globules rouges<\/span><\/strong><span class=\"citation-46 citation-47 citation-end-47\">. Ces derni\u00e8res ann\u00e9es, ce compos\u00e9 est devenu<\/span><span class=\"citation-46 citation-end-46\"> un favori parmi les athl\u00e8tes. Beaucoup le consid\u00e8rent comme un substitut id\u00e9al<\/span> du Deca-Durabolin. L&rsquo;Equipoise n&rsquo;est pas un constructeur de masse rapide, mais il procure des <strong>gains lents et constants de force et de masse musculaire de haute qualit\u00e9<\/strong>. Les effets les plus positifs de ce m\u00e9dicament sont observ\u00e9s lorsqu&rsquo;il est utilis\u00e9 sur des cycles plus longs, d&rsquo;une dur\u00e9e d&rsquo;au moins 10 semaines. Le muscle gagn\u00e9 ne doit pas avoir l&rsquo;aspect lisse que l&rsquo;on observe avec les androg\u00e8nes, mais plut\u00f4t un aspect tr\u00e8s d\u00e9fini et solide.<\/p>\n<hr data-sourcepos=\"3:1-3:3\" \/>\n<h3 data-sourcepos=\"5:1-5:11\">Contenu<\/h3>\n<p data-sourcepos=\"6:1-6:51\">200 mg\/ml d&rsquo;und\u00e9cyl\u00e9nate de Bold\u00e9none (10 ampoules)<\/p>\n<hr data-sourcepos=\"8:1-8:3\" \/>\n<h3 data-sourcepos=\"10:1-10:18\">Noms Chimiques<\/h3>\n<p data-sourcepos=\"11:1-11:57\">1,4 androstadi\u00e8ne-3-one, 17b\u00eata-ol, 1-d\u00e9hydrotestost\u00e9rone<\/p>\n<hr data-sourcepos=\"13:1-13:3\" \/>\n<h3 data-sourcepos=\"15:1-15:22\">Effets Secondaires<\/h3>\n<p data-sourcepos=\"16:1-16:1284\">Les <strong>effets secondaires<\/strong> de l&rsquo;Equipoise sont g\u00e9n\u00e9ralement l\u00e9gers. La structure de la bold\u00e9none lui permet de se convertir en \u0153strog\u00e8nes, mais elle n&rsquo;a pas une affinit\u00e9 extr\u00eamement \u00e9lev\u00e9e pour le faire. Si l&rsquo;on examine les \u00e9tudes sur l<span class=\"citation-45\">&lsquo;aromatisation, elles sugg\u00e8rent que son taux de conversion en <\/span><span class=\"citation-44 citation-45\">\u0153strog\u00e8nes devrait \u00eatre environ la moiti\u00e9 de celui de la testost\u00e9rone. La <\/span><strong><span class=\"citation-44 citation-45\">r\u00e9tention d&rsquo;eau<\/span><\/strong><span class=\"citation-44 citation-45 citation-end-45\"> avec ce m\u00e9dicament<\/span><span class=\"citation-44 citation-end-44\"> serait donc l\u00e9g\u00e8rement sup\u00e9rieure \u00e0 celle du Deca-Durabolin (avec une conversion estim\u00e9e \u00e0 20 %), mais bien<\/span> inf\u00e9rieure \u00e0 celle que l&rsquo;on trouverait avec un compos\u00e9 plus puissant comme la Testost\u00e9rone. Bien qu&rsquo;il y ait toujours un risque de rencontrer des effets secondaires li\u00e9s aux \u0153strog\u00e8nes lors de l&rsquo;utilisation d&rsquo;Equipoise, les probl\u00e8mes ne sont g\u00e9n\u00e9ralement pas rencontr\u00e9s \u00e0 un dosage mod\u00e9r\u00e9. La <strong>gyn\u00e9comastie<\/strong> pourrait devenir un probl\u00e8me, mais g\u00e9n\u00e9ralement seulement chez des individus tr\u00e8s sensibles ou (encore une fois) chez ceux qui utilisent des dosages plus \u00e9lev\u00e9s. Si les effets \u0153strog\u00e9niques deviennent un probl\u00e8me, l&rsquo;ajout de Nolvadex devrait rendre le cycle plus tol\u00e9rable. Un anti-aromatase tel qu&rsquo;Arimidex, Femara ou Aromasin serait une option plus forte, bien que probablement pas n\u00e9cessaire avec un m\u00e9dicament aussi doux.<\/p>\n<p><\/p>","protected":false},"excerpt":{"rendered":"<p>La Bold\u00e9none Und\u00e9cyl\u00e9nate est un st\u00e9ro\u00efde injectable \u00e0 usage v\u00e9t\u00e9rinaire. C&rsquo;est un d\u00e9riv\u00e9 de la testost\u00e9rone qui pr\u00e9sente de fortes<\/p>\n","protected":false},"featured_media":10075,"comment_status":"open","ping_status":"closed","template":"","meta":[],"product_brand":[],"product_cat":[69],"product_tag":[],"class_list":{"0":"post-10074","1":"product","2":"type-product","3":"status-publish","4":"has-post-thumbnail","6":"product_cat-esteroides_inyectables","8":"first","9":"outofstock","10":"shipping-taxable","11":"purchasable","12":"product-type-simple"},"yoast_head":"<!-- This site is optimized with the Yoast SEO Premium plugin v24.4 (Yoast SEO v27.3) - https:\/\/yoast.com\/product\/yoast-seo-premium-wordpress\/ -->\n<title>Boldenone Undecylenate 200mg\/ml - (Espa\u00f1ol) Esteroides en l\u00ednea<\/title>\n<meta name=\"description\" content=\"L&#039;und\u00e9cyl\u00e9nate de bold\u00e9none (Equipoise) est un st\u00e9ro\u00efde v\u00e9t\u00e9rinaire pour des gains musculaires de qualit\u00e9 et une force constants, avec des effets secondaires l\u00e9gers.\" \/>\n<meta name=\"robots\" content=\"index, follow, max-snippet:-1, max-image-preview:large, max-video-preview:-1\" \/>\n<link rel=\"canonical\" href=\"https:\/\/iberoid.com\/fr\/product\/boldenon-onatario-pharma\/\" \/>\n<meta property=\"og:locale\" content=\"fr_FR\" \/>\n<meta property=\"og:type\" content=\"article\" \/>\n<meta property=\"og:title\" content=\"Boldenone Undecylenate 200mg\/ml\" \/>\n<meta property=\"og:description\" content=\"L&#039;und\u00e9cyl\u00e9nate de bold\u00e9none (Equipoise) est un st\u00e9ro\u00efde v\u00e9t\u00e9rinaire pour des gains musculaires de qualit\u00e9 et une force constants, avec des effets secondaires l\u00e9gers.\" \/>\n<meta property=\"og:url\" content=\"https:\/\/iberoid.com\/fr\/product\/boldenon-onatario-pharma\/\" \/>\n<meta property=\"og:site_name\" content=\"(Espa\u00f1ol) Esteroides en l\u00ednea\" \/>\n<meta property=\"article:modified_time\" content=\"2026-01-25T12:35:57+00:00\" \/>\n<meta property=\"og:image\" content=\"https:\/\/iberoid.com\/wp-content\/uploads\/2025\/05\/ontariobolde.jpg?v=1746956365\" \/>\n\t<meta property=\"og:image:width\" content=\"800\" \/>\n\t<meta property=\"og:image:height\" content=\"800\" \/>\n\t<meta property=\"og:image:type\" content=\"image\/jpeg\" \/>\n<meta name=\"twitter:card\" content=\"summary_large_image\" \/>\n<meta name=\"twitter:label1\" content=\"Prix\" \/>\n\t<meta name=\"twitter:data1\" content=\"&euro;30.00\" \/>\n\t<meta name=\"twitter:label2\" content=\"Disponibilit\u00e9\" \/>\n\t<meta name=\"twitter:data2\" content=\"Rupture de stock\" \/>\n<script type=\"application\/ld+json\" class=\"yoast-schema-graph\">{\"@context\":\"https:\\\/\\\/schema.org\",\"@graph\":[{\"@type\":\"WebPage\",\"@id\":\"https:\\\/\\\/iberoid.com\\\/fr\\\/product\\\/boldenon-onatario-pharma\\\/\",\"url\":\"https:\\\/\\\/iberoid.com\\\/fr\\\/product\\\/boldenon-onatario-pharma\\\/\",\"name\":\"Boldenone Undecylenate 200mg\\\/ml - (Espa\u00f1ol) Esteroides en l\u00ednea\",\"isPartOf\":{\"@id\":\"https:\\\/\\\/iberoid.com\\\/fr\\\/#website\"},\"primaryImageOfPage\":{\"@id\":\"https:\\\/\\\/iberoid.com\\\/fr\\\/product\\\/boldenon-onatario-pharma\\\/#primaryimage\"},\"image\":{\"@id\":\"https:\\\/\\\/iberoid.com\\\/fr\\\/product\\\/boldenon-onatario-pharma\\\/#primaryimage\"},\"thumbnailUrl\":\"https:\\\/\\\/iberoid.com\\\/wp-content\\\/uploads\\\/2025\\\/05\\\/ontariobolde.jpg?v=1746956365\",\"datePublished\":\"2025-05-11T09:39:42+00:00\",\"dateModified\":\"2026-01-25T12:35:57+00:00\",\"description\":\"L'und\u00e9cyl\u00e9nate de bold\u00e9none (Equipoise) est un st\u00e9ro\u00efde v\u00e9t\u00e9rinaire pour des gains musculaires de qualit\u00e9 et une force constants, avec des effets secondaires l\u00e9gers.\",\"breadcrumb\":{\"@id\":\"https:\\\/\\\/iberoid.com\\\/fr\\\/product\\\/boldenon-onatario-pharma\\\/#breadcrumb\"},\"inLanguage\":\"fr-FR\",\"potentialAction\":[{\"@type\":\"ReadAction\",\"target\":[[\"https:\\\/\\\/iberoid.com\\\/fr\\\/product\\\/boldenon-onatario-pharma\\\/\"]]}]},{\"@type\":\"ImageObject\",\"inLanguage\":\"fr-FR\",\"@id\":\"https:\\\/\\\/iberoid.com\\\/fr\\\/product\\\/boldenon-onatario-pharma\\\/#primaryimage\",\"url\":\"https:\\\/\\\/iberoid.com\\\/wp-content\\\/uploads\\\/2025\\\/05\\\/ontariobolde.jpg?v=1746956365\",\"contentUrl\":\"https:\\\/\\\/iberoid.com\\\/wp-content\\\/uploads\\\/2025\\\/05\\\/ontariobolde.jpg?v=1746956365\",\"width\":800,\"height\":800},{\"@type\":\"BreadcrumbList\",\"@id\":\"https:\\\/\\\/iberoid.com\\\/fr\\\/product\\\/boldenon-onatario-pharma\\\/#breadcrumb\",\"itemListElement\":[{\"@type\":\"ListItem\",\"position\":1,\"name\":\"Portada\",\"item\":\"https:\\\/\\\/iberoid.com\\\/fr\\\/\"},{\"@type\":\"ListItem\",\"position\":2,\"name\":\"Magasin\",\"item\":\"https:\\\/\\\/iberoid.com\\\/fr\\\/shop\\\/\"},{\"@type\":\"ListItem\",\"position\":3,\"name\":\"Boldenone Undecylenate 200mg\\\/ml\"}]},{\"@type\":\"WebSite\",\"@id\":\"https:\\\/\\\/iberoid.com\\\/fr\\\/#website\",\"url\":\"https:\\\/\\\/iberoid.com\\\/fr\\\/\",\"name\":\"(Espa\u00f1ol) Esteroides en l\u00ednea\",\"description\":\"(Espa\u00f1ol) Comprar esteroides en l\u00ednea hoy en Espa\u00f1a y Portugal. Tenemos el mejor servicio al cliente en la industria y los productos de la m\u00e1s alta calidad\",\"potentialAction\":[{\"@type\":\"SearchAction\",\"target\":{\"@type\":\"EntryPoint\",\"urlTemplate\":\"https:\\\/\\\/iberoid.com\\\/fr\\\/?s={search_term_string}\"},\"query-input\":{\"@type\":\"PropertyValueSpecification\",\"valueRequired\":true,\"valueName\":\"search_term_string\"}}],\"inLanguage\":\"fr-FR\"}]}<\/script>\n<meta property=\"product:price:amount\" content=\"30.00\" \/>\n<meta property=\"product:price:currency\" content=\"EUR\" \/>\n<meta property=\"og:availability\" content=\"out of stock\" \/>\n<meta property=\"product:availability\" content=\"out of stock\" \/>\n<meta property=\"product:condition\" content=\"new\" \/>\n<!-- \/ Yoast SEO Premium plugin. -->","yoast_head_json":{"title":"Boldenone Undecylenate 200mg\/ml - (Espa\u00f1ol) Esteroides en l\u00ednea","description":"L'und\u00e9cyl\u00e9nate de bold\u00e9none (Equipoise) est un st\u00e9ro\u00efde v\u00e9t\u00e9rinaire pour des gains musculaires de qualit\u00e9 et une force constants, avec des effets secondaires l\u00e9gers.","robots":{"index":"index","follow":"follow","max-snippet":"max-snippet:-1","max-image-preview":"max-image-preview:large","max-video-preview":"max-video-preview:-1"},"canonical":"https:\/\/iberoid.com\/fr\/product\/boldenon-onatario-pharma\/","og_locale":"fr_FR","og_type":"article","og_title":"Boldenone Undecylenate 200mg\/ml","og_description":"L'und\u00e9cyl\u00e9nate de bold\u00e9none (Equipoise) est un st\u00e9ro\u00efde v\u00e9t\u00e9rinaire pour des gains musculaires de qualit\u00e9 et une force constants, avec des effets secondaires l\u00e9gers.","og_url":"https:\/\/iberoid.com\/fr\/product\/boldenon-onatario-pharma\/","og_site_name":"(Espa\u00f1ol) Esteroides en l\u00ednea","article_modified_time":"2026-01-25T12:35:57+00:00","og_image":[{"width":800,"height":800,"url":"https:\/\/iberoid.com\/wp-content\/uploads\/2025\/05\/ontariobolde.jpg?v=1746956365","type":"image\/jpeg"}],"twitter_card":"summary_large_image","twitter_misc":{"Prix":"&euro;30.00","Disponibilit\u00e9":"Rupture de stock"},"schema":{"@context":"https:\/\/schema.org","@graph":[{"@type":"WebPage","@id":"https:\/\/iberoid.com\/fr\/product\/boldenon-onatario-pharma\/","url":"https:\/\/iberoid.com\/fr\/product\/boldenon-onatario-pharma\/","name":"Boldenone Undecylenate 200mg\/ml - (Espa\u00f1ol) Esteroides en l\u00ednea","isPartOf":{"@id":"https:\/\/iberoid.com\/fr\/#website"},"primaryImageOfPage":{"@id":"https:\/\/iberoid.com\/fr\/product\/boldenon-onatario-pharma\/#primaryimage"},"image":{"@id":"https:\/\/iberoid.com\/fr\/product\/boldenon-onatario-pharma\/#primaryimage"},"thumbnailUrl":"https:\/\/iberoid.com\/wp-content\/uploads\/2025\/05\/ontariobolde.jpg?v=1746956365","datePublished":"2025-05-11T09:39:42+00:00","dateModified":"2026-01-25T12:35:57+00:00","description":"L'und\u00e9cyl\u00e9nate de bold\u00e9none (Equipoise) est un st\u00e9ro\u00efde v\u00e9t\u00e9rinaire pour des gains musculaires de qualit\u00e9 et une force constants, avec des effets secondaires l\u00e9gers.","breadcrumb":{"@id":"https:\/\/iberoid.com\/fr\/product\/boldenon-onatario-pharma\/#breadcrumb"},"inLanguage":"fr-FR","potentialAction":[{"@type":"ReadAction","target":[["https:\/\/iberoid.com\/fr\/product\/boldenon-onatario-pharma\/"]]}]},{"@type":"ImageObject","inLanguage":"fr-FR","@id":"https:\/\/iberoid.com\/fr\/product\/boldenon-onatario-pharma\/#primaryimage","url":"https:\/\/iberoid.com\/wp-content\/uploads\/2025\/05\/ontariobolde.jpg?v=1746956365","contentUrl":"https:\/\/iberoid.com\/wp-content\/uploads\/2025\/05\/ontariobolde.jpg?v=1746956365","width":800,"height":800},{"@type":"BreadcrumbList","@id":"https:\/\/iberoid.com\/fr\/product\/boldenon-onatario-pharma\/#breadcrumb","itemListElement":[{"@type":"ListItem","position":1,"name":"Portada","item":"https:\/\/iberoid.com\/fr\/"},{"@type":"ListItem","position":2,"name":"Magasin","item":"https:\/\/iberoid.com\/fr\/shop\/"},{"@type":"ListItem","position":3,"name":"Boldenone Undecylenate 200mg\/ml"}]},{"@type":"WebSite","@id":"https:\/\/iberoid.com\/fr\/#website","url":"https:\/\/iberoid.com\/fr\/","name":"(Espa\u00f1ol) Esteroides en l\u00ednea","description":"(Espa\u00f1ol) Comprar esteroides en l\u00ednea hoy en Espa\u00f1a y Portugal. Tenemos el mejor servicio al cliente en la industria y los productos de la m\u00e1s alta calidad","potentialAction":[{"@type":"SearchAction","target":{"@type":"EntryPoint","urlTemplate":"https:\/\/iberoid.com\/fr\/?s={search_term_string}"},"query-input":{"@type":"PropertyValueSpecification","valueRequired":true,"valueName":"search_term_string"}}],"inLanguage":"fr-FR"}]},"product_price_amount":"30.00","product_price_currency":"EUR","og_availability":"out of stock","product_availability":"out of stock","product_condition":"new"},"_links":{"self":[{"href":"https:\/\/iberoid.com\/fr\/wp-json\/wp\/v2\/product\/10074","targetHints":{"allow":["GET"]}}],"collection":[{"href":"https:\/\/iberoid.com\/fr\/wp-json\/wp\/v2\/product"}],"about":[{"href":"https:\/\/iberoid.com\/fr\/wp-json\/wp\/v2\/types\/product"}],"replies":[{"embeddable":true,"href":"https:\/\/iberoid.com\/fr\/wp-json\/wp\/v2\/comments?post=10074"}],"wp:featuredmedia":[{"embeddable":true,"href":"https:\/\/iberoid.com\/fr\/wp-json\/wp\/v2\/media\/10075"}],"wp:attachment":[{"href":"https:\/\/iberoid.com\/fr\/wp-json\/wp\/v2\/media?parent=10074"}],"wp:term":[{"taxonomy":"product_brand","embeddable":true,"href":"https:\/\/iberoid.com\/fr\/wp-json\/wp\/v2\/product_brand?post=10074"},{"taxonomy":"product_cat","embeddable":true,"href":"https:\/\/iberoid.com\/fr\/wp-json\/wp\/v2\/product_cat?post=10074"},{"taxonomy":"product_tag","embeddable":true,"href":"https:\/\/iberoid.com\/fr\/wp-json\/wp\/v2\/product_tag?post=10074"}],"curies":[{"name":"wp","href":"https:\/\/api.w.org\/{rel}","templated":true}]}}