{"id":10076,"date":"2025-05-11T09:41:04","date_gmt":"2025-05-11T09:41:04","guid":{"rendered":"https:\/\/iberoid.com\/?post_type=product&#038;p=10076"},"modified":"2025-09-14T18:08:12","modified_gmt":"2025-09-14T18:08:12","slug":"winstrol-agua-ontario-pharma","status":"publish","type":"product","link":"https:\/\/iberoid.com\/fr\/product\/winstrol-agua-ontario-pharma\/","title":{"rendered":"WINSTROL AGUA (Stanozolol)"},"content":{"rendered":"<p><\/p>\n<p data-sourcepos=\"1:1-1:1521\">Le <strong>Winstrol<\/strong> est le nom commercial le plus connu pour la substance <strong><span class=\"citation-19\">Stanozolol<\/span><\/strong><span class=\"citation-19 citation-end-19\">. Le Stanozolol est un d\u00e9riv\u00e9 de la dihydrotestost\u00e9rone, chimiquement modifi\u00e9 de sorte que les propri\u00e9t\u00e9s anaboliques<\/span> (de construction tissulaire) de l&rsquo;hormone sont consid\u00e9rablement amplifi\u00e9es et son activit\u00e9 androg\u00e9nique <span class=\"citation-18 citation-end-18\">minimis\u00e9e. Le Stanozolol est class\u00e9 comme un st\u00e9ro\u00efde \u00ab\u00a0anabolisant\u00a0\u00bb et pr\u00e9sente l&rsquo;une des dissociations les plus fortes entre l&rsquo;effet anabolique<\/span> et l&rsquo;effet androg\u00e9nique parmi les agents disponibles sur le march\u00e9. Il ne peut pas non plus \u00eatre aromatis\u00e9 en \u0153strog\u00e8nes. Le Stanozolol est le deuxi\u00e8me st\u00e9ro\u00efde oral le plus utilis\u00e9, n&rsquo;\u00e9tant surpass\u00e9 en popularit\u00e9 que par le Dianabol (m\u00e9thandrostenolone). Il est r\u00e9put<span class=\"citation-17 citation-end-17\">\u00e9 pour sa capacit\u00e9 \u00e0 favoriser la croissance musculaire sans r\u00e9tention d&rsquo;eau, ce qui le rend tr\u00e8s pris\u00e9 par les culturistes<\/span> en p\u00e9riode de s\u00e8che et les athl\u00e8tes en comp\u00e9tition. Le Stanozolol est une forme modifi\u00e9e de dihydrotestost\u00e9rone. Il se distingue par l&rsquo;ajout d&rsquo;un groupe m\u00e9thyle au carbone 17-alpha pour prot\u00e9ger l&rsquo;hormone lors de l&rsquo;ingestion orale et la fixation d&rsquo;un groupe pyrazol \u00e0 l&rsquo;anneau A, rempla\u00e7ant le groupe 3-c\u00e9to normal (ce qui conf\u00e8re au stanozolol la classification chimique de <span class=\"citation-16 citation-end-16\">st\u00e9ro\u00efde h\u00e9t\u00e9rocyclique). Consid\u00e9r\u00e9e \u00e0 la lumi\u00e8re de la 17-alpha m\u00e9thyldihydrotestost\u00e9rone, la modification de l&rsquo;anneau A sur le stanozolol semble augmenter consid\u00e9rablement<\/span> sa puissance anabolique tout en r\u00e9duisant son androgenicit\u00e9 relative.<\/p>\n<hr data-sourcepos=\"3:1-3:3\" \/>\n<h3 data-sourcepos=\"5:1-5:11\">Contenu<\/h3>\n<p data-sourcepos=\"6:1-6:24\">50 mg\/1 ml (10 ampoules)<\/p>\n<hr data-sourcepos=\"8:1-8:3\" \/>\n<h3 data-sourcepos=\"10:1-10:18\">Noms Chimiques<\/h3>\n<p data-sourcepos=\"11:1-11:104\">Monohydrate de chlorhydrate de 1-(4-chloroph\u00e9nyl)-N,N-dim\u00e9thyl-\u03b1-(2-m\u00e9thylpropyl)-cyclobutanem\u00e9thanamine<\/p>\n<hr data-sourcepos=\"13:1-13:3\" \/>\n<h3 data-sourcepos=\"15:1-15:22\">Effets Secondaires<\/h3>\n<p data-sourcepos=\"16:1-16:927\">Bien que class\u00e9 comme un st\u00e9ro\u00efde anabolisant, les <strong>effets secondaires androg\u00e9niques<\/strong> sont toujours courants avec cette substance. Cela peut inclure des \u00e9pisodes de peau grasse, d&rsquo;acn\u00e9 et de croissance de poils corporels\/faciaux. Les st\u00e9ro\u00efdes anabolisants\/androg\u00e9niques peuvent \u00e9galement aggraver la <strong>perte de cheveux de type masculin<\/strong>. Les femmes doivent \u00eatre conscientes des effets potentiels li\u00e9s \u00e0 la <strong>virilisation<\/strong>, courants avec les st\u00e9ro\u00efdes anabolisants\/androg\u00e9niques. Le Stanozolol <span class=\"citation-15\">est un compos\u00e9 <\/span><strong><span class=\"citation-15\">c17-alpha alkyl\u00e9<\/span><\/strong><span class=\"citation-15 citation-end-15\">. Cette alt\u00e9ration prot\u00e8ge le m\u00e9dicament de la d\u00e9sactivation par le foie, permettant<\/span> un pourcentage d&rsquo;entr\u00e9e tr\u00e8s \u00e9lev\u00e9 du m\u00e9dicament dans la circulation sanguine lorsqu&rsquo;il est pris par voie orale. De plus, les st\u00e9ro\u00efdes anabolisants\/androg\u00e9niques c17-alpha alkyl\u00e9s <span class=\"citation-14\">peuvent \u00eatre <\/span><strong><span class=\"citation-14\">h\u00e9patotoxiques<\/span><\/strong><span class=\"citation-14\">. Une exposition prolong\u00e9e ou \u00e9lev\u00e9e peut entra\u00eener des l\u00e9sions h\u00e9patiques.<\/span><\/p>\n<hr data-sourcepos=\"18:1-18:3\" \/>\n<h3 data-sourcepos=\"20:1-20:26\"><span class=\"citation-14 citation-end-14\">Administration<\/span><\/h3>\n<p data-sourcepos=\"21:1-21:170\">Lorsqu&rsquo;il est utilis\u00e9 \u00e0 des fins d&rsquo;am\u00e9lioration de la composition corporelle ou des performances, une dose de <strong>50 mg un jour sur deux<\/strong> est la plus couramment appliqu\u00e9e.<\/p>\n<p><\/p>","protected":false},"excerpt":{"rendered":"<p>Le Winstrol est le nom commercial le plus connu pour la substance Stanozolol. Le Stanozolol est un d\u00e9riv\u00e9 de la<\/p>\n","protected":false},"featured_media":10077,"comment_status":"open","ping_status":"closed","template":"","meta":[],"product_brand":[],"product_cat":[69],"product_tag":[],"class_list":{"0":"post-10076","1":"product","2":"type-product","3":"status-publish","4":"has-post-thumbnail","6":"product_cat-esteroides_inyectables","8":"first","9":"outofstock","10":"shipping-taxable","11":"purchasable","12":"product-type-simple"},"yoast_head":"<!-- This site is optimized with the Yoast SEO Premium plugin v24.4 (Yoast SEO v27.0) - https:\/\/yoast.com\/product\/yoast-seo-premium-wordpress\/ -->\n<title>WINSTROL AGUA (Stanozolol) - (Espa\u00f1ol) Esteroides en l\u00ednea<\/title>\n<meta name=\"description\" content=\"Winstrol (Stanozolol) : St\u00e9ro\u00efde anabolisant stimulant la croissance musculaire sans r\u00e9tention d&#039;eau. Hautement anabolique, faiblement androg\u00e8ne. Pas de conversion en \u0153strog\u00e8nes.\" \/>\n<meta name=\"robots\" content=\"index, follow, max-snippet:-1, max-image-preview:large, max-video-preview:-1\" \/>\n<link rel=\"canonical\" href=\"https:\/\/iberoid.com\/fr\/product\/winstrol-agua-ontario-pharma\/\" \/>\n<meta property=\"og:locale\" content=\"fr_FR\" \/>\n<meta property=\"og:type\" content=\"article\" \/>\n<meta property=\"og:title\" content=\"WINSTROL AGUA (Stanozolol)\" \/>\n<meta property=\"og:description\" content=\"Winstrol (Stanozolol) : St\u00e9ro\u00efde anabolisant stimulant la croissance musculaire sans r\u00e9tention d&#039;eau. Hautement anabolique, faiblement androg\u00e8ne. Pas de conversion en \u0153strog\u00e8nes.\" \/>\n<meta property=\"og:url\" content=\"https:\/\/iberoid.com\/fr\/product\/winstrol-agua-ontario-pharma\/\" \/>\n<meta property=\"og:site_name\" content=\"(Espa\u00f1ol) Esteroides en l\u00ednea\" \/>\n<meta property=\"article:modified_time\" content=\"2025-09-14T18:08:12+00:00\" \/>\n<meta property=\"og:image\" content=\"https:\/\/iberoid.com\/wp-content\/uploads\/2025\/05\/Ontario-winstrol-50.jpg?v=1746956445\" \/>\n\t<meta property=\"og:image:width\" content=\"699\" \/>\n\t<meta property=\"og:image:height\" content=\"515\" \/>\n\t<meta property=\"og:image:type\" content=\"image\/jpeg\" \/>\n<meta name=\"twitter:card\" content=\"summary_large_image\" \/>\n<meta name=\"twitter:label1\" content=\"Prix\" \/>\n\t<meta name=\"twitter:data1\" content=\"&euro;30.00\" \/>\n\t<meta name=\"twitter:label2\" content=\"Disponibilit\u00e9\" \/>\n\t<meta name=\"twitter:data2\" content=\"Rupture de stock\" \/>\n<script type=\"application\/ld+json\" class=\"yoast-schema-graph\">{\"@context\":\"https:\/\/schema.org\",\"@graph\":[{\"@type\":\"WebPage\",\"@id\":\"https:\/\/iberoid.com\/fr\/product\/winstrol-agua-ontario-pharma\/\",\"url\":\"https:\/\/iberoid.com\/fr\/product\/winstrol-agua-ontario-pharma\/\",\"name\":\"WINSTROL AGUA (Stanozolol) - (Espa\u00f1ol) Esteroides en l\u00ednea\",\"isPartOf\":{\"@id\":\"https:\/\/iberoid-shop.com\/#website\"},\"primaryImageOfPage\":{\"@id\":\"https:\/\/iberoid.com\/fr\/product\/winstrol-agua-ontario-pharma\/#primaryimage\"},\"image\":{\"@id\":\"https:\/\/iberoid.com\/fr\/product\/winstrol-agua-ontario-pharma\/#primaryimage\"},\"thumbnailUrl\":\"https:\/\/iberoid.com\/wp-content\/uploads\/2025\/05\/Ontario-winstrol-50.jpg?v=1746956445\",\"datePublished\":\"2025-05-11T09:41:04+00:00\",\"dateModified\":\"2025-09-14T18:08:12+00:00\",\"description\":\"Winstrol (Stanozolol) : St\u00e9ro\u00efde anabolisant stimulant la croissance musculaire sans r\u00e9tention d'eau. Hautement anabolique, faiblement androg\u00e8ne. Pas de conversion en \u0153strog\u00e8nes.\",\"breadcrumb\":{\"@id\":\"https:\/\/iberoid.com\/fr\/product\/winstrol-agua-ontario-pharma\/#breadcrumb\"},\"inLanguage\":\"fr-FR\",\"potentialAction\":[{\"@type\":\"ReadAction\",\"target\":[[\"https:\/\/iberoid.com\/fr\/product\/winstrol-agua-ontario-pharma\/\"]]}]},{\"@type\":\"ImageObject\",\"inLanguage\":\"fr-FR\",\"@id\":\"https:\/\/iberoid.com\/fr\/product\/winstrol-agua-ontario-pharma\/#primaryimage\",\"url\":\"https:\/\/iberoid.com\/wp-content\/uploads\/2025\/05\/Ontario-winstrol-50.jpg?v=1746956445\",\"contentUrl\":\"https:\/\/iberoid.com\/wp-content\/uploads\/2025\/05\/Ontario-winstrol-50.jpg?v=1746956445\",\"width\":699,\"height\":515},{\"@type\":\"BreadcrumbList\",\"@id\":\"https:\/\/iberoid.com\/fr\/product\/winstrol-agua-ontario-pharma\/#breadcrumb\",\"itemListElement\":[{\"@type\":\"ListItem\",\"position\":1,\"name\":\"Portada\",\"item\":\"https:\/\/iberoid.com\/fr\/\"},{\"@type\":\"ListItem\",\"position\":2,\"name\":\"Magasin\",\"item\":\"https:\/\/iberoid.com\/fr\/shop\/\"},{\"@type\":\"ListItem\",\"position\":3,\"name\":\"WINSTROL AGUA (Stanozolol)\"}]},{\"@type\":\"WebSite\",\"@id\":\"https:\/\/iberoid-shop.com\/#website\",\"url\":\"https:\/\/iberoid-shop.com\/\",\"name\":\"(Espa\u00f1ol) Esteroides en l\u00ednea\",\"description\":\"(Espa\u00f1ol) Comprar esteroides en l\u00ednea hoy en Espa\u00f1a y Portugal. Tenemos el mejor servicio al cliente en la industria y los productos de la m\u00e1s alta calidad\",\"potentialAction\":[{\"@type\":\"SearchAction\",\"target\":{\"@type\":\"EntryPoint\",\"urlTemplate\":\"https:\/\/iberoid-shop.com\/?s={search_term_string}\"},\"query-input\":{\"@type\":\"PropertyValueSpecification\",\"valueRequired\":true,\"valueName\":\"search_term_string\"}}],\"inLanguage\":\"fr-FR\"}]}<\/script>\n<meta property=\"product:brand\" content=\"Ontario Pharma\" \/>\n<meta property=\"product:price:amount\" content=\"30.00\" \/>\n<meta property=\"product:price:currency\" content=\"EUR\" \/>\n<meta property=\"og:availability\" content=\"out of stock\" \/>\n<meta property=\"product:availability\" content=\"out of stock\" \/>\n<meta property=\"product:condition\" content=\"new\" \/>\n<!-- \/ Yoast SEO Premium plugin. -->","yoast_head_json":{"title":"WINSTROL AGUA (Stanozolol) - (Espa\u00f1ol) Esteroides en l\u00ednea","description":"Winstrol (Stanozolol) : St\u00e9ro\u00efde anabolisant stimulant la croissance musculaire sans r\u00e9tention d'eau. Hautement anabolique, faiblement androg\u00e8ne. Pas de conversion en \u0153strog\u00e8nes.","robots":{"index":"index","follow":"follow","max-snippet":"max-snippet:-1","max-image-preview":"max-image-preview:large","max-video-preview":"max-video-preview:-1"},"canonical":"https:\/\/iberoid.com\/fr\/product\/winstrol-agua-ontario-pharma\/","og_locale":"fr_FR","og_type":"article","og_title":"WINSTROL AGUA (Stanozolol)","og_description":"Winstrol (Stanozolol) : St\u00e9ro\u00efde anabolisant stimulant la croissance musculaire sans r\u00e9tention d'eau. Hautement anabolique, faiblement androg\u00e8ne. Pas de conversion en \u0153strog\u00e8nes.","og_url":"https:\/\/iberoid.com\/fr\/product\/winstrol-agua-ontario-pharma\/","og_site_name":"(Espa\u00f1ol) Esteroides en l\u00ednea","article_modified_time":"2025-09-14T18:08:12+00:00","og_image":[{"width":699,"height":515,"url":"https:\/\/iberoid.com\/wp-content\/uploads\/2025\/05\/Ontario-winstrol-50.jpg?v=1746956445","type":"image\/jpeg"}],"twitter_card":"summary_large_image","twitter_misc":{"Prix":"&euro;30.00","Disponibilit\u00e9":"Rupture de stock"},"schema":{"@context":"https:\/\/schema.org","@graph":[{"@type":"WebPage","@id":"https:\/\/iberoid.com\/fr\/product\/winstrol-agua-ontario-pharma\/","url":"https:\/\/iberoid.com\/fr\/product\/winstrol-agua-ontario-pharma\/","name":"WINSTROL AGUA (Stanozolol) - (Espa\u00f1ol) Esteroides en l\u00ednea","isPartOf":{"@id":"https:\/\/iberoid-shop.com\/#website"},"primaryImageOfPage":{"@id":"https:\/\/iberoid.com\/fr\/product\/winstrol-agua-ontario-pharma\/#primaryimage"},"image":{"@id":"https:\/\/iberoid.com\/fr\/product\/winstrol-agua-ontario-pharma\/#primaryimage"},"thumbnailUrl":"https:\/\/iberoid.com\/wp-content\/uploads\/2025\/05\/Ontario-winstrol-50.jpg?v=1746956445","datePublished":"2025-05-11T09:41:04+00:00","dateModified":"2025-09-14T18:08:12+00:00","description":"Winstrol (Stanozolol) : St\u00e9ro\u00efde anabolisant stimulant la croissance musculaire sans r\u00e9tention d'eau. Hautement anabolique, faiblement androg\u00e8ne. Pas de conversion en \u0153strog\u00e8nes.","breadcrumb":{"@id":"https:\/\/iberoid.com\/fr\/product\/winstrol-agua-ontario-pharma\/#breadcrumb"},"inLanguage":"fr-FR","potentialAction":[{"@type":"ReadAction","target":[["https:\/\/iberoid.com\/fr\/product\/winstrol-agua-ontario-pharma\/"]]}]},{"@type":"ImageObject","inLanguage":"fr-FR","@id":"https:\/\/iberoid.com\/fr\/product\/winstrol-agua-ontario-pharma\/#primaryimage","url":"https:\/\/iberoid.com\/wp-content\/uploads\/2025\/05\/Ontario-winstrol-50.jpg?v=1746956445","contentUrl":"https:\/\/iberoid.com\/wp-content\/uploads\/2025\/05\/Ontario-winstrol-50.jpg?v=1746956445","width":699,"height":515},{"@type":"BreadcrumbList","@id":"https:\/\/iberoid.com\/fr\/product\/winstrol-agua-ontario-pharma\/#breadcrumb","itemListElement":[{"@type":"ListItem","position":1,"name":"Portada","item":"https:\/\/iberoid.com\/fr\/"},{"@type":"ListItem","position":2,"name":"Magasin","item":"https:\/\/iberoid.com\/fr\/shop\/"},{"@type":"ListItem","position":3,"name":"WINSTROL AGUA (Stanozolol)"}]},{"@type":"WebSite","@id":"https:\/\/iberoid-shop.com\/#website","url":"https:\/\/iberoid-shop.com\/","name":"(Espa\u00f1ol) Esteroides en l\u00ednea","description":"(Espa\u00f1ol) Comprar esteroides en l\u00ednea hoy en Espa\u00f1a y Portugal. Tenemos el mejor servicio al cliente en la industria y los productos de la m\u00e1s alta calidad","potentialAction":[{"@type":"SearchAction","target":{"@type":"EntryPoint","urlTemplate":"https:\/\/iberoid-shop.com\/?s={search_term_string}"},"query-input":{"@type":"PropertyValueSpecification","valueRequired":true,"valueName":"search_term_string"}}],"inLanguage":"fr-FR"}]},"product_brand":"Ontario Pharma","product_price_amount":"30.00","product_price_currency":"EUR","og_availability":"out of stock","product_availability":"out of stock","product_condition":"new"},"_links":{"self":[{"href":"https:\/\/iberoid.com\/fr\/wp-json\/wp\/v2\/product\/10076","targetHints":{"allow":["GET"]}}],"collection":[{"href":"https:\/\/iberoid.com\/fr\/wp-json\/wp\/v2\/product"}],"about":[{"href":"https:\/\/iberoid.com\/fr\/wp-json\/wp\/v2\/types\/product"}],"replies":[{"embeddable":true,"href":"https:\/\/iberoid.com\/fr\/wp-json\/wp\/v2\/comments?post=10076"}],"wp:featuredmedia":[{"embeddable":true,"href":"https:\/\/iberoid.com\/fr\/wp-json\/wp\/v2\/media\/10077"}],"wp:attachment":[{"href":"https:\/\/iberoid.com\/fr\/wp-json\/wp\/v2\/media?parent=10076"}],"wp:term":[{"taxonomy":"product_brand","embeddable":true,"href":"https:\/\/iberoid.com\/fr\/wp-json\/wp\/v2\/product_brand?post=10076"},{"taxonomy":"product_cat","embeddable":true,"href":"https:\/\/iberoid.com\/fr\/wp-json\/wp\/v2\/product_cat?post=10076"},{"taxonomy":"product_tag","embeddable":true,"href":"https:\/\/iberoid.com\/fr\/wp-json\/wp\/v2\/product_tag?post=10076"}],"curies":[{"name":"wp","href":"https:\/\/api.w.org\/{rel}","templated":true}]}}