{"id":10092,"date":"2025-05-17T08:16:29","date_gmt":"2025-05-17T08:16:29","guid":{"rendered":"https:\/\/iberoid.com\/?post_type=product&#038;p=10092"},"modified":"2025-11-30T09:11:18","modified_gmt":"2025-11-30T09:11:18","slug":"nac-n-acetyl-l-cysteine-60-caps","status":"publish","type":"product","link":"https:\/\/iberoid.com\/fr\/product\/nac-n-acetyl-l-cysteine-60-caps\/","title":{"rendered":"NAC N-Acetyl-L-Cysteine &#8211; 60 CAPS"},"content":{"rendered":"<p><\/p>\n<h2 data-sourcepos=\"3:1-3:45\">Compl\u00e9ment Alimentaire N-Ac\u00e9tyl L-Cyst\u00e9ine<\/h2>\n<p data-sourcepos=\"5:1-5:435\">Ce compl\u00e9ment alimentaire est recommand\u00e9 comme <strong>d\u00e9toxifiant, antioxydant et mucolytique<\/strong>. La Cyst\u00e9ine peut contribuer au maintien de la sant\u00e9 du syst\u00e8me cardiovasculaire, \u00e0 la d\u00e9toxification de l&rsquo;organisme par l&rsquo;action de liaison et d&rsquo;\u00e9limination des toxines et des m\u00e9taux lourds, \u00e0 la protection c\u00e9r\u00e9brale et h\u00e9patique, \u00e0 favoriser la fluidification du mucus, et \u00e0 \u00e9tablir la communication entre les cellules du syst\u00e8me immunitaire.<\/p>\n<p data-sourcepos=\"7:1-7:231\">La Cyst\u00e9ine est un \u00e9l\u00e9ment important pour le m\u00e9tabolisme de la coenzyme A, de l&rsquo;h\u00e9parine, de la biotine, de l&rsquo;acide lipo\u00efque et du glutathion. Dans l&rsquo;organisme, la cyst\u00e9ine est convertie en <strong>glutathion<\/strong>, un important antioxydant.<\/p>\n<p data-sourcepos=\"9:1-9:182\">La Cyst\u00e9ine est un acide amin\u00e9 non essentiel, contenant du soufre, qui entre dans la composition des ongles, des cheveux et de la k\u00e9ratine de la peau, contribuant ainsi \u00e0 leur sant\u00e9.<\/p>\n<p data-sourcepos=\"11:1-11:128\">Il ne contient <strong>ni lactose, ni gluten, ni soja, ni st\u00e9arate de magn\u00e9sium, ni \u00e9dulcorants artificiels, ni additifs chimiques !<\/strong><\/p>\n<hr data-sourcepos=\"13:1-13:3\" \/>\n<h3 data-sourcepos=\"15:1-15:27\">Mode d&rsquo;administration :<\/h3>\n<p data-sourcepos=\"16:1-16:57\"><strong>Adultes :<\/strong> 1 capsule par jour, en cures de 1 \u00e0 2 mois.<\/p>\n<hr data-sourcepos=\"18:1-18:3\" \/>\n<h3 data-sourcepos=\"20:1-20:29\">Ingr\u00e9dients par capsule :<\/h3>\n<p data-sourcepos=\"21:1-21:93\">N-ac\u00e9tyl cyst\u00e9ine (NAC) 300 mg, farine de riz (agent de charge naturel), capsule de g\u00e9latine.<\/p>\n<hr data-sourcepos=\"23:1-23:3\" \/>\n<h3 data-sourcepos=\"25:1-25:39\">Pr\u00e9cautions et contre-indications :<\/h3>\n<p data-sourcepos=\"26:1-26:251\">Non recommand\u00e9 pour les personnes allergiques \u00e0 l&rsquo;ac\u00e9tylcyst\u00e9ine, les femmes enceintes et celles qui allaitent. La prudence est de mise lors de l&rsquo;administration chez les personnes atteintes d&rsquo;asthme bronchique ou d&rsquo;insuffisance r\u00e9nale ou respiratoire.<\/p>\n<p data-sourcepos=\"28:1-28:234\"><span class=\"citation-58 citation-end-58\">Les compl\u00e9ments alimentaires ne remplacent pas une alimentation vari\u00e9e et \u00e9quilibr\u00e9e ni un mode de vie sain ! Ne pas d\u00e9passer la dose<\/span> quotidienne recommand\u00e9e ! Ne pas laisser \u00e0 la port\u00e9e et \u00e0 la vue des jeunes enfants !<\/p>\n<hr data-sourcepos=\"30:1-30:3\" \/>\n<h3 data-sourcepos=\"32:1-32:18\">Pr\u00e9sentation :<\/h3>\n<p data-sourcepos=\"33:1-33:11\">60 capsules<\/p>\n<p data-sourcepos=\"35:1-35:227\">Le N-Ac\u00e9tyl L-Cyst\u00e9ine 60 capsules Zenyth (peut soutenir la d\u00e9toxification de l&rsquo;organisme) fait partie de la cat\u00e9gorie des compl\u00e9ments alimentaires du groupe des <strong>acides amin\u00e9s<\/strong>, et contient l&rsquo;ingr\u00e9dient actif <strong>L-cyst\u00e9ine<\/strong>.<\/p>\n<p><\/p>","protected":false},"excerpt":{"rendered":"<p>Compl\u00e9ment Alimentaire N-Ac\u00e9tyl L-Cyst\u00e9ine Ce compl\u00e9ment alimentaire est recommand\u00e9 comme d\u00e9toxifiant, antioxydant et mucolytique. La Cyst\u00e9ine peut contribuer au maintien<\/p>\n","protected":false},"featured_media":10099,"comment_status":"open","ping_status":"closed","template":"","meta":[],"product_brand":[],"product_cat":[3517],"product_tag":[],"class_list":{"0":"post-10092","1":"product","2":"type-product","3":"status-publish","4":"has-post-thumbnail","6":"product_cat-suplementos-2","8":"first","9":"outofstock","10":"shipping-taxable","11":"purchasable","12":"product-type-simple"},"yoast_head":"<!-- This site is optimized with the Yoast SEO Premium plugin v24.4 (Yoast SEO v27.0) - https:\/\/yoast.com\/product\/yoast-seo-premium-wordpress\/ -->\n<title>NAC N-Acetyl-L-Cysteine - 60 CAPS - (Espa\u00f1ol) Esteroides en l\u00ednea<\/title>\n<meta name=\"description\" content=\"La N-Ac\u00e9tyl L-Cyst\u00e9ine (NAC) est un compl\u00e9ment alimentaire et un puissant antioxydant qui favorise la d\u00e9toxification, soutient la sant\u00e9 du foie et du cerveau et renforce le syst\u00e8me immunitaire.\" \/>\n<meta name=\"robots\" content=\"index, follow, max-snippet:-1, max-image-preview:large, max-video-preview:-1\" \/>\n<link rel=\"canonical\" href=\"https:\/\/iberoid.com\/fr\/product\/nac-n-acetyl-l-cysteine-60-caps\/\" \/>\n<meta property=\"og:locale\" content=\"fr_FR\" \/>\n<meta property=\"og:type\" content=\"article\" \/>\n<meta property=\"og:title\" content=\"NAC N-Acetyl-L-Cysteine - 60 CAPS\" \/>\n<meta property=\"og:description\" content=\"La N-Ac\u00e9tyl L-Cyst\u00e9ine (NAC) est un compl\u00e9ment alimentaire et un puissant antioxydant qui favorise la d\u00e9toxification, soutient la sant\u00e9 du foie et du cerveau et renforce le syst\u00e8me immunitaire.\" \/>\n<meta property=\"og:url\" content=\"https:\/\/iberoid.com\/fr\/product\/nac-n-acetyl-l-cysteine-60-caps\/\" \/>\n<meta property=\"og:site_name\" content=\"(Espa\u00f1ol) Esteroides en l\u00ednea\" \/>\n<meta property=\"article:modified_time\" content=\"2025-11-30T09:11:18+00:00\" \/>\n<meta property=\"og:image\" content=\"https:\/\/iberoid.com\/wp-content\/uploads\/2025\/05\/nac-60-caps-1.jpg?v=1747471598\" \/>\n\t<meta property=\"og:image:width\" content=\"600\" \/>\n\t<meta property=\"og:image:height\" content=\"600\" \/>\n\t<meta property=\"og:image:type\" content=\"image\/jpeg\" \/>\n<meta name=\"twitter:card\" content=\"summary_large_image\" \/>\n<meta name=\"twitter:label1\" content=\"Prix\" \/>\n\t<meta name=\"twitter:data1\" content=\"&euro;7.00\" \/>\n\t<meta name=\"twitter:label2\" content=\"Disponibilit\u00e9\" \/>\n\t<meta name=\"twitter:data2\" content=\"Rupture de stock\" \/>\n<script type=\"application\/ld+json\" class=\"yoast-schema-graph\">{\"@context\":\"https:\/\/schema.org\",\"@graph\":[{\"@type\":\"WebPage\",\"@id\":\"https:\/\/iberoid.com\/fr\/product\/nac-n-acetyl-l-cysteine-60-caps\/\",\"url\":\"https:\/\/iberoid.com\/fr\/product\/nac-n-acetyl-l-cysteine-60-caps\/\",\"name\":\"NAC N-Acetyl-L-Cysteine - 60 CAPS - (Espa\u00f1ol) Esteroides en l\u00ednea\",\"isPartOf\":{\"@id\":\"https:\/\/iberoid-shop.com\/#website\"},\"primaryImageOfPage\":{\"@id\":\"https:\/\/iberoid.com\/fr\/product\/nac-n-acetyl-l-cysteine-60-caps\/#primaryimage\"},\"image\":{\"@id\":\"https:\/\/iberoid.com\/fr\/product\/nac-n-acetyl-l-cysteine-60-caps\/#primaryimage\"},\"thumbnailUrl\":\"https:\/\/iberoid.com\/wp-content\/uploads\/2025\/05\/nac-60-caps-1.jpg?v=1747471598\",\"datePublished\":\"2025-05-17T08:16:29+00:00\",\"dateModified\":\"2025-11-30T09:11:18+00:00\",\"description\":\"La N-Ac\u00e9tyl L-Cyst\u00e9ine (NAC) est un compl\u00e9ment alimentaire et un puissant antioxydant qui favorise la d\u00e9toxification, soutient la sant\u00e9 du foie et du cerveau et renforce le syst\u00e8me immunitaire.\",\"breadcrumb\":{\"@id\":\"https:\/\/iberoid.com\/fr\/product\/nac-n-acetyl-l-cysteine-60-caps\/#breadcrumb\"},\"inLanguage\":\"fr-FR\",\"potentialAction\":[{\"@type\":\"ReadAction\",\"target\":[[\"https:\/\/iberoid.com\/fr\/product\/nac-n-acetyl-l-cysteine-60-caps\/\"]]}]},{\"@type\":\"ImageObject\",\"inLanguage\":\"fr-FR\",\"@id\":\"https:\/\/iberoid.com\/fr\/product\/nac-n-acetyl-l-cysteine-60-caps\/#primaryimage\",\"url\":\"https:\/\/iberoid.com\/wp-content\/uploads\/2025\/05\/nac-60-caps-1.jpg?v=1747471598\",\"contentUrl\":\"https:\/\/iberoid.com\/wp-content\/uploads\/2025\/05\/nac-60-caps-1.jpg?v=1747471598\",\"width\":600,\"height\":600},{\"@type\":\"BreadcrumbList\",\"@id\":\"https:\/\/iberoid.com\/fr\/product\/nac-n-acetyl-l-cysteine-60-caps\/#breadcrumb\",\"itemListElement\":[{\"@type\":\"ListItem\",\"position\":1,\"name\":\"Portada\",\"item\":\"https:\/\/iberoid.com\/fr\/\"},{\"@type\":\"ListItem\",\"position\":2,\"name\":\"Magasin\",\"item\":\"https:\/\/iberoid.com\/fr\/shop\/\"},{\"@type\":\"ListItem\",\"position\":3,\"name\":\"NAC N-Acetyl-L-Cysteine &#8211; 60 CAPS\"}]},{\"@type\":\"WebSite\",\"@id\":\"https:\/\/iberoid-shop.com\/#website\",\"url\":\"https:\/\/iberoid-shop.com\/\",\"name\":\"(Espa\u00f1ol) Esteroides en l\u00ednea\",\"description\":\"(Espa\u00f1ol) Comprar esteroides en l\u00ednea hoy en Espa\u00f1a y Portugal. Tenemos el mejor servicio al cliente en la industria y los productos de la m\u00e1s alta calidad\",\"potentialAction\":[{\"@type\":\"SearchAction\",\"target\":{\"@type\":\"EntryPoint\",\"urlTemplate\":\"https:\/\/iberoid-shop.com\/?s={search_term_string}\"},\"query-input\":{\"@type\":\"PropertyValueSpecification\",\"valueRequired\":true,\"valueName\":\"search_term_string\"}}],\"inLanguage\":\"fr-FR\"}]}<\/script>\n<meta property=\"product:brand\" content=\"Zenyth Pharmaceuticals\" \/>\n<meta property=\"product:price:amount\" content=\"7.00\" \/>\n<meta property=\"product:price:currency\" content=\"EUR\" \/>\n<meta property=\"og:availability\" content=\"out of stock\" \/>\n<meta property=\"product:availability\" content=\"out of stock\" \/>\n<meta property=\"product:condition\" content=\"new\" \/>\n<!-- \/ Yoast SEO Premium plugin. -->","yoast_head_json":{"title":"NAC N-Acetyl-L-Cysteine - 60 CAPS - (Espa\u00f1ol) Esteroides en l\u00ednea","description":"La N-Ac\u00e9tyl L-Cyst\u00e9ine (NAC) est un compl\u00e9ment alimentaire et un puissant antioxydant qui favorise la d\u00e9toxification, soutient la sant\u00e9 du foie et du cerveau et renforce le syst\u00e8me immunitaire.","robots":{"index":"index","follow":"follow","max-snippet":"max-snippet:-1","max-image-preview":"max-image-preview:large","max-video-preview":"max-video-preview:-1"},"canonical":"https:\/\/iberoid.com\/fr\/product\/nac-n-acetyl-l-cysteine-60-caps\/","og_locale":"fr_FR","og_type":"article","og_title":"NAC N-Acetyl-L-Cysteine - 60 CAPS","og_description":"La N-Ac\u00e9tyl L-Cyst\u00e9ine (NAC) est un compl\u00e9ment alimentaire et un puissant antioxydant qui favorise la d\u00e9toxification, soutient la sant\u00e9 du foie et du cerveau et renforce le syst\u00e8me immunitaire.","og_url":"https:\/\/iberoid.com\/fr\/product\/nac-n-acetyl-l-cysteine-60-caps\/","og_site_name":"(Espa\u00f1ol) Esteroides en l\u00ednea","article_modified_time":"2025-11-30T09:11:18+00:00","og_image":[{"width":600,"height":600,"url":"https:\/\/iberoid.com\/wp-content\/uploads\/2025\/05\/nac-60-caps-1.jpg?v=1747471598","type":"image\/jpeg"}],"twitter_card":"summary_large_image","twitter_misc":{"Prix":"&euro;7.00","Disponibilit\u00e9":"Rupture de stock"},"schema":{"@context":"https:\/\/schema.org","@graph":[{"@type":"WebPage","@id":"https:\/\/iberoid.com\/fr\/product\/nac-n-acetyl-l-cysteine-60-caps\/","url":"https:\/\/iberoid.com\/fr\/product\/nac-n-acetyl-l-cysteine-60-caps\/","name":"NAC N-Acetyl-L-Cysteine - 60 CAPS - (Espa\u00f1ol) Esteroides en l\u00ednea","isPartOf":{"@id":"https:\/\/iberoid-shop.com\/#website"},"primaryImageOfPage":{"@id":"https:\/\/iberoid.com\/fr\/product\/nac-n-acetyl-l-cysteine-60-caps\/#primaryimage"},"image":{"@id":"https:\/\/iberoid.com\/fr\/product\/nac-n-acetyl-l-cysteine-60-caps\/#primaryimage"},"thumbnailUrl":"https:\/\/iberoid.com\/wp-content\/uploads\/2025\/05\/nac-60-caps-1.jpg?v=1747471598","datePublished":"2025-05-17T08:16:29+00:00","dateModified":"2025-11-30T09:11:18+00:00","description":"La N-Ac\u00e9tyl L-Cyst\u00e9ine (NAC) est un compl\u00e9ment alimentaire et un puissant antioxydant qui favorise la d\u00e9toxification, soutient la sant\u00e9 du foie et du cerveau et renforce le syst\u00e8me immunitaire.","breadcrumb":{"@id":"https:\/\/iberoid.com\/fr\/product\/nac-n-acetyl-l-cysteine-60-caps\/#breadcrumb"},"inLanguage":"fr-FR","potentialAction":[{"@type":"ReadAction","target":[["https:\/\/iberoid.com\/fr\/product\/nac-n-acetyl-l-cysteine-60-caps\/"]]}]},{"@type":"ImageObject","inLanguage":"fr-FR","@id":"https:\/\/iberoid.com\/fr\/product\/nac-n-acetyl-l-cysteine-60-caps\/#primaryimage","url":"https:\/\/iberoid.com\/wp-content\/uploads\/2025\/05\/nac-60-caps-1.jpg?v=1747471598","contentUrl":"https:\/\/iberoid.com\/wp-content\/uploads\/2025\/05\/nac-60-caps-1.jpg?v=1747471598","width":600,"height":600},{"@type":"BreadcrumbList","@id":"https:\/\/iberoid.com\/fr\/product\/nac-n-acetyl-l-cysteine-60-caps\/#breadcrumb","itemListElement":[{"@type":"ListItem","position":1,"name":"Portada","item":"https:\/\/iberoid.com\/fr\/"},{"@type":"ListItem","position":2,"name":"Magasin","item":"https:\/\/iberoid.com\/fr\/shop\/"},{"@type":"ListItem","position":3,"name":"NAC N-Acetyl-L-Cysteine &#8211; 60 CAPS"}]},{"@type":"WebSite","@id":"https:\/\/iberoid-shop.com\/#website","url":"https:\/\/iberoid-shop.com\/","name":"(Espa\u00f1ol) Esteroides en l\u00ednea","description":"(Espa\u00f1ol) Comprar esteroides en l\u00ednea hoy en Espa\u00f1a y Portugal. Tenemos el mejor servicio al cliente en la industria y los productos de la m\u00e1s alta calidad","potentialAction":[{"@type":"SearchAction","target":{"@type":"EntryPoint","urlTemplate":"https:\/\/iberoid-shop.com\/?s={search_term_string}"},"query-input":{"@type":"PropertyValueSpecification","valueRequired":true,"valueName":"search_term_string"}}],"inLanguage":"fr-FR"}]},"product_brand":"Zenyth Pharmaceuticals","product_price_amount":"7.00","product_price_currency":"EUR","og_availability":"out of stock","product_availability":"out of stock","product_condition":"new"},"_links":{"self":[{"href":"https:\/\/iberoid.com\/fr\/wp-json\/wp\/v2\/product\/10092","targetHints":{"allow":["GET"]}}],"collection":[{"href":"https:\/\/iberoid.com\/fr\/wp-json\/wp\/v2\/product"}],"about":[{"href":"https:\/\/iberoid.com\/fr\/wp-json\/wp\/v2\/types\/product"}],"replies":[{"embeddable":true,"href":"https:\/\/iberoid.com\/fr\/wp-json\/wp\/v2\/comments?post=10092"}],"wp:featuredmedia":[{"embeddable":true,"href":"https:\/\/iberoid.com\/fr\/wp-json\/wp\/v2\/media\/10099"}],"wp:attachment":[{"href":"https:\/\/iberoid.com\/fr\/wp-json\/wp\/v2\/media?parent=10092"}],"wp:term":[{"taxonomy":"product_brand","embeddable":true,"href":"https:\/\/iberoid.com\/fr\/wp-json\/wp\/v2\/product_brand?post=10092"},{"taxonomy":"product_cat","embeddable":true,"href":"https:\/\/iberoid.com\/fr\/wp-json\/wp\/v2\/product_cat?post=10092"},{"taxonomy":"product_tag","embeddable":true,"href":"https:\/\/iberoid.com\/fr\/wp-json\/wp\/v2\/product_tag?post=10092"}],"curies":[{"name":"wp","href":"https:\/\/api.w.org\/{rel}","templated":true}]}}