{"id":10109,"date":"2025-05-21T18:17:13","date_gmt":"2025-05-21T18:17:13","guid":{"rendered":"https:\/\/iberoid.com\/?post_type=product&#038;p=10109"},"modified":"2026-01-12T17:18:29","modified_gmt":"2026-01-12T17:18:29","slug":"boldenone-undecylenate-250mg","status":"publish","type":"product","link":"https:\/\/iberoid.com\/fr\/product\/boldenone-undecylenate-250mg\/","title":{"rendered":"Boldenone Undecylenate 250mg"},"content":{"rendered":"<p><\/p>\n<p data-sourcepos=\"3:1-4:55\"><strong>Emballage :<\/strong> 10 ampoules de 1 ml (250 mg\/ml)<\/p>\n<p data-sourcepos=\"3:1-4:55\"><strong>Substance active :<\/strong> Und\u00e9cyl\u00e9nate de Bold\u00e9none 250 mg<\/p>\n<p data-sourcepos=\"6:1-7:143\">La bold\u00e9none est un m\u00e9dicament anabolisant st\u00e9ro\u00efdien synth\u00e9tique injectable d\u00e9riv\u00e9 de l&rsquo;hormone sexuelle m\u00e2le, la testost\u00e9rone. L&rsquo;und\u00e9cyl\u00e9nate de bold\u00e9none a un effet \u00e0 long terme, il est utilis\u00e9 comme traitement d&rsquo;appoint chez les chevaux lorsqu&rsquo;ils doivent prendre du poids, am\u00e9liorer leur app\u00e9tit, leur pelage, augmenter leur \u00e9nergie et leur masse musculaire, ainsi que leur condition physique g\u00e9n\u00e9rale. Il est indiqu\u00e9 pour les chevaux en convalescence suite \u00e0 une maladie, une intervention chirurgicale, un surmenage ou un autre stress important.<\/p>\n<p data-sourcepos=\"9:1-9:54\">L&rsquo;und\u00e9cyl\u00e9nate de bold\u00e9none ne doit pas \u00eatre utilis\u00e9 :<\/p>\n<ul data-sourcepos=\"11:1-15:0\">\n<li data-sourcepos=\"11:1-11:66\">Chez les animaux atteints d&rsquo;un cancer de la prostate ou du sein.<\/li>\n<li data-sourcepos=\"12:1-12:70\">Chez les animaux gestants en raison de la masculinisation des f\u0153tus.<\/li>\n<li data-sourcepos=\"13:1-13:163\">Chez les jeunes animaux \u2013 il peut provoquer des troubles graves tels que la fermeture pr\u00e9matur\u00e9e des cartilages de croissance et un d\u00e9veloppement sexuel anormal.<\/li>\n<li data-sourcepos=\"14:1-15:0\">Ni chez les \u00e9talons ni chez les juments non gestantes destin\u00e9es \u00e0 la reproduction.<\/li>\n<\/ul>\n<p data-sourcepos=\"16:1-16:35\"><strong>Posologie et effets secondaires<\/strong><\/p>\n<p data-sourcepos=\"18:1-20:110\">Le m\u00e9dicament est administr\u00e9 \u00e0 raison de 1 mg\/kg de poids corporel par voie intramusculaire. R\u00e9p\u00e9ter \u00e0 intervalle de 3 semaines. Chez les chevaux, le m\u00e9dicament provoque une r\u00e9tention de sodium et d&rsquo;eau, une virilisation et une h\u00e9patotoxicit\u00e9. Le m\u00e9dicament n&rsquo;est pas recommand\u00e9 pour les personnes, car il peut provoquer les effets secondaires suivants :<\/p>\n<ul data-sourcepos=\"22:1-26:46\">\n<li data-sourcepos=\"22:1-22:64\">augmentation du taux de \u00ab mauvais \u00bb cholest\u00e9rol dans le sang ;<\/li>\n<li data-sourcepos=\"23:1-23:16\">virilisation ;<\/li>\n<li data-sourcepos=\"24:1-24:16\">gyn\u00e9comastie ;<\/li>\n<li data-sourcepos=\"25:1-25:69\">l\u00e9g\u00e8re suppression de la production de testost\u00e9rone dans le corps ;<\/li>\n<li data-sourcepos=\"26:1-26:46\">acn\u00e9 sur la poitrine, le dos et les \u00e9paules.<\/li>\n<\/ul>\n<p><\/p>","protected":false},"excerpt":{"rendered":"<p>Emballage : 10 ampoules de 1 ml (250 mg\/ml) Substance active : Und\u00e9cyl\u00e9nate de Bold\u00e9none 250 mg La bold\u00e9none est<\/p>\n","protected":false},"featured_media":10110,"comment_status":"open","ping_status":"closed","template":"","meta":[],"product_brand":[],"product_cat":[69],"product_tag":[],"class_list":{"0":"post-10109","1":"product","2":"type-product","3":"status-publish","4":"has-post-thumbnail","6":"product_cat-esteroides_inyectables","8":"first","9":"outofstock","10":"shipping-taxable","11":"purchasable","12":"product-type-simple"},"yoast_head":"<!-- This site is optimized with the Yoast SEO Premium plugin v24.4 (Yoast SEO v27.0) - https:\/\/yoast.com\/product\/yoast-seo-premium-wordpress\/ -->\n<title>Boldenone Undecylenate 250mg - (Espa\u00f1ol) Esteroides en l\u00ednea<\/title>\n<meta name=\"description\" content=\"Le Bold\u00e9none Und\u00e9cyl\u00e9nate est un st\u00e9ro\u00efde anabolisant qui augmente la masse musculaire, l&#039;app\u00e9tit et l&#039;\u00e9nergie avec des effets durables.\" \/>\n<meta name=\"robots\" content=\"index, follow, max-snippet:-1, max-image-preview:large, max-video-preview:-1\" \/>\n<link rel=\"canonical\" href=\"https:\/\/iberoid.com\/fr\/product\/boldenone-undecylenate-250mg\/\" \/>\n<meta property=\"og:locale\" content=\"fr_FR\" \/>\n<meta property=\"og:type\" content=\"article\" \/>\n<meta property=\"og:title\" content=\"Boldenone Undecylenate 250mg\" \/>\n<meta property=\"og:description\" content=\"Le Bold\u00e9none Und\u00e9cyl\u00e9nate est un st\u00e9ro\u00efde anabolisant qui augmente la masse musculaire, l&#039;app\u00e9tit et l&#039;\u00e9nergie avec des effets durables.\" \/>\n<meta property=\"og:url\" content=\"https:\/\/iberoid.com\/fr\/product\/boldenone-undecylenate-250mg\/\" \/>\n<meta property=\"og:site_name\" content=\"(Espa\u00f1ol) Esteroides en l\u00ednea\" \/>\n<meta property=\"article:modified_time\" content=\"2026-01-12T17:18:29+00:00\" \/>\n<meta property=\"og:image\" content=\"https:\/\/iberoid.com\/wp-content\/uploads\/2025\/05\/bolde.jpg?v=1747851405\" \/>\n\t<meta property=\"og:image:width\" content=\"2200\" \/>\n\t<meta property=\"og:image:height\" content=\"1540\" \/>\n\t<meta property=\"og:image:type\" content=\"image\/jpeg\" \/>\n<meta name=\"twitter:card\" content=\"summary_large_image\" \/>\n<meta name=\"twitter:label1\" content=\"Prix\" \/>\n\t<meta name=\"twitter:data1\" content=\"&euro;40.00\" \/>\n\t<meta name=\"twitter:label2\" content=\"Disponibilit\u00e9\" \/>\n\t<meta name=\"twitter:data2\" content=\"Rupture de stock\" \/>\n<script type=\"application\/ld+json\" class=\"yoast-schema-graph\">{\"@context\":\"https:\/\/schema.org\",\"@graph\":[{\"@type\":\"WebPage\",\"@id\":\"https:\/\/iberoid.com\/fr\/product\/boldenone-undecylenate-250mg\/\",\"url\":\"https:\/\/iberoid.com\/fr\/product\/boldenone-undecylenate-250mg\/\",\"name\":\"Boldenone Undecylenate 250mg - (Espa\u00f1ol) Esteroides en l\u00ednea\",\"isPartOf\":{\"@id\":\"https:\/\/iberoid-shop.com\/#website\"},\"primaryImageOfPage\":{\"@id\":\"https:\/\/iberoid.com\/fr\/product\/boldenone-undecylenate-250mg\/#primaryimage\"},\"image\":{\"@id\":\"https:\/\/iberoid.com\/fr\/product\/boldenone-undecylenate-250mg\/#primaryimage\"},\"thumbnailUrl\":\"https:\/\/iberoid.com\/wp-content\/uploads\/2025\/05\/bolde.jpg?v=1747851405\",\"datePublished\":\"2025-05-21T18:17:13+00:00\",\"dateModified\":\"2026-01-12T17:18:29+00:00\",\"description\":\"Le Bold\u00e9none Und\u00e9cyl\u00e9nate est un st\u00e9ro\u00efde anabolisant qui augmente la masse musculaire, l'app\u00e9tit et l'\u00e9nergie avec des effets durables.\",\"breadcrumb\":{\"@id\":\"https:\/\/iberoid.com\/fr\/product\/boldenone-undecylenate-250mg\/#breadcrumb\"},\"inLanguage\":\"fr-FR\",\"potentialAction\":[{\"@type\":\"ReadAction\",\"target\":[[\"https:\/\/iberoid.com\/fr\/product\/boldenone-undecylenate-250mg\/\"]]}]},{\"@type\":\"ImageObject\",\"inLanguage\":\"fr-FR\",\"@id\":\"https:\/\/iberoid.com\/fr\/product\/boldenone-undecylenate-250mg\/#primaryimage\",\"url\":\"https:\/\/iberoid.com\/wp-content\/uploads\/2025\/05\/bolde.jpg?v=1747851405\",\"contentUrl\":\"https:\/\/iberoid.com\/wp-content\/uploads\/2025\/05\/bolde.jpg?v=1747851405\",\"width\":2200,\"height\":1540},{\"@type\":\"BreadcrumbList\",\"@id\":\"https:\/\/iberoid.com\/fr\/product\/boldenone-undecylenate-250mg\/#breadcrumb\",\"itemListElement\":[{\"@type\":\"ListItem\",\"position\":1,\"name\":\"Portada\",\"item\":\"https:\/\/iberoid.com\/fr\/\"},{\"@type\":\"ListItem\",\"position\":2,\"name\":\"Magasin\",\"item\":\"https:\/\/iberoid.com\/fr\/shop\/\"},{\"@type\":\"ListItem\",\"position\":3,\"name\":\"Boldenone Undecylenate 250mg\"}]},{\"@type\":\"WebSite\",\"@id\":\"https:\/\/iberoid-shop.com\/#website\",\"url\":\"https:\/\/iberoid-shop.com\/\",\"name\":\"(Espa\u00f1ol) Esteroides en l\u00ednea\",\"description\":\"(Espa\u00f1ol) Comprar esteroides en l\u00ednea hoy en Espa\u00f1a y Portugal. Tenemos el mejor servicio al cliente en la industria y los productos de la m\u00e1s alta calidad\",\"potentialAction\":[{\"@type\":\"SearchAction\",\"target\":{\"@type\":\"EntryPoint\",\"urlTemplate\":\"https:\/\/iberoid-shop.com\/?s={search_term_string}\"},\"query-input\":{\"@type\":\"PropertyValueSpecification\",\"valueRequired\":true,\"valueName\":\"search_term_string\"}}],\"inLanguage\":\"fr-FR\"}]}<\/script>\n<meta property=\"product:brand\" content=\"Genetic Life Science\" \/>\n<meta property=\"product:price:amount\" content=\"40.00\" \/>\n<meta property=\"product:price:currency\" content=\"EUR\" \/>\n<meta property=\"og:availability\" content=\"out of stock\" \/>\n<meta property=\"product:availability\" content=\"out of stock\" \/>\n<meta property=\"product:condition\" content=\"new\" \/>\n<!-- \/ Yoast SEO Premium plugin. -->","yoast_head_json":{"title":"Boldenone Undecylenate 250mg - (Espa\u00f1ol) Esteroides en l\u00ednea","description":"Le Bold\u00e9none Und\u00e9cyl\u00e9nate est un st\u00e9ro\u00efde anabolisant qui augmente la masse musculaire, l'app\u00e9tit et l'\u00e9nergie avec des effets durables.","robots":{"index":"index","follow":"follow","max-snippet":"max-snippet:-1","max-image-preview":"max-image-preview:large","max-video-preview":"max-video-preview:-1"},"canonical":"https:\/\/iberoid.com\/fr\/product\/boldenone-undecylenate-250mg\/","og_locale":"fr_FR","og_type":"article","og_title":"Boldenone Undecylenate 250mg","og_description":"Le Bold\u00e9none Und\u00e9cyl\u00e9nate est un st\u00e9ro\u00efde anabolisant qui augmente la masse musculaire, l'app\u00e9tit et l'\u00e9nergie avec des effets durables.","og_url":"https:\/\/iberoid.com\/fr\/product\/boldenone-undecylenate-250mg\/","og_site_name":"(Espa\u00f1ol) Esteroides en l\u00ednea","article_modified_time":"2026-01-12T17:18:29+00:00","og_image":[{"width":2200,"height":1540,"url":"https:\/\/iberoid.com\/wp-content\/uploads\/2025\/05\/bolde.jpg?v=1747851405","type":"image\/jpeg"}],"twitter_card":"summary_large_image","twitter_misc":{"Prix":"&euro;40.00","Disponibilit\u00e9":"Rupture de stock"},"schema":{"@context":"https:\/\/schema.org","@graph":[{"@type":"WebPage","@id":"https:\/\/iberoid.com\/fr\/product\/boldenone-undecylenate-250mg\/","url":"https:\/\/iberoid.com\/fr\/product\/boldenone-undecylenate-250mg\/","name":"Boldenone Undecylenate 250mg - (Espa\u00f1ol) Esteroides en l\u00ednea","isPartOf":{"@id":"https:\/\/iberoid-shop.com\/#website"},"primaryImageOfPage":{"@id":"https:\/\/iberoid.com\/fr\/product\/boldenone-undecylenate-250mg\/#primaryimage"},"image":{"@id":"https:\/\/iberoid.com\/fr\/product\/boldenone-undecylenate-250mg\/#primaryimage"},"thumbnailUrl":"https:\/\/iberoid.com\/wp-content\/uploads\/2025\/05\/bolde.jpg?v=1747851405","datePublished":"2025-05-21T18:17:13+00:00","dateModified":"2026-01-12T17:18:29+00:00","description":"Le Bold\u00e9none Und\u00e9cyl\u00e9nate est un st\u00e9ro\u00efde anabolisant qui augmente la masse musculaire, l'app\u00e9tit et l'\u00e9nergie avec des effets durables.","breadcrumb":{"@id":"https:\/\/iberoid.com\/fr\/product\/boldenone-undecylenate-250mg\/#breadcrumb"},"inLanguage":"fr-FR","potentialAction":[{"@type":"ReadAction","target":[["https:\/\/iberoid.com\/fr\/product\/boldenone-undecylenate-250mg\/"]]}]},{"@type":"ImageObject","inLanguage":"fr-FR","@id":"https:\/\/iberoid.com\/fr\/product\/boldenone-undecylenate-250mg\/#primaryimage","url":"https:\/\/iberoid.com\/wp-content\/uploads\/2025\/05\/bolde.jpg?v=1747851405","contentUrl":"https:\/\/iberoid.com\/wp-content\/uploads\/2025\/05\/bolde.jpg?v=1747851405","width":2200,"height":1540},{"@type":"BreadcrumbList","@id":"https:\/\/iberoid.com\/fr\/product\/boldenone-undecylenate-250mg\/#breadcrumb","itemListElement":[{"@type":"ListItem","position":1,"name":"Portada","item":"https:\/\/iberoid.com\/fr\/"},{"@type":"ListItem","position":2,"name":"Magasin","item":"https:\/\/iberoid.com\/fr\/shop\/"},{"@type":"ListItem","position":3,"name":"Boldenone Undecylenate 250mg"}]},{"@type":"WebSite","@id":"https:\/\/iberoid-shop.com\/#website","url":"https:\/\/iberoid-shop.com\/","name":"(Espa\u00f1ol) Esteroides en l\u00ednea","description":"(Espa\u00f1ol) Comprar esteroides en l\u00ednea hoy en Espa\u00f1a y Portugal. Tenemos el mejor servicio al cliente en la industria y los productos de la m\u00e1s alta calidad","potentialAction":[{"@type":"SearchAction","target":{"@type":"EntryPoint","urlTemplate":"https:\/\/iberoid-shop.com\/?s={search_term_string}"},"query-input":{"@type":"PropertyValueSpecification","valueRequired":true,"valueName":"search_term_string"}}],"inLanguage":"fr-FR"}]},"product_brand":"Genetic Life Science","product_price_amount":"40.00","product_price_currency":"EUR","og_availability":"out of stock","product_availability":"out of stock","product_condition":"new"},"_links":{"self":[{"href":"https:\/\/iberoid.com\/fr\/wp-json\/wp\/v2\/product\/10109","targetHints":{"allow":["GET"]}}],"collection":[{"href":"https:\/\/iberoid.com\/fr\/wp-json\/wp\/v2\/product"}],"about":[{"href":"https:\/\/iberoid.com\/fr\/wp-json\/wp\/v2\/types\/product"}],"replies":[{"embeddable":true,"href":"https:\/\/iberoid.com\/fr\/wp-json\/wp\/v2\/comments?post=10109"}],"wp:featuredmedia":[{"embeddable":true,"href":"https:\/\/iberoid.com\/fr\/wp-json\/wp\/v2\/media\/10110"}],"wp:attachment":[{"href":"https:\/\/iberoid.com\/fr\/wp-json\/wp\/v2\/media?parent=10109"}],"wp:term":[{"taxonomy":"product_brand","embeddable":true,"href":"https:\/\/iberoid.com\/fr\/wp-json\/wp\/v2\/product_brand?post=10109"},{"taxonomy":"product_cat","embeddable":true,"href":"https:\/\/iberoid.com\/fr\/wp-json\/wp\/v2\/product_cat?post=10109"},{"taxonomy":"product_tag","embeddable":true,"href":"https:\/\/iberoid.com\/fr\/wp-json\/wp\/v2\/product_tag?post=10109"}],"curies":[{"name":"wp","href":"https:\/\/api.w.org\/{rel}","templated":true}]}}