{"id":10114,"date":"2025-05-21T18:22:08","date_gmt":"2025-05-21T18:22:08","guid":{"rendered":"https:\/\/iberoid.com\/?post_type=product&#038;p=10114"},"modified":"2026-01-12T17:15:05","modified_gmt":"2026-01-12T17:15:05","slug":"testosterone-cypionate-250mg","status":"publish","type":"product","link":"https:\/\/iberoid.com\/fr\/product\/testosterone-cypionate-250mg\/","title":{"rendered":"Testosterone Cypionate 250mg"},"content":{"rendered":"<p><\/p>\n<p data-sourcepos=\"1:1-1:33\">Voici la traduction en fran\u00e7ais :<\/p>\n<p data-sourcepos=\"3:1-4:55\"><strong>Emballage :<\/strong> 10 ampoules de 1 ml (250 mg\/ml) <strong>Substance active :<\/strong> Cypionate de Testost\u00e9rone 250 mg<\/p>\n<p data-sourcepos=\"6:1-8:255\">Le Cypionate de Testost\u00e9rone contient la substance active cypionate de testost\u00e9rone, une hormone masculine. Le cypionate de testost\u00e9rone est une forme artificielle de l&rsquo;hormone sexuelle masculine, la testost\u00e9rone, qui est s\u00e9cr\u00e9t\u00e9e naturellement. C&rsquo;est l&rsquo;un des st\u00e9ro\u00efdes \u0153strog\u00e9niques qui n&rsquo;endommage pas le foie. Il est utilis\u00e9 chez les hommes <span class=\"citation-21 citation-end-21\">pour remplacer la testost\u00e9rone afin de traiter divers probl\u00e8mes de sant\u00e9 caus\u00e9s par un manque de testost\u00e9rone (hypogonadisme masculin). Cela doit \u00eatre confirm\u00e9 par deux mesures distinctes de la testost\u00e9rone dans le sang et inclure \u00e9galement des sympt\u00f4mes cliniques tels que l&rsquo;impuissance, l&rsquo;infertilit\u00e9,<\/span> un faible d\u00e9sir sexuel, la fatigue, la d\u00e9pression, la perte osseuse caus\u00e9e par un faible taux de l&rsquo;hormone testost\u00e9rone. Le risque de masculinisation est tr\u00e8s \u00e9lev\u00e9 chez les femmes et le cypionate de testost\u00e9rone est donc destin\u00e9 uniquement aux hommes. Le Cypionate de Testost\u00e9rone permet de gagner plus de masse musculaire, augmente la productivit\u00e9 et stimule le m\u00e9tabolisme.<\/p>\n<p data-sourcepos=\"10:1-10:24\"><strong>Contre-indications :<\/strong><\/p>\n<ul data-sourcepos=\"12:1-18:0\">\n<li data-sourcepos=\"12:1-12:83\">Allergie au cypionate de testost\u00e9rone ou \u00e0 tout autre composant de ce m\u00e9dicament.<\/li>\n<li data-sourcepos=\"13:1-13:55\">Cancer de la prostate ou du sein androg\u00e9no-d\u00e9pendant.<\/li>\n<li data-sourcepos=\"14:1-14:44\">Tumeurs h\u00e9patiques \u2013 pass\u00e9es ou pr\u00e9sentes.<\/li>\n<li data-sourcepos=\"15:1-15:71\">Taux \u00e9lev\u00e9s de calcium dans le sang \u0647\u0645\u0631\u0627\u0647 avec des n\u00e9oplasmes malins.<\/li>\n<li data-sourcepos=\"16:1-16:65\">Crise cardiaque pass\u00e9e ou autres pathologies cardiaques graves.<\/li>\n<li data-sourcepos=\"17:1-18:0\">Ath\u00e9roscl\u00e9rose (d\u00e9p\u00f4ts de plaques d&rsquo;ath\u00e9rome dans la lumi\u00e8re des vaisseaux sanguins).<\/li>\n<\/ul>\n<p data-sourcepos=\"19:1-19:35\"><strong>Posologie et effets secondaires<\/strong><\/p>\n<p data-sourcepos=\"21:1-26:183\">Pour stimuler le d\u00e9veloppement des organes sous-d\u00e9velopp\u00e9s androg\u00e9no-d\u00e9pendants et pour le traitement initial des sympt\u00f4mes de d\u00e9ficit endog\u00e8ne en testost\u00e9rone, 50 \u00e0 200 mg de cypionate de testost\u00e9rone intramusculaire sont administr\u00e9s toutes les 2 \u00e0 4 semaines. L&rsquo;injection doit \u00eatre administr\u00e9e tr\u00e8s lentement dans le muscle. Une dose de 400 mg par mois n&rsquo;est pas recommand\u00e9e. La dur\u00e9e du traitement est fix\u00e9e individuellement. La posologie est r\u00e9gul\u00e9e en fonction de la r\u00e9ponse du patient au traitement et de l&rsquo;apparition d&rsquo;effets ind\u00e9sirables. La dose correcte est d\u00e9termin\u00e9e par le m\u00e9decin. Pour les patients plus \u00e2g\u00e9s, des doses plus faibles doivent \u00eatre prescrites. Le Cypionate de Testost\u00e9rone est utilis\u00e9 uniquement en injection intramusculaire. Des pr\u00e9cautions particuli\u00e8res doivent \u00eatre prises pour \u00e9viter de l&rsquo;injecter dans un vaisseau sanguin. La solution injectable en ampoules peut \u00eatre utilis\u00e9e plusieurs fois apr\u00e8s la premi\u00e8re injection, \u00e0 condition que le couvercle de l&rsquo;ampoule n&rsquo;ait pas \u00e9t\u00e9 retir\u00e9 et que le contenu restant soit rest\u00e9 herm\u00e9tiquement ferm\u00e9. Si vous estimez que l&rsquo;effet du Cypionate de Testost\u00e9rone est trop fort ou trop faible, parlez-en \u00e0 votre m\u00e9decin. Veuillez respecter les conditions relatives aux intervalles entre les injections convenues avec votre m\u00e9decin. Lorsque vous arr\u00eatez de prendre le m\u00e9dicament, des sympt\u00f4mes de d\u00e9ficit en testost\u00e9rone peuvent appara\u00eetre. Comme tous les m\u00e9dicaments, le Cypionate de Testost\u00e9rone peut provoquer des effets secondaires. Les effets secondaires les plus courants sont l&rsquo;acn\u00e9 et la douleur au site d&rsquo;injection.<\/p>\n<p data-sourcepos=\"28:1-28:78\"><strong>Effets secondaires courants (pouvant affecter jusqu&rsquo;\u00e0 1 personne sur 10) :<\/strong><\/p>\n<ul data-sourcepos=\"29:1-30:100\">\n<li data-sourcepos=\"29:1-30:100\">taux anormalement \u00e9lev\u00e9s de globules rouges dans le sang ; prise de poids ; acn\u00e9 ; augmentation de l&rsquo;antig\u00e8ne prostatique sp\u00e9cifique (augmentation de l&rsquo;indice biochimique dans le sang) ; augmentation de la taille de la prostate et probl\u00e8mes associ\u00e9s ; diverses r\u00e9actions au site d&rsquo;injection (par exemple, douleur, inconfort, d\u00e9mangeaisons, rougeur, ecchymose ou irritation) ; augmentation du nombre de globules rouges, h\u00e9matocrite (en pourcentage de globules rouges) ; \u00e9rection augment\u00e9e. Veuillez consulter la notice du produit pour plus de d\u00e9tails sur les effets secondaires inhabituels.<\/li>\n<\/ul>\n<p><\/p>","protected":false},"excerpt":{"rendered":"<p>Voici la traduction en fran\u00e7ais : Emballage : 10 ampoules de 1 ml (250 mg\/ml) Substance active : Cypionate de<\/p>\n","protected":false},"featured_media":10115,"comment_status":"open","ping_status":"closed","template":"","meta":[],"product_brand":[],"product_cat":[69],"product_tag":[],"class_list":{"0":"post-10114","1":"product","2":"type-product","3":"status-publish","4":"has-post-thumbnail","6":"product_cat-esteroides_inyectables","8":"first","9":"outofstock","10":"shipping-taxable","11":"purchasable","12":"product-type-simple"},"yoast_head":"<!-- This site is optimized with the Yoast SEO Premium plugin v24.4 (Yoast SEO v27.3) - https:\/\/yoast.com\/product\/yoast-seo-premium-wordpress\/ -->\n<title>Testosterone Cypionate 250mg - (Espa\u00f1ol) Esteroides en l\u00ednea<\/title>\n<meta name=\"description\" content=\"Le Cypionate de Testost\u00e9rone 250mg traite le manque de testost\u00e9rone, augmente la masse musculaire et le m\u00e9tabolisme chez l&#039;homme.\" \/>\n<meta name=\"robots\" content=\"index, follow, max-snippet:-1, max-image-preview:large, max-video-preview:-1\" \/>\n<link rel=\"canonical\" href=\"https:\/\/iberoid.com\/fr\/product\/testosterone-cypionate-250mg\/\" \/>\n<meta property=\"og:locale\" content=\"fr_FR\" \/>\n<meta property=\"og:type\" content=\"article\" \/>\n<meta property=\"og:title\" content=\"Testosterone Cypionate 250mg\" \/>\n<meta property=\"og:description\" content=\"Le Cypionate de Testost\u00e9rone 250mg traite le manque de testost\u00e9rone, augmente la masse musculaire et le m\u00e9tabolisme chez l&#039;homme.\" \/>\n<meta property=\"og:url\" content=\"https:\/\/iberoid.com\/fr\/product\/testosterone-cypionate-250mg\/\" \/>\n<meta property=\"og:site_name\" content=\"(Espa\u00f1ol) Esteroides en l\u00ednea\" \/>\n<meta property=\"article:modified_time\" content=\"2026-01-12T17:15:05+00:00\" \/>\n<meta property=\"og:image\" content=\"https:\/\/iberoid.com\/wp-content\/uploads\/2025\/05\/CYP.jpg?v=1747851707\" \/>\n\t<meta property=\"og:image:width\" content=\"2200\" \/>\n\t<meta property=\"og:image:height\" content=\"1540\" \/>\n\t<meta property=\"og:image:type\" content=\"image\/jpeg\" \/>\n<meta name=\"twitter:card\" content=\"summary_large_image\" \/>\n<meta name=\"twitter:label1\" content=\"Prix\" \/>\n\t<meta name=\"twitter:data1\" content=\"&euro;40.00\" \/>\n\t<meta name=\"twitter:label2\" content=\"Disponibilit\u00e9\" \/>\n\t<meta name=\"twitter:data2\" content=\"Rupture de stock\" \/>\n<script type=\"application\/ld+json\" class=\"yoast-schema-graph\">{\"@context\":\"https:\\\/\\\/schema.org\",\"@graph\":[{\"@type\":\"WebPage\",\"@id\":\"https:\\\/\\\/iberoid.com\\\/fr\\\/product\\\/testosterone-cypionate-250mg\\\/\",\"url\":\"https:\\\/\\\/iberoid.com\\\/fr\\\/product\\\/testosterone-cypionate-250mg\\\/\",\"name\":\"Testosterone Cypionate 250mg - (Espa\u00f1ol) Esteroides en l\u00ednea\",\"isPartOf\":{\"@id\":\"https:\\\/\\\/iberoid-shop.com\\\/#website\"},\"primaryImageOfPage\":{\"@id\":\"https:\\\/\\\/iberoid.com\\\/fr\\\/product\\\/testosterone-cypionate-250mg\\\/#primaryimage\"},\"image\":{\"@id\":\"https:\\\/\\\/iberoid.com\\\/fr\\\/product\\\/testosterone-cypionate-250mg\\\/#primaryimage\"},\"thumbnailUrl\":\"https:\\\/\\\/iberoid.com\\\/wp-content\\\/uploads\\\/2025\\\/05\\\/CYP.jpg?v=1747851707\",\"datePublished\":\"2025-05-21T18:22:08+00:00\",\"dateModified\":\"2026-01-12T17:15:05+00:00\",\"description\":\"Le Cypionate de Testost\u00e9rone 250mg traite le manque de testost\u00e9rone, augmente la masse musculaire et le m\u00e9tabolisme chez l'homme.\",\"breadcrumb\":{\"@id\":\"https:\\\/\\\/iberoid.com\\\/fr\\\/product\\\/testosterone-cypionate-250mg\\\/#breadcrumb\"},\"inLanguage\":\"fr-FR\",\"potentialAction\":[{\"@type\":\"ReadAction\",\"target\":[[\"https:\\\/\\\/iberoid.com\\\/fr\\\/product\\\/testosterone-cypionate-250mg\\\/\"]]}]},{\"@type\":\"ImageObject\",\"inLanguage\":\"fr-FR\",\"@id\":\"https:\\\/\\\/iberoid.com\\\/fr\\\/product\\\/testosterone-cypionate-250mg\\\/#primaryimage\",\"url\":\"https:\\\/\\\/iberoid.com\\\/wp-content\\\/uploads\\\/2025\\\/05\\\/CYP.jpg?v=1747851707\",\"contentUrl\":\"https:\\\/\\\/iberoid.com\\\/wp-content\\\/uploads\\\/2025\\\/05\\\/CYP.jpg?v=1747851707\",\"width\":2200,\"height\":1540},{\"@type\":\"BreadcrumbList\",\"@id\":\"https:\\\/\\\/iberoid.com\\\/fr\\\/product\\\/testosterone-cypionate-250mg\\\/#breadcrumb\",\"itemListElement\":[{\"@type\":\"ListItem\",\"position\":1,\"name\":\"Portada\",\"item\":\"https:\\\/\\\/iberoid.com\\\/fr\\\/\"},{\"@type\":\"ListItem\",\"position\":2,\"name\":\"Magasin\",\"item\":\"https:\\\/\\\/iberoid.com\\\/fr\\\/shop\\\/\"},{\"@type\":\"ListItem\",\"position\":3,\"name\":\"Testosterone Cypionate 250mg\"}]},{\"@type\":\"WebSite\",\"@id\":\"https:\\\/\\\/iberoid-shop.com\\\/#website\",\"url\":\"https:\\\/\\\/iberoid-shop.com\\\/\",\"name\":\"(Espa\u00f1ol) Esteroides en l\u00ednea\",\"description\":\"(Espa\u00f1ol) Comprar esteroides en l\u00ednea hoy en Espa\u00f1a y Portugal. Tenemos el mejor servicio al cliente en la industria y los productos de la m\u00e1s alta calidad\",\"potentialAction\":[{\"@type\":\"SearchAction\",\"target\":{\"@type\":\"EntryPoint\",\"urlTemplate\":\"https:\\\/\\\/iberoid-shop.com\\\/?s={search_term_string}\"},\"query-input\":{\"@type\":\"PropertyValueSpecification\",\"valueRequired\":true,\"valueName\":\"search_term_string\"}}],\"inLanguage\":\"fr-FR\"}]}<\/script>\n<meta property=\"product:brand\" content=\"Genetic Life Science\" \/>\n<meta property=\"product:price:amount\" content=\"40.00\" \/>\n<meta property=\"product:price:currency\" content=\"EUR\" \/>\n<meta property=\"og:availability\" content=\"out of stock\" \/>\n<meta property=\"product:availability\" content=\"out of stock\" \/>\n<meta property=\"product:condition\" content=\"new\" \/>\n<!-- \/ Yoast SEO Premium plugin. -->","yoast_head_json":{"title":"Testosterone Cypionate 250mg - (Espa\u00f1ol) Esteroides en l\u00ednea","description":"Le Cypionate de Testost\u00e9rone 250mg traite le manque de testost\u00e9rone, augmente la masse musculaire et le m\u00e9tabolisme chez l'homme.","robots":{"index":"index","follow":"follow","max-snippet":"max-snippet:-1","max-image-preview":"max-image-preview:large","max-video-preview":"max-video-preview:-1"},"canonical":"https:\/\/iberoid.com\/fr\/product\/testosterone-cypionate-250mg\/","og_locale":"fr_FR","og_type":"article","og_title":"Testosterone Cypionate 250mg","og_description":"Le Cypionate de Testost\u00e9rone 250mg traite le manque de testost\u00e9rone, augmente la masse musculaire et le m\u00e9tabolisme chez l'homme.","og_url":"https:\/\/iberoid.com\/fr\/product\/testosterone-cypionate-250mg\/","og_site_name":"(Espa\u00f1ol) Esteroides en l\u00ednea","article_modified_time":"2026-01-12T17:15:05+00:00","og_image":[{"width":2200,"height":1540,"url":"https:\/\/iberoid.com\/wp-content\/uploads\/2025\/05\/CYP.jpg?v=1747851707","type":"image\/jpeg"}],"twitter_card":"summary_large_image","twitter_misc":{"Prix":"&euro;40.00","Disponibilit\u00e9":"Rupture de stock"},"schema":{"@context":"https:\/\/schema.org","@graph":[{"@type":"WebPage","@id":"https:\/\/iberoid.com\/fr\/product\/testosterone-cypionate-250mg\/","url":"https:\/\/iberoid.com\/fr\/product\/testosterone-cypionate-250mg\/","name":"Testosterone Cypionate 250mg - (Espa\u00f1ol) Esteroides en l\u00ednea","isPartOf":{"@id":"https:\/\/iberoid-shop.com\/#website"},"primaryImageOfPage":{"@id":"https:\/\/iberoid.com\/fr\/product\/testosterone-cypionate-250mg\/#primaryimage"},"image":{"@id":"https:\/\/iberoid.com\/fr\/product\/testosterone-cypionate-250mg\/#primaryimage"},"thumbnailUrl":"https:\/\/iberoid.com\/wp-content\/uploads\/2025\/05\/CYP.jpg?v=1747851707","datePublished":"2025-05-21T18:22:08+00:00","dateModified":"2026-01-12T17:15:05+00:00","description":"Le Cypionate de Testost\u00e9rone 250mg traite le manque de testost\u00e9rone, augmente la masse musculaire et le m\u00e9tabolisme chez l'homme.","breadcrumb":{"@id":"https:\/\/iberoid.com\/fr\/product\/testosterone-cypionate-250mg\/#breadcrumb"},"inLanguage":"fr-FR","potentialAction":[{"@type":"ReadAction","target":[["https:\/\/iberoid.com\/fr\/product\/testosterone-cypionate-250mg\/"]]}]},{"@type":"ImageObject","inLanguage":"fr-FR","@id":"https:\/\/iberoid.com\/fr\/product\/testosterone-cypionate-250mg\/#primaryimage","url":"https:\/\/iberoid.com\/wp-content\/uploads\/2025\/05\/CYP.jpg?v=1747851707","contentUrl":"https:\/\/iberoid.com\/wp-content\/uploads\/2025\/05\/CYP.jpg?v=1747851707","width":2200,"height":1540},{"@type":"BreadcrumbList","@id":"https:\/\/iberoid.com\/fr\/product\/testosterone-cypionate-250mg\/#breadcrumb","itemListElement":[{"@type":"ListItem","position":1,"name":"Portada","item":"https:\/\/iberoid.com\/fr\/"},{"@type":"ListItem","position":2,"name":"Magasin","item":"https:\/\/iberoid.com\/fr\/shop\/"},{"@type":"ListItem","position":3,"name":"Testosterone Cypionate 250mg"}]},{"@type":"WebSite","@id":"https:\/\/iberoid-shop.com\/#website","url":"https:\/\/iberoid-shop.com\/","name":"(Espa\u00f1ol) Esteroides en l\u00ednea","description":"(Espa\u00f1ol) Comprar esteroides en l\u00ednea hoy en Espa\u00f1a y Portugal. Tenemos el mejor servicio al cliente en la industria y los productos de la m\u00e1s alta calidad","potentialAction":[{"@type":"SearchAction","target":{"@type":"EntryPoint","urlTemplate":"https:\/\/iberoid-shop.com\/?s={search_term_string}"},"query-input":{"@type":"PropertyValueSpecification","valueRequired":true,"valueName":"search_term_string"}}],"inLanguage":"fr-FR"}]},"product_brand":"Genetic Life Science","product_price_amount":"40.00","product_price_currency":"EUR","og_availability":"out of stock","product_availability":"out of stock","product_condition":"new"},"_links":{"self":[{"href":"https:\/\/iberoid.com\/fr\/wp-json\/wp\/v2\/product\/10114","targetHints":{"allow":["GET"]}}],"collection":[{"href":"https:\/\/iberoid.com\/fr\/wp-json\/wp\/v2\/product"}],"about":[{"href":"https:\/\/iberoid.com\/fr\/wp-json\/wp\/v2\/types\/product"}],"replies":[{"embeddable":true,"href":"https:\/\/iberoid.com\/fr\/wp-json\/wp\/v2\/comments?post=10114"}],"wp:featuredmedia":[{"embeddable":true,"href":"https:\/\/iberoid.com\/fr\/wp-json\/wp\/v2\/media\/10115"}],"wp:attachment":[{"href":"https:\/\/iberoid.com\/fr\/wp-json\/wp\/v2\/media?parent=10114"}],"wp:term":[{"taxonomy":"product_brand","embeddable":true,"href":"https:\/\/iberoid.com\/fr\/wp-json\/wp\/v2\/product_brand?post=10114"},{"taxonomy":"product_cat","embeddable":true,"href":"https:\/\/iberoid.com\/fr\/wp-json\/wp\/v2\/product_cat?post=10114"},{"taxonomy":"product_tag","embeddable":true,"href":"https:\/\/iberoid.com\/fr\/wp-json\/wp\/v2\/product_tag?post=10114"}],"curies":[{"name":"wp","href":"https:\/\/api.w.org\/{rel}","templated":true}]}}