{"id":10122,"date":"2025-05-21T18:32:11","date_gmt":"2025-05-21T18:32:11","guid":{"rendered":"https:\/\/iberoid.com\/?post_type=product&#038;p=10122"},"modified":"2026-03-01T15:07:56","modified_gmt":"2026-03-01T15:07:56","slug":"primobolan-methenolone-enanthate-100mg","status":"publish","type":"product","link":"https:\/\/iberoid.com\/fr\/product\/primobolan-methenolone-enanthate-100mg\/","title":{"rendered":"PRIMOBOLAN &#8211; Methenolone Enanthate 100mg"},"content":{"rendered":"<p><\/p>\n<p data-sourcepos=\"1:1-1:33\">Voici la traduction en fran\u00e7ais :<\/p>\n<p data-sourcepos=\"3:1-4:53\"><strong>Emballage :<\/strong> 10 ampoules de 1 ml (100 mg\/ml) <strong>Substance active :<\/strong> \u00c9nanthate de M\u00e9th\u00e9nolone 100mg<\/p>\n<p data-sourcepos=\"6:1-7:281\">\u00c9nanthate de M\u00e9th\u00e9nolone \u2013 un st\u00e9ro\u00efde anabolisant \u00e0 base de dihydrotestost\u00e9rone. Il est principalement utilis\u00e9 dans le traitement des troubles de la synth\u00e8se des prot\u00e9ines, de l&rsquo;an\u00e9mie hypo- et aplasique, du traitement postop\u00e9ratoire, de la dystrophie musculaire, de l&rsquo;ost\u00e9oporose, de la radioth\u00e9rapie et de la th\u00e9rapie cytostatique, du cancer du sein avanc\u00e9 et du cancer g\u00e9nital chez la femme, des troubles de l&rsquo;h\u00e9matopo\u00ef\u00e8se et du bilan azot\u00e9 n\u00e9gatif sous corticoth\u00e9rapie. En raison de la stimulation des processus anaboliques et de l&rsquo;inhibition des processus cataboliques, l&rsquo;\u00c9nanthate de M\u00e9th\u00e9nolone 100mg entra\u00eene une augmentation de la masse musculaire et un ralentissement des processus de d\u00e9p\u00f4t de graisse, et am\u00e9liore \u00e9galement le tissu conjonctif.<\/p>\n<p data-sourcepos=\"9:1-9:24\"><strong>Contre-indications :<\/strong><\/p>\n<ul data-sourcepos=\"11:1-20:0\">\n<li data-sourcepos=\"11:1-11:83\">Hypersensibilit\u00e9 \u00e0 la substance active ou \u00e0 d&rsquo;autres composants de ce m\u00e9dicament.<\/li>\n<li data-sourcepos=\"12:1-12:44\">Tumeurs h\u00e9patiques (pass\u00e9es ou pr\u00e9sentes).<\/li>\n<li data-sourcepos=\"13:1-13:27\">Maladie cardiovasculaire.<\/li>\n<li data-sourcepos=\"14:1-14:17\">Cancer du sein.<\/li>\n<li data-sourcepos=\"15:1-15:60\">Cancer de la prostate et autres cancers hormono-sensibles.<\/li>\n<li data-sourcepos=\"16:1-16:17\">Ath\u00e9roscl\u00e9rose.<\/li>\n<li data-sourcepos=\"17:1-17:22\">Insuffisance r\u00e9nale.<\/li>\n<li data-sourcepos=\"18:1-18:23\">Syndrome n\u00e9phrotique.<\/li>\n<li data-sourcepos=\"19:1-20:0\">Grossesse et allaitement.<\/li>\n<\/ul>\n<p data-sourcepos=\"21:1-21:35\"><strong>Posologie et effets secondaires<\/strong><\/p>\n<p data-sourcepos=\"23:1-27:87\">L&rsquo;\u00c9nanthate de M\u00e9th\u00e9nolone est utilis\u00e9 uniquement chez les adultes. Il est administr\u00e9 par injection intramusculaire, qui doit \u00eatre effectu\u00e9e profond\u00e9ment dans le muscle fessier. Si des cristaux se forment dans l&rsquo;ampoule pendant le stockage, r\u00e9chauffez l&rsquo;ampoule dans votre main et agitez-la avant utilisation. La dose recommand\u00e9e est de 100 mg toutes les 2 semaines pour le traitement de l&rsquo;ost\u00e9oporose. Apr\u00e8s des r\u00e9sultats positifs, la dose doit \u00eatre r\u00e9duite \u00e0 une fois toutes les 3-4 semaines. Dans le traitement du cancer du sein progressif, la posologie est de 200 mg toutes les 2-3 semaines. En cas d&rsquo;an\u00e9mie aplasique, la posologie est de 125 mg chaque semaine. Comme tous les m\u00e9dicaments, l&rsquo;\u00c9nanthate de M\u00e9th\u00e9nolone peut provoquer des effets secondaires. Ils sont plus ou moins tol\u00e9rables et s&rsquo;ils deviennent graves, ils peuvent \u00eatre trait\u00e9s de mani\u00e8re symptomatique. Veuillez lire la notice incluse dans l&#8217;emballage pour voir tous les effets secondaires.<\/p>\n<p><\/p>","protected":false},"excerpt":{"rendered":"<p>Voici la traduction en fran\u00e7ais : Emballage : 10 ampoules de 1 ml (100 mg\/ml) Substance active : \u00c9nanthate de<\/p>\n","protected":false},"featured_media":10123,"comment_status":"open","ping_status":"closed","template":"","meta":[],"product_brand":[],"product_cat":[69,3533],"product_tag":[],"class_list":{"0":"post-10122","1":"product","2":"type-product","3":"status-publish","4":"has-post-thumbnail","6":"product_cat-esteroides_inyectables","7":"product_cat-sales-rebajas","9":"first","10":"instock","11":"sale","12":"shipping-taxable","13":"purchasable","14":"product-type-simple"},"yoast_head":"<!-- This site is optimized with the Yoast SEO Premium plugin v24.4 (Yoast SEO v27.0) - https:\/\/yoast.com\/product\/yoast-seo-premium-wordpress\/ -->\n<title>PRIMOBOLAN - Methenolone Enanthate 100mg - (Espa\u00f1ol) Esteroides en l\u00ednea<\/title>\n<meta name=\"description\" content=\"METHENOLONE \u00c9NANTHATE 100mg augmente la masse musculaire, r\u00e9duit la graisse et soutient la synth\u00e8se prot\u00e9ique et le tissu conjonctif.\" \/>\n<meta name=\"robots\" content=\"index, follow, max-snippet:-1, max-image-preview:large, max-video-preview:-1\" \/>\n<link rel=\"canonical\" href=\"https:\/\/iberoid.com\/fr\/product\/primobolan-methenolone-enanthate-100mg\/\" \/>\n<meta property=\"og:locale\" content=\"fr_FR\" \/>\n<meta property=\"og:type\" content=\"article\" \/>\n<meta property=\"og:title\" content=\"PRIMOBOLAN - Methenolone Enanthate 100mg\" \/>\n<meta property=\"og:description\" content=\"METHENOLONE \u00c9NANTHATE 100mg augmente la masse musculaire, r\u00e9duit la graisse et soutient la synth\u00e8se prot\u00e9ique et le tissu conjonctif.\" \/>\n<meta property=\"og:url\" content=\"https:\/\/iberoid.com\/fr\/product\/primobolan-methenolone-enanthate-100mg\/\" \/>\n<meta property=\"og:site_name\" content=\"(Espa\u00f1ol) Esteroides en l\u00ednea\" \/>\n<meta property=\"article:modified_time\" content=\"2026-03-01T15:07:56+00:00\" \/>\n<meta property=\"og:image\" content=\"https:\/\/iberoid.com\/wp-content\/uploads\/2025\/05\/PRM.jpg?v=1747852320\" \/>\n\t<meta property=\"og:image:width\" content=\"2200\" \/>\n\t<meta property=\"og:image:height\" content=\"1540\" \/>\n\t<meta property=\"og:image:type\" content=\"image\/jpeg\" \/>\n<meta name=\"twitter:card\" content=\"summary_large_image\" \/>\n<meta name=\"twitter:label1\" content=\"Prix\" \/>\n\t<meta name=\"twitter:data1\" content=\"&euro;55.00\" \/>\n\t<meta name=\"twitter:label2\" content=\"Disponibilit\u00e9\" \/>\n\t<meta name=\"twitter:data2\" content=\"En stock\" \/>\n<script type=\"application\/ld+json\" class=\"yoast-schema-graph\">{\"@context\":\"https:\/\/schema.org\",\"@graph\":[{\"@type\":\"WebPage\",\"@id\":\"https:\/\/iberoid.com\/fr\/product\/primobolan-methenolone-enanthate-100mg\/\",\"url\":\"https:\/\/iberoid.com\/fr\/product\/primobolan-methenolone-enanthate-100mg\/\",\"name\":\"PRIMOBOLAN - Methenolone Enanthate 100mg - (Espa\u00f1ol) Esteroides en l\u00ednea\",\"isPartOf\":{\"@id\":\"https:\/\/iberoid.com\/fr\/#website\"},\"primaryImageOfPage\":{\"@id\":\"https:\/\/iberoid.com\/fr\/product\/primobolan-methenolone-enanthate-100mg\/#primaryimage\"},\"image\":{\"@id\":\"https:\/\/iberoid.com\/fr\/product\/primobolan-methenolone-enanthate-100mg\/#primaryimage\"},\"thumbnailUrl\":\"https:\/\/iberoid.com\/wp-content\/uploads\/2025\/05\/PRM.jpg?v=1747852320\",\"datePublished\":\"2025-05-21T18:32:11+00:00\",\"dateModified\":\"2026-03-01T15:07:56+00:00\",\"description\":\"METHENOLONE \u00c9NANTHATE 100mg augmente la masse musculaire, r\u00e9duit la graisse et soutient la synth\u00e8se prot\u00e9ique et le tissu conjonctif.\",\"breadcrumb\":{\"@id\":\"https:\/\/iberoid.com\/fr\/product\/primobolan-methenolone-enanthate-100mg\/#breadcrumb\"},\"inLanguage\":\"fr-FR\",\"potentialAction\":[{\"@type\":\"ReadAction\",\"target\":[[\"https:\/\/iberoid.com\/fr\/product\/primobolan-methenolone-enanthate-100mg\/\"]]}]},{\"@type\":\"ImageObject\",\"inLanguage\":\"fr-FR\",\"@id\":\"https:\/\/iberoid.com\/fr\/product\/primobolan-methenolone-enanthate-100mg\/#primaryimage\",\"url\":\"https:\/\/iberoid.com\/wp-content\/uploads\/2025\/05\/PRM.jpg?v=1747852320\",\"contentUrl\":\"https:\/\/iberoid.com\/wp-content\/uploads\/2025\/05\/PRM.jpg?v=1747852320\",\"width\":2200,\"height\":1540},{\"@type\":\"BreadcrumbList\",\"@id\":\"https:\/\/iberoid.com\/fr\/product\/primobolan-methenolone-enanthate-100mg\/#breadcrumb\",\"itemListElement\":[{\"@type\":\"ListItem\",\"position\":1,\"name\":\"Portada\",\"item\":\"https:\/\/iberoid.com\/fr\/\"},{\"@type\":\"ListItem\",\"position\":2,\"name\":\"Magasin\",\"item\":\"https:\/\/iberoid.com\/fr\/shop\/\"},{\"@type\":\"ListItem\",\"position\":3,\"name\":\"PRIMOBOLAN &#8211; Methenolone Enanthate 100mg\"}]},{\"@type\":\"WebSite\",\"@id\":\"https:\/\/iberoid.com\/fr\/#website\",\"url\":\"https:\/\/iberoid.com\/fr\/\",\"name\":\"(Espa\u00f1ol) Esteroides en l\u00ednea\",\"description\":\"(Espa\u00f1ol) Comprar esteroides en l\u00ednea hoy en Espa\u00f1a y Portugal. Tenemos el mejor servicio al cliente en la industria y los productos de la m\u00e1s alta calidad\",\"potentialAction\":[{\"@type\":\"SearchAction\",\"target\":{\"@type\":\"EntryPoint\",\"urlTemplate\":\"https:\/\/iberoid.com\/fr\/?s={search_term_string}\"},\"query-input\":{\"@type\":\"PropertyValueSpecification\",\"valueRequired\":true,\"valueName\":\"search_term_string\"}}],\"inLanguage\":\"fr-FR\"}]}<\/script>\n<meta property=\"product:brand\" content=\"Genetic Life Science\" \/>\n<meta property=\"product:price:amount\" content=\"55.00\" \/>\n<meta property=\"product:price:currency\" content=\"EUR\" \/>\n<meta property=\"og:availability\" content=\"instock\" \/>\n<meta property=\"product:availability\" content=\"instock\" \/>\n<meta property=\"product:condition\" content=\"new\" \/>\n<!-- \/ Yoast SEO Premium plugin. -->","yoast_head_json":{"title":"PRIMOBOLAN - Methenolone Enanthate 100mg - (Espa\u00f1ol) Esteroides en l\u00ednea","description":"METHENOLONE \u00c9NANTHATE 100mg augmente la masse musculaire, r\u00e9duit la graisse et soutient la synth\u00e8se prot\u00e9ique et le tissu conjonctif.","robots":{"index":"index","follow":"follow","max-snippet":"max-snippet:-1","max-image-preview":"max-image-preview:large","max-video-preview":"max-video-preview:-1"},"canonical":"https:\/\/iberoid.com\/fr\/product\/primobolan-methenolone-enanthate-100mg\/","og_locale":"fr_FR","og_type":"article","og_title":"PRIMOBOLAN - Methenolone Enanthate 100mg","og_description":"METHENOLONE \u00c9NANTHATE 100mg augmente la masse musculaire, r\u00e9duit la graisse et soutient la synth\u00e8se prot\u00e9ique et le tissu conjonctif.","og_url":"https:\/\/iberoid.com\/fr\/product\/primobolan-methenolone-enanthate-100mg\/","og_site_name":"(Espa\u00f1ol) Esteroides en l\u00ednea","article_modified_time":"2026-03-01T15:07:56+00:00","og_image":[{"width":2200,"height":1540,"url":"https:\/\/iberoid.com\/wp-content\/uploads\/2025\/05\/PRM.jpg?v=1747852320","type":"image\/jpeg"}],"twitter_card":"summary_large_image","twitter_misc":{"Prix":"&euro;55.00","Disponibilit\u00e9":"En stock"},"schema":{"@context":"https:\/\/schema.org","@graph":[{"@type":"WebPage","@id":"https:\/\/iberoid.com\/fr\/product\/primobolan-methenolone-enanthate-100mg\/","url":"https:\/\/iberoid.com\/fr\/product\/primobolan-methenolone-enanthate-100mg\/","name":"PRIMOBOLAN - Methenolone Enanthate 100mg - (Espa\u00f1ol) Esteroides en l\u00ednea","isPartOf":{"@id":"https:\/\/iberoid.com\/fr\/#website"},"primaryImageOfPage":{"@id":"https:\/\/iberoid.com\/fr\/product\/primobolan-methenolone-enanthate-100mg\/#primaryimage"},"image":{"@id":"https:\/\/iberoid.com\/fr\/product\/primobolan-methenolone-enanthate-100mg\/#primaryimage"},"thumbnailUrl":"https:\/\/iberoid.com\/wp-content\/uploads\/2025\/05\/PRM.jpg?v=1747852320","datePublished":"2025-05-21T18:32:11+00:00","dateModified":"2026-03-01T15:07:56+00:00","description":"METHENOLONE \u00c9NANTHATE 100mg augmente la masse musculaire, r\u00e9duit la graisse et soutient la synth\u00e8se prot\u00e9ique et le tissu conjonctif.","breadcrumb":{"@id":"https:\/\/iberoid.com\/fr\/product\/primobolan-methenolone-enanthate-100mg\/#breadcrumb"},"inLanguage":"fr-FR","potentialAction":[{"@type":"ReadAction","target":[["https:\/\/iberoid.com\/fr\/product\/primobolan-methenolone-enanthate-100mg\/"]]}]},{"@type":"ImageObject","inLanguage":"fr-FR","@id":"https:\/\/iberoid.com\/fr\/product\/primobolan-methenolone-enanthate-100mg\/#primaryimage","url":"https:\/\/iberoid.com\/wp-content\/uploads\/2025\/05\/PRM.jpg?v=1747852320","contentUrl":"https:\/\/iberoid.com\/wp-content\/uploads\/2025\/05\/PRM.jpg?v=1747852320","width":2200,"height":1540},{"@type":"BreadcrumbList","@id":"https:\/\/iberoid.com\/fr\/product\/primobolan-methenolone-enanthate-100mg\/#breadcrumb","itemListElement":[{"@type":"ListItem","position":1,"name":"Portada","item":"https:\/\/iberoid.com\/fr\/"},{"@type":"ListItem","position":2,"name":"Magasin","item":"https:\/\/iberoid.com\/fr\/shop\/"},{"@type":"ListItem","position":3,"name":"PRIMOBOLAN &#8211; Methenolone Enanthate 100mg"}]},{"@type":"WebSite","@id":"https:\/\/iberoid.com\/fr\/#website","url":"https:\/\/iberoid.com\/fr\/","name":"(Espa\u00f1ol) Esteroides en l\u00ednea","description":"(Espa\u00f1ol) Comprar esteroides en l\u00ednea hoy en Espa\u00f1a y Portugal. Tenemos el mejor servicio al cliente en la industria y los productos de la m\u00e1s alta calidad","potentialAction":[{"@type":"SearchAction","target":{"@type":"EntryPoint","urlTemplate":"https:\/\/iberoid.com\/fr\/?s={search_term_string}"},"query-input":{"@type":"PropertyValueSpecification","valueRequired":true,"valueName":"search_term_string"}}],"inLanguage":"fr-FR"}]},"product_brand":"Genetic Life Science","product_price_amount":"55.00","product_price_currency":"EUR","og_availability":"instock","product_availability":"instock","product_condition":"new"},"_links":{"self":[{"href":"https:\/\/iberoid.com\/fr\/wp-json\/wp\/v2\/product\/10122","targetHints":{"allow":["GET"]}}],"collection":[{"href":"https:\/\/iberoid.com\/fr\/wp-json\/wp\/v2\/product"}],"about":[{"href":"https:\/\/iberoid.com\/fr\/wp-json\/wp\/v2\/types\/product"}],"replies":[{"embeddable":true,"href":"https:\/\/iberoid.com\/fr\/wp-json\/wp\/v2\/comments?post=10122"}],"wp:featuredmedia":[{"embeddable":true,"href":"https:\/\/iberoid.com\/fr\/wp-json\/wp\/v2\/media\/10123"}],"wp:attachment":[{"href":"https:\/\/iberoid.com\/fr\/wp-json\/wp\/v2\/media?parent=10122"}],"wp:term":[{"taxonomy":"product_brand","embeddable":true,"href":"https:\/\/iberoid.com\/fr\/wp-json\/wp\/v2\/product_brand?post=10122"},{"taxonomy":"product_cat","embeddable":true,"href":"https:\/\/iberoid.com\/fr\/wp-json\/wp\/v2\/product_cat?post=10122"},{"taxonomy":"product_tag","embeddable":true,"href":"https:\/\/iberoid.com\/fr\/wp-json\/wp\/v2\/product_tag?post=10122"}],"curies":[{"name":"wp","href":"https:\/\/api.w.org\/{rel}","templated":true}]}}