{"id":10126,"date":"2025-05-24T08:10:40","date_gmt":"2025-05-24T08:10:40","guid":{"rendered":"https:\/\/iberoid.com\/?post_type=product&#038;p=10126"},"modified":"2026-04-06T01:10:46","modified_gmt":"2026-04-06T01:10:46","slug":"pack3susta-gen-sustanon-mix-testosterone","status":"publish","type":"product","link":"https:\/\/iberoid.com\/fr\/product\/pack3susta-gen-sustanon-mix-testosterone\/","title":{"rendered":"3 pack SUSTA-GEN &#8211; SUSTANON \/ mix testosterone"},"content":{"rendered":"<p><\/p>\n<p data-sourcepos=\"3:1-3:1474\">Susta-gen (Sustanon) est un ester de testost\u00e9rone. Son principal avantage pour les athl\u00e8tes et les culturistes est qu&rsquo;il n&rsquo;est inject\u00e9 qu&rsquo;une fois par mois, de sorte qu&rsquo;ils ne doivent consulter le m\u00e9decin qu&rsquo;une fois par mois et, de plus, d&rsquo;autres st\u00e9ro\u00efdes peuvent \u00e9galement \u00eatre utilis\u00e9s en m\u00eame temps. Il provoque la croissance musculaire et la perte de graisse. Ce st\u00e9ro\u00efde est donc anabolisant et fortement catabolique. Il a \u00e9galement la capacit\u00e9 d&rsquo;augmenter l&rsquo;\u00e9rythropo\u00ef\u00e8se et l&rsquo;apport d&rsquo;oxyg\u00e8ne aux muscles. En raison de l&rsquo;apport \u00e9lev\u00e9 d&rsquo;oxyg\u00e8ne aux muscles, m\u00eame les exercices intenses peuvent \u00eatre facilement g\u00e9r\u00e9s. Il peut augmenter l&rsquo;agressivit\u00e9 par le biais de la transmission neuromusculaire. Le gain de poids obtenu avec ce m\u00e9dicament est remarquable. Il est utilis\u00e9 par les athl\u00e8tes pour augmenter le nombre et l&rsquo;apparence des muscles. En raison de ses activit\u00e9s anabolisantes et cataboliques, il est tr\u00e8s populaire parmi les sportifs pour perdre la graisse corporelle. En r\u00e9alit\u00e9, il n&rsquo;augmente pas la masse musculaire mais se concentre sur l&rsquo;augmentation du nombre de muscles. Il augmente significativement l&rsquo;\u00e9rythropo\u00ef\u00e8se et est utilis\u00e9 dans certaines an\u00e9mies. Il est utilis\u00e9 dans les conditions o\u00f9 la synth\u00e8se du glycog\u00e8ne est requise. Les culturistes l&rsquo;utilisent pour augmenter l&rsquo;agressivit\u00e9 dans le jeu. Les athl\u00e8tes l&rsquo;utilisent lors d&rsquo;exercices d&rsquo;entra\u00eenement excessifs car il aide beaucoup en raison de l&rsquo;augmentation des niveaux d&rsquo;oxyg\u00e8ne musculaire.<\/p>\n<p data-sourcepos=\"5:1-6:494\"><strong>Effets secondaires possibles :<\/strong> Les effets secondaires sont la gyn\u00e9comastie, l&rsquo;acn\u00e9, la diminution de la libido, le r\u00e9tr\u00e9cissement des testicules, l&rsquo;augmentation de la pression art\u00e9rielle car il a une forte affinit\u00e9 pour retenir l&rsquo;eau dans le corps, l&rsquo;augmentation de la taille de la prostate et des difficult\u00e9s \u00e0 uriner, la calvitie masculine, les effets secondaires \u0153strog\u00e9niques sont produits en raison de la conversion de l&rsquo;androg\u00e8ne en \u0153strog\u00e8ne, chez les femmes, il peut \u00e9galement entra\u00eener une hypertrophie du clitoris.<\/p>\n<p><\/p>","protected":false},"excerpt":{"rendered":"<p>Susta-gen (Sustanon) est un ester de testost\u00e9rone. Son principal avantage pour les athl\u00e8tes et les culturistes est qu&rsquo;il n&rsquo;est inject\u00e9<\/p>\n","protected":false},"featured_media":10127,"comment_status":"open","ping_status":"closed","template":"","meta":[],"product_brand":[],"product_cat":[69,3474],"product_tag":[],"class_list":{"0":"post-10126","1":"product","2":"type-product","3":"status-publish","4":"has-post-thumbnail","6":"product_cat-esteroides_inyectables","7":"product_cat-packs","9":"first","10":"instock","11":"sale","12":"shipping-taxable","13":"purchasable","14":"product-type-simple"},"yoast_head":"<!-- This site is optimized with the Yoast SEO Premium plugin v24.4 (Yoast SEO v27.3) - https:\/\/yoast.com\/product\/yoast-seo-premium-wordpress\/ -->\n<title>3 pack SUSTA-GEN - SUSTANON \/ mix testosterone - (Espa\u00f1ol) Esteroides en l\u00ednea<\/title>\n<meta name=\"description\" content=\"Susta-gen (Sustanon) est un ester de testost\u00e9rone injectable mensuel augmentant la croissance musculaire, la perte de graisse, l&#039;oxyg\u00e9nation et l&#039;agressivit\u00e9.\" \/>\n<meta name=\"robots\" content=\"index, follow, max-snippet:-1, max-image-preview:large, max-video-preview:-1\" \/>\n<link rel=\"canonical\" href=\"https:\/\/iberoid.com\/fr\/product\/pack3susta-gen-sustanon-mix-testosterone\/\" \/>\n<meta property=\"og:locale\" content=\"fr_FR\" \/>\n<meta property=\"og:type\" content=\"article\" \/>\n<meta property=\"og:title\" content=\"3 pack SUSTA-GEN - SUSTANON \/ mix testosterone\" \/>\n<meta property=\"og:description\" content=\"Susta-gen (Sustanon) est un ester de testost\u00e9rone injectable mensuel augmentant la croissance musculaire, la perte de graisse, l&#039;oxyg\u00e9nation et l&#039;agressivit\u00e9.\" \/>\n<meta property=\"og:url\" content=\"https:\/\/iberoid.com\/fr\/product\/pack3susta-gen-sustanon-mix-testosterone\/\" \/>\n<meta property=\"og:site_name\" content=\"(Espa\u00f1ol) Esteroides en l\u00ednea\" \/>\n<meta property=\"article:modified_time\" content=\"2026-04-06T01:10:46+00:00\" \/>\n<meta property=\"og:image\" content=\"https:\/\/iberoid.com\/wp-content\/uploads\/2025\/05\/sustgn-scaled.jpeg?v=1748074213\" \/>\n\t<meta property=\"og:image:width\" content=\"2053\" \/>\n\t<meta property=\"og:image:height\" content=\"2560\" \/>\n\t<meta property=\"og:image:type\" content=\"image\/jpeg\" \/>\n<meta name=\"twitter:card\" content=\"summary_large_image\" \/>\n<meta name=\"twitter:label1\" content=\"Prix\" \/>\n\t<meta name=\"twitter:data1\" content=\"&euro;55.00\" \/>\n\t<meta name=\"twitter:label2\" content=\"Disponibilit\u00e9\" \/>\n\t<meta name=\"twitter:data2\" content=\"En stock\" \/>\n<script type=\"application\/ld+json\" class=\"yoast-schema-graph\">{\"@context\":\"https:\\\/\\\/schema.org\",\"@graph\":[{\"@type\":\"WebPage\",\"@id\":\"https:\\\/\\\/iberoid.com\\\/fr\\\/product\\\/pack3susta-gen-sustanon-mix-testosterone\\\/\",\"url\":\"https:\\\/\\\/iberoid.com\\\/fr\\\/product\\\/pack3susta-gen-sustanon-mix-testosterone\\\/\",\"name\":\"3 pack SUSTA-GEN - SUSTANON \\\/ mix testosterone - (Espa\u00f1ol) Esteroides en l\u00ednea\",\"isPartOf\":{\"@id\":\"https:\\\/\\\/iberoid.com\\\/fr\\\/#website\"},\"primaryImageOfPage\":{\"@id\":\"https:\\\/\\\/iberoid.com\\\/fr\\\/product\\\/pack3susta-gen-sustanon-mix-testosterone\\\/#primaryimage\"},\"image\":{\"@id\":\"https:\\\/\\\/iberoid.com\\\/fr\\\/product\\\/pack3susta-gen-sustanon-mix-testosterone\\\/#primaryimage\"},\"thumbnailUrl\":\"https:\\\/\\\/iberoid.com\\\/wp-content\\\/uploads\\\/2025\\\/05\\\/sustgn-scaled.jpeg?v=1748074213\",\"datePublished\":\"2025-05-24T08:10:40+00:00\",\"dateModified\":\"2026-04-06T01:10:46+00:00\",\"description\":\"Susta-gen (Sustanon) est un ester de testost\u00e9rone injectable mensuel augmentant la croissance musculaire, la perte de graisse, l'oxyg\u00e9nation et l'agressivit\u00e9.\",\"breadcrumb\":{\"@id\":\"https:\\\/\\\/iberoid.com\\\/fr\\\/product\\\/pack3susta-gen-sustanon-mix-testosterone\\\/#breadcrumb\"},\"inLanguage\":\"fr-FR\",\"potentialAction\":[{\"@type\":\"ReadAction\",\"target\":[[\"https:\\\/\\\/iberoid.com\\\/fr\\\/product\\\/pack3susta-gen-sustanon-mix-testosterone\\\/\"]]}]},{\"@type\":\"ImageObject\",\"inLanguage\":\"fr-FR\",\"@id\":\"https:\\\/\\\/iberoid.com\\\/fr\\\/product\\\/pack3susta-gen-sustanon-mix-testosterone\\\/#primaryimage\",\"url\":\"https:\\\/\\\/iberoid.com\\\/wp-content\\\/uploads\\\/2025\\\/05\\\/sustgn-scaled.jpeg?v=1748074213\",\"contentUrl\":\"https:\\\/\\\/iberoid.com\\\/wp-content\\\/uploads\\\/2025\\\/05\\\/sustgn-scaled.jpeg?v=1748074213\",\"width\":2053,\"height\":2560},{\"@type\":\"BreadcrumbList\",\"@id\":\"https:\\\/\\\/iberoid.com\\\/fr\\\/product\\\/pack3susta-gen-sustanon-mix-testosterone\\\/#breadcrumb\",\"itemListElement\":[{\"@type\":\"ListItem\",\"position\":1,\"name\":\"Portada\",\"item\":\"https:\\\/\\\/iberoid.com\\\/fr\\\/\"},{\"@type\":\"ListItem\",\"position\":2,\"name\":\"Magasin\",\"item\":\"https:\\\/\\\/iberoid.com\\\/fr\\\/shop\\\/\"},{\"@type\":\"ListItem\",\"position\":3,\"name\":\"3 pack SUSTA-GEN &#8211; SUSTANON \\\/ mix testosterone\"}]},{\"@type\":\"WebSite\",\"@id\":\"https:\\\/\\\/iberoid.com\\\/fr\\\/#website\",\"url\":\"https:\\\/\\\/iberoid.com\\\/fr\\\/\",\"name\":\"(Espa\u00f1ol) Esteroides en l\u00ednea\",\"description\":\"(Espa\u00f1ol) Comprar esteroides en l\u00ednea hoy en Espa\u00f1a y Portugal. Tenemos el mejor servicio al cliente en la industria y los productos de la m\u00e1s alta calidad\",\"potentialAction\":[{\"@type\":\"SearchAction\",\"target\":{\"@type\":\"EntryPoint\",\"urlTemplate\":\"https:\\\/\\\/iberoid.com\\\/fr\\\/?s={search_term_string}\"},\"query-input\":{\"@type\":\"PropertyValueSpecification\",\"valueRequired\":true,\"valueName\":\"search_term_string\"}}],\"inLanguage\":\"fr-FR\"}]}<\/script>\n<meta property=\"product:brand\" content=\"Golden Dragon\" \/>\n<meta property=\"product:price:amount\" content=\"55.00\" \/>\n<meta property=\"product:price:currency\" content=\"EUR\" \/>\n<meta property=\"og:availability\" content=\"instock\" \/>\n<meta property=\"product:availability\" content=\"instock\" \/>\n<meta property=\"product:condition\" content=\"new\" \/>\n<!-- \/ Yoast SEO Premium plugin. -->","yoast_head_json":{"title":"3 pack SUSTA-GEN - SUSTANON \/ mix testosterone - (Espa\u00f1ol) Esteroides en l\u00ednea","description":"Susta-gen (Sustanon) est un ester de testost\u00e9rone injectable mensuel augmentant la croissance musculaire, la perte de graisse, l'oxyg\u00e9nation et l'agressivit\u00e9.","robots":{"index":"index","follow":"follow","max-snippet":"max-snippet:-1","max-image-preview":"max-image-preview:large","max-video-preview":"max-video-preview:-1"},"canonical":"https:\/\/iberoid.com\/fr\/product\/pack3susta-gen-sustanon-mix-testosterone\/","og_locale":"fr_FR","og_type":"article","og_title":"3 pack SUSTA-GEN - SUSTANON \/ mix testosterone","og_description":"Susta-gen (Sustanon) est un ester de testost\u00e9rone injectable mensuel augmentant la croissance musculaire, la perte de graisse, l'oxyg\u00e9nation et l'agressivit\u00e9.","og_url":"https:\/\/iberoid.com\/fr\/product\/pack3susta-gen-sustanon-mix-testosterone\/","og_site_name":"(Espa\u00f1ol) Esteroides en l\u00ednea","article_modified_time":"2026-04-06T01:10:46+00:00","og_image":[{"width":2053,"height":2560,"url":"https:\/\/iberoid.com\/wp-content\/uploads\/2025\/05\/sustgn-scaled.jpeg?v=1748074213","type":"image\/jpeg"}],"twitter_card":"summary_large_image","twitter_misc":{"Prix":"&euro;55.00","Disponibilit\u00e9":"En stock"},"schema":{"@context":"https:\/\/schema.org","@graph":[{"@type":"WebPage","@id":"https:\/\/iberoid.com\/fr\/product\/pack3susta-gen-sustanon-mix-testosterone\/","url":"https:\/\/iberoid.com\/fr\/product\/pack3susta-gen-sustanon-mix-testosterone\/","name":"3 pack SUSTA-GEN - SUSTANON \/ mix testosterone - (Espa\u00f1ol) Esteroides en l\u00ednea","isPartOf":{"@id":"https:\/\/iberoid.com\/fr\/#website"},"primaryImageOfPage":{"@id":"https:\/\/iberoid.com\/fr\/product\/pack3susta-gen-sustanon-mix-testosterone\/#primaryimage"},"image":{"@id":"https:\/\/iberoid.com\/fr\/product\/pack3susta-gen-sustanon-mix-testosterone\/#primaryimage"},"thumbnailUrl":"https:\/\/iberoid.com\/wp-content\/uploads\/2025\/05\/sustgn-scaled.jpeg?v=1748074213","datePublished":"2025-05-24T08:10:40+00:00","dateModified":"2026-04-06T01:10:46+00:00","description":"Susta-gen (Sustanon) est un ester de testost\u00e9rone injectable mensuel augmentant la croissance musculaire, la perte de graisse, l'oxyg\u00e9nation et l'agressivit\u00e9.","breadcrumb":{"@id":"https:\/\/iberoid.com\/fr\/product\/pack3susta-gen-sustanon-mix-testosterone\/#breadcrumb"},"inLanguage":"fr-FR","potentialAction":[{"@type":"ReadAction","target":[["https:\/\/iberoid.com\/fr\/product\/pack3susta-gen-sustanon-mix-testosterone\/"]]}]},{"@type":"ImageObject","inLanguage":"fr-FR","@id":"https:\/\/iberoid.com\/fr\/product\/pack3susta-gen-sustanon-mix-testosterone\/#primaryimage","url":"https:\/\/iberoid.com\/wp-content\/uploads\/2025\/05\/sustgn-scaled.jpeg?v=1748074213","contentUrl":"https:\/\/iberoid.com\/wp-content\/uploads\/2025\/05\/sustgn-scaled.jpeg?v=1748074213","width":2053,"height":2560},{"@type":"BreadcrumbList","@id":"https:\/\/iberoid.com\/fr\/product\/pack3susta-gen-sustanon-mix-testosterone\/#breadcrumb","itemListElement":[{"@type":"ListItem","position":1,"name":"Portada","item":"https:\/\/iberoid.com\/fr\/"},{"@type":"ListItem","position":2,"name":"Magasin","item":"https:\/\/iberoid.com\/fr\/shop\/"},{"@type":"ListItem","position":3,"name":"3 pack SUSTA-GEN &#8211; SUSTANON \/ mix testosterone"}]},{"@type":"WebSite","@id":"https:\/\/iberoid.com\/fr\/#website","url":"https:\/\/iberoid.com\/fr\/","name":"(Espa\u00f1ol) Esteroides en l\u00ednea","description":"(Espa\u00f1ol) Comprar esteroides en l\u00ednea hoy en Espa\u00f1a y Portugal. Tenemos el mejor servicio al cliente en la industria y los productos de la m\u00e1s alta calidad","potentialAction":[{"@type":"SearchAction","target":{"@type":"EntryPoint","urlTemplate":"https:\/\/iberoid.com\/fr\/?s={search_term_string}"},"query-input":{"@type":"PropertyValueSpecification","valueRequired":true,"valueName":"search_term_string"}}],"inLanguage":"fr-FR"}]},"product_brand":"Golden Dragon","product_price_amount":"55.00","product_price_currency":"EUR","og_availability":"instock","product_availability":"instock","product_condition":"new"},"_links":{"self":[{"href":"https:\/\/iberoid.com\/fr\/wp-json\/wp\/v2\/product\/10126","targetHints":{"allow":["GET"]}}],"collection":[{"href":"https:\/\/iberoid.com\/fr\/wp-json\/wp\/v2\/product"}],"about":[{"href":"https:\/\/iberoid.com\/fr\/wp-json\/wp\/v2\/types\/product"}],"replies":[{"embeddable":true,"href":"https:\/\/iberoid.com\/fr\/wp-json\/wp\/v2\/comments?post=10126"}],"wp:featuredmedia":[{"embeddable":true,"href":"https:\/\/iberoid.com\/fr\/wp-json\/wp\/v2\/media\/10127"}],"wp:attachment":[{"href":"https:\/\/iberoid.com\/fr\/wp-json\/wp\/v2\/media?parent=10126"}],"wp:term":[{"taxonomy":"product_brand","embeddable":true,"href":"https:\/\/iberoid.com\/fr\/wp-json\/wp\/v2\/product_brand?post=10126"},{"taxonomy":"product_cat","embeddable":true,"href":"https:\/\/iberoid.com\/fr\/wp-json\/wp\/v2\/product_cat?post=10126"},{"taxonomy":"product_tag","embeddable":true,"href":"https:\/\/iberoid.com\/fr\/wp-json\/wp\/v2\/product_tag?post=10126"}],"curies":[{"name":"wp","href":"https:\/\/api.w.org\/{rel}","templated":true}]}}