{"id":10226,"date":"2025-07-13T17:15:36","date_gmt":"2025-07-13T17:15:36","guid":{"rendered":"https:\/\/iberoid.com\/?post_type=product&#038;p=10226"},"modified":"2026-04-18T23:16:21","modified_gmt":"2026-04-18T23:16:21","slug":"pack3-a-bol-anavar-mp-pharm","status":"publish","type":"product","link":"https:\/\/iberoid.com\/fr\/product\/pack3-a-bol-anavar-mp-pharm\/","title":{"rendered":"PACK3 A-BOL \/ ANAVAR"},"content":{"rendered":"<p><\/p>\n<p data-start=\"0\" data-end=\"151\"><strong data-start=\"0\" data-end=\"22\">Nome farmaceutico:<\/strong> A-BOL<br data-start=\"28\" data-end=\"31\" \/><strong data-start=\"31\" data-end=\"48\">Nome chimico:<\/strong> Oxandrolone<br data-start=\"60\" data-end=\"63\" \/><strong data-start=\"63\" data-end=\"91\">Nome chimico abbreviato:<\/strong> 17beta-Idrossi-17alpha-metil-2-oxa-5alpha-androstan-3-one<\/p>\n<p data-start=\"153\" data-end=\"331\"><strong data-start=\"153\" data-end=\"171\">Presentazione:<\/strong> 10 mg per compressa. Il contenitore \u00e8 sigillato con 100 compresse. Sia la scatola che il contenitore riportano un set di 10 codici di autenticazione incollati.<\/p>\n<p data-start=\"333\" data-end=\"744\">Anavar \u00e8 uno dei composti pi\u00f9 popolari tra gli atleti che praticano allenamento con i pesi, poich\u00e9 non subisce aromatizzazione a nessun dosaggio. Questa caratteristica offre vari vantaggi per l\u2019atleta. Con Anavar, i muscoli non assumono il tipico aspetto gonfio dovuto alla ritenzione idrica, rendendolo ideale durante la fase di preparazione alle competizioni. Anavar aiuta a rendere i muscoli duri e definiti.<\/p>\n<p data-start=\"746\" data-end=\"1240\">Sebbene non bruci direttamente i grassi, svolge un ruolo indiretto in questo processo, in quanto spesso sopprime l&rsquo;appetito dell&rsquo;atleta. Anavar pu\u00f2 anche causare gonfiore, che in alcuni atleti porta a nausea e vomito quando le compresse vengono assunte durante i pasti, a causa del suo effetto sull&rsquo;attivit\u00e0 del tratto gastrointestinale. Alcuni atleti riportano diarrea persistente. Non \u00e8 piacevole, ma pu\u00f2 comunque contribuire alla demolizione del grasso e alla maggiore definizione muscolare.<\/p>\n<p data-start=\"1242\" data-end=\"1551\">Chi desidera aumentare massa muscolare di qualit\u00e0 dovrebbe abbinare Anavar con Trenbol 75, Masterolone, Primolic, Test Pro e Stano o Winstro 50. Un altro gruppo di atleti che mostra segni di scarsa salute durante il ciclo di massa con testosterone, Dianabol o Oxybol dovrebbe utilizzare Anavar insieme a Deca.<\/p>\n<p data-start=\"1553\" data-end=\"1990\">Alti dosaggi di Anavar non influenzano la produzione naturale di testosterone del corpo. Non ha un meccanismo di feedback negativo sull&rsquo;asse ipotalamo-ipofisi-testicoli. Ci\u00f2 significa che, a differenza della maggior parte degli steroidi anabolizzanti, Anavar non riduce n\u00e9 blocca il rilascio dell&rsquo;ormone rilasciante la gonadotropina (GnRH) n\u00e9 dell&rsquo;ormone luteinizzante (LH). Questo spiega perch\u00e9 la sostanza non si converte in estrogeni.<\/p>\n<p data-start=\"1992\" data-end=\"2329\" data-is-last-node=\"\" data-is-only-node=\"\">Si ritiene anche che gli estrogeni, prodotti dall&rsquo;aromatizzazione del testosterone e di altri steroidi anabolizzanti in alcune aree del cervello e dell&rsquo;ipotalamo, inibiscano la secrezione di LH, riducendo cos\u00ec la produzione di testosterone. Alti dosaggi di Anavar non riducono la conta spermatica nell\u2019uomo n\u00e9 si convertono in estrogeni.<\/p>\n<p><\/p>","protected":false},"excerpt":{"rendered":"<p>Nome farmaceutico: A-BOLNome chimico: OxandroloneNome chimico abbreviato: 17beta-Idrossi-17alpha-metil-2-oxa-5alpha-androstan-3-one Presentazione: 10 mg per compressa. Il contenitore \u00e8 sigillato con 100 compresse.<\/p>\n","protected":false},"featured_media":10227,"comment_status":"open","ping_status":"closed","template":"","meta":[],"product_brand":[],"product_cat":[73,3474],"product_tag":[],"class_list":{"0":"post-10226","1":"product","2":"type-product","3":"status-publish","4":"has-post-thumbnail","6":"product_cat-ssteroides_orales","7":"product_cat-packs","9":"first","10":"instock","11":"shipping-taxable","12":"purchasable","13":"product-type-simple"},"yoast_head":"<!-- This site is optimized with the Yoast SEO Premium plugin v24.4 (Yoast SEO v27.3) - https:\/\/yoast.com\/product\/yoast-seo-premium-wordpress\/ -->\n<title>PACK3 A-BOL \/ ANAVAR - (Espa\u00f1ol) Esteroides en l\u00ednea<\/title>\n<meta name=\"description\" content=\"A-BOL (Oxandrolone) est un st\u00e9ro\u00efde non aromatisant qui d\u00e9veloppe des muscles durs et secs sans affecter la testost\u00e9rone naturelle.\" \/>\n<meta name=\"robots\" content=\"index, follow, max-snippet:-1, max-image-preview:large, max-video-preview:-1\" \/>\n<link rel=\"canonical\" href=\"https:\/\/iberoid.com\/fr\/product\/pack3-a-bol-anavar-mp-pharm\/\" \/>\n<meta property=\"og:locale\" content=\"fr_FR\" \/>\n<meta property=\"og:type\" content=\"article\" \/>\n<meta property=\"og:title\" content=\"PACK3 A-BOL \/ ANAVAR\" \/>\n<meta property=\"og:description\" content=\"A-BOL (Oxandrolone) est un st\u00e9ro\u00efde non aromatisant qui d\u00e9veloppe des muscles durs et secs sans affecter la testost\u00e9rone naturelle.\" \/>\n<meta property=\"og:url\" content=\"https:\/\/iberoid.com\/fr\/product\/pack3-a-bol-anavar-mp-pharm\/\" \/>\n<meta property=\"og:site_name\" content=\"(Espa\u00f1ol) Esteroides en l\u00ednea\" \/>\n<meta property=\"article:modified_time\" content=\"2026-04-18T23:16:21+00:00\" \/>\n<meta property=\"og:image\" content=\"https:\/\/iberoid.com\/wp-content\/uploads\/2025\/07\/3-a-bol-scaled.jpeg?v=1752426920\" \/>\n\t<meta property=\"og:image:width\" content=\"2560\" \/>\n\t<meta property=\"og:image:height\" content=\"1993\" \/>\n\t<meta property=\"og:image:type\" content=\"image\/jpeg\" \/>\n<meta name=\"twitter:card\" content=\"summary_large_image\" \/>\n<meta name=\"twitter:label1\" content=\"Prix\" \/>\n\t<meta name=\"twitter:data1\" content=\"&euro;55.00\" \/>\n\t<meta name=\"twitter:label2\" content=\"Disponibilit\u00e9\" \/>\n\t<meta name=\"twitter:data2\" content=\"En stock\" \/>\n<script type=\"application\/ld+json\" class=\"yoast-schema-graph\">{\"@context\":\"https:\\\/\\\/schema.org\",\"@graph\":[{\"@type\":\"WebPage\",\"@id\":\"https:\\\/\\\/iberoid.com\\\/fr\\\/product\\\/pack3-a-bol-anavar-mp-pharm\\\/\",\"url\":\"https:\\\/\\\/iberoid.com\\\/fr\\\/product\\\/pack3-a-bol-anavar-mp-pharm\\\/\",\"name\":\"PACK3 A-BOL \\\/ ANAVAR - (Espa\u00f1ol) Esteroides en l\u00ednea\",\"isPartOf\":{\"@id\":\"https:\\\/\\\/iberoid-shop.com\\\/#website\"},\"primaryImageOfPage\":{\"@id\":\"https:\\\/\\\/iberoid.com\\\/fr\\\/product\\\/pack3-a-bol-anavar-mp-pharm\\\/#primaryimage\"},\"image\":{\"@id\":\"https:\\\/\\\/iberoid.com\\\/fr\\\/product\\\/pack3-a-bol-anavar-mp-pharm\\\/#primaryimage\"},\"thumbnailUrl\":\"https:\\\/\\\/iberoid.com\\\/wp-content\\\/uploads\\\/2025\\\/07\\\/3-a-bol-scaled.jpeg?v=1752426920\",\"datePublished\":\"2025-07-13T17:15:36+00:00\",\"dateModified\":\"2026-04-18T23:16:21+00:00\",\"description\":\"A-BOL (Oxandrolone) est un st\u00e9ro\u00efde non aromatisant qui d\u00e9veloppe des muscles durs et secs sans affecter la testost\u00e9rone naturelle.\",\"breadcrumb\":{\"@id\":\"https:\\\/\\\/iberoid.com\\\/fr\\\/product\\\/pack3-a-bol-anavar-mp-pharm\\\/#breadcrumb\"},\"inLanguage\":\"fr-FR\",\"potentialAction\":[{\"@type\":\"ReadAction\",\"target\":[[\"https:\\\/\\\/iberoid.com\\\/fr\\\/product\\\/pack3-a-bol-anavar-mp-pharm\\\/\"]]}]},{\"@type\":\"ImageObject\",\"inLanguage\":\"fr-FR\",\"@id\":\"https:\\\/\\\/iberoid.com\\\/fr\\\/product\\\/pack3-a-bol-anavar-mp-pharm\\\/#primaryimage\",\"url\":\"https:\\\/\\\/iberoid.com\\\/wp-content\\\/uploads\\\/2025\\\/07\\\/3-a-bol-scaled.jpeg?v=1752426920\",\"contentUrl\":\"https:\\\/\\\/iberoid.com\\\/wp-content\\\/uploads\\\/2025\\\/07\\\/3-a-bol-scaled.jpeg?v=1752426920\",\"width\":2560,\"height\":1993},{\"@type\":\"BreadcrumbList\",\"@id\":\"https:\\\/\\\/iberoid.com\\\/fr\\\/product\\\/pack3-a-bol-anavar-mp-pharm\\\/#breadcrumb\",\"itemListElement\":[{\"@type\":\"ListItem\",\"position\":1,\"name\":\"Portada\",\"item\":\"https:\\\/\\\/iberoid.com\\\/fr\\\/\"},{\"@type\":\"ListItem\",\"position\":2,\"name\":\"Magasin\",\"item\":\"https:\\\/\\\/iberoid.com\\\/fr\\\/shop\\\/\"},{\"@type\":\"ListItem\",\"position\":3,\"name\":\"PACK3 A-BOL \\\/ ANAVAR\"}]},{\"@type\":\"WebSite\",\"@id\":\"https:\\\/\\\/iberoid-shop.com\\\/#website\",\"url\":\"https:\\\/\\\/iberoid-shop.com\\\/\",\"name\":\"(Espa\u00f1ol) Esteroides en l\u00ednea\",\"description\":\"(Espa\u00f1ol) Comprar esteroides en l\u00ednea hoy en Espa\u00f1a y Portugal. Tenemos el mejor servicio al cliente en la industria y los productos de la m\u00e1s alta calidad\",\"potentialAction\":[{\"@type\":\"SearchAction\",\"target\":{\"@type\":\"EntryPoint\",\"urlTemplate\":\"https:\\\/\\\/iberoid-shop.com\\\/?s={search_term_string}\"},\"query-input\":{\"@type\":\"PropertyValueSpecification\",\"valueRequired\":true,\"valueName\":\"search_term_string\"}}],\"inLanguage\":\"fr-FR\"}]}<\/script>\n<meta property=\"product:brand\" content=\"Mp-Pharm\" \/>\n<meta property=\"product:price:amount\" content=\"55.00\" \/>\n<meta property=\"product:price:currency\" content=\"EUR\" \/>\n<meta property=\"og:availability\" content=\"instock\" \/>\n<meta property=\"product:availability\" content=\"instock\" \/>\n<meta property=\"product:condition\" content=\"new\" \/>\n<!-- \/ Yoast SEO Premium plugin. -->","yoast_head_json":{"title":"PACK3 A-BOL \/ ANAVAR - (Espa\u00f1ol) Esteroides en l\u00ednea","description":"A-BOL (Oxandrolone) est un st\u00e9ro\u00efde non aromatisant qui d\u00e9veloppe des muscles durs et secs sans affecter la testost\u00e9rone naturelle.","robots":{"index":"index","follow":"follow","max-snippet":"max-snippet:-1","max-image-preview":"max-image-preview:large","max-video-preview":"max-video-preview:-1"},"canonical":"https:\/\/iberoid.com\/fr\/product\/pack3-a-bol-anavar-mp-pharm\/","og_locale":"fr_FR","og_type":"article","og_title":"PACK3 A-BOL \/ ANAVAR","og_description":"A-BOL (Oxandrolone) est un st\u00e9ro\u00efde non aromatisant qui d\u00e9veloppe des muscles durs et secs sans affecter la testost\u00e9rone naturelle.","og_url":"https:\/\/iberoid.com\/fr\/product\/pack3-a-bol-anavar-mp-pharm\/","og_site_name":"(Espa\u00f1ol) Esteroides en l\u00ednea","article_modified_time":"2026-04-18T23:16:21+00:00","og_image":[{"width":2560,"height":1993,"url":"https:\/\/iberoid.com\/wp-content\/uploads\/2025\/07\/3-a-bol-scaled.jpeg?v=1752426920","type":"image\/jpeg"}],"twitter_card":"summary_large_image","twitter_misc":{"Prix":"&euro;55.00","Disponibilit\u00e9":"En stock"},"schema":{"@context":"https:\/\/schema.org","@graph":[{"@type":"WebPage","@id":"https:\/\/iberoid.com\/fr\/product\/pack3-a-bol-anavar-mp-pharm\/","url":"https:\/\/iberoid.com\/fr\/product\/pack3-a-bol-anavar-mp-pharm\/","name":"PACK3 A-BOL \/ ANAVAR - (Espa\u00f1ol) Esteroides en l\u00ednea","isPartOf":{"@id":"https:\/\/iberoid-shop.com\/#website"},"primaryImageOfPage":{"@id":"https:\/\/iberoid.com\/fr\/product\/pack3-a-bol-anavar-mp-pharm\/#primaryimage"},"image":{"@id":"https:\/\/iberoid.com\/fr\/product\/pack3-a-bol-anavar-mp-pharm\/#primaryimage"},"thumbnailUrl":"https:\/\/iberoid.com\/wp-content\/uploads\/2025\/07\/3-a-bol-scaled.jpeg?v=1752426920","datePublished":"2025-07-13T17:15:36+00:00","dateModified":"2026-04-18T23:16:21+00:00","description":"A-BOL (Oxandrolone) est un st\u00e9ro\u00efde non aromatisant qui d\u00e9veloppe des muscles durs et secs sans affecter la testost\u00e9rone naturelle.","breadcrumb":{"@id":"https:\/\/iberoid.com\/fr\/product\/pack3-a-bol-anavar-mp-pharm\/#breadcrumb"},"inLanguage":"fr-FR","potentialAction":[{"@type":"ReadAction","target":[["https:\/\/iberoid.com\/fr\/product\/pack3-a-bol-anavar-mp-pharm\/"]]}]},{"@type":"ImageObject","inLanguage":"fr-FR","@id":"https:\/\/iberoid.com\/fr\/product\/pack3-a-bol-anavar-mp-pharm\/#primaryimage","url":"https:\/\/iberoid.com\/wp-content\/uploads\/2025\/07\/3-a-bol-scaled.jpeg?v=1752426920","contentUrl":"https:\/\/iberoid.com\/wp-content\/uploads\/2025\/07\/3-a-bol-scaled.jpeg?v=1752426920","width":2560,"height":1993},{"@type":"BreadcrumbList","@id":"https:\/\/iberoid.com\/fr\/product\/pack3-a-bol-anavar-mp-pharm\/#breadcrumb","itemListElement":[{"@type":"ListItem","position":1,"name":"Portada","item":"https:\/\/iberoid.com\/fr\/"},{"@type":"ListItem","position":2,"name":"Magasin","item":"https:\/\/iberoid.com\/fr\/shop\/"},{"@type":"ListItem","position":3,"name":"PACK3 A-BOL \/ ANAVAR"}]},{"@type":"WebSite","@id":"https:\/\/iberoid-shop.com\/#website","url":"https:\/\/iberoid-shop.com\/","name":"(Espa\u00f1ol) Esteroides en l\u00ednea","description":"(Espa\u00f1ol) Comprar esteroides en l\u00ednea hoy en Espa\u00f1a y Portugal. Tenemos el mejor servicio al cliente en la industria y los productos de la m\u00e1s alta calidad","potentialAction":[{"@type":"SearchAction","target":{"@type":"EntryPoint","urlTemplate":"https:\/\/iberoid-shop.com\/?s={search_term_string}"},"query-input":{"@type":"PropertyValueSpecification","valueRequired":true,"valueName":"search_term_string"}}],"inLanguage":"fr-FR"}]},"product_brand":"Mp-Pharm","product_price_amount":"55.00","product_price_currency":"EUR","og_availability":"instock","product_availability":"instock","product_condition":"new"},"_links":{"self":[{"href":"https:\/\/iberoid.com\/fr\/wp-json\/wp\/v2\/product\/10226","targetHints":{"allow":["GET"]}}],"collection":[{"href":"https:\/\/iberoid.com\/fr\/wp-json\/wp\/v2\/product"}],"about":[{"href":"https:\/\/iberoid.com\/fr\/wp-json\/wp\/v2\/types\/product"}],"replies":[{"embeddable":true,"href":"https:\/\/iberoid.com\/fr\/wp-json\/wp\/v2\/comments?post=10226"}],"wp:featuredmedia":[{"embeddable":true,"href":"https:\/\/iberoid.com\/fr\/wp-json\/wp\/v2\/media\/10227"}],"wp:attachment":[{"href":"https:\/\/iberoid.com\/fr\/wp-json\/wp\/v2\/media?parent=10226"}],"wp:term":[{"taxonomy":"product_brand","embeddable":true,"href":"https:\/\/iberoid.com\/fr\/wp-json\/wp\/v2\/product_brand?post=10226"},{"taxonomy":"product_cat","embeddable":true,"href":"https:\/\/iberoid.com\/fr\/wp-json\/wp\/v2\/product_cat?post=10226"},{"taxonomy":"product_tag","embeddable":true,"href":"https:\/\/iberoid.com\/fr\/wp-json\/wp\/v2\/product_tag?post=10226"}],"curies":[{"name":"wp","href":"https:\/\/api.w.org\/{rel}","templated":true}]}}