{"id":10282,"date":"2025-08-14T07:49:00","date_gmt":"2025-08-14T07:49:00","guid":{"rendered":"https:\/\/iberoid.com\/?post_type=product&#038;p=10282"},"modified":"2026-02-02T16:40:00","modified_gmt":"2026-02-02T16:40:00","slug":"pboll-primo-tabs-methenolone-acetate","status":"publish","type":"product","link":"https:\/\/iberoid.com\/fr\/product\/pboll-primo-tabs-methenolone-acetate\/","title":{"rendered":"PBOLL 10 \/ PRIMO TABS \/ methenolone acetate"},"content":{"rendered":"<p>Le <b>Primobolan<\/b> est un anabolisant dot\u00e9 d&rsquo;une composante androg\u00e9nique extr\u00eamement faible. Son effet anabolisant est mod\u00e9r\u00e9ment fort. Les comprim\u00e9s de Primobolan n&rsquo;ont qu&rsquo;un effet limit\u00e9 sur la prise de masse musculaire et de force, et il est principalement pris sur une p\u00e9riode prolong\u00e9e. Son usage principal est dans la pr\u00e9paration pour une comp\u00e9tition.<\/p>\n<p>La forme ac\u00e9tate ne s&rsquo;aromatise pas en \u0153strog\u00e8nes et ne provoque pas de r\u00e9tention d&rsquo;eau. Les comprim\u00e9s d&rsquo;ac\u00e9tate de Primobolan ne doivent jamais \u00eatre pris comme seul st\u00e9ro\u00efde pendant un r\u00e9gime, car, en raison de son effet androg\u00e9nique extr\u00eamement faible, des pertes significatives de muscles et de force peuvent se produire, et il existe un risque de surentra\u00eenement. Il n&rsquo;est pas <b>c17 alpha alkyl\u00e9<\/b> comme la plupart des st\u00e9ro\u00efdes oraux.<\/p>\n<p>Ce produit offre plus ou moins les m\u00eames effets que le <b>Winstrol<\/b>, \u00e0 la diff\u00e9rence qu&rsquo;il n&rsquo;est pas toxique pour le foie, car il n&rsquo;est pas <b>AA17<\/b>.<\/p>\n<p>Il pr\u00e9sente un grand avantage : m\u00eame pris seul, il peut entra\u00eener un gain de masse musculaire associ\u00e9 \u00e0 une combustion des graisses, comme c&rsquo;est le cas avec le Winstrol. Le Primobolan oral procure un gain musculaire mod\u00e9r\u00e9 mais de meilleure qualit\u00e9, plus dense et plus sec.<\/p>\n<p>La principale caract\u00e9ristique de l&rsquo;<b>Ac\u00e9tate de Metenolone (Primobolan)<\/b> en comprim\u00e9s est qu&rsquo;il n&rsquo;est absolument pas toxique pour le foie ou d&rsquo;autres organes, contrairement au Winstrol et \u00e0 de nombreux autres anabolisants oraux. Cela est d\u00fb au fait qu&rsquo;il n&rsquo;est pas alpha alkyl\u00e9, ce qui en fait l&rsquo;un des st\u00e9ro\u00efdes oraux les moins dangereux.<\/p>","protected":false},"excerpt":{"rendered":"<p>Le Primobolan est un anabolisant dot\u00e9 d&rsquo;une composante androg\u00e9nique extr\u00eamement faible. Son effet anabolisant est mod\u00e9r\u00e9ment fort. Les comprim\u00e9s de<\/p>\n","protected":false},"featured_media":10283,"comment_status":"open","ping_status":"closed","template":"","meta":[],"product_brand":[],"product_cat":[73],"product_tag":[],"class_list":{"0":"post-10282","1":"product","2":"type-product","3":"status-publish","4":"has-post-thumbnail","6":"product_cat-ssteroides_orales","8":"first","9":"instock","10":"shipping-taxable","11":"purchasable","12":"product-type-simple"},"yoast_head":"<!-- This site is optimized with the Yoast SEO Premium plugin v24.4 (Yoast SEO v27.0) - https:\/\/yoast.com\/product\/yoast-seo-premium-wordpress\/ -->\n<title>PBOLL 10 \/ PRIMO TABS \/ methenolone acetate - (Espa\u00f1ol) Esteroides en l\u00ednea<\/title>\n<meta name=\"description\" content=\"Le Primobolan est un st\u00e9ro\u00efde anabolisant oral doux qui aide \u00e0 construire du muscle maigre et \u00e0 br\u00fbler les graisses sans toxicit\u00e9 h\u00e9patique, r\u00e9tention d&#039;eau ou conversion d&#039;\u0153strog\u00e8nes.\" \/>\n<meta name=\"robots\" content=\"index, follow, max-snippet:-1, max-image-preview:large, max-video-preview:-1\" \/>\n<link rel=\"canonical\" href=\"https:\/\/iberoid.com\/fr\/product\/pboll-primo-tabs-methenolone-acetate\/\" \/>\n<meta property=\"og:locale\" content=\"fr_FR\" \/>\n<meta property=\"og:type\" content=\"article\" \/>\n<meta property=\"og:title\" content=\"PBOLL 10 \/ PRIMO TABS \/ methenolone acetate\" \/>\n<meta property=\"og:description\" content=\"Le Primobolan est un st\u00e9ro\u00efde anabolisant oral doux qui aide \u00e0 construire du muscle maigre et \u00e0 br\u00fbler les graisses sans toxicit\u00e9 h\u00e9patique, r\u00e9tention d&#039;eau ou conversion d&#039;\u0153strog\u00e8nes.\" \/>\n<meta property=\"og:url\" content=\"https:\/\/iberoid.com\/fr\/product\/pboll-primo-tabs-methenolone-acetate\/\" \/>\n<meta property=\"og:site_name\" content=\"(Espa\u00f1ol) Esteroides en l\u00ednea\" \/>\n<meta property=\"article:modified_time\" content=\"2026-02-02T16:40:00+00:00\" \/>\n<meta property=\"og:image\" content=\"https:\/\/iberoid.com\/wp-content\/uploads\/2025\/08\/PBOL1-scaled.jpeg?v=1755157698\" \/>\n\t<meta property=\"og:image:width\" content=\"1767\" \/>\n\t<meta property=\"og:image:height\" content=\"2560\" \/>\n\t<meta property=\"og:image:type\" content=\"image\/jpeg\" \/>\n<meta name=\"twitter:card\" content=\"summary_large_image\" \/>\n<meta name=\"twitter:label1\" content=\"Prix\" \/>\n\t<meta name=\"twitter:data1\" content=\"&euro;30.00\" \/>\n\t<meta name=\"twitter:label2\" content=\"Disponibilit\u00e9\" \/>\n\t<meta name=\"twitter:data2\" content=\"En stock\" \/>\n<script type=\"application\/ld+json\" class=\"yoast-schema-graph\">{\"@context\":\"https:\/\/schema.org\",\"@graph\":[{\"@type\":\"WebPage\",\"@id\":\"https:\/\/iberoid.com\/fr\/product\/pboll-primo-tabs-methenolone-acetate\/\",\"url\":\"https:\/\/iberoid.com\/fr\/product\/pboll-primo-tabs-methenolone-acetate\/\",\"name\":\"PBOLL 10 \/ PRIMO TABS \/ methenolone acetate - (Espa\u00f1ol) Esteroides en l\u00ednea\",\"isPartOf\":{\"@id\":\"https:\/\/iberoid-shop.com\/#website\"},\"primaryImageOfPage\":{\"@id\":\"https:\/\/iberoid.com\/fr\/product\/pboll-primo-tabs-methenolone-acetate\/#primaryimage\"},\"image\":{\"@id\":\"https:\/\/iberoid.com\/fr\/product\/pboll-primo-tabs-methenolone-acetate\/#primaryimage\"},\"thumbnailUrl\":\"https:\/\/iberoid.com\/wp-content\/uploads\/2025\/08\/PBOL1-scaled.jpeg?v=1755157698\",\"datePublished\":\"2025-08-14T07:49:00+00:00\",\"dateModified\":\"2026-02-02T16:40:00+00:00\",\"description\":\"Le Primobolan est un st\u00e9ro\u00efde anabolisant oral doux qui aide \u00e0 construire du muscle maigre et \u00e0 br\u00fbler les graisses sans toxicit\u00e9 h\u00e9patique, r\u00e9tention d'eau ou conversion d'\u0153strog\u00e8nes.\",\"breadcrumb\":{\"@id\":\"https:\/\/iberoid.com\/fr\/product\/pboll-primo-tabs-methenolone-acetate\/#breadcrumb\"},\"inLanguage\":\"fr-FR\",\"potentialAction\":[{\"@type\":\"ReadAction\",\"target\":[[\"https:\/\/iberoid.com\/fr\/product\/pboll-primo-tabs-methenolone-acetate\/\"]]}]},{\"@type\":\"ImageObject\",\"inLanguage\":\"fr-FR\",\"@id\":\"https:\/\/iberoid.com\/fr\/product\/pboll-primo-tabs-methenolone-acetate\/#primaryimage\",\"url\":\"https:\/\/iberoid.com\/wp-content\/uploads\/2025\/08\/PBOL1-scaled.jpeg?v=1755157698\",\"contentUrl\":\"https:\/\/iberoid.com\/wp-content\/uploads\/2025\/08\/PBOL1-scaled.jpeg?v=1755157698\",\"width\":1767,\"height\":2560},{\"@type\":\"BreadcrumbList\",\"@id\":\"https:\/\/iberoid.com\/fr\/product\/pboll-primo-tabs-methenolone-acetate\/#breadcrumb\",\"itemListElement\":[{\"@type\":\"ListItem\",\"position\":1,\"name\":\"Portada\",\"item\":\"https:\/\/iberoid.com\/fr\/\"},{\"@type\":\"ListItem\",\"position\":2,\"name\":\"Magasin\",\"item\":\"https:\/\/iberoid.com\/fr\/shop\/\"},{\"@type\":\"ListItem\",\"position\":3,\"name\":\"PBOLL 10 \/ PRIMO TABS \/ methenolone acetate\"}]},{\"@type\":\"WebSite\",\"@id\":\"https:\/\/iberoid-shop.com\/#website\",\"url\":\"https:\/\/iberoid-shop.com\/\",\"name\":\"(Espa\u00f1ol) Esteroides en l\u00ednea\",\"description\":\"(Espa\u00f1ol) Comprar esteroides en l\u00ednea hoy en Espa\u00f1a y Portugal. Tenemos el mejor servicio al cliente en la industria y los productos de la m\u00e1s alta calidad\",\"potentialAction\":[{\"@type\":\"SearchAction\",\"target\":{\"@type\":\"EntryPoint\",\"urlTemplate\":\"https:\/\/iberoid-shop.com\/?s={search_term_string}\"},\"query-input\":{\"@type\":\"PropertyValueSpecification\",\"valueRequired\":true,\"valueName\":\"search_term_string\"}}],\"inLanguage\":\"fr-FR\"}]}<\/script>\n<meta property=\"product:brand\" content=\"Mp-Pharm\" \/>\n<meta property=\"product:price:amount\" content=\"30.00\" \/>\n<meta property=\"product:price:currency\" content=\"EUR\" \/>\n<meta property=\"og:availability\" content=\"instock\" \/>\n<meta property=\"product:availability\" content=\"instock\" \/>\n<meta property=\"product:condition\" content=\"new\" \/>\n<!-- \/ Yoast SEO Premium plugin. -->","yoast_head_json":{"title":"PBOLL 10 \/ PRIMO TABS \/ methenolone acetate - (Espa\u00f1ol) Esteroides en l\u00ednea","description":"Le Primobolan est un st\u00e9ro\u00efde anabolisant oral doux qui aide \u00e0 construire du muscle maigre et \u00e0 br\u00fbler les graisses sans toxicit\u00e9 h\u00e9patique, r\u00e9tention d'eau ou conversion d'\u0153strog\u00e8nes.","robots":{"index":"index","follow":"follow","max-snippet":"max-snippet:-1","max-image-preview":"max-image-preview:large","max-video-preview":"max-video-preview:-1"},"canonical":"https:\/\/iberoid.com\/fr\/product\/pboll-primo-tabs-methenolone-acetate\/","og_locale":"fr_FR","og_type":"article","og_title":"PBOLL 10 \/ PRIMO TABS \/ methenolone acetate","og_description":"Le Primobolan est un st\u00e9ro\u00efde anabolisant oral doux qui aide \u00e0 construire du muscle maigre et \u00e0 br\u00fbler les graisses sans toxicit\u00e9 h\u00e9patique, r\u00e9tention d'eau ou conversion d'\u0153strog\u00e8nes.","og_url":"https:\/\/iberoid.com\/fr\/product\/pboll-primo-tabs-methenolone-acetate\/","og_site_name":"(Espa\u00f1ol) Esteroides en l\u00ednea","article_modified_time":"2026-02-02T16:40:00+00:00","og_image":[{"width":1767,"height":2560,"url":"https:\/\/iberoid.com\/wp-content\/uploads\/2025\/08\/PBOL1-scaled.jpeg?v=1755157698","type":"image\/jpeg"}],"twitter_card":"summary_large_image","twitter_misc":{"Prix":"&euro;30.00","Disponibilit\u00e9":"En stock"},"schema":{"@context":"https:\/\/schema.org","@graph":[{"@type":"WebPage","@id":"https:\/\/iberoid.com\/fr\/product\/pboll-primo-tabs-methenolone-acetate\/","url":"https:\/\/iberoid.com\/fr\/product\/pboll-primo-tabs-methenolone-acetate\/","name":"PBOLL 10 \/ PRIMO TABS \/ methenolone acetate - (Espa\u00f1ol) Esteroides en l\u00ednea","isPartOf":{"@id":"https:\/\/iberoid-shop.com\/#website"},"primaryImageOfPage":{"@id":"https:\/\/iberoid.com\/fr\/product\/pboll-primo-tabs-methenolone-acetate\/#primaryimage"},"image":{"@id":"https:\/\/iberoid.com\/fr\/product\/pboll-primo-tabs-methenolone-acetate\/#primaryimage"},"thumbnailUrl":"https:\/\/iberoid.com\/wp-content\/uploads\/2025\/08\/PBOL1-scaled.jpeg?v=1755157698","datePublished":"2025-08-14T07:49:00+00:00","dateModified":"2026-02-02T16:40:00+00:00","description":"Le Primobolan est un st\u00e9ro\u00efde anabolisant oral doux qui aide \u00e0 construire du muscle maigre et \u00e0 br\u00fbler les graisses sans toxicit\u00e9 h\u00e9patique, r\u00e9tention d'eau ou conversion d'\u0153strog\u00e8nes.","breadcrumb":{"@id":"https:\/\/iberoid.com\/fr\/product\/pboll-primo-tabs-methenolone-acetate\/#breadcrumb"},"inLanguage":"fr-FR","potentialAction":[{"@type":"ReadAction","target":[["https:\/\/iberoid.com\/fr\/product\/pboll-primo-tabs-methenolone-acetate\/"]]}]},{"@type":"ImageObject","inLanguage":"fr-FR","@id":"https:\/\/iberoid.com\/fr\/product\/pboll-primo-tabs-methenolone-acetate\/#primaryimage","url":"https:\/\/iberoid.com\/wp-content\/uploads\/2025\/08\/PBOL1-scaled.jpeg?v=1755157698","contentUrl":"https:\/\/iberoid.com\/wp-content\/uploads\/2025\/08\/PBOL1-scaled.jpeg?v=1755157698","width":1767,"height":2560},{"@type":"BreadcrumbList","@id":"https:\/\/iberoid.com\/fr\/product\/pboll-primo-tabs-methenolone-acetate\/#breadcrumb","itemListElement":[{"@type":"ListItem","position":1,"name":"Portada","item":"https:\/\/iberoid.com\/fr\/"},{"@type":"ListItem","position":2,"name":"Magasin","item":"https:\/\/iberoid.com\/fr\/shop\/"},{"@type":"ListItem","position":3,"name":"PBOLL 10 \/ PRIMO TABS \/ methenolone acetate"}]},{"@type":"WebSite","@id":"https:\/\/iberoid-shop.com\/#website","url":"https:\/\/iberoid-shop.com\/","name":"(Espa\u00f1ol) Esteroides en l\u00ednea","description":"(Espa\u00f1ol) Comprar esteroides en l\u00ednea hoy en Espa\u00f1a y Portugal. Tenemos el mejor servicio al cliente en la industria y los productos de la m\u00e1s alta calidad","potentialAction":[{"@type":"SearchAction","target":{"@type":"EntryPoint","urlTemplate":"https:\/\/iberoid-shop.com\/?s={search_term_string}"},"query-input":{"@type":"PropertyValueSpecification","valueRequired":true,"valueName":"search_term_string"}}],"inLanguage":"fr-FR"}]},"product_brand":"Mp-Pharm","product_price_amount":"30.00","product_price_currency":"EUR","og_availability":"instock","product_availability":"instock","product_condition":"new"},"_links":{"self":[{"href":"https:\/\/iberoid.com\/fr\/wp-json\/wp\/v2\/product\/10282","targetHints":{"allow":["GET"]}}],"collection":[{"href":"https:\/\/iberoid.com\/fr\/wp-json\/wp\/v2\/product"}],"about":[{"href":"https:\/\/iberoid.com\/fr\/wp-json\/wp\/v2\/types\/product"}],"replies":[{"embeddable":true,"href":"https:\/\/iberoid.com\/fr\/wp-json\/wp\/v2\/comments?post=10282"}],"wp:featuredmedia":[{"embeddable":true,"href":"https:\/\/iberoid.com\/fr\/wp-json\/wp\/v2\/media\/10283"}],"wp:attachment":[{"href":"https:\/\/iberoid.com\/fr\/wp-json\/wp\/v2\/media?parent=10282"}],"wp:term":[{"taxonomy":"product_brand","embeddable":true,"href":"https:\/\/iberoid.com\/fr\/wp-json\/wp\/v2\/product_brand?post=10282"},{"taxonomy":"product_cat","embeddable":true,"href":"https:\/\/iberoid.com\/fr\/wp-json\/wp\/v2\/product_cat?post=10282"},{"taxonomy":"product_tag","embeddable":true,"href":"https:\/\/iberoid.com\/fr\/wp-json\/wp\/v2\/product_tag?post=10282"}],"curies":[{"name":"wp","href":"https:\/\/api.w.org\/{rel}","templated":true}]}}