{"id":10287,"date":"2025-08-17T09:50:46","date_gmt":"2025-08-17T09:50:46","guid":{"rendered":"https:\/\/iberoid.com\/?post_type=product&#038;p=10287"},"modified":"2026-03-03T19:44:40","modified_gmt":"2026-03-03T19:44:40","slug":"yoboll-yohimbina-hcl-5-mg-100tabs","status":"publish","type":"product","link":"https:\/\/iberoid.com\/fr\/product\/yoboll-yohimbina-hcl-5-mg-100tabs\/","title":{"rendered":"YOBOLL \/ yohimbine hcl 5 mg \/ 100tabs"},"content":{"rendered":"<p>Chaque g\u00e9lule de <b>YOBOLL HCL<\/b> contient 5 mg de Yohimbine HCL pure (de qualit\u00e9 pharmaceutique et USP), l&rsquo;un des meilleurs compl\u00e9ments de perte de graisse qui a prouv\u00e9 son efficacit\u00e9 pour acc\u00e9l\u00e9rer la combustion des graisses. Il peut acc\u00e9l\u00e9rer votre m\u00e9tabolisme, am\u00e9liorer vos performances d&rsquo;entra\u00eenement et vous aider \u00e0 perdre plus rapidement les graisses tenaces. La principale propri\u00e9t\u00e9 du YOBOLL de Pharmabol Labs, qui pr\u00e9sente un int\u00e9r\u00eat pour la combustion des graisses tenaces, est qu&rsquo;il est un antagoniste du r\u00e9cepteur alpha-2. Les cellules graisseuses ont diff\u00e9rents r\u00e9cepteurs qui les contr\u00f4lent. Le YOBOLL de Pharmabol Labs est un antagoniste du r\u00e9cepteur alpha-2 (bloqueur a2), ce qui am\u00e8ne votre corps \u00e0 augmenter la production de noradr\u00e9naline. Il active le syst\u00e8me nerveux sympathique de \u00ab lutte ou fuite \u00bb et augmente votre d\u00e9pense \u00e9nerg\u00e9tique. La yohimbine agit sur diff\u00e9rents r\u00e9cepteurs, ce qui lui conf\u00e8re des propri\u00e9t\u00e9s uniques. Le <b>YOBOLL HCL<\/b> de Pharmabol Labs est fabriqu\u00e9 dans une installation certifi\u00e9e GMP, sous sa forme la plus pure, d\u00e9riv\u00e9 d&rsquo;une source v\u00e9g\u00e9tarienne et rigoureusement test\u00e9 en laboratoire pour sa puret\u00e9 et son efficacit\u00e9.<\/p>\n<h3>Caract\u00e9ristiques<\/h3>\n<ul>\n<li>5 mg de Yohimbine HCL pure (qualit\u00e9 pharmaceutique et USP) par g\u00e9lule<\/li>\n<li>Acc\u00e9l\u00e8re la perte de graisse et supprime l&rsquo;app\u00e9tit<\/li>\n<li>Augmente l&rsquo;\u00e9nergie et la motivation<\/li>\n<li>Aide \u00e0 r\u00e9duire la graisse abdominale tenace<\/li>\n<\/ul>\n<h3>Ingr\u00e9dients<\/h3>\n<ul>\n<li>100 % de Yohimbine HCL (qualit\u00e9 pharmaceutique et USP)<\/li>\n<\/ul>\n<h3>Mode d&#8217;emploi<\/h3>\n<ul>\n<li>Prendre 1 \u00e0 2 portions par jour \u00e0 jeun.<\/li>\n<\/ul>\n<h3>Effets secondaires<\/h3>\n<ul>\n<li>Aucun effet secondaire.<\/li>\n<\/ul>\n<h3>Informations de s\u00e9curit\u00e9<\/h3>\n<ul>\n<li>Pour adultes seulement. Si vous prenez des m\u00e9dicaments, \u00eates enceinte ou allaitez, consultez un professionnel de la sant\u00e9 avant d&rsquo;en prendre.<\/li>\n<\/ul>\n<p><\/p>","protected":false},"excerpt":{"rendered":"<p>Chaque g\u00e9lule de YOBOLL HCL contient 5 mg de Yohimbine HCL pure (de qualit\u00e9 pharmaceutique et USP), l&rsquo;un des meilleurs<\/p>\n","protected":false},"featured_media":10288,"comment_status":"open","ping_status":"closed","template":"","meta":[],"product_brand":[],"product_cat":[73],"product_tag":[],"class_list":{"0":"post-10287","1":"product","2":"type-product","3":"status-publish","4":"has-post-thumbnail","6":"product_cat-ssteroides_orales","8":"first","9":"instock","10":"sale","11":"shipping-taxable","12":"purchasable","13":"product-type-simple"},"yoast_head":"<!-- This site is optimized with the Yoast SEO Premium plugin v24.4 (Yoast SEO v27.0) - https:\/\/yoast.com\/product\/yoast-seo-premium-wordpress\/ -->\n<title>YOBOLL \/ yohimbine hcl 5 mg \/ 100tabs - (Espa\u00f1ol) Esteroides en l\u00ednea<\/title>\n<meta name=\"description\" content=\"YOBOLL HCL, avec 5 mg de HCL de yohimbine pure, acc\u00e9l\u00e8re la perte de graisse, stimule le m\u00e9tabolisme et l&#039;\u00e9nergie, et aide \u00e0 \u00e9liminer la graisse tenace.\" \/>\n<meta name=\"robots\" content=\"index, follow, max-snippet:-1, max-image-preview:large, max-video-preview:-1\" \/>\n<link rel=\"canonical\" href=\"https:\/\/iberoid.com\/fr\/product\/yoboll-yohimbina-hcl-5-mg-100tabs\/\" \/>\n<meta property=\"og:locale\" content=\"fr_FR\" \/>\n<meta property=\"og:type\" content=\"article\" \/>\n<meta property=\"og:title\" content=\"YOBOLL \/ yohimbine hcl 5 mg \/ 100tabs\" \/>\n<meta property=\"og:description\" content=\"YOBOLL HCL, avec 5 mg de HCL de yohimbine pure, acc\u00e9l\u00e8re la perte de graisse, stimule le m\u00e9tabolisme et l&#039;\u00e9nergie, et aide \u00e0 \u00e9liminer la graisse tenace.\" \/>\n<meta property=\"og:url\" content=\"https:\/\/iberoid.com\/fr\/product\/yoboll-yohimbina-hcl-5-mg-100tabs\/\" \/>\n<meta property=\"og:site_name\" content=\"(Espa\u00f1ol) Esteroides en l\u00ednea\" \/>\n<meta property=\"article:modified_time\" content=\"2026-03-03T19:44:40+00:00\" \/>\n<meta property=\"og:image\" content=\"https:\/\/iberoid.com\/wp-content\/uploads\/2025\/08\/yboll.jpg?v=1755424218\" \/>\n\t<meta property=\"og:image:width\" content=\"1280\" \/>\n\t<meta property=\"og:image:height\" content=\"1154\" \/>\n\t<meta property=\"og:image:type\" content=\"image\/jpeg\" \/>\n<meta name=\"twitter:card\" content=\"summary_large_image\" \/>\n<meta name=\"twitter:label1\" content=\"Prix\" \/>\n\t<meta name=\"twitter:data1\" content=\"&euro;25.00\" \/>\n\t<meta name=\"twitter:label2\" content=\"Disponibilit\u00e9\" \/>\n\t<meta name=\"twitter:data2\" content=\"En stock\" \/>\n<script type=\"application\/ld+json\" class=\"yoast-schema-graph\">{\"@context\":\"https:\/\/schema.org\",\"@graph\":[{\"@type\":\"WebPage\",\"@id\":\"https:\/\/iberoid.com\/fr\/product\/yoboll-yohimbina-hcl-5-mg-100tabs\/\",\"url\":\"https:\/\/iberoid.com\/fr\/product\/yoboll-yohimbina-hcl-5-mg-100tabs\/\",\"name\":\"YOBOLL \/ yohimbine hcl 5 mg \/ 100tabs - (Espa\u00f1ol) Esteroides en l\u00ednea\",\"isPartOf\":{\"@id\":\"https:\/\/iberoid.com\/fr\/#website\"},\"primaryImageOfPage\":{\"@id\":\"https:\/\/iberoid.com\/fr\/product\/yoboll-yohimbina-hcl-5-mg-100tabs\/#primaryimage\"},\"image\":{\"@id\":\"https:\/\/iberoid.com\/fr\/product\/yoboll-yohimbina-hcl-5-mg-100tabs\/#primaryimage\"},\"thumbnailUrl\":\"https:\/\/iberoid.com\/wp-content\/uploads\/2025\/08\/yboll.jpg?v=1755424218\",\"datePublished\":\"2025-08-17T09:50:46+00:00\",\"dateModified\":\"2026-03-03T19:44:40+00:00\",\"description\":\"YOBOLL HCL, avec 5 mg de HCL de yohimbine pure, acc\u00e9l\u00e8re la perte de graisse, stimule le m\u00e9tabolisme et l'\u00e9nergie, et aide \u00e0 \u00e9liminer la graisse tenace.\",\"breadcrumb\":{\"@id\":\"https:\/\/iberoid.com\/fr\/product\/yoboll-yohimbina-hcl-5-mg-100tabs\/#breadcrumb\"},\"inLanguage\":\"fr-FR\",\"potentialAction\":[{\"@type\":\"ReadAction\",\"target\":[[\"https:\/\/iberoid.com\/fr\/product\/yoboll-yohimbina-hcl-5-mg-100tabs\/\"]]}]},{\"@type\":\"ImageObject\",\"inLanguage\":\"fr-FR\",\"@id\":\"https:\/\/iberoid.com\/fr\/product\/yoboll-yohimbina-hcl-5-mg-100tabs\/#primaryimage\",\"url\":\"https:\/\/iberoid.com\/wp-content\/uploads\/2025\/08\/yboll.jpg?v=1755424218\",\"contentUrl\":\"https:\/\/iberoid.com\/wp-content\/uploads\/2025\/08\/yboll.jpg?v=1755424218\",\"width\":1280,\"height\":1154},{\"@type\":\"BreadcrumbList\",\"@id\":\"https:\/\/iberoid.com\/fr\/product\/yoboll-yohimbina-hcl-5-mg-100tabs\/#breadcrumb\",\"itemListElement\":[{\"@type\":\"ListItem\",\"position\":1,\"name\":\"Portada\",\"item\":\"https:\/\/iberoid.com\/fr\/\"},{\"@type\":\"ListItem\",\"position\":2,\"name\":\"Magasin\",\"item\":\"https:\/\/iberoid.com\/fr\/shop\/\"},{\"@type\":\"ListItem\",\"position\":3,\"name\":\"YOBOLL \/ yohimbine hcl 5 mg \/ 100tabs\"}]},{\"@type\":\"WebSite\",\"@id\":\"https:\/\/iberoid.com\/fr\/#website\",\"url\":\"https:\/\/iberoid.com\/fr\/\",\"name\":\"(Espa\u00f1ol) Esteroides en l\u00ednea\",\"description\":\"(Espa\u00f1ol) Comprar esteroides en l\u00ednea hoy en Espa\u00f1a y Portugal. Tenemos el mejor servicio al cliente en la industria y los productos de la m\u00e1s alta calidad\",\"potentialAction\":[{\"@type\":\"SearchAction\",\"target\":{\"@type\":\"EntryPoint\",\"urlTemplate\":\"https:\/\/iberoid.com\/fr\/?s={search_term_string}\"},\"query-input\":{\"@type\":\"PropertyValueSpecification\",\"valueRequired\":true,\"valueName\":\"search_term_string\"}}],\"inLanguage\":\"fr-FR\"}]}<\/script>\n<meta property=\"product:brand\" content=\"Pb Laboratories\" \/>\n<meta property=\"product:price:amount\" content=\"25.00\" \/>\n<meta property=\"product:price:currency\" content=\"EUR\" \/>\n<meta property=\"og:availability\" content=\"instock\" \/>\n<meta property=\"product:availability\" content=\"instock\" \/>\n<meta property=\"product:condition\" content=\"new\" \/>\n<!-- \/ Yoast SEO Premium plugin. -->","yoast_head_json":{"title":"YOBOLL \/ yohimbine hcl 5 mg \/ 100tabs - (Espa\u00f1ol) Esteroides en l\u00ednea","description":"YOBOLL HCL, avec 5 mg de HCL de yohimbine pure, acc\u00e9l\u00e8re la perte de graisse, stimule le m\u00e9tabolisme et l'\u00e9nergie, et aide \u00e0 \u00e9liminer la graisse tenace.","robots":{"index":"index","follow":"follow","max-snippet":"max-snippet:-1","max-image-preview":"max-image-preview:large","max-video-preview":"max-video-preview:-1"},"canonical":"https:\/\/iberoid.com\/fr\/product\/yoboll-yohimbina-hcl-5-mg-100tabs\/","og_locale":"fr_FR","og_type":"article","og_title":"YOBOLL \/ yohimbine hcl 5 mg \/ 100tabs","og_description":"YOBOLL HCL, avec 5 mg de HCL de yohimbine pure, acc\u00e9l\u00e8re la perte de graisse, stimule le m\u00e9tabolisme et l'\u00e9nergie, et aide \u00e0 \u00e9liminer la graisse tenace.","og_url":"https:\/\/iberoid.com\/fr\/product\/yoboll-yohimbina-hcl-5-mg-100tabs\/","og_site_name":"(Espa\u00f1ol) Esteroides en l\u00ednea","article_modified_time":"2026-03-03T19:44:40+00:00","og_image":[{"width":1280,"height":1154,"url":"https:\/\/iberoid.com\/wp-content\/uploads\/2025\/08\/yboll.jpg?v=1755424218","type":"image\/jpeg"}],"twitter_card":"summary_large_image","twitter_misc":{"Prix":"&euro;25.00","Disponibilit\u00e9":"En stock"},"schema":{"@context":"https:\/\/schema.org","@graph":[{"@type":"WebPage","@id":"https:\/\/iberoid.com\/fr\/product\/yoboll-yohimbina-hcl-5-mg-100tabs\/","url":"https:\/\/iberoid.com\/fr\/product\/yoboll-yohimbina-hcl-5-mg-100tabs\/","name":"YOBOLL \/ yohimbine hcl 5 mg \/ 100tabs - (Espa\u00f1ol) Esteroides en l\u00ednea","isPartOf":{"@id":"https:\/\/iberoid.com\/fr\/#website"},"primaryImageOfPage":{"@id":"https:\/\/iberoid.com\/fr\/product\/yoboll-yohimbina-hcl-5-mg-100tabs\/#primaryimage"},"image":{"@id":"https:\/\/iberoid.com\/fr\/product\/yoboll-yohimbina-hcl-5-mg-100tabs\/#primaryimage"},"thumbnailUrl":"https:\/\/iberoid.com\/wp-content\/uploads\/2025\/08\/yboll.jpg?v=1755424218","datePublished":"2025-08-17T09:50:46+00:00","dateModified":"2026-03-03T19:44:40+00:00","description":"YOBOLL HCL, avec 5 mg de HCL de yohimbine pure, acc\u00e9l\u00e8re la perte de graisse, stimule le m\u00e9tabolisme et l'\u00e9nergie, et aide \u00e0 \u00e9liminer la graisse tenace.","breadcrumb":{"@id":"https:\/\/iberoid.com\/fr\/product\/yoboll-yohimbina-hcl-5-mg-100tabs\/#breadcrumb"},"inLanguage":"fr-FR","potentialAction":[{"@type":"ReadAction","target":[["https:\/\/iberoid.com\/fr\/product\/yoboll-yohimbina-hcl-5-mg-100tabs\/"]]}]},{"@type":"ImageObject","inLanguage":"fr-FR","@id":"https:\/\/iberoid.com\/fr\/product\/yoboll-yohimbina-hcl-5-mg-100tabs\/#primaryimage","url":"https:\/\/iberoid.com\/wp-content\/uploads\/2025\/08\/yboll.jpg?v=1755424218","contentUrl":"https:\/\/iberoid.com\/wp-content\/uploads\/2025\/08\/yboll.jpg?v=1755424218","width":1280,"height":1154},{"@type":"BreadcrumbList","@id":"https:\/\/iberoid.com\/fr\/product\/yoboll-yohimbina-hcl-5-mg-100tabs\/#breadcrumb","itemListElement":[{"@type":"ListItem","position":1,"name":"Portada","item":"https:\/\/iberoid.com\/fr\/"},{"@type":"ListItem","position":2,"name":"Magasin","item":"https:\/\/iberoid.com\/fr\/shop\/"},{"@type":"ListItem","position":3,"name":"YOBOLL \/ yohimbine hcl 5 mg \/ 100tabs"}]},{"@type":"WebSite","@id":"https:\/\/iberoid.com\/fr\/#website","url":"https:\/\/iberoid.com\/fr\/","name":"(Espa\u00f1ol) Esteroides en l\u00ednea","description":"(Espa\u00f1ol) Comprar esteroides en l\u00ednea hoy en Espa\u00f1a y Portugal. Tenemos el mejor servicio al cliente en la industria y los productos de la m\u00e1s alta calidad","potentialAction":[{"@type":"SearchAction","target":{"@type":"EntryPoint","urlTemplate":"https:\/\/iberoid.com\/fr\/?s={search_term_string}"},"query-input":{"@type":"PropertyValueSpecification","valueRequired":true,"valueName":"search_term_string"}}],"inLanguage":"fr-FR"}]},"product_brand":"Pb Laboratories","product_price_amount":"25.00","product_price_currency":"EUR","og_availability":"instock","product_availability":"instock","product_condition":"new"},"_links":{"self":[{"href":"https:\/\/iberoid.com\/fr\/wp-json\/wp\/v2\/product\/10287","targetHints":{"allow":["GET"]}}],"collection":[{"href":"https:\/\/iberoid.com\/fr\/wp-json\/wp\/v2\/product"}],"about":[{"href":"https:\/\/iberoid.com\/fr\/wp-json\/wp\/v2\/types\/product"}],"replies":[{"embeddable":true,"href":"https:\/\/iberoid.com\/fr\/wp-json\/wp\/v2\/comments?post=10287"}],"wp:featuredmedia":[{"embeddable":true,"href":"https:\/\/iberoid.com\/fr\/wp-json\/wp\/v2\/media\/10288"}],"wp:attachment":[{"href":"https:\/\/iberoid.com\/fr\/wp-json\/wp\/v2\/media?parent=10287"}],"wp:term":[{"taxonomy":"product_brand","embeddable":true,"href":"https:\/\/iberoid.com\/fr\/wp-json\/wp\/v2\/product_brand?post=10287"},{"taxonomy":"product_cat","embeddable":true,"href":"https:\/\/iberoid.com\/fr\/wp-json\/wp\/v2\/product_cat?post=10287"},{"taxonomy":"product_tag","embeddable":true,"href":"https:\/\/iberoid.com\/fr\/wp-json\/wp\/v2\/product_tag?post=10287"}],"curies":[{"name":"wp","href":"https:\/\/api.w.org\/{rel}","templated":true}]}}