{"id":10312,"date":"2025-08-31T09:56:57","date_gmt":"2025-08-31T09:56:57","guid":{"rendered":"https:\/\/iberoid.com\/?post_type=product&#038;p=10312"},"modified":"2026-01-25T13:22:49","modified_gmt":"2026-01-25T13:22:49","slug":"trenbolone-enanthate-genetic-life-science","status":"publish","type":"product","link":"https:\/\/iberoid.com\/fr\/product\/trenbolone-enanthate-genetic-life-science\/","title":{"rendered":"Trenbolone Enanthate 200mg"},"content":{"rendered":"<p><\/p>\n<p data-start=\"39\" data-end=\"389\"><strong data-start=\"39\" data-end=\"66\">Le Trenbolone Enanthate<\/strong> est un st\u00e9ro\u00efde anabolisant \u00e0 action prolong\u00e9e avec une forte activit\u00e9 androg\u00e9nique et anabolisante. Il est utilis\u00e9 chez les animaux pour augmenter la vitesse de prise de poids et am\u00e9liorer l\u2019efficacit\u00e9 alimentaire. Le trenbolone enanthate favorise une croissance musculaire extr\u00eame et est relativement s\u00fbr pour le foie.<\/p>\n<p data-start=\"391\" data-end=\"447\"><strong data-start=\"391\" data-end=\"445\">Le Trenbolone Enanthate ne doit pas \u00eatre utilis\u00e9 :<\/strong><\/p>\n<ul data-start=\"448\" data-end=\"843\" data-is-last-node=\"\" data-is-only-node=\"\">\n<li data-start=\"448\" data-end=\"514\">\n<p data-start=\"450\" data-end=\"514\">Chez les animaux atteints de cancer de la prostate ou du sein.<\/p>\n<\/li>\n<li data-start=\"515\" data-end=\"590\">\n<p data-start=\"517\" data-end=\"590\">Chez les femelles gestantes, en raison de la masculinisation des f\u0153tus.<\/p>\n<\/li>\n<li data-start=\"591\" data-end=\"765\">\n<p data-start=\"593\" data-end=\"765\">Chez les jeunes animaux, car il peut provoquer de graves perturbations telles que la fermeture pr\u00e9matur\u00e9e des cartilages de croissance et un d\u00e9veloppement sexuel anormal.<\/p>\n<\/li>\n<li data-start=\"766\" data-end=\"843\" data-is-last-node=\"\">\n<p data-start=\"768\" data-end=\"843\" data-is-last-node=\"\">Chez les \u00e9talons ou les juments non gestantes destin\u00e9s \u00e0 la reproduction.<\/p>\n<\/li>\n<\/ul>\n<p><\/p>","protected":false},"excerpt":{"rendered":"<p>Le Trenbolone Enanthate est un st\u00e9ro\u00efde anabolisant \u00e0 action prolong\u00e9e avec une forte activit\u00e9 androg\u00e9nique et anabolisante. Il est utilis\u00e9<\/p>\n","protected":false},"featured_media":10313,"comment_status":"open","ping_status":"closed","template":"","meta":[],"product_brand":[],"product_cat":[69],"product_tag":[],"class_list":{"0":"post-10312","1":"product","2":"type-product","3":"status-publish","4":"has-post-thumbnail","6":"product_cat-esteroides_inyectables","8":"first","9":"outofstock","10":"sale","11":"shipping-taxable","12":"purchasable","13":"product-type-simple"},"yoast_head":"<!-- This site is optimized with the Yoast SEO Premium plugin v24.4 (Yoast SEO v27.0) - https:\/\/yoast.com\/product\/yoast-seo-premium-wordpress\/ -->\n<title>Trenbolone Enanthate 200mg - (Espa\u00f1ol) Esteroides en l\u00ednea<\/title>\n<meta name=\"description\" content=\"TRENABOL (\u00c9nanthate de Trenbolone) est un st\u00e9ro\u00efde puissant \u00e0 action prolong\u00e9e qui favorise la croissance musculaire et l&#039;efficacit\u00e9 alimentaire, avec un faible impact h\u00e9patique.\" \/>\n<meta name=\"robots\" content=\"index, follow, max-snippet:-1, max-image-preview:large, max-video-preview:-1\" \/>\n<link rel=\"canonical\" href=\"https:\/\/iberoid.com\/fr\/product\/trenbolone-enanthate-genetic-life-science\/\" \/>\n<meta property=\"og:locale\" content=\"fr_FR\" \/>\n<meta property=\"og:type\" content=\"article\" \/>\n<meta property=\"og:title\" content=\"Trenbolone Enanthate 200mg\" \/>\n<meta property=\"og:description\" content=\"TRENABOL (\u00c9nanthate de Trenbolone) est un st\u00e9ro\u00efde puissant \u00e0 action prolong\u00e9e qui favorise la croissance musculaire et l&#039;efficacit\u00e9 alimentaire, avec un faible impact h\u00e9patique.\" \/>\n<meta property=\"og:url\" content=\"https:\/\/iberoid.com\/fr\/product\/trenbolone-enanthate-genetic-life-science\/\" \/>\n<meta property=\"og:site_name\" content=\"(Espa\u00f1ol) Esteroides en l\u00ednea\" \/>\n<meta property=\"article:modified_time\" content=\"2026-01-25T13:22:49+00:00\" \/>\n<meta property=\"og:image\" content=\"https:\/\/iberoid.com\/wp-content\/uploads\/2025\/08\/trenbolone-enanthate-genetic-life-science.jpg?v=1756634168\" \/>\n\t<meta property=\"og:image:width\" content=\"800\" \/>\n\t<meta property=\"og:image:height\" content=\"800\" \/>\n\t<meta property=\"og:image:type\" content=\"image\/jpeg\" \/>\n<meta name=\"twitter:card\" content=\"summary_large_image\" \/>\n<meta name=\"twitter:label1\" content=\"Prix\" \/>\n\t<meta name=\"twitter:data1\" content=\"&euro;65.00\" \/>\n\t<meta name=\"twitter:label2\" content=\"Disponibilit\u00e9\" \/>\n\t<meta name=\"twitter:data2\" content=\"Rupture de stock\" \/>\n<script type=\"application\/ld+json\" class=\"yoast-schema-graph\">{\"@context\":\"https:\/\/schema.org\",\"@graph\":[{\"@type\":\"WebPage\",\"@id\":\"https:\/\/iberoid.com\/fr\/product\/trenbolone-enanthate-genetic-life-science\/\",\"url\":\"https:\/\/iberoid.com\/fr\/product\/trenbolone-enanthate-genetic-life-science\/\",\"name\":\"Trenbolone Enanthate 200mg - (Espa\u00f1ol) Esteroides en l\u00ednea\",\"isPartOf\":{\"@id\":\"https:\/\/iberoid.com\/fr\/#website\"},\"primaryImageOfPage\":{\"@id\":\"https:\/\/iberoid.com\/fr\/product\/trenbolone-enanthate-genetic-life-science\/#primaryimage\"},\"image\":{\"@id\":\"https:\/\/iberoid.com\/fr\/product\/trenbolone-enanthate-genetic-life-science\/#primaryimage\"},\"thumbnailUrl\":\"https:\/\/iberoid.com\/wp-content\/uploads\/2025\/08\/trenbolone-enanthate-genetic-life-science.jpg?v=1756634168\",\"datePublished\":\"2025-08-31T09:56:57+00:00\",\"dateModified\":\"2026-01-25T13:22:49+00:00\",\"description\":\"TRENABOL (\u00c9nanthate de Trenbolone) est un st\u00e9ro\u00efde puissant \u00e0 action prolong\u00e9e qui favorise la croissance musculaire et l'efficacit\u00e9 alimentaire, avec un faible impact h\u00e9patique.\",\"breadcrumb\":{\"@id\":\"https:\/\/iberoid.com\/fr\/product\/trenbolone-enanthate-genetic-life-science\/#breadcrumb\"},\"inLanguage\":\"fr-FR\",\"potentialAction\":[{\"@type\":\"ReadAction\",\"target\":[[\"https:\/\/iberoid.com\/fr\/product\/trenbolone-enanthate-genetic-life-science\/\"]]}]},{\"@type\":\"ImageObject\",\"inLanguage\":\"fr-FR\",\"@id\":\"https:\/\/iberoid.com\/fr\/product\/trenbolone-enanthate-genetic-life-science\/#primaryimage\",\"url\":\"https:\/\/iberoid.com\/wp-content\/uploads\/2025\/08\/trenbolone-enanthate-genetic-life-science.jpg?v=1756634168\",\"contentUrl\":\"https:\/\/iberoid.com\/wp-content\/uploads\/2025\/08\/trenbolone-enanthate-genetic-life-science.jpg?v=1756634168\",\"width\":800,\"height\":800},{\"@type\":\"BreadcrumbList\",\"@id\":\"https:\/\/iberoid.com\/fr\/product\/trenbolone-enanthate-genetic-life-science\/#breadcrumb\",\"itemListElement\":[{\"@type\":\"ListItem\",\"position\":1,\"name\":\"Portada\",\"item\":\"https:\/\/iberoid.com\/fr\/\"},{\"@type\":\"ListItem\",\"position\":2,\"name\":\"Magasin\",\"item\":\"https:\/\/iberoid.com\/fr\/shop\/\"},{\"@type\":\"ListItem\",\"position\":3,\"name\":\"Trenbolone Enanthate 200mg\"}]},{\"@type\":\"WebSite\",\"@id\":\"https:\/\/iberoid.com\/fr\/#website\",\"url\":\"https:\/\/iberoid.com\/fr\/\",\"name\":\"(Espa\u00f1ol) Esteroides en l\u00ednea\",\"description\":\"(Espa\u00f1ol) Comprar esteroides en l\u00ednea hoy en Espa\u00f1a y Portugal. Tenemos el mejor servicio al cliente en la industria y los productos de la m\u00e1s alta calidad\",\"potentialAction\":[{\"@type\":\"SearchAction\",\"target\":{\"@type\":\"EntryPoint\",\"urlTemplate\":\"https:\/\/iberoid.com\/fr\/?s={search_term_string}\"},\"query-input\":{\"@type\":\"PropertyValueSpecification\",\"valueRequired\":true,\"valueName\":\"search_term_string\"}}],\"inLanguage\":\"fr-FR\"}]}<\/script>\n<meta property=\"product:brand\" content=\"Genetic Life Science\" \/>\n<meta property=\"product:price:amount\" content=\"65.00\" \/>\n<meta property=\"product:price:currency\" content=\"EUR\" \/>\n<meta property=\"og:availability\" content=\"out of stock\" \/>\n<meta property=\"product:availability\" content=\"out of stock\" \/>\n<meta property=\"product:condition\" content=\"new\" \/>\n<!-- \/ Yoast SEO Premium plugin. -->","yoast_head_json":{"title":"Trenbolone Enanthate 200mg - (Espa\u00f1ol) Esteroides en l\u00ednea","description":"TRENABOL (\u00c9nanthate de Trenbolone) est un st\u00e9ro\u00efde puissant \u00e0 action prolong\u00e9e qui favorise la croissance musculaire et l'efficacit\u00e9 alimentaire, avec un faible impact h\u00e9patique.","robots":{"index":"index","follow":"follow","max-snippet":"max-snippet:-1","max-image-preview":"max-image-preview:large","max-video-preview":"max-video-preview:-1"},"canonical":"https:\/\/iberoid.com\/fr\/product\/trenbolone-enanthate-genetic-life-science\/","og_locale":"fr_FR","og_type":"article","og_title":"Trenbolone Enanthate 200mg","og_description":"TRENABOL (\u00c9nanthate de Trenbolone) est un st\u00e9ro\u00efde puissant \u00e0 action prolong\u00e9e qui favorise la croissance musculaire et l'efficacit\u00e9 alimentaire, avec un faible impact h\u00e9patique.","og_url":"https:\/\/iberoid.com\/fr\/product\/trenbolone-enanthate-genetic-life-science\/","og_site_name":"(Espa\u00f1ol) Esteroides en l\u00ednea","article_modified_time":"2026-01-25T13:22:49+00:00","og_image":[{"width":800,"height":800,"url":"https:\/\/iberoid.com\/wp-content\/uploads\/2025\/08\/trenbolone-enanthate-genetic-life-science.jpg?v=1756634168","type":"image\/jpeg"}],"twitter_card":"summary_large_image","twitter_misc":{"Prix":"&euro;65.00","Disponibilit\u00e9":"Rupture de stock"},"schema":{"@context":"https:\/\/schema.org","@graph":[{"@type":"WebPage","@id":"https:\/\/iberoid.com\/fr\/product\/trenbolone-enanthate-genetic-life-science\/","url":"https:\/\/iberoid.com\/fr\/product\/trenbolone-enanthate-genetic-life-science\/","name":"Trenbolone Enanthate 200mg - (Espa\u00f1ol) Esteroides en l\u00ednea","isPartOf":{"@id":"https:\/\/iberoid.com\/fr\/#website"},"primaryImageOfPage":{"@id":"https:\/\/iberoid.com\/fr\/product\/trenbolone-enanthate-genetic-life-science\/#primaryimage"},"image":{"@id":"https:\/\/iberoid.com\/fr\/product\/trenbolone-enanthate-genetic-life-science\/#primaryimage"},"thumbnailUrl":"https:\/\/iberoid.com\/wp-content\/uploads\/2025\/08\/trenbolone-enanthate-genetic-life-science.jpg?v=1756634168","datePublished":"2025-08-31T09:56:57+00:00","dateModified":"2026-01-25T13:22:49+00:00","description":"TRENABOL (\u00c9nanthate de Trenbolone) est un st\u00e9ro\u00efde puissant \u00e0 action prolong\u00e9e qui favorise la croissance musculaire et l'efficacit\u00e9 alimentaire, avec un faible impact h\u00e9patique.","breadcrumb":{"@id":"https:\/\/iberoid.com\/fr\/product\/trenbolone-enanthate-genetic-life-science\/#breadcrumb"},"inLanguage":"fr-FR","potentialAction":[{"@type":"ReadAction","target":[["https:\/\/iberoid.com\/fr\/product\/trenbolone-enanthate-genetic-life-science\/"]]}]},{"@type":"ImageObject","inLanguage":"fr-FR","@id":"https:\/\/iberoid.com\/fr\/product\/trenbolone-enanthate-genetic-life-science\/#primaryimage","url":"https:\/\/iberoid.com\/wp-content\/uploads\/2025\/08\/trenbolone-enanthate-genetic-life-science.jpg?v=1756634168","contentUrl":"https:\/\/iberoid.com\/wp-content\/uploads\/2025\/08\/trenbolone-enanthate-genetic-life-science.jpg?v=1756634168","width":800,"height":800},{"@type":"BreadcrumbList","@id":"https:\/\/iberoid.com\/fr\/product\/trenbolone-enanthate-genetic-life-science\/#breadcrumb","itemListElement":[{"@type":"ListItem","position":1,"name":"Portada","item":"https:\/\/iberoid.com\/fr\/"},{"@type":"ListItem","position":2,"name":"Magasin","item":"https:\/\/iberoid.com\/fr\/shop\/"},{"@type":"ListItem","position":3,"name":"Trenbolone Enanthate 200mg"}]},{"@type":"WebSite","@id":"https:\/\/iberoid.com\/fr\/#website","url":"https:\/\/iberoid.com\/fr\/","name":"(Espa\u00f1ol) Esteroides en l\u00ednea","description":"(Espa\u00f1ol) Comprar esteroides en l\u00ednea hoy en Espa\u00f1a y Portugal. Tenemos el mejor servicio al cliente en la industria y los productos de la m\u00e1s alta calidad","potentialAction":[{"@type":"SearchAction","target":{"@type":"EntryPoint","urlTemplate":"https:\/\/iberoid.com\/fr\/?s={search_term_string}"},"query-input":{"@type":"PropertyValueSpecification","valueRequired":true,"valueName":"search_term_string"}}],"inLanguage":"fr-FR"}]},"product_brand":"Genetic Life Science","product_price_amount":"65.00","product_price_currency":"EUR","og_availability":"out of stock","product_availability":"out of stock","product_condition":"new"},"_links":{"self":[{"href":"https:\/\/iberoid.com\/fr\/wp-json\/wp\/v2\/product\/10312","targetHints":{"allow":["GET"]}}],"collection":[{"href":"https:\/\/iberoid.com\/fr\/wp-json\/wp\/v2\/product"}],"about":[{"href":"https:\/\/iberoid.com\/fr\/wp-json\/wp\/v2\/types\/product"}],"replies":[{"embeddable":true,"href":"https:\/\/iberoid.com\/fr\/wp-json\/wp\/v2\/comments?post=10312"}],"wp:featuredmedia":[{"embeddable":true,"href":"https:\/\/iberoid.com\/fr\/wp-json\/wp\/v2\/media\/10313"}],"wp:attachment":[{"href":"https:\/\/iberoid.com\/fr\/wp-json\/wp\/v2\/media?parent=10312"}],"wp:term":[{"taxonomy":"product_brand","embeddable":true,"href":"https:\/\/iberoid.com\/fr\/wp-json\/wp\/v2\/product_brand?post=10312"},{"taxonomy":"product_cat","embeddable":true,"href":"https:\/\/iberoid.com\/fr\/wp-json\/wp\/v2\/product_cat?post=10312"},{"taxonomy":"product_tag","embeddable":true,"href":"https:\/\/iberoid.com\/fr\/wp-json\/wp\/v2\/product_tag?post=10312"}],"curies":[{"name":"wp","href":"https:\/\/api.w.org\/{rel}","templated":true}]}}