{"id":10340,"date":"2025-09-25T14:27:11","date_gmt":"2025-09-25T14:27:11","guid":{"rendered":"https:\/\/iberoid.com\/?post_type=product&#038;p=10340"},"modified":"2026-04-20T18:50:37","modified_gmt":"2026-04-20T18:50:37","slug":"tamo20mg-tamoxifenocitrate20-mg","status":"publish","type":"product","link":"https:\/\/iberoid.com\/fr\/product\/tamo20mg-tamoxifenocitrate20-mg\/","title":{"rendered":"TAMO 20mg (tamoxifeno citrate)"},"content":{"rendered":"<p><\/p>\n<p data-start=\"39\" data-end=\"403\"><strong data-start=\"39\" data-end=\"65\">Le comprim\u00e9 TAMO 20 mg<\/strong> contient du citrate de tamoxif\u00e8ne. Il est utilis\u00e9 pour traiter et pr\u00e9venir le cancer du sein. Il est \u00e9galement utilis\u00e9 pour traiter l\u2019infertilit\u00e9 chez les femmes caus\u00e9e par une incapacit\u00e9 \u00e0 produire et lib\u00e9rer correctement les ovules. Le cancer est un trouble dans lequel les cellules se multiplient de mani\u00e8re incontr\u00f4l\u00e9e et anormale.<\/p>\n<p data-start=\"405\" data-end=\"994\"><strong data-start=\"405\" data-end=\"456\">Le comprim\u00e9 TAMO 20 mg ne doit pas \u00eatre utilis\u00e9<\/strong> si vous \u00eates enceinte, si vous suivez un traitement pour l\u2019infertilit\u00e9, si vous prenez des m\u00e9dicaments pour traiter les caillots sanguins, ou si vous avez eu ou avez des caillots sanguins dont la cause est inconnue. Parlez \u00e0 votre m\u00e9decin si vous avez un cancer de l\u2019ut\u00e9rus ou d\u2019autres probl\u00e8mes ut\u00e9rins, des r\u00e8gles irr\u00e9guli\u00e8res, des saignements vaginaux anormaux ou si vous avez d\u00e9j\u00e0 eu un AVC avant de prendre ce m\u00e9dicament. Utilisez une contraception efficace pendant le traitement et pendant au moins 9 mois apr\u00e8s la derni\u00e8re dose.<\/p>\n<h3 data-start=\"996\" data-end=\"1037\">Utilisations du comprim\u00e9 TAMO 20 mg<\/h3>\n<p data-start=\"1039\" data-end=\"1082\">Le comprim\u00e9 TAMO 20 mg est utilis\u00e9 pour :<\/p>\n<ul data-start=\"1083\" data-end=\"1795\">\n<li data-start=\"1083\" data-end=\"1241\">\n<p data-start=\"1085\" data-end=\"1241\">Traiter les adultes atteints d\u2019un cancer du sein m\u00e9tastatique positif aux r\u00e9cepteurs \u0153strog\u00e9niques (cancer qui s\u2019est propag\u00e9 \u00e0 d\u2019autres parties du corps).<\/p>\n<\/li>\n<li data-start=\"1242\" data-end=\"1404\">\n<p data-start=\"1244\" data-end=\"1404\">Traiter les adultes atteints d\u2019un cancer du sein \u00e0 un stade pr\u00e9coce positif aux r\u00e9cepteurs \u0153strog\u00e9niques (apr\u00e8s radioth\u00e9rapie et chirurgie du cancer du sein).<\/p>\n<\/li>\n<li data-start=\"1405\" data-end=\"1593\">\n<p data-start=\"1407\" data-end=\"1593\">R\u00e9duire le risque de d\u00e9velopper un cancer du sein dans l\u2019autre sein chez les adultes apr\u00e8s traitement du cancer du sein et chez les femmes pr\u00e9sentant un risque \u00e9lev\u00e9 de cancer du sein.<\/p>\n<\/li>\n<li data-start=\"1594\" data-end=\"1636\">\n<p data-start=\"1596\" data-end=\"1636\">Traiter l\u2019infertilit\u00e9 chez les femmes.<\/p>\n<\/li>\n<li data-start=\"1637\" data-end=\"1795\">\n<p data-start=\"1639\" data-end=\"1795\">R\u00e9duire le risque de cancer du sein invasif chez les femmes atteintes de <strong data-start=\"1712\" data-end=\"1720\">CDIS<\/strong> (carcinome canalaire in situ \u2013 cancer de la paroi des canaux mammaires).<\/p>\n<\/li>\n<\/ul>\n<h3 data-start=\"1797\" data-end=\"1847\">Effets th\u00e9rapeutiques du comprim\u00e9 TAMO 20 mg<\/h3>\n<p data-start=\"1849\" data-end=\"2111\" data-is-last-node=\"\" data-is-only-node=\"\">Le comprim\u00e9 TAMO 20 mg agit en comp\u00e9tition avec l\u2019\u0153strog\u00e8ne (hormone sexuelle) pour se lier au r\u00e9cepteur des \u0153strog\u00e8nes, r\u00e9duisant la croissance d\u00e9pendante du r\u00e9cepteur des \u0153strog\u00e8nes dans le tissu mammaire et ralentissant la croissance des cellules canc\u00e9reuses.<\/p>\n<p><\/p>","protected":false},"excerpt":{"rendered":"<p>Le comprim\u00e9 TAMO 20 mg contient du citrate de tamoxif\u00e8ne. Il est utilis\u00e9 pour traiter et pr\u00e9venir le cancer du<\/p>\n","protected":false},"featured_media":10343,"comment_status":"open","ping_status":"closed","template":"","meta":[],"product_brand":[],"product_cat":[73],"product_tag":[],"class_list":{"0":"post-10340","1":"product","2":"type-product","3":"status-publish","4":"has-post-thumbnail","6":"product_cat-ssteroides_orales","8":"first","9":"instock","10":"shipping-taxable","11":"purchasable","12":"product-type-simple"},"yoast_head":"<!-- This site is optimized with the Yoast SEO Premium plugin v24.4 (Yoast SEO v27.3) - https:\/\/yoast.com\/product\/yoast-seo-premium-wordpress\/ -->\n<title>TAMO 20mg (tamoxifeno citrate) - (Espa\u00f1ol) Esteroides en l\u00ednea<\/title>\n<meta name=\"description\" content=\"TAMO 20mg (Tamoxif\u00e8ne) traite le cancer du sein et l&#039;infertilit\u00e9 en bloquant les \u0153strog\u00e8nes, ralentissant les cellules canc\u00e9reuses.\" \/>\n<meta name=\"robots\" content=\"index, follow, max-snippet:-1, max-image-preview:large, max-video-preview:-1\" \/>\n<link rel=\"canonical\" href=\"https:\/\/iberoid.com\/fr\/product\/tamo20mg-tamoxifenocitrate20-mg\/\" \/>\n<meta property=\"og:locale\" content=\"fr_FR\" \/>\n<meta property=\"og:type\" content=\"article\" \/>\n<meta property=\"og:title\" content=\"TAMO 20mg (tamoxifeno citrate)\" \/>\n<meta property=\"og:description\" content=\"TAMO 20mg (Tamoxif\u00e8ne) traite le cancer du sein et l&#039;infertilit\u00e9 en bloquant les \u0153strog\u00e8nes, ralentissant les cellules canc\u00e9reuses.\" \/>\n<meta property=\"og:url\" content=\"https:\/\/iberoid.com\/fr\/product\/tamo20mg-tamoxifenocitrate20-mg\/\" \/>\n<meta property=\"og:site_name\" content=\"(Espa\u00f1ol) Esteroides en l\u00ednea\" \/>\n<meta property=\"article:modified_time\" content=\"2026-04-20T18:50:37+00:00\" \/>\n<meta property=\"og:image\" content=\"https:\/\/iberoid.com\/wp-content\/uploads\/2025\/09\/TAMO1-scaled.jpeg?v=1758810720\" \/>\n\t<meta property=\"og:image:width\" content=\"1920\" \/>\n\t<meta property=\"og:image:height\" content=\"2560\" \/>\n\t<meta property=\"og:image:type\" content=\"image\/jpeg\" \/>\n<meta name=\"twitter:card\" content=\"summary_large_image\" \/>\n<meta name=\"twitter:label1\" content=\"Prix\" \/>\n\t<meta name=\"twitter:data1\" content=\"&euro;15.00\" \/>\n\t<meta name=\"twitter:label2\" content=\"Disponibilit\u00e9\" \/>\n\t<meta name=\"twitter:data2\" content=\"En stock\" \/>\n<script type=\"application\/ld+json\" class=\"yoast-schema-graph\">{\"@context\":\"https:\\\/\\\/schema.org\",\"@graph\":[{\"@type\":\"WebPage\",\"@id\":\"https:\\\/\\\/iberoid.com\\\/fr\\\/product\\\/tamo20mg-tamoxifenocitrate20-mg\\\/\",\"url\":\"https:\\\/\\\/iberoid.com\\\/fr\\\/product\\\/tamo20mg-tamoxifenocitrate20-mg\\\/\",\"name\":\"TAMO 20mg (tamoxifeno citrate) - (Espa\u00f1ol) Esteroides en l\u00ednea\",\"isPartOf\":{\"@id\":\"https:\\\/\\\/iberoid.com\\\/fr\\\/#website\"},\"primaryImageOfPage\":{\"@id\":\"https:\\\/\\\/iberoid.com\\\/fr\\\/product\\\/tamo20mg-tamoxifenocitrate20-mg\\\/#primaryimage\"},\"image\":{\"@id\":\"https:\\\/\\\/iberoid.com\\\/fr\\\/product\\\/tamo20mg-tamoxifenocitrate20-mg\\\/#primaryimage\"},\"thumbnailUrl\":\"https:\\\/\\\/iberoid.com\\\/wp-content\\\/uploads\\\/2025\\\/09\\\/TAMO1-scaled.jpeg?v=1758810720\",\"datePublished\":\"2025-09-25T14:27:11+00:00\",\"dateModified\":\"2026-04-20T18:50:37+00:00\",\"description\":\"TAMO 20mg (Tamoxif\u00e8ne) traite le cancer du sein et l'infertilit\u00e9 en bloquant les \u0153strog\u00e8nes, ralentissant les cellules canc\u00e9reuses.\",\"breadcrumb\":{\"@id\":\"https:\\\/\\\/iberoid.com\\\/fr\\\/product\\\/tamo20mg-tamoxifenocitrate20-mg\\\/#breadcrumb\"},\"inLanguage\":\"fr-FR\",\"potentialAction\":[{\"@type\":\"ReadAction\",\"target\":[[\"https:\\\/\\\/iberoid.com\\\/fr\\\/product\\\/tamo20mg-tamoxifenocitrate20-mg\\\/\"]]}]},{\"@type\":\"ImageObject\",\"inLanguage\":\"fr-FR\",\"@id\":\"https:\\\/\\\/iberoid.com\\\/fr\\\/product\\\/tamo20mg-tamoxifenocitrate20-mg\\\/#primaryimage\",\"url\":\"https:\\\/\\\/iberoid.com\\\/wp-content\\\/uploads\\\/2025\\\/09\\\/TAMO1-scaled.jpeg?v=1758810720\",\"contentUrl\":\"https:\\\/\\\/iberoid.com\\\/wp-content\\\/uploads\\\/2025\\\/09\\\/TAMO1-scaled.jpeg?v=1758810720\",\"width\":1920,\"height\":2560},{\"@type\":\"BreadcrumbList\",\"@id\":\"https:\\\/\\\/iberoid.com\\\/fr\\\/product\\\/tamo20mg-tamoxifenocitrate20-mg\\\/#breadcrumb\",\"itemListElement\":[{\"@type\":\"ListItem\",\"position\":1,\"name\":\"Portada\",\"item\":\"https:\\\/\\\/iberoid.com\\\/fr\\\/\"},{\"@type\":\"ListItem\",\"position\":2,\"name\":\"Magasin\",\"item\":\"https:\\\/\\\/iberoid.com\\\/fr\\\/shop\\\/\"},{\"@type\":\"ListItem\",\"position\":3,\"name\":\"TAMO 20mg (tamoxifeno citrate)\"}]},{\"@type\":\"WebSite\",\"@id\":\"https:\\\/\\\/iberoid.com\\\/fr\\\/#website\",\"url\":\"https:\\\/\\\/iberoid.com\\\/fr\\\/\",\"name\":\"(Espa\u00f1ol) Esteroides en l\u00ednea\",\"description\":\"(Espa\u00f1ol) Comprar esteroides en l\u00ednea hoy en Espa\u00f1a y Portugal. Tenemos el mejor servicio al cliente en la industria y los productos de la m\u00e1s alta calidad\",\"potentialAction\":[{\"@type\":\"SearchAction\",\"target\":{\"@type\":\"EntryPoint\",\"urlTemplate\":\"https:\\\/\\\/iberoid.com\\\/fr\\\/?s={search_term_string}\"},\"query-input\":{\"@type\":\"PropertyValueSpecification\",\"valueRequired\":true,\"valueName\":\"search_term_string\"}}],\"inLanguage\":\"fr-FR\"}]}<\/script>\n<meta property=\"product:brand\" content=\"Mp-Pharm\" \/>\n<meta property=\"product:price:amount\" content=\"15.00\" \/>\n<meta property=\"product:price:currency\" content=\"EUR\" \/>\n<meta property=\"og:availability\" content=\"instock\" \/>\n<meta property=\"product:availability\" content=\"instock\" \/>\n<meta property=\"product:condition\" content=\"new\" \/>\n<!-- \/ Yoast SEO Premium plugin. -->","yoast_head_json":{"title":"TAMO 20mg (tamoxifeno citrate) - (Espa\u00f1ol) Esteroides en l\u00ednea","description":"TAMO 20mg (Tamoxif\u00e8ne) traite le cancer du sein et l'infertilit\u00e9 en bloquant les \u0153strog\u00e8nes, ralentissant les cellules canc\u00e9reuses.","robots":{"index":"index","follow":"follow","max-snippet":"max-snippet:-1","max-image-preview":"max-image-preview:large","max-video-preview":"max-video-preview:-1"},"canonical":"https:\/\/iberoid.com\/fr\/product\/tamo20mg-tamoxifenocitrate20-mg\/","og_locale":"fr_FR","og_type":"article","og_title":"TAMO 20mg (tamoxifeno citrate)","og_description":"TAMO 20mg (Tamoxif\u00e8ne) traite le cancer du sein et l'infertilit\u00e9 en bloquant les \u0153strog\u00e8nes, ralentissant les cellules canc\u00e9reuses.","og_url":"https:\/\/iberoid.com\/fr\/product\/tamo20mg-tamoxifenocitrate20-mg\/","og_site_name":"(Espa\u00f1ol) Esteroides en l\u00ednea","article_modified_time":"2026-04-20T18:50:37+00:00","og_image":[{"width":1920,"height":2560,"url":"https:\/\/iberoid.com\/wp-content\/uploads\/2025\/09\/TAMO1-scaled.jpeg?v=1758810720","type":"image\/jpeg"}],"twitter_card":"summary_large_image","twitter_misc":{"Prix":"&euro;15.00","Disponibilit\u00e9":"En stock"},"schema":{"@context":"https:\/\/schema.org","@graph":[{"@type":"WebPage","@id":"https:\/\/iberoid.com\/fr\/product\/tamo20mg-tamoxifenocitrate20-mg\/","url":"https:\/\/iberoid.com\/fr\/product\/tamo20mg-tamoxifenocitrate20-mg\/","name":"TAMO 20mg (tamoxifeno citrate) - (Espa\u00f1ol) Esteroides en l\u00ednea","isPartOf":{"@id":"https:\/\/iberoid.com\/fr\/#website"},"primaryImageOfPage":{"@id":"https:\/\/iberoid.com\/fr\/product\/tamo20mg-tamoxifenocitrate20-mg\/#primaryimage"},"image":{"@id":"https:\/\/iberoid.com\/fr\/product\/tamo20mg-tamoxifenocitrate20-mg\/#primaryimage"},"thumbnailUrl":"https:\/\/iberoid.com\/wp-content\/uploads\/2025\/09\/TAMO1-scaled.jpeg?v=1758810720","datePublished":"2025-09-25T14:27:11+00:00","dateModified":"2026-04-20T18:50:37+00:00","description":"TAMO 20mg (Tamoxif\u00e8ne) traite le cancer du sein et l'infertilit\u00e9 en bloquant les \u0153strog\u00e8nes, ralentissant les cellules canc\u00e9reuses.","breadcrumb":{"@id":"https:\/\/iberoid.com\/fr\/product\/tamo20mg-tamoxifenocitrate20-mg\/#breadcrumb"},"inLanguage":"fr-FR","potentialAction":[{"@type":"ReadAction","target":[["https:\/\/iberoid.com\/fr\/product\/tamo20mg-tamoxifenocitrate20-mg\/"]]}]},{"@type":"ImageObject","inLanguage":"fr-FR","@id":"https:\/\/iberoid.com\/fr\/product\/tamo20mg-tamoxifenocitrate20-mg\/#primaryimage","url":"https:\/\/iberoid.com\/wp-content\/uploads\/2025\/09\/TAMO1-scaled.jpeg?v=1758810720","contentUrl":"https:\/\/iberoid.com\/wp-content\/uploads\/2025\/09\/TAMO1-scaled.jpeg?v=1758810720","width":1920,"height":2560},{"@type":"BreadcrumbList","@id":"https:\/\/iberoid.com\/fr\/product\/tamo20mg-tamoxifenocitrate20-mg\/#breadcrumb","itemListElement":[{"@type":"ListItem","position":1,"name":"Portada","item":"https:\/\/iberoid.com\/fr\/"},{"@type":"ListItem","position":2,"name":"Magasin","item":"https:\/\/iberoid.com\/fr\/shop\/"},{"@type":"ListItem","position":3,"name":"TAMO 20mg (tamoxifeno citrate)"}]},{"@type":"WebSite","@id":"https:\/\/iberoid.com\/fr\/#website","url":"https:\/\/iberoid.com\/fr\/","name":"(Espa\u00f1ol) Esteroides en l\u00ednea","description":"(Espa\u00f1ol) Comprar esteroides en l\u00ednea hoy en Espa\u00f1a y Portugal. Tenemos el mejor servicio al cliente en la industria y los productos de la m\u00e1s alta calidad","potentialAction":[{"@type":"SearchAction","target":{"@type":"EntryPoint","urlTemplate":"https:\/\/iberoid.com\/fr\/?s={search_term_string}"},"query-input":{"@type":"PropertyValueSpecification","valueRequired":true,"valueName":"search_term_string"}}],"inLanguage":"fr-FR"}]},"product_brand":"Mp-Pharm","product_price_amount":"15.00","product_price_currency":"EUR","og_availability":"instock","product_availability":"instock","product_condition":"new"},"_links":{"self":[{"href":"https:\/\/iberoid.com\/fr\/wp-json\/wp\/v2\/product\/10340","targetHints":{"allow":["GET"]}}],"collection":[{"href":"https:\/\/iberoid.com\/fr\/wp-json\/wp\/v2\/product"}],"about":[{"href":"https:\/\/iberoid.com\/fr\/wp-json\/wp\/v2\/types\/product"}],"replies":[{"embeddable":true,"href":"https:\/\/iberoid.com\/fr\/wp-json\/wp\/v2\/comments?post=10340"}],"wp:featuredmedia":[{"embeddable":true,"href":"https:\/\/iberoid.com\/fr\/wp-json\/wp\/v2\/media\/10343"}],"wp:attachment":[{"href":"https:\/\/iberoid.com\/fr\/wp-json\/wp\/v2\/media?parent=10340"}],"wp:term":[{"taxonomy":"product_brand","embeddable":true,"href":"https:\/\/iberoid.com\/fr\/wp-json\/wp\/v2\/product_brand?post=10340"},{"taxonomy":"product_cat","embeddable":true,"href":"https:\/\/iberoid.com\/fr\/wp-json\/wp\/v2\/product_cat?post=10340"},{"taxonomy":"product_tag","embeddable":true,"href":"https:\/\/iberoid.com\/fr\/wp-json\/wp\/v2\/product_tag?post=10340"}],"curies":[{"name":"wp","href":"https:\/\/api.w.org\/{rel}","templated":true}]}}