{"id":10341,"date":"2025-09-25T14:29:53","date_gmt":"2025-09-25T14:29:53","guid":{"rendered":"https:\/\/iberoid.com\/?post_type=product&#038;p=10341"},"modified":"2026-04-20T10:31:43","modified_gmt":"2026-04-20T10:31:43","slug":"pack2tamo-tamoxifeno-citrate20-mg","status":"publish","type":"product","link":"https:\/\/iberoid.com\/fr\/product\/pack2tamo-tamoxifeno-citrate20-mg\/","title":{"rendered":"Pack 2 TAMO (tamoxifeno citrate) 20 mg"},"content":{"rendered":"<p><\/p>\n<p data-start=\"39\" data-end=\"486\"><strong data-start=\"39\" data-end=\"67\">Le citrate de tamoxif\u00e8ne<\/strong> est un modulateur s\u00e9lectif des r\u00e9cepteurs aux \u0153strog\u00e8nes (SERM) largement utilis\u00e9 dans le traitement des conditions li\u00e9es aux \u0153strog\u00e8nes et dans le culturisme pour la th\u00e9rapie post-cycle (PCT). Il a des effets uniques sur la testost\u00e9rone, les \u0153strog\u00e8nes, la LH (hormone lut\u00e9inisante), la FSH (hormone folliculo-stimulante), le d\u00e9veloppement musculaire, la perte de graisse, la force et l\u2019endurance. Voici un r\u00e9sum\u00e9 :<\/p>\n<h3 data-start=\"488\" data-end=\"547\">Bloqueur d\u2019\u0153strog\u00e8nes et stimulant de la testost\u00e9rone<\/h3>\n<p data-start=\"548\" data-end=\"1076\">Le tamoxif\u00e8ne peut augmenter les niveaux de testost\u00e9rone en bloquant les r\u00e9cepteurs aux \u0153strog\u00e8nes dans l\u2019hypothalamus et l\u2019hypophyse, ce qui entra\u00eene une augmentation de la LH et de la FSH, stimulant ainsi les testicules \u00e0 produire plus de testost\u00e9rone et de spermatozo\u00efdes. Il agit comme antagoniste sur les r\u00e9cepteurs aux \u0153strog\u00e8nes, en particulier dans le tissu mammaire, ce qui le rend utile pour pr\u00e9venir la gyn\u00e9comastie. Cependant, il agit comme agoniste dans d\u2019autres tissus, ce qui peut produire des effets variables.<\/p>\n<h3 data-start=\"1078\" data-end=\"1168\">Effets sur le d\u00e9veloppement musculaire, la perte de graisse, la force et l\u2019endurance<\/h3>\n<p data-start=\"1169\" data-end=\"1537\">L\u2019augmentation des niveaux de testost\u00e9rone influence directement la masse musculaire maigre, tandis que la r\u00e9duction des \u0153strog\u00e8nes entra\u00eene moins d\u2019accumulation de graisse et une plus grande capacit\u00e9 \u00e0 br\u00fbler les graisses. L\u2019augmentation de la masse musculaire et un m\u00e9tabolisme plus \u00e9lev\u00e9 se traduisent par de meilleures performances physiques, force et endurance.<\/p>\n<h3 data-start=\"1539\" data-end=\"1594\">Comparaison avec Clomid, Letrozole et Anastrozole<\/h3>\n<ul data-start=\"1595\" data-end=\"2666\">\n<li data-start=\"1595\" data-end=\"1991\">\n<p data-start=\"1597\" data-end=\"1991\"><strong data-start=\"1597\" data-end=\"1632\">Clomid (citrate de clomif\u00e8ne) :<\/strong> Semblable au tamoxif\u00e8ne, car il augmente \u00e9galement la LH et la FSH pour stimuler les niveaux de testost\u00e9rone. Clomid est un meilleur choix pour le soutien de cycle ou la PCT comme anti-\u0153strog\u00e8ne, gr\u00e2ce \u00e0 son effet plus puissant sur la stimulation de la production endog\u00e8ne de testost\u00e9rone. Bien que rentable, <strong data-start=\"1942\" data-end=\"1955\">TAMOXIF20<\/strong> a plus de sens pour les athl\u00e8tes.<\/p>\n<\/li>\n<li data-start=\"1992\" data-end=\"2326\">\n<p data-start=\"1994\" data-end=\"2326\"><strong data-start=\"1994\" data-end=\"2009\">Letrozole :<\/strong> Un inhibiteur puissant de l\u2019aromatase qui r\u00e9duit les niveaux d\u2019\u0153strog\u00e8nes beaucoup plus que le tamoxif\u00e8ne ou le Clomid. Utilis\u00e9 pour traiter les effets secondaires \u0153strog\u00e9niques graves comme la gyn\u00e9comastie, mais peut r\u00e9duire trop les \u0153strog\u00e8nes, affectant potentiellement la libido, l\u2019humeur et les articulations.<\/p>\n<\/li>\n<li data-start=\"2327\" data-end=\"2666\">\n<p data-start=\"2329\" data-end=\"2666\"><strong data-start=\"2329\" data-end=\"2346\">Anastrozole :<\/strong> Un autre inhibiteur de l\u2019aromatase, similaire au Letrozole, mais peut \u00eatre moins agressif sur les niveaux d\u2019\u0153strog\u00e8nes. C\u2019est \u00e9galement un inhibiteur de l\u2019aromatase pr\u00e9f\u00e9r\u00e9, car il r\u00e9duit les \u0153strog\u00e8nes et augmente indirectement les niveaux de testost\u00e9rone, mais ne stimule pas la LH et la FSH comme le font les SERM.<\/p>\n<\/li>\n<\/ul>\n<h3 data-start=\"2668\" data-end=\"2683\">Avantages<\/h3>\n<ul data-start=\"2684\" data-end=\"2992\" data-is-last-node=\"\" data-is-only-node=\"\">\n<li data-start=\"2684\" data-end=\"2750\">\n<p data-start=\"2686\" data-end=\"2750\">Contr\u00f4le les niveaux d\u2019\u0153strog\u00e8nes pendant un cycle ou une PCT.<\/p>\n<\/li>\n<li data-start=\"2751\" data-end=\"2876\">\n<p data-start=\"2753\" data-end=\"2876\">Pr\u00e9vient les effets secondaires li\u00e9s aux \u0153strog\u00e8nes, tels que la gyn\u00e9comastie, la r\u00e9tention d\u2019eau et la prise de graisse.<\/p>\n<\/li>\n<li data-start=\"2877\" data-end=\"2992\" data-is-last-node=\"\">\n<p data-start=\"2879\" data-end=\"2992\" data-is-last-node=\"\">Acc\u00e9l\u00e8re la PCT et restaure les niveaux naturels de testost\u00e9rone et la production de spermatozo\u00efdes \u00e0 la normale.<\/p>\n<\/li>\n<\/ul>\n<p><\/p>","protected":false},"excerpt":{"rendered":"<p>Le citrate de tamoxif\u00e8ne est un modulateur s\u00e9lectif des r\u00e9cepteurs aux \u0153strog\u00e8nes (SERM) largement utilis\u00e9 dans le traitement des conditions<\/p>\n","protected":false},"featured_media":10342,"comment_status":"open","ping_status":"closed","template":"","meta":[],"product_brand":[],"product_cat":[73,3474],"product_tag":[],"class_list":{"0":"post-10341","1":"product","2":"type-product","3":"status-publish","4":"has-post-thumbnail","6":"product_cat-ssteroides_orales","7":"product_cat-packs","9":"first","10":"instock","11":"sale","12":"shipping-taxable","13":"purchasable","14":"product-type-simple"},"yoast_head":"<!-- This site is optimized with the Yoast SEO Premium plugin v24.4 (Yoast SEO v27.3) - https:\/\/yoast.com\/product\/yoast-seo-premium-wordpress\/ -->\n<title>Pack 2 TAMO (tamoxifeno citrate) 20 mg - (Espa\u00f1ol) Esteroides en l\u00ednea<\/title>\n<meta name=\"description\" content=\"Le Tamoxif\u00e8ne est un puissant SERM qui augmente la testost\u00e9rone, bloque les \u0153strog\u00e8nes, pr\u00e9vient la gyn\u00e9comastie et aide la th\u00e9rapie post-cycle.\" \/>\n<meta name=\"robots\" content=\"index, follow, max-snippet:-1, max-image-preview:large, max-video-preview:-1\" \/>\n<link rel=\"canonical\" href=\"https:\/\/iberoid-shop.com\/product\/pack2tamo-tamoxifeno-citrate20-mg\/\" \/>\n<meta property=\"og:locale\" content=\"fr_FR\" \/>\n<meta property=\"og:type\" content=\"article\" \/>\n<meta property=\"og:title\" content=\"Pack 2 TAMO (tamoxifeno citrate) 20 mg\" \/>\n<meta property=\"og:description\" content=\"Le Tamoxif\u00e8ne est un puissant SERM qui augmente la testost\u00e9rone, bloque les \u0153strog\u00e8nes, pr\u00e9vient la gyn\u00e9comastie et aide la th\u00e9rapie post-cycle.\" \/>\n<meta property=\"og:url\" content=\"https:\/\/iberoid-shop.com\/product\/pack2tamo-tamoxifeno-citrate20-mg\/\" \/>\n<meta property=\"og:site_name\" content=\"(Espa\u00f1ol) Esteroides en l\u00ednea\" \/>\n<meta property=\"article:modified_time\" content=\"2026-04-20T10:31:43+00:00\" \/>\n<meta property=\"og:image\" content=\"https:\/\/iberoid-shop.com\/wp-content\/uploads\/2025\/09\/tamo2-scaled.jpeg?v=1758810553\" \/>\n\t<meta property=\"og:image:width\" content=\"1991\" \/>\n\t<meta property=\"og:image:height\" content=\"2560\" \/>\n\t<meta property=\"og:image:type\" content=\"image\/jpeg\" \/>\n<meta name=\"twitter:card\" content=\"summary_large_image\" \/>\n<meta name=\"twitter:label1\" content=\"Prix\" \/>\n\t<meta name=\"twitter:data1\" content=\"&euro;25.00\" \/>\n\t<meta name=\"twitter:label2\" content=\"Disponibilit\u00e9\" \/>\n\t<meta name=\"twitter:data2\" content=\"En stock\" \/>\n<script type=\"application\/ld+json\" class=\"yoast-schema-graph\">{\"@context\":\"https:\\\/\\\/schema.org\",\"@graph\":[{\"@type\":\"WebPage\",\"@id\":\"https:\\\/\\\/iberoid-shop.com\\\/product\\\/pack2tamo-tamoxifeno-citrate20-mg\\\/\",\"url\":\"https:\\\/\\\/iberoid-shop.com\\\/product\\\/pack2tamo-tamoxifeno-citrate20-mg\\\/\",\"name\":\"Pack 2 TAMO (tamoxifeno citrate) 20 mg - (Espa\u00f1ol) Esteroides en l\u00ednea\",\"isPartOf\":{\"@id\":\"https:\\\/\\\/iberoid-shop.com\\\/#website\"},\"primaryImageOfPage\":{\"@id\":\"https:\\\/\\\/iberoid-shop.com\\\/product\\\/pack2tamo-tamoxifeno-citrate20-mg\\\/#primaryimage\"},\"image\":{\"@id\":\"https:\\\/\\\/iberoid-shop.com\\\/product\\\/pack2tamo-tamoxifeno-citrate20-mg\\\/#primaryimage\"},\"thumbnailUrl\":\"https:\\\/\\\/iberoid.com\\\/wp-content\\\/uploads\\\/2025\\\/09\\\/tamo2-scaled.jpeg?v=1758810553\",\"datePublished\":\"2025-09-25T14:29:53+00:00\",\"dateModified\":\"2026-04-20T10:31:43+00:00\",\"description\":\"Le Tamoxif\u00e8ne est un puissant SERM qui augmente la testost\u00e9rone, bloque les \u0153strog\u00e8nes, pr\u00e9vient la gyn\u00e9comastie et aide la th\u00e9rapie post-cycle.\",\"breadcrumb\":{\"@id\":\"https:\\\/\\\/iberoid-shop.com\\\/product\\\/pack2tamo-tamoxifeno-citrate20-mg\\\/#breadcrumb\"},\"inLanguage\":\"fr-FR\",\"potentialAction\":[{\"@type\":\"ReadAction\",\"target\":[[\"https:\\\/\\\/iberoid-shop.com\\\/product\\\/pack2tamo-tamoxifeno-citrate20-mg\\\/\"]]}]},{\"@type\":\"ImageObject\",\"inLanguage\":\"fr-FR\",\"@id\":\"https:\\\/\\\/iberoid-shop.com\\\/product\\\/pack2tamo-tamoxifeno-citrate20-mg\\\/#primaryimage\",\"url\":\"https:\\\/\\\/iberoid.com\\\/wp-content\\\/uploads\\\/2025\\\/09\\\/tamo2-scaled.jpeg?v=1758810553\",\"contentUrl\":\"https:\\\/\\\/iberoid.com\\\/wp-content\\\/uploads\\\/2025\\\/09\\\/tamo2-scaled.jpeg?v=1758810553\",\"width\":1991,\"height\":2560},{\"@type\":\"BreadcrumbList\",\"@id\":\"https:\\\/\\\/iberoid-shop.com\\\/product\\\/pack2tamo-tamoxifeno-citrate20-mg\\\/#breadcrumb\",\"itemListElement\":[{\"@type\":\"ListItem\",\"position\":1,\"name\":\"Portada\",\"item\":\"https:\\\/\\\/iberoid.com\\\/fr\\\/\"},{\"@type\":\"ListItem\",\"position\":2,\"name\":\"Magasin\",\"item\":\"https:\\\/\\\/iberoid.com\\\/fr\\\/shop\\\/\"},{\"@type\":\"ListItem\",\"position\":3,\"name\":\"Pack 2 TAMO (tamoxifeno citrate) 20 mg\"}]},{\"@type\":\"WebSite\",\"@id\":\"https:\\\/\\\/iberoid-shop.com\\\/#website\",\"url\":\"https:\\\/\\\/iberoid-shop.com\\\/\",\"name\":\"(Espa\u00f1ol) Esteroides en l\u00ednea\",\"description\":\"(Espa\u00f1ol) Comprar esteroides en l\u00ednea hoy en Espa\u00f1a y Portugal. Tenemos el mejor servicio al cliente en la industria y los productos de la m\u00e1s alta calidad\",\"potentialAction\":[{\"@type\":\"SearchAction\",\"target\":{\"@type\":\"EntryPoint\",\"urlTemplate\":\"https:\\\/\\\/iberoid-shop.com\\\/?s={search_term_string}\"},\"query-input\":{\"@type\":\"PropertyValueSpecification\",\"valueRequired\":true,\"valueName\":\"search_term_string\"}}],\"inLanguage\":\"fr-FR\"}]}<\/script>\n<meta property=\"product:brand\" content=\"Mp-Pharm\" \/>\n<meta property=\"product:price:amount\" content=\"25.00\" \/>\n<meta property=\"product:price:currency\" content=\"EUR\" \/>\n<meta property=\"og:availability\" content=\"instock\" \/>\n<meta property=\"product:availability\" content=\"instock\" \/>\n<meta property=\"product:condition\" content=\"new\" \/>\n<!-- \/ Yoast SEO Premium plugin. -->","yoast_head_json":{"title":"Pack 2 TAMO (tamoxifeno citrate) 20 mg - (Espa\u00f1ol) Esteroides en l\u00ednea","description":"Le Tamoxif\u00e8ne est un puissant SERM qui augmente la testost\u00e9rone, bloque les \u0153strog\u00e8nes, pr\u00e9vient la gyn\u00e9comastie et aide la th\u00e9rapie post-cycle.","robots":{"index":"index","follow":"follow","max-snippet":"max-snippet:-1","max-image-preview":"max-image-preview:large","max-video-preview":"max-video-preview:-1"},"canonical":"https:\/\/iberoid-shop.com\/product\/pack2tamo-tamoxifeno-citrate20-mg\/","og_locale":"fr_FR","og_type":"article","og_title":"Pack 2 TAMO (tamoxifeno citrate) 20 mg","og_description":"Le Tamoxif\u00e8ne est un puissant SERM qui augmente la testost\u00e9rone, bloque les \u0153strog\u00e8nes, pr\u00e9vient la gyn\u00e9comastie et aide la th\u00e9rapie post-cycle.","og_url":"https:\/\/iberoid-shop.com\/product\/pack2tamo-tamoxifeno-citrate20-mg\/","og_site_name":"(Espa\u00f1ol) Esteroides en l\u00ednea","article_modified_time":"2026-04-20T10:31:43+00:00","og_image":[{"width":1991,"height":2560,"url":"https:\/\/iberoid-shop.com\/wp-content\/uploads\/2025\/09\/tamo2-scaled.jpeg?v=1758810553","type":"image\/jpeg"}],"twitter_card":"summary_large_image","twitter_misc":{"Prix":"&euro;25.00","Disponibilit\u00e9":"En stock"},"schema":{"@context":"https:\/\/schema.org","@graph":[{"@type":"WebPage","@id":"https:\/\/iberoid-shop.com\/product\/pack2tamo-tamoxifeno-citrate20-mg\/","url":"https:\/\/iberoid-shop.com\/product\/pack2tamo-tamoxifeno-citrate20-mg\/","name":"Pack 2 TAMO (tamoxifeno citrate) 20 mg - (Espa\u00f1ol) Esteroides en l\u00ednea","isPartOf":{"@id":"https:\/\/iberoid-shop.com\/#website"},"primaryImageOfPage":{"@id":"https:\/\/iberoid-shop.com\/product\/pack2tamo-tamoxifeno-citrate20-mg\/#primaryimage"},"image":{"@id":"https:\/\/iberoid-shop.com\/product\/pack2tamo-tamoxifeno-citrate20-mg\/#primaryimage"},"thumbnailUrl":"https:\/\/iberoid.com\/wp-content\/uploads\/2025\/09\/tamo2-scaled.jpeg?v=1758810553","datePublished":"2025-09-25T14:29:53+00:00","dateModified":"2026-04-20T10:31:43+00:00","description":"Le Tamoxif\u00e8ne est un puissant SERM qui augmente la testost\u00e9rone, bloque les \u0153strog\u00e8nes, pr\u00e9vient la gyn\u00e9comastie et aide la th\u00e9rapie post-cycle.","breadcrumb":{"@id":"https:\/\/iberoid-shop.com\/product\/pack2tamo-tamoxifeno-citrate20-mg\/#breadcrumb"},"inLanguage":"fr-FR","potentialAction":[{"@type":"ReadAction","target":[["https:\/\/iberoid-shop.com\/product\/pack2tamo-tamoxifeno-citrate20-mg\/"]]}]},{"@type":"ImageObject","inLanguage":"fr-FR","@id":"https:\/\/iberoid-shop.com\/product\/pack2tamo-tamoxifeno-citrate20-mg\/#primaryimage","url":"https:\/\/iberoid.com\/wp-content\/uploads\/2025\/09\/tamo2-scaled.jpeg?v=1758810553","contentUrl":"https:\/\/iberoid.com\/wp-content\/uploads\/2025\/09\/tamo2-scaled.jpeg?v=1758810553","width":1991,"height":2560},{"@type":"BreadcrumbList","@id":"https:\/\/iberoid-shop.com\/product\/pack2tamo-tamoxifeno-citrate20-mg\/#breadcrumb","itemListElement":[{"@type":"ListItem","position":1,"name":"Portada","item":"https:\/\/iberoid.com\/fr\/"},{"@type":"ListItem","position":2,"name":"Magasin","item":"https:\/\/iberoid.com\/fr\/shop\/"},{"@type":"ListItem","position":3,"name":"Pack 2 TAMO (tamoxifeno citrate) 20 mg"}]},{"@type":"WebSite","@id":"https:\/\/iberoid-shop.com\/#website","url":"https:\/\/iberoid-shop.com\/","name":"(Espa\u00f1ol) Esteroides en l\u00ednea","description":"(Espa\u00f1ol) Comprar esteroides en l\u00ednea hoy en Espa\u00f1a y Portugal. Tenemos el mejor servicio al cliente en la industria y los productos de la m\u00e1s alta calidad","potentialAction":[{"@type":"SearchAction","target":{"@type":"EntryPoint","urlTemplate":"https:\/\/iberoid-shop.com\/?s={search_term_string}"},"query-input":{"@type":"PropertyValueSpecification","valueRequired":true,"valueName":"search_term_string"}}],"inLanguage":"fr-FR"}]},"product_brand":"Mp-Pharm","product_price_amount":"25.00","product_price_currency":"EUR","og_availability":"instock","product_availability":"instock","product_condition":"new"},"_links":{"self":[{"href":"https:\/\/iberoid.com\/fr\/wp-json\/wp\/v2\/product\/10341","targetHints":{"allow":["GET"]}}],"collection":[{"href":"https:\/\/iberoid.com\/fr\/wp-json\/wp\/v2\/product"}],"about":[{"href":"https:\/\/iberoid.com\/fr\/wp-json\/wp\/v2\/types\/product"}],"replies":[{"embeddable":true,"href":"https:\/\/iberoid.com\/fr\/wp-json\/wp\/v2\/comments?post=10341"}],"wp:featuredmedia":[{"embeddable":true,"href":"https:\/\/iberoid.com\/fr\/wp-json\/wp\/v2\/media\/10342"}],"wp:attachment":[{"href":"https:\/\/iberoid.com\/fr\/wp-json\/wp\/v2\/media?parent=10341"}],"wp:term":[{"taxonomy":"product_brand","embeddable":true,"href":"https:\/\/iberoid.com\/fr\/wp-json\/wp\/v2\/product_brand?post=10341"},{"taxonomy":"product_cat","embeddable":true,"href":"https:\/\/iberoid.com\/fr\/wp-json\/wp\/v2\/product_cat?post=10341"},{"taxonomy":"product_tag","embeddable":true,"href":"https:\/\/iberoid.com\/fr\/wp-json\/wp\/v2\/product_tag?post=10341"}],"curies":[{"name":"wp","href":"https:\/\/api.w.org\/{rel}","templated":true}]}}