{"id":10376,"date":"2025-10-12T12:17:19","date_gmt":"2025-10-12T12:17:19","guid":{"rendered":"https:\/\/iberoid.com\/?post_type=product&#038;p=10376"},"modified":"2026-02-02T16:33:40","modified_gmt":"2026-02-02T16:33:40","slug":"t-bol-turinabol","status":"publish","type":"product","link":"https:\/\/iberoid.com\/fr\/product\/t-bol-turinabol\/","title":{"rendered":"T-BOL &#8211; turinabol"},"content":{"rendered":"<p><\/p>\n<p data-path-to-node=\"2\">L&rsquo;<b>ORAL T-BOL<\/b> a \u00e9t\u00e9 d\u00e9velopp\u00e9 \u00e0 la suite du d-bol. Le T-bol permet une croissance massive sans provoquer de r\u00e9tention d&rsquo;eau.<\/p>\n<p data-path-to-node=\"3\">Son action est donc un peu plus lente, mais les gains r\u00e9alis\u00e9s sont stables. Cette pr\u00e9paration anabolique a la particularit\u00e9 de d\u00e9clencher la production naturelle de testost\u00e9rone, de sorte qu&rsquo;\u00e0 la fin du traitement, l&rsquo;utilisateur b\u00e9n\u00e9ficie d&rsquo;un niveau de testo naturelle plus \u00e9lev\u00e9. Id\u00e9al pour continuer \u00e0 construire du <b>volume musculaire<\/b> sur le long terme.<\/p>\n<p data-path-to-node=\"4\"><b>D\u00e9veloppement Musculaire et Am\u00e9lioration des Performances.<\/b> Les comprim\u00e9s de <b>Turinabol 10mg<\/b>, qui contiennent le principe actif <b>4-Chlorod\u00e9hydrom\u00e9thyltestost\u00e9rone<\/b>, sont un produit pharmaceutique utilis\u00e9 pour soutenir le d\u00e9veloppement musculaire et am\u00e9liorer les performances sportives.<\/p>\n<p data-path-to-node=\"5\">Les comprim\u00e9s de <b>T-BOL 10mg<\/b> sont des comprim\u00e9s oraux con\u00e7us pour soutenir la croissance musculaire et am\u00e9liorer les performances physiques. Le principe actif, la <b>4-Chlorod\u00e9hydrom\u00e9thyltestost\u00e9rone<\/b>, est un d\u00e9riv\u00e9 synth\u00e9tique de la testost\u00e9rone. Ce compos\u00e9 est connu pour ses effets anaboliques, favorisant le d\u00e9veloppement musculaire et les gains de force.<\/p>\n<p data-path-to-node=\"6\"><b>Principe Actif :<\/b> Les comprim\u00e9s de Turinabol 10mg (<b>4-Chlorod\u00e9hydrom\u00e9thyltestost\u00e9rone<\/b>) se composent de <b>4-Chlorod\u00e9hydrom\u00e9thyltestost\u00e9rone<\/b> comme principal ingr\u00e9dient actif.<\/p>\n<p data-path-to-node=\"7\"><b>Utilisation :<\/b> Ces comprim\u00e9s sont couramment utilis\u00e9s par les athl\u00e8tes et les culturistes visant \u00e0 augmenter leur masse musculaire et \u00e0 am\u00e9liorer leurs performances athl\u00e9tiques. Les comprim\u00e9s de T-BOL 10mg agissent en favorisant la r\u00e9tention d&rsquo;azote et la synth\u00e8se des prot\u00e9ines dans les muscles, ce qui entra\u00eene une am\u00e9lioration de la croissance musculaire et de la force.<\/p>\n<p><\/p>","protected":false},"excerpt":{"rendered":"<p>L&rsquo;ORAL T-BOL a \u00e9t\u00e9 d\u00e9velopp\u00e9 \u00e0 la suite du d-bol. Le T-bol permet une croissance massive sans provoquer de r\u00e9tention<\/p>\n","protected":false},"featured_media":10377,"comment_status":"open","ping_status":"closed","template":"","meta":[],"product_brand":[3530],"product_cat":[73],"product_tag":[],"class_list":{"0":"post-10376","1":"product","2":"type-product","3":"status-publish","4":"has-post-thumbnail","6":"product_brand-mp-pharm-muscle-pharm","7":"product_cat-ssteroides_orales","9":"first","10":"instock","11":"shipping-taxable","12":"purchasable","13":"product-type-simple"},"yoast_head":"<!-- This site is optimized with the Yoast SEO Premium plugin v24.4 (Yoast SEO v27.0) - https:\/\/yoast.com\/product\/yoast-seo-premium-wordpress\/ -->\n<title>T-BOL - turinabol - (Espa\u00f1ol) Esteroides en l\u00ednea<\/title>\n<meta name=\"description\" content=\"ORAL T-BOL (Turinabol) augmente la masse musculaire sans r\u00e9tention d&#039;eau, assurant des gains stables et une performance accrue.\" \/>\n<meta name=\"robots\" content=\"index, follow, max-snippet:-1, max-image-preview:large, max-video-preview:-1\" \/>\n<link rel=\"canonical\" href=\"https:\/\/iberoid.com\/fr\/product\/t-bol-turinabol\/\" \/>\n<meta property=\"og:locale\" content=\"fr_FR\" \/>\n<meta property=\"og:type\" content=\"article\" \/>\n<meta property=\"og:title\" content=\"T-BOL - turinabol\" \/>\n<meta property=\"og:description\" content=\"ORAL T-BOL (Turinabol) augmente la masse musculaire sans r\u00e9tention d&#039;eau, assurant des gains stables et une performance accrue.\" \/>\n<meta property=\"og:url\" content=\"https:\/\/iberoid.com\/fr\/product\/t-bol-turinabol\/\" \/>\n<meta property=\"og:site_name\" content=\"(Espa\u00f1ol) Esteroides en l\u00ednea\" \/>\n<meta property=\"article:modified_time\" content=\"2026-02-02T16:33:40+00:00\" \/>\n<meta property=\"og:image\" content=\"https:\/\/iberoid.com\/wp-content\/uploads\/2025\/10\/1tb.jpeg?v=1760271407\" \/>\n\t<meta property=\"og:image:width\" content=\"1800\" \/>\n\t<meta property=\"og:image:height\" content=\"2400\" \/>\n\t<meta property=\"og:image:type\" content=\"image\/jpeg\" \/>\n<meta name=\"twitter:card\" content=\"summary_large_image\" \/>\n<meta name=\"twitter:label1\" content=\"Prix\" \/>\n\t<meta name=\"twitter:data1\" content=\"&euro;25.00\" \/>\n\t<meta name=\"twitter:label2\" content=\"Disponibilit\u00e9\" \/>\n\t<meta name=\"twitter:data2\" content=\"En stock\" \/>\n<script type=\"application\/ld+json\" class=\"yoast-schema-graph\">{\"@context\":\"https:\/\/schema.org\",\"@graph\":[{\"@type\":\"WebPage\",\"@id\":\"https:\/\/iberoid.com\/fr\/product\/t-bol-turinabol\/\",\"url\":\"https:\/\/iberoid.com\/fr\/product\/t-bol-turinabol\/\",\"name\":\"T-BOL - turinabol - (Espa\u00f1ol) Esteroides en l\u00ednea\",\"isPartOf\":{\"@id\":\"https:\/\/iberoid-shop.com\/#website\"},\"primaryImageOfPage\":{\"@id\":\"https:\/\/iberoid.com\/fr\/product\/t-bol-turinabol\/#primaryimage\"},\"image\":{\"@id\":\"https:\/\/iberoid.com\/fr\/product\/t-bol-turinabol\/#primaryimage\"},\"thumbnailUrl\":\"https:\/\/iberoid.com\/wp-content\/uploads\/2025\/10\/1tb.jpeg?v=1760271407\",\"datePublished\":\"2025-10-12T12:17:19+00:00\",\"dateModified\":\"2026-02-02T16:33:40+00:00\",\"description\":\"ORAL T-BOL (Turinabol) augmente la masse musculaire sans r\u00e9tention d'eau, assurant des gains stables et une performance accrue.\",\"breadcrumb\":{\"@id\":\"https:\/\/iberoid.com\/fr\/product\/t-bol-turinabol\/#breadcrumb\"},\"inLanguage\":\"fr-FR\",\"potentialAction\":[{\"@type\":\"ReadAction\",\"target\":[[\"https:\/\/iberoid.com\/fr\/product\/t-bol-turinabol\/\"]]}]},{\"@type\":\"ImageObject\",\"inLanguage\":\"fr-FR\",\"@id\":\"https:\/\/iberoid.com\/fr\/product\/t-bol-turinabol\/#primaryimage\",\"url\":\"https:\/\/iberoid.com\/wp-content\/uploads\/2025\/10\/1tb.jpeg?v=1760271407\",\"contentUrl\":\"https:\/\/iberoid.com\/wp-content\/uploads\/2025\/10\/1tb.jpeg?v=1760271407\",\"width\":1800,\"height\":2400},{\"@type\":\"BreadcrumbList\",\"@id\":\"https:\/\/iberoid.com\/fr\/product\/t-bol-turinabol\/#breadcrumb\",\"itemListElement\":[{\"@type\":\"ListItem\",\"position\":1,\"name\":\"Portada\",\"item\":\"https:\/\/iberoid.com\/fr\/\"},{\"@type\":\"ListItem\",\"position\":2,\"name\":\"Magasin\",\"item\":\"https:\/\/iberoid.com\/fr\/shop\/\"},{\"@type\":\"ListItem\",\"position\":3,\"name\":\"T-BOL &#8211; turinabol\"}]},{\"@type\":\"WebSite\",\"@id\":\"https:\/\/iberoid-shop.com\/#website\",\"url\":\"https:\/\/iberoid-shop.com\/\",\"name\":\"(Espa\u00f1ol) Esteroides en l\u00ednea\",\"description\":\"(Espa\u00f1ol) Comprar esteroides en l\u00ednea hoy en Espa\u00f1a y Portugal. Tenemos el mejor servicio al cliente en la industria y los productos de la m\u00e1s alta calidad\",\"potentialAction\":[{\"@type\":\"SearchAction\",\"target\":{\"@type\":\"EntryPoint\",\"urlTemplate\":\"https:\/\/iberoid-shop.com\/?s={search_term_string}\"},\"query-input\":{\"@type\":\"PropertyValueSpecification\",\"valueRequired\":true,\"valueName\":\"search_term_string\"}}],\"inLanguage\":\"fr-FR\"}]}<\/script>\n<meta property=\"product:brand\" content=\"Mp-Pharm\" \/>\n<meta property=\"product:price:amount\" content=\"25.00\" \/>\n<meta property=\"product:price:currency\" content=\"EUR\" \/>\n<meta property=\"og:availability\" content=\"instock\" \/>\n<meta property=\"product:availability\" content=\"instock\" \/>\n<meta property=\"product:condition\" content=\"new\" \/>\n<!-- \/ Yoast SEO Premium plugin. -->","yoast_head_json":{"title":"T-BOL - turinabol - (Espa\u00f1ol) Esteroides en l\u00ednea","description":"ORAL T-BOL (Turinabol) augmente la masse musculaire sans r\u00e9tention d'eau, assurant des gains stables et une performance accrue.","robots":{"index":"index","follow":"follow","max-snippet":"max-snippet:-1","max-image-preview":"max-image-preview:large","max-video-preview":"max-video-preview:-1"},"canonical":"https:\/\/iberoid.com\/fr\/product\/t-bol-turinabol\/","og_locale":"fr_FR","og_type":"article","og_title":"T-BOL - turinabol","og_description":"ORAL T-BOL (Turinabol) augmente la masse musculaire sans r\u00e9tention d'eau, assurant des gains stables et une performance accrue.","og_url":"https:\/\/iberoid.com\/fr\/product\/t-bol-turinabol\/","og_site_name":"(Espa\u00f1ol) Esteroides en l\u00ednea","article_modified_time":"2026-02-02T16:33:40+00:00","og_image":[{"width":1800,"height":2400,"url":"https:\/\/iberoid.com\/wp-content\/uploads\/2025\/10\/1tb.jpeg?v=1760271407","type":"image\/jpeg"}],"twitter_card":"summary_large_image","twitter_misc":{"Prix":"&euro;25.00","Disponibilit\u00e9":"En stock"},"schema":{"@context":"https:\/\/schema.org","@graph":[{"@type":"WebPage","@id":"https:\/\/iberoid.com\/fr\/product\/t-bol-turinabol\/","url":"https:\/\/iberoid.com\/fr\/product\/t-bol-turinabol\/","name":"T-BOL - turinabol - (Espa\u00f1ol) Esteroides en l\u00ednea","isPartOf":{"@id":"https:\/\/iberoid-shop.com\/#website"},"primaryImageOfPage":{"@id":"https:\/\/iberoid.com\/fr\/product\/t-bol-turinabol\/#primaryimage"},"image":{"@id":"https:\/\/iberoid.com\/fr\/product\/t-bol-turinabol\/#primaryimage"},"thumbnailUrl":"https:\/\/iberoid.com\/wp-content\/uploads\/2025\/10\/1tb.jpeg?v=1760271407","datePublished":"2025-10-12T12:17:19+00:00","dateModified":"2026-02-02T16:33:40+00:00","description":"ORAL T-BOL (Turinabol) augmente la masse musculaire sans r\u00e9tention d'eau, assurant des gains stables et une performance accrue.","breadcrumb":{"@id":"https:\/\/iberoid.com\/fr\/product\/t-bol-turinabol\/#breadcrumb"},"inLanguage":"fr-FR","potentialAction":[{"@type":"ReadAction","target":[["https:\/\/iberoid.com\/fr\/product\/t-bol-turinabol\/"]]}]},{"@type":"ImageObject","inLanguage":"fr-FR","@id":"https:\/\/iberoid.com\/fr\/product\/t-bol-turinabol\/#primaryimage","url":"https:\/\/iberoid.com\/wp-content\/uploads\/2025\/10\/1tb.jpeg?v=1760271407","contentUrl":"https:\/\/iberoid.com\/wp-content\/uploads\/2025\/10\/1tb.jpeg?v=1760271407","width":1800,"height":2400},{"@type":"BreadcrumbList","@id":"https:\/\/iberoid.com\/fr\/product\/t-bol-turinabol\/#breadcrumb","itemListElement":[{"@type":"ListItem","position":1,"name":"Portada","item":"https:\/\/iberoid.com\/fr\/"},{"@type":"ListItem","position":2,"name":"Magasin","item":"https:\/\/iberoid.com\/fr\/shop\/"},{"@type":"ListItem","position":3,"name":"T-BOL &#8211; turinabol"}]},{"@type":"WebSite","@id":"https:\/\/iberoid-shop.com\/#website","url":"https:\/\/iberoid-shop.com\/","name":"(Espa\u00f1ol) Esteroides en l\u00ednea","description":"(Espa\u00f1ol) Comprar esteroides en l\u00ednea hoy en Espa\u00f1a y Portugal. Tenemos el mejor servicio al cliente en la industria y los productos de la m\u00e1s alta calidad","potentialAction":[{"@type":"SearchAction","target":{"@type":"EntryPoint","urlTemplate":"https:\/\/iberoid-shop.com\/?s={search_term_string}"},"query-input":{"@type":"PropertyValueSpecification","valueRequired":true,"valueName":"search_term_string"}}],"inLanguage":"fr-FR"}]},"product_brand":"Mp-Pharm","product_price_amount":"25.00","product_price_currency":"EUR","og_availability":"instock","product_availability":"instock","product_condition":"new"},"_links":{"self":[{"href":"https:\/\/iberoid.com\/fr\/wp-json\/wp\/v2\/product\/10376","targetHints":{"allow":["GET"]}}],"collection":[{"href":"https:\/\/iberoid.com\/fr\/wp-json\/wp\/v2\/product"}],"about":[{"href":"https:\/\/iberoid.com\/fr\/wp-json\/wp\/v2\/types\/product"}],"replies":[{"embeddable":true,"href":"https:\/\/iberoid.com\/fr\/wp-json\/wp\/v2\/comments?post=10376"}],"wp:featuredmedia":[{"embeddable":true,"href":"https:\/\/iberoid.com\/fr\/wp-json\/wp\/v2\/media\/10377"}],"wp:attachment":[{"href":"https:\/\/iberoid.com\/fr\/wp-json\/wp\/v2\/media?parent=10376"}],"wp:term":[{"taxonomy":"product_brand","embeddable":true,"href":"https:\/\/iberoid.com\/fr\/wp-json\/wp\/v2\/product_brand?post=10376"},{"taxonomy":"product_cat","embeddable":true,"href":"https:\/\/iberoid.com\/fr\/wp-json\/wp\/v2\/product_cat?post=10376"},{"taxonomy":"product_tag","embeddable":true,"href":"https:\/\/iberoid.com\/fr\/wp-json\/wp\/v2\/product_tag?post=10376"}],"curies":[{"name":"wp","href":"https:\/\/api.w.org\/{rel}","templated":true}]}}