{"id":10384,"date":"2025-10-12T12:55:35","date_gmt":"2025-10-12T12:55:35","guid":{"rendered":"https:\/\/iberoid.com\/?post_type=product&#038;p=10384"},"modified":"2026-03-29T15:44:38","modified_gmt":"2026-03-29T15:44:38","slug":"pack3-aromasin-exemestane-25mg","status":"publish","type":"product","link":"https:\/\/iberoid.com\/fr\/product\/pack3-aromasin-exemestane-25mg\/","title":{"rendered":"PACK3 AROMASIN &#8211; exemestane 25mg"},"content":{"rendered":"<p><\/p>\n<p data-path-to-node=\"2\">Aromasin (Ex\u00e9mestane) est un inhibiteur st\u00e9ro\u00efdien de l&rsquo;aromatase utilis\u00e9 pour traiter le cancer du sein chez les femmes m\u00e9nopaus\u00e9es. Il agit en bloquant l&rsquo;enzyme aromatase, r\u00e9duisant les niveaux d&rsquo;\u0153strog\u00e8nes dans le corps, ce qui peut aider \u00e0 ralentir ou \u00e0 stopper la croissance du cancer \u0153strog\u00e9no-d\u00e9pendant. G\u00e9n\u00e9ralement, l&rsquo;Aromasin est administr\u00e9 sous forme de comprim\u00e9 oral contenant 25 mg d&rsquo;Ex\u00e9mestane. Le m\u00e9dicament est indiqu\u00e9 pour les stades pr\u00e9coces et avanc\u00e9s du cancer du sein apr\u00e8s la m\u00e9nopause.<\/p>\n<h3 data-path-to-node=\"3\">Mode d&rsquo;Emploi<\/h3>\n<p data-path-to-node=\"4\">Aromasin est pris par voie orale sous forme de comprim\u00e9, la dose recommand\u00e9e \u00e9tant de <b>25 mg une fois par jour<\/b>. Il est recommand\u00e9 de prendre le comprim\u00e9 apr\u00e8s un repas pour une meilleure absorption. Avalez le comprim\u00e9 entier avec un peu d&rsquo;eau. \u00c9vitez d&rsquo;\u00e9craser, de casser ou de m\u00e2cher les comprim\u00e9s. Suivez toujours attentivement les instructions de votre m\u00e9decin pour obtenir les meilleurs r\u00e9sultats.<\/p>\n<h3 data-path-to-node=\"5\">Ingr\u00e9dients<\/h3>\n<p data-path-to-node=\"6\">Le principe actif de l&rsquo;Aromasin est l&rsquo;<b>Ex\u00e9mestane<\/b>.<\/p>\n<h3 data-path-to-node=\"7\">Contre-indications<\/h3>\n<p data-path-to-node=\"8\">\u00c9vitez de prendre ou d&rsquo;utiliser ce m\u00e9dicament si vous avez une hypersensibilit\u00e9 connue \u00e0 l&rsquo;Ex\u00e9mestane ou \u00e0 l&rsquo;un de ses ingr\u00e9dients.<\/p>\n<h3 data-path-to-node=\"9\">Pr\u00e9cautions<\/h3>\n<ul data-path-to-node=\"10\">\n<li>\n<p data-path-to-node=\"10,0,0\"><b>Ne prenez pas Aromasin avec des traitements hormonaux contenant des \u0153strog\u00e8nes.<\/b> Ces produits peuvent interf\u00e9rer avec la mani\u00e8re dont l&rsquo;Aromasin agit pour bloquer les \u0153strog\u00e8nes.<\/p>\n<\/li>\n<li>\n<p data-path-to-node=\"10,1,0\">Certaines femmes peuvent pr\u00e9senter des <b>changements dans les r\u00e9sultats des tests sanguins<\/b> pendant la prise d&rsquo;Aromasin. Cela pourrait inclure des changements dans les enzymes h\u00e9patiques, la bilirubine ou les marqueurs r\u00e9naux. Ces changements sont g\u00e9n\u00e9ralement l\u00e9gers, mais peuvent \u00eatre plus fr\u00e9quents chez les femmes atteintes d&rsquo;un cancer du sein avanc\u00e9. Votre m\u00e9decin pourrait v\u00e9rifier vos analyses de sang pendant le traitement.<\/p>\n<\/li>\n<li>\n<p data-path-to-node=\"10,2,0\">Aromasin n&rsquo;est approuv\u00e9 que pour une utilisation chez les <b>femmes qui ont travers\u00e9 la m\u00e9nopause<\/b>. Il n&rsquo;est pas destin\u00e9 aux femmes qui ont encore des r\u00e8gles r\u00e9guli\u00e8res.<\/p>\n<\/li>\n<li>\n<p data-path-to-node=\"10,3,0\">Aromasin peut causer des <b>dommages graves \u00e0 un b\u00e9b\u00e9 en d\u00e9veloppement<\/b>. Ne prenez pas ce m\u00e9dicament si vous \u00eates enceinte. Les femmes susceptibles de tomber enceintes doivent utiliser une m\u00e9thode de contraception pendant la prise d&rsquo;Aromasin et pendant au moins un mois apr\u00e8s la derni\u00e8re dose.<\/p>\n<\/li>\n<\/ul>\n<p><\/p>","protected":false},"excerpt":{"rendered":"<p>Aromasin (Ex\u00e9mestane) est un inhibiteur st\u00e9ro\u00efdien de l&rsquo;aromatase utilis\u00e9 pour traiter le cancer du sein chez les femmes m\u00e9nopaus\u00e9es. Il<\/p>\n","protected":false},"featured_media":10385,"comment_status":"open","ping_status":"closed","template":"","meta":[],"product_brand":[3526],"product_cat":[3474,3533],"product_tag":[],"class_list":{"0":"post-10384","1":"product","2":"type-product","3":"status-publish","4":"has-post-thumbnail","6":"product_brand-pharmabol","7":"product_cat-packs","8":"product_cat-sales-rebajas","10":"first","11":"instock","12":"sale","13":"shipping-taxable","14":"purchasable","15":"product-type-simple"},"yoast_head":"<!-- This site is optimized with the Yoast SEO Premium plugin v24.4 (Yoast SEO v27.3) - https:\/\/yoast.com\/product\/yoast-seo-premium-wordpress\/ -->\n<title>PACK3 AROMASIN - exemestane 25mg - (Espa\u00f1ol) Esteroides en l\u00ednea<\/title>\n<meta name=\"description\" content=\"Aromasin (Ex\u00e9mestane) est un inhibiteur de l&#039;aromatase qui r\u00e9duit les \u0153strog\u00e8nes pour traiter le cancer du sein post-m\u00e9nopausique.\" \/>\n<meta name=\"robots\" content=\"index, follow, max-snippet:-1, max-image-preview:large, max-video-preview:-1\" \/>\n<link rel=\"canonical\" href=\"https:\/\/iberoid.com\/fr\/product\/pack3-aromasin-exemestane-25mg\/\" \/>\n<meta property=\"og:locale\" content=\"fr_FR\" \/>\n<meta property=\"og:type\" content=\"article\" \/>\n<meta property=\"og:title\" content=\"PACK3 AROMASIN - exemestane 25mg\" \/>\n<meta property=\"og:description\" content=\"Aromasin (Ex\u00e9mestane) est un inhibiteur de l&#039;aromatase qui r\u00e9duit les \u0153strog\u00e8nes pour traiter le cancer du sein post-m\u00e9nopausique.\" \/>\n<meta property=\"og:url\" content=\"https:\/\/iberoid.com\/fr\/product\/pack3-aromasin-exemestane-25mg\/\" \/>\n<meta property=\"og:site_name\" content=\"(Espa\u00f1ol) Esteroides en l\u00ednea\" \/>\n<meta property=\"article:modified_time\" content=\"2026-03-29T15:44:38+00:00\" \/>\n<meta property=\"og:image\" content=\"https:\/\/iberoid.com\/wp-content\/uploads\/2025\/10\/3ARO.jpeg?v=1760273653\" \/>\n\t<meta property=\"og:image:width\" content=\"1800\" \/>\n\t<meta property=\"og:image:height\" content=\"2400\" \/>\n\t<meta property=\"og:image:type\" content=\"image\/jpeg\" \/>\n<meta name=\"twitter:card\" content=\"summary_large_image\" \/>\n<meta name=\"twitter:label1\" content=\"Prix\" \/>\n\t<meta name=\"twitter:data1\" content=\"&euro;55.00\" \/>\n\t<meta name=\"twitter:label2\" content=\"Disponibilit\u00e9\" \/>\n\t<meta name=\"twitter:data2\" content=\"En stock\" \/>\n<script type=\"application\/ld+json\" class=\"yoast-schema-graph\">{\"@context\":\"https:\\\/\\\/schema.org\",\"@graph\":[{\"@type\":\"WebPage\",\"@id\":\"https:\\\/\\\/iberoid.com\\\/fr\\\/product\\\/pack3-aromasin-exemestane-25mg\\\/\",\"url\":\"https:\\\/\\\/iberoid.com\\\/fr\\\/product\\\/pack3-aromasin-exemestane-25mg\\\/\",\"name\":\"PACK3 AROMASIN - exemestane 25mg - (Espa\u00f1ol) Esteroides en l\u00ednea\",\"isPartOf\":{\"@id\":\"https:\\\/\\\/iberoid.com\\\/fr\\\/#website\"},\"primaryImageOfPage\":{\"@id\":\"https:\\\/\\\/iberoid.com\\\/fr\\\/product\\\/pack3-aromasin-exemestane-25mg\\\/#primaryimage\"},\"image\":{\"@id\":\"https:\\\/\\\/iberoid.com\\\/fr\\\/product\\\/pack3-aromasin-exemestane-25mg\\\/#primaryimage\"},\"thumbnailUrl\":\"https:\\\/\\\/iberoid.com\\\/wp-content\\\/uploads\\\/2025\\\/10\\\/3ARO.jpeg?v=1760273653\",\"datePublished\":\"2025-10-12T12:55:35+00:00\",\"dateModified\":\"2026-03-29T15:44:38+00:00\",\"description\":\"Aromasin (Ex\u00e9mestane) est un inhibiteur de l'aromatase qui r\u00e9duit les \u0153strog\u00e8nes pour traiter le cancer du sein post-m\u00e9nopausique.\",\"breadcrumb\":{\"@id\":\"https:\\\/\\\/iberoid.com\\\/fr\\\/product\\\/pack3-aromasin-exemestane-25mg\\\/#breadcrumb\"},\"inLanguage\":\"fr-FR\",\"potentialAction\":[{\"@type\":\"ReadAction\",\"target\":[[\"https:\\\/\\\/iberoid.com\\\/fr\\\/product\\\/pack3-aromasin-exemestane-25mg\\\/\"]]}]},{\"@type\":\"ImageObject\",\"inLanguage\":\"fr-FR\",\"@id\":\"https:\\\/\\\/iberoid.com\\\/fr\\\/product\\\/pack3-aromasin-exemestane-25mg\\\/#primaryimage\",\"url\":\"https:\\\/\\\/iberoid.com\\\/wp-content\\\/uploads\\\/2025\\\/10\\\/3ARO.jpeg?v=1760273653\",\"contentUrl\":\"https:\\\/\\\/iberoid.com\\\/wp-content\\\/uploads\\\/2025\\\/10\\\/3ARO.jpeg?v=1760273653\",\"width\":1800,\"height\":2400},{\"@type\":\"BreadcrumbList\",\"@id\":\"https:\\\/\\\/iberoid.com\\\/fr\\\/product\\\/pack3-aromasin-exemestane-25mg\\\/#breadcrumb\",\"itemListElement\":[{\"@type\":\"ListItem\",\"position\":1,\"name\":\"Portada\",\"item\":\"https:\\\/\\\/iberoid.com\\\/fr\\\/\"},{\"@type\":\"ListItem\",\"position\":2,\"name\":\"Magasin\",\"item\":\"https:\\\/\\\/iberoid.com\\\/fr\\\/shop\\\/\"},{\"@type\":\"ListItem\",\"position\":3,\"name\":\"PACK3 AROMASIN &#8211; exemestane 25mg\"}]},{\"@type\":\"WebSite\",\"@id\":\"https:\\\/\\\/iberoid.com\\\/fr\\\/#website\",\"url\":\"https:\\\/\\\/iberoid.com\\\/fr\\\/\",\"name\":\"(Espa\u00f1ol) Esteroides en l\u00ednea\",\"description\":\"(Espa\u00f1ol) Comprar esteroides en l\u00ednea hoy en Espa\u00f1a y Portugal. Tenemos el mejor servicio al cliente en la industria y los productos de la m\u00e1s alta calidad\",\"potentialAction\":[{\"@type\":\"SearchAction\",\"target\":{\"@type\":\"EntryPoint\",\"urlTemplate\":\"https:\\\/\\\/iberoid.com\\\/fr\\\/?s={search_term_string}\"},\"query-input\":{\"@type\":\"PropertyValueSpecification\",\"valueRequired\":true,\"valueName\":\"search_term_string\"}}],\"inLanguage\":\"fr-FR\"}]}<\/script>\n<meta property=\"product:brand\" content=\"Pb Laboratories\" \/>\n<meta property=\"product:price:amount\" content=\"55.00\" \/>\n<meta property=\"product:price:currency\" content=\"EUR\" \/>\n<meta property=\"og:availability\" content=\"instock\" \/>\n<meta property=\"product:availability\" content=\"instock\" \/>\n<meta property=\"product:condition\" content=\"new\" \/>\n<!-- \/ Yoast SEO Premium plugin. -->","yoast_head_json":{"title":"PACK3 AROMASIN - exemestane 25mg - (Espa\u00f1ol) Esteroides en l\u00ednea","description":"Aromasin (Ex\u00e9mestane) est un inhibiteur de l'aromatase qui r\u00e9duit les \u0153strog\u00e8nes pour traiter le cancer du sein post-m\u00e9nopausique.","robots":{"index":"index","follow":"follow","max-snippet":"max-snippet:-1","max-image-preview":"max-image-preview:large","max-video-preview":"max-video-preview:-1"},"canonical":"https:\/\/iberoid.com\/fr\/product\/pack3-aromasin-exemestane-25mg\/","og_locale":"fr_FR","og_type":"article","og_title":"PACK3 AROMASIN - exemestane 25mg","og_description":"Aromasin (Ex\u00e9mestane) est un inhibiteur de l'aromatase qui r\u00e9duit les \u0153strog\u00e8nes pour traiter le cancer du sein post-m\u00e9nopausique.","og_url":"https:\/\/iberoid.com\/fr\/product\/pack3-aromasin-exemestane-25mg\/","og_site_name":"(Espa\u00f1ol) Esteroides en l\u00ednea","article_modified_time":"2026-03-29T15:44:38+00:00","og_image":[{"width":1800,"height":2400,"url":"https:\/\/iberoid.com\/wp-content\/uploads\/2025\/10\/3ARO.jpeg?v=1760273653","type":"image\/jpeg"}],"twitter_card":"summary_large_image","twitter_misc":{"Prix":"&euro;55.00","Disponibilit\u00e9":"En stock"},"schema":{"@context":"https:\/\/schema.org","@graph":[{"@type":"WebPage","@id":"https:\/\/iberoid.com\/fr\/product\/pack3-aromasin-exemestane-25mg\/","url":"https:\/\/iberoid.com\/fr\/product\/pack3-aromasin-exemestane-25mg\/","name":"PACK3 AROMASIN - exemestane 25mg - (Espa\u00f1ol) Esteroides en l\u00ednea","isPartOf":{"@id":"https:\/\/iberoid.com\/fr\/#website"},"primaryImageOfPage":{"@id":"https:\/\/iberoid.com\/fr\/product\/pack3-aromasin-exemestane-25mg\/#primaryimage"},"image":{"@id":"https:\/\/iberoid.com\/fr\/product\/pack3-aromasin-exemestane-25mg\/#primaryimage"},"thumbnailUrl":"https:\/\/iberoid.com\/wp-content\/uploads\/2025\/10\/3ARO.jpeg?v=1760273653","datePublished":"2025-10-12T12:55:35+00:00","dateModified":"2026-03-29T15:44:38+00:00","description":"Aromasin (Ex\u00e9mestane) est un inhibiteur de l'aromatase qui r\u00e9duit les \u0153strog\u00e8nes pour traiter le cancer du sein post-m\u00e9nopausique.","breadcrumb":{"@id":"https:\/\/iberoid.com\/fr\/product\/pack3-aromasin-exemestane-25mg\/#breadcrumb"},"inLanguage":"fr-FR","potentialAction":[{"@type":"ReadAction","target":[["https:\/\/iberoid.com\/fr\/product\/pack3-aromasin-exemestane-25mg\/"]]}]},{"@type":"ImageObject","inLanguage":"fr-FR","@id":"https:\/\/iberoid.com\/fr\/product\/pack3-aromasin-exemestane-25mg\/#primaryimage","url":"https:\/\/iberoid.com\/wp-content\/uploads\/2025\/10\/3ARO.jpeg?v=1760273653","contentUrl":"https:\/\/iberoid.com\/wp-content\/uploads\/2025\/10\/3ARO.jpeg?v=1760273653","width":1800,"height":2400},{"@type":"BreadcrumbList","@id":"https:\/\/iberoid.com\/fr\/product\/pack3-aromasin-exemestane-25mg\/#breadcrumb","itemListElement":[{"@type":"ListItem","position":1,"name":"Portada","item":"https:\/\/iberoid.com\/fr\/"},{"@type":"ListItem","position":2,"name":"Magasin","item":"https:\/\/iberoid.com\/fr\/shop\/"},{"@type":"ListItem","position":3,"name":"PACK3 AROMASIN &#8211; exemestane 25mg"}]},{"@type":"WebSite","@id":"https:\/\/iberoid.com\/fr\/#website","url":"https:\/\/iberoid.com\/fr\/","name":"(Espa\u00f1ol) Esteroides en l\u00ednea","description":"(Espa\u00f1ol) Comprar esteroides en l\u00ednea hoy en Espa\u00f1a y Portugal. Tenemos el mejor servicio al cliente en la industria y los productos de la m\u00e1s alta calidad","potentialAction":[{"@type":"SearchAction","target":{"@type":"EntryPoint","urlTemplate":"https:\/\/iberoid.com\/fr\/?s={search_term_string}"},"query-input":{"@type":"PropertyValueSpecification","valueRequired":true,"valueName":"search_term_string"}}],"inLanguage":"fr-FR"}]},"product_brand":"Pb Laboratories","product_price_amount":"55.00","product_price_currency":"EUR","og_availability":"instock","product_availability":"instock","product_condition":"new"},"_links":{"self":[{"href":"https:\/\/iberoid.com\/fr\/wp-json\/wp\/v2\/product\/10384","targetHints":{"allow":["GET"]}}],"collection":[{"href":"https:\/\/iberoid.com\/fr\/wp-json\/wp\/v2\/product"}],"about":[{"href":"https:\/\/iberoid.com\/fr\/wp-json\/wp\/v2\/types\/product"}],"replies":[{"embeddable":true,"href":"https:\/\/iberoid.com\/fr\/wp-json\/wp\/v2\/comments?post=10384"}],"wp:featuredmedia":[{"embeddable":true,"href":"https:\/\/iberoid.com\/fr\/wp-json\/wp\/v2\/media\/10385"}],"wp:attachment":[{"href":"https:\/\/iberoid.com\/fr\/wp-json\/wp\/v2\/media?parent=10384"}],"wp:term":[{"taxonomy":"product_brand","embeddable":true,"href":"https:\/\/iberoid.com\/fr\/wp-json\/wp\/v2\/product_brand?post=10384"},{"taxonomy":"product_cat","embeddable":true,"href":"https:\/\/iberoid.com\/fr\/wp-json\/wp\/v2\/product_cat?post=10384"},{"taxonomy":"product_tag","embeddable":true,"href":"https:\/\/iberoid.com\/fr\/wp-json\/wp\/v2\/product_tag?post=10384"}],"curies":[{"name":"wp","href":"https:\/\/api.w.org\/{rel}","templated":true}]}}