{"id":10448,"date":"2025-12-05T15:22:13","date_gmt":"2025-12-05T15:22:13","guid":{"rendered":"https:\/\/iberoid.com\/?post_type=product&#038;p=10448"},"modified":"2026-04-01T06:21:10","modified_gmt":"2026-04-01T06:21:10","slug":"vardenafil40mg-carevitra40mg-100tabs","status":"publish","type":"product","link":"https:\/\/iberoid.com\/fr\/product\/vardenafil40mg-carevitra40mg-100tabs\/","title":{"rendered":"CAREVITRA 40 &#8211; VARDENAFIL 40mg\/100tabs"},"content":{"rendered":"<p><\/p>\n<h3 data-path-to-node=\"2\">Utilisation des comprim\u00e9s Carevitra 40 mg<\/h3>\n<p data-path-to-node=\"3\">Les comprim\u00e9s Carevitra 40 mg sont utilis\u00e9s pour <b>traiter la dysfonction \u00e9rectile<\/b>. Ces comprim\u00e9s contiennent une substance appel\u00e9e <b>vard\u00e9nafil<\/b> qui facilite la circulation sanguine vers le p\u00e9nis, ce qui permet d&rsquo;obtenir et de maintenir plus facilement une \u00e9rection pendant l&rsquo;excitation sexuelle.<\/p>\n<hr data-path-to-node=\"4\" \/>\n<h3 data-path-to-node=\"5\">Principaux ingr\u00e9dients disponibles dans les comprim\u00e9s Carevitra 40 mg<\/h3>\n<p data-path-to-node=\"6\">Ce comprim\u00e9 contient du vard\u00e9nafil comme ingr\u00e9dient principal. C&rsquo;est un m\u00e9dicament puissant qui bloque une enzyme appel\u00e9e <b>phosphodiest\u00e9rase de type 5 (PDE5)<\/b>. Son mode d&rsquo;action consiste \u00e0 arr\u00eater les enzymes PDE5, ce qui provoque le rel\u00e2chement des muscles des vaisseaux sanguins du p\u00e9nis. Cela facilite l&rsquo;afflux de sang dans les parties qui rendent l&rsquo;\u00e9rection possible.<\/p>\n<h3 data-path-to-node=\"7\">Fonctions de Carevitra 40 mg dans l&rsquo;organisme<\/h3>\n<ul data-path-to-node=\"8\">\n<li>\n<p data-path-to-node=\"8,0,0\">Les inhibiteurs de la PDE5 emp\u00eachent l&rsquo;enzyme PDE5 de fonctionner.<\/p>\n<\/li>\n<li>\n<p data-path-to-node=\"8,1,0\">Il r\u00e9duit la d\u00e9gradation du cGMP par la PDE5.<\/p>\n<\/li>\n<li>\n<p data-path-to-node=\"8,2,0\">Il augmente le niveau de cGMP dans la circulation sanguine.<\/p>\n<\/li>\n<li>\n<p data-path-to-node=\"8,3,0\">Le cGMP augmente les fonctions de la <b>prot\u00e9ine kinase G<\/b>.<\/p>\n<\/li>\n<\/ul>\n<h3 data-path-to-node=\"9\">Avantages de Carevitra 40 mg<\/h3>\n<p data-path-to-node=\"10\">Carevitra 40 mg aide les personnes ayant des probl\u00e8mes de dysfonction \u00e9rectile. Le principal avantage est qu&rsquo;il est efficace pour traiter ce probl\u00e8me courant. Il aide les hommes \u00e0 obtenir et \u00e0 maintenir des \u00e9rections lorsqu&rsquo;ils sont sexuellement excit\u00e9s. Il augmente le flux sanguin vers le p\u00e9nis, ce qui conduit \u00e0 de meilleures relations sexuelles et performances.<\/p>\n<p data-path-to-node=\"11\">De plus, il y a des avantages qui vont au-del\u00e0 du corps. L&rsquo;utilisation de Carevitra peut am\u00e9liorer l&rsquo;estime de soi et la confiance, car elle contribue \u00e0 une exp\u00e9rience satisfaisante.<\/p>\n<hr data-path-to-node=\"12\" \/>\n<h3 data-path-to-node=\"13\">Interactions du Carevitra 40 mg<\/h3>\n<p data-path-to-node=\"14\">Le vard\u00e9nafil est son ingr\u00e9dient actif. Certaines interactions notables comprennent :<\/p>\n<p data-path-to-node=\"15\"><b>Nitrates<\/b> L&rsquo;utilisation de Carevitra avec des m\u00e9dicaments \u00e0 base de nitrates, couramment prescrits pour des probl\u00e8mes cardiaques comme l&rsquo;angine de poitrine, peut provoquer une baisse significative de la tension art\u00e9rielle. Cela peut entra\u00eener de graves dangers pour la sant\u00e9.<\/p>\n<p data-path-to-node=\"16\"><b>Alpha-bloquants<\/b> L&rsquo;utilisation de Carevitra avec des alpha-bloquants, qui sont prescrits pour des probl\u00e8mes de prostate et l&rsquo;hypertension art\u00e9rielle, peut provoquer une forte diminution de la tension art\u00e9rielle.<\/p>\n<p data-path-to-node=\"17\"><b>Inhibiteurs du CYP3A4<\/b> Certains m\u00e9dicaments peuvent augmenter le niveau de vard\u00e9nafil dans votre corps, ce qui pourrait provoquer des effets ind\u00e9sirables. Discutez donc de votre \u00e9tat avec votre m\u00e9decin g\u00e9n\u00e9raliste.<\/p>\n<p data-path-to-node=\"18\"><b>Jus de pamplemousse<\/b> Boire du jus de pamplemousse peut entra\u00eener une accumulation de vard\u00e9nafil dans le corps, ce qui peut affecter la fa\u00e7on dont le corps m\u00e9tabolise le m\u00e9dicament. Il est pr\u00e9f\u00e9rable de ne pas manger de pamplemousse ni de boire son jus pendant que vous prenez Carevitra.<\/p>\n<p data-path-to-node=\"19\"><b>Alcool<\/b> Boire trop d&rsquo;alcool peut provoquer des \u00e9tourdissements ou une chute de la tension art\u00e9rielle.<\/p>\n<hr data-path-to-node=\"20\" \/>\n<h3 data-path-to-node=\"21\">Efficacit\u00e9 entre le Viagra et le Carevitra 40 mg<\/h3>\n<p data-path-to-node=\"22\">Le Viagra et le Carevitra 40 mg (qui contient du vard\u00e9nafil) sont tous deux de bons m\u00e9dicaments pour traiter les probl\u00e8mes d&rsquo;\u00e9rection. Ils appartiennent au m\u00eame groupe de m\u00e9dicaments, appel\u00e9s <b>inhibiteurs de la PDE5<\/b>. Ils aident \u00e0 am\u00e9liorer le flux sanguin vers le p\u00e9nis, facilitant ainsi l&rsquo;obtention et le maintien d&rsquo;une \u00e9rection lors d&rsquo;une stimulation sexuelle.<\/p>\n<p data-path-to-node=\"23\">Certaines personnes pourraient penser qu&rsquo;un m\u00e9dicament est plus efficace ou pr\u00e9sente moins de probl\u00e8mes que l&rsquo;autre. La d\u00e9cision entre le Viagra et le Carevitra d\u00e9pend donc de la r\u00e9action de chaque personne et d&rsquo;une discussion avec un m\u00e9decin afin de trouver le meilleur choix en fonction de leurs besoins sp\u00e9cifiques et de leurs probl\u00e8mes de sant\u00e9.<\/p>\n<p><\/p>","protected":false},"excerpt":{"rendered":"<p>Utilisation des comprim\u00e9s Carevitra 40 mg Les comprim\u00e9s Carevitra 40 mg sont utilis\u00e9s pour traiter la dysfonction \u00e9rectile. Ces comprim\u00e9s<\/p>\n","protected":false},"featured_media":10449,"comment_status":"open","ping_status":"closed","template":"","meta":[],"product_brand":[],"product_cat":[3533,3412],"product_tag":[],"class_list":{"0":"post-10448","1":"product","2":"type-product","3":"status-publish","4":"has-post-thumbnail","6":"product_cat-sales-rebajas","7":"product_cat-varios","9":"first","10":"instock","11":"sale","12":"shipping-taxable","13":"purchasable","14":"product-type-simple"},"yoast_head":"<!-- This site is optimized with the Yoast SEO Premium plugin v24.4 (Yoast SEO v27.0) - https:\/\/yoast.com\/product\/yoast-seo-premium-wordpress\/ -->\n<title>CAREVITRA 40 - VARDENAFIL 40mg\/100tabs - (Espa\u00f1ol) Esteroides en l\u00ednea<\/title>\n<meta name=\"description\" content=\"Carevitra 40mg (Vard\u00e9nafil) traite la dysfonction \u00e9rectile en bloquant la PDE5, am\u00e9liorant le flux sanguin vers le p\u00e9nis pour des \u00e9rections plus faciles et maintenues.\" \/>\n<meta name=\"robots\" content=\"index, follow, max-snippet:-1, max-image-preview:large, max-video-preview:-1\" \/>\n<link rel=\"canonical\" href=\"https:\/\/iberoid.com\/fr\/product\/vardenafil40mg-carevitra40mg-100tabs\/\" \/>\n<meta property=\"og:locale\" content=\"fr_FR\" \/>\n<meta property=\"og:type\" content=\"article\" \/>\n<meta property=\"og:title\" content=\"CAREVITRA 40 - VARDENAFIL 40mg\/100tabs\" \/>\n<meta property=\"og:description\" content=\"Carevitra 40mg (Vard\u00e9nafil) traite la dysfonction \u00e9rectile en bloquant la PDE5, am\u00e9liorant le flux sanguin vers le p\u00e9nis pour des \u00e9rections plus faciles et maintenues.\" \/>\n<meta property=\"og:url\" content=\"https:\/\/iberoid.com\/fr\/product\/vardenafil40mg-carevitra40mg-100tabs\/\" \/>\n<meta property=\"og:site_name\" content=\"(Espa\u00f1ol) Esteroides en l\u00ednea\" \/>\n<meta property=\"article:modified_time\" content=\"2026-04-01T06:21:10+00:00\" \/>\n<meta property=\"og:image\" content=\"https:\/\/iberoid.com\/wp-content\/uploads\/2025\/12\/carevitra-vardenafil-40-mg-1000x1000-1.webp\" \/>\n\t<meta property=\"og:image:width\" content=\"1000\" \/>\n\t<meta property=\"og:image:height\" content=\"666\" \/>\n\t<meta property=\"og:image:type\" content=\"image\/webp\" \/>\n<meta name=\"twitter:card\" content=\"summary_large_image\" \/>\n<meta name=\"twitter:label1\" content=\"Prix\" \/>\n\t<meta name=\"twitter:data1\" content=\"&euro;55.00\" \/>\n\t<meta name=\"twitter:label2\" content=\"Disponibilit\u00e9\" \/>\n\t<meta name=\"twitter:data2\" content=\"En stock\" \/>\n<script type=\"application\/ld+json\" class=\"yoast-schema-graph\">{\"@context\":\"https:\/\/schema.org\",\"@graph\":[{\"@type\":\"WebPage\",\"@id\":\"https:\/\/iberoid.com\/fr\/product\/vardenafil40mg-carevitra40mg-100tabs\/\",\"url\":\"https:\/\/iberoid.com\/fr\/product\/vardenafil40mg-carevitra40mg-100tabs\/\",\"name\":\"CAREVITRA 40 - VARDENAFIL 40mg\/100tabs - (Espa\u00f1ol) Esteroides en l\u00ednea\",\"isPartOf\":{\"@id\":\"https:\/\/iberoid-shop.com\/#website\"},\"primaryImageOfPage\":{\"@id\":\"https:\/\/iberoid.com\/fr\/product\/vardenafil40mg-carevitra40mg-100tabs\/#primaryimage\"},\"image\":{\"@id\":\"https:\/\/iberoid.com\/fr\/product\/vardenafil40mg-carevitra40mg-100tabs\/#primaryimage\"},\"thumbnailUrl\":\"https:\/\/iberoid.com\/wp-content\/uploads\/2025\/12\/carevitra-vardenafil-40-mg-1000x1000-1.webp\",\"datePublished\":\"2025-12-05T15:22:13+00:00\",\"dateModified\":\"2026-04-01T06:21:10+00:00\",\"description\":\"Carevitra 40mg (Vard\u00e9nafil) traite la dysfonction \u00e9rectile en bloquant la PDE5, am\u00e9liorant le flux sanguin vers le p\u00e9nis pour des \u00e9rections plus faciles et maintenues.\",\"breadcrumb\":{\"@id\":\"https:\/\/iberoid.com\/fr\/product\/vardenafil40mg-carevitra40mg-100tabs\/#breadcrumb\"},\"inLanguage\":\"fr-FR\",\"potentialAction\":[{\"@type\":\"ReadAction\",\"target\":[[\"https:\/\/iberoid.com\/fr\/product\/vardenafil40mg-carevitra40mg-100tabs\/\"]]}]},{\"@type\":\"ImageObject\",\"inLanguage\":\"fr-FR\",\"@id\":\"https:\/\/iberoid.com\/fr\/product\/vardenafil40mg-carevitra40mg-100tabs\/#primaryimage\",\"url\":\"https:\/\/iberoid.com\/wp-content\/uploads\/2025\/12\/carevitra-vardenafil-40-mg-1000x1000-1.webp\",\"contentUrl\":\"https:\/\/iberoid.com\/wp-content\/uploads\/2025\/12\/carevitra-vardenafil-40-mg-1000x1000-1.webp\",\"width\":1000,\"height\":666},{\"@type\":\"BreadcrumbList\",\"@id\":\"https:\/\/iberoid.com\/fr\/product\/vardenafil40mg-carevitra40mg-100tabs\/#breadcrumb\",\"itemListElement\":[{\"@type\":\"ListItem\",\"position\":1,\"name\":\"Portada\",\"item\":\"https:\/\/iberoid.com\/fr\/\"},{\"@type\":\"ListItem\",\"position\":2,\"name\":\"Magasin\",\"item\":\"https:\/\/iberoid.com\/fr\/shop\/\"},{\"@type\":\"ListItem\",\"position\":3,\"name\":\"CAREVITRA 40 &#8211; VARDENAFIL 40mg\/100tabs\"}]},{\"@type\":\"WebSite\",\"@id\":\"https:\/\/iberoid-shop.com\/#website\",\"url\":\"https:\/\/iberoid-shop.com\/\",\"name\":\"(Espa\u00f1ol) Esteroides en l\u00ednea\",\"description\":\"(Espa\u00f1ol) Comprar esteroides en l\u00ednea hoy en Espa\u00f1a y Portugal. Tenemos el mejor servicio al cliente en la industria y los productos de la m\u00e1s alta calidad\",\"potentialAction\":[{\"@type\":\"SearchAction\",\"target\":{\"@type\":\"EntryPoint\",\"urlTemplate\":\"https:\/\/iberoid-shop.com\/?s={search_term_string}\"},\"query-input\":{\"@type\":\"PropertyValueSpecification\",\"valueRequired\":true,\"valueName\":\"search_term_string\"}}],\"inLanguage\":\"fr-FR\"}]}<\/script>\n<meta property=\"product:brand\" content=\"CARECLUB Pharmacy\" \/>\n<meta property=\"product:price:amount\" content=\"55.00\" \/>\n<meta property=\"product:price:currency\" content=\"EUR\" \/>\n<meta property=\"og:availability\" content=\"instock\" \/>\n<meta property=\"product:availability\" content=\"instock\" \/>\n<meta property=\"product:condition\" content=\"new\" \/>\n<!-- \/ Yoast SEO Premium plugin. -->","yoast_head_json":{"title":"CAREVITRA 40 - VARDENAFIL 40mg\/100tabs - (Espa\u00f1ol) Esteroides en l\u00ednea","description":"Carevitra 40mg (Vard\u00e9nafil) traite la dysfonction \u00e9rectile en bloquant la PDE5, am\u00e9liorant le flux sanguin vers le p\u00e9nis pour des \u00e9rections plus faciles et maintenues.","robots":{"index":"index","follow":"follow","max-snippet":"max-snippet:-1","max-image-preview":"max-image-preview:large","max-video-preview":"max-video-preview:-1"},"canonical":"https:\/\/iberoid.com\/fr\/product\/vardenafil40mg-carevitra40mg-100tabs\/","og_locale":"fr_FR","og_type":"article","og_title":"CAREVITRA 40 - VARDENAFIL 40mg\/100tabs","og_description":"Carevitra 40mg (Vard\u00e9nafil) traite la dysfonction \u00e9rectile en bloquant la PDE5, am\u00e9liorant le flux sanguin vers le p\u00e9nis pour des \u00e9rections plus faciles et maintenues.","og_url":"https:\/\/iberoid.com\/fr\/product\/vardenafil40mg-carevitra40mg-100tabs\/","og_site_name":"(Espa\u00f1ol) Esteroides en l\u00ednea","article_modified_time":"2026-04-01T06:21:10+00:00","og_image":[{"width":1000,"height":666,"url":"https:\/\/iberoid.com\/wp-content\/uploads\/2025\/12\/carevitra-vardenafil-40-mg-1000x1000-1.webp","type":"image\/webp"}],"twitter_card":"summary_large_image","twitter_misc":{"Prix":"&euro;55.00","Disponibilit\u00e9":"En stock"},"schema":{"@context":"https:\/\/schema.org","@graph":[{"@type":"WebPage","@id":"https:\/\/iberoid.com\/fr\/product\/vardenafil40mg-carevitra40mg-100tabs\/","url":"https:\/\/iberoid.com\/fr\/product\/vardenafil40mg-carevitra40mg-100tabs\/","name":"CAREVITRA 40 - VARDENAFIL 40mg\/100tabs - (Espa\u00f1ol) Esteroides en l\u00ednea","isPartOf":{"@id":"https:\/\/iberoid-shop.com\/#website"},"primaryImageOfPage":{"@id":"https:\/\/iberoid.com\/fr\/product\/vardenafil40mg-carevitra40mg-100tabs\/#primaryimage"},"image":{"@id":"https:\/\/iberoid.com\/fr\/product\/vardenafil40mg-carevitra40mg-100tabs\/#primaryimage"},"thumbnailUrl":"https:\/\/iberoid.com\/wp-content\/uploads\/2025\/12\/carevitra-vardenafil-40-mg-1000x1000-1.webp","datePublished":"2025-12-05T15:22:13+00:00","dateModified":"2026-04-01T06:21:10+00:00","description":"Carevitra 40mg (Vard\u00e9nafil) traite la dysfonction \u00e9rectile en bloquant la PDE5, am\u00e9liorant le flux sanguin vers le p\u00e9nis pour des \u00e9rections plus faciles et maintenues.","breadcrumb":{"@id":"https:\/\/iberoid.com\/fr\/product\/vardenafil40mg-carevitra40mg-100tabs\/#breadcrumb"},"inLanguage":"fr-FR","potentialAction":[{"@type":"ReadAction","target":[["https:\/\/iberoid.com\/fr\/product\/vardenafil40mg-carevitra40mg-100tabs\/"]]}]},{"@type":"ImageObject","inLanguage":"fr-FR","@id":"https:\/\/iberoid.com\/fr\/product\/vardenafil40mg-carevitra40mg-100tabs\/#primaryimage","url":"https:\/\/iberoid.com\/wp-content\/uploads\/2025\/12\/carevitra-vardenafil-40-mg-1000x1000-1.webp","contentUrl":"https:\/\/iberoid.com\/wp-content\/uploads\/2025\/12\/carevitra-vardenafil-40-mg-1000x1000-1.webp","width":1000,"height":666},{"@type":"BreadcrumbList","@id":"https:\/\/iberoid.com\/fr\/product\/vardenafil40mg-carevitra40mg-100tabs\/#breadcrumb","itemListElement":[{"@type":"ListItem","position":1,"name":"Portada","item":"https:\/\/iberoid.com\/fr\/"},{"@type":"ListItem","position":2,"name":"Magasin","item":"https:\/\/iberoid.com\/fr\/shop\/"},{"@type":"ListItem","position":3,"name":"CAREVITRA 40 &#8211; VARDENAFIL 40mg\/100tabs"}]},{"@type":"WebSite","@id":"https:\/\/iberoid-shop.com\/#website","url":"https:\/\/iberoid-shop.com\/","name":"(Espa\u00f1ol) Esteroides en l\u00ednea","description":"(Espa\u00f1ol) Comprar esteroides en l\u00ednea hoy en Espa\u00f1a y Portugal. Tenemos el mejor servicio al cliente en la industria y los productos de la m\u00e1s alta calidad","potentialAction":[{"@type":"SearchAction","target":{"@type":"EntryPoint","urlTemplate":"https:\/\/iberoid-shop.com\/?s={search_term_string}"},"query-input":{"@type":"PropertyValueSpecification","valueRequired":true,"valueName":"search_term_string"}}],"inLanguage":"fr-FR"}]},"product_brand":"CARECLUB Pharmacy","product_price_amount":"55.00","product_price_currency":"EUR","og_availability":"instock","product_availability":"instock","product_condition":"new"},"_links":{"self":[{"href":"https:\/\/iberoid.com\/fr\/wp-json\/wp\/v2\/product\/10448","targetHints":{"allow":["GET"]}}],"collection":[{"href":"https:\/\/iberoid.com\/fr\/wp-json\/wp\/v2\/product"}],"about":[{"href":"https:\/\/iberoid.com\/fr\/wp-json\/wp\/v2\/types\/product"}],"replies":[{"embeddable":true,"href":"https:\/\/iberoid.com\/fr\/wp-json\/wp\/v2\/comments?post=10448"}],"wp:featuredmedia":[{"embeddable":true,"href":"https:\/\/iberoid.com\/fr\/wp-json\/wp\/v2\/media\/10449"}],"wp:attachment":[{"href":"https:\/\/iberoid.com\/fr\/wp-json\/wp\/v2\/media?parent=10448"}],"wp:term":[{"taxonomy":"product_brand","embeddable":true,"href":"https:\/\/iberoid.com\/fr\/wp-json\/wp\/v2\/product_brand?post=10448"},{"taxonomy":"product_cat","embeddable":true,"href":"https:\/\/iberoid.com\/fr\/wp-json\/wp\/v2\/product_cat?post=10448"},{"taxonomy":"product_tag","embeddable":true,"href":"https:\/\/iberoid.com\/fr\/wp-json\/wp\/v2\/product_tag?post=10448"}],"curies":[{"name":"wp","href":"https:\/\/api.w.org\/{rel}","templated":true}]}}