{"id":10454,"date":"2025-12-05T15:54:34","date_gmt":"2025-12-05T15:54:34","guid":{"rendered":"https:\/\/iberoid.com\/?post_type=product&#038;p=10454"},"modified":"2026-03-30T00:29:23","modified_gmt":"2026-03-30T00:29:23","slug":"clomid25mg-clomifene25mg-50-tabs","status":"publish","type":"product","link":"https:\/\/iberoid.com\/fr\/product\/clomid25mg-clomifene25mg-50-tabs\/","title":{"rendered":"CLOMID 25 &#8211; clomifene 25mg\/50 tabs"},"content":{"rendered":"<p><\/p>\n<p data-path-to-node=\"2\">Clomid 25 Comprim\u00e9 est un m\u00e9dicament d\u00e9livr\u00e9 sur ordonnance, utilis\u00e9 pour traiter l&rsquo;<b>\u00e9pilepsie (crises)<\/b> et les <b>troubles anxieux<\/b>. Il aide \u00e0 diminuer l&rsquo;activit\u00e9 anormale et excessive des cellules nerveuses et \u00e0 calmer le cerveau.<\/p>\n<p data-path-to-node=\"3\">Clomid 25 Comprim\u00e9 peut \u00eatre pris avec ou sans nourriture. Cependant, prenez-le \u00e0 la m\u00eame heure chaque jour, car cela aide \u00e0 maintenir un niveau constant de m\u00e9dicament dans l&rsquo;organisme. Prenez ce m\u00e9dicament selon la dose et la dur\u00e9e conseill\u00e9es par votre m\u00e9decin, car il pr\u00e9sente un potentiel \u00e9lev\u00e9 de d\u00e9pendance. Si vous avez manqu\u00e9 une dose, prenez-la d\u00e8s que vous vous en souvenez et terminez le traitement complet m\u00eame si vous vous sentez mieux. Vous ne devez pas arr\u00eater ce m\u00e9dicament soudainement sans en parler \u00e0 votre m\u00e9decin, car cela pourrait augmenter la fr\u00e9quence des crises et provoquer des naus\u00e9es, de l&rsquo;anxi\u00e9t\u00e9, des sympt\u00f4mes pseudo-grippaux et des douleurs musculaires.<\/p>\n<p data-path-to-node=\"4\">Certains effets secondaires courants de ce m\u00e9dicament comprennent la fatigue, la d\u00e9pression et une coordination alt\u00e9r\u00e9e. Il peut \u00e9galement provoquer des \u00e9tourdissements et de la somnolence; ne conduisez donc pas et n&rsquo;effectuez aucune activit\u00e9 n\u00e9cessitant une concentration mentale tant que vous ne savez pas comment ce m\u00e9dicament vous affecte. Il est important d&rsquo;informer votre m\u00e9decin si vous d\u00e9veloppez des changements inhabituels d&rsquo;humeur ou une d\u00e9pression, car ce m\u00e9dicament peut provoquer des pens\u00e9es suicidaires.<\/p>\n<h3 data-path-to-node=\"5\">B\u00e9n\u00e9fices de Clomid Comprim\u00e9<\/h3>\n<p data-path-to-node=\"6\"><b>Dans le traitement des troubles anxieux<\/b> Clomid 25 Comprim\u00e9 emp\u00eache votre cerveau de lib\u00e9rer les substances chimiques qui vous rendent anxieux, ce qui peut r\u00e9duire les sympt\u00f4mes d&rsquo;anxi\u00e9t\u00e9 et d&rsquo;inqui\u00e9tude excessives. Il peut \u00e9galement r\u00e9duire les sensations d&rsquo;agitation, de fatigue, la difficult\u00e9 \u00e0 se concentrer, l&rsquo;irritabilit\u00e9 et les probl\u00e8mes de sommeil qui accompagnent souvent les troubles anxieux. Il vous aidera ainsi \u00e0 mener vos activit\u00e9s quotidiennes plus facilement et \u00e0 \u00eatre plus productif. Continuez \u00e0 prendre ce m\u00e9dicament m\u00eame si vous vous sentez bien. L&rsquo;arr\u00eater soudainement peut causer de graves probl\u00e8mes.<\/p>\n<h3 data-path-to-node=\"7\">Effets secondaires de Clomid Comprim\u00e9<\/h3>\n<p data-path-to-node=\"8\">La plupart des effets secondaires ne n\u00e9cessitent aucune attention m\u00e9dicale et disparaissent \u00e0 mesure que votre corps s&rsquo;adapte au m\u00e9dicament. Consultez votre m\u00e9decin s&rsquo;ils persistent ou si vous \u00eates inquiet.<\/p>\n<p data-path-to-node=\"9\"><b>Effets secondaires courants de Clomid<\/b><\/p>\n<ul data-path-to-node=\"10\">\n<li>\n<p data-path-to-node=\"10,0,0\">Comportement anormal<\/p>\n<\/li>\n<li>\n<p data-path-to-node=\"10,1,0\">Constipation<\/p>\n<\/li>\n<li>\n<p data-path-to-node=\"10,2,0\">Vision floue<\/p>\n<\/li>\n<li>\n<p data-path-to-node=\"10,3,0\">Fatigue<\/p>\n<\/li>\n<li>\n<p data-path-to-node=\"10,4,0\">Somnolence<\/p>\n<\/li>\n<li>\n<p data-path-to-node=\"10,5,0\">Grippe<\/p>\n<\/li>\n<li>\n<p data-path-to-node=\"10,6,0\">Douleur pendant les r\u00e8gles<\/p>\n<\/li>\n<li>\n<p data-path-to-node=\"10,7,0\">Troubles de la m\u00e9moire<\/p>\n<\/li>\n<li>\n<p data-path-to-node=\"10,8,0\">\u00c9tourdissements<\/p>\n<\/li>\n<li>\n<p data-path-to-node=\"10,9,0\">Troubles cognitifs<\/p>\n<\/li>\n<li>\n<p data-path-to-node=\"10,10,0\">Anomalie des mouvements volontaires<\/p>\n<\/li>\n<li>\n<p data-path-to-node=\"10,11,0\">D\u00e9pression<\/p>\n<\/li>\n<li>\n<p data-path-to-node=\"10,12,0\">Nervosit\u00e9<\/p>\n<\/li>\n<li>\n<p data-path-to-node=\"10,13,0\">Infection des voies respiratoires sup\u00e9rieures<\/p>\n<\/li>\n<li>\n<p data-path-to-node=\"10,14,0\">R\u00e9action allergique<\/p>\n<\/li>\n<li>\n<p data-path-to-node=\"10,15,0\">Difficult\u00e9 \u00e0 parler<\/p>\n<\/li>\n<li>\n<p data-path-to-node=\"10,16,0\">Labilit\u00e9 \u00e9motionnelle<\/p>\n<\/li>\n<li>\n<p data-path-to-node=\"10,17,0\">Diminution de la libido<\/p>\n<\/li>\n<li>\n<p data-path-to-node=\"10,18,0\">Assoupissement<\/p>\n<\/li>\n<\/ul>\n<h3 data-path-to-node=\"11\">Comment utiliser Clomid Comprim\u00e9<\/h3>\n<p data-path-to-node=\"12\">Prenez ce m\u00e9dicament \u00e0 la dose et pendant la dur\u00e9e conseill\u00e9es par votre m\u00e9decin. Avalez-le entier. Ne le m\u00e2chez pas, ne l&rsquo;\u00e9crasez pas et ne le cassez pas. Clomid 25 Comprim\u00e9 peut \u00eatre pris avec ou sans nourriture.<\/p>\n<h3 data-path-to-node=\"13\">Comment fonctionne Clomid Comprim\u00e9<\/h3>\n<p data-path-to-node=\"14\">Clomid 25 Comprim\u00e9 est une <b>benzodiaz\u00e9pine<\/b>. Il agit en augmentant l&rsquo;action d&rsquo;un messager chimique (GABA) qui supprime l&rsquo;activit\u00e9 anormale et excessive des cellules nerveuses dans le cerveau.<\/p>\n<p><\/p>","protected":false},"excerpt":{"rendered":"<p>Clomid 25 Comprim\u00e9 est un m\u00e9dicament d\u00e9livr\u00e9 sur ordonnance, utilis\u00e9 pour traiter l&rsquo;\u00e9pilepsie (crises) et les troubles anxieux. Il aide<\/p>\n","protected":false},"featured_media":10455,"comment_status":"open","ping_status":"closed","template":"","meta":[],"product_brand":[],"product_cat":[73,3533],"product_tag":[],"class_list":{"0":"post-10454","1":"product","2":"type-product","3":"status-publish","4":"has-post-thumbnail","6":"product_cat-ssteroides_orales","7":"product_cat-sales-rebajas","9":"first","10":"instock","11":"shipping-taxable","12":"purchasable","13":"product-type-simple"},"yoast_head":"<!-- This site is optimized with the Yoast SEO Premium plugin v24.4 (Yoast SEO v27.0) - https:\/\/yoast.com\/product\/yoast-seo-premium-wordpress\/ -->\n<title>CLOMID 25 - clomifene 25mg\/50 tabs - (Espa\u00f1ol) Esteroides en l\u00ednea<\/title>\n<meta name=\"description\" content=\"Clomid 25 Tablet est une benzodiaz\u00e9pine sur ordonnance utilis\u00e9e pour traiter l&#039;\u00e9pilepsie (crises) et l&#039;anxi\u00e9t\u00e9 en calmant l&#039;activit\u00e9 nerveuse excessive du cerveau.\" \/>\n<meta name=\"robots\" content=\"index, follow, max-snippet:-1, max-image-preview:large, max-video-preview:-1\" \/>\n<link rel=\"canonical\" href=\"https:\/\/iberoid.com\/fr\/product\/clomid25mg-clomifene25mg-50-tabs\/\" \/>\n<meta property=\"og:locale\" content=\"fr_FR\" \/>\n<meta property=\"og:type\" content=\"article\" \/>\n<meta property=\"og:title\" content=\"CLOMID 25 - clomifene 25mg\/50 tabs\" \/>\n<meta property=\"og:description\" content=\"Clomid 25 Tablet est une benzodiaz\u00e9pine sur ordonnance utilis\u00e9e pour traiter l&#039;\u00e9pilepsie (crises) et l&#039;anxi\u00e9t\u00e9 en calmant l&#039;activit\u00e9 nerveuse excessive du cerveau.\" \/>\n<meta property=\"og:url\" content=\"https:\/\/iberoid.com\/fr\/product\/clomid25mg-clomifene25mg-50-tabs\/\" \/>\n<meta property=\"og:site_name\" content=\"(Espa\u00f1ol) Esteroides en l\u00ednea\" \/>\n<meta property=\"article:modified_time\" content=\"2026-03-30T00:29:23+00:00\" \/>\n<meta property=\"og:image\" content=\"https:\/\/iberoid.com\/wp-content\/uploads\/2025\/12\/CLOMID3.jpeg?v=1764950046\" \/>\n\t<meta property=\"og:image:width\" content=\"1512\" \/>\n\t<meta property=\"og:image:height\" content=\"2016\" \/>\n\t<meta property=\"og:image:type\" content=\"image\/jpeg\" \/>\n<meta name=\"twitter:card\" content=\"summary_large_image\" \/>\n<meta name=\"twitter:label1\" content=\"Prix\" \/>\n\t<meta name=\"twitter:data1\" content=\"&euro;25.00\" \/>\n\t<meta name=\"twitter:label2\" content=\"Disponibilit\u00e9\" \/>\n\t<meta name=\"twitter:data2\" content=\"En stock\" \/>\n<script type=\"application\/ld+json\" class=\"yoast-schema-graph\">{\"@context\":\"https:\/\/schema.org\",\"@graph\":[{\"@type\":\"WebPage\",\"@id\":\"https:\/\/iberoid.com\/fr\/product\/clomid25mg-clomifene25mg-50-tabs\/\",\"url\":\"https:\/\/iberoid.com\/fr\/product\/clomid25mg-clomifene25mg-50-tabs\/\",\"name\":\"CLOMID 25 - clomifene 25mg\/50 tabs - (Espa\u00f1ol) Esteroides en l\u00ednea\",\"isPartOf\":{\"@id\":\"https:\/\/iberoid-shop.com\/#website\"},\"primaryImageOfPage\":{\"@id\":\"https:\/\/iberoid.com\/fr\/product\/clomid25mg-clomifene25mg-50-tabs\/#primaryimage\"},\"image\":{\"@id\":\"https:\/\/iberoid.com\/fr\/product\/clomid25mg-clomifene25mg-50-tabs\/#primaryimage\"},\"thumbnailUrl\":\"https:\/\/iberoid.com\/wp-content\/uploads\/2025\/12\/CLOMID3.jpeg?v=1764950046\",\"datePublished\":\"2025-12-05T15:54:34+00:00\",\"dateModified\":\"2026-03-30T00:29:23+00:00\",\"description\":\"Clomid 25 Tablet est une benzodiaz\u00e9pine sur ordonnance utilis\u00e9e pour traiter l'\u00e9pilepsie (crises) et l'anxi\u00e9t\u00e9 en calmant l'activit\u00e9 nerveuse excessive du cerveau.\",\"breadcrumb\":{\"@id\":\"https:\/\/iberoid.com\/fr\/product\/clomid25mg-clomifene25mg-50-tabs\/#breadcrumb\"},\"inLanguage\":\"fr-FR\",\"potentialAction\":[{\"@type\":\"ReadAction\",\"target\":[[\"https:\/\/iberoid.com\/fr\/product\/clomid25mg-clomifene25mg-50-tabs\/\"]]}]},{\"@type\":\"ImageObject\",\"inLanguage\":\"fr-FR\",\"@id\":\"https:\/\/iberoid.com\/fr\/product\/clomid25mg-clomifene25mg-50-tabs\/#primaryimage\",\"url\":\"https:\/\/iberoid.com\/wp-content\/uploads\/2025\/12\/CLOMID3.jpeg?v=1764950046\",\"contentUrl\":\"https:\/\/iberoid.com\/wp-content\/uploads\/2025\/12\/CLOMID3.jpeg?v=1764950046\",\"width\":1512,\"height\":2016},{\"@type\":\"BreadcrumbList\",\"@id\":\"https:\/\/iberoid.com\/fr\/product\/clomid25mg-clomifene25mg-50-tabs\/#breadcrumb\",\"itemListElement\":[{\"@type\":\"ListItem\",\"position\":1,\"name\":\"Portada\",\"item\":\"https:\/\/iberoid.com\/fr\/\"},{\"@type\":\"ListItem\",\"position\":2,\"name\":\"Magasin\",\"item\":\"https:\/\/iberoid.com\/fr\/shop\/\"},{\"@type\":\"ListItem\",\"position\":3,\"name\":\"CLOMID 25 &#8211; clomifene 25mg\/50 tabs\"}]},{\"@type\":\"WebSite\",\"@id\":\"https:\/\/iberoid-shop.com\/#website\",\"url\":\"https:\/\/iberoid-shop.com\/\",\"name\":\"(Espa\u00f1ol) Esteroides en l\u00ednea\",\"description\":\"(Espa\u00f1ol) Comprar esteroides en l\u00ednea hoy en Espa\u00f1a y Portugal. Tenemos el mejor servicio al cliente en la industria y los productos de la m\u00e1s alta calidad\",\"potentialAction\":[{\"@type\":\"SearchAction\",\"target\":{\"@type\":\"EntryPoint\",\"urlTemplate\":\"https:\/\/iberoid-shop.com\/?s={search_term_string}\"},\"query-input\":{\"@type\":\"PropertyValueSpecification\",\"valueRequired\":true,\"valueName\":\"search_term_string\"}}],\"inLanguage\":\"fr-FR\"}]}<\/script>\n<meta property=\"product:brand\" content=\"AdamLabs\" \/>\n<meta property=\"product:price:amount\" content=\"25.00\" \/>\n<meta property=\"product:price:currency\" content=\"EUR\" \/>\n<meta property=\"og:availability\" content=\"instock\" \/>\n<meta property=\"product:availability\" content=\"instock\" \/>\n<meta property=\"product:condition\" content=\"new\" \/>\n<!-- \/ Yoast SEO Premium plugin. -->","yoast_head_json":{"title":"CLOMID 25 - clomifene 25mg\/50 tabs - (Espa\u00f1ol) Esteroides en l\u00ednea","description":"Clomid 25 Tablet est une benzodiaz\u00e9pine sur ordonnance utilis\u00e9e pour traiter l'\u00e9pilepsie (crises) et l'anxi\u00e9t\u00e9 en calmant l'activit\u00e9 nerveuse excessive du cerveau.","robots":{"index":"index","follow":"follow","max-snippet":"max-snippet:-1","max-image-preview":"max-image-preview:large","max-video-preview":"max-video-preview:-1"},"canonical":"https:\/\/iberoid.com\/fr\/product\/clomid25mg-clomifene25mg-50-tabs\/","og_locale":"fr_FR","og_type":"article","og_title":"CLOMID 25 - clomifene 25mg\/50 tabs","og_description":"Clomid 25 Tablet est une benzodiaz\u00e9pine sur ordonnance utilis\u00e9e pour traiter l'\u00e9pilepsie (crises) et l'anxi\u00e9t\u00e9 en calmant l'activit\u00e9 nerveuse excessive du cerveau.","og_url":"https:\/\/iberoid.com\/fr\/product\/clomid25mg-clomifene25mg-50-tabs\/","og_site_name":"(Espa\u00f1ol) Esteroides en l\u00ednea","article_modified_time":"2026-03-30T00:29:23+00:00","og_image":[{"width":1512,"height":2016,"url":"https:\/\/iberoid.com\/wp-content\/uploads\/2025\/12\/CLOMID3.jpeg?v=1764950046","type":"image\/jpeg"}],"twitter_card":"summary_large_image","twitter_misc":{"Prix":"&euro;25.00","Disponibilit\u00e9":"En stock"},"schema":{"@context":"https:\/\/schema.org","@graph":[{"@type":"WebPage","@id":"https:\/\/iberoid.com\/fr\/product\/clomid25mg-clomifene25mg-50-tabs\/","url":"https:\/\/iberoid.com\/fr\/product\/clomid25mg-clomifene25mg-50-tabs\/","name":"CLOMID 25 - clomifene 25mg\/50 tabs - (Espa\u00f1ol) Esteroides en l\u00ednea","isPartOf":{"@id":"https:\/\/iberoid-shop.com\/#website"},"primaryImageOfPage":{"@id":"https:\/\/iberoid.com\/fr\/product\/clomid25mg-clomifene25mg-50-tabs\/#primaryimage"},"image":{"@id":"https:\/\/iberoid.com\/fr\/product\/clomid25mg-clomifene25mg-50-tabs\/#primaryimage"},"thumbnailUrl":"https:\/\/iberoid.com\/wp-content\/uploads\/2025\/12\/CLOMID3.jpeg?v=1764950046","datePublished":"2025-12-05T15:54:34+00:00","dateModified":"2026-03-30T00:29:23+00:00","description":"Clomid 25 Tablet est une benzodiaz\u00e9pine sur ordonnance utilis\u00e9e pour traiter l'\u00e9pilepsie (crises) et l'anxi\u00e9t\u00e9 en calmant l'activit\u00e9 nerveuse excessive du cerveau.","breadcrumb":{"@id":"https:\/\/iberoid.com\/fr\/product\/clomid25mg-clomifene25mg-50-tabs\/#breadcrumb"},"inLanguage":"fr-FR","potentialAction":[{"@type":"ReadAction","target":[["https:\/\/iberoid.com\/fr\/product\/clomid25mg-clomifene25mg-50-tabs\/"]]}]},{"@type":"ImageObject","inLanguage":"fr-FR","@id":"https:\/\/iberoid.com\/fr\/product\/clomid25mg-clomifene25mg-50-tabs\/#primaryimage","url":"https:\/\/iberoid.com\/wp-content\/uploads\/2025\/12\/CLOMID3.jpeg?v=1764950046","contentUrl":"https:\/\/iberoid.com\/wp-content\/uploads\/2025\/12\/CLOMID3.jpeg?v=1764950046","width":1512,"height":2016},{"@type":"BreadcrumbList","@id":"https:\/\/iberoid.com\/fr\/product\/clomid25mg-clomifene25mg-50-tabs\/#breadcrumb","itemListElement":[{"@type":"ListItem","position":1,"name":"Portada","item":"https:\/\/iberoid.com\/fr\/"},{"@type":"ListItem","position":2,"name":"Magasin","item":"https:\/\/iberoid.com\/fr\/shop\/"},{"@type":"ListItem","position":3,"name":"CLOMID 25 &#8211; clomifene 25mg\/50 tabs"}]},{"@type":"WebSite","@id":"https:\/\/iberoid-shop.com\/#website","url":"https:\/\/iberoid-shop.com\/","name":"(Espa\u00f1ol) Esteroides en l\u00ednea","description":"(Espa\u00f1ol) Comprar esteroides en l\u00ednea hoy en Espa\u00f1a y Portugal. Tenemos el mejor servicio al cliente en la industria y los productos de la m\u00e1s alta calidad","potentialAction":[{"@type":"SearchAction","target":{"@type":"EntryPoint","urlTemplate":"https:\/\/iberoid-shop.com\/?s={search_term_string}"},"query-input":{"@type":"PropertyValueSpecification","valueRequired":true,"valueName":"search_term_string"}}],"inLanguage":"fr-FR"}]},"product_brand":"AdamLabs","product_price_amount":"25.00","product_price_currency":"EUR","og_availability":"instock","product_availability":"instock","product_condition":"new"},"_links":{"self":[{"href":"https:\/\/iberoid.com\/fr\/wp-json\/wp\/v2\/product\/10454","targetHints":{"allow":["GET"]}}],"collection":[{"href":"https:\/\/iberoid.com\/fr\/wp-json\/wp\/v2\/product"}],"about":[{"href":"https:\/\/iberoid.com\/fr\/wp-json\/wp\/v2\/types\/product"}],"replies":[{"embeddable":true,"href":"https:\/\/iberoid.com\/fr\/wp-json\/wp\/v2\/comments?post=10454"}],"wp:featuredmedia":[{"embeddable":true,"href":"https:\/\/iberoid.com\/fr\/wp-json\/wp\/v2\/media\/10455"}],"wp:attachment":[{"href":"https:\/\/iberoid.com\/fr\/wp-json\/wp\/v2\/media?parent=10454"}],"wp:term":[{"taxonomy":"product_brand","embeddable":true,"href":"https:\/\/iberoid.com\/fr\/wp-json\/wp\/v2\/product_brand?post=10454"},{"taxonomy":"product_cat","embeddable":true,"href":"https:\/\/iberoid.com\/fr\/wp-json\/wp\/v2\/product_cat?post=10454"},{"taxonomy":"product_tag","embeddable":true,"href":"https:\/\/iberoid.com\/fr\/wp-json\/wp\/v2\/product_tag?post=10454"}],"curies":[{"name":"wp","href":"https:\/\/api.w.org\/{rel}","templated":true}]}}