{"id":10513,"date":"2026-01-12T09:46:35","date_gmt":"2026-01-12T09:46:35","guid":{"rendered":"https:\/\/iberoid.com\/?post_type=product&#038;p=10513"},"modified":"2026-02-02T16:28:02","modified_gmt":"2026-02-02T16:28:02","slug":"sustaged-sustanon","status":"publish","type":"product","link":"https:\/\/iberoid.com\/fr\/product\/sustaged-sustanon\/","title":{"rendered":"SUSTAGED \/ SUSTANON"},"content":{"rendered":"<p><\/p>\n<h3 data-path-to-node=\"1\"><b data-path-to-node=\"1\" data-index-in-node=\"0\">Application de Sustoged 250 mg &#8211; Euro Prime Farmaceuticals<\/b><\/h3>\n<p data-path-to-node=\"2\">Le <b data-path-to-node=\"2\" data-index-in-node=\"3\">Sustoged<\/b> d&rsquo;EPF est un analogue du Sustanon, bien connu de tous les bodybuilders. Pour rappel, il s&rsquo;agit d&rsquo;un st\u00e9ro\u00efde complexe bas\u00e9 sur un m\u00e9lange de quatre esters de testost\u00e9rone ayant des demi-vies diff\u00e9rentes. Cela garantit un d\u00e9marrage rapide de l&rsquo;anabolisme tout en maintenant un effet positif sur l&rsquo;organisme pendant une longue p\u00e9riode (construction rapide de la masse musculaire).<\/p>\n<p data-path-to-node=\"3\"><b data-path-to-node=\"3\" data-index-in-node=\"0\">Le Sustanon est un complexe de quatre esters de testosterona :<\/b><\/p>\n<ul data-path-to-node=\"4\">\n<li>\n<p data-path-to-node=\"4,0,0\"><b data-path-to-node=\"4,0,0\" data-index-in-node=\"0\">30 mg<\/b> de propionate de testost\u00e9rone (demi-vie de un \u00e0 deux jours).<\/p>\n<\/li>\n<li>\n<p data-path-to-node=\"4,1,0\"><b data-path-to-node=\"4,1,0\" data-index-in-node=\"0\">60 mg<\/b> de ph\u00e9nylpropionate de testost\u00e9rone (demi-vie de deux \u00e0 quatre jours).<\/p>\n<\/li>\n<li>\n<p data-path-to-node=\"4,2,0\"><b data-path-to-node=\"4,2,0\" data-index-in-node=\"0\">60 mg<\/b> de isocaproate de testost\u00e9rone (demi-vie de cinq \u00e0 huit jours).<\/p>\n<\/li>\n<li>\n<p data-path-to-node=\"4,3,0\"><b data-path-to-node=\"4,3,0\" data-index-in-node=\"0\">100 mg<\/b> de d\u00e9canoate de testost\u00e9rone (demi-vie de neuf \u00e0 dix jours).<\/p>\n<\/li>\n<\/ul>\n<p data-path-to-node=\"5\">Cette combinaison d&rsquo;esters a \u00e9t\u00e9 con\u00e7ue pour maintenir des niveaux de testost\u00e9rone stables pendant trois \u00e0 quatre semaines.<\/p>\n<hr data-path-to-node=\"6\" \/>\n<h3 data-path-to-node=\"7\"><b data-path-to-node=\"7\" data-index-in-node=\"0\">M\u00e9canisme d&rsquo;Action de Sustoged Euro Prime Farmaceuticals<\/b><\/h3>\n<p data-path-to-node=\"8\">Le premier \u00e0 agir est l&rsquo;ester de testost\u00e9rone le plus court, le propionate. Ensuite, le ph\u00e9nylpropionate et l&rsquo;isocaproate entrent en jeu. Le d\u00e9canoate, qui commence \u00e0 agir en dernier, poss\u00e8de la demi-vie la plus longue. Ce st\u00e9ro\u00efde a \u00e9t\u00e9 cr\u00e9\u00e9 dans les ann\u00e9es quatre-vingt et est rapidement devenu populaire parmi les athl\u00e8tes, et il le reste encore aujourd&rsquo;hui. En plus de ce qui pr\u00e9c\u00e8de, la popularit\u00e9 de cet anabolisant est grandement influenc\u00e9e par son co\u00fbt relativement bas.<\/p>\n<hr data-path-to-node=\"9\" \/>\n<h3 data-path-to-node=\"10\"><b data-path-to-node=\"10\" data-index-in-node=\"0\">Propri\u00e9t\u00e9s Positives de Sustoged EPF<\/b><\/h3>\n<ul data-path-to-node=\"11\">\n<li>\n<p data-path-to-node=\"11,0,0\">Gain de poids rapide allant jusqu&rsquo;\u00e0 10 kilogrammes en un seul cycle.<\/p>\n<\/li>\n<li>\n<p data-path-to-node=\"11,1,0\">Puissant effet anti-catabolique sur le corps.<\/p>\n<\/li>\n<li>\n<p data-path-to-node=\"11,2,0\">Augmente la concentration de globules rouges, acc\u00e9l\u00e9rant l&rsquo;apport d&rsquo;oxyg\u00e8ne aux tissus.<\/p>\n<\/li>\n<li>\n<p data-path-to-node=\"11,3,0\">Augmente la libido pendant le cycle.<\/p>\n<\/li>\n<\/ul>\n<hr data-path-to-node=\"12\" \/>\n<h3 data-path-to-node=\"13\"><b data-path-to-node=\"13\" data-index-in-node=\"0\">Comment utiliser Sustoged 250 mg<\/b><\/h3>\n<p data-path-to-node=\"14\">Avant de commencer tout cycle de SAA (St\u00e9ro\u00efdes Androg\u00e9niques Anabolisants), il est recommand\u00e9 d&rsquo;effectuer des tests pour d\u00e9terminer la concentration normale des principales hormones. Toutes les valeurs doivent \u00eatre normales. <b data-path-to-node=\"14\" data-index-in-node=\"226\">N&rsquo;utilisez pas le produit pendant plus de quatre mois<\/b>, car cela augmenterait le risque d&rsquo;effets secondaires. De nombreux bodybuilders utilisent ce produit et sont satisfaits des r\u00e9sultats.<\/p>\n<hr data-path-to-node=\"15\" \/>\n<h3 data-path-to-node=\"16\"><b data-path-to-node=\"16\" data-index-in-node=\"0\">PCT (Relance) et Sustoged Euro Prime Farmaceuticals<\/b><\/h3>\n<p data-path-to-node=\"17\">Ce m\u00e9dicament est tr\u00e8s puissant et n\u00e9cessite une th\u00e9rapie post-cycle (PCT). Dans notre boutique, des m\u00e9dicaments tels que le <b data-path-to-node=\"17\" data-index-in-node=\"125\">Clomid<\/b> et le <b data-path-to-node=\"17\" data-index-in-node=\"138\">Tamoxif\u00e8ne<\/b> peuvent \u00eatre utilis\u00e9s \u00e0 cet effet. La <b data-path-to-node=\"17\" data-index-in-node=\"187\">Gonadotrophine<\/b> doit \u00eatre utilis\u00e9e pour normaliser l&rsquo;\u00e9quilibre hormonal. Nous vous rappelons que la r\u00e9cup\u00e9ration est une \u00e9tape importante et n\u00e9cessaire lors de l&rsquo;utilisation de st\u00e9ro\u00efdes.<\/p>\n<p><\/p>","protected":false},"excerpt":{"rendered":"<p>Application de Sustoged 250 mg &#8211; Euro Prime Farmaceuticals Le Sustoged d&rsquo;EPF est un analogue du Sustanon, bien connu de<\/p>\n","protected":false},"featured_media":10514,"comment_status":"open","ping_status":"closed","template":"","meta":[],"product_brand":[3528],"product_cat":[69],"product_tag":[],"class_list":{"0":"post-10513","1":"product","2":"type-product","3":"status-publish","4":"has-post-thumbnail","6":"product_brand-epf-premium","7":"product_cat-esteroides_inyectables","9":"first","10":"instock","11":"shipping-taxable","12":"purchasable","13":"product-type-simple"},"yoast_head":"<!-- This site is optimized with the Yoast SEO Premium plugin v24.4 (Yoast SEO v27.3) - https:\/\/yoast.com\/product\/yoast-seo-premium-wordpress\/ -->\n<title>SUSTAGED \/ SUSTANON - (Espa\u00f1ol) Esteroides en l\u00ednea<\/title>\n<meta name=\"description\" content=\"Sustoged est un puissant m\u00e9lange de testost\u00e9rone (Sustanon) assurant une croissance musculaire rapide et une lib\u00e9ration anabolique soutenue.\" \/>\n<meta name=\"robots\" content=\"index, follow, max-snippet:-1, max-image-preview:large, max-video-preview:-1\" \/>\n<link rel=\"canonical\" href=\"https:\/\/iberoid.com\/fr\/product\/sustaged-sustanon\/\" \/>\n<meta property=\"og:locale\" content=\"fr_FR\" \/>\n<meta property=\"og:type\" content=\"article\" \/>\n<meta property=\"og:title\" content=\"SUSTAGED \/ SUSTANON\" \/>\n<meta property=\"og:description\" content=\"Sustoged est un puissant m\u00e9lange de testost\u00e9rone (Sustanon) assurant une croissance musculaire rapide et une lib\u00e9ration anabolique soutenue.\" \/>\n<meta property=\"og:url\" content=\"https:\/\/iberoid.com\/fr\/product\/sustaged-sustanon\/\" \/>\n<meta property=\"og:site_name\" content=\"(Espa\u00f1ol) Esteroides en l\u00ednea\" \/>\n<meta property=\"article:modified_time\" content=\"2026-02-02T16:28:02+00:00\" \/>\n<meta property=\"og:image\" content=\"https:\/\/iberoid.com\/wp-content\/uploads\/2026\/01\/susta-epf.jpeg?v=1768211148\" \/>\n\t<meta property=\"og:image:width\" content=\"1600\" \/>\n\t<meta property=\"og:image:height\" content=\"1600\" \/>\n\t<meta property=\"og:image:type\" content=\"image\/jpeg\" \/>\n<meta name=\"twitter:card\" content=\"summary_large_image\" \/>\n<meta name=\"twitter:label1\" content=\"Prix\" \/>\n\t<meta name=\"twitter:data1\" content=\"&euro;40.00\" \/>\n\t<meta name=\"twitter:label2\" content=\"Disponibilit\u00e9\" \/>\n\t<meta name=\"twitter:data2\" content=\"En stock\" \/>\n<script type=\"application\/ld+json\" class=\"yoast-schema-graph\">{\"@context\":\"https:\\\/\\\/schema.org\",\"@graph\":[{\"@type\":\"WebPage\",\"@id\":\"https:\\\/\\\/iberoid.com\\\/fr\\\/product\\\/sustaged-sustanon\\\/\",\"url\":\"https:\\\/\\\/iberoid.com\\\/fr\\\/product\\\/sustaged-sustanon\\\/\",\"name\":\"SUSTAGED \\\/ SUSTANON - (Espa\u00f1ol) Esteroides en l\u00ednea\",\"isPartOf\":{\"@id\":\"https:\\\/\\\/iberoid.com\\\/fr\\\/#website\"},\"primaryImageOfPage\":{\"@id\":\"https:\\\/\\\/iberoid.com\\\/fr\\\/product\\\/sustaged-sustanon\\\/#primaryimage\"},\"image\":{\"@id\":\"https:\\\/\\\/iberoid.com\\\/fr\\\/product\\\/sustaged-sustanon\\\/#primaryimage\"},\"thumbnailUrl\":\"https:\\\/\\\/iberoid.com\\\/wp-content\\\/uploads\\\/2026\\\/01\\\/susta-epf.jpeg?v=1768211148\",\"datePublished\":\"2026-01-12T09:46:35+00:00\",\"dateModified\":\"2026-02-02T16:28:02+00:00\",\"description\":\"Sustoged est un puissant m\u00e9lange de testost\u00e9rone (Sustanon) assurant une croissance musculaire rapide et une lib\u00e9ration anabolique soutenue.\",\"breadcrumb\":{\"@id\":\"https:\\\/\\\/iberoid.com\\\/fr\\\/product\\\/sustaged-sustanon\\\/#breadcrumb\"},\"inLanguage\":\"fr-FR\",\"potentialAction\":[{\"@type\":\"ReadAction\",\"target\":[[\"https:\\\/\\\/iberoid.com\\\/fr\\\/product\\\/sustaged-sustanon\\\/\"]]}]},{\"@type\":\"ImageObject\",\"inLanguage\":\"fr-FR\",\"@id\":\"https:\\\/\\\/iberoid.com\\\/fr\\\/product\\\/sustaged-sustanon\\\/#primaryimage\",\"url\":\"https:\\\/\\\/iberoid.com\\\/wp-content\\\/uploads\\\/2026\\\/01\\\/susta-epf.jpeg?v=1768211148\",\"contentUrl\":\"https:\\\/\\\/iberoid.com\\\/wp-content\\\/uploads\\\/2026\\\/01\\\/susta-epf.jpeg?v=1768211148\",\"width\":1600,\"height\":1600},{\"@type\":\"BreadcrumbList\",\"@id\":\"https:\\\/\\\/iberoid.com\\\/fr\\\/product\\\/sustaged-sustanon\\\/#breadcrumb\",\"itemListElement\":[{\"@type\":\"ListItem\",\"position\":1,\"name\":\"Portada\",\"item\":\"https:\\\/\\\/iberoid.com\\\/fr\\\/\"},{\"@type\":\"ListItem\",\"position\":2,\"name\":\"Magasin\",\"item\":\"https:\\\/\\\/iberoid.com\\\/fr\\\/shop\\\/\"},{\"@type\":\"ListItem\",\"position\":3,\"name\":\"SUSTAGED \\\/ SUSTANON\"}]},{\"@type\":\"WebSite\",\"@id\":\"https:\\\/\\\/iberoid.com\\\/fr\\\/#website\",\"url\":\"https:\\\/\\\/iberoid.com\\\/fr\\\/\",\"name\":\"(Espa\u00f1ol) Esteroides en l\u00ednea\",\"description\":\"(Espa\u00f1ol) Comprar esteroides en l\u00ednea hoy en Espa\u00f1a y Portugal. Tenemos el mejor servicio al cliente en la industria y los productos de la m\u00e1s alta calidad\",\"potentialAction\":[{\"@type\":\"SearchAction\",\"target\":{\"@type\":\"EntryPoint\",\"urlTemplate\":\"https:\\\/\\\/iberoid.com\\\/fr\\\/?s={search_term_string}\"},\"query-input\":{\"@type\":\"PropertyValueSpecification\",\"valueRequired\":true,\"valueName\":\"search_term_string\"}}],\"inLanguage\":\"fr-FR\"}]}<\/script>\n<meta property=\"product:brand\" content=\"Euro Prime Pharmaceuticals (EPF)\" \/>\n<meta property=\"product:price:amount\" content=\"40.00\" \/>\n<meta property=\"product:price:currency\" content=\"EUR\" \/>\n<meta property=\"og:availability\" content=\"instock\" \/>\n<meta property=\"product:availability\" content=\"instock\" \/>\n<meta property=\"product:condition\" content=\"new\" \/>\n<!-- \/ Yoast SEO Premium plugin. -->","yoast_head_json":{"title":"SUSTAGED \/ SUSTANON - (Espa\u00f1ol) Esteroides en l\u00ednea","description":"Sustoged est un puissant m\u00e9lange de testost\u00e9rone (Sustanon) assurant une croissance musculaire rapide et une lib\u00e9ration anabolique soutenue.","robots":{"index":"index","follow":"follow","max-snippet":"max-snippet:-1","max-image-preview":"max-image-preview:large","max-video-preview":"max-video-preview:-1"},"canonical":"https:\/\/iberoid.com\/fr\/product\/sustaged-sustanon\/","og_locale":"fr_FR","og_type":"article","og_title":"SUSTAGED \/ SUSTANON","og_description":"Sustoged est un puissant m\u00e9lange de testost\u00e9rone (Sustanon) assurant une croissance musculaire rapide et une lib\u00e9ration anabolique soutenue.","og_url":"https:\/\/iberoid.com\/fr\/product\/sustaged-sustanon\/","og_site_name":"(Espa\u00f1ol) Esteroides en l\u00ednea","article_modified_time":"2026-02-02T16:28:02+00:00","og_image":[{"width":1600,"height":1600,"url":"https:\/\/iberoid.com\/wp-content\/uploads\/2026\/01\/susta-epf.jpeg?v=1768211148","type":"image\/jpeg"}],"twitter_card":"summary_large_image","twitter_misc":{"Prix":"&euro;40.00","Disponibilit\u00e9":"En stock"},"schema":{"@context":"https:\/\/schema.org","@graph":[{"@type":"WebPage","@id":"https:\/\/iberoid.com\/fr\/product\/sustaged-sustanon\/","url":"https:\/\/iberoid.com\/fr\/product\/sustaged-sustanon\/","name":"SUSTAGED \/ SUSTANON - (Espa\u00f1ol) Esteroides en l\u00ednea","isPartOf":{"@id":"https:\/\/iberoid.com\/fr\/#website"},"primaryImageOfPage":{"@id":"https:\/\/iberoid.com\/fr\/product\/sustaged-sustanon\/#primaryimage"},"image":{"@id":"https:\/\/iberoid.com\/fr\/product\/sustaged-sustanon\/#primaryimage"},"thumbnailUrl":"https:\/\/iberoid.com\/wp-content\/uploads\/2026\/01\/susta-epf.jpeg?v=1768211148","datePublished":"2026-01-12T09:46:35+00:00","dateModified":"2026-02-02T16:28:02+00:00","description":"Sustoged est un puissant m\u00e9lange de testost\u00e9rone (Sustanon) assurant une croissance musculaire rapide et une lib\u00e9ration anabolique soutenue.","breadcrumb":{"@id":"https:\/\/iberoid.com\/fr\/product\/sustaged-sustanon\/#breadcrumb"},"inLanguage":"fr-FR","potentialAction":[{"@type":"ReadAction","target":[["https:\/\/iberoid.com\/fr\/product\/sustaged-sustanon\/"]]}]},{"@type":"ImageObject","inLanguage":"fr-FR","@id":"https:\/\/iberoid.com\/fr\/product\/sustaged-sustanon\/#primaryimage","url":"https:\/\/iberoid.com\/wp-content\/uploads\/2026\/01\/susta-epf.jpeg?v=1768211148","contentUrl":"https:\/\/iberoid.com\/wp-content\/uploads\/2026\/01\/susta-epf.jpeg?v=1768211148","width":1600,"height":1600},{"@type":"BreadcrumbList","@id":"https:\/\/iberoid.com\/fr\/product\/sustaged-sustanon\/#breadcrumb","itemListElement":[{"@type":"ListItem","position":1,"name":"Portada","item":"https:\/\/iberoid.com\/fr\/"},{"@type":"ListItem","position":2,"name":"Magasin","item":"https:\/\/iberoid.com\/fr\/shop\/"},{"@type":"ListItem","position":3,"name":"SUSTAGED \/ SUSTANON"}]},{"@type":"WebSite","@id":"https:\/\/iberoid.com\/fr\/#website","url":"https:\/\/iberoid.com\/fr\/","name":"(Espa\u00f1ol) Esteroides en l\u00ednea","description":"(Espa\u00f1ol) Comprar esteroides en l\u00ednea hoy en Espa\u00f1a y Portugal. Tenemos el mejor servicio al cliente en la industria y los productos de la m\u00e1s alta calidad","potentialAction":[{"@type":"SearchAction","target":{"@type":"EntryPoint","urlTemplate":"https:\/\/iberoid.com\/fr\/?s={search_term_string}"},"query-input":{"@type":"PropertyValueSpecification","valueRequired":true,"valueName":"search_term_string"}}],"inLanguage":"fr-FR"}]},"product_brand":"Euro Prime Pharmaceuticals (EPF)","product_price_amount":"40.00","product_price_currency":"EUR","og_availability":"instock","product_availability":"instock","product_condition":"new"},"_links":{"self":[{"href":"https:\/\/iberoid.com\/fr\/wp-json\/wp\/v2\/product\/10513","targetHints":{"allow":["GET"]}}],"collection":[{"href":"https:\/\/iberoid.com\/fr\/wp-json\/wp\/v2\/product"}],"about":[{"href":"https:\/\/iberoid.com\/fr\/wp-json\/wp\/v2\/types\/product"}],"replies":[{"embeddable":true,"href":"https:\/\/iberoid.com\/fr\/wp-json\/wp\/v2\/comments?post=10513"}],"wp:featuredmedia":[{"embeddable":true,"href":"https:\/\/iberoid.com\/fr\/wp-json\/wp\/v2\/media\/10514"}],"wp:attachment":[{"href":"https:\/\/iberoid.com\/fr\/wp-json\/wp\/v2\/media?parent=10513"}],"wp:term":[{"taxonomy":"product_brand","embeddable":true,"href":"https:\/\/iberoid.com\/fr\/wp-json\/wp\/v2\/product_brand?post=10513"},{"taxonomy":"product_cat","embeddable":true,"href":"https:\/\/iberoid.com\/fr\/wp-json\/wp\/v2\/product_cat?post=10513"},{"taxonomy":"product_tag","embeddable":true,"href":"https:\/\/iberoid.com\/fr\/wp-json\/wp\/v2\/product_tag?post=10513"}],"curies":[{"name":"wp","href":"https:\/\/api.w.org\/{rel}","templated":true}]}}