{"id":10538,"date":"2026-01-27T16:46:01","date_gmt":"2026-01-27T16:46:01","guid":{"rendered":"https:\/\/iberoid.com\/?post_type=product&#038;p=10538"},"modified":"2026-03-22T11:00:33","modified_gmt":"2026-03-22T11:00:33","slug":"testobol-p-testosteron-propionate-100-mg","status":"publish","type":"product","link":"https:\/\/iberoid.com\/fr\/product\/testobol-p-testosteron-propionate-100-mg\/","title":{"rendered":"TESTOBOL P (testosteron propionate) 100 mg"},"content":{"rendered":"<p><\/p>\n<p data-path-to-node=\"0\">Voici la traduction en fran\u00e7ais :<\/p>\n<p data-path-to-node=\"1\"><b data-path-to-node=\"1\" data-index-in-node=\"0\">Qu&rsquo;est-ce que le Propionate de Testost\u00e9rone ?<\/b><\/p>\n<p data-path-to-node=\"2\"><b data-path-to-node=\"2\" data-index-in-node=\"0\">Acheter du Propionate de Testost\u00e9rone<\/b> \u2013 Une forme complexe et synth\u00e9tique de testost\u00e9rone. Il s&rsquo;agit d&rsquo;un compos\u00e9 \u00e0 ester unique. Il est \u00e9galement utilis\u00e9 pour la lib\u00e9ration contr\u00f4l\u00e9e d&rsquo;hormones et pour maintenir des niveaux sanguins stables. Il est tr\u00e8s utilis\u00e9 dans l&rsquo;industrie athl\u00e9tique pour l&rsquo;am\u00e9lioration des performances sportives.<\/p>\n<h3 data-path-to-node=\"3\">Effets :<\/h3>\n<p data-path-to-node=\"4\"><b data-path-to-node=\"4\" data-index-in-node=\"0\">Acheter du Propionate de Testost\u00e9rone<\/b> \u2013 Augmente la testost\u00e9rone. Il s&rsquo;agit d&rsquo;un produit dopant car des niveaux \u00e9lev\u00e9s de testost\u00e9rone entra\u00eenent une augmentation de la masse musculaire maigre et de la force. Le produit fournit de la testost\u00e9rone, qui agit comme un protecteur musculaire et pr\u00e9serve le corps de la perte de tissu musculaire.<\/p>\n<h3 data-path-to-node=\"5\">Pourquoi devriez-vous acheter du Propionate de Testost\u00e9rone :<\/h3>\n<p data-path-to-node=\"6\"><b data-path-to-node=\"6\" data-index-in-node=\"0\">Am\u00e9liore les performances<\/b> Le propionate de testost\u00e9rone est un produit d&rsquo;am\u00e9lioration des performances. Il ne pr\u00e9serve pas seulement la masse musculaire, mais il construit \u00e9galement plus de tissu musculaire, ce qui augmente la force. Le produit entra\u00eene une augmentation du nombre de globules rouges. Les globules rouges sont les transporteurs d&rsquo;oxyg\u00e8ne. Une augmentation de l&rsquo;oxyg\u00e9nation conduit \u00e0 une plus grande force musculaire, \u00e0 plus d&rsquo;endurance et \u00e0 la r\u00e9paration des tissus endommag\u00e9s.<\/p>\n<p data-path-to-node=\"7\"><b data-path-to-node=\"7\" data-index-in-node=\"0\">D\u00e9veloppe les prot\u00e9ines<\/b> Le produit poss\u00e8de \u00e9galement des propri\u00e9t\u00e9s de construction prot\u00e9ique, ce qui conduit \u00e0 une meilleure r\u00e9paration et synth\u00e8se de nombreux tissus corporels. Puisque les prot\u00e9ines sont les blocs de construction des tissus du corps, le produit poss\u00e8de \u00e9galement des propri\u00e9t\u00e9s de r\u00e9tention d&rsquo;azote. L&rsquo;azote cr\u00e9e un environnement anabolique. Tous les tissus maigres contiennent environ 16 % d&rsquo;azote. De faibles niveaux d&rsquo;azote peuvent \u00eatre destructeurs pour la masse musculaire.<\/p>\n<p data-path-to-node=\"8\"><b data-path-to-node=\"8\" data-index-in-node=\"0\">R\u00e9duit le stress<\/b> Le propionate de testost\u00e9rone r\u00e9duit \u00e9galement les hormones du stress comme le cortisol. Au-del\u00e0 d&rsquo;un certain seuil, les hormones du stress peuvent \u00eatre destructrices et entra\u00eener des dommages musculaires. Elles favorisent \u00e9galement les hormones de stockage des graisses et cr\u00e9ent un environnement catabolique. Mais ce produit peut vous \u00e9pargner tous ces d\u00e9sagr\u00e9ments.<\/p>\n<h3 data-path-to-node=\"9\">Dosage :<\/h3>\n<p data-path-to-node=\"10\">Le dosage du propionate de testost\u00e9rone varie en fonction de l&rsquo;objectif d&rsquo;utilisation. Mais dans la plupart des cas, le dosage est faible en raison de sa structure d&rsquo;ester complexe (par rapport \u00e0 d&rsquo;autres produits). Dans de rares cas, lorsqu&rsquo;il est prescrit pour une th\u00e9rapie de remplacement de la testost\u00e9rone, un dosage de 25 \u00e0 50 mg, 2 \u00e0 3 fois par semaine, est prescrit. Lorsqu&rsquo;il est utilis\u00e9 pour la performance, le dosage varie de 100 mg \u00e0 300 mg par semaine. Normalement, il se situe entre 150 et 200 mg. La dur\u00e9e d&rsquo;utilisation varie selon chaque personne et son objectif. Cependant, nous consid\u00e9rons que 8 semaines d&rsquo;utilisation constituent une courte p\u00e9riode. 12 semaines sont consid\u00e9r\u00e9es comme normales, et pour une force excessive, certaines personnes peuvent m\u00eame l&rsquo;utiliser pendant 16 semaines.<\/p>\n<p data-path-to-node=\"11\">Le Propionate de Testost\u00e9rone est un agent hormonal de testost\u00e9rone pure. Artificiellement, c&rsquo;est une r\u00e9plique parfaite de l&rsquo;androg\u00e8ne m\u00e2le principal normalement g\u00e9n\u00e9r\u00e9 : la testost\u00e9rone. D\u00e9lib\u00e9r\u00e9ment, l&rsquo;hormone est li\u00e9e \u00e0 l&rsquo;ester Propionate (acide propionique), un ester petit\/court qui permet de contr\u00f4ler le temps de lib\u00e9ration de l&rsquo;agent hormonal. Sans ester, l&rsquo;hormone se disperserait et se dissiperait rapidement apr\u00e8s l&rsquo;administration.<\/p>\n<p data-path-to-node=\"12\">La fixation de l&rsquo;ester favorise une lib\u00e9ration r\u00e9gul\u00e9e et permet \u00e0 l&rsquo;individu d&rsquo;injecter l&rsquo;agent hormonal moins fr\u00e9quemment. Lorsque le Propionate de Testost\u00e9rone est inject\u00e9, l&rsquo;ester commence lentement \u00e0 se d\u00e9tacher de l&rsquo;hormone. \u00c0 mesure que l&rsquo;ester se s\u00e9pare, l&rsquo;hormone testost\u00e9rone commence \u00e0 se lib\u00e9rer dans le sang. La demi-vie du Propionate de Testost\u00e9rone est d&rsquo;environ deux jours, ce qui est nettement plus long que la testost\u00e9rone sans ester, dont la demi-vie est d&rsquo;un peu moins de 24 heures.<\/p>\n<p data-path-to-node=\"13\">En tant que testost\u00e9rone pure, le Propionate de Testost\u00e9rone poss\u00e8de un indice anabolique de 100 ainsi qu&rsquo;un indice androg\u00e9nique de 100. L&rsquo;hormone testost\u00e9rone elle-m\u00eame repr\u00e9sente la base par laquelle tous les indices anaboliques et androg\u00e9niques sont mesur\u00e9s pour tous les st\u00e9ro\u00efdes anabolisants.<\/p>\n<p data-path-to-node=\"14\">Bien que de nature synth\u00e9tique, le Propionate de Testost\u00e9rone est une hormone efficace pour le traitement d&rsquo;un faible taux de testost\u00e9rone. La testost\u00e9rone est une hormone vitale g\u00e9n\u00e9r\u00e9e par les hommes et les femmes qui influence notre sant\u00e9 physique, psychologique et sexuelle. Bien que produite et n\u00e9cessaire pour les deux sexes, les hommes en ont besoin d&rsquo;environ dix fois plus que les femmes. Bien qu&rsquo;efficace (apr\u00e8s tout, c&rsquo;est de la testost\u00e9rone), ce n&rsquo;est pas la forme de th\u00e9rapie recommand\u00e9e car elle n\u00e9cessite des injections constantes. Le Cypionate de Testost\u00e9rone et l&rsquo;Enanthate de Testost\u00e9rone restent les formes dominantes dans les plans de traitement. Si vous souffrez d&rsquo;un d\u00e9ficit et que le Propionate de Testost\u00e9rone est la seule option disponible, c&rsquo;est un choix appropri\u00e9.<\/p>\n<p><\/p>","protected":false},"excerpt":{"rendered":"<p>Voici la traduction en fran\u00e7ais : Qu&rsquo;est-ce que le Propionate de Testost\u00e9rone ? Acheter du Propionate de Testost\u00e9rone \u2013 Une<\/p>\n","protected":false},"featured_media":10539,"comment_status":"open","ping_status":"closed","template":"","meta":[],"product_brand":[3526],"product_cat":[69],"product_tag":[],"class_list":{"0":"post-10538","1":"product","2":"type-product","3":"status-publish","4":"has-post-thumbnail","6":"product_brand-pharmabol","7":"product_cat-esteroides_inyectables","9":"first","10":"instock","11":"shipping-taxable","12":"purchasable","13":"product-type-simple"},"yoast_head":"<!-- This site is optimized with the Yoast SEO Premium plugin v24.4 (Yoast SEO v27.0) - https:\/\/yoast.com\/product\/yoast-seo-premium-wordpress\/ -->\n<title>TESTOBOL P (testosteron propionate) 100 mg - (Espa\u00f1ol) Esteroides en l\u00ednea<\/title>\n<meta name=\"description\" content=\"Le Propionate de Testost\u00e9rone est un ester rapide qui augmente masse musculaire, force et r\u00e9cup\u00e9ration, am\u00e9liorant la performance.\" \/>\n<meta name=\"robots\" content=\"index, follow, max-snippet:-1, max-image-preview:large, max-video-preview:-1\" \/>\n<link rel=\"canonical\" href=\"https:\/\/iberoid-shop.com\/product\/testobol-p-testosteron-propionate-100-mg\/\" \/>\n<meta property=\"og:locale\" content=\"fr_FR\" \/>\n<meta property=\"og:type\" content=\"article\" \/>\n<meta property=\"og:title\" content=\"TESTOBOL P (testosteron propionate) 100 mg\" \/>\n<meta property=\"og:description\" content=\"Le Propionate de Testost\u00e9rone est un ester rapide qui augmente masse musculaire, force et r\u00e9cup\u00e9ration, am\u00e9liorant la performance.\" \/>\n<meta property=\"og:url\" content=\"https:\/\/iberoid-shop.com\/product\/testobol-p-testosteron-propionate-100-mg\/\" \/>\n<meta property=\"og:site_name\" content=\"(Espa\u00f1ol) Esteroides en l\u00ednea\" \/>\n<meta property=\"article:modified_time\" content=\"2026-03-22T11:00:33+00:00\" \/>\n<meta property=\"og:image\" content=\"https:\/\/iberoid-shop.com\/wp-content\/uploads\/2026\/01\/tp-bp.jpeg?v=1769532340\" \/>\n\t<meta property=\"og:image:width\" content=\"1572\" \/>\n\t<meta property=\"og:image:height\" content=\"1482\" \/>\n\t<meta property=\"og:image:type\" content=\"image\/jpeg\" \/>\n<meta name=\"twitter:card\" content=\"summary_large_image\" \/>\n<meta name=\"twitter:label1\" content=\"Prix\" \/>\n\t<meta name=\"twitter:data1\" content=\"&euro;30.00\" \/>\n\t<meta name=\"twitter:label2\" content=\"Disponibilit\u00e9\" \/>\n\t<meta name=\"twitter:data2\" content=\"En stock\" \/>\n<script type=\"application\/ld+json\" class=\"yoast-schema-graph\">{\"@context\":\"https:\/\/schema.org\",\"@graph\":[{\"@type\":\"WebPage\",\"@id\":\"https:\/\/iberoid-shop.com\/product\/testobol-p-testosteron-propionate-100-mg\/\",\"url\":\"https:\/\/iberoid-shop.com\/product\/testobol-p-testosteron-propionate-100-mg\/\",\"name\":\"TESTOBOL P (testosteron propionate) 100 mg - (Espa\u00f1ol) Esteroides en l\u00ednea\",\"isPartOf\":{\"@id\":\"https:\/\/iberoid-shop.com\/#website\"},\"primaryImageOfPage\":{\"@id\":\"https:\/\/iberoid-shop.com\/product\/testobol-p-testosteron-propionate-100-mg\/#primaryimage\"},\"image\":{\"@id\":\"https:\/\/iberoid-shop.com\/product\/testobol-p-testosteron-propionate-100-mg\/#primaryimage\"},\"thumbnailUrl\":\"https:\/\/iberoid.com\/wp-content\/uploads\/2026\/01\/tp-bp.jpeg?v=1769532340\",\"datePublished\":\"2026-01-27T16:46:01+00:00\",\"dateModified\":\"2026-03-22T11:00:33+00:00\",\"description\":\"Le Propionate de Testost\u00e9rone est un ester rapide qui augmente masse musculaire, force et r\u00e9cup\u00e9ration, am\u00e9liorant la performance.\",\"breadcrumb\":{\"@id\":\"https:\/\/iberoid-shop.com\/product\/testobol-p-testosteron-propionate-100-mg\/#breadcrumb\"},\"inLanguage\":\"fr-FR\",\"potentialAction\":[{\"@type\":\"ReadAction\",\"target\":[[\"https:\/\/iberoid-shop.com\/product\/testobol-p-testosteron-propionate-100-mg\/\"]]}]},{\"@type\":\"ImageObject\",\"inLanguage\":\"fr-FR\",\"@id\":\"https:\/\/iberoid-shop.com\/product\/testobol-p-testosteron-propionate-100-mg\/#primaryimage\",\"url\":\"https:\/\/iberoid.com\/wp-content\/uploads\/2026\/01\/tp-bp.jpeg?v=1769532340\",\"contentUrl\":\"https:\/\/iberoid.com\/wp-content\/uploads\/2026\/01\/tp-bp.jpeg?v=1769532340\",\"width\":1572,\"height\":1482},{\"@type\":\"BreadcrumbList\",\"@id\":\"https:\/\/iberoid-shop.com\/product\/testobol-p-testosteron-propionate-100-mg\/#breadcrumb\",\"itemListElement\":[{\"@type\":\"ListItem\",\"position\":1,\"name\":\"Portada\",\"item\":\"https:\/\/iberoid.com\/fr\/\"},{\"@type\":\"ListItem\",\"position\":2,\"name\":\"Magasin\",\"item\":\"https:\/\/iberoid.com\/fr\/shop\/\"},{\"@type\":\"ListItem\",\"position\":3,\"name\":\"TESTOBOL P (testosteron propionate) 100 mg\"}]},{\"@type\":\"WebSite\",\"@id\":\"https:\/\/iberoid-shop.com\/#website\",\"url\":\"https:\/\/iberoid-shop.com\/\",\"name\":\"(Espa\u00f1ol) Esteroides en l\u00ednea\",\"description\":\"(Espa\u00f1ol) Comprar esteroides en l\u00ednea hoy en Espa\u00f1a y Portugal. Tenemos el mejor servicio al cliente en la industria y los productos de la m\u00e1s alta calidad\",\"potentialAction\":[{\"@type\":\"SearchAction\",\"target\":{\"@type\":\"EntryPoint\",\"urlTemplate\":\"https:\/\/iberoid-shop.com\/?s={search_term_string}\"},\"query-input\":{\"@type\":\"PropertyValueSpecification\",\"valueRequired\":true,\"valueName\":\"search_term_string\"}}],\"inLanguage\":\"fr-FR\"}]}<\/script>\n<meta property=\"product:brand\" content=\"Pharmabol\" \/>\n<meta property=\"product:price:amount\" content=\"30.00\" \/>\n<meta property=\"product:price:currency\" content=\"EUR\" \/>\n<meta property=\"og:availability\" content=\"instock\" \/>\n<meta property=\"product:availability\" content=\"instock\" \/>\n<meta property=\"product:condition\" content=\"new\" \/>\n<!-- \/ Yoast SEO Premium plugin. -->","yoast_head_json":{"title":"TESTOBOL P (testosteron propionate) 100 mg - (Espa\u00f1ol) Esteroides en l\u00ednea","description":"Le Propionate de Testost\u00e9rone est un ester rapide qui augmente masse musculaire, force et r\u00e9cup\u00e9ration, am\u00e9liorant la performance.","robots":{"index":"index","follow":"follow","max-snippet":"max-snippet:-1","max-image-preview":"max-image-preview:large","max-video-preview":"max-video-preview:-1"},"canonical":"https:\/\/iberoid-shop.com\/product\/testobol-p-testosteron-propionate-100-mg\/","og_locale":"fr_FR","og_type":"article","og_title":"TESTOBOL P (testosteron propionate) 100 mg","og_description":"Le Propionate de Testost\u00e9rone est un ester rapide qui augmente masse musculaire, force et r\u00e9cup\u00e9ration, am\u00e9liorant la performance.","og_url":"https:\/\/iberoid-shop.com\/product\/testobol-p-testosteron-propionate-100-mg\/","og_site_name":"(Espa\u00f1ol) Esteroides en l\u00ednea","article_modified_time":"2026-03-22T11:00:33+00:00","og_image":[{"width":1572,"height":1482,"url":"https:\/\/iberoid-shop.com\/wp-content\/uploads\/2026\/01\/tp-bp.jpeg?v=1769532340","type":"image\/jpeg"}],"twitter_card":"summary_large_image","twitter_misc":{"Prix":"&euro;30.00","Disponibilit\u00e9":"En stock"},"schema":{"@context":"https:\/\/schema.org","@graph":[{"@type":"WebPage","@id":"https:\/\/iberoid-shop.com\/product\/testobol-p-testosteron-propionate-100-mg\/","url":"https:\/\/iberoid-shop.com\/product\/testobol-p-testosteron-propionate-100-mg\/","name":"TESTOBOL P (testosteron propionate) 100 mg - (Espa\u00f1ol) Esteroides en l\u00ednea","isPartOf":{"@id":"https:\/\/iberoid-shop.com\/#website"},"primaryImageOfPage":{"@id":"https:\/\/iberoid-shop.com\/product\/testobol-p-testosteron-propionate-100-mg\/#primaryimage"},"image":{"@id":"https:\/\/iberoid-shop.com\/product\/testobol-p-testosteron-propionate-100-mg\/#primaryimage"},"thumbnailUrl":"https:\/\/iberoid.com\/wp-content\/uploads\/2026\/01\/tp-bp.jpeg?v=1769532340","datePublished":"2026-01-27T16:46:01+00:00","dateModified":"2026-03-22T11:00:33+00:00","description":"Le Propionate de Testost\u00e9rone est un ester rapide qui augmente masse musculaire, force et r\u00e9cup\u00e9ration, am\u00e9liorant la performance.","breadcrumb":{"@id":"https:\/\/iberoid-shop.com\/product\/testobol-p-testosteron-propionate-100-mg\/#breadcrumb"},"inLanguage":"fr-FR","potentialAction":[{"@type":"ReadAction","target":[["https:\/\/iberoid-shop.com\/product\/testobol-p-testosteron-propionate-100-mg\/"]]}]},{"@type":"ImageObject","inLanguage":"fr-FR","@id":"https:\/\/iberoid-shop.com\/product\/testobol-p-testosteron-propionate-100-mg\/#primaryimage","url":"https:\/\/iberoid.com\/wp-content\/uploads\/2026\/01\/tp-bp.jpeg?v=1769532340","contentUrl":"https:\/\/iberoid.com\/wp-content\/uploads\/2026\/01\/tp-bp.jpeg?v=1769532340","width":1572,"height":1482},{"@type":"BreadcrumbList","@id":"https:\/\/iberoid-shop.com\/product\/testobol-p-testosteron-propionate-100-mg\/#breadcrumb","itemListElement":[{"@type":"ListItem","position":1,"name":"Portada","item":"https:\/\/iberoid.com\/fr\/"},{"@type":"ListItem","position":2,"name":"Magasin","item":"https:\/\/iberoid.com\/fr\/shop\/"},{"@type":"ListItem","position":3,"name":"TESTOBOL P (testosteron propionate) 100 mg"}]},{"@type":"WebSite","@id":"https:\/\/iberoid-shop.com\/#website","url":"https:\/\/iberoid-shop.com\/","name":"(Espa\u00f1ol) Esteroides en l\u00ednea","description":"(Espa\u00f1ol) Comprar esteroides en l\u00ednea hoy en Espa\u00f1a y Portugal. Tenemos el mejor servicio al cliente en la industria y los productos de la m\u00e1s alta calidad","potentialAction":[{"@type":"SearchAction","target":{"@type":"EntryPoint","urlTemplate":"https:\/\/iberoid-shop.com\/?s={search_term_string}"},"query-input":{"@type":"PropertyValueSpecification","valueRequired":true,"valueName":"search_term_string"}}],"inLanguage":"fr-FR"}]},"product_brand":"Pharmabol","product_price_amount":"30.00","product_price_currency":"EUR","og_availability":"instock","product_availability":"instock","product_condition":"new"},"_links":{"self":[{"href":"https:\/\/iberoid.com\/fr\/wp-json\/wp\/v2\/product\/10538","targetHints":{"allow":["GET"]}}],"collection":[{"href":"https:\/\/iberoid.com\/fr\/wp-json\/wp\/v2\/product"}],"about":[{"href":"https:\/\/iberoid.com\/fr\/wp-json\/wp\/v2\/types\/product"}],"replies":[{"embeddable":true,"href":"https:\/\/iberoid.com\/fr\/wp-json\/wp\/v2\/comments?post=10538"}],"wp:featuredmedia":[{"embeddable":true,"href":"https:\/\/iberoid.com\/fr\/wp-json\/wp\/v2\/media\/10539"}],"wp:attachment":[{"href":"https:\/\/iberoid.com\/fr\/wp-json\/wp\/v2\/media?parent=10538"}],"wp:term":[{"taxonomy":"product_brand","embeddable":true,"href":"https:\/\/iberoid.com\/fr\/wp-json\/wp\/v2\/product_brand?post=10538"},{"taxonomy":"product_cat","embeddable":true,"href":"https:\/\/iberoid.com\/fr\/wp-json\/wp\/v2\/product_cat?post=10538"},{"taxonomy":"product_tag","embeddable":true,"href":"https:\/\/iberoid.com\/fr\/wp-json\/wp\/v2\/product_tag?post=10538"}],"curies":[{"name":"wp","href":"https:\/\/api.w.org\/{rel}","templated":true}]}}