{"id":10546,"date":"2026-01-27T17:12:18","date_gmt":"2026-01-27T17:12:18","guid":{"rendered":"https:\/\/iberoid.com\/?post_type=product&#038;p=10546"},"modified":"2026-04-04T03:16:13","modified_gmt":"2026-04-04T03:16:13","slug":"pack5x10ml-bioten-testosteron-enanthate","status":"publish","type":"product","link":"https:\/\/iberoid.com\/fr\/product\/pack5x10ml-bioten-testosteron-enanthate\/","title":{"rendered":"BIOTEN (testosteron enanthate) pack5x10ml"},"content":{"rendered":"<p><\/p>\n<p data-path-to-node=\"0\">Voici la traduction en fran\u00e7ais :<\/p>\n<p data-path-to-node=\"1\"><b data-path-to-node=\"1\" data-index-in-node=\"0\">L&rsquo;\u00c9nanthate de Testost\u00e9rone<\/b> est une version synth\u00e9tique de la testost\u00e9rone, l&rsquo;hormone sexuelle masculine produite naturellement par l&rsquo;organisme. Il est utilis\u00e9 chez l&rsquo;homme adulte pour le remplacement de la testost\u00e9rone afin de traiter divers probl\u00e8mes de sant\u00e9 caus\u00e9s par un manque de celle-ci (hypogonadisme masculin). Ce diagnostic doit \u00eatre confirm\u00e9 par deux mesures distinctes de la testost\u00e9rone sanguine et doit \u00e9galement inclure des sympt\u00f4mes cliniques tels que :<\/p>\n<ul data-path-to-node=\"2\">\n<li>\n<p data-path-to-node=\"2,0,0\">L&rsquo;impuissance<\/p>\n<\/li>\n<li>\n<p data-path-to-node=\"2,1,0\">L&rsquo;infertilit\u00e9<\/p>\n<\/li>\n<li>\n<p data-path-to-node=\"2,2,0\">Une baisse de la libido<\/p>\n<\/li>\n<li>\n<p data-path-to-node=\"2,3,0\">La fatigue<\/p>\n<\/li>\n<li>\n<p data-path-to-node=\"2,4,0\">Des humeurs d\u00e9pressives<\/p>\n<\/li>\n<li>\n<p data-path-to-node=\"2,5,0\">Une perte osseuse caus\u00e9e par de faibles taux hormonaux.<\/p>\n<\/li>\n<\/ul>\n<h3 data-path-to-node=\"3\">Dosage et Administration<\/h3>\n<p data-path-to-node=\"4\">L&rsquo;\u00c9nanthate de Testost\u00e9rone peut provoquer des r\u00e9actions toxiques et allergiques chez les nourrissons et les enfants jusqu&rsquo;\u00e0 3 ans. Il est administr\u00e9 par injection intramusculaire tr\u00e8s lente, g\u00e9n\u00e9ralement toutes les 2 \u00e0 3 semaines. Les injections sont poursuivies aussi longtemps que n\u00e9cessaire, selon votre situation individuelle. Les hommes recevant un traitement \u00e0 long terme peuvent ult\u00e9rieurement recevoir des injections \u00e0 des intervalles de 3 \u00e0 6 semaines. Mesurez vos taux de testost\u00e9rone sanguine avant de commencer le traitement et occasionnellement pendant celui-ci, \u00e0 la fin d&rsquo;un intervalle entre deux injections, et ajustez votre dose si n\u00e9cessaire. Pendant le traitement, il est conseill\u00e9 aux hommes de faire examiner r\u00e9guli\u00e8rement leur prostate par un m\u00e9decin. <b data-path-to-node=\"4\" data-index-in-node=\"775\">Si vous arr\u00eatez d&rsquo;utiliser l&rsquo;\u00c9nanthate de Testost\u00e9rone :<\/b> \u00c0 l&rsquo;arr\u00eat du traitement, les sympt\u00f4mes de d\u00e9ficience en testost\u00e9rone peuvent r\u00e9appara\u00eetre.<\/p>\n<h3 data-path-to-node=\"5\">Interactions et Abus<\/h3>\n<p data-path-to-node=\"6\">L&rsquo;abus de testost\u00e9rone, surtout si vous prenez trop de ce m\u00e9dicament seul ou avec d&rsquo;autres st\u00e9ro\u00efdes anabolisants androg\u00e8nes, peut causer de graves probl\u00e8mes de sant\u00e9 au c\u0153ur et aux vaisseaux sanguins (pouvant entra\u00eener la mort), \u00e0 la sant\u00e9 mentale et\/ou au foie. Les personnes ayant abus\u00e9 de la testost\u00e9rone peuvent devenir d\u00e9pendantes et ressentir des sympt\u00f4mes de sevrage lorsque le dosage change de mani\u00e8re significative ou que l&rsquo;utilisation est arr\u00eat\u00e9e imm\u00e9diatement. Vous ne devez pas abuser de ce m\u00e9dicament.<\/p>\n<h3 data-path-to-node=\"7\">Effets secondaires<\/h3>\n<p data-path-to-node=\"8\">Comme tous les m\u00e9dicaments, ce produit peut provoquer des effets secondaires, bien que tout le monde n&rsquo;y soit pas sujet. Certaines personnes peuvent \u00eatre allergiques \u00e0 l&rsquo;\u00c9nanthate de Testost\u00e9rone. Si vous ressentez une r\u00e9action allergique, vous devez arr\u00eater l&rsquo;utilisation. Les signes peuvent inclure :<\/p>\n<ul data-path-to-node=\"9\">\n<li>\n<p data-path-to-node=\"9,0,0\">Une \u00e9ruption cutan\u00e9e s\u00e9v\u00e8re<\/p>\n<\/li>\n<li>\n<p data-path-to-node=\"9,1,0\">Des probl\u00e8mes de d\u00e9glutition ou de respiration<\/p>\n<\/li>\n<li>\n<p data-path-to-node=\"9,2,0\">Un gonflement des l\u00e8vres, du visage, de la gorge ou de la langue<\/p>\n<\/li>\n<li>\n<p data-path-to-node=\"9,3,0\">Une faiblesse, une sensation de vertige ou d&rsquo;\u00e9vanouissement<\/p>\n<\/li>\n<\/ul>\n<p data-path-to-node=\"10\"><b data-path-to-node=\"10\" data-index-in-node=\"0\">Effets secondaires fr\u00e9quents (peuvent affecter jusqu&rsquo;\u00e0 1 patient sur 10) :<\/b><\/p>\n<ul data-path-to-node=\"11\">\n<li>\n<p data-path-to-node=\"11,0,0\">Augmentation du nombre de globules rouges, de l&rsquo;h\u00e9matocrite et de l&rsquo;h\u00e9moglobine ; ceux-ci sont identifi\u00e9s par des analyses de sang p\u00e9riodiques.<\/p>\n<\/li>\n<li>\n<p data-path-to-node=\"11,1,0\">Prise de poids.<\/p>\n<\/li>\n<\/ul>\n<p data-path-to-node=\"12\"><b data-path-to-node=\"12\" data-index-in-node=\"0\">Fr\u00e9quence ind\u00e9termin\u00e9e (ne peut \u00eatre estim\u00e9e \u00e0 partir des donn\u00e9es disponibles) :<\/b><\/p>\n<ul data-path-to-node=\"13\">\n<li>\n<p data-path-to-node=\"13,0,0\">Des tumeurs h\u00e9patiques ont \u00e9t\u00e9 observ\u00e9es, pouvant causer de graves h\u00e9morragies internes. Informez votre m\u00e9decin si vous remarquez une nouvelle douleur \u00e0 l&rsquo;estomac qui est s\u00e9v\u00e8re ou qui persiste.<\/p>\n<\/li>\n<li>\n<p data-path-to-node=\"13,1,0\">Taux \u00e9lev\u00e9s de globules rouges (polycyth\u00e9mie), probl\u00e8mes de circulation sanguine, taux \u00e9lev\u00e9s de calcium dans le sang.<\/p>\n<\/li>\n<li>\n<p data-path-to-node=\"13,2,0\">R\u00e9sultats de tests de la fonction h\u00e9patique anormaux, jaunissement de la peau et des yeux (ict\u00e8re), hypertrophie du foie.<\/p>\n<\/li>\n<li>\n<p data-path-to-node=\"13,3,0\">Acn\u00e9, chute de cheveux, r\u00e9actions cutan\u00e9es telles que des \u00e9ruptions, de l&rsquo;urticaire, des d\u00e9mangeaisons, des fourmillements, calvitie masculine.<\/p>\n<\/li>\n<li>\n<p data-path-to-node=\"13,4,0\">Divers types de r\u00e9actions au site d&rsquo;injection, notamment douleur, d\u00e9mangeaisons, durcissement, gonflement et inflammation.<\/p>\n<\/li>\n<li>\n<p data-path-to-node=\"13,5,0\">Augmentation de l&rsquo;antig\u00e8ne prostatique sp\u00e9cifique (PSA).<\/p>\n<\/li>\n<li>\n<p data-path-to-node=\"13,6,0\">Augmentation ou diminution de l&rsquo;int\u00e9r\u00eat sexuel, d\u00e9veloppement anormal des seins chez l&rsquo;homme (gyn\u00e9comastie), probl\u00e8mes de prostate, pubert\u00e9 pr\u00e9coce.<\/p>\n<\/li>\n<li>\n<p data-path-to-node=\"13,7,0\">\u00c0 fortes doses ou sur une longue p\u00e9riode : r\u00e9tention d&rsquo;eau excessive et gonflement des chevilles (\u0153d\u00e8me).<\/p>\n<\/li>\n<li>\n<p data-path-to-node=\"13,8,0\">R\u00e9duction du nombre de spermatozo\u00efdes et \u00e9rections fr\u00e9quentes ou persistantes (dans ce cas, il est vital d&rsquo;en informer le m\u00e9decin car cela peut endommager le p\u00e9nis).<\/p>\n<\/li>\n<li>\n<p data-path-to-node=\"13,9,0\">Maux de t\u00eate, faiblesse, d\u00e9pression, anxi\u00e9t\u00e9.<\/p>\n<\/li>\n<li>\n<p data-path-to-node=\"13,10,0\">Changements dans la croissance osseuse.<\/p>\n<\/li>\n<li>\n<p data-path-to-node=\"13,11,0\">Probl\u00e8mes d&rsquo;estomac, naus\u00e9es.<\/p>\n<\/li>\n<li>\n<p data-path-to-node=\"13,12,0\">Les injections de liquides huileux peuvent \u00eatre associ\u00e9es \u00e0 des r\u00e9actions telles que toux, essoufflement ou douleur thoracique imm\u00e9diatement apr\u00e8s l&rsquo;application.<\/p>\n<\/li>\n<\/ul>\n<h3 data-path-to-node=\"14\">Grossesse et Allaitement<\/h3>\n<p data-path-to-node=\"15\">L&rsquo;\u00c9nanthate de Testost\u00e9rone est destin\u00e9 \u00e0 un usage masculin uniquement. Il n&rsquo;est pas indiqu\u00e9 chez la femme enceinte ou allaitante en raison de la possibilit\u00e9 de virilisation (d\u00e9veloppement de caract\u00e9ristiques sexuelles m\u00e2les) du f\u0153tus f\u00e9minin.<\/p>\n<h3 data-path-to-node=\"16\">Pr\u00e9cautions et Avertissements<\/h3>\n<p data-path-to-node=\"17\">Informez votre m\u00e9decin si vous :<\/p>\n<ul data-path-to-node=\"18\">\n<li>\n<p data-path-to-node=\"18,0,0\">Avez des probl\u00e8mes h\u00e9patiques ou des douleurs abdominales sup\u00e9rieures s\u00e9v\u00e8res.<\/p>\n<\/li>\n<li>\n<p data-path-to-node=\"18,1,0\">Avez tendance \u00e0 faire de la r\u00e9tention d&rsquo;eau (gonflement des chevilles).<\/p>\n<\/li>\n<li>\n<p data-path-to-node=\"18,2,0\">Souffrez d&rsquo;apn\u00e9e du sommeil (interruption de la respiration pendant le sommeil).<\/p>\n<\/li>\n<li>\n<p data-path-to-node=\"18,3,0\">Souffrez d&rsquo;une maladie grave du c\u0153ur, du foie ou des reins (la r\u00e9tention d&rsquo;eau pourrait entra\u00eener une insuffisance cardiaque congestive).<\/p>\n<\/li>\n<li>\n<p data-path-to-node=\"18,4,0\">Souffrez d&rsquo;hypertension art\u00e9rielle.<\/p>\n<\/li>\n<li>\n<p data-path-to-node=\"18,5,0\">Avez ou avez d\u00e9j\u00e0 eu des probl\u00e8mes de coagulation sanguine ou une thrombophilie.<\/p>\n<\/li>\n<li>\n<p data-path-to-node=\"18,6,0\">Pr\u00e9sentez des facteurs de risque de caillots sanguins (tabagisme, ob\u00e9sit\u00e9, cancer, immobilit\u00e9 ou ant\u00e9c\u00e9dents familiaux).<\/p>\n<\/li>\n<\/ul>\n<p data-path-to-node=\"19\"><b data-path-to-node=\"19\" data-index-in-node=\"0\">Comment reconna\u00eetre un caillot :<\/b> gonflement douloureux d&rsquo;une jambe, changement soudain de la couleur de la peau (p\u00e2le, rouge ou bleue), essoufflement soudain, toux soudaine inexpliqu\u00e9e (avec sang), douleur thoracique ou vertiges s\u00e9v\u00e8res. Consultez d&rsquo;urgence un m\u00e9decin si vous ressentez l&rsquo;un de ces sympt\u00f4mes.<\/p>\n<p data-path-to-node=\"20\">Les hormones m\u00e2les telles que l&rsquo;\u00c9nanthate de Testost\u00e9rone <b data-path-to-node=\"20\" data-index-in-node=\"58\">ne sont pas adapt\u00e9es<\/b> pour augmenter le d\u00e9veloppement musculaire chez les personnes en bonne sant\u00e9 ni pour augmenter les capacit\u00e9s physiques.<\/p>\n<p><\/p>","protected":false},"excerpt":{"rendered":"<p>Voici la traduction en fran\u00e7ais : L&rsquo;\u00c9nanthate de Testost\u00e9rone est une version synth\u00e9tique de la testost\u00e9rone, l&rsquo;hormone sexuelle masculine produite<\/p>\n","protected":false},"featured_media":10547,"comment_status":"open","ping_status":"closed","template":"","meta":[],"product_brand":[3531],"product_cat":[69,3474],"product_tag":[],"class_list":{"0":"post-10546","1":"product","2":"type-product","3":"status-publish","4":"has-post-thumbnail","6":"product_brand-adam-pharm","7":"product_cat-esteroides_inyectables","8":"product_cat-packs","10":"first","11":"instock","12":"shipping-taxable","13":"purchasable","14":"product-type-simple"},"yoast_head":"<!-- This site is optimized with the Yoast SEO Premium plugin v24.4 (Yoast SEO v27.0) - https:\/\/yoast.com\/product\/yoast-seo-premium-wordpress\/ -->\n<title>BIOTEN (testosteron enanthate) pack5x10ml - (Espa\u00f1ol) Esteroides en l\u00ednea<\/title>\n<meta name=\"description\" content=\"L&#039;\u00c9nanthate de Testost\u00e9rone est une hormone synth\u00e9tique injectable pour traiter l&#039;hypogonadisme masculin et restaurer les niveaux.\" \/>\n<meta name=\"robots\" content=\"index, follow, max-snippet:-1, max-image-preview:large, max-video-preview:-1\" \/>\n<link rel=\"canonical\" href=\"https:\/\/iberoid-shop.com\/product\/pack5x10ml-bioten-testosteron-enanthate\/\" \/>\n<meta property=\"og:locale\" content=\"fr_FR\" \/>\n<meta property=\"og:type\" content=\"article\" \/>\n<meta property=\"og:title\" content=\"BIOTEN (testosteron enanthate) pack5x10ml\" \/>\n<meta property=\"og:description\" content=\"L&#039;\u00c9nanthate de Testost\u00e9rone est une hormone synth\u00e9tique injectable pour traiter l&#039;hypogonadisme masculin et restaurer les niveaux.\" \/>\n<meta property=\"og:url\" content=\"https:\/\/iberoid-shop.com\/product\/pack5x10ml-bioten-testosteron-enanthate\/\" \/>\n<meta property=\"og:site_name\" content=\"(Espa\u00f1ol) Esteroides en l\u00ednea\" \/>\n<meta property=\"article:modified_time\" content=\"2026-04-04T03:16:13+00:00\" \/>\n<meta property=\"og:image\" content=\"https:\/\/iberoid-shop.com\/wp-content\/uploads\/2026\/01\/bioten-te-adam.jpeg?v=1769533655\" \/>\n\t<meta property=\"og:image:width\" content=\"1026\" \/>\n\t<meta property=\"og:image:height\" content=\"546\" \/>\n\t<meta property=\"og:image:type\" content=\"image\/jpeg\" \/>\n<meta name=\"twitter:card\" content=\"summary_large_image\" \/>\n<meta name=\"twitter:label1\" content=\"Prix\" \/>\n\t<meta name=\"twitter:data1\" content=\"&euro;100.00\" \/>\n\t<meta name=\"twitter:label2\" content=\"Disponibilit\u00e9\" \/>\n\t<meta name=\"twitter:data2\" content=\"En stock\" \/>\n<script type=\"application\/ld+json\" class=\"yoast-schema-graph\">{\"@context\":\"https:\/\/schema.org\",\"@graph\":[{\"@type\":\"WebPage\",\"@id\":\"https:\/\/iberoid-shop.com\/product\/pack5x10ml-bioten-testosteron-enanthate\/\",\"url\":\"https:\/\/iberoid-shop.com\/product\/pack5x10ml-bioten-testosteron-enanthate\/\",\"name\":\"BIOTEN (testosteron enanthate) pack5x10ml - (Espa\u00f1ol) Esteroides en l\u00ednea\",\"isPartOf\":{\"@id\":\"https:\/\/iberoid-shop.com\/#website\"},\"primaryImageOfPage\":{\"@id\":\"https:\/\/iberoid-shop.com\/product\/pack5x10ml-bioten-testosteron-enanthate\/#primaryimage\"},\"image\":{\"@id\":\"https:\/\/iberoid-shop.com\/product\/pack5x10ml-bioten-testosteron-enanthate\/#primaryimage\"},\"thumbnailUrl\":\"https:\/\/iberoid.com\/wp-content\/uploads\/2026\/01\/bioten-te-adam.jpeg?v=1769533655\",\"datePublished\":\"2026-01-27T17:12:18+00:00\",\"dateModified\":\"2026-04-04T03:16:13+00:00\",\"description\":\"L'\u00c9nanthate de Testost\u00e9rone est une hormone synth\u00e9tique injectable pour traiter l'hypogonadisme masculin et restaurer les niveaux.\",\"breadcrumb\":{\"@id\":\"https:\/\/iberoid-shop.com\/product\/pack5x10ml-bioten-testosteron-enanthate\/#breadcrumb\"},\"inLanguage\":\"fr-FR\",\"potentialAction\":[{\"@type\":\"ReadAction\",\"target\":[[\"https:\/\/iberoid-shop.com\/product\/pack5x10ml-bioten-testosteron-enanthate\/\"]]}]},{\"@type\":\"ImageObject\",\"inLanguage\":\"fr-FR\",\"@id\":\"https:\/\/iberoid-shop.com\/product\/pack5x10ml-bioten-testosteron-enanthate\/#primaryimage\",\"url\":\"https:\/\/iberoid.com\/wp-content\/uploads\/2026\/01\/bioten-te-adam.jpeg?v=1769533655\",\"contentUrl\":\"https:\/\/iberoid.com\/wp-content\/uploads\/2026\/01\/bioten-te-adam.jpeg?v=1769533655\",\"width\":1026,\"height\":546},{\"@type\":\"BreadcrumbList\",\"@id\":\"https:\/\/iberoid-shop.com\/product\/pack5x10ml-bioten-testosteron-enanthate\/#breadcrumb\",\"itemListElement\":[{\"@type\":\"ListItem\",\"position\":1,\"name\":\"Portada\",\"item\":\"https:\/\/iberoid.com\/fr\/\"},{\"@type\":\"ListItem\",\"position\":2,\"name\":\"Magasin\",\"item\":\"https:\/\/iberoid.com\/fr\/shop\/\"},{\"@type\":\"ListItem\",\"position\":3,\"name\":\"BIOTEN (testosteron enanthate) pack5x10ml\"}]},{\"@type\":\"WebSite\",\"@id\":\"https:\/\/iberoid-shop.com\/#website\",\"url\":\"https:\/\/iberoid-shop.com\/\",\"name\":\"(Espa\u00f1ol) Esteroides en l\u00ednea\",\"description\":\"(Espa\u00f1ol) Comprar esteroides en l\u00ednea hoy en Espa\u00f1a y Portugal. Tenemos el mejor servicio al cliente en la industria y los productos de la m\u00e1s alta calidad\",\"potentialAction\":[{\"@type\":\"SearchAction\",\"target\":{\"@type\":\"EntryPoint\",\"urlTemplate\":\"https:\/\/iberoid-shop.com\/?s={search_term_string}\"},\"query-input\":{\"@type\":\"PropertyValueSpecification\",\"valueRequired\":true,\"valueName\":\"search_term_string\"}}],\"inLanguage\":\"fr-FR\"}]}<\/script>\n<meta property=\"product:brand\" content=\"AdamLabs\" \/>\n<meta property=\"product:price:amount\" content=\"100.00\" \/>\n<meta property=\"product:price:currency\" content=\"EUR\" \/>\n<meta property=\"og:availability\" content=\"instock\" \/>\n<meta property=\"product:availability\" content=\"instock\" \/>\n<meta property=\"product:condition\" content=\"new\" \/>\n<!-- \/ Yoast SEO Premium plugin. -->","yoast_head_json":{"title":"BIOTEN (testosteron enanthate) pack5x10ml - (Espa\u00f1ol) Esteroides en l\u00ednea","description":"L'\u00c9nanthate de Testost\u00e9rone est une hormone synth\u00e9tique injectable pour traiter l'hypogonadisme masculin et restaurer les niveaux.","robots":{"index":"index","follow":"follow","max-snippet":"max-snippet:-1","max-image-preview":"max-image-preview:large","max-video-preview":"max-video-preview:-1"},"canonical":"https:\/\/iberoid-shop.com\/product\/pack5x10ml-bioten-testosteron-enanthate\/","og_locale":"fr_FR","og_type":"article","og_title":"BIOTEN (testosteron enanthate) pack5x10ml","og_description":"L'\u00c9nanthate de Testost\u00e9rone est une hormone synth\u00e9tique injectable pour traiter l'hypogonadisme masculin et restaurer les niveaux.","og_url":"https:\/\/iberoid-shop.com\/product\/pack5x10ml-bioten-testosteron-enanthate\/","og_site_name":"(Espa\u00f1ol) Esteroides en l\u00ednea","article_modified_time":"2026-04-04T03:16:13+00:00","og_image":[{"width":1026,"height":546,"url":"https:\/\/iberoid-shop.com\/wp-content\/uploads\/2026\/01\/bioten-te-adam.jpeg?v=1769533655","type":"image\/jpeg"}],"twitter_card":"summary_large_image","twitter_misc":{"Prix":"&euro;100.00","Disponibilit\u00e9":"En stock"},"schema":{"@context":"https:\/\/schema.org","@graph":[{"@type":"WebPage","@id":"https:\/\/iberoid-shop.com\/product\/pack5x10ml-bioten-testosteron-enanthate\/","url":"https:\/\/iberoid-shop.com\/product\/pack5x10ml-bioten-testosteron-enanthate\/","name":"BIOTEN (testosteron enanthate) pack5x10ml - (Espa\u00f1ol) Esteroides en l\u00ednea","isPartOf":{"@id":"https:\/\/iberoid-shop.com\/#website"},"primaryImageOfPage":{"@id":"https:\/\/iberoid-shop.com\/product\/pack5x10ml-bioten-testosteron-enanthate\/#primaryimage"},"image":{"@id":"https:\/\/iberoid-shop.com\/product\/pack5x10ml-bioten-testosteron-enanthate\/#primaryimage"},"thumbnailUrl":"https:\/\/iberoid.com\/wp-content\/uploads\/2026\/01\/bioten-te-adam.jpeg?v=1769533655","datePublished":"2026-01-27T17:12:18+00:00","dateModified":"2026-04-04T03:16:13+00:00","description":"L'\u00c9nanthate de Testost\u00e9rone est une hormone synth\u00e9tique injectable pour traiter l'hypogonadisme masculin et restaurer les niveaux.","breadcrumb":{"@id":"https:\/\/iberoid-shop.com\/product\/pack5x10ml-bioten-testosteron-enanthate\/#breadcrumb"},"inLanguage":"fr-FR","potentialAction":[{"@type":"ReadAction","target":[["https:\/\/iberoid-shop.com\/product\/pack5x10ml-bioten-testosteron-enanthate\/"]]}]},{"@type":"ImageObject","inLanguage":"fr-FR","@id":"https:\/\/iberoid-shop.com\/product\/pack5x10ml-bioten-testosteron-enanthate\/#primaryimage","url":"https:\/\/iberoid.com\/wp-content\/uploads\/2026\/01\/bioten-te-adam.jpeg?v=1769533655","contentUrl":"https:\/\/iberoid.com\/wp-content\/uploads\/2026\/01\/bioten-te-adam.jpeg?v=1769533655","width":1026,"height":546},{"@type":"BreadcrumbList","@id":"https:\/\/iberoid-shop.com\/product\/pack5x10ml-bioten-testosteron-enanthate\/#breadcrumb","itemListElement":[{"@type":"ListItem","position":1,"name":"Portada","item":"https:\/\/iberoid.com\/fr\/"},{"@type":"ListItem","position":2,"name":"Magasin","item":"https:\/\/iberoid.com\/fr\/shop\/"},{"@type":"ListItem","position":3,"name":"BIOTEN (testosteron enanthate) pack5x10ml"}]},{"@type":"WebSite","@id":"https:\/\/iberoid-shop.com\/#website","url":"https:\/\/iberoid-shop.com\/","name":"(Espa\u00f1ol) Esteroides en l\u00ednea","description":"(Espa\u00f1ol) Comprar esteroides en l\u00ednea hoy en Espa\u00f1a y Portugal. Tenemos el mejor servicio al cliente en la industria y los productos de la m\u00e1s alta calidad","potentialAction":[{"@type":"SearchAction","target":{"@type":"EntryPoint","urlTemplate":"https:\/\/iberoid-shop.com\/?s={search_term_string}"},"query-input":{"@type":"PropertyValueSpecification","valueRequired":true,"valueName":"search_term_string"}}],"inLanguage":"fr-FR"}]},"product_brand":"AdamLabs","product_price_amount":"100.00","product_price_currency":"EUR","og_availability":"instock","product_availability":"instock","product_condition":"new"},"_links":{"self":[{"href":"https:\/\/iberoid.com\/fr\/wp-json\/wp\/v2\/product\/10546","targetHints":{"allow":["GET"]}}],"collection":[{"href":"https:\/\/iberoid.com\/fr\/wp-json\/wp\/v2\/product"}],"about":[{"href":"https:\/\/iberoid.com\/fr\/wp-json\/wp\/v2\/types\/product"}],"replies":[{"embeddable":true,"href":"https:\/\/iberoid.com\/fr\/wp-json\/wp\/v2\/comments?post=10546"}],"wp:featuredmedia":[{"embeddable":true,"href":"https:\/\/iberoid.com\/fr\/wp-json\/wp\/v2\/media\/10547"}],"wp:attachment":[{"href":"https:\/\/iberoid.com\/fr\/wp-json\/wp\/v2\/media?parent=10546"}],"wp:term":[{"taxonomy":"product_brand","embeddable":true,"href":"https:\/\/iberoid.com\/fr\/wp-json\/wp\/v2\/product_brand?post=10546"},{"taxonomy":"product_cat","embeddable":true,"href":"https:\/\/iberoid.com\/fr\/wp-json\/wp\/v2\/product_cat?post=10546"},{"taxonomy":"product_tag","embeddable":true,"href":"https:\/\/iberoid.com\/fr\/wp-json\/wp\/v2\/product_tag?post=10546"}],"curies":[{"name":"wp","href":"https:\/\/api.w.org\/{rel}","templated":true}]}}