{"id":10555,"date":"2026-01-31T16:34:40","date_gmt":"2026-01-31T16:34:40","guid":{"rendered":"https:\/\/iberoid.com\/?post_type=product&#038;p=10555"},"modified":"2026-03-22T10:59:16","modified_gmt":"2026-03-22T10:59:16","slug":"pack3-testobol-p-testosteron-propionate","status":"publish","type":"product","link":"https:\/\/iberoid.com\/fr\/product\/pack3-testobol-p-testosteron-propionate\/","title":{"rendered":"TESTOBOL P (testosterone propionate) &#8211; pack 3"},"content":{"rendered":"<p><\/p>\n<p data-path-to-node=\"0\">Voici la traduction en fran\u00e7ais :<\/p>\n<p data-path-to-node=\"1\"><b data-path-to-node=\"1\" data-index-in-node=\"0\">TESTOBOL P ou Propionate de Testost\u00e9rone<\/b> est le produit utilis\u00e9 par les personnes qui souhaitent obtenir une forme et une taille corporelles id\u00e9ales. Elles travaillent leurs muscles, mais le processus pour les sculpter comme elles le souhaitent est long. Elles s&rsquo;entra\u00eenent, mais ne peuvent pas attendre les r\u00e9sultats. Eh bien, nous sommes ici avec le produit TESTOBOL P ou Propionate de Testost\u00e9rone qui peut vous aider \u00e0 obtenir le corps que vous avez toujours voulu. Il vous aidera de bien des fa\u00e7ons. Dans cet article, nous allons partager avec vous des d\u00e9tails sur les ingr\u00e9dients des comprim\u00e9s, leurs avantages, les effets secondaires, les points positifs et bien plus encore.<\/p>\n<h3 data-path-to-node=\"2\">Ingr\u00e9dients de TESTOBOL P ou Propionate de Testost\u00e9rone<\/h3>\n<p data-path-to-node=\"3\">Les ingr\u00e9dients utilis\u00e9s pour fabriquer ce comprim\u00e9 comprennent :<\/p>\n<ul data-path-to-node=\"4\">\n<li>\n<p data-path-to-node=\"4,0,0\"><b data-path-to-node=\"4,0,0\" data-index-in-node=\"0\">Propionate de Testost\u00e9rone :<\/b> C&rsquo;est le seul produit chimique inclus dans le produit, accompagn\u00e9 de quelques ingr\u00e9dients simples qui ne sont pr\u00e9sents qu&rsquo;en quantit\u00e9 mineure.<\/p>\n<\/li>\n<\/ul>\n<h3 data-path-to-node=\"5\">Avantages de TESTOBOL P ou Propionate de Testost\u00e9rone<\/h3>\n<p data-path-to-node=\"6\">Les avantages de l&rsquo;utilisation de TESTOBOL P ou Propionate de Testost\u00e9rone sont tr\u00e8s nombreux, mais nous allons partager ici les plus importants. Voyons-les en d\u00e9tail d\u00e8s maintenant :<\/p>\n<ul data-path-to-node=\"7\">\n<li>\n<p data-path-to-node=\"7,0,0\">Ce comprim\u00e9 ou compl\u00e9ment a des effets anabolisants tr\u00e8s puissants sur le corps humain.<\/p>\n<\/li>\n<li>\n<p data-path-to-node=\"7,1,0\">Les effets androg\u00e9niques du TESTOBOL P ou Propionate de Testost\u00e9rone sont \u00e9galement tr\u00e8s \u00e9vidents et pro\u00e9minents d\u00e8s que vous commencez \u00e0 l&rsquo;utiliser.<\/p>\n<\/li>\n<li>\n<p data-path-to-node=\"7,2,0\">Il vous aidera \u00e0 d\u00e9velopper la force musculaire dans l&rsquo;ensemble du corps. Parall\u00e8lement, la forme et la taille des muscles peuvent \u00e9galement \u00eatre grandement am\u00e9lior\u00e9es.<\/p>\n<\/li>\n<li>\n<p data-path-to-node=\"7,3,0\">Pendant vos exercices de musculation ou votre entra\u00eenement de fitness pour un projet de r\u00eave, vous devriez prendre du TESTOBOL P ou Propionate de Testost\u00e9rone car il vous aidera \u00e0 obtenir le corps dont vous avez toujours r\u00eav\u00e9.<\/p>\n<\/li>\n<li>\n<p data-path-to-node=\"7,4,0\">Il agit \u00e0 une vitesse tr\u00e8s \u00e9lev\u00e9e, vous n&rsquo;avez donc pas \u00e0 attendre de longues heures ou plusieurs jours pour en voir les effets. Il commencera \u00e0 agir imm\u00e9diatement.<\/p>\n<\/li>\n<\/ul>\n<h3 data-path-to-node=\"8\">Conseils d&rsquo;utilisation et Dose Quotidienne<\/h3>\n<p data-path-to-node=\"9\">L&rsquo;utilisation du TESTOBOL P ou Propionate de Testost\u00e9rone est simple et facile. Voici les points cl\u00e9s pour vous \u00e9clairer :<\/p>\n<ul data-path-to-node=\"10\">\n<li>\n<p data-path-to-node=\"10,0,0\">Vous pouvez prendre une dose ne d\u00e9passant pas 100 milligrammes par jour.<\/p>\n<\/li>\n<li>\n<p data-path-to-node=\"10,1,0\">Vous pouvez m\u00eame commencer par prendre une dose tous les deux jours si cela semble trop lourd pour votre corps.<\/p>\n<\/li>\n<li>\n<p data-path-to-node=\"10,2,0\">Essayez de le consommer apr\u00e8s le petit-d\u00e9jeuner, ou \u00e9ventuellement avec votre shake prot\u00e9in\u00e9 apr\u00e8s l&rsquo;exercice.<\/p>\n<\/li>\n<\/ul>\n<h3 data-path-to-node=\"11\">Effets Secondaires Possibles<\/h3>\n<p data-path-to-node=\"12\">Les effets secondaires possibles du TESTOBOL P ou Propionate de Testost\u00e9rone ne sont pas nombreux, et ceux qui pourraient appara\u00eetre sont presque n\u00e9gligeables.<\/p>\n<ul data-path-to-node=\"13\">\n<li>\n<p data-path-to-node=\"13,0,0\">Il se peut que vous ne trouviez pas le TESTOBOL P ou Propionate de Testost\u00e9rone dans le magasin le plus proche. En effet, il ne peut \u00eatre command\u00e9 qu&rsquo;en ligne.<\/p>\n<\/li>\n<li>\n<p data-path-to-node=\"13,1,0\">Il n&rsquo;est pas livr\u00e9 avec une prescription, vous devez donc d&rsquo;abord consulter un m\u00e9decin ou un nutritionniste avant de commencer son utilisation.<\/p>\n<\/li>\n<\/ul>\n<h3 data-path-to-node=\"14\">Conclusion<\/h3>\n<p data-path-to-node=\"15\">Comme vous pouvez le constater, le TESTOBOL P ou Propionate de Testost\u00e9rone peut \u00eatre extr\u00eamement efficace pour votre musculation et le d\u00e9veloppement de votre force. Notez ces points, faites des recherches compl\u00e9mentaires et obtenez les r\u00e9sultats que vous souhaitez.<\/p>\n<p><\/p>","protected":false},"excerpt":{"rendered":"<p>Voici la traduction en fran\u00e7ais : TESTOBOL P ou Propionate de Testost\u00e9rone est le produit utilis\u00e9 par les personnes qui<\/p>\n","protected":false},"featured_media":10556,"comment_status":"open","ping_status":"closed","template":"","meta":[],"product_brand":[3526],"product_cat":[69,3474],"product_tag":[],"class_list":{"0":"post-10555","1":"product","2":"type-product","3":"status-publish","4":"has-post-thumbnail","6":"product_brand-pharmabol","7":"product_cat-esteroides_inyectables","8":"product_cat-packs","10":"first","11":"instock","12":"sale","13":"shipping-taxable","14":"purchasable","15":"product-type-simple"},"yoast_head":"<!-- This site is optimized with the Yoast SEO Premium plugin v24.4 (Yoast SEO v27.0) - https:\/\/yoast.com\/product\/yoast-seo-premium-wordpress\/ -->\n<title>TESTOBOL P (testosterone propionate) - pack 3 - (Espa\u00f1ol) Esteroides en l\u00ednea<\/title>\n<meta name=\"description\" content=\"TESTOBOL P (Propionate de Testost\u00e9rone) est un anabolisant rapide pour la croissance musculaire, la force et la forme avec des effets minimes.\" \/>\n<meta name=\"robots\" content=\"index, follow, max-snippet:-1, max-image-preview:large, max-video-preview:-1\" \/>\n<link rel=\"canonical\" href=\"https:\/\/iberoid.com\/fr\/product\/pack3-testobol-p-testosteron-propionate\/\" \/>\n<meta property=\"og:locale\" content=\"fr_FR\" \/>\n<meta property=\"og:type\" content=\"article\" \/>\n<meta property=\"og:title\" content=\"TESTOBOL P (testosterone propionate) - pack 3\" \/>\n<meta property=\"og:description\" content=\"TESTOBOL P (Propionate de Testost\u00e9rone) est un anabolisant rapide pour la croissance musculaire, la force et la forme avec des effets minimes.\" \/>\n<meta property=\"og:url\" content=\"https:\/\/iberoid.com\/fr\/product\/pack3-testobol-p-testosteron-propionate\/\" \/>\n<meta property=\"og:site_name\" content=\"(Espa\u00f1ol) Esteroides en l\u00ednea\" \/>\n<meta property=\"article:modified_time\" content=\"2026-03-22T10:59:16+00:00\" \/>\n<meta property=\"og:image\" content=\"https:\/\/iberoid.com\/wp-content\/uploads\/2026\/01\/3tppb-scaled.jpeg?v=1769877217\" \/>\n\t<meta property=\"og:image:width\" content=\"1920\" \/>\n\t<meta property=\"og:image:height\" content=\"2560\" \/>\n\t<meta property=\"og:image:type\" content=\"image\/jpeg\" \/>\n<meta name=\"twitter:card\" content=\"summary_large_image\" \/>\n<meta name=\"twitter:label1\" content=\"Prix\" \/>\n\t<meta name=\"twitter:data1\" content=\"&euro;50.00\" \/>\n\t<meta name=\"twitter:label2\" content=\"Disponibilit\u00e9\" \/>\n\t<meta name=\"twitter:data2\" content=\"En stock\" \/>\n<script type=\"application\/ld+json\" class=\"yoast-schema-graph\">{\"@context\":\"https:\/\/schema.org\",\"@graph\":[{\"@type\":\"WebPage\",\"@id\":\"https:\/\/iberoid.com\/fr\/product\/pack3-testobol-p-testosteron-propionate\/\",\"url\":\"https:\/\/iberoid.com\/fr\/product\/pack3-testobol-p-testosteron-propionate\/\",\"name\":\"TESTOBOL P (testosterone propionate) - pack 3 - (Espa\u00f1ol) Esteroides en l\u00ednea\",\"isPartOf\":{\"@id\":\"https:\/\/iberoid-shop.com\/#website\"},\"primaryImageOfPage\":{\"@id\":\"https:\/\/iberoid.com\/fr\/product\/pack3-testobol-p-testosteron-propionate\/#primaryimage\"},\"image\":{\"@id\":\"https:\/\/iberoid.com\/fr\/product\/pack3-testobol-p-testosteron-propionate\/#primaryimage\"},\"thumbnailUrl\":\"https:\/\/iberoid.com\/wp-content\/uploads\/2026\/01\/3tppb-scaled.jpeg?v=1769877217\",\"datePublished\":\"2026-01-31T16:34:40+00:00\",\"dateModified\":\"2026-03-22T10:59:16+00:00\",\"description\":\"TESTOBOL P (Propionate de Testost\u00e9rone) est un anabolisant rapide pour la croissance musculaire, la force et la forme avec des effets minimes.\",\"breadcrumb\":{\"@id\":\"https:\/\/iberoid.com\/fr\/product\/pack3-testobol-p-testosteron-propionate\/#breadcrumb\"},\"inLanguage\":\"fr-FR\",\"potentialAction\":[{\"@type\":\"ReadAction\",\"target\":[[\"https:\/\/iberoid.com\/fr\/product\/pack3-testobol-p-testosteron-propionate\/\"]]}]},{\"@type\":\"ImageObject\",\"inLanguage\":\"fr-FR\",\"@id\":\"https:\/\/iberoid.com\/fr\/product\/pack3-testobol-p-testosteron-propionate\/#primaryimage\",\"url\":\"https:\/\/iberoid.com\/wp-content\/uploads\/2026\/01\/3tppb-scaled.jpeg?v=1769877217\",\"contentUrl\":\"https:\/\/iberoid.com\/wp-content\/uploads\/2026\/01\/3tppb-scaled.jpeg?v=1769877217\",\"width\":1920,\"height\":2560},{\"@type\":\"BreadcrumbList\",\"@id\":\"https:\/\/iberoid.com\/fr\/product\/pack3-testobol-p-testosteron-propionate\/#breadcrumb\",\"itemListElement\":[{\"@type\":\"ListItem\",\"position\":1,\"name\":\"Portada\",\"item\":\"https:\/\/iberoid.com\/fr\/\"},{\"@type\":\"ListItem\",\"position\":2,\"name\":\"Magasin\",\"item\":\"https:\/\/iberoid.com\/fr\/shop\/\"},{\"@type\":\"ListItem\",\"position\":3,\"name\":\"TESTOBOL P (testosterone propionate) &#8211; pack 3\"}]},{\"@type\":\"WebSite\",\"@id\":\"https:\/\/iberoid-shop.com\/#website\",\"url\":\"https:\/\/iberoid-shop.com\/\",\"name\":\"(Espa\u00f1ol) Esteroides en l\u00ednea\",\"description\":\"(Espa\u00f1ol) Comprar esteroides en l\u00ednea hoy en Espa\u00f1a y Portugal. Tenemos el mejor servicio al cliente en la industria y los productos de la m\u00e1s alta calidad\",\"potentialAction\":[{\"@type\":\"SearchAction\",\"target\":{\"@type\":\"EntryPoint\",\"urlTemplate\":\"https:\/\/iberoid-shop.com\/?s={search_term_string}\"},\"query-input\":{\"@type\":\"PropertyValueSpecification\",\"valueRequired\":true,\"valueName\":\"search_term_string\"}}],\"inLanguage\":\"fr-FR\"}]}<\/script>\n<meta property=\"product:brand\" content=\"Pb Laboratories\" \/>\n<meta property=\"product:price:amount\" content=\"50.00\" \/>\n<meta property=\"product:price:currency\" content=\"EUR\" \/>\n<meta property=\"og:availability\" content=\"instock\" \/>\n<meta property=\"product:availability\" content=\"instock\" \/>\n<meta property=\"product:condition\" content=\"new\" \/>\n<!-- \/ Yoast SEO Premium plugin. -->","yoast_head_json":{"title":"TESTOBOL P (testosterone propionate) - pack 3 - (Espa\u00f1ol) Esteroides en l\u00ednea","description":"TESTOBOL P (Propionate de Testost\u00e9rone) est un anabolisant rapide pour la croissance musculaire, la force et la forme avec des effets minimes.","robots":{"index":"index","follow":"follow","max-snippet":"max-snippet:-1","max-image-preview":"max-image-preview:large","max-video-preview":"max-video-preview:-1"},"canonical":"https:\/\/iberoid.com\/fr\/product\/pack3-testobol-p-testosteron-propionate\/","og_locale":"fr_FR","og_type":"article","og_title":"TESTOBOL P (testosterone propionate) - pack 3","og_description":"TESTOBOL P (Propionate de Testost\u00e9rone) est un anabolisant rapide pour la croissance musculaire, la force et la forme avec des effets minimes.","og_url":"https:\/\/iberoid.com\/fr\/product\/pack3-testobol-p-testosteron-propionate\/","og_site_name":"(Espa\u00f1ol) Esteroides en l\u00ednea","article_modified_time":"2026-03-22T10:59:16+00:00","og_image":[{"width":1920,"height":2560,"url":"https:\/\/iberoid.com\/wp-content\/uploads\/2026\/01\/3tppb-scaled.jpeg?v=1769877217","type":"image\/jpeg"}],"twitter_card":"summary_large_image","twitter_misc":{"Prix":"&euro;50.00","Disponibilit\u00e9":"En stock"},"schema":{"@context":"https:\/\/schema.org","@graph":[{"@type":"WebPage","@id":"https:\/\/iberoid.com\/fr\/product\/pack3-testobol-p-testosteron-propionate\/","url":"https:\/\/iberoid.com\/fr\/product\/pack3-testobol-p-testosteron-propionate\/","name":"TESTOBOL P (testosterone propionate) - pack 3 - (Espa\u00f1ol) Esteroides en l\u00ednea","isPartOf":{"@id":"https:\/\/iberoid-shop.com\/#website"},"primaryImageOfPage":{"@id":"https:\/\/iberoid.com\/fr\/product\/pack3-testobol-p-testosteron-propionate\/#primaryimage"},"image":{"@id":"https:\/\/iberoid.com\/fr\/product\/pack3-testobol-p-testosteron-propionate\/#primaryimage"},"thumbnailUrl":"https:\/\/iberoid.com\/wp-content\/uploads\/2026\/01\/3tppb-scaled.jpeg?v=1769877217","datePublished":"2026-01-31T16:34:40+00:00","dateModified":"2026-03-22T10:59:16+00:00","description":"TESTOBOL P (Propionate de Testost\u00e9rone) est un anabolisant rapide pour la croissance musculaire, la force et la forme avec des effets minimes.","breadcrumb":{"@id":"https:\/\/iberoid.com\/fr\/product\/pack3-testobol-p-testosteron-propionate\/#breadcrumb"},"inLanguage":"fr-FR","potentialAction":[{"@type":"ReadAction","target":[["https:\/\/iberoid.com\/fr\/product\/pack3-testobol-p-testosteron-propionate\/"]]}]},{"@type":"ImageObject","inLanguage":"fr-FR","@id":"https:\/\/iberoid.com\/fr\/product\/pack3-testobol-p-testosteron-propionate\/#primaryimage","url":"https:\/\/iberoid.com\/wp-content\/uploads\/2026\/01\/3tppb-scaled.jpeg?v=1769877217","contentUrl":"https:\/\/iberoid.com\/wp-content\/uploads\/2026\/01\/3tppb-scaled.jpeg?v=1769877217","width":1920,"height":2560},{"@type":"BreadcrumbList","@id":"https:\/\/iberoid.com\/fr\/product\/pack3-testobol-p-testosteron-propionate\/#breadcrumb","itemListElement":[{"@type":"ListItem","position":1,"name":"Portada","item":"https:\/\/iberoid.com\/fr\/"},{"@type":"ListItem","position":2,"name":"Magasin","item":"https:\/\/iberoid.com\/fr\/shop\/"},{"@type":"ListItem","position":3,"name":"TESTOBOL P (testosterone propionate) &#8211; pack 3"}]},{"@type":"WebSite","@id":"https:\/\/iberoid-shop.com\/#website","url":"https:\/\/iberoid-shop.com\/","name":"(Espa\u00f1ol) Esteroides en l\u00ednea","description":"(Espa\u00f1ol) Comprar esteroides en l\u00ednea hoy en Espa\u00f1a y Portugal. Tenemos el mejor servicio al cliente en la industria y los productos de la m\u00e1s alta calidad","potentialAction":[{"@type":"SearchAction","target":{"@type":"EntryPoint","urlTemplate":"https:\/\/iberoid-shop.com\/?s={search_term_string}"},"query-input":{"@type":"PropertyValueSpecification","valueRequired":true,"valueName":"search_term_string"}}],"inLanguage":"fr-FR"}]},"product_brand":"Pb Laboratories","product_price_amount":"50.00","product_price_currency":"EUR","og_availability":"instock","product_availability":"instock","product_condition":"new"},"_links":{"self":[{"href":"https:\/\/iberoid.com\/fr\/wp-json\/wp\/v2\/product\/10555","targetHints":{"allow":["GET"]}}],"collection":[{"href":"https:\/\/iberoid.com\/fr\/wp-json\/wp\/v2\/product"}],"about":[{"href":"https:\/\/iberoid.com\/fr\/wp-json\/wp\/v2\/types\/product"}],"replies":[{"embeddable":true,"href":"https:\/\/iberoid.com\/fr\/wp-json\/wp\/v2\/comments?post=10555"}],"wp:featuredmedia":[{"embeddable":true,"href":"https:\/\/iberoid.com\/fr\/wp-json\/wp\/v2\/media\/10556"}],"wp:attachment":[{"href":"https:\/\/iberoid.com\/fr\/wp-json\/wp\/v2\/media?parent=10555"}],"wp:term":[{"taxonomy":"product_brand","embeddable":true,"href":"https:\/\/iberoid.com\/fr\/wp-json\/wp\/v2\/product_brand?post=10555"},{"taxonomy":"product_cat","embeddable":true,"href":"https:\/\/iberoid.com\/fr\/wp-json\/wp\/v2\/product_cat?post=10555"},{"taxonomy":"product_tag","embeddable":true,"href":"https:\/\/iberoid.com\/fr\/wp-json\/wp\/v2\/product_tag?post=10555"}],"curies":[{"name":"wp","href":"https:\/\/api.w.org\/{rel}","templated":true}]}}