{"id":10575,"date":"2026-02-13T16:30:33","date_gmt":"2026-02-13T16:30:33","guid":{"rendered":"https:\/\/iberoid.com\/?post_type=product&#038;p=10575"},"modified":"2026-04-13T12:18:54","modified_gmt":"2026-04-13T12:18:54","slug":"testosteron-propionate","status":"publish","type":"product","link":"https:\/\/iberoid.com\/fr\/product\/testosteron-propionate\/","title":{"rendered":"TESTOSTERON PROPIONATE 100mg"},"content":{"rendered":"<p><span dir=\"auto\">Ce st\u00e9ro\u00efde anabolisant injectable est d\u00e9riv\u00e9 du propionate de testost\u00e9rone. Fr\u00e9quemment utilis\u00e9 par les culturistes pour se pr\u00e9parer aux comp\u00e9titions et surmonter le trac, il a une courte dur\u00e9e d&rsquo;action, ne d\u00e9passant pas deux jours. De plus, il est rapidement \u00e9limin\u00e9 par l&rsquo;organisme.<\/span><\/p>\n<p><span dir=\"auto\">Propri\u00e9t\u00e9s et effets du produit\u00a0:<\/span><br \/>\n<span dir=\"auto\">Les athl\u00e8tes utilisent souvent le propionate de testost\u00e9rone pour d\u00e9velopper une masse musculaire de qualit\u00e9 et am\u00e9liorer leur force et leur endurance. Il offre des r\u00e9sultats constants et fiables sans r\u00e9tention d\u2019eau.<\/span><\/p>\n<p><span dir=\"auto\">Test Prop se caract\u00e9rise par les effets suivants lorsqu&rsquo;il est pris\u00a0:<\/span><\/p>\n<p><span dir=\"auto\">Maintien d&rsquo;une croissance musculaire de qualit\u00e9 avec une r\u00e9tention d&rsquo;eau minimale\u00a0;<\/span><br \/>\n<span dir=\"auto\">augmentation de la force et de l&rsquo;endurance\u00a0;<\/span><br \/>\n<span dir=\"auto\">am\u00e9lioration de la libido, de la motivation, de l&rsquo;humeur et de l&rsquo;app\u00e9tit\u00a0;<\/span><br \/>\n<span dir=\"auto\">renforcement des os et des articulations\u00a0;<\/span><br \/>\n<span dir=\"auto\">r\u00e9cup\u00e9ration rapide apr\u00e8s l&rsquo;entra\u00eenement.<\/span><br \/>\n<span dir=\"auto\">La substance agit tr\u00e8s rapidement, d\u00e8s les premi\u00e8res injections. L&rsquo;effet se fait sentir en quelques heures. Le propionate de testost\u00e9rone pr\u00e9sente des effets secondaires faibles et tr\u00e8s rares. De ce fait, il peut \u00eatre utilis\u00e9 m\u00eame par les d\u00e9butants.<\/span><\/p>\n<p><span dir=\"auto\">Administration\u00a0:<\/span><br \/>\n<span dir=\"auto\">Avant de commencer un cycle de propionate de testost\u00e9rone, il est conseill\u00e9 de consulter un m\u00e9decin du sport afin de d\u00e9terminer la posologie adapt\u00e9e. Le sch\u00e9ma posologique g\u00e9n\u00e9ral est le suivant\u00a0:<\/span><\/p>\n<p><span dir=\"auto\">* La dose hebdomadaire maximale autoris\u00e9e est de 350 mg. Le traitement doit d\u00e9buter \u00e0 50 mg tous les deux jours.<\/span><br \/>\n<span dir=\"auto\">* La dur\u00e9e du traitement ne doit pas exc\u00e9der 1,5 \u00e0 2 mois.<\/span><br \/>\n<span dir=\"auto\">* Pour un effet optimal, ce produit peut \u00eatre associ\u00e9 \u00e0 d&rsquo;autres st\u00e9ro\u00efdes anabolisants androg\u00e8nes (SAA) tels que le stanozolol, la m\u00e9thandi\u00e9none, le trenbolone, etc. Les associations sp\u00e9cifiques d\u00e9pendent des r\u00e9sultats souhait\u00e9s, du programme d&rsquo;entra\u00eenement et de l&rsquo;alimentation.<\/span><br \/>\n<span dir=\"auto\">* Pendant le traitement, il est important de surveiller sa sant\u00e9 et son \u00e9quilibre hormonal.<\/span><br \/>\n<span dir=\"auto\">* Apr\u00e8s le traitement, une th\u00e9rapie post-cycle (PCT) est n\u00e9cessaire. Elle permet de r\u00e9tablir la production naturelle d&rsquo;hormones m\u00e2les.<\/span><br \/>\n<span dir=\"auto\">* Ce produit peut \u00eatre utilis\u00e9 par les femmes. Pour elles, la dose est r\u00e9duite \u00e0 25-50 mg par semaine, et la dur\u00e9e du traitement est de 6 semaines.<\/span><\/p>","protected":false},"excerpt":{"rendered":"<p>Ce st\u00e9ro\u00efde anabolisant injectable est d\u00e9riv\u00e9 du propionate de testost\u00e9rone. Fr\u00e9quemment utilis\u00e9 par les culturistes pour se pr\u00e9parer aux comp\u00e9titions<\/p>\n","protected":false},"featured_media":10576,"comment_status":"open","ping_status":"closed","template":"","meta":[],"product_brand":[3532],"product_cat":[69],"product_tag":[],"class_list":{"0":"post-10575","1":"product","2":"type-product","3":"status-publish","4":"has-post-thumbnail","6":"product_brand-imperia-labs","7":"product_cat-esteroides_inyectables","9":"first","10":"instock","11":"shipping-taxable","12":"purchasable","13":"product-type-simple"},"yoast_head":"<!-- This site is optimized with the Yoast SEO Premium plugin v24.4 (Yoast SEO v27.3) - https:\/\/yoast.com\/product\/yoast-seo-premium-wordpress\/ -->\n<title>TESTOSTERON PROPIONATE 100mg - (Espa\u00f1ol) Esteroides en l\u00ednea<\/title>\n<meta name=\"robots\" content=\"index, follow, max-snippet:-1, max-image-preview:large, max-video-preview:-1\" \/>\n<link rel=\"canonical\" href=\"https:\/\/iberoid.com\/fr\/product\/testosteron-propionate\/\" \/>\n<meta property=\"og:locale\" content=\"fr_FR\" \/>\n<meta property=\"og:type\" content=\"article\" \/>\n<meta property=\"og:title\" content=\"TESTOSTERON PROPIONATE 100mg\" \/>\n<meta property=\"og:description\" content=\"Ce st\u00e9ro\u00efde anabolisant injectable est d\u00e9riv\u00e9 du propionate de testost\u00e9rone. Fr\u00e9quemment utilis\u00e9 par les culturistes pour se pr\u00e9parer aux comp\u00e9titions\" \/>\n<meta property=\"og:url\" content=\"https:\/\/iberoid.com\/fr\/product\/testosteron-propionate\/\" \/>\n<meta property=\"og:site_name\" content=\"(Espa\u00f1ol) Esteroides en l\u00ednea\" \/>\n<meta property=\"article:modified_time\" content=\"2026-04-13T12:18:54+00:00\" \/>\n<meta property=\"og:image\" content=\"https:\/\/iberoid.com\/wp-content\/uploads\/2026\/02\/TP-IMP.webp\" \/>\n\t<meta property=\"og:image:width\" content=\"1920\" \/>\n\t<meta property=\"og:image:height\" content=\"1756\" \/>\n\t<meta property=\"og:image:type\" content=\"image\/webp\" \/>\n<meta name=\"twitter:card\" content=\"summary_large_image\" \/>\n<meta name=\"twitter:label1\" content=\"Prix\" \/>\n\t<meta name=\"twitter:data1\" content=\"&euro;35.00\" \/>\n\t<meta name=\"twitter:label2\" content=\"Disponibilit\u00e9\" \/>\n\t<meta name=\"twitter:data2\" content=\"En stock\" \/>\n<script type=\"application\/ld+json\" class=\"yoast-schema-graph\">{\"@context\":\"https:\\\/\\\/schema.org\",\"@graph\":[{\"@type\":\"WebPage\",\"@id\":\"https:\\\/\\\/iberoid.com\\\/fr\\\/product\\\/testosteron-propionate\\\/\",\"url\":\"https:\\\/\\\/iberoid.com\\\/fr\\\/product\\\/testosteron-propionate\\\/\",\"name\":\"TESTOSTERON PROPIONATE 100mg - (Espa\u00f1ol) Esteroides en l\u00ednea\",\"isPartOf\":{\"@id\":\"https:\\\/\\\/iberoid.com\\\/fr\\\/#website\"},\"primaryImageOfPage\":{\"@id\":\"https:\\\/\\\/iberoid.com\\\/fr\\\/product\\\/testosteron-propionate\\\/#primaryimage\"},\"image\":{\"@id\":\"https:\\\/\\\/iberoid.com\\\/fr\\\/product\\\/testosteron-propionate\\\/#primaryimage\"},\"thumbnailUrl\":\"https:\\\/\\\/iberoid.com\\\/wp-content\\\/uploads\\\/2026\\\/02\\\/TP-IMP.webp\",\"datePublished\":\"2026-02-13T16:30:33+00:00\",\"dateModified\":\"2026-04-13T12:18:54+00:00\",\"breadcrumb\":{\"@id\":\"https:\\\/\\\/iberoid.com\\\/fr\\\/product\\\/testosteron-propionate\\\/#breadcrumb\"},\"inLanguage\":\"fr-FR\",\"potentialAction\":[{\"@type\":\"ReadAction\",\"target\":[[\"https:\\\/\\\/iberoid.com\\\/fr\\\/product\\\/testosteron-propionate\\\/\"]]}]},{\"@type\":\"ImageObject\",\"inLanguage\":\"fr-FR\",\"@id\":\"https:\\\/\\\/iberoid.com\\\/fr\\\/product\\\/testosteron-propionate\\\/#primaryimage\",\"url\":\"https:\\\/\\\/iberoid.com\\\/wp-content\\\/uploads\\\/2026\\\/02\\\/TP-IMP.webp\",\"contentUrl\":\"https:\\\/\\\/iberoid.com\\\/wp-content\\\/uploads\\\/2026\\\/02\\\/TP-IMP.webp\",\"width\":1920,\"height\":1756},{\"@type\":\"BreadcrumbList\",\"@id\":\"https:\\\/\\\/iberoid.com\\\/fr\\\/product\\\/testosteron-propionate\\\/#breadcrumb\",\"itemListElement\":[{\"@type\":\"ListItem\",\"position\":1,\"name\":\"Portada\",\"item\":\"https:\\\/\\\/iberoid.com\\\/fr\\\/\"},{\"@type\":\"ListItem\",\"position\":2,\"name\":\"Magasin\",\"item\":\"https:\\\/\\\/iberoid.com\\\/fr\\\/shop\\\/\"},{\"@type\":\"ListItem\",\"position\":3,\"name\":\"TESTOSTERON PROPIONATE 100mg\"}]},{\"@type\":\"WebSite\",\"@id\":\"https:\\\/\\\/iberoid.com\\\/fr\\\/#website\",\"url\":\"https:\\\/\\\/iberoid.com\\\/fr\\\/\",\"name\":\"(Espa\u00f1ol) Esteroides en l\u00ednea\",\"description\":\"(Espa\u00f1ol) Comprar esteroides en l\u00ednea hoy en Espa\u00f1a y Portugal. Tenemos el mejor servicio al cliente en la industria y los productos de la m\u00e1s alta calidad\",\"potentialAction\":[{\"@type\":\"SearchAction\",\"target\":{\"@type\":\"EntryPoint\",\"urlTemplate\":\"https:\\\/\\\/iberoid.com\\\/fr\\\/?s={search_term_string}\"},\"query-input\":{\"@type\":\"PropertyValueSpecification\",\"valueRequired\":true,\"valueName\":\"search_term_string\"}}],\"inLanguage\":\"fr-FR\"}]}<\/script>\n<meta property=\"product:brand\" content=\"IMPERIA LABS\" \/>\n<meta property=\"product:price:amount\" content=\"35.00\" \/>\n<meta property=\"product:price:currency\" content=\"EUR\" \/>\n<meta property=\"og:availability\" content=\"instock\" \/>\n<meta property=\"product:availability\" content=\"instock\" \/>\n<meta property=\"product:condition\" content=\"new\" \/>\n<!-- \/ Yoast SEO Premium plugin. -->","yoast_head_json":{"title":"TESTOSTERON PROPIONATE 100mg - (Espa\u00f1ol) Esteroides en l\u00ednea","robots":{"index":"index","follow":"follow","max-snippet":"max-snippet:-1","max-image-preview":"max-image-preview:large","max-video-preview":"max-video-preview:-1"},"canonical":"https:\/\/iberoid.com\/fr\/product\/testosteron-propionate\/","og_locale":"fr_FR","og_type":"article","og_title":"TESTOSTERON PROPIONATE 100mg","og_description":"Ce st\u00e9ro\u00efde anabolisant injectable est d\u00e9riv\u00e9 du propionate de testost\u00e9rone. Fr\u00e9quemment utilis\u00e9 par les culturistes pour se pr\u00e9parer aux comp\u00e9titions","og_url":"https:\/\/iberoid.com\/fr\/product\/testosteron-propionate\/","og_site_name":"(Espa\u00f1ol) Esteroides en l\u00ednea","article_modified_time":"2026-04-13T12:18:54+00:00","og_image":[{"width":1920,"height":1756,"url":"https:\/\/iberoid.com\/wp-content\/uploads\/2026\/02\/TP-IMP.webp","type":"image\/webp"}],"twitter_card":"summary_large_image","twitter_misc":{"Prix":"&euro;35.00","Disponibilit\u00e9":"En stock"},"schema":{"@context":"https:\/\/schema.org","@graph":[{"@type":"WebPage","@id":"https:\/\/iberoid.com\/fr\/product\/testosteron-propionate\/","url":"https:\/\/iberoid.com\/fr\/product\/testosteron-propionate\/","name":"TESTOSTERON PROPIONATE 100mg - (Espa\u00f1ol) Esteroides en l\u00ednea","isPartOf":{"@id":"https:\/\/iberoid.com\/fr\/#website"},"primaryImageOfPage":{"@id":"https:\/\/iberoid.com\/fr\/product\/testosteron-propionate\/#primaryimage"},"image":{"@id":"https:\/\/iberoid.com\/fr\/product\/testosteron-propionate\/#primaryimage"},"thumbnailUrl":"https:\/\/iberoid.com\/wp-content\/uploads\/2026\/02\/TP-IMP.webp","datePublished":"2026-02-13T16:30:33+00:00","dateModified":"2026-04-13T12:18:54+00:00","breadcrumb":{"@id":"https:\/\/iberoid.com\/fr\/product\/testosteron-propionate\/#breadcrumb"},"inLanguage":"fr-FR","potentialAction":[{"@type":"ReadAction","target":[["https:\/\/iberoid.com\/fr\/product\/testosteron-propionate\/"]]}]},{"@type":"ImageObject","inLanguage":"fr-FR","@id":"https:\/\/iberoid.com\/fr\/product\/testosteron-propionate\/#primaryimage","url":"https:\/\/iberoid.com\/wp-content\/uploads\/2026\/02\/TP-IMP.webp","contentUrl":"https:\/\/iberoid.com\/wp-content\/uploads\/2026\/02\/TP-IMP.webp","width":1920,"height":1756},{"@type":"BreadcrumbList","@id":"https:\/\/iberoid.com\/fr\/product\/testosteron-propionate\/#breadcrumb","itemListElement":[{"@type":"ListItem","position":1,"name":"Portada","item":"https:\/\/iberoid.com\/fr\/"},{"@type":"ListItem","position":2,"name":"Magasin","item":"https:\/\/iberoid.com\/fr\/shop\/"},{"@type":"ListItem","position":3,"name":"TESTOSTERON PROPIONATE 100mg"}]},{"@type":"WebSite","@id":"https:\/\/iberoid.com\/fr\/#website","url":"https:\/\/iberoid.com\/fr\/","name":"(Espa\u00f1ol) Esteroides en l\u00ednea","description":"(Espa\u00f1ol) Comprar esteroides en l\u00ednea hoy en Espa\u00f1a y Portugal. Tenemos el mejor servicio al cliente en la industria y los productos de la m\u00e1s alta calidad","potentialAction":[{"@type":"SearchAction","target":{"@type":"EntryPoint","urlTemplate":"https:\/\/iberoid.com\/fr\/?s={search_term_string}"},"query-input":{"@type":"PropertyValueSpecification","valueRequired":true,"valueName":"search_term_string"}}],"inLanguage":"fr-FR"}]},"product_brand":"IMPERIA LABS","product_price_amount":"35.00","product_price_currency":"EUR","og_availability":"instock","product_availability":"instock","product_condition":"new"},"_links":{"self":[{"href":"https:\/\/iberoid.com\/fr\/wp-json\/wp\/v2\/product\/10575","targetHints":{"allow":["GET"]}}],"collection":[{"href":"https:\/\/iberoid.com\/fr\/wp-json\/wp\/v2\/product"}],"about":[{"href":"https:\/\/iberoid.com\/fr\/wp-json\/wp\/v2\/types\/product"}],"replies":[{"embeddable":true,"href":"https:\/\/iberoid.com\/fr\/wp-json\/wp\/v2\/comments?post=10575"}],"wp:featuredmedia":[{"embeddable":true,"href":"https:\/\/iberoid.com\/fr\/wp-json\/wp\/v2\/media\/10576"}],"wp:attachment":[{"href":"https:\/\/iberoid.com\/fr\/wp-json\/wp\/v2\/media?parent=10575"}],"wp:term":[{"taxonomy":"product_brand","embeddable":true,"href":"https:\/\/iberoid.com\/fr\/wp-json\/wp\/v2\/product_brand?post=10575"},{"taxonomy":"product_cat","embeddable":true,"href":"https:\/\/iberoid.com\/fr\/wp-json\/wp\/v2\/product_cat?post=10575"},{"taxonomy":"product_tag","embeddable":true,"href":"https:\/\/iberoid.com\/fr\/wp-json\/wp\/v2\/product_tag?post=10575"}],"curies":[{"name":"wp","href":"https:\/\/api.w.org\/{rel}","templated":true}]}}