{"id":10601,"date":"2026-02-28T09:25:39","date_gmt":"2026-02-28T09:25:39","guid":{"rendered":"https:\/\/iberoid.com\/?post_type=product&#038;p=10601"},"modified":"2026-04-15T10:41:54","modified_gmt":"2026-04-15T10:41:54","slug":"test-max-testosterone-enanthate-phoenix-labs","status":"publish","type":"product","link":"https:\/\/iberoid.com\/fr\/product\/test-max-testosterone-enanthate-phoenix-labs\/","title":{"rendered":"TEST MAX 250 &#8211; testosterone enanthate"},"content":{"rendered":"<p><\/p>\n<p data-path-to-node=\"0\">Voici la traduction en fran\u00e7ais :<\/p>\n<hr data-path-to-node=\"1\" \/>\n<h2 data-path-to-node=\"2\"><b data-path-to-node=\"2\" data-index-in-node=\"0\">Testmax (\u00c9nanthate de Testost\u00e9rone) Phoenix Laboratories<\/b><\/h2>\n<p data-path-to-node=\"3\">Le <b data-path-to-node=\"3\" data-index-in-node=\"3\">Testmax (\u00c9nanthate de Testost\u00e9rone) Phoenix Laboratories<\/b> est un complexe d&rsquo;ester \u00e9tendu de testost\u00e9rone. Il se pr\u00e9sente sous forme de pr\u00e9parations injectables (ampoules ou flacons de 1 \u00e0 10 ml) avec une concentration de substance active de \u2248 250 mg\/ml. Il est activement utilis\u00e9 comme dopage sportif, principalement dans les cycles d&rsquo;entra\u00eenement de force et d&rsquo;halt\u00e9rophilie.<\/p>\n<p data-path-to-node=\"4\">\u00c0 la diff\u00e9rence des analogues courts comme le Propionate et le Ph\u00e9nylpropionate de testost\u00e9rone, l&rsquo;\u00c9nanthate de testost\u00e9rone diff\u00e8re non pas par son effet, mais par sa dur\u00e9e d&rsquo;action : \u00e0 titre de comparaison, la demi-vie du Propionate et du Ph\u00e9nylpropionate est respectivement de \u2248 1-2 jours et \u2248 2-3 jours, tandis que celle de l&rsquo;\u00c9nanthate est de \u2248 5-7 jours.<\/p>\n<p data-path-to-node=\"5\">L&rsquo;\u00c9nanthate de testost\u00e9rone, comme la plupart des produits de pharmacologie sportive populaires aujourd&rsquo;hui, n&rsquo;a pas \u00e9t\u00e9 con\u00e7u \u00e0 l&rsquo;origine pour le dopage, mais pour un usage m\u00e9dical. Avant d&rsquo;attirer l&rsquo;attention des athl\u00e8tes, il \u00e9tait destin\u00e9 uniquement \u00e0 la m\u00e9decine : il \u00e9tait ainsi utilis\u00e9, et l&rsquo;est encore, dans le traitement de l&rsquo;oligospermie, de l&rsquo;impuissance, de l&rsquo;ost\u00e9oporose et m\u00eame du cancer du sein.<\/p>\n<h3 data-path-to-node=\"6\"><b data-path-to-node=\"6\" data-index-in-node=\"0\">Les effets du Testmax (\u00c9nanthate de Testost\u00e9rone) Phoenix Laboratories :<\/b><\/h3>\n<ul data-path-to-node=\"7\">\n<li>\n<p data-path-to-node=\"7,0,0\">Gain rapide de masse musculaire<\/p>\n<\/li>\n<li>\n<p data-path-to-node=\"7,1,0\">Congestion (Pumping)<\/p>\n<\/li>\n<li>\n<p data-path-to-node=\"7,2,0\">Augmentation des performances physiques<\/p>\n<\/li>\n<li>\n<p data-path-to-node=\"7,3,0\">Croissance des performances de force<\/p>\n<\/li>\n<li>\n<p data-path-to-node=\"7,4,0\">Endurance accrue<\/p>\n<\/li>\n<li>\n<p data-path-to-node=\"7,5,0\">Acc\u00e9l\u00e9ration des processus de r\u00e9cup\u00e9ration<\/p>\n<\/li>\n<li>\n<p data-path-to-node=\"7,6,0\">Am\u00e9lioration de la fonction articulaire<\/p>\n<\/li>\n<li>\n<p data-path-to-node=\"7,7,0\">Augmentation de la libido<\/p>\n<\/li>\n<\/ul>\n<p data-path-to-node=\"8\">En musculation, l&rsquo;\u00c9nanthate de testost\u00e9rone est l&rsquo;un des st\u00e9ro\u00efdes les plus populaires pour la prise de masse : il est assez puissant pour \u00eatre utilis\u00e9 seul, mais pour un progr\u00e8s maximal, il est utilis\u00e9 en combinaison avec le M\u00e9thandi\u00e9none, le D\u00e9canoate de Nandrolone, l&rsquo;\u00c9nanthate de Trenbolone ou d&rsquo;autres produits pharmacologiques pertinents dans le sport.<\/p>\n<hr data-path-to-node=\"9\" \/>\n<h3 data-path-to-node=\"10\"><b data-path-to-node=\"10\" data-index-in-node=\"0\">Effets secondaires du Testmax (\u00c9nanthate de Testost\u00e9rone) :<\/b><\/h3>\n<p data-path-to-node=\"11\">Des complications d\u00e9pendantes des androg\u00e8nes (comme l&rsquo;acn\u00e9, la peau grasse, l&rsquo;agressivit\u00e9 ou la calvitie) et d\u00e9pendantes des \u0153strog\u00e8nes (comme la r\u00e9tention d&rsquo;eau, l&rsquo;hypertension art\u00e9rielle, les maux de t\u00eate ou la gyn\u00e9comastie) sont probables en cas de pr\u00e9disposition et d&rsquo;abus. Par cons\u00e9quent, il est important de respecter le dosage, la fr\u00e9quence et la dur\u00e9e d&rsquo;utilisation recommand\u00e9s.<\/p>\n<hr data-path-to-node=\"12\" \/>\n<h3 data-path-to-node=\"13\"><b data-path-to-node=\"13\" data-index-in-node=\"0\">Dosage de l&rsquo;\u00c9nanthate de Testost\u00e9rone :<\/b><\/h3>\n<p data-path-to-node=\"14\">Le dosage recommand\u00e9 de Testmax pour les athl\u00e8tes ne d\u00e9passe pas 500-750 mg par semaine. En moyenne, il est de 500 mg divis\u00e9s en injections \u00e0 jours \u00e9quidistants de la semaine : par exemple, 250 mg le mercredi et 250 mg le samedi. Toutefois, la dose optimale est choisie par l&rsquo;athl\u00e8te individuellement ; sinon, elle peut \u00eatre excessive (associ\u00e9e \u00e0 des cons\u00e9quences) ou, au contraire, insuffisante (inefficace).<\/p>\n<p data-path-to-node=\"15\">La dur\u00e9e d&rsquo;un cycle de Testmax (\u00c9nanthate de Testost\u00e9rone) Phoenix Laboratories peut aller de 8 \u00e0 12 semaines. Dans les cycles lourds, pour r\u00e9duire les risques, on inclut des anti-\u0153strog\u00e8nes (comme les inhibiteurs de l&rsquo;aromatase anastrozole ou l\u00e9trozole) et des boosters de testost\u00e9rone (comme la mest\u00e9rolone pour augmenter les niveaux de testost\u00e9rone libre ou la gonadotrophine pour am\u00e9liorer la synth\u00e8se de testost\u00e9rone). Une fois le cycle termin\u00e9, une th\u00e9rapie post-cycle (PCT) orient\u00e9e vers la r\u00e9cup\u00e9ration est effectu\u00e9e : Tamoxif\u00e8ne ou Citrate de Clomif\u00e8ne.<\/p>\n<hr data-path-to-node=\"16\" \/>\n<h3 data-path-to-node=\"17\"><b data-path-to-node=\"17\" data-index-in-node=\"0\">Exemples de cycles combin\u00e9s avec l&rsquo;\u00c9nanthate de Testost\u00e9rone :<\/b><\/h3>\n<ul data-path-to-node=\"18\">\n<li>\n<p data-path-to-node=\"18,0,0\"><b data-path-to-node=\"18,0,0\" data-index-in-node=\"0\">Cycle d&rsquo;\u00c9nanthate de Testost\u00e9rone avec M\u00e9thandi\u00e9none :<\/b> Destin\u00e9 aux d\u00e9butants pour des gains rapides de force et de masse. Il s&rsquo;agit d&rsquo;un cycle de \u2248 8 semaines avec des dosages de 500 mg par semaine et 40 mg par jour, respectivement. Pour augmenter la puissance, l&rsquo;ensemble peut \u00eatre compl\u00e9t\u00e9 par du D\u00e9canoate de Nandrolone \u00e0 400 mg par semaine. En phase de sortie, on utilise g\u00e9n\u00e9ralement du Propionate de Testost\u00e9rone \u2013 100 mg tous les deux jours pendant \u2248 2 semaines.<\/p>\n<\/li>\n<li>\n<p data-path-to-node=\"18,1,0\"><b data-path-to-node=\"18,1,0\" data-index-in-node=\"0\">Cycle d&rsquo;\u00c9nanthate de Testost\u00e9rone avec \u00c9nanthate de Trenbolone :<\/b> La dur\u00e9e d&rsquo;un tel cycle est de \u2248 8-12 semaines, et les dosages sont de 500-750 mg par semaine et 300-400 mg par semaine, respectivement. La sortie se fait avec \u2248 3 semaines de Propionate de Testost\u00e9rone et de Propionate de Drostanolone, les deux \u00e0 100 mg tous les deux jours.<\/p>\n<\/li>\n<\/ul>\n<hr data-path-to-node=\"19\" \/>\n<h3 data-path-to-node=\"20\"><b data-path-to-node=\"20\" data-index-in-node=\"0\">Acheter Testmax Phoenix Laboratories :<\/b><\/h3>\n<p data-path-to-node=\"21\">Acheter Testmax (\u00c9nanthate de Testost\u00e9rone) Phoenix Laboratories chez nous est plus fiable, car nous ne travaillons qu&rsquo;avec des produits 100% originaux. Nous assurons une livraison rapide, anonyme et soign\u00e9e des colis. Pour vous assurer de la qualit\u00e9 de notre travail, consultez les avis de nos clients satisfaits.<\/p>\n<ul data-path-to-node=\"22\">\n<li>\n<p data-path-to-node=\"22,0,0\"><b data-path-to-node=\"22,0,0\" data-index-in-node=\"0\">Nom Commercial :<\/b> Testmax<\/p>\n<\/li>\n<li>\n<p data-path-to-node=\"22,1,0\"><b data-path-to-node=\"22,1,0\" data-index-in-node=\"0\">Ingr\u00e9dient Actif :<\/b> \u00c9nanthate de Testost\u00e9rone<\/p>\n<\/li>\n<li>\n<p data-path-to-node=\"22,2,0\"><b data-path-to-node=\"22,2,0\" data-index-in-node=\"0\">Fabricant :<\/b> Phoenix Laboratories<\/p>\n<\/li>\n<li>\n<p data-path-to-node=\"22,3,0\"><b data-path-to-node=\"22,3,0\" data-index-in-node=\"0\">Type de St\u00e9ro\u00efde :<\/b> Injectable<\/p>\n<\/li>\n<li>\n<p data-path-to-node=\"22,4,0\"><b data-path-to-node=\"22,4,0\" data-index-in-node=\"0\">Le paquet contient :<\/b> 10 ampoules x 250 mg<\/p>\n<\/li>\n<\/ul>\n<p data-path-to-node=\"23\"><b data-path-to-node=\"23\" data-index-in-node=\"0\">Produit 100% Original<\/b><\/p>\n<p><\/p>","protected":false},"excerpt":{"rendered":"<p>Voici la traduction en fran\u00e7ais : Testmax (\u00c9nanthate de Testost\u00e9rone) Phoenix Laboratories Le Testmax (\u00c9nanthate de Testost\u00e9rone) Phoenix Laboratories est<\/p>\n","protected":false},"featured_media":10602,"comment_status":"open","ping_status":"closed","template":"","meta":[],"product_brand":[],"product_cat":[69,15],"product_tag":[],"class_list":{"0":"post-10601","1":"product","2":"type-product","3":"status-publish","4":"has-post-thumbnail","6":"product_cat-esteroides_inyectables","7":"product_cat-uncategorized","9":"first","10":"instock","11":"shipping-taxable","12":"purchasable","13":"product-type-simple"},"yoast_head":"<!-- This site is optimized with the Yoast SEO Premium plugin v24.4 (Yoast SEO v27.3) - https:\/\/yoast.com\/product\/yoast-seo-premium-wordpress\/ -->\n<title>TEST MAX 250 - testosterone enanthate - (Espa\u00f1ol) Esteroides en l\u00ednea<\/title>\n<meta name=\"description\" content=\"Testmax (\u00c9nanthate de Testost\u00e9rone) augmente masse, force et r\u00e9cup\u00e9ration. Injectable longue dur\u00e9e id\u00e9al pour les cycles de prise de masse.\" \/>\n<meta name=\"robots\" content=\"index, follow, max-snippet:-1, max-image-preview:large, max-video-preview:-1\" \/>\n<link rel=\"canonical\" href=\"https:\/\/iberoid-shop.com\/product\/test-max-testosterone-enanthate-phoenix-labs\/\" \/>\n<meta property=\"og:locale\" content=\"fr_FR\" \/>\n<meta property=\"og:type\" content=\"article\" \/>\n<meta property=\"og:title\" content=\"TEST MAX 250 - testosterone enanthate\" \/>\n<meta property=\"og:description\" content=\"Testmax (\u00c9nanthate de Testost\u00e9rone) augmente masse, force et r\u00e9cup\u00e9ration. Injectable longue dur\u00e9e id\u00e9al pour les cycles de prise de masse.\" \/>\n<meta property=\"og:url\" content=\"https:\/\/iberoid-shop.com\/product\/test-max-testosterone-enanthate-phoenix-labs\/\" \/>\n<meta property=\"og:site_name\" content=\"(Espa\u00f1ol) Esteroides en l\u00ednea\" \/>\n<meta property=\"article:modified_time\" content=\"2026-04-15T10:41:54+00:00\" \/>\n<meta property=\"og:image\" content=\"https:\/\/iberoid-shop.com\/wp-content\/uploads\/2026\/02\/TESTMAX250.png?v=1772270726\" \/>\n\t<meta property=\"og:image:width\" content=\"606\" \/>\n\t<meta property=\"og:image:height\" content=\"580\" \/>\n\t<meta property=\"og:image:type\" content=\"image\/png\" \/>\n<meta name=\"twitter:card\" content=\"summary_large_image\" \/>\n<meta name=\"twitter:label1\" content=\"Prix\" \/>\n\t<meta name=\"twitter:data1\" content=\"&euro;30.00\" \/>\n\t<meta name=\"twitter:label2\" content=\"Disponibilit\u00e9\" \/>\n\t<meta name=\"twitter:data2\" content=\"En stock\" \/>\n<script type=\"application\/ld+json\" class=\"yoast-schema-graph\">{\"@context\":\"https:\\\/\\\/schema.org\",\"@graph\":[{\"@type\":\"WebPage\",\"@id\":\"https:\\\/\\\/iberoid-shop.com\\\/product\\\/test-max-testosterone-enanthate-phoenix-labs\\\/\",\"url\":\"https:\\\/\\\/iberoid-shop.com\\\/product\\\/test-max-testosterone-enanthate-phoenix-labs\\\/\",\"name\":\"TEST MAX 250 - testosterone enanthate - (Espa\u00f1ol) Esteroides en l\u00ednea\",\"isPartOf\":{\"@id\":\"https:\\\/\\\/iberoid-shop.com\\\/#website\"},\"primaryImageOfPage\":{\"@id\":\"https:\\\/\\\/iberoid-shop.com\\\/product\\\/test-max-testosterone-enanthate-phoenix-labs\\\/#primaryimage\"},\"image\":{\"@id\":\"https:\\\/\\\/iberoid-shop.com\\\/product\\\/test-max-testosterone-enanthate-phoenix-labs\\\/#primaryimage\"},\"thumbnailUrl\":\"https:\\\/\\\/iberoid.com\\\/wp-content\\\/uploads\\\/2026\\\/02\\\/TESTMAX250.png?v=1772270726\",\"datePublished\":\"2026-02-28T09:25:39+00:00\",\"dateModified\":\"2026-04-15T10:41:54+00:00\",\"description\":\"Testmax (\u00c9nanthate de Testost\u00e9rone) augmente masse, force et r\u00e9cup\u00e9ration. Injectable longue dur\u00e9e id\u00e9al pour les cycles de prise de masse.\",\"breadcrumb\":{\"@id\":\"https:\\\/\\\/iberoid-shop.com\\\/product\\\/test-max-testosterone-enanthate-phoenix-labs\\\/#breadcrumb\"},\"inLanguage\":\"fr-FR\",\"potentialAction\":[{\"@type\":\"ReadAction\",\"target\":[[\"https:\\\/\\\/iberoid-shop.com\\\/product\\\/test-max-testosterone-enanthate-phoenix-labs\\\/\"]]}]},{\"@type\":\"ImageObject\",\"inLanguage\":\"fr-FR\",\"@id\":\"https:\\\/\\\/iberoid-shop.com\\\/product\\\/test-max-testosterone-enanthate-phoenix-labs\\\/#primaryimage\",\"url\":\"https:\\\/\\\/iberoid.com\\\/wp-content\\\/uploads\\\/2026\\\/02\\\/TESTMAX250.png?v=1772270726\",\"contentUrl\":\"https:\\\/\\\/iberoid.com\\\/wp-content\\\/uploads\\\/2026\\\/02\\\/TESTMAX250.png?v=1772270726\",\"width\":606,\"height\":580},{\"@type\":\"BreadcrumbList\",\"@id\":\"https:\\\/\\\/iberoid-shop.com\\\/product\\\/test-max-testosterone-enanthate-phoenix-labs\\\/#breadcrumb\",\"itemListElement\":[{\"@type\":\"ListItem\",\"position\":1,\"name\":\"Portada\",\"item\":\"https:\\\/\\\/iberoid.com\\\/fr\\\/\"},{\"@type\":\"ListItem\",\"position\":2,\"name\":\"Magasin\",\"item\":\"https:\\\/\\\/iberoid.com\\\/fr\\\/shop\\\/\"},{\"@type\":\"ListItem\",\"position\":3,\"name\":\"TEST MAX 250 &#8211; testosterone enanthate\"}]},{\"@type\":\"WebSite\",\"@id\":\"https:\\\/\\\/iberoid-shop.com\\\/#website\",\"url\":\"https:\\\/\\\/iberoid-shop.com\\\/\",\"name\":\"(Espa\u00f1ol) Esteroides en l\u00ednea\",\"description\":\"(Espa\u00f1ol) Comprar esteroides en l\u00ednea hoy en Espa\u00f1a y Portugal. Tenemos el mejor servicio al cliente en la industria y los productos de la m\u00e1s alta calidad\",\"potentialAction\":[{\"@type\":\"SearchAction\",\"target\":{\"@type\":\"EntryPoint\",\"urlTemplate\":\"https:\\\/\\\/iberoid-shop.com\\\/?s={search_term_string}\"},\"query-input\":{\"@type\":\"PropertyValueSpecification\",\"valueRequired\":true,\"valueName\":\"search_term_string\"}}],\"inLanguage\":\"fr-FR\"}]}<\/script>\n<meta property=\"product:brand\" content=\"Phoenix Labs\" \/>\n<meta property=\"product:price:amount\" content=\"30.00\" \/>\n<meta property=\"product:price:currency\" content=\"EUR\" \/>\n<meta property=\"og:availability\" content=\"instock\" \/>\n<meta property=\"product:availability\" content=\"instock\" \/>\n<meta property=\"product:condition\" content=\"new\" \/>\n<!-- \/ Yoast SEO Premium plugin. -->","yoast_head_json":{"title":"TEST MAX 250 - testosterone enanthate - (Espa\u00f1ol) Esteroides en l\u00ednea","description":"Testmax (\u00c9nanthate de Testost\u00e9rone) augmente masse, force et r\u00e9cup\u00e9ration. Injectable longue dur\u00e9e id\u00e9al pour les cycles de prise de masse.","robots":{"index":"index","follow":"follow","max-snippet":"max-snippet:-1","max-image-preview":"max-image-preview:large","max-video-preview":"max-video-preview:-1"},"canonical":"https:\/\/iberoid-shop.com\/product\/test-max-testosterone-enanthate-phoenix-labs\/","og_locale":"fr_FR","og_type":"article","og_title":"TEST MAX 250 - testosterone enanthate","og_description":"Testmax (\u00c9nanthate de Testost\u00e9rone) augmente masse, force et r\u00e9cup\u00e9ration. Injectable longue dur\u00e9e id\u00e9al pour les cycles de prise de masse.","og_url":"https:\/\/iberoid-shop.com\/product\/test-max-testosterone-enanthate-phoenix-labs\/","og_site_name":"(Espa\u00f1ol) Esteroides en l\u00ednea","article_modified_time":"2026-04-15T10:41:54+00:00","og_image":[{"width":606,"height":580,"url":"https:\/\/iberoid-shop.com\/wp-content\/uploads\/2026\/02\/TESTMAX250.png?v=1772270726","type":"image\/png"}],"twitter_card":"summary_large_image","twitter_misc":{"Prix":"&euro;30.00","Disponibilit\u00e9":"En stock"},"schema":{"@context":"https:\/\/schema.org","@graph":[{"@type":"WebPage","@id":"https:\/\/iberoid-shop.com\/product\/test-max-testosterone-enanthate-phoenix-labs\/","url":"https:\/\/iberoid-shop.com\/product\/test-max-testosterone-enanthate-phoenix-labs\/","name":"TEST MAX 250 - testosterone enanthate - (Espa\u00f1ol) Esteroides en l\u00ednea","isPartOf":{"@id":"https:\/\/iberoid-shop.com\/#website"},"primaryImageOfPage":{"@id":"https:\/\/iberoid-shop.com\/product\/test-max-testosterone-enanthate-phoenix-labs\/#primaryimage"},"image":{"@id":"https:\/\/iberoid-shop.com\/product\/test-max-testosterone-enanthate-phoenix-labs\/#primaryimage"},"thumbnailUrl":"https:\/\/iberoid.com\/wp-content\/uploads\/2026\/02\/TESTMAX250.png?v=1772270726","datePublished":"2026-02-28T09:25:39+00:00","dateModified":"2026-04-15T10:41:54+00:00","description":"Testmax (\u00c9nanthate de Testost\u00e9rone) augmente masse, force et r\u00e9cup\u00e9ration. Injectable longue dur\u00e9e id\u00e9al pour les cycles de prise de masse.","breadcrumb":{"@id":"https:\/\/iberoid-shop.com\/product\/test-max-testosterone-enanthate-phoenix-labs\/#breadcrumb"},"inLanguage":"fr-FR","potentialAction":[{"@type":"ReadAction","target":[["https:\/\/iberoid-shop.com\/product\/test-max-testosterone-enanthate-phoenix-labs\/"]]}]},{"@type":"ImageObject","inLanguage":"fr-FR","@id":"https:\/\/iberoid-shop.com\/product\/test-max-testosterone-enanthate-phoenix-labs\/#primaryimage","url":"https:\/\/iberoid.com\/wp-content\/uploads\/2026\/02\/TESTMAX250.png?v=1772270726","contentUrl":"https:\/\/iberoid.com\/wp-content\/uploads\/2026\/02\/TESTMAX250.png?v=1772270726","width":606,"height":580},{"@type":"BreadcrumbList","@id":"https:\/\/iberoid-shop.com\/product\/test-max-testosterone-enanthate-phoenix-labs\/#breadcrumb","itemListElement":[{"@type":"ListItem","position":1,"name":"Portada","item":"https:\/\/iberoid.com\/fr\/"},{"@type":"ListItem","position":2,"name":"Magasin","item":"https:\/\/iberoid.com\/fr\/shop\/"},{"@type":"ListItem","position":3,"name":"TEST MAX 250 &#8211; testosterone enanthate"}]},{"@type":"WebSite","@id":"https:\/\/iberoid-shop.com\/#website","url":"https:\/\/iberoid-shop.com\/","name":"(Espa\u00f1ol) Esteroides en l\u00ednea","description":"(Espa\u00f1ol) Comprar esteroides en l\u00ednea hoy en Espa\u00f1a y Portugal. Tenemos el mejor servicio al cliente en la industria y los productos de la m\u00e1s alta calidad","potentialAction":[{"@type":"SearchAction","target":{"@type":"EntryPoint","urlTemplate":"https:\/\/iberoid-shop.com\/?s={search_term_string}"},"query-input":{"@type":"PropertyValueSpecification","valueRequired":true,"valueName":"search_term_string"}}],"inLanguage":"fr-FR"}]},"product_brand":"Phoenix Labs","product_price_amount":"30.00","product_price_currency":"EUR","og_availability":"instock","product_availability":"instock","product_condition":"new"},"_links":{"self":[{"href":"https:\/\/iberoid.com\/fr\/wp-json\/wp\/v2\/product\/10601","targetHints":{"allow":["GET"]}}],"collection":[{"href":"https:\/\/iberoid.com\/fr\/wp-json\/wp\/v2\/product"}],"about":[{"href":"https:\/\/iberoid.com\/fr\/wp-json\/wp\/v2\/types\/product"}],"replies":[{"embeddable":true,"href":"https:\/\/iberoid.com\/fr\/wp-json\/wp\/v2\/comments?post=10601"}],"wp:featuredmedia":[{"embeddable":true,"href":"https:\/\/iberoid.com\/fr\/wp-json\/wp\/v2\/media\/10602"}],"wp:attachment":[{"href":"https:\/\/iberoid.com\/fr\/wp-json\/wp\/v2\/media?parent=10601"}],"wp:term":[{"taxonomy":"product_brand","embeddable":true,"href":"https:\/\/iberoid.com\/fr\/wp-json\/wp\/v2\/product_brand?post=10601"},{"taxonomy":"product_cat","embeddable":true,"href":"https:\/\/iberoid.com\/fr\/wp-json\/wp\/v2\/product_cat?post=10601"},{"taxonomy":"product_tag","embeddable":true,"href":"https:\/\/iberoid.com\/fr\/wp-json\/wp\/v2\/product_tag?post=10601"}],"curies":[{"name":"wp","href":"https:\/\/api.w.org\/{rel}","templated":true}]}}