{"id":10609,"date":"2026-03-02T09:31:23","date_gmt":"2026-03-02T09:31:23","guid":{"rendered":"https:\/\/iberoid.com\/?post_type=product&#038;p=10609"},"modified":"2026-04-15T10:36:14","modified_gmt":"2026-04-15T10:36:14","slug":"equimax-b-200","status":"publish","type":"product","link":"https:\/\/iberoid.com\/fr\/product\/equimax-b-200\/","title":{"rendered":"Equiamax B 200"},"content":{"rendered":"<p><\/p>\n<p data-path-to-node=\"1\">L&rsquo;<b data-path-to-node=\"1\" data-index-in-node=\"2\">Und\u00e9cyl\u00e9nate de Bold\u00e9none (Equiamax B 200)<\/b> est un st\u00e9ro\u00efde anabolisant et androg\u00e8ne initialement d\u00e9velopp\u00e9 pour l&rsquo;usage v\u00e9t\u00e9rinaire. Cr\u00e9\u00e9 dans le but d&rsquo;obtenir une version \u00e0 action prolong\u00e9e du M\u00e9thandrost\u00e9nolone (Dianabol), ce produit s&rsquo;est solidement implant\u00e9 sur le march\u00e9 de la pharmacologie sportive.<\/p>\n<p data-path-to-node=\"2\">Chimiquement, la mol\u00e9cule de Bold\u00e9none est essentiellement une mol\u00e9cule de Dianabol d\u00e9pourvue du groupe 17-alpha-m\u00e9thyle. La modification consistant en une double liaison entre le premier et le deuxi\u00e8me atome de carbone rend ce st\u00e9ro\u00efde aussi puissant que la testost\u00e9rone (en termes de propri\u00e9t\u00e9s anabolisantes), tandis que son activit\u00e9 androg\u00e8ne est deux fois plus faible.<\/p>\n<ul data-path-to-node=\"3\">\n<li>\n<p data-path-to-node=\"3,0,0\"><b data-path-to-node=\"3,0,0\" data-index-in-node=\"0\">Indice Anabolique :<\/b> 100<\/p>\n<\/li>\n<li>\n<p data-path-to-node=\"3,1,0\"><b data-path-to-node=\"3,1,0\" data-index-in-node=\"0\">Indice Androg\u00e8ne :<\/b> 50 (Le texte original indique 100, mais pr\u00e9cise qu&rsquo;il est \u00ab deux fois plus faible \u00bb que la testost\u00e9rone).<\/p>\n<\/li>\n<li>\n<p data-path-to-node=\"3,2,0\"><b data-path-to-node=\"3,2,0\" data-index-in-node=\"0\">Toxicit\u00e9 H\u00e9patique :<\/b> Nulle<\/p>\n<\/li>\n<li>\n<p data-path-to-node=\"3,3,0\"><b data-path-to-node=\"3,3,0\" data-index-in-node=\"0\">Taux de Conversion en \u0152strog\u00e8nes :<\/b> Faible<\/p>\n<\/li>\n<li>\n<p data-path-to-node=\"3,4,0\"><b data-path-to-node=\"3,4,0\" data-index-in-node=\"0\">Activit\u00e9 Progestative :<\/b> Tr\u00e8s faible<\/p>\n<\/li>\n<\/ul>\n<hr data-path-to-node=\"4\" \/>\n<h3 data-path-to-node=\"5\">Effets de la prise d&rsquo;Equiamax B 200<\/h3>\n<ul data-path-to-node=\"6\">\n<li>\n<p data-path-to-node=\"6,0,0\"><b data-path-to-node=\"6,0,0\" data-index-in-node=\"0\">Prise de Masse Musculaire de Qualit\u00e9 :<\/b> L&rsquo;effet se d\u00e9ploie progressivement car l&rsquo;und\u00e9cyl\u00e9nate est un ester tr\u00e8s long (avec une cha\u00eene plus longue d&rsquo;un atome que le d\u00e9canoate).<\/p>\n<\/li>\n<li>\n<p data-path-to-node=\"6,1,0\"><b data-path-to-node=\"6,1,0\" data-index-in-node=\"0\">Gain de Force :<\/b> Augmentation significative des performances de puissance.<\/p>\n<\/li>\n<li>\n<p data-path-to-node=\"6,2,0\"><b data-path-to-node=\"6,2,0\" data-index-in-node=\"0\">Augmentation de l&rsquo;App\u00e9tit :<\/b> Une stimulation notable de la faim.<\/p>\n<\/li>\n<li>\n<p data-path-to-node=\"6,3,0\"><b data-path-to-node=\"6,3,0\" data-index-in-node=\"0\">Fonction H\u00e9matopo\u00ef\u00e9tique :<\/b> L&rsquo;<b data-path-to-node=\"6,3,0\" data-index-in-node=\"29\">Equiamax B 200<\/b> augmente le nombre de globules rouges produits, ce qui am\u00e9liore l&rsquo;apport d&rsquo;oxyg\u00e8ne aux muscles. Cette propri\u00e9t\u00e9 est largement utilis\u00e9e par les athl\u00e8tes de sports d&rsquo;endurance (comme l&rsquo;athl\u00e9tisme).<\/p>\n<\/li>\n<\/ul>\n<hr data-path-to-node=\"7\" \/>\n<h3 data-path-to-node=\"8\">Comment prendre l&rsquo;Equiamax B 200<\/h3>\n<p data-path-to-node=\"9\">Un cycle d&rsquo;<b data-path-to-node=\"9\" data-index-in-node=\"11\">Equiamax B 200<\/b> dure environ <b data-path-to-node=\"9\" data-index-in-node=\"39\">8 \u00e0 10 semaines<\/b>. Le dosage moyen varie entre <b data-path-to-node=\"9\" data-index-in-node=\"84\">400 et 800 milligrammes<\/b> par semaine.<\/p>\n<blockquote data-path-to-node=\"10\">\n<p data-path-to-node=\"10,0\"><b data-path-to-node=\"10,0\" data-index-in-node=\"0\">Important :<\/b> Avant de commencer, il est recommand\u00e9 de proc\u00e9der \u00e0 un examen complet de l&rsquo;organisme et de consulter un m\u00e9decin. Cela vous permettra non seulement d&rsquo;\u00e9viter d&rsquo;\u00e9ventuels effets secondaires, mais aussi de d\u00e9terminer correctement la dur\u00e9e du cycle et le dosage.<\/p>\n<\/blockquote>\n<p data-path-to-node=\"11\">D\u00e9passer la norme de 800 mg n&rsquo;entra\u00eene presque jamais de meilleurs r\u00e9sultats, mais augmente seulement le risque de r\u00e9actions n\u00e9gatives.<\/p>\n<p data-path-to-node=\"12\"><b data-path-to-node=\"12\" data-index-in-node=\"0\">Combinaisons :<\/b><\/p>\n<ul data-path-to-node=\"13\">\n<li>\n<p data-path-to-node=\"13,0,0\"><b data-path-to-node=\"13,0,0\" data-index-in-node=\"0\">Pour la \u00ab S\u00e8che \u00bb :<\/b> Les meilleures combinaisons avec l&rsquo;<b data-path-to-node=\"13,0,0\" data-index-in-node=\"55\">Equiamax B 200<\/b> sont consid\u00e9r\u00e9es \u00eatre l&rsquo;Anavar et le Winstrol. Dans ce cas, la dur\u00e9e du cycle est r\u00e9duite \u00e0 un mois et demi (en raison de la suppression importante du taux de testost\u00e9rone endog\u00e8ne).<\/p>\n<\/li>\n<li>\n<p data-path-to-node=\"13,1,0\"><b data-path-to-node=\"13,1,0\" data-index-in-node=\"0\">Th\u00e9rapie Post-Cycle (PCT) :<\/b> La PCT commence 2 semaines apr\u00e8s la fin de la prise : des boosters de testost\u00e9rone aideront \u00e0 r\u00e9tablir l&rsquo;\u00e9quilibre hormonal.<\/p>\n<\/li>\n<\/ul>\n<p><\/p>","protected":false},"excerpt":{"rendered":"<p>L&rsquo;Und\u00e9cyl\u00e9nate de Bold\u00e9none (Equiamax B 200) est un st\u00e9ro\u00efde anabolisant et androg\u00e8ne initialement d\u00e9velopp\u00e9 pour l&rsquo;usage v\u00e9t\u00e9rinaire. Cr\u00e9\u00e9 dans le<\/p>\n","protected":false},"featured_media":10610,"comment_status":"open","ping_status":"closed","template":"","meta":[],"product_brand":[],"product_cat":[69,3533],"product_tag":[],"class_list":{"0":"post-10609","1":"product","2":"type-product","3":"status-publish","4":"has-post-thumbnail","6":"product_cat-esteroides_inyectables","7":"product_cat-sales-rebajas","9":"first","10":"outofstock","11":"shipping-taxable","12":"purchasable","13":"product-type-simple"},"yoast_head":"<!-- This site is optimized with the Yoast SEO Premium plugin v24.4 (Yoast SEO v27.3) - https:\/\/yoast.com\/product\/yoast-seo-premium-wordpress\/ -->\n<title>Equiamax B 200 - (Espa\u00f1ol) Esteroides en l\u00ednea<\/title>\n<meta name=\"robots\" content=\"index, follow, max-snippet:-1, max-image-preview:large, max-video-preview:-1\" \/>\n<link rel=\"canonical\" href=\"https:\/\/iberoid-shop.com\/product\/equimax-b-200\/\" \/>\n<meta property=\"og:locale\" content=\"fr_FR\" \/>\n<meta property=\"og:type\" content=\"article\" \/>\n<meta property=\"og:title\" content=\"Equiamax B 200\" \/>\n<meta property=\"og:description\" content=\"L&rsquo;Und\u00e9cyl\u00e9nate de Bold\u00e9none (Equiamax B 200) est un st\u00e9ro\u00efde anabolisant et androg\u00e8ne initialement d\u00e9velopp\u00e9 pour l&rsquo;usage v\u00e9t\u00e9rinaire. Cr\u00e9\u00e9 dans le\" \/>\n<meta property=\"og:url\" content=\"https:\/\/iberoid-shop.com\/product\/equimax-b-200\/\" \/>\n<meta property=\"og:site_name\" content=\"(Espa\u00f1ol) Esteroides en l\u00ednea\" \/>\n<meta property=\"article:modified_time\" content=\"2026-04-15T10:36:14+00:00\" \/>\n<meta property=\"og:image\" content=\"https:\/\/iberoid-shop.com\/wp-content\/uploads\/2026\/03\/mxl.jpeg?v=1772443865\" \/>\n\t<meta property=\"og:image:width\" content=\"414\" \/>\n\t<meta property=\"og:image:height\" content=\"414\" \/>\n\t<meta property=\"og:image:type\" content=\"image\/jpeg\" \/>\n<meta name=\"twitter:card\" content=\"summary_large_image\" \/>\n<meta name=\"twitter:label1\" content=\"Prix\" \/>\n\t<meta name=\"twitter:data1\" content=\"&euro;25.00\" \/>\n\t<meta name=\"twitter:label2\" content=\"Disponibilit\u00e9\" \/>\n\t<meta name=\"twitter:data2\" content=\"Rupture de stock\" \/>\n<script type=\"application\/ld+json\" class=\"yoast-schema-graph\">{\"@context\":\"https:\\\/\\\/schema.org\",\"@graph\":[{\"@type\":\"WebPage\",\"@id\":\"https:\\\/\\\/iberoid-shop.com\\\/product\\\/equimax-b-200\\\/\",\"url\":\"https:\\\/\\\/iberoid-shop.com\\\/product\\\/equimax-b-200\\\/\",\"name\":\"Equiamax B 200 - (Espa\u00f1ol) Esteroides en l\u00ednea\",\"isPartOf\":{\"@id\":\"https:\\\/\\\/iberoid-shop.com\\\/#website\"},\"primaryImageOfPage\":{\"@id\":\"https:\\\/\\\/iberoid-shop.com\\\/product\\\/equimax-b-200\\\/#primaryimage\"},\"image\":{\"@id\":\"https:\\\/\\\/iberoid-shop.com\\\/product\\\/equimax-b-200\\\/#primaryimage\"},\"thumbnailUrl\":\"https:\\\/\\\/iberoid.com\\\/wp-content\\\/uploads\\\/2026\\\/03\\\/mxl.jpeg?v=1772443865\",\"datePublished\":\"2026-03-02T09:31:23+00:00\",\"dateModified\":\"2026-04-15T10:36:14+00:00\",\"breadcrumb\":{\"@id\":\"https:\\\/\\\/iberoid-shop.com\\\/product\\\/equimax-b-200\\\/#breadcrumb\"},\"inLanguage\":\"fr-FR\",\"potentialAction\":[{\"@type\":\"ReadAction\",\"target\":[[\"https:\\\/\\\/iberoid-shop.com\\\/product\\\/equimax-b-200\\\/\"]]}]},{\"@type\":\"ImageObject\",\"inLanguage\":\"fr-FR\",\"@id\":\"https:\\\/\\\/iberoid-shop.com\\\/product\\\/equimax-b-200\\\/#primaryimage\",\"url\":\"https:\\\/\\\/iberoid.com\\\/wp-content\\\/uploads\\\/2026\\\/03\\\/mxl.jpeg?v=1772443865\",\"contentUrl\":\"https:\\\/\\\/iberoid.com\\\/wp-content\\\/uploads\\\/2026\\\/03\\\/mxl.jpeg?v=1772443865\",\"width\":414,\"height\":414},{\"@type\":\"BreadcrumbList\",\"@id\":\"https:\\\/\\\/iberoid-shop.com\\\/product\\\/equimax-b-200\\\/#breadcrumb\",\"itemListElement\":[{\"@type\":\"ListItem\",\"position\":1,\"name\":\"Portada\",\"item\":\"https:\\\/\\\/iberoid.com\\\/fr\\\/\"},{\"@type\":\"ListItem\",\"position\":2,\"name\":\"Magasin\",\"item\":\"https:\\\/\\\/iberoid.com\\\/fr\\\/shop\\\/\"},{\"@type\":\"ListItem\",\"position\":3,\"name\":\"Equiamax B 200\"}]},{\"@type\":\"WebSite\",\"@id\":\"https:\\\/\\\/iberoid-shop.com\\\/#website\",\"url\":\"https:\\\/\\\/iberoid-shop.com\\\/\",\"name\":\"(Espa\u00f1ol) Esteroides en l\u00ednea\",\"description\":\"(Espa\u00f1ol) Comprar esteroides en l\u00ednea hoy en Espa\u00f1a y Portugal. Tenemos el mejor servicio al cliente en la industria y los productos de la m\u00e1s alta calidad\",\"potentialAction\":[{\"@type\":\"SearchAction\",\"target\":{\"@type\":\"EntryPoint\",\"urlTemplate\":\"https:\\\/\\\/iberoid-shop.com\\\/?s={search_term_string}\"},\"query-input\":{\"@type\":\"PropertyValueSpecification\",\"valueRequired\":true,\"valueName\":\"search_term_string\"}}],\"inLanguage\":\"fr-FR\"}]}<\/script>\n<meta property=\"product:brand\" content=\"MaxLab\" \/>\n<meta property=\"product:price:amount\" content=\"25.00\" \/>\n<meta property=\"product:price:currency\" content=\"EUR\" \/>\n<meta property=\"og:availability\" content=\"out of stock\" \/>\n<meta property=\"product:availability\" content=\"out of stock\" \/>\n<meta property=\"product:condition\" content=\"new\" \/>\n<!-- \/ Yoast SEO Premium plugin. -->","yoast_head_json":{"title":"Equiamax B 200 - (Espa\u00f1ol) Esteroides en l\u00ednea","robots":{"index":"index","follow":"follow","max-snippet":"max-snippet:-1","max-image-preview":"max-image-preview:large","max-video-preview":"max-video-preview:-1"},"canonical":"https:\/\/iberoid-shop.com\/product\/equimax-b-200\/","og_locale":"fr_FR","og_type":"article","og_title":"Equiamax B 200","og_description":"L&rsquo;Und\u00e9cyl\u00e9nate de Bold\u00e9none (Equiamax B 200) est un st\u00e9ro\u00efde anabolisant et androg\u00e8ne initialement d\u00e9velopp\u00e9 pour l&rsquo;usage v\u00e9t\u00e9rinaire. Cr\u00e9\u00e9 dans le","og_url":"https:\/\/iberoid-shop.com\/product\/equimax-b-200\/","og_site_name":"(Espa\u00f1ol) Esteroides en l\u00ednea","article_modified_time":"2026-04-15T10:36:14+00:00","og_image":[{"width":414,"height":414,"url":"https:\/\/iberoid-shop.com\/wp-content\/uploads\/2026\/03\/mxl.jpeg?v=1772443865","type":"image\/jpeg"}],"twitter_card":"summary_large_image","twitter_misc":{"Prix":"&euro;25.00","Disponibilit\u00e9":"Rupture de stock"},"schema":{"@context":"https:\/\/schema.org","@graph":[{"@type":"WebPage","@id":"https:\/\/iberoid-shop.com\/product\/equimax-b-200\/","url":"https:\/\/iberoid-shop.com\/product\/equimax-b-200\/","name":"Equiamax B 200 - (Espa\u00f1ol) Esteroides en l\u00ednea","isPartOf":{"@id":"https:\/\/iberoid-shop.com\/#website"},"primaryImageOfPage":{"@id":"https:\/\/iberoid-shop.com\/product\/equimax-b-200\/#primaryimage"},"image":{"@id":"https:\/\/iberoid-shop.com\/product\/equimax-b-200\/#primaryimage"},"thumbnailUrl":"https:\/\/iberoid.com\/wp-content\/uploads\/2026\/03\/mxl.jpeg?v=1772443865","datePublished":"2026-03-02T09:31:23+00:00","dateModified":"2026-04-15T10:36:14+00:00","breadcrumb":{"@id":"https:\/\/iberoid-shop.com\/product\/equimax-b-200\/#breadcrumb"},"inLanguage":"fr-FR","potentialAction":[{"@type":"ReadAction","target":[["https:\/\/iberoid-shop.com\/product\/equimax-b-200\/"]]}]},{"@type":"ImageObject","inLanguage":"fr-FR","@id":"https:\/\/iberoid-shop.com\/product\/equimax-b-200\/#primaryimage","url":"https:\/\/iberoid.com\/wp-content\/uploads\/2026\/03\/mxl.jpeg?v=1772443865","contentUrl":"https:\/\/iberoid.com\/wp-content\/uploads\/2026\/03\/mxl.jpeg?v=1772443865","width":414,"height":414},{"@type":"BreadcrumbList","@id":"https:\/\/iberoid-shop.com\/product\/equimax-b-200\/#breadcrumb","itemListElement":[{"@type":"ListItem","position":1,"name":"Portada","item":"https:\/\/iberoid.com\/fr\/"},{"@type":"ListItem","position":2,"name":"Magasin","item":"https:\/\/iberoid.com\/fr\/shop\/"},{"@type":"ListItem","position":3,"name":"Equiamax B 200"}]},{"@type":"WebSite","@id":"https:\/\/iberoid-shop.com\/#website","url":"https:\/\/iberoid-shop.com\/","name":"(Espa\u00f1ol) Esteroides en l\u00ednea","description":"(Espa\u00f1ol) Comprar esteroides en l\u00ednea hoy en Espa\u00f1a y Portugal. Tenemos el mejor servicio al cliente en la industria y los productos de la m\u00e1s alta calidad","potentialAction":[{"@type":"SearchAction","target":{"@type":"EntryPoint","urlTemplate":"https:\/\/iberoid-shop.com\/?s={search_term_string}"},"query-input":{"@type":"PropertyValueSpecification","valueRequired":true,"valueName":"search_term_string"}}],"inLanguage":"fr-FR"}]},"product_brand":"MaxLab","product_price_amount":"25.00","product_price_currency":"EUR","og_availability":"out of stock","product_availability":"out of stock","product_condition":"new"},"_links":{"self":[{"href":"https:\/\/iberoid.com\/fr\/wp-json\/wp\/v2\/product\/10609","targetHints":{"allow":["GET"]}}],"collection":[{"href":"https:\/\/iberoid.com\/fr\/wp-json\/wp\/v2\/product"}],"about":[{"href":"https:\/\/iberoid.com\/fr\/wp-json\/wp\/v2\/types\/product"}],"replies":[{"embeddable":true,"href":"https:\/\/iberoid.com\/fr\/wp-json\/wp\/v2\/comments?post=10609"}],"wp:featuredmedia":[{"embeddable":true,"href":"https:\/\/iberoid.com\/fr\/wp-json\/wp\/v2\/media\/10610"}],"wp:attachment":[{"href":"https:\/\/iberoid.com\/fr\/wp-json\/wp\/v2\/media?parent=10609"}],"wp:term":[{"taxonomy":"product_brand","embeddable":true,"href":"https:\/\/iberoid.com\/fr\/wp-json\/wp\/v2\/product_brand?post=10609"},{"taxonomy":"product_cat","embeddable":true,"href":"https:\/\/iberoid.com\/fr\/wp-json\/wp\/v2\/product_cat?post=10609"},{"taxonomy":"product_tag","embeddable":true,"href":"https:\/\/iberoid.com\/fr\/wp-json\/wp\/v2\/product_tag?post=10609"}],"curies":[{"name":"wp","href":"https:\/\/api.w.org\/{rel}","templated":true}]}}