{"id":2957,"date":"2019-11-18T21:15:24","date_gmt":"2019-11-18T21:15:24","guid":{"rendered":"https:\/\/iberoid.com\/?post_type=product&#038;p=2957"},"modified":"2023-11-06T19:28:13","modified_gmt":"2023-11-06T19:28:13","slug":"anapolon","status":"publish","type":"product","link":"https:\/\/iberoid.com\/fr\/product\/anapolon\/","title":{"rendered":"Anapolon"},"content":{"rendered":"<p>Anapolon est un st\u00e9ro\u00efde oral tr\u00e8s puissant qui est souvent utilis\u00e9 dans les cycles de musculation et d&rsquo;halt\u00e9rophilie. Contient l&rsquo;ingr\u00e9dient actif oxym\u00e9tal. Il est \u00e9galement appel\u00e9 Anadrol. C&rsquo;est un st\u00e9ro\u00efde anabolisant androg\u00e8ne, qui contribue au d\u00e9veloppement de la masse musculaire en am\u00e9liorant la synth\u00e8se des prot\u00e9ines. Il se trouve g\u00e9n\u00e9ralement sous la forme de comprim\u00e9s de 50 mg, utilis\u00e9s par la plupart des athl\u00e8tes de performance, consid\u00e9r\u00e9s comme le st\u00e9ro\u00efde oral le plus puissant.<\/p>\n<p>Action: contribue \u00e0 l&rsquo;accumulation d&rsquo;eau dans le corps, entra\u00eenant une augmentation du volume des muscles. Apr\u00e8s l&rsquo;accumulation d&rsquo;eau, les joints sont graiss\u00e9s, ce qui est tr\u00e8s b\u00e9n\u00e9fique pour ceux qui travaillent dans la force. L&rsquo;action androg\u00e9nique est tr\u00e8s puissante et \u00e9vite ainsi la surcharge. Lors de l&rsquo;utilisation de ce st\u00e9ro\u00efde, votre app\u00e9tit sera tr\u00e8s \u00e9lev\u00e9. La synth\u00e8se des prot\u00e9ines est \u00e9galement am\u00e9lior\u00e9e, conduisant \u00e0 une accumulation rapide de masse musculaire.<\/p>\n<p>Il agit sur l&rsquo;hormone responsable de la production de globules rouges et d&rsquo;\u00e9rythropo\u00ef\u00e9tine. Cela se traduit par une endurance et une r\u00e9cup\u00e9ration plus rapides apr\u00e8s un entra\u00eenement intense.<\/p>\n<p>R\u00e9sultats obtenus au cours du cycle<br \/>\nR\u00e9sultats: &#8211; Les augmentations de force et de masse pendant le cycle sont tr\u00e8s rapides. Il y a eu des augmentations allant jusqu&rsquo;\u00e0 20 kg en seulement 6 semaines. En plus de ces effets positifs, il s&rsquo;accompagne d&rsquo;un certain nombre d&rsquo;effets n\u00e9gatifs, les plus courants \u00e9tant les effets secondaires androg\u00e9niques. Il y a une surcharge du foie, qui est toxique, en particulier dans les cycles longs ou \u00e0 fortes doses. Il est tr\u00e8s important d&rsquo;utiliser un h\u00e9patoprotecteur.<\/p>\n<p>Cela fonctionne tr\u00e8s bien et seul, mais surtout en cycles avec d&rsquo;autres st\u00e9ro\u00efdes injectables. Il y a des athl\u00e8tes qui peuvent l&rsquo;utiliser pendant la p\u00e9riode de d\u00e9finition, les muscles ont une apparence beaucoup plus compl\u00e8te. Ceux qui ont un probl\u00e8me de r\u00e9tention d&rsquo;eau devraient \u00e9viter cette strat\u00e9gie. Son utilisation en conjonction avec d&rsquo;autres pilules st\u00e9ro\u00efdes n&rsquo;est jamais autoris\u00e9e, car la toxicit\u00e9 h\u00e9patique est trop \u00e9lev\u00e9e. \u00c9tant un st\u00e9ro\u00efde extr\u00eamement populaire dans le monde entier, il existe de nombreuses variantes fausses de ce produit. La pr\u00e9paration des Balkans peut \u00eatre consid\u00e9r\u00e9e comme le produit le plus s\u00fbr, car il y a un code sur le flacon qui peut \u00eatre v\u00e9rifi\u00e9 sur le site officiel.<\/p>\n<p>Dose optimale: La meilleure dose est de 50 mg \/ jour, certains professionnels utilisent m\u00eame 100 mg \/ jour. Il est totalement interdit d&rsquo;utiliser de fortes doses de 100 mg. Les effets secondaires sont plus importants que les avantages.<\/p>\n<p>Quels cycles peuvent \u00eatre utilis\u00e9s?<br \/>\nCycles: L&rsquo;un des cycles les plus populaires pour la masse musculaire est la testost\u00e9rone Enantat + Nandrolone D + Anapolon, Oxymetalone qui est utilis\u00e9 pendant seulement 6 semaines. Un autre cycle extr\u00eamement efficace est Sustamed + Enantat Trenbolone + Oximetalon. Il peut \u00eatre consid\u00e9r\u00e9 comme le cycle le plus puissant. Les trenbolone am\u00e9lior\u00e9s et am\u00e9lior\u00e9s sont les st\u00e9ro\u00efdes injectables les plus puissants et Anap est le st\u00e9ro\u00efde oral le plus puissant. Ces trois st\u00e9ro\u00efdes combin\u00e9s apporteront des gains maximaux en force, en poids et en d\u00e9finition musculaire.<\/p>\n<p>Parce qu&rsquo;il supprime votre propre production de testost\u00e9rone, il est conseill\u00e9 de l&rsquo;utiliser pendant le cycle de Pregnyl (HCG) ou \u00e0 la fin du cycle pour la th\u00e9rapie post-cycle. La th\u00e9rapie aide \u00e0 restaurer la production de testost\u00e9rone et emp\u00eache la perte des r\u00e9sultats obtenus au cours du cycle.<\/p>\n<p>Dur\u00e9e du cycle: 30 jours.<\/p>\n<p>Temps de d\u00e9tection: 8 semaines.<\/p>","protected":false},"excerpt":{"rendered":"<p class=\"qtranxs-available-languages-message qtranxs-available-languages-message-fr\">D\u00e9sol\u00e9, cet article est seulement disponible en <a href=\"https:\/\/iberoid.com\/es\/wp-json\/wp\/v2\/product\/2957\" class=\"qtranxs-available-language-link qtranxs-available-language-link-es\" title=\"Espa\u00f1ol\">Espa\u00f1ol<\/a> et <a href=\"https:\/\/iberoid.com\/pt\/wp-json\/wp\/v2\/product\/2957\" class=\"qtranxs-available-language-link qtranxs-available-language-link-pt\" title=\"Portugu\u00eas\">Portugu\u00eas<\/a>.<\/p>\n","protected":false},"featured_media":2959,"comment_status":"open","ping_status":"closed","template":"","meta":[],"product_brand":[],"product_cat":[73],"product_tag":[],"class_list":{"0":"post-2957","1":"product","2":"type-product","3":"status-publish","4":"has-post-thumbnail","6":"product_cat-ssteroides_orales","8":"first","9":"outofstock","10":"sale","11":"shipping-taxable","12":"purchasable","13":"product-type-simple"},"yoast_head":"<!-- This site is optimized with the Yoast SEO Premium plugin v24.4 (Yoast SEO v27.0) - https:\/\/yoast.com\/product\/yoast-seo-premium-wordpress\/ -->\n<title>Anapolon - (Espa\u00f1ol) Esteroides en l\u00ednea<\/title>\n<meta name=\"description\" content=\"(Espa\u00f1ol) Anapolon es un esteroide oral muy potente que se usa a menudo en los ciclos de culturismo y levantamiento de pesas.\" \/>\n<meta name=\"robots\" content=\"index, follow, max-snippet:-1, max-image-preview:large, max-video-preview:-1\" \/>\n<link rel=\"canonical\" href=\"https:\/\/iberoid.com\/fr\/product\/anapolon\/\" \/>\n<meta property=\"og:locale\" content=\"fr_FR\" \/>\n<meta property=\"og:type\" content=\"article\" \/>\n<meta property=\"og:title\" content=\"Anapolon\" \/>\n<meta property=\"og:description\" content=\"(Espa\u00f1ol) Anapolon es un esteroide oral muy potente que se usa a menudo en los ciclos de culturismo y levantamiento de pesas.\" \/>\n<meta property=\"og:url\" content=\"https:\/\/iberoid.com\/fr\/product\/anapolon\/\" \/>\n<meta property=\"og:site_name\" content=\"(Espa\u00f1ol) Esteroides en l\u00ednea\" \/>\n<meta property=\"article:modified_time\" content=\"2023-11-06T19:28:13+00:00\" \/>\n<meta property=\"og:image\" content=\"https:\/\/iberoid.com\/wp-content\/uploads\/2019\/11\/anapolon.jpg?v=1678120182\" \/>\n\t<meta property=\"og:image:width\" content=\"600\" \/>\n\t<meta property=\"og:image:height\" content=\"600\" \/>\n\t<meta property=\"og:image:type\" content=\"image\/jpeg\" \/>\n<meta name=\"twitter:card\" content=\"summary_large_image\" \/>\n<meta name=\"twitter:label1\" content=\"Prix\" \/>\n\t<meta name=\"twitter:data1\" content=\"&euro;60.00\" \/>\n\t<meta name=\"twitter:label2\" content=\"Disponibilit\u00e9\" \/>\n\t<meta name=\"twitter:data2\" content=\"Rupture de stock\" \/>\n<script type=\"application\/ld+json\" class=\"yoast-schema-graph\">{\"@context\":\"https:\/\/schema.org\",\"@graph\":[{\"@type\":\"WebPage\",\"@id\":\"https:\/\/iberoid.com\/fr\/product\/anapolon\/\",\"url\":\"https:\/\/iberoid.com\/fr\/product\/anapolon\/\",\"name\":\"Anapolon - (Espa\u00f1ol) Esteroides en l\u00ednea\",\"isPartOf\":{\"@id\":\"https:\/\/iberoid.com\/fr\/#website\"},\"primaryImageOfPage\":{\"@id\":\"https:\/\/iberoid.com\/fr\/product\/anapolon\/#primaryimage\"},\"image\":{\"@id\":\"https:\/\/iberoid.com\/fr\/product\/anapolon\/#primaryimage\"},\"thumbnailUrl\":\"https:\/\/iberoid.com\/wp-content\/uploads\/2019\/11\/anapolon.jpg?v=1678120182\",\"datePublished\":\"2019-11-18T21:15:24+00:00\",\"dateModified\":\"2023-11-06T19:28:13+00:00\",\"description\":\"(Espa\u00f1ol) Anapolon es un esteroide oral muy potente que se usa a menudo en los ciclos de culturismo y levantamiento de pesas.\",\"breadcrumb\":{\"@id\":\"https:\/\/iberoid.com\/fr\/product\/anapolon\/#breadcrumb\"},\"inLanguage\":\"fr-FR\",\"potentialAction\":[{\"@type\":\"ReadAction\",\"target\":[[\"https:\/\/iberoid.com\/fr\/product\/anapolon\/\"]]}]},{\"@type\":\"ImageObject\",\"inLanguage\":\"fr-FR\",\"@id\":\"https:\/\/iberoid.com\/fr\/product\/anapolon\/#primaryimage\",\"url\":\"https:\/\/iberoid.com\/wp-content\/uploads\/2019\/11\/anapolon.jpg?v=1678120182\",\"contentUrl\":\"https:\/\/iberoid.com\/wp-content\/uploads\/2019\/11\/anapolon.jpg?v=1678120182\",\"width\":600,\"height\":600,\"caption\":\"Anapolon, Balkan Pharmaceutical\"},{\"@type\":\"BreadcrumbList\",\"@id\":\"https:\/\/iberoid.com\/fr\/product\/anapolon\/#breadcrumb\",\"itemListElement\":[{\"@type\":\"ListItem\",\"position\":1,\"name\":\"Portada\",\"item\":\"https:\/\/iberoid.com\/fr\/\"},{\"@type\":\"ListItem\",\"position\":2,\"name\":\"Magasin\",\"item\":\"https:\/\/iberoid.com\/fr\/shop\/\"},{\"@type\":\"ListItem\",\"position\":3,\"name\":\"Anapolon\"}]},{\"@type\":\"WebSite\",\"@id\":\"https:\/\/iberoid.com\/fr\/#website\",\"url\":\"https:\/\/iberoid.com\/fr\/\",\"name\":\"(Espa\u00f1ol) Esteroides en l\u00ednea\",\"description\":\"(Espa\u00f1ol) Comprar esteroides en l\u00ednea hoy en Espa\u00f1a y Portugal. Tenemos el mejor servicio al cliente en la industria y los productos de la m\u00e1s alta calidad\",\"potentialAction\":[{\"@type\":\"SearchAction\",\"target\":{\"@type\":\"EntryPoint\",\"urlTemplate\":\"https:\/\/iberoid.com\/fr\/?s={search_term_string}\"},\"query-input\":{\"@type\":\"PropertyValueSpecification\",\"valueRequired\":true,\"valueName\":\"search_term_string\"}}],\"inLanguage\":\"fr-FR\"}]}<\/script>\n<meta property=\"product:brand\" content=\"Balkan Pharmaceuticals\" \/>\n<meta property=\"product:price:amount\" content=\"60.00\" \/>\n<meta property=\"product:price:currency\" content=\"EUR\" \/>\n<meta property=\"og:availability\" content=\"out of stock\" \/>\n<meta property=\"product:availability\" content=\"out of stock\" \/>\n<meta property=\"product:condition\" content=\"new\" \/>\n<!-- \/ Yoast SEO Premium plugin. -->","yoast_head_json":{"title":"Anapolon - (Espa\u00f1ol) Esteroides en l\u00ednea","description":"(Espa\u00f1ol) Anapolon es un esteroide oral muy potente que se usa a menudo en los ciclos de culturismo y levantamiento de pesas.","robots":{"index":"index","follow":"follow","max-snippet":"max-snippet:-1","max-image-preview":"max-image-preview:large","max-video-preview":"max-video-preview:-1"},"canonical":"https:\/\/iberoid.com\/fr\/product\/anapolon\/","og_locale":"fr_FR","og_type":"article","og_title":"Anapolon","og_description":"(Espa\u00f1ol) Anapolon es un esteroide oral muy potente que se usa a menudo en los ciclos de culturismo y levantamiento de pesas.","og_url":"https:\/\/iberoid.com\/fr\/product\/anapolon\/","og_site_name":"(Espa\u00f1ol) Esteroides en l\u00ednea","article_modified_time":"2023-11-06T19:28:13+00:00","og_image":[{"width":600,"height":600,"url":"https:\/\/iberoid.com\/wp-content\/uploads\/2019\/11\/anapolon.jpg?v=1678120182","type":"image\/jpeg"}],"twitter_card":"summary_large_image","twitter_misc":{"Prix":"&euro;60.00","Disponibilit\u00e9":"Rupture de stock"},"schema":{"@context":"https:\/\/schema.org","@graph":[{"@type":"WebPage","@id":"https:\/\/iberoid.com\/fr\/product\/anapolon\/","url":"https:\/\/iberoid.com\/fr\/product\/anapolon\/","name":"Anapolon - (Espa\u00f1ol) Esteroides en l\u00ednea","isPartOf":{"@id":"https:\/\/iberoid.com\/fr\/#website"},"primaryImageOfPage":{"@id":"https:\/\/iberoid.com\/fr\/product\/anapolon\/#primaryimage"},"image":{"@id":"https:\/\/iberoid.com\/fr\/product\/anapolon\/#primaryimage"},"thumbnailUrl":"https:\/\/iberoid.com\/wp-content\/uploads\/2019\/11\/anapolon.jpg?v=1678120182","datePublished":"2019-11-18T21:15:24+00:00","dateModified":"2023-11-06T19:28:13+00:00","description":"(Espa\u00f1ol) Anapolon es un esteroide oral muy potente que se usa a menudo en los ciclos de culturismo y levantamiento de pesas.","breadcrumb":{"@id":"https:\/\/iberoid.com\/fr\/product\/anapolon\/#breadcrumb"},"inLanguage":"fr-FR","potentialAction":[{"@type":"ReadAction","target":[["https:\/\/iberoid.com\/fr\/product\/anapolon\/"]]}]},{"@type":"ImageObject","inLanguage":"fr-FR","@id":"https:\/\/iberoid.com\/fr\/product\/anapolon\/#primaryimage","url":"https:\/\/iberoid.com\/wp-content\/uploads\/2019\/11\/anapolon.jpg?v=1678120182","contentUrl":"https:\/\/iberoid.com\/wp-content\/uploads\/2019\/11\/anapolon.jpg?v=1678120182","width":600,"height":600,"caption":"Anapolon, Balkan Pharmaceutical"},{"@type":"BreadcrumbList","@id":"https:\/\/iberoid.com\/fr\/product\/anapolon\/#breadcrumb","itemListElement":[{"@type":"ListItem","position":1,"name":"Portada","item":"https:\/\/iberoid.com\/fr\/"},{"@type":"ListItem","position":2,"name":"Magasin","item":"https:\/\/iberoid.com\/fr\/shop\/"},{"@type":"ListItem","position":3,"name":"Anapolon"}]},{"@type":"WebSite","@id":"https:\/\/iberoid.com\/fr\/#website","url":"https:\/\/iberoid.com\/fr\/","name":"(Espa\u00f1ol) Esteroides en l\u00ednea","description":"(Espa\u00f1ol) Comprar esteroides en l\u00ednea hoy en Espa\u00f1a y Portugal. Tenemos el mejor servicio al cliente en la industria y los productos de la m\u00e1s alta calidad","potentialAction":[{"@type":"SearchAction","target":{"@type":"EntryPoint","urlTemplate":"https:\/\/iberoid.com\/fr\/?s={search_term_string}"},"query-input":{"@type":"PropertyValueSpecification","valueRequired":true,"valueName":"search_term_string"}}],"inLanguage":"fr-FR"}]},"product_brand":"Balkan Pharmaceuticals","product_price_amount":"60.00","product_price_currency":"EUR","og_availability":"out of stock","product_availability":"out of stock","product_condition":"new"},"_links":{"self":[{"href":"https:\/\/iberoid.com\/fr\/wp-json\/wp\/v2\/product\/2957","targetHints":{"allow":["GET"]}}],"collection":[{"href":"https:\/\/iberoid.com\/fr\/wp-json\/wp\/v2\/product"}],"about":[{"href":"https:\/\/iberoid.com\/fr\/wp-json\/wp\/v2\/types\/product"}],"replies":[{"embeddable":true,"href":"https:\/\/iberoid.com\/fr\/wp-json\/wp\/v2\/comments?post=2957"}],"wp:featuredmedia":[{"embeddable":true,"href":"https:\/\/iberoid.com\/fr\/wp-json\/wp\/v2\/media\/2959"}],"wp:attachment":[{"href":"https:\/\/iberoid.com\/fr\/wp-json\/wp\/v2\/media?parent=2957"}],"wp:term":[{"taxonomy":"product_brand","embeddable":true,"href":"https:\/\/iberoid.com\/fr\/wp-json\/wp\/v2\/product_brand?post=2957"},{"taxonomy":"product_cat","embeddable":true,"href":"https:\/\/iberoid.com\/fr\/wp-json\/wp\/v2\/product_cat?post=2957"},{"taxonomy":"product_tag","embeddable":true,"href":"https:\/\/iberoid.com\/fr\/wp-json\/wp\/v2\/product_tag?post=2957"}],"curies":[{"name":"wp","href":"https:\/\/api.w.org\/{rel}","templated":true}]}}