{"id":2980,"date":"2019-11-19T19:51:47","date_gmt":"2019-11-19T19:51:47","guid":{"rendered":"https:\/\/iberoid.com\/?post_type=product&#038;p=2980"},"modified":"2024-08-06T19:50:52","modified_gmt":"2024-08-06T19:50:52","slug":"danabol","status":"publish","type":"product","link":"https:\/\/iberoid.com\/fr\/product\/danabol\/","title":{"rendered":"Danabol 10 mg"},"content":{"rendered":"<p>Danabol 10 mg est le st\u00e9ro\u00efde oral le plus populaire au monde, \u00e9tant l&rsquo;un des premiers st\u00e9ro\u00efdes utilis\u00e9s par les culturistes. Il a \u00e9t\u00e9 cr\u00e9\u00e9 en 1956 par le Dr John Ziegler et en 1960, il a \u00e9t\u00e9 lanc\u00e9 sous le nom de Dianabol. Le m\u00eame produit peut \u00eatre trouv\u00e9 sous de nombreux noms commerciaux: Dbol, Methandrostenolone, Methandienone, Anabol ou Methane. Tous ces produits contiennent le m\u00eame principe actif, \u00e0 savoir la m\u00e9thani\u00e9none.<\/p>\n<p>Comment fonctionne Danabol?<br \/>\nDanabol 10 mg agit en augmentant la synth\u00e8se des prot\u00e9ines et en augmentant la r\u00e9tention d&rsquo;azote. Il peut \u00eatre utilis\u00e9 seul ou en combinaison avec d&rsquo;autres st\u00e9ro\u00efdes, am\u00e9liorant son effet. Avec danabol vous d\u00e9veloppez la masse musculaire, augmentez la force musculaire, l&rsquo;endurance et la r\u00e9cup\u00e9ration apr\u00e8s l&rsquo;effort. Pour obtenir ce r\u00e9sultat, le r\u00e9gime \u00e0 cet effet doit \u00e9galement \u00eatre adapt\u00e9, un r\u00e9gime hypercalorique \u00e9tant le plus appropri\u00e9. Il ne faut pas exag\u00e9rer m\u00eame avec des calories, pour ne pas d\u00e9poser trop de graisse et ne pas retenir l&rsquo;exc\u00e8s d&rsquo;eau.<\/p>\n<p>Danabol 10 mg augmente la r\u00e9tention d&rsquo;eau, donnant aux muscles un aspect spongieux, et pour \u00e9viter cet effet secondaire ind\u00e9sirable, un anti-\u0153strog\u00e8ne tel que Tamoximed, Provimed ou Arimidex doit \u00eatre utilis\u00e9. Au cours du cycle, de grands progr\u00e8s peuvent \u00eatre r\u00e9alis\u00e9s, m\u00eame 15 kg en seulement 6 semaines, la masse accumul\u00e9e n&rsquo;\u00e9tant pas uniquement les muscles. Comme dans tout cycle, le plus important est le r\u00e9gime alimentaire, aucun st\u00e9ro\u00efde ne peut accumuler de graisse ou de r\u00e9tention d&rsquo;eau si le r\u00e9gime est bien d\u00e9velopp\u00e9. L&rsquo;effet est fortement anabolique et androg\u00e8ne inf\u00e9rieur, en raison de la plus faible affinit\u00e9 pour la liaison aux r\u00e9cepteurs androg\u00e8nes. L&rsquo;anabolisme dans le cas du dianabol est d\u00fb \u00e0 une augmentation de la synth\u00e8se des prot\u00e9ines, \u00e0 la r\u00e9tention d&rsquo;azote et \u00e0 la glycolyse.<\/p>\n<p>Quels r\u00e9sultats peut-on obtenir au cours du cycle?<br \/>\nEn raison des tr\u00e8s bons r\u00e9sultats qu&rsquo;il offre, il est devenu l&rsquo;un des st\u00e9ro\u00efdes les plus populaires au monde, m\u00eame Arnold Schwarzenegger a reconnu qu&rsquo;il l&rsquo;avait utilis\u00e9. D\u00e8s les premiers jours d&rsquo;administration, il y a une augmentation de la force et de la masse musculaire. Les entra\u00eenements peuvent \u00eatre tr\u00e8s intenses pendant le cycle, car l&rsquo;endurance et la r\u00e9cup\u00e9ration sont \u00e9galement renvoy\u00e9es. Bien que les r\u00e9sultats soient surprenants, surtout pour les d\u00e9butants dans le premier cycle de st\u00e9ro\u00efdes, il est obligatoire de respecter les doses optimales et le temps d&rsquo;administration.<\/p>\n<p>Lors de l&rsquo;utilisation de Danabol 10 mg, un h\u00e9patoprotecteur doit \u00eatre utilis\u00e9. Comme avec tous les st\u00e9ro\u00efdes sous forme de pilule, ils sont m\u00e9tabolis\u00e9s dans le foie.<\/p>\n<p>Danabol 10 mg n&rsquo;est pas utilis\u00e9 en p\u00e9riode pr\u00e9-comp\u00e9titive car il retient l&rsquo;eau, ce qui rendra la d\u00e9finition impossible. Comme pour tous les produits largement utilis\u00e9s, le risque d&rsquo;acheter un produit contrefait est \u00e9lev\u00e9. C&rsquo;est pourquoi il est tr\u00e8s bon d&rsquo;acheter des st\u00e9ro\u00efdes qui peuvent \u00eatre trouv\u00e9s sur le site Web du fabricant, tels que Balkan Pharmaceuticals. Dans ce cas, vous pouvez \u00eatre s\u00fbr que vous achetez un st\u00e9ro\u00efde original.<\/p>\n<p>Dur\u00e9e du cycle: &#8211; environ 6 semaines.<\/p>\n<p>Cycles st\u00e9ro\u00efdes: &#8211; Il est parfaitement combin\u00e9 pendant la p\u00e9riode de masse musculaire avec la Nandrolone D et la testost\u00e9rone enzymatique.<\/p>\n<p>Un autre cycle couramment utilis\u00e9 est Sustamed + Enhanced Trenbolone + Danabol. Dans ce cas, la masse musculaire est de meilleure qualit\u00e9, en raison de l&rsquo;ajout de Trenbolone dans le cycle, ce qui a de tr\u00e8s bons effets sur la d\u00e9finition.<\/p>\n<p>Dose optimale: &#8211; 30-70 mg \/ jour.<\/p>\n<p>Temps de d\u00e9tection: 6 semaines.<\/p>","protected":false},"excerpt":{"rendered":"<p>Quantit\u00e9: 100 comprim\u00e9s<\/p>\n<p>Concentration: 10 mg \/ pilule<\/p>\n<p>Substance: m\u00e9thandi\u00e9none<\/p>\n","protected":false},"featured_media":2988,"comment_status":"open","ping_status":"closed","template":"","meta":[],"product_brand":[],"product_cat":[73],"product_tag":[],"class_list":{"0":"post-2980","1":"product","2":"type-product","3":"status-publish","4":"has-post-thumbnail","6":"product_cat-ssteroides_orales","8":"first","9":"outofstock","10":"shipping-taxable","11":"purchasable","12":"product-type-simple"},"yoast_head":"<!-- This site is optimized with the Yoast SEO Premium plugin v24.4 (Yoast SEO v27.0) - https:\/\/yoast.com\/product\/yoast-seo-premium-wordpress\/ -->\n<title>Danabol 10 mg - (Espa\u00f1ol) Esteroides en l\u00ednea<\/title>\n<meta name=\"description\" content=\"(Espa\u00f1ol) Danabol aumenta la masa muscular, aumenta la fuerza muscular.\" \/>\n<meta name=\"robots\" content=\"index, follow, max-snippet:-1, max-image-preview:large, max-video-preview:-1\" \/>\n<link rel=\"canonical\" href=\"https:\/\/iberoid.com\/fr\/product\/danabol\/\" \/>\n<meta property=\"og:locale\" content=\"fr_FR\" \/>\n<meta property=\"og:type\" content=\"article\" \/>\n<meta property=\"og:title\" content=\"Danabol 10 mg\" \/>\n<meta property=\"og:description\" content=\"(Espa\u00f1ol) Danabol aumenta la masa muscular, aumenta la fuerza muscular.\" \/>\n<meta property=\"og:url\" content=\"https:\/\/iberoid.com\/fr\/product\/danabol\/\" \/>\n<meta property=\"og:site_name\" content=\"(Espa\u00f1ol) Esteroides en l\u00ednea\" \/>\n<meta property=\"article:modified_time\" content=\"2024-08-06T19:50:52+00:00\" \/>\n<meta property=\"og:image\" content=\"https:\/\/iberoid.com\/wp-content\/uploads\/2019\/11\/danabol_10.jpg?v=1699084803\" \/>\n\t<meta property=\"og:image:width\" content=\"960\" \/>\n\t<meta property=\"og:image:height\" content=\"753\" \/>\n\t<meta property=\"og:image:type\" content=\"image\/jpeg\" \/>\n<meta name=\"twitter:card\" content=\"summary_large_image\" \/>\n<meta name=\"twitter:label1\" content=\"Prix\" \/>\n\t<meta name=\"twitter:data1\" content=\"&euro;40.00\" \/>\n\t<meta name=\"twitter:label2\" content=\"Disponibilit\u00e9\" \/>\n\t<meta name=\"twitter:data2\" content=\"Rupture de stock\" \/>\n<script type=\"application\/ld+json\" class=\"yoast-schema-graph\">{\"@context\":\"https:\/\/schema.org\",\"@graph\":[{\"@type\":\"WebPage\",\"@id\":\"https:\/\/iberoid.com\/fr\/product\/danabol\/\",\"url\":\"https:\/\/iberoid.com\/fr\/product\/danabol\/\",\"name\":\"Danabol 10 mg - (Espa\u00f1ol) Esteroides en l\u00ednea\",\"isPartOf\":{\"@id\":\"https:\/\/iberoid-shop.com\/#website\"},\"primaryImageOfPage\":{\"@id\":\"https:\/\/iberoid.com\/fr\/product\/danabol\/#primaryimage\"},\"image\":{\"@id\":\"https:\/\/iberoid.com\/fr\/product\/danabol\/#primaryimage\"},\"thumbnailUrl\":\"https:\/\/iberoid.com\/wp-content\/uploads\/2019\/11\/danabol_10.jpg?v=1699084803\",\"datePublished\":\"2019-11-19T19:51:47+00:00\",\"dateModified\":\"2024-08-06T19:50:52+00:00\",\"description\":\"(Espa\u00f1ol) Danabol aumenta la masa muscular, aumenta la fuerza muscular.\",\"breadcrumb\":{\"@id\":\"https:\/\/iberoid.com\/fr\/product\/danabol\/#breadcrumb\"},\"inLanguage\":\"fr-FR\",\"potentialAction\":[{\"@type\":\"ReadAction\",\"target\":[[\"https:\/\/iberoid.com\/fr\/product\/danabol\/\"]]}]},{\"@type\":\"ImageObject\",\"inLanguage\":\"fr-FR\",\"@id\":\"https:\/\/iberoid.com\/fr\/product\/danabol\/#primaryimage\",\"url\":\"https:\/\/iberoid.com\/wp-content\/uploads\/2019\/11\/danabol_10.jpg?v=1699084803\",\"contentUrl\":\"https:\/\/iberoid.com\/wp-content\/uploads\/2019\/11\/danabol_10.jpg?v=1699084803\",\"width\":960,\"height\":753,\"caption\":\"(Espa\u00f1ol) danabol desarrolla masa muscular, aumenta la fuerza muscular, la resistencia y la recuperaci\u00f3n despu\u00e9s del esfuerzo\"},{\"@type\":\"BreadcrumbList\",\"@id\":\"https:\/\/iberoid.com\/fr\/product\/danabol\/#breadcrumb\",\"itemListElement\":[{\"@type\":\"ListItem\",\"position\":1,\"name\":\"Portada\",\"item\":\"https:\/\/iberoid.com\/fr\/\"},{\"@type\":\"ListItem\",\"position\":2,\"name\":\"Magasin\",\"item\":\"https:\/\/iberoid.com\/fr\/shop\/\"},{\"@type\":\"ListItem\",\"position\":3,\"name\":\"Danabol 10 mg\"}]},{\"@type\":\"WebSite\",\"@id\":\"https:\/\/iberoid-shop.com\/#website\",\"url\":\"https:\/\/iberoid-shop.com\/\",\"name\":\"(Espa\u00f1ol) Esteroides en l\u00ednea\",\"description\":\"(Espa\u00f1ol) Comprar esteroides en l\u00ednea hoy en Espa\u00f1a y Portugal. Tenemos el mejor servicio al cliente en la industria y los productos de la m\u00e1s alta calidad\",\"potentialAction\":[{\"@type\":\"SearchAction\",\"target\":{\"@type\":\"EntryPoint\",\"urlTemplate\":\"https:\/\/iberoid-shop.com\/?s={search_term_string}\"},\"query-input\":{\"@type\":\"PropertyValueSpecification\",\"valueRequired\":true,\"valueName\":\"search_term_string\"}}],\"inLanguage\":\"fr-FR\"}]}<\/script>\n<meta property=\"product:brand\" content=\"Balkan Pharmaceuticals\" \/>\n<meta property=\"product:price:amount\" content=\"40.00\" \/>\n<meta property=\"product:price:currency\" content=\"EUR\" \/>\n<meta property=\"og:availability\" content=\"out of stock\" \/>\n<meta property=\"product:availability\" content=\"out of stock\" \/>\n<meta property=\"product:condition\" content=\"new\" \/>\n<!-- \/ Yoast SEO Premium plugin. -->","yoast_head_json":{"title":"Danabol 10 mg - (Espa\u00f1ol) Esteroides en l\u00ednea","description":"(Espa\u00f1ol) Danabol aumenta la masa muscular, aumenta la fuerza muscular.","robots":{"index":"index","follow":"follow","max-snippet":"max-snippet:-1","max-image-preview":"max-image-preview:large","max-video-preview":"max-video-preview:-1"},"canonical":"https:\/\/iberoid.com\/fr\/product\/danabol\/","og_locale":"fr_FR","og_type":"article","og_title":"Danabol 10 mg","og_description":"(Espa\u00f1ol) Danabol aumenta la masa muscular, aumenta la fuerza muscular.","og_url":"https:\/\/iberoid.com\/fr\/product\/danabol\/","og_site_name":"(Espa\u00f1ol) Esteroides en l\u00ednea","article_modified_time":"2024-08-06T19:50:52+00:00","og_image":[{"width":960,"height":753,"url":"https:\/\/iberoid.com\/wp-content\/uploads\/2019\/11\/danabol_10.jpg?v=1699084803","type":"image\/jpeg"}],"twitter_card":"summary_large_image","twitter_misc":{"Prix":"&euro;40.00","Disponibilit\u00e9":"Rupture de stock"},"schema":{"@context":"https:\/\/schema.org","@graph":[{"@type":"WebPage","@id":"https:\/\/iberoid.com\/fr\/product\/danabol\/","url":"https:\/\/iberoid.com\/fr\/product\/danabol\/","name":"Danabol 10 mg - (Espa\u00f1ol) Esteroides en l\u00ednea","isPartOf":{"@id":"https:\/\/iberoid-shop.com\/#website"},"primaryImageOfPage":{"@id":"https:\/\/iberoid.com\/fr\/product\/danabol\/#primaryimage"},"image":{"@id":"https:\/\/iberoid.com\/fr\/product\/danabol\/#primaryimage"},"thumbnailUrl":"https:\/\/iberoid.com\/wp-content\/uploads\/2019\/11\/danabol_10.jpg?v=1699084803","datePublished":"2019-11-19T19:51:47+00:00","dateModified":"2024-08-06T19:50:52+00:00","description":"(Espa\u00f1ol) Danabol aumenta la masa muscular, aumenta la fuerza muscular.","breadcrumb":{"@id":"https:\/\/iberoid.com\/fr\/product\/danabol\/#breadcrumb"},"inLanguage":"fr-FR","potentialAction":[{"@type":"ReadAction","target":[["https:\/\/iberoid.com\/fr\/product\/danabol\/"]]}]},{"@type":"ImageObject","inLanguage":"fr-FR","@id":"https:\/\/iberoid.com\/fr\/product\/danabol\/#primaryimage","url":"https:\/\/iberoid.com\/wp-content\/uploads\/2019\/11\/danabol_10.jpg?v=1699084803","contentUrl":"https:\/\/iberoid.com\/wp-content\/uploads\/2019\/11\/danabol_10.jpg?v=1699084803","width":960,"height":753,"caption":"(Espa\u00f1ol) danabol desarrolla masa muscular, aumenta la fuerza muscular, la resistencia y la recuperaci\u00f3n despu\u00e9s del esfuerzo"},{"@type":"BreadcrumbList","@id":"https:\/\/iberoid.com\/fr\/product\/danabol\/#breadcrumb","itemListElement":[{"@type":"ListItem","position":1,"name":"Portada","item":"https:\/\/iberoid.com\/fr\/"},{"@type":"ListItem","position":2,"name":"Magasin","item":"https:\/\/iberoid.com\/fr\/shop\/"},{"@type":"ListItem","position":3,"name":"Danabol 10 mg"}]},{"@type":"WebSite","@id":"https:\/\/iberoid-shop.com\/#website","url":"https:\/\/iberoid-shop.com\/","name":"(Espa\u00f1ol) Esteroides en l\u00ednea","description":"(Espa\u00f1ol) Comprar esteroides en l\u00ednea hoy en Espa\u00f1a y Portugal. Tenemos el mejor servicio al cliente en la industria y los productos de la m\u00e1s alta calidad","potentialAction":[{"@type":"SearchAction","target":{"@type":"EntryPoint","urlTemplate":"https:\/\/iberoid-shop.com\/?s={search_term_string}"},"query-input":{"@type":"PropertyValueSpecification","valueRequired":true,"valueName":"search_term_string"}}],"inLanguage":"fr-FR"}]},"product_brand":"Balkan Pharmaceuticals","product_price_amount":"40.00","product_price_currency":"EUR","og_availability":"out of stock","product_availability":"out of stock","product_condition":"new"},"_links":{"self":[{"href":"https:\/\/iberoid.com\/fr\/wp-json\/wp\/v2\/product\/2980","targetHints":{"allow":["GET"]}}],"collection":[{"href":"https:\/\/iberoid.com\/fr\/wp-json\/wp\/v2\/product"}],"about":[{"href":"https:\/\/iberoid.com\/fr\/wp-json\/wp\/v2\/types\/product"}],"replies":[{"embeddable":true,"href":"https:\/\/iberoid.com\/fr\/wp-json\/wp\/v2\/comments?post=2980"}],"wp:featuredmedia":[{"embeddable":true,"href":"https:\/\/iberoid.com\/fr\/wp-json\/wp\/v2\/media\/2988"}],"wp:attachment":[{"href":"https:\/\/iberoid.com\/fr\/wp-json\/wp\/v2\/media?parent=2980"}],"wp:term":[{"taxonomy":"product_brand","embeddable":true,"href":"https:\/\/iberoid.com\/fr\/wp-json\/wp\/v2\/product_brand?post=2980"},{"taxonomy":"product_cat","embeddable":true,"href":"https:\/\/iberoid.com\/fr\/wp-json\/wp\/v2\/product_cat?post=2980"},{"taxonomy":"product_tag","embeddable":true,"href":"https:\/\/iberoid.com\/fr\/wp-json\/wp\/v2\/product_tag?post=2980"}],"curies":[{"name":"wp","href":"https:\/\/api.w.org\/{rel}","templated":true}]}}