{"id":2996,"date":"2019-11-19T20:16:31","date_gmt":"2019-11-19T20:16:31","guid":{"rendered":"https:\/\/iberoid.com\/?post_type=product&#038;p=2996"},"modified":"2024-01-13T17:33:43","modified_gmt":"2024-01-13T17:33:43","slug":"enandrol","status":"publish","type":"product","link":"https:\/\/iberoid.com\/fr\/product\/enandrol\/","title":{"rendered":"Enandrol BALKAN NEW LINE"},"content":{"rendered":"<p>Le nouveau nom d&rsquo;Enantat pour la testost\u00e9rone est Enandrol.<\/p>\n<p>La testost\u00e9rone Enantat est la version europ\u00e9enne de la testost\u00e9rone chypriote (\u00c9tats-Unis), un st\u00e9ro\u00efde injectable \u00e0 base d&rsquo;huile. Cet ester est le plus largement utilis\u00e9 de tous les esters de testost\u00e9rone, trouv\u00e9 dans presque tous les cycles de st\u00e9ro\u00efdes. On le trouve sous de nombreux noms commerciaux: Testover E, Testo Depo, Testen-250, Cidoteston, Testoviron, Testobolin.<\/p>\n<p>Qu&rsquo;est-ce que l&rsquo;\u00e9nanthate de testost\u00e9rone?<br \/>\n\u00c9tant un st\u00e9ro\u00efde anabolisant et androg\u00e8ne puissant, il contribue \u00e0 la fois au d\u00e9veloppement musculaire et au d\u00e9veloppement de la force. Sur une \u00e9chelle de 0 \u00e0 100, il est de 100, \u00e0 la fois d&rsquo;un point de vue androg\u00e8ne et d&rsquo;un point de vue anabolique. En raison de l&rsquo;ester \u00e9maill\u00e9, il a une longue action, qui est progressivement lib\u00e9r\u00e9e sur 2-3 semaines. La concentration maximale de testost\u00e9rone dans le sang est de 24 \u00e0 48 heures apr\u00e8s l&rsquo;administration, puis un peu est lib\u00e9r\u00e9e dans le sang. Les meilleurs r\u00e9sultats sont obtenus lorsqu&rsquo;ils sont administr\u00e9s pendant 10 \u00e0 10 jours. \u00c0 des fins th\u00e9rapeutiques, il est utilis\u00e9 pour traiter les faibles taux de testost\u00e9rone chez les hommes de plus de 40 ans.<\/p>\n<p>Les athl\u00e8tes l&rsquo;utilisent en grande quantit\u00e9 pour d\u00e9velopper leur masse musculaire et leur force.<\/p>\n<p>Quels r\u00e9sultats sont obtenus au cours du cycle?<br \/>\nUne testost\u00e9rone am\u00e9lior\u00e9e augmente le nombre de globules rouges, ce qui entra\u00eene une endurance musculaire et une r\u00e9cup\u00e9ration plus rapide apr\u00e8s des entra\u00eenements intenses. Pour cette raison, il est \u00e9galement utilis\u00e9 par les athl\u00e8tes d&rsquo;endurance, tels que les cyclistes ou les athl\u00e8tes. L&rsquo;anabolisme se produit en raison de l&rsquo;augmentation de la synth\u00e8se des prot\u00e9ines au cours du cycle. Il augmente le niveau d&rsquo;IGF-1, une hormone qui exerce ses effets sur l&rsquo;hormone de croissance et inhibe les glucocortico\u00efdes, \u00e0 savoir le cortisol, une hormone qui d\u00e9truit la masse musculaire. Pour tirer le meilleur parti de ce st\u00e9ro\u00efde, des doses \u00e9lev\u00e9es ne sont pas le secret, mais des entra\u00eenements intenses, du repos et un apport calorique \u00e9lev\u00e9.<\/p>\n<p>Certains le consid\u00e8rent comme un st\u00e9ro\u00efde massif, qui est totalement faux, et peut \u00eatre utilis\u00e9 pour d\u00e9finir des p\u00e9riodes avec des r\u00e9sultats exceptionnels, augmentant le taux m\u00e9tabolique, contribuant indirectement \u00e0 la combustion des graisses. Pendant le cycle pour \u00e9viter les effets secondaires de nature \u0153strog\u00e9nique, des anti-\u0153strog\u00e8nes Tamoximed, Provimed ou Anastrozole doivent \u00eatre utilis\u00e9s. N&rsquo;importe lequel de ces anti-\u0153strog\u00e8nes fait tr\u00e8s bien son travail en prot\u00e9geant le corps de tous les effets secondaires des \u0153strog\u00e8nes.<\/p>\n<p>Dose optimale: 250-750 mg \/ semaine.<\/p>\n<p>Dur\u00e9e du cycle: 8-12 semaines.<\/p>\n<p>Cycles: se combine avec Winstrol, Trenbolone, Oxandrolone et Deca-Durabolin, Danabol, les st\u00e9ro\u00efdes de masse musculaire Anapolon<\/p>\n<p>Th\u00e9rapie post-cycle: Elle est obligatoire en fin de cycle car elle inhibe la production naturelle de testost\u00e9rone.<\/p>\n<p>La th\u00e9rapie \u00e0 base de Tamoximed et Clomed peut \u00eatre utilis\u00e9e pendant 4 semaines ou Pregnyl (HCG). Et pendant le cycle, une petite quantit\u00e9 de Pregnyl 250-500 UI par semaine aide \u00e0 maintenir les testicules normaux et fonctionnels.<\/p>","protected":false},"excerpt":{"rendered":"<p class=\"qtranxs-available-languages-message qtranxs-available-languages-message-fr\">D\u00e9sol\u00e9, cet article est seulement disponible en <a href=\"https:\/\/iberoid.com\/es\/wp-json\/wp\/v2\/product\/2996\" class=\"qtranxs-available-language-link qtranxs-available-language-link-es\" title=\"Espa\u00f1ol\">Espa\u00f1ol<\/a> et <a href=\"https:\/\/iberoid.com\/pt\/wp-json\/wp\/v2\/product\/2996\" class=\"qtranxs-available-language-link qtranxs-available-language-link-pt\" title=\"Portugu\u00eas\">Portugu\u00eas<\/a>.<\/p>\n","protected":false},"featured_media":2998,"comment_status":"open","ping_status":"closed","template":"","meta":[],"product_brand":[],"product_cat":[69],"product_tag":[],"class_list":{"0":"post-2996","1":"product","2":"type-product","3":"status-publish","4":"has-post-thumbnail","6":"product_cat-esteroides_inyectables","8":"first","9":"outofstock","10":"shipping-taxable","11":"purchasable","12":"product-type-simple"},"yoast_head":"<!-- This site is optimized with the Yoast SEO Premium plugin v24.4 (Yoast SEO v27.0) - https:\/\/yoast.com\/product\/yoast-seo-premium-wordpress\/ -->\n<title>Enandrol BALKAN NEW LINE - (Espa\u00f1ol) Esteroides en l\u00ednea<\/title>\n<meta name=\"description\" content=\"(Espa\u00f1ol) Con fines terap\u00e9uticos, se usa para tratar los niveles bajos de testosterona en hombres mayores de 40 a\u00f1os.Los atletas lo usan en grandes cantidades para desarrollar su masa muscular y fuerza.\u00bfQu\u00e9 resultados se obtienen durante el ciclo?La testosterona mejorada aumenta el n\u00famero de gl\u00f3bulos rojos, lo que resulta en resistencia muscular y una recuperaci\u00f3n m\u00e1s r\u00e1pida despu\u00e9s de entrenamientos intensos.\" \/>\n<meta name=\"robots\" content=\"index, follow, max-snippet:-1, max-image-preview:large, max-video-preview:-1\" \/>\n<link rel=\"canonical\" href=\"https:\/\/iberoid.com\/fr\/product\/enandrol\/\" \/>\n<meta property=\"og:locale\" content=\"fr_FR\" \/>\n<meta property=\"og:type\" content=\"article\" \/>\n<meta property=\"og:title\" content=\"Enandrol BALKAN NEW LINE\" \/>\n<meta property=\"og:description\" content=\"(Espa\u00f1ol) Con fines terap\u00e9uticos, se usa para tratar los niveles bajos de testosterona en hombres mayores de 40 a\u00f1os.Los atletas lo usan en grandes cantidades para desarrollar su masa muscular y fuerza.\u00bfQu\u00e9 resultados se obtienen durante el ciclo?La testosterona mejorada aumenta el n\u00famero de gl\u00f3bulos rojos, lo que resulta en resistencia muscular y una recuperaci\u00f3n m\u00e1s r\u00e1pida despu\u00e9s de entrenamientos intensos.\" \/>\n<meta property=\"og:url\" content=\"https:\/\/iberoid.com\/fr\/product\/enandrol\/\" \/>\n<meta property=\"og:site_name\" content=\"(Espa\u00f1ol) Esteroides en l\u00ednea\" \/>\n<meta property=\"article:modified_time\" content=\"2024-01-13T17:33:43+00:00\" \/>\n<meta property=\"og:image\" content=\"https:\/\/iberoid.com\/wp-content\/uploads\/2019\/11\/enandrol.jpg?v=1678120178\" \/>\n\t<meta property=\"og:image:width\" content=\"2160\" \/>\n\t<meta property=\"og:image:height\" content=\"2160\" \/>\n\t<meta property=\"og:image:type\" content=\"image\/jpeg\" \/>\n<meta name=\"twitter:card\" content=\"summary_large_image\" \/>\n<meta name=\"twitter:label1\" content=\"Prix\" \/>\n\t<meta name=\"twitter:data1\" content=\"&euro;55.00\" \/>\n\t<meta name=\"twitter:label2\" content=\"Disponibilit\u00e9\" \/>\n\t<meta name=\"twitter:data2\" content=\"Rupture de stock\" \/>\n<script type=\"application\/ld+json\" class=\"yoast-schema-graph\">{\"@context\":\"https:\/\/schema.org\",\"@graph\":[{\"@type\":\"WebPage\",\"@id\":\"https:\/\/iberoid.com\/fr\/product\/enandrol\/\",\"url\":\"https:\/\/iberoid.com\/fr\/product\/enandrol\/\",\"name\":\"Enandrol BALKAN NEW LINE - (Espa\u00f1ol) Esteroides en l\u00ednea\",\"isPartOf\":{\"@id\":\"https:\/\/iberoid.com\/fr\/#website\"},\"primaryImageOfPage\":{\"@id\":\"https:\/\/iberoid.com\/fr\/product\/enandrol\/#primaryimage\"},\"image\":{\"@id\":\"https:\/\/iberoid.com\/fr\/product\/enandrol\/#primaryimage\"},\"thumbnailUrl\":\"https:\/\/iberoid.com\/wp-content\/uploads\/2019\/11\/enandrol.jpg?v=1678120178\",\"datePublished\":\"2019-11-19T20:16:31+00:00\",\"dateModified\":\"2024-01-13T17:33:43+00:00\",\"description\":\"(Espa\u00f1ol) Con fines terap\u00e9uticos, se usa para tratar los niveles bajos de testosterona en hombres mayores de 40 a\u00f1os.Los atletas lo usan en grandes cantidades para desarrollar su masa muscular y fuerza.\u00bfQu\u00e9 resultados se obtienen durante el ciclo?La testosterona mejorada aumenta el n\u00famero de gl\u00f3bulos rojos, lo que resulta en resistencia muscular y una recuperaci\u00f3n m\u00e1s r\u00e1pida despu\u00e9s de entrenamientos intensos.\",\"breadcrumb\":{\"@id\":\"https:\/\/iberoid.com\/fr\/product\/enandrol\/#breadcrumb\"},\"inLanguage\":\"fr-FR\",\"potentialAction\":[{\"@type\":\"ReadAction\",\"target\":[[\"https:\/\/iberoid.com\/fr\/product\/enandrol\/\"]]}]},{\"@type\":\"ImageObject\",\"inLanguage\":\"fr-FR\",\"@id\":\"https:\/\/iberoid.com\/fr\/product\/enandrol\/#primaryimage\",\"url\":\"https:\/\/iberoid.com\/wp-content\/uploads\/2019\/11\/enandrol.jpg?v=1678120178\",\"contentUrl\":\"https:\/\/iberoid.com\/wp-content\/uploads\/2019\/11\/enandrol.jpg?v=1678120178\",\"width\":2160,\"height\":2160},{\"@type\":\"BreadcrumbList\",\"@id\":\"https:\/\/iberoid.com\/fr\/product\/enandrol\/#breadcrumb\",\"itemListElement\":[{\"@type\":\"ListItem\",\"position\":1,\"name\":\"Portada\",\"item\":\"https:\/\/iberoid.com\/fr\/\"},{\"@type\":\"ListItem\",\"position\":2,\"name\":\"Magasin\",\"item\":\"https:\/\/iberoid.com\/fr\/shop\/\"},{\"@type\":\"ListItem\",\"position\":3,\"name\":\"Enandrol BALKAN NEW LINE\"}]},{\"@type\":\"WebSite\",\"@id\":\"https:\/\/iberoid.com\/fr\/#website\",\"url\":\"https:\/\/iberoid.com\/fr\/\",\"name\":\"(Espa\u00f1ol) Esteroides en l\u00ednea\",\"description\":\"(Espa\u00f1ol) Comprar esteroides en l\u00ednea hoy en Espa\u00f1a y Portugal. Tenemos el mejor servicio al cliente en la industria y los productos de la m\u00e1s alta calidad\",\"potentialAction\":[{\"@type\":\"SearchAction\",\"target\":{\"@type\":\"EntryPoint\",\"urlTemplate\":\"https:\/\/iberoid.com\/fr\/?s={search_term_string}\"},\"query-input\":{\"@type\":\"PropertyValueSpecification\",\"valueRequired\":true,\"valueName\":\"search_term_string\"}}],\"inLanguage\":\"fr-FR\"}]}<\/script>\n<meta property=\"product:brand\" content=\"Balkan Pharmaceuticals\" \/>\n<meta property=\"product:price:amount\" content=\"55.00\" \/>\n<meta property=\"product:price:currency\" content=\"EUR\" \/>\n<meta property=\"og:availability\" content=\"out of stock\" \/>\n<meta property=\"product:availability\" content=\"out of stock\" \/>\n<meta property=\"product:condition\" content=\"new\" \/>\n<!-- \/ Yoast SEO Premium plugin. -->","yoast_head_json":{"title":"Enandrol BALKAN NEW LINE - (Espa\u00f1ol) Esteroides en l\u00ednea","description":"(Espa\u00f1ol) Con fines terap\u00e9uticos, se usa para tratar los niveles bajos de testosterona en hombres mayores de 40 a\u00f1os.Los atletas lo usan en grandes cantidades para desarrollar su masa muscular y fuerza.\u00bfQu\u00e9 resultados se obtienen durante el ciclo?La testosterona mejorada aumenta el n\u00famero de gl\u00f3bulos rojos, lo que resulta en resistencia muscular y una recuperaci\u00f3n m\u00e1s r\u00e1pida despu\u00e9s de entrenamientos intensos.","robots":{"index":"index","follow":"follow","max-snippet":"max-snippet:-1","max-image-preview":"max-image-preview:large","max-video-preview":"max-video-preview:-1"},"canonical":"https:\/\/iberoid.com\/fr\/product\/enandrol\/","og_locale":"fr_FR","og_type":"article","og_title":"Enandrol BALKAN NEW LINE","og_description":"(Espa\u00f1ol) Con fines terap\u00e9uticos, se usa para tratar los niveles bajos de testosterona en hombres mayores de 40 a\u00f1os.Los atletas lo usan en grandes cantidades para desarrollar su masa muscular y fuerza.\u00bfQu\u00e9 resultados se obtienen durante el ciclo?La testosterona mejorada aumenta el n\u00famero de gl\u00f3bulos rojos, lo que resulta en resistencia muscular y una recuperaci\u00f3n m\u00e1s r\u00e1pida despu\u00e9s de entrenamientos intensos.","og_url":"https:\/\/iberoid.com\/fr\/product\/enandrol\/","og_site_name":"(Espa\u00f1ol) Esteroides en l\u00ednea","article_modified_time":"2024-01-13T17:33:43+00:00","og_image":[{"width":2160,"height":2160,"url":"https:\/\/iberoid.com\/wp-content\/uploads\/2019\/11\/enandrol.jpg?v=1678120178","type":"image\/jpeg"}],"twitter_card":"summary_large_image","twitter_misc":{"Prix":"&euro;55.00","Disponibilit\u00e9":"Rupture de stock"},"schema":{"@context":"https:\/\/schema.org","@graph":[{"@type":"WebPage","@id":"https:\/\/iberoid.com\/fr\/product\/enandrol\/","url":"https:\/\/iberoid.com\/fr\/product\/enandrol\/","name":"Enandrol BALKAN NEW LINE - (Espa\u00f1ol) Esteroides en l\u00ednea","isPartOf":{"@id":"https:\/\/iberoid.com\/fr\/#website"},"primaryImageOfPage":{"@id":"https:\/\/iberoid.com\/fr\/product\/enandrol\/#primaryimage"},"image":{"@id":"https:\/\/iberoid.com\/fr\/product\/enandrol\/#primaryimage"},"thumbnailUrl":"https:\/\/iberoid.com\/wp-content\/uploads\/2019\/11\/enandrol.jpg?v=1678120178","datePublished":"2019-11-19T20:16:31+00:00","dateModified":"2024-01-13T17:33:43+00:00","description":"(Espa\u00f1ol) Con fines terap\u00e9uticos, se usa para tratar los niveles bajos de testosterona en hombres mayores de 40 a\u00f1os.Los atletas lo usan en grandes cantidades para desarrollar su masa muscular y fuerza.\u00bfQu\u00e9 resultados se obtienen durante el ciclo?La testosterona mejorada aumenta el n\u00famero de gl\u00f3bulos rojos, lo que resulta en resistencia muscular y una recuperaci\u00f3n m\u00e1s r\u00e1pida despu\u00e9s de entrenamientos intensos.","breadcrumb":{"@id":"https:\/\/iberoid.com\/fr\/product\/enandrol\/#breadcrumb"},"inLanguage":"fr-FR","potentialAction":[{"@type":"ReadAction","target":[["https:\/\/iberoid.com\/fr\/product\/enandrol\/"]]}]},{"@type":"ImageObject","inLanguage":"fr-FR","@id":"https:\/\/iberoid.com\/fr\/product\/enandrol\/#primaryimage","url":"https:\/\/iberoid.com\/wp-content\/uploads\/2019\/11\/enandrol.jpg?v=1678120178","contentUrl":"https:\/\/iberoid.com\/wp-content\/uploads\/2019\/11\/enandrol.jpg?v=1678120178","width":2160,"height":2160},{"@type":"BreadcrumbList","@id":"https:\/\/iberoid.com\/fr\/product\/enandrol\/#breadcrumb","itemListElement":[{"@type":"ListItem","position":1,"name":"Portada","item":"https:\/\/iberoid.com\/fr\/"},{"@type":"ListItem","position":2,"name":"Magasin","item":"https:\/\/iberoid.com\/fr\/shop\/"},{"@type":"ListItem","position":3,"name":"Enandrol BALKAN NEW LINE"}]},{"@type":"WebSite","@id":"https:\/\/iberoid.com\/fr\/#website","url":"https:\/\/iberoid.com\/fr\/","name":"(Espa\u00f1ol) Esteroides en l\u00ednea","description":"(Espa\u00f1ol) Comprar esteroides en l\u00ednea hoy en Espa\u00f1a y Portugal. Tenemos el mejor servicio al cliente en la industria y los productos de la m\u00e1s alta calidad","potentialAction":[{"@type":"SearchAction","target":{"@type":"EntryPoint","urlTemplate":"https:\/\/iberoid.com\/fr\/?s={search_term_string}"},"query-input":{"@type":"PropertyValueSpecification","valueRequired":true,"valueName":"search_term_string"}}],"inLanguage":"fr-FR"}]},"product_brand":"Balkan Pharmaceuticals","product_price_amount":"55.00","product_price_currency":"EUR","og_availability":"out of stock","product_availability":"out of stock","product_condition":"new"},"_links":{"self":[{"href":"https:\/\/iberoid.com\/fr\/wp-json\/wp\/v2\/product\/2996","targetHints":{"allow":["GET"]}}],"collection":[{"href":"https:\/\/iberoid.com\/fr\/wp-json\/wp\/v2\/product"}],"about":[{"href":"https:\/\/iberoid.com\/fr\/wp-json\/wp\/v2\/types\/product"}],"replies":[{"embeddable":true,"href":"https:\/\/iberoid.com\/fr\/wp-json\/wp\/v2\/comments?post=2996"}],"wp:featuredmedia":[{"embeddable":true,"href":"https:\/\/iberoid.com\/fr\/wp-json\/wp\/v2\/media\/2998"}],"wp:attachment":[{"href":"https:\/\/iberoid.com\/fr\/wp-json\/wp\/v2\/media?parent=2996"}],"wp:term":[{"taxonomy":"product_brand","embeddable":true,"href":"https:\/\/iberoid.com\/fr\/wp-json\/wp\/v2\/product_brand?post=2996"},{"taxonomy":"product_cat","embeddable":true,"href":"https:\/\/iberoid.com\/fr\/wp-json\/wp\/v2\/product_cat?post=2996"},{"taxonomy":"product_tag","embeddable":true,"href":"https:\/\/iberoid.com\/fr\/wp-json\/wp\/v2\/product_tag?post=2996"}],"curies":[{"name":"wp","href":"https:\/\/api.w.org\/{rel}","templated":true}]}}