{"id":3044,"date":"2019-11-20T20:20:45","date_gmt":"2019-11-20T20:20:45","guid":{"rendered":"https:\/\/iberoid.com\/?post_type=product&#038;p=3044"},"modified":"2026-01-11T18:07:07","modified_gmt":"2026-01-11T18:07:07","slug":"anavarged","status":"publish","type":"product","link":"https:\/\/iberoid.com\/fr\/product\/anavarged\/","title":{"rendered":"Anavarged OXANDROLON"},"content":{"rendered":"<p>Oxandrolone ou anavar, comme on l&rsquo;appelle, n&rsquo;est pas un st\u00e9ro\u00efde qui construit la masse musculaire mais d\u00e9compose \u00e9galement les tissus adipeux. Apr\u00e8s la fin du cycle avec l&rsquo;oxandrolone, vous pouvez perdre de la masse musculaire, il serait pr\u00e9f\u00e9rable de suivre une th\u00e9rapie post-cycle. Le cycle avec anavar peut durer jusqu&rsquo;\u00e0 12 semaines.<\/p>\n<p>Il est n\u00e9cessaire d&rsquo;administrer pendant un minimum de 6 semaines. Oxandrolone est utilis\u00e9 par les athl\u00e8tes qui souhaitent obtenir une masse musculaire de qualit\u00e9 sans effets secondaires, et cela augmentera leur force. Elle est aussi anabolique que la testost\u00e9rone, mais vous ne gagnerez pas autant de masse musculaire \u00e0 la fin du cycle car l&rsquo;oxandrolone ne retient pas l&rsquo;eau dans le corps.<\/p>\n<p>C&rsquo;est un tr\u00e8s bon st\u00e9ro\u00efde pour ceux qui veulent de la d\u00e9finition et br\u00fbler les graisses. N&rsquo;ayant pas d&rsquo;effets secondaires, il peut \u00eatre utilis\u00e9 par les femmes. Le tamoxif\u00e8ne ne sera pas utilis\u00e9 car l&rsquo;anavar est insipide. C&rsquo;est un produit souvent utilis\u00e9 par les athl\u00e8tes et les nageurs. La dose quotidienne recommand\u00e9e est de 30 \u00e0 60 mg par jour.<\/p>\n<p>Dans les cercles alimentaires, Anavar est utilis\u00e9 pour br\u00fbler les graisses, mais aussi pour augmenter l&rsquo;effet anabolisant des st\u00e9ro\u00efdes tels que la testost\u00e9rone \u00e9maill\u00e9e, le parabolan ou la trenbolone. Oxandrolone n&rsquo;influence en principe pas le niveau de l&rsquo;hormone androg\u00e8ne elle-m\u00eame.<\/p>","protected":false},"excerpt":{"rendered":"<p>Oxandrolone ou anavar, comme on l&rsquo;appelle, n&rsquo;est pas un st\u00e9ro\u00efde qui construit la masse musculaire mais d\u00e9compose \u00e9galement les tissus<\/p>\n","protected":false},"featured_media":10470,"comment_status":"open","ping_status":"closed","template":"","meta":[],"product_brand":[3528],"product_cat":[73],"product_tag":[],"class_list":{"0":"post-3044","1":"product","2":"type-product","3":"status-publish","4":"has-post-thumbnail","6":"product_brand-epf-premium","7":"product_cat-ssteroides_orales","9":"first","10":"instock","11":"sale","12":"shipping-taxable","13":"purchasable","14":"product-type-simple"},"yoast_head":"<!-- This site is optimized with the Yoast SEO Premium plugin v24.4 (Yoast SEO v27.0) - https:\/\/yoast.com\/product\/yoast-seo-premium-wordpress\/ -->\n<title>Anavarged OXANDROLON - (Espa\u00f1ol) Esteroides en l\u00ednea<\/title>\n<meta name=\"description\" content=\"Oxandrolone (Anavar) est un st\u00e9ro\u00efde pour la d\u00e9finition et la combustion des graisses, offrant une masse musculaire de qualit\u00e9 et de la force sans r\u00e9tention d&#039;eau, utilisable par les femmes.\" \/>\n<meta name=\"robots\" content=\"index, follow, max-snippet:-1, max-image-preview:large, max-video-preview:-1\" \/>\n<link rel=\"canonical\" href=\"https:\/\/iberoid.com\/fr\/product\/anavarged\/\" \/>\n<meta property=\"og:locale\" content=\"fr_FR\" \/>\n<meta property=\"og:type\" content=\"article\" \/>\n<meta property=\"og:title\" content=\"Anavarged OXANDROLON\" \/>\n<meta property=\"og:description\" content=\"Oxandrolone (Anavar) est un st\u00e9ro\u00efde pour la d\u00e9finition et la combustion des graisses, offrant une masse musculaire de qualit\u00e9 et de la force sans r\u00e9tention d&#039;eau, utilisable par les femmes.\" \/>\n<meta property=\"og:url\" content=\"https:\/\/iberoid.com\/fr\/product\/anavarged\/\" \/>\n<meta property=\"og:site_name\" content=\"(Espa\u00f1ol) Esteroides en l\u00ednea\" \/>\n<meta property=\"article:modified_time\" content=\"2026-01-11T18:07:07+00:00\" \/>\n<meta property=\"og:image\" content=\"https:\/\/iberoid.com\/wp-content\/uploads\/2019\/11\/ANGED.jpeg?v=1765710320\" \/>\n\t<meta property=\"og:image:width\" content=\"1200\" \/>\n\t<meta property=\"og:image:height\" content=\"825\" \/>\n\t<meta property=\"og:image:type\" content=\"image\/jpeg\" \/>\n<meta name=\"twitter:card\" content=\"summary_large_image\" \/>\n<meta name=\"twitter:label1\" content=\"Prix\" \/>\n\t<meta name=\"twitter:data1\" content=\"&euro;75.00\" \/>\n\t<meta name=\"twitter:label2\" content=\"Disponibilit\u00e9\" \/>\n\t<meta name=\"twitter:data2\" content=\"En stock\" \/>\n<script type=\"application\/ld+json\" class=\"yoast-schema-graph\">{\"@context\":\"https:\/\/schema.org\",\"@graph\":[{\"@type\":\"WebPage\",\"@id\":\"https:\/\/iberoid.com\/fr\/product\/anavarged\/\",\"url\":\"https:\/\/iberoid.com\/fr\/product\/anavarged\/\",\"name\":\"Anavarged OXANDROLON - (Espa\u00f1ol) Esteroides en l\u00ednea\",\"isPartOf\":{\"@id\":\"https:\/\/iberoid.com\/fr\/#website\"},\"primaryImageOfPage\":{\"@id\":\"https:\/\/iberoid.com\/fr\/product\/anavarged\/#primaryimage\"},\"image\":{\"@id\":\"https:\/\/iberoid.com\/fr\/product\/anavarged\/#primaryimage\"},\"thumbnailUrl\":\"https:\/\/iberoid.com\/wp-content\/uploads\/2019\/11\/ANGED.jpeg?v=1765710320\",\"datePublished\":\"2019-11-20T20:20:45+00:00\",\"dateModified\":\"2026-01-11T18:07:07+00:00\",\"description\":\"Oxandrolone (Anavar) est un st\u00e9ro\u00efde pour la d\u00e9finition et la combustion des graisses, offrant une masse musculaire de qualit\u00e9 et de la force sans r\u00e9tention d'eau, utilisable par les femmes.\",\"breadcrumb\":{\"@id\":\"https:\/\/iberoid.com\/fr\/product\/anavarged\/#breadcrumb\"},\"inLanguage\":\"fr-FR\",\"potentialAction\":[{\"@type\":\"ReadAction\",\"target\":[[\"https:\/\/iberoid.com\/fr\/product\/anavarged\/\"]]}]},{\"@type\":\"ImageObject\",\"inLanguage\":\"fr-FR\",\"@id\":\"https:\/\/iberoid.com\/fr\/product\/anavarged\/#primaryimage\",\"url\":\"https:\/\/iberoid.com\/wp-content\/uploads\/2019\/11\/ANGED.jpeg?v=1765710320\",\"contentUrl\":\"https:\/\/iberoid.com\/wp-content\/uploads\/2019\/11\/ANGED.jpeg?v=1765710320\",\"width\":1200,\"height\":825},{\"@type\":\"BreadcrumbList\",\"@id\":\"https:\/\/iberoid.com\/fr\/product\/anavarged\/#breadcrumb\",\"itemListElement\":[{\"@type\":\"ListItem\",\"position\":1,\"name\":\"Portada\",\"item\":\"https:\/\/iberoid.com\/fr\/\"},{\"@type\":\"ListItem\",\"position\":2,\"name\":\"Magasin\",\"item\":\"https:\/\/iberoid.com\/fr\/shop\/\"},{\"@type\":\"ListItem\",\"position\":3,\"name\":\"Anavarged OXANDROLON\"}]},{\"@type\":\"WebSite\",\"@id\":\"https:\/\/iberoid.com\/fr\/#website\",\"url\":\"https:\/\/iberoid.com\/fr\/\",\"name\":\"(Espa\u00f1ol) Esteroides en l\u00ednea\",\"description\":\"(Espa\u00f1ol) Comprar esteroides en l\u00ednea hoy en Espa\u00f1a y Portugal. Tenemos el mejor servicio al cliente en la industria y los productos de la m\u00e1s alta calidad\",\"potentialAction\":[{\"@type\":\"SearchAction\",\"target\":{\"@type\":\"EntryPoint\",\"urlTemplate\":\"https:\/\/iberoid.com\/fr\/?s={search_term_string}\"},\"query-input\":{\"@type\":\"PropertyValueSpecification\",\"valueRequired\":true,\"valueName\":\"search_term_string\"}}],\"inLanguage\":\"fr-FR\"}]}<\/script>\n<meta property=\"product:brand\" content=\"Euro Prime Pharmaceuticals (EPF)\" \/>\n<meta property=\"product:price:amount\" content=\"75.00\" \/>\n<meta property=\"product:price:currency\" content=\"EUR\" \/>\n<meta property=\"og:availability\" content=\"instock\" \/>\n<meta property=\"product:availability\" content=\"instock\" \/>\n<meta property=\"product:condition\" content=\"new\" \/>\n<!-- \/ Yoast SEO Premium plugin. -->","yoast_head_json":{"title":"Anavarged OXANDROLON - (Espa\u00f1ol) Esteroides en l\u00ednea","description":"Oxandrolone (Anavar) est un st\u00e9ro\u00efde pour la d\u00e9finition et la combustion des graisses, offrant une masse musculaire de qualit\u00e9 et de la force sans r\u00e9tention d'eau, utilisable par les femmes.","robots":{"index":"index","follow":"follow","max-snippet":"max-snippet:-1","max-image-preview":"max-image-preview:large","max-video-preview":"max-video-preview:-1"},"canonical":"https:\/\/iberoid.com\/fr\/product\/anavarged\/","og_locale":"fr_FR","og_type":"article","og_title":"Anavarged OXANDROLON","og_description":"Oxandrolone (Anavar) est un st\u00e9ro\u00efde pour la d\u00e9finition et la combustion des graisses, offrant une masse musculaire de qualit\u00e9 et de la force sans r\u00e9tention d'eau, utilisable par les femmes.","og_url":"https:\/\/iberoid.com\/fr\/product\/anavarged\/","og_site_name":"(Espa\u00f1ol) Esteroides en l\u00ednea","article_modified_time":"2026-01-11T18:07:07+00:00","og_image":[{"width":1200,"height":825,"url":"https:\/\/iberoid.com\/wp-content\/uploads\/2019\/11\/ANGED.jpeg?v=1765710320","type":"image\/jpeg"}],"twitter_card":"summary_large_image","twitter_misc":{"Prix":"&euro;75.00","Disponibilit\u00e9":"En stock"},"schema":{"@context":"https:\/\/schema.org","@graph":[{"@type":"WebPage","@id":"https:\/\/iberoid.com\/fr\/product\/anavarged\/","url":"https:\/\/iberoid.com\/fr\/product\/anavarged\/","name":"Anavarged OXANDROLON - (Espa\u00f1ol) Esteroides en l\u00ednea","isPartOf":{"@id":"https:\/\/iberoid.com\/fr\/#website"},"primaryImageOfPage":{"@id":"https:\/\/iberoid.com\/fr\/product\/anavarged\/#primaryimage"},"image":{"@id":"https:\/\/iberoid.com\/fr\/product\/anavarged\/#primaryimage"},"thumbnailUrl":"https:\/\/iberoid.com\/wp-content\/uploads\/2019\/11\/ANGED.jpeg?v=1765710320","datePublished":"2019-11-20T20:20:45+00:00","dateModified":"2026-01-11T18:07:07+00:00","description":"Oxandrolone (Anavar) est un st\u00e9ro\u00efde pour la d\u00e9finition et la combustion des graisses, offrant une masse musculaire de qualit\u00e9 et de la force sans r\u00e9tention d'eau, utilisable par les femmes.","breadcrumb":{"@id":"https:\/\/iberoid.com\/fr\/product\/anavarged\/#breadcrumb"},"inLanguage":"fr-FR","potentialAction":[{"@type":"ReadAction","target":[["https:\/\/iberoid.com\/fr\/product\/anavarged\/"]]}]},{"@type":"ImageObject","inLanguage":"fr-FR","@id":"https:\/\/iberoid.com\/fr\/product\/anavarged\/#primaryimage","url":"https:\/\/iberoid.com\/wp-content\/uploads\/2019\/11\/ANGED.jpeg?v=1765710320","contentUrl":"https:\/\/iberoid.com\/wp-content\/uploads\/2019\/11\/ANGED.jpeg?v=1765710320","width":1200,"height":825},{"@type":"BreadcrumbList","@id":"https:\/\/iberoid.com\/fr\/product\/anavarged\/#breadcrumb","itemListElement":[{"@type":"ListItem","position":1,"name":"Portada","item":"https:\/\/iberoid.com\/fr\/"},{"@type":"ListItem","position":2,"name":"Magasin","item":"https:\/\/iberoid.com\/fr\/shop\/"},{"@type":"ListItem","position":3,"name":"Anavarged OXANDROLON"}]},{"@type":"WebSite","@id":"https:\/\/iberoid.com\/fr\/#website","url":"https:\/\/iberoid.com\/fr\/","name":"(Espa\u00f1ol) Esteroides en l\u00ednea","description":"(Espa\u00f1ol) Comprar esteroides en l\u00ednea hoy en Espa\u00f1a y Portugal. Tenemos el mejor servicio al cliente en la industria y los productos de la m\u00e1s alta calidad","potentialAction":[{"@type":"SearchAction","target":{"@type":"EntryPoint","urlTemplate":"https:\/\/iberoid.com\/fr\/?s={search_term_string}"},"query-input":{"@type":"PropertyValueSpecification","valueRequired":true,"valueName":"search_term_string"}}],"inLanguage":"fr-FR"}]},"product_brand":"Euro Prime Pharmaceuticals (EPF)","product_price_amount":"75.00","product_price_currency":"EUR","og_availability":"instock","product_availability":"instock","product_condition":"new"},"_links":{"self":[{"href":"https:\/\/iberoid.com\/fr\/wp-json\/wp\/v2\/product\/3044","targetHints":{"allow":["GET"]}}],"collection":[{"href":"https:\/\/iberoid.com\/fr\/wp-json\/wp\/v2\/product"}],"about":[{"href":"https:\/\/iberoid.com\/fr\/wp-json\/wp\/v2\/types\/product"}],"replies":[{"embeddable":true,"href":"https:\/\/iberoid.com\/fr\/wp-json\/wp\/v2\/comments?post=3044"}],"wp:featuredmedia":[{"embeddable":true,"href":"https:\/\/iberoid.com\/fr\/wp-json\/wp\/v2\/media\/10470"}],"wp:attachment":[{"href":"https:\/\/iberoid.com\/fr\/wp-json\/wp\/v2\/media?parent=3044"}],"wp:term":[{"taxonomy":"product_brand","embeddable":true,"href":"https:\/\/iberoid.com\/fr\/wp-json\/wp\/v2\/product_brand?post=3044"},{"taxonomy":"product_cat","embeddable":true,"href":"https:\/\/iberoid.com\/fr\/wp-json\/wp\/v2\/product_cat?post=3044"},{"taxonomy":"product_tag","embeddable":true,"href":"https:\/\/iberoid.com\/fr\/wp-json\/wp\/v2\/product_tag?post=3044"}],"curies":[{"name":"wp","href":"https:\/\/api.w.org\/{rel}","templated":true}]}}