{"id":3072,"date":"2019-11-20T20:45:23","date_gmt":"2019-11-20T20:45:23","guid":{"rendered":"https:\/\/iberoid.com\/?post_type=product&#038;p=3072"},"modified":"2026-03-11T16:51:17","modified_gmt":"2026-03-11T16:51:17","slug":"primoged","status":"publish","type":"product","link":"https:\/\/iberoid.com\/fr\/product\/primoged\/","title":{"rendered":"Primoged &#8211; Primobolan &#8211; PREMIUM"},"content":{"rendered":"<p>Primobolan se trouve \u00e0 la fois sous forme injectable et sous forme de comprim\u00e9s. Le primobolan injectable est appel\u00e9 primobolan de d\u00e9p\u00f4t. L&rsquo;administration de Primobolan n&rsquo;aide pas \u00e0 une augmentation rapide de la masse musculaire et de la force, elle est donc administr\u00e9e sur une longue p\u00e9riode de temps. Apr\u00e8s administration de primobolan, la masse musculaire obtenue sera de qualit\u00e9 sans graisse et sans graisse. Le tableau sera maintenu pour la plupart. Pour \u00eatre efficace, il doit \u00eatre administr\u00e9 sur une longue p\u00e9riode et en grande quantit\u00e9. La solution buvable doit \u00eatre utilis\u00e9e pendant 12 semaines, \u00e0 une dose d&rsquo;au moins 500 mg \/ semaine. Il peut \u00eatre mieux combin\u00e9 avec le ma\u00eetre, un autre tr\u00e8s bon st\u00e9ro\u00efde pour la d\u00e9finition.<\/p>\n<p>Une caract\u00e9ristique importante du primobolan est qu&rsquo;il contribue \u00e0 br\u00fbler les graisses. Primobolan aide \u00e9galement dans le traitement des tumeurs du sein, il n&rsquo;est pas n\u00e9cessaire d&rsquo;utiliser des anti-\u0153strog\u00e8nes pendant les cycles de primobolan. Primobolan peut \u00eatre ajout\u00e9 aux cellules st\u00e9ro\u00efdes avec un degr\u00e9 \u00e9lev\u00e9 de gyn\u00e9comastie, pour aider \u00e0 la pr\u00e9venir. Le primobolan injectable est meilleur que l&rsquo;injectable car il ne traverse pas le foie et est plus efficace. Le primobolan oral n&rsquo;est pas toxique pour le foie. Cependant, il est n\u00e9cessaire de l&rsquo;administrer \u00e0 des doses tr\u00e8s \u00e9lev\u00e9es de 100 \u00e0 200 mg \/ jour. Le cycle oral de primobolan doit durer au moins 6 semaines.<\/p>","protected":false},"excerpt":{"rendered":"<p>Primobolan se trouve \u00e0 la fois sous forme injectable et sous forme de comprim\u00e9s. Le primobolan injectable est appel\u00e9 primobolan<\/p>\n","protected":false},"featured_media":9309,"comment_status":"open","ping_status":"closed","template":"","meta":[],"product_brand":[],"product_cat":[69],"product_tag":[],"class_list":{"0":"post-3072","1":"product","2":"type-product","3":"status-publish","4":"has-post-thumbnail","6":"product_cat-esteroides_inyectables","8":"first","9":"instock","10":"sale","11":"shipping-taxable","12":"purchasable","13":"product-type-simple"},"yoast_head":"<!-- This site is optimized with the Yoast SEO Premium plugin v24.4 (Yoast SEO v27.3) - https:\/\/yoast.com\/product\/yoast-seo-premium-wordpress\/ -->\n<title>Primoged - Primobolan - PREMIUM - (Espa\u00f1ol) Esteroides en l\u00ednea<\/title>\n<meta name=\"description\" content=\"Primobolan : Pour un gain musculaire sec et de qualit\u00e9 et une combustion des graisses sur des cycles longs (12+ semaines par voie orale, 500mg+\/semaine). R\u00e9tention d&#039;eau minimale, pas besoin d&#039;anti-\u0153strog\u00e8nes. La forme injectable est pr\u00e9f\u00e9rable.\" \/>\n<meta name=\"robots\" content=\"index, follow, max-snippet:-1, max-image-preview:large, max-video-preview:-1\" \/>\n<link rel=\"canonical\" href=\"https:\/\/iberoid.com\/fr\/product\/primoged\/\" \/>\n<meta property=\"og:locale\" content=\"fr_FR\" \/>\n<meta property=\"og:type\" content=\"article\" \/>\n<meta property=\"og:title\" content=\"Primoged - Primobolan - PREMIUM\" \/>\n<meta property=\"og:description\" content=\"Primobolan : Pour un gain musculaire sec et de qualit\u00e9 et une combustion des graisses sur des cycles longs (12+ semaines par voie orale, 500mg+\/semaine). R\u00e9tention d&#039;eau minimale, pas besoin d&#039;anti-\u0153strog\u00e8nes. La forme injectable est pr\u00e9f\u00e9rable.\" \/>\n<meta property=\"og:url\" content=\"https:\/\/iberoid.com\/fr\/product\/primoged\/\" \/>\n<meta property=\"og:site_name\" content=\"(Espa\u00f1ol) Esteroides en l\u00ednea\" \/>\n<meta property=\"article:modified_time\" content=\"2026-03-11T16:51:17+00:00\" \/>\n<meta property=\"og:image\" content=\"https:\/\/iberoid.com\/wp-content\/uploads\/2019\/11\/prim.jpg?v=1711900666\" \/>\n\t<meta property=\"og:image:width\" content=\"1600\" \/>\n\t<meta property=\"og:image:height\" content=\"1600\" \/>\n\t<meta property=\"og:image:type\" content=\"image\/jpeg\" \/>\n<meta name=\"twitter:card\" content=\"summary_large_image\" \/>\n<meta name=\"twitter:label1\" content=\"Prix\" \/>\n\t<meta name=\"twitter:data1\" content=\"&euro;60.00\" \/>\n\t<meta name=\"twitter:label2\" content=\"Disponibilit\u00e9\" \/>\n\t<meta name=\"twitter:data2\" content=\"En stock\" \/>\n<script type=\"application\/ld+json\" class=\"yoast-schema-graph\">{\"@context\":\"https:\\\/\\\/schema.org\",\"@graph\":[{\"@type\":\"WebPage\",\"@id\":\"https:\\\/\\\/iberoid.com\\\/fr\\\/product\\\/primoged\\\/\",\"url\":\"https:\\\/\\\/iberoid.com\\\/fr\\\/product\\\/primoged\\\/\",\"name\":\"Primoged - Primobolan - PREMIUM - (Espa\u00f1ol) Esteroides en l\u00ednea\",\"isPartOf\":{\"@id\":\"https:\\\/\\\/iberoid.com\\\/fr\\\/#website\"},\"primaryImageOfPage\":{\"@id\":\"https:\\\/\\\/iberoid.com\\\/fr\\\/product\\\/primoged\\\/#primaryimage\"},\"image\":{\"@id\":\"https:\\\/\\\/iberoid.com\\\/fr\\\/product\\\/primoged\\\/#primaryimage\"},\"thumbnailUrl\":\"https:\\\/\\\/iberoid.com\\\/wp-content\\\/uploads\\\/2019\\\/11\\\/prim.jpg?v=1711900666\",\"datePublished\":\"2019-11-20T20:45:23+00:00\",\"dateModified\":\"2026-03-11T16:51:17+00:00\",\"description\":\"Primobolan : Pour un gain musculaire sec et de qualit\u00e9 et une combustion des graisses sur des cycles longs (12+ semaines par voie orale, 500mg+\\\/semaine). R\u00e9tention d'eau minimale, pas besoin d'anti-\u0153strog\u00e8nes. La forme injectable est pr\u00e9f\u00e9rable.\",\"breadcrumb\":{\"@id\":\"https:\\\/\\\/iberoid.com\\\/fr\\\/product\\\/primoged\\\/#breadcrumb\"},\"inLanguage\":\"fr-FR\",\"potentialAction\":[{\"@type\":\"ReadAction\",\"target\":[[\"https:\\\/\\\/iberoid.com\\\/fr\\\/product\\\/primoged\\\/\"]]}]},{\"@type\":\"ImageObject\",\"inLanguage\":\"fr-FR\",\"@id\":\"https:\\\/\\\/iberoid.com\\\/fr\\\/product\\\/primoged\\\/#primaryimage\",\"url\":\"https:\\\/\\\/iberoid.com\\\/wp-content\\\/uploads\\\/2019\\\/11\\\/prim.jpg?v=1711900666\",\"contentUrl\":\"https:\\\/\\\/iberoid.com\\\/wp-content\\\/uploads\\\/2019\\\/11\\\/prim.jpg?v=1711900666\",\"width\":1600,\"height\":1600},{\"@type\":\"BreadcrumbList\",\"@id\":\"https:\\\/\\\/iberoid.com\\\/fr\\\/product\\\/primoged\\\/#breadcrumb\",\"itemListElement\":[{\"@type\":\"ListItem\",\"position\":1,\"name\":\"Portada\",\"item\":\"https:\\\/\\\/iberoid.com\\\/fr\\\/\"},{\"@type\":\"ListItem\",\"position\":2,\"name\":\"Magasin\",\"item\":\"https:\\\/\\\/iberoid.com\\\/fr\\\/shop\\\/\"},{\"@type\":\"ListItem\",\"position\":3,\"name\":\"Primoged &#8211; Primobolan &#8211; PREMIUM\"}]},{\"@type\":\"WebSite\",\"@id\":\"https:\\\/\\\/iberoid.com\\\/fr\\\/#website\",\"url\":\"https:\\\/\\\/iberoid.com\\\/fr\\\/\",\"name\":\"(Espa\u00f1ol) Esteroides en l\u00ednea\",\"description\":\"(Espa\u00f1ol) Comprar esteroides en l\u00ednea hoy en Espa\u00f1a y Portugal. Tenemos el mejor servicio al cliente en la industria y los productos de la m\u00e1s alta calidad\",\"potentialAction\":[{\"@type\":\"SearchAction\",\"target\":{\"@type\":\"EntryPoint\",\"urlTemplate\":\"https:\\\/\\\/iberoid.com\\\/fr\\\/?s={search_term_string}\"},\"query-input\":{\"@type\":\"PropertyValueSpecification\",\"valueRequired\":true,\"valueName\":\"search_term_string\"}}],\"inLanguage\":\"fr-FR\"}]}<\/script>\n<meta property=\"product:brand\" content=\"Euro Prime Pharmaceuticals (EPF)\" \/>\n<meta property=\"product:price:amount\" content=\"60.00\" \/>\n<meta property=\"product:price:currency\" content=\"EUR\" \/>\n<meta property=\"og:availability\" content=\"instock\" \/>\n<meta property=\"product:availability\" content=\"instock\" \/>\n<meta property=\"product:condition\" content=\"new\" \/>\n<!-- \/ Yoast SEO Premium plugin. -->","yoast_head_json":{"title":"Primoged - Primobolan - PREMIUM - (Espa\u00f1ol) Esteroides en l\u00ednea","description":"Primobolan : Pour un gain musculaire sec et de qualit\u00e9 et une combustion des graisses sur des cycles longs (12+ semaines par voie orale, 500mg+\/semaine). R\u00e9tention d'eau minimale, pas besoin d'anti-\u0153strog\u00e8nes. La forme injectable est pr\u00e9f\u00e9rable.","robots":{"index":"index","follow":"follow","max-snippet":"max-snippet:-1","max-image-preview":"max-image-preview:large","max-video-preview":"max-video-preview:-1"},"canonical":"https:\/\/iberoid.com\/fr\/product\/primoged\/","og_locale":"fr_FR","og_type":"article","og_title":"Primoged - Primobolan - PREMIUM","og_description":"Primobolan : Pour un gain musculaire sec et de qualit\u00e9 et une combustion des graisses sur des cycles longs (12+ semaines par voie orale, 500mg+\/semaine). R\u00e9tention d'eau minimale, pas besoin d'anti-\u0153strog\u00e8nes. La forme injectable est pr\u00e9f\u00e9rable.","og_url":"https:\/\/iberoid.com\/fr\/product\/primoged\/","og_site_name":"(Espa\u00f1ol) Esteroides en l\u00ednea","article_modified_time":"2026-03-11T16:51:17+00:00","og_image":[{"width":1600,"height":1600,"url":"https:\/\/iberoid.com\/wp-content\/uploads\/2019\/11\/prim.jpg?v=1711900666","type":"image\/jpeg"}],"twitter_card":"summary_large_image","twitter_misc":{"Prix":"&euro;60.00","Disponibilit\u00e9":"En stock"},"schema":{"@context":"https:\/\/schema.org","@graph":[{"@type":"WebPage","@id":"https:\/\/iberoid.com\/fr\/product\/primoged\/","url":"https:\/\/iberoid.com\/fr\/product\/primoged\/","name":"Primoged - Primobolan - PREMIUM - (Espa\u00f1ol) Esteroides en l\u00ednea","isPartOf":{"@id":"https:\/\/iberoid.com\/fr\/#website"},"primaryImageOfPage":{"@id":"https:\/\/iberoid.com\/fr\/product\/primoged\/#primaryimage"},"image":{"@id":"https:\/\/iberoid.com\/fr\/product\/primoged\/#primaryimage"},"thumbnailUrl":"https:\/\/iberoid.com\/wp-content\/uploads\/2019\/11\/prim.jpg?v=1711900666","datePublished":"2019-11-20T20:45:23+00:00","dateModified":"2026-03-11T16:51:17+00:00","description":"Primobolan : Pour un gain musculaire sec et de qualit\u00e9 et une combustion des graisses sur des cycles longs (12+ semaines par voie orale, 500mg+\/semaine). R\u00e9tention d'eau minimale, pas besoin d'anti-\u0153strog\u00e8nes. La forme injectable est pr\u00e9f\u00e9rable.","breadcrumb":{"@id":"https:\/\/iberoid.com\/fr\/product\/primoged\/#breadcrumb"},"inLanguage":"fr-FR","potentialAction":[{"@type":"ReadAction","target":[["https:\/\/iberoid.com\/fr\/product\/primoged\/"]]}]},{"@type":"ImageObject","inLanguage":"fr-FR","@id":"https:\/\/iberoid.com\/fr\/product\/primoged\/#primaryimage","url":"https:\/\/iberoid.com\/wp-content\/uploads\/2019\/11\/prim.jpg?v=1711900666","contentUrl":"https:\/\/iberoid.com\/wp-content\/uploads\/2019\/11\/prim.jpg?v=1711900666","width":1600,"height":1600},{"@type":"BreadcrumbList","@id":"https:\/\/iberoid.com\/fr\/product\/primoged\/#breadcrumb","itemListElement":[{"@type":"ListItem","position":1,"name":"Portada","item":"https:\/\/iberoid.com\/fr\/"},{"@type":"ListItem","position":2,"name":"Magasin","item":"https:\/\/iberoid.com\/fr\/shop\/"},{"@type":"ListItem","position":3,"name":"Primoged &#8211; Primobolan &#8211; PREMIUM"}]},{"@type":"WebSite","@id":"https:\/\/iberoid.com\/fr\/#website","url":"https:\/\/iberoid.com\/fr\/","name":"(Espa\u00f1ol) Esteroides en l\u00ednea","description":"(Espa\u00f1ol) Comprar esteroides en l\u00ednea hoy en Espa\u00f1a y Portugal. Tenemos el mejor servicio al cliente en la industria y los productos de la m\u00e1s alta calidad","potentialAction":[{"@type":"SearchAction","target":{"@type":"EntryPoint","urlTemplate":"https:\/\/iberoid.com\/fr\/?s={search_term_string}"},"query-input":{"@type":"PropertyValueSpecification","valueRequired":true,"valueName":"search_term_string"}}],"inLanguage":"fr-FR"}]},"product_brand":"Euro Prime Pharmaceuticals (EPF)","product_price_amount":"60.00","product_price_currency":"EUR","og_availability":"instock","product_availability":"instock","product_condition":"new"},"_links":{"self":[{"href":"https:\/\/iberoid.com\/fr\/wp-json\/wp\/v2\/product\/3072","targetHints":{"allow":["GET"]}}],"collection":[{"href":"https:\/\/iberoid.com\/fr\/wp-json\/wp\/v2\/product"}],"about":[{"href":"https:\/\/iberoid.com\/fr\/wp-json\/wp\/v2\/types\/product"}],"replies":[{"embeddable":true,"href":"https:\/\/iberoid.com\/fr\/wp-json\/wp\/v2\/comments?post=3072"}],"wp:featuredmedia":[{"embeddable":true,"href":"https:\/\/iberoid.com\/fr\/wp-json\/wp\/v2\/media\/9309"}],"wp:attachment":[{"href":"https:\/\/iberoid.com\/fr\/wp-json\/wp\/v2\/media?parent=3072"}],"wp:term":[{"taxonomy":"product_brand","embeddable":true,"href":"https:\/\/iberoid.com\/fr\/wp-json\/wp\/v2\/product_brand?post=3072"},{"taxonomy":"product_cat","embeddable":true,"href":"https:\/\/iberoid.com\/fr\/wp-json\/wp\/v2\/product_cat?post=3072"},{"taxonomy":"product_tag","embeddable":true,"href":"https:\/\/iberoid.com\/fr\/wp-json\/wp\/v2\/product_tag?post=3072"}],"curies":[{"name":"wp","href":"https:\/\/api.w.org\/{rel}","templated":true}]}}