{"id":3080,"date":"2019-11-20T20:49:22","date_gmt":"2019-11-20T20:49:22","guid":{"rendered":"https:\/\/iberoid.com\/?post_type=product&#038;p=3080"},"modified":"2026-02-24T09:34:18","modified_gmt":"2026-02-24T09:34:18","slug":"testoged-c","status":"publish","type":"product","link":"https:\/\/iberoid.com\/fr\/product\/testoged-c\/","title":{"rendered":"Testoged C\/testosterone cypionate\/EPF"},"content":{"rendered":"<p>La testost\u00e9rone \u00e9br\u00e9ch\u00e9e est un st\u00e9ro\u00efde anabolisant pour injection sous la forme d&rsquo;une solution huileuse con\u00e7ue pour lib\u00e9rer de la testost\u00e9rone lente. Il a un effet durable de 1 \u00e0 2 semaines. La concentration maximale de testost\u00e9rone dans le sang sera atteinte 24 \u00e0 48 heures apr\u00e8s l&rsquo;injection, puis lib\u00e9r\u00e9e lentement.<\/p>\n<p>Le traitement m\u00e9dical est administr\u00e9 tous les 2-3 jours, mais les meilleurs effets sont obtenus lorsqu&rsquo;il est administr\u00e9 tous les 10 jours. La testost\u00e9rone m\u00e9dicale de Chypre est la meilleure solution pour traiter les faibles niveaux de testost\u00e9rone. Les athl\u00e8tes et les culturistes utilisent des doses bien au-del\u00e0 du th\u00e9rapeutique pour augmenter leur masse musculaire et leur force, mais aussi pour avoir de meilleures performances en vitesse.<\/p>\n<p>La testost\u00e9rone aide \u00e0 la synth\u00e8se des prot\u00e9ines, c&rsquo;est-\u00e0-dire \u00e0 l&rsquo;anabolisme. Augmente le nombre de globules rouges, ce qui augmente l&rsquo;endurance musculaire et aide \u00e0 la r\u00e9cup\u00e9ration de l&rsquo;effort physique. La testost\u00e9rone augmentera \u00e9galement le niveau d&rsquo;IgF 1. C&rsquo;est un st\u00e9ro\u00efde pour l&rsquo;accumulation de masse, mais aussi pour la d\u00e9finition, la diff\u00e9rence se fait chaque semaine, selon le r\u00e9gime alimentaire et s&rsquo;il est combin\u00e9 avec d&rsquo;autres st\u00e9ro\u00efdes.<\/p>\n<p>Il retient l&rsquo;eau dans le corps mais dispara\u00eetra apr\u00e8s la fin des cils. Pour de meilleurs r\u00e9sultats, un r\u00e9gime riche en prot\u00e9ines et un entra\u00eenement plus efficace et plus complexe doivent \u00eatre maintenus. Si vous ressentez une douleur dans la zone du mamelon pendant le cycle de testost\u00e9rone, 10 mg de tamoxif\u00e8ne sont n\u00e9cessaires par jour.<\/p>\n<p>La testost\u00e9rone supprime la production de testost\u00e9rone elle-m\u00eame, c&rsquo;est pourquoi la th\u00e9rapie post-cycle utilisant le clomid, le tamoxif\u00e8ne et le pr\u00e9gnyl. Pour \u00e9viter l&rsquo;atrophie des testicules, le pr\u00e9gnyl peut \u00e9galement \u00eatre utilis\u00e9 pendant le cycle. La dose de testost\u00e9rone utilis\u00e9e varie entre 500 mg et 1000 mg par semaine, pendant un minimum de 8 semaines.<\/p>","protected":false},"excerpt":{"rendered":"<p>La testost\u00e9rone \u00e9br\u00e9ch\u00e9e est un st\u00e9ro\u00efde anabolisant pour injection sous la forme d&rsquo;une solution huileuse con\u00e7ue pour lib\u00e9rer de la<\/p>\n","protected":false},"featured_media":3082,"comment_status":"open","ping_status":"closed","template":"","meta":[],"product_brand":[],"product_cat":[69],"product_tag":[],"class_list":{"0":"post-3080","1":"product","2":"type-product","3":"status-publish","4":"has-post-thumbnail","6":"product_cat-esteroides_inyectables","8":"first","9":"instock","10":"sale","11":"shipping-taxable","12":"purchasable","13":"product-type-simple"},"yoast_head":"<!-- This site is optimized with the Yoast SEO Premium plugin v24.4 (Yoast SEO v27.0) - https:\/\/yoast.com\/product\/yoast-seo-premium-wordpress\/ -->\n<title>Testoged C\/testosterone cypionate\/EPF - (Espa\u00f1ol) Esteroides en l\u00ednea<\/title>\n<meta name=\"description\" content=\"(Espa\u00f1ol) La testosterona astillada es un esteroide anab\u00f3lico para inyecci\u00f3n en forma de una soluci\u00f3n aceitosa dise\u00f1ada para liberar testosterona lenta.\" \/>\n<meta name=\"robots\" content=\"index, follow, max-snippet:-1, max-image-preview:large, max-video-preview:-1\" \/>\n<link rel=\"canonical\" href=\"https:\/\/iberoid.com\/fr\/product\/testoged-c\/\" \/>\n<meta property=\"og:locale\" content=\"fr_FR\" \/>\n<meta property=\"og:type\" content=\"article\" \/>\n<meta property=\"og:title\" content=\"Testoged C\/testosterone cypionate\/EPF\" \/>\n<meta property=\"og:description\" content=\"(Espa\u00f1ol) La testosterona astillada es un esteroide anab\u00f3lico para inyecci\u00f3n en forma de una soluci\u00f3n aceitosa dise\u00f1ada para liberar testosterona lenta.\" \/>\n<meta property=\"og:url\" content=\"https:\/\/iberoid.com\/fr\/product\/testoged-c\/\" \/>\n<meta property=\"og:site_name\" content=\"(Espa\u00f1ol) Esteroides en l\u00ednea\" \/>\n<meta property=\"article:modified_time\" content=\"2026-02-24T09:34:18+00:00\" \/>\n<meta property=\"og:image\" content=\"https:\/\/iberoid.com\/wp-content\/uploads\/2019\/11\/testoged_c.jpg?v=1756397789\" \/>\n\t<meta property=\"og:image:width\" content=\"700\" \/>\n\t<meta property=\"og:image:height\" content=\"700\" \/>\n\t<meta property=\"og:image:type\" content=\"image\/jpeg\" \/>\n<meta name=\"twitter:card\" content=\"summary_large_image\" \/>\n<meta name=\"twitter:label1\" content=\"Prix\" \/>\n\t<meta name=\"twitter:data1\" content=\"&euro;30.00\" \/>\n\t<meta name=\"twitter:label2\" content=\"Disponibilit\u00e9\" \/>\n\t<meta name=\"twitter:data2\" content=\"En stock\" \/>\n<script type=\"application\/ld+json\" class=\"yoast-schema-graph\">{\"@context\":\"https:\/\/schema.org\",\"@graph\":[{\"@type\":\"WebPage\",\"@id\":\"https:\/\/iberoid.com\/fr\/product\/testoged-c\/\",\"url\":\"https:\/\/iberoid.com\/fr\/product\/testoged-c\/\",\"name\":\"Testoged C\/testosterone cypionate\/EPF - (Espa\u00f1ol) Esteroides en l\u00ednea\",\"isPartOf\":{\"@id\":\"https:\/\/iberoid.com\/fr\/#website\"},\"primaryImageOfPage\":{\"@id\":\"https:\/\/iberoid.com\/fr\/product\/testoged-c\/#primaryimage\"},\"image\":{\"@id\":\"https:\/\/iberoid.com\/fr\/product\/testoged-c\/#primaryimage\"},\"thumbnailUrl\":\"https:\/\/iberoid.com\/wp-content\/uploads\/2019\/11\/testoged_c.jpg?v=1756397789\",\"datePublished\":\"2019-11-20T20:49:22+00:00\",\"dateModified\":\"2026-02-24T09:34:18+00:00\",\"description\":\"(Espa\u00f1ol) La testosterona astillada es un esteroide anab\u00f3lico para inyecci\u00f3n en forma de una soluci\u00f3n aceitosa dise\u00f1ada para liberar testosterona lenta.\",\"breadcrumb\":{\"@id\":\"https:\/\/iberoid.com\/fr\/product\/testoged-c\/#breadcrumb\"},\"inLanguage\":\"fr-FR\",\"potentialAction\":[{\"@type\":\"ReadAction\",\"target\":[[\"https:\/\/iberoid.com\/fr\/product\/testoged-c\/\"]]}]},{\"@type\":\"ImageObject\",\"inLanguage\":\"fr-FR\",\"@id\":\"https:\/\/iberoid.com\/fr\/product\/testoged-c\/#primaryimage\",\"url\":\"https:\/\/iberoid.com\/wp-content\/uploads\/2019\/11\/testoged_c.jpg?v=1756397789\",\"contentUrl\":\"https:\/\/iberoid.com\/wp-content\/uploads\/2019\/11\/testoged_c.jpg?v=1756397789\",\"width\":700,\"height\":700},{\"@type\":\"BreadcrumbList\",\"@id\":\"https:\/\/iberoid.com\/fr\/product\/testoged-c\/#breadcrumb\",\"itemListElement\":[{\"@type\":\"ListItem\",\"position\":1,\"name\":\"Portada\",\"item\":\"https:\/\/iberoid.com\/fr\/\"},{\"@type\":\"ListItem\",\"position\":2,\"name\":\"Magasin\",\"item\":\"https:\/\/iberoid.com\/fr\/shop\/\"},{\"@type\":\"ListItem\",\"position\":3,\"name\":\"Testoged C\/testosterone cypionate\/EPF\"}]},{\"@type\":\"WebSite\",\"@id\":\"https:\/\/iberoid.com\/fr\/#website\",\"url\":\"https:\/\/iberoid.com\/fr\/\",\"name\":\"(Espa\u00f1ol) Esteroides en l\u00ednea\",\"description\":\"(Espa\u00f1ol) Comprar esteroides en l\u00ednea hoy en Espa\u00f1a y Portugal. Tenemos el mejor servicio al cliente en la industria y los productos de la m\u00e1s alta calidad\",\"potentialAction\":[{\"@type\":\"SearchAction\",\"target\":{\"@type\":\"EntryPoint\",\"urlTemplate\":\"https:\/\/iberoid.com\/fr\/?s={search_term_string}\"},\"query-input\":{\"@type\":\"PropertyValueSpecification\",\"valueRequired\":true,\"valueName\":\"search_term_string\"}}],\"inLanguage\":\"fr-FR\"}]}<\/script>\n<meta property=\"product:brand\" content=\"Euro Prime Pharmaceuticals (EPF)\" \/>\n<meta property=\"product:price:amount\" content=\"30.00\" \/>\n<meta property=\"product:price:currency\" content=\"EUR\" \/>\n<meta property=\"og:availability\" content=\"instock\" \/>\n<meta property=\"product:availability\" content=\"instock\" \/>\n<meta property=\"product:condition\" content=\"new\" \/>\n<!-- \/ Yoast SEO Premium plugin. -->","yoast_head_json":{"title":"Testoged C\/testosterone cypionate\/EPF - (Espa\u00f1ol) Esteroides en l\u00ednea","description":"(Espa\u00f1ol) La testosterona astillada es un esteroide anab\u00f3lico para inyecci\u00f3n en forma de una soluci\u00f3n aceitosa dise\u00f1ada para liberar testosterona lenta.","robots":{"index":"index","follow":"follow","max-snippet":"max-snippet:-1","max-image-preview":"max-image-preview:large","max-video-preview":"max-video-preview:-1"},"canonical":"https:\/\/iberoid.com\/fr\/product\/testoged-c\/","og_locale":"fr_FR","og_type":"article","og_title":"Testoged C\/testosterone cypionate\/EPF","og_description":"(Espa\u00f1ol) La testosterona astillada es un esteroide anab\u00f3lico para inyecci\u00f3n en forma de una soluci\u00f3n aceitosa dise\u00f1ada para liberar testosterona lenta.","og_url":"https:\/\/iberoid.com\/fr\/product\/testoged-c\/","og_site_name":"(Espa\u00f1ol) Esteroides en l\u00ednea","article_modified_time":"2026-02-24T09:34:18+00:00","og_image":[{"width":700,"height":700,"url":"https:\/\/iberoid.com\/wp-content\/uploads\/2019\/11\/testoged_c.jpg?v=1756397789","type":"image\/jpeg"}],"twitter_card":"summary_large_image","twitter_misc":{"Prix":"&euro;30.00","Disponibilit\u00e9":"En stock"},"schema":{"@context":"https:\/\/schema.org","@graph":[{"@type":"WebPage","@id":"https:\/\/iberoid.com\/fr\/product\/testoged-c\/","url":"https:\/\/iberoid.com\/fr\/product\/testoged-c\/","name":"Testoged C\/testosterone cypionate\/EPF - (Espa\u00f1ol) Esteroides en l\u00ednea","isPartOf":{"@id":"https:\/\/iberoid.com\/fr\/#website"},"primaryImageOfPage":{"@id":"https:\/\/iberoid.com\/fr\/product\/testoged-c\/#primaryimage"},"image":{"@id":"https:\/\/iberoid.com\/fr\/product\/testoged-c\/#primaryimage"},"thumbnailUrl":"https:\/\/iberoid.com\/wp-content\/uploads\/2019\/11\/testoged_c.jpg?v=1756397789","datePublished":"2019-11-20T20:49:22+00:00","dateModified":"2026-02-24T09:34:18+00:00","description":"(Espa\u00f1ol) La testosterona astillada es un esteroide anab\u00f3lico para inyecci\u00f3n en forma de una soluci\u00f3n aceitosa dise\u00f1ada para liberar testosterona lenta.","breadcrumb":{"@id":"https:\/\/iberoid.com\/fr\/product\/testoged-c\/#breadcrumb"},"inLanguage":"fr-FR","potentialAction":[{"@type":"ReadAction","target":[["https:\/\/iberoid.com\/fr\/product\/testoged-c\/"]]}]},{"@type":"ImageObject","inLanguage":"fr-FR","@id":"https:\/\/iberoid.com\/fr\/product\/testoged-c\/#primaryimage","url":"https:\/\/iberoid.com\/wp-content\/uploads\/2019\/11\/testoged_c.jpg?v=1756397789","contentUrl":"https:\/\/iberoid.com\/wp-content\/uploads\/2019\/11\/testoged_c.jpg?v=1756397789","width":700,"height":700},{"@type":"BreadcrumbList","@id":"https:\/\/iberoid.com\/fr\/product\/testoged-c\/#breadcrumb","itemListElement":[{"@type":"ListItem","position":1,"name":"Portada","item":"https:\/\/iberoid.com\/fr\/"},{"@type":"ListItem","position":2,"name":"Magasin","item":"https:\/\/iberoid.com\/fr\/shop\/"},{"@type":"ListItem","position":3,"name":"Testoged C\/testosterone cypionate\/EPF"}]},{"@type":"WebSite","@id":"https:\/\/iberoid.com\/fr\/#website","url":"https:\/\/iberoid.com\/fr\/","name":"(Espa\u00f1ol) Esteroides en l\u00ednea","description":"(Espa\u00f1ol) Comprar esteroides en l\u00ednea hoy en Espa\u00f1a y Portugal. Tenemos el mejor servicio al cliente en la industria y los productos de la m\u00e1s alta calidad","potentialAction":[{"@type":"SearchAction","target":{"@type":"EntryPoint","urlTemplate":"https:\/\/iberoid.com\/fr\/?s={search_term_string}"},"query-input":{"@type":"PropertyValueSpecification","valueRequired":true,"valueName":"search_term_string"}}],"inLanguage":"fr-FR"}]},"product_brand":"Euro Prime Pharmaceuticals (EPF)","product_price_amount":"30.00","product_price_currency":"EUR","og_availability":"instock","product_availability":"instock","product_condition":"new"},"_links":{"self":[{"href":"https:\/\/iberoid.com\/fr\/wp-json\/wp\/v2\/product\/3080","targetHints":{"allow":["GET"]}}],"collection":[{"href":"https:\/\/iberoid.com\/fr\/wp-json\/wp\/v2\/product"}],"about":[{"href":"https:\/\/iberoid.com\/fr\/wp-json\/wp\/v2\/types\/product"}],"replies":[{"embeddable":true,"href":"https:\/\/iberoid.com\/fr\/wp-json\/wp\/v2\/comments?post=3080"}],"wp:featuredmedia":[{"embeddable":true,"href":"https:\/\/iberoid.com\/fr\/wp-json\/wp\/v2\/media\/3082"}],"wp:attachment":[{"href":"https:\/\/iberoid.com\/fr\/wp-json\/wp\/v2\/media?parent=3080"}],"wp:term":[{"taxonomy":"product_brand","embeddable":true,"href":"https:\/\/iberoid.com\/fr\/wp-json\/wp\/v2\/product_brand?post=3080"},{"taxonomy":"product_cat","embeddable":true,"href":"https:\/\/iberoid.com\/fr\/wp-json\/wp\/v2\/product_cat?post=3080"},{"taxonomy":"product_tag","embeddable":true,"href":"https:\/\/iberoid.com\/fr\/wp-json\/wp\/v2\/product_tag?post=3080"}],"curies":[{"name":"wp","href":"https:\/\/api.w.org\/{rel}","templated":true}]}}