{"id":5086,"date":"2020-04-06T17:51:01","date_gmt":"2020-04-06T17:51:01","guid":{"rendered":"https:\/\/iberoid.com\/?post_type=product&#038;p=5086"},"modified":"2026-04-01T06:21:10","modified_gmt":"2026-04-01T06:21:10","slug":"trenoged-a-trenbolone-acetato-epf","status":"publish","type":"product","link":"https:\/\/iberoid.com\/fr\/product\/trenoged-a-trenbolone-acetato-epf\/","title":{"rendered":"TRENOGED A"},"content":{"rendered":"<p><\/p>\n<p class=\"\" data-start=\"49\" data-end=\"122\"><strong data-start=\"49\" data-end=\"122\">Ac\u00e9tate de Trenbolone \u2013 Une Garantie de Bonne Croissance Musculaire\u00a0\u00bb<\/strong><\/p>\n<p class=\"\" data-start=\"124\" data-end=\"681\">L&rsquo;ac\u00e9tate de trenbolone est consid\u00e9r\u00e9 comme l&rsquo;un des st\u00e9ro\u00efdes anabolisants les plus essentiels utilis\u00e9s dans la cat\u00e9gorie men&rsquo;s physique. Il appartient \u00e0 la classe des m\u00e9dicaments st\u00e9ro\u00efdes, car il a un effet androg\u00e9nique et anabolisant prononc\u00e9 sur le corps du strongman. Initialement, le produit a \u00e9t\u00e9 invent\u00e9 pour un usage en m\u00e9decine v\u00e9t\u00e9rinaire, sp\u00e9cifiquement pour augmenter la masse du b\u00e9tail. \u00c9tant donn\u00e9 que le m\u00e9dicament a une large gamme d&rsquo;effets, l&rsquo;ac\u00e9tate de trenbolone est choisi \u00e0 la fois pour augmenter la masse et pour br\u00fbler les graisses.<\/p>\n<p class=\"\" data-start=\"683\" data-end=\"733\"><strong data-start=\"683\" data-end=\"733\">Description de la Substance Active du St\u00e9ro\u00efde<\/strong><\/p>\n<p class=\"\" data-start=\"735\" data-end=\"1126\">Comme mentionn\u00e9 pr\u00e9c\u00e9demment, le trenbolone a une origine synth\u00e9tique. Son \u00ab\u00a0p\u00e8re\u00a0\u00bb est le nandrolone, bien qu&rsquo;il s&rsquo;agisse aujourd&rsquo;hui de m\u00e9dicaments diff\u00e9rents avec des effets distincts. La forme ac\u00e9tate du trenbolone est la plus populaire dans les disciplines sportives. En raison de la demi-vie courte de l&rsquo;anabolisant, tout le monde ne souhaite pas l&rsquo;utiliser pour atteindre ses objectifs.<\/p>\n<p class=\"\" data-start=\"1128\" data-end=\"1186\">L&rsquo;utilisation de cet anabolisant permet aux strongmen de :<\/p>\n<ul data-start=\"1188\" data-end=\"1413\">\n<li class=\"\" data-start=\"1188\" data-end=\"1227\">\n<p class=\"\" data-start=\"1190\" data-end=\"1227\">Gagner de la masse musculaire s\u00e8che ;<\/p>\n<\/li>\n<li class=\"\" data-start=\"1228\" data-end=\"1263\">\n<p class=\"\" data-start=\"1230\" data-end=\"1263\">Am\u00e9liorer la densit\u00e9 musculaire ;<\/p>\n<\/li>\n<li class=\"\" data-start=\"1264\" data-end=\"1302\">\n<p class=\"\" data-start=\"1266\" data-end=\"1302\">Am\u00e9liorer la d\u00e9finition musculaire ;<\/p>\n<\/li>\n<li class=\"\" data-start=\"1303\" data-end=\"1358\">\n<p class=\"\" data-start=\"1305\" data-end=\"1358\">Am\u00e9liorer les performances en force et en endurance ;<\/p>\n<\/li>\n<li class=\"\" data-start=\"1359\" data-end=\"1391\">\n<p class=\"\" data-start=\"1361\" data-end=\"1391\">Hypertrophie du d\u00e9sir sexuel ;<\/p>\n<\/li>\n<li class=\"\" data-start=\"1392\" data-end=\"1413\">\n<p class=\"\" data-start=\"1394\" data-end=\"1413\">Augmenter la force.<\/p>\n<\/li>\n<\/ul>\n<p class=\"\" data-start=\"1415\" data-end=\"1645\">\u00c9tant donn\u00e9 que le m\u00e9dicament a un effet androg\u00e9nique prononc\u00e9, il est souvent utilis\u00e9 pour br\u00fbler la graisse sous-cutan\u00e9e. Lorsqu&rsquo;il p\u00e9n\u00e8tre dans les d\u00e9p\u00f4ts graisseux, il affecte le stockage des graisses, r\u00e9duisant leur quantit\u00e9.<\/p>\n<p class=\"\" data-start=\"1647\" data-end=\"2035\">Il est tr\u00e8s populaire parmi les athl\u00e8tes en raison de sa faible activit\u00e9 \u0153strog\u00e9nique. En d&rsquo;autres termes, le st\u00e9ro\u00efde n&rsquo;aromatise pas du tout, ce qui signifie qu&rsquo;il ne contribue pas au d\u00e9veloppement de caract\u00e8res sexuels secondaires tels que la gyn\u00e9comastie. Le cycle de l&rsquo;ac\u00e9tate de trenbolone est une excellente opportunit\u00e9 pour am\u00e9liorer le corps et lui offrir de nouvelles capacit\u00e9s.<\/p>\n<p class=\"\" data-start=\"2037\" data-end=\"2076\"><strong data-start=\"2037\" data-end=\"2076\">Application et Dosage de Trenoged A<\/strong><\/p>\n<p class=\"\" data-start=\"2078\" data-end=\"2552\">Le Trenoged A peut \u00eatre utilis\u00e9 soit en cycle solo, soit en combinaison avec d&rsquo;autres st\u00e9ro\u00efdes. Un cycle solo ne doit pas durer plus de 6 semaines. Pendant cette p\u00e9riode, vous pouvez prendre 50 mg ou 100 mg tous les deux jours. Si l&rsquo;athl\u00e8te d\u00e9cide de prolonger le cycle, il est n\u00e9cessaire d&rsquo;ajouter de la gonadotrophine pour \u00e9viter les sympt\u00f4mes n\u00e9gatifs. Apr\u00e8s avoir termin\u00e9 le cycle d&rsquo;ac\u00e9tate de trenbolone, une th\u00e9rapie post-cycle (PCT) avec du Clomif\u00e8ne est n\u00e9cessaire.<\/p>\n<p class=\"\" data-start=\"2554\" data-end=\"2795\">L&rsquo;anabolisant peut \u00eatre combin\u00e9 avec de l&rsquo;Anavar et du Winstrol, ce qui donnera de bons r\u00e9sultats pendant la phase de s\u00e9chage. La substance doit \u00eatre prise \u00e0 la moiti\u00e9 de la dose optimale autoris\u00e9e de chaque m\u00e9dicament pendant 2 semaines.<\/p>\n<p><\/p>","protected":false},"excerpt":{"rendered":"<p>Ac\u00e9tate de Trenbolone \u2013 Une Garantie de Bonne Croissance Musculaire\u00a0\u00bb L&rsquo;ac\u00e9tate de trenbolone est consid\u00e9r\u00e9 comme l&rsquo;un des st\u00e9ro\u00efdes anabolisants<\/p>\n","protected":false},"featured_media":8559,"comment_status":"open","ping_status":"closed","template":"","meta":[],"product_brand":[],"product_cat":[69],"product_tag":[],"class_list":{"0":"post-5086","1":"product","2":"type-product","3":"status-publish","4":"has-post-thumbnail","6":"product_cat-esteroides_inyectables","8":"first","9":"instock","10":"sale","11":"shipping-taxable","12":"purchasable","13":"product-type-simple"},"yoast_head":"<!-- This site is optimized with the Yoast SEO Premium plugin v24.4 (Yoast SEO v27.0) - https:\/\/yoast.com\/product\/yoast-seo-premium-wordpress\/ -->\n<title>TRENOGED A - (Espa\u00f1ol) Esteroides en l\u00ednea<\/title>\n<meta name=\"description\" content=\"Ac\u00e9tate de Trenbolone : puissant anabolisant pour la masse maigre, la d\u00e9finition, la force et la combustion des graisses. Demi-vie courte, dose typique de 50-100mg tous les deux jours pendant 6 semaines maximum. PCT requis.\" \/>\n<meta name=\"robots\" content=\"index, follow, max-snippet:-1, max-image-preview:large, max-video-preview:-1\" \/>\n<link rel=\"canonical\" href=\"https:\/\/iberoid.com\/fr\/product\/trenoged-a-trenbolone-acetato-epf\/\" \/>\n<meta property=\"og:locale\" content=\"fr_FR\" \/>\n<meta property=\"og:type\" content=\"article\" \/>\n<meta property=\"og:title\" content=\"TRENOGED A\" \/>\n<meta property=\"og:description\" content=\"Ac\u00e9tate de Trenbolone : puissant anabolisant pour la masse maigre, la d\u00e9finition, la force et la combustion des graisses. Demi-vie courte, dose typique de 50-100mg tous les deux jours pendant 6 semaines maximum. PCT requis.\" \/>\n<meta property=\"og:url\" content=\"https:\/\/iberoid.com\/fr\/product\/trenoged-a-trenbolone-acetato-epf\/\" \/>\n<meta property=\"og:site_name\" content=\"(Espa\u00f1ol) Esteroides en l\u00ednea\" \/>\n<meta property=\"article:modified_time\" content=\"2026-04-01T06:21:10+00:00\" \/>\n<meta property=\"og:image\" content=\"https:\/\/iberoid.com\/wp-content\/uploads\/2020\/04\/image_6483441-1.jpg?v=1698874256\" \/>\n\t<meta property=\"og:image:width\" content=\"521\" \/>\n\t<meta property=\"og:image:height\" content=\"640\" \/>\n\t<meta property=\"og:image:type\" content=\"image\/jpeg\" \/>\n<meta name=\"twitter:card\" content=\"summary_large_image\" \/>\n<meta name=\"twitter:label1\" content=\"Prix\" \/>\n\t<meta name=\"twitter:data1\" content=\"&euro;45.00\" \/>\n\t<meta name=\"twitter:label2\" content=\"Disponibilit\u00e9\" \/>\n\t<meta name=\"twitter:data2\" content=\"En stock\" \/>\n<script type=\"application\/ld+json\" class=\"yoast-schema-graph\">{\"@context\":\"https:\/\/schema.org\",\"@graph\":[{\"@type\":\"WebPage\",\"@id\":\"https:\/\/iberoid.com\/fr\/product\/trenoged-a-trenbolone-acetato-epf\/\",\"url\":\"https:\/\/iberoid.com\/fr\/product\/trenoged-a-trenbolone-acetato-epf\/\",\"name\":\"TRENOGED A - (Espa\u00f1ol) Esteroides en l\u00ednea\",\"isPartOf\":{\"@id\":\"https:\/\/iberoid-shop.com\/#website\"},\"primaryImageOfPage\":{\"@id\":\"https:\/\/iberoid.com\/fr\/product\/trenoged-a-trenbolone-acetato-epf\/#primaryimage\"},\"image\":{\"@id\":\"https:\/\/iberoid.com\/fr\/product\/trenoged-a-trenbolone-acetato-epf\/#primaryimage\"},\"thumbnailUrl\":\"https:\/\/iberoid.com\/wp-content\/uploads\/2020\/04\/image_6483441-1.jpg?v=1698874256\",\"datePublished\":\"2020-04-06T17:51:01+00:00\",\"dateModified\":\"2026-04-01T06:21:10+00:00\",\"description\":\"Ac\u00e9tate de Trenbolone : puissant anabolisant pour la masse maigre, la d\u00e9finition, la force et la combustion des graisses. Demi-vie courte, dose typique de 50-100mg tous les deux jours pendant 6 semaines maximum. PCT requis.\",\"breadcrumb\":{\"@id\":\"https:\/\/iberoid.com\/fr\/product\/trenoged-a-trenbolone-acetato-epf\/#breadcrumb\"},\"inLanguage\":\"fr-FR\",\"potentialAction\":[{\"@type\":\"ReadAction\",\"target\":[[\"https:\/\/iberoid.com\/fr\/product\/trenoged-a-trenbolone-acetato-epf\/\"]]}]},{\"@type\":\"ImageObject\",\"inLanguage\":\"fr-FR\",\"@id\":\"https:\/\/iberoid.com\/fr\/product\/trenoged-a-trenbolone-acetato-epf\/#primaryimage\",\"url\":\"https:\/\/iberoid.com\/wp-content\/uploads\/2020\/04\/image_6483441-1.jpg?v=1698874256\",\"contentUrl\":\"https:\/\/iberoid.com\/wp-content\/uploads\/2020\/04\/image_6483441-1.jpg?v=1698874256\",\"width\":521,\"height\":640},{\"@type\":\"BreadcrumbList\",\"@id\":\"https:\/\/iberoid.com\/fr\/product\/trenoged-a-trenbolone-acetato-epf\/#breadcrumb\",\"itemListElement\":[{\"@type\":\"ListItem\",\"position\":1,\"name\":\"Portada\",\"item\":\"https:\/\/iberoid.com\/fr\/\"},{\"@type\":\"ListItem\",\"position\":2,\"name\":\"Magasin\",\"item\":\"https:\/\/iberoid.com\/fr\/shop\/\"},{\"@type\":\"ListItem\",\"position\":3,\"name\":\"TRENOGED A\"}]},{\"@type\":\"WebSite\",\"@id\":\"https:\/\/iberoid-shop.com\/#website\",\"url\":\"https:\/\/iberoid-shop.com\/\",\"name\":\"(Espa\u00f1ol) Esteroides en l\u00ednea\",\"description\":\"(Espa\u00f1ol) Comprar esteroides en l\u00ednea hoy en Espa\u00f1a y Portugal. Tenemos el mejor servicio al cliente en la industria y los productos de la m\u00e1s alta calidad\",\"potentialAction\":[{\"@type\":\"SearchAction\",\"target\":{\"@type\":\"EntryPoint\",\"urlTemplate\":\"https:\/\/iberoid-shop.com\/?s={search_term_string}\"},\"query-input\":{\"@type\":\"PropertyValueSpecification\",\"valueRequired\":true,\"valueName\":\"search_term_string\"}}],\"inLanguage\":\"fr-FR\"}]}<\/script>\n<meta property=\"product:brand\" content=\"Euro Prime Pharmaceuticals (EPF)\" \/>\n<meta property=\"product:price:amount\" content=\"45.00\" \/>\n<meta property=\"product:price:currency\" content=\"EUR\" \/>\n<meta property=\"og:availability\" content=\"instock\" \/>\n<meta property=\"product:availability\" content=\"instock\" \/>\n<meta property=\"product:condition\" content=\"new\" \/>\n<!-- \/ Yoast SEO Premium plugin. -->","yoast_head_json":{"title":"TRENOGED A - (Espa\u00f1ol) Esteroides en l\u00ednea","description":"Ac\u00e9tate de Trenbolone : puissant anabolisant pour la masse maigre, la d\u00e9finition, la force et la combustion des graisses. Demi-vie courte, dose typique de 50-100mg tous les deux jours pendant 6 semaines maximum. PCT requis.","robots":{"index":"index","follow":"follow","max-snippet":"max-snippet:-1","max-image-preview":"max-image-preview:large","max-video-preview":"max-video-preview:-1"},"canonical":"https:\/\/iberoid.com\/fr\/product\/trenoged-a-trenbolone-acetato-epf\/","og_locale":"fr_FR","og_type":"article","og_title":"TRENOGED A","og_description":"Ac\u00e9tate de Trenbolone : puissant anabolisant pour la masse maigre, la d\u00e9finition, la force et la combustion des graisses. Demi-vie courte, dose typique de 50-100mg tous les deux jours pendant 6 semaines maximum. PCT requis.","og_url":"https:\/\/iberoid.com\/fr\/product\/trenoged-a-trenbolone-acetato-epf\/","og_site_name":"(Espa\u00f1ol) Esteroides en l\u00ednea","article_modified_time":"2026-04-01T06:21:10+00:00","og_image":[{"width":521,"height":640,"url":"https:\/\/iberoid.com\/wp-content\/uploads\/2020\/04\/image_6483441-1.jpg?v=1698874256","type":"image\/jpeg"}],"twitter_card":"summary_large_image","twitter_misc":{"Prix":"&euro;45.00","Disponibilit\u00e9":"En stock"},"schema":{"@context":"https:\/\/schema.org","@graph":[{"@type":"WebPage","@id":"https:\/\/iberoid.com\/fr\/product\/trenoged-a-trenbolone-acetato-epf\/","url":"https:\/\/iberoid.com\/fr\/product\/trenoged-a-trenbolone-acetato-epf\/","name":"TRENOGED A - (Espa\u00f1ol) Esteroides en l\u00ednea","isPartOf":{"@id":"https:\/\/iberoid-shop.com\/#website"},"primaryImageOfPage":{"@id":"https:\/\/iberoid.com\/fr\/product\/trenoged-a-trenbolone-acetato-epf\/#primaryimage"},"image":{"@id":"https:\/\/iberoid.com\/fr\/product\/trenoged-a-trenbolone-acetato-epf\/#primaryimage"},"thumbnailUrl":"https:\/\/iberoid.com\/wp-content\/uploads\/2020\/04\/image_6483441-1.jpg?v=1698874256","datePublished":"2020-04-06T17:51:01+00:00","dateModified":"2026-04-01T06:21:10+00:00","description":"Ac\u00e9tate de Trenbolone : puissant anabolisant pour la masse maigre, la d\u00e9finition, la force et la combustion des graisses. Demi-vie courte, dose typique de 50-100mg tous les deux jours pendant 6 semaines maximum. PCT requis.","breadcrumb":{"@id":"https:\/\/iberoid.com\/fr\/product\/trenoged-a-trenbolone-acetato-epf\/#breadcrumb"},"inLanguage":"fr-FR","potentialAction":[{"@type":"ReadAction","target":[["https:\/\/iberoid.com\/fr\/product\/trenoged-a-trenbolone-acetato-epf\/"]]}]},{"@type":"ImageObject","inLanguage":"fr-FR","@id":"https:\/\/iberoid.com\/fr\/product\/trenoged-a-trenbolone-acetato-epf\/#primaryimage","url":"https:\/\/iberoid.com\/wp-content\/uploads\/2020\/04\/image_6483441-1.jpg?v=1698874256","contentUrl":"https:\/\/iberoid.com\/wp-content\/uploads\/2020\/04\/image_6483441-1.jpg?v=1698874256","width":521,"height":640},{"@type":"BreadcrumbList","@id":"https:\/\/iberoid.com\/fr\/product\/trenoged-a-trenbolone-acetato-epf\/#breadcrumb","itemListElement":[{"@type":"ListItem","position":1,"name":"Portada","item":"https:\/\/iberoid.com\/fr\/"},{"@type":"ListItem","position":2,"name":"Magasin","item":"https:\/\/iberoid.com\/fr\/shop\/"},{"@type":"ListItem","position":3,"name":"TRENOGED A"}]},{"@type":"WebSite","@id":"https:\/\/iberoid-shop.com\/#website","url":"https:\/\/iberoid-shop.com\/","name":"(Espa\u00f1ol) Esteroides en l\u00ednea","description":"(Espa\u00f1ol) Comprar esteroides en l\u00ednea hoy en Espa\u00f1a y Portugal. Tenemos el mejor servicio al cliente en la industria y los productos de la m\u00e1s alta calidad","potentialAction":[{"@type":"SearchAction","target":{"@type":"EntryPoint","urlTemplate":"https:\/\/iberoid-shop.com\/?s={search_term_string}"},"query-input":{"@type":"PropertyValueSpecification","valueRequired":true,"valueName":"search_term_string"}}],"inLanguage":"fr-FR"}]},"product_brand":"Euro Prime Pharmaceuticals (EPF)","product_price_amount":"45.00","product_price_currency":"EUR","og_availability":"instock","product_availability":"instock","product_condition":"new"},"_links":{"self":[{"href":"https:\/\/iberoid.com\/fr\/wp-json\/wp\/v2\/product\/5086","targetHints":{"allow":["GET"]}}],"collection":[{"href":"https:\/\/iberoid.com\/fr\/wp-json\/wp\/v2\/product"}],"about":[{"href":"https:\/\/iberoid.com\/fr\/wp-json\/wp\/v2\/types\/product"}],"replies":[{"embeddable":true,"href":"https:\/\/iberoid.com\/fr\/wp-json\/wp\/v2\/comments?post=5086"}],"wp:featuredmedia":[{"embeddable":true,"href":"https:\/\/iberoid.com\/fr\/wp-json\/wp\/v2\/media\/8559"}],"wp:attachment":[{"href":"https:\/\/iberoid.com\/fr\/wp-json\/wp\/v2\/media?parent=5086"}],"wp:term":[{"taxonomy":"product_brand","embeddable":true,"href":"https:\/\/iberoid.com\/fr\/wp-json\/wp\/v2\/product_brand?post=5086"},{"taxonomy":"product_cat","embeddable":true,"href":"https:\/\/iberoid.com\/fr\/wp-json\/wp\/v2\/product_cat?post=5086"},{"taxonomy":"product_tag","embeddable":true,"href":"https:\/\/iberoid.com\/fr\/wp-json\/wp\/v2\/product_tag?post=5086"}],"curies":[{"name":"wp","href":"https:\/\/api.w.org\/{rel}","templated":true}]}}