{"id":5169,"date":"2020-06-12T12:35:50","date_gmt":"2020-06-12T12:35:50","guid":{"rendered":"https:\/\/iberoid.com\/?post_type=product&#038;p=5169"},"modified":"2023-08-25T13:11:36","modified_gmt":"2023-08-25T13:11:36","slug":"turinabol-24-mg100-pastillas","status":"publish","type":"product","link":"https:\/\/iberoid.com\/fr\/product\/turinabol-24-mg100-pastillas\/","title":{"rendered":"Turinabol"},"content":{"rendered":"<p>Turinabol<\/p>\n<p>4-Chlorodehydromethyltestosterone comprim\u00e9s 25mg<\/p>\n<p>Chaque tablette contient:<\/p>\n<p>4-chlorod\u00e9hydrom\u00e9thyltestost\u00e9rone &#8211; 25mg<\/p>\n<p>La chlorod\u00e9hydrom\u00e9thyltestost\u00e9rone est un puissant d\u00e9riv\u00e9 de Dianabol. Ce st\u00e9ro\u00efde oral est structurellement un croisement entre la m\u00e9thandrost\u00e9nolone et le dostebol (4-chlorotestost\u00e9rone), ayant la structure de base Di anabol avec l&rsquo;alt\u00e9ration 4-chloro ajout\u00e9e du clostebol.<\/p>\n<p>Dosage et administration<br \/>\nAdministration (G\u00e9n\u00e9ral):<br \/>\nDes \u00e9tudes ont montr\u00e9 que le fait de prendre un st\u00e9ro\u00efde anabolisant oral avec de la nourriture peut diminuer sa biodisponibilit\u00e9. Ceci est caus\u00e9 par la nature liposoluble des hormones st\u00e9ro\u00efdes, qui peut permettre \u00e0 une partie du m\u00e9dicament de se dissoudre avec les graisses alimentaires imdig\u00e9r\u00e9es, r\u00e9duisant ainsi son absorption par le tractus gastro-intestinal.<\/p>\n<p>Pour une utilisation maximale, ce st\u00e9ro\u00efde doit \u00eatre pris \u00e0 jeun.<br \/>\nAdministration (Hommes)\u00a0:<br \/>\nUne dose clinique courante de chlorod\u00e9hydrom\u00e9thyltestost\u00e9rone est estim\u00e9e \u00e0 5 mg par dar, les directives de prescription actuelles ne sont pas disponibles. Dans l&rsquo;ar\u00e8ne sportive, une dose quotidienne orale efficace se situe dans la plage de 15 \u00e0 40 nig, prise en cycles ne durant pas plus de 6 \u00e0 8 semaines pour minimiser l&rsquo;h\u00e9patotoxicit\u00e9.<\/p>\n<p>Ce niveau est suffisant pour des augmentations mesurables de la masse musculaire maigre et de la force. Cet agent est le plus souvent appliqu\u00e9 comme un test de recul ou un st\u00e9ro\u00efde de coupe \u00e0 des fins de musculation, et n&rsquo;est pas consid\u00e9r\u00e9 comme un agent gonflant id\u00e9al en raison de son manque d&rsquo;\u0153strog\u00e9nicit\u00e9.<br \/>\nAdministration (Femmes)\u00a0:<br \/>\nUne dose clinique courante de chlorod\u00e9hydrom\u00e9thyltestost\u00e9rone est estim\u00e9e \u00e0 1-2,5 mg par jour; les directives de prescription r\u00e9elles ne sont pas disponibles. Dans l&rsquo;ar\u00e8ne sportive, les femmes prenaient g\u00e9n\u00e9ralement un seul comprim\u00e9 de 5 mg par jour, pris en cycles ne durant pas plus de 4 \u00e0 6 semaines pour minimiser l&rsquo;h\u00e9patotoxicit\u00e9.<\/p>\n<p>Les effets virilisants sont peu probables \u00e0 ce niveau d&rsquo;utilisation. Des doses beaucoup plus \u00e9lev\u00e9es ont souvent \u00e9t\u00e9 utilis\u00e9es avec des athl\u00e8tes f\u00e9minines de l&rsquo;ancien programme de dopage de la RDA, mais souvent au d\u00e9triment d&rsquo;effets secondaires virilisants puissants.<\/p>","protected":false},"excerpt":{"rendered":"<p>Turinabol 4-Chlorodehydromethyltestosterone comprim\u00e9s 25mg Chaque tablette contient: 4-chlorod\u00e9hydrom\u00e9thyltestost\u00e9rone &#8211; 25mg La chlorod\u00e9hydrom\u00e9thyltestost\u00e9rone est un puissant d\u00e9riv\u00e9 de Dianabol. Ce st\u00e9ro\u00efde<\/p>\n","protected":false},"featured_media":5170,"comment_status":"open","ping_status":"closed","template":"","meta":[],"product_brand":[],"product_cat":[73],"product_tag":[],"class_list":{"0":"post-5169","1":"product","2":"type-product","3":"status-publish","4":"has-post-thumbnail","6":"product_cat-ssteroides_orales","8":"first","9":"outofstock","10":"shipping-taxable","11":"purchasable","12":"product-type-simple"},"yoast_head":"<!-- This site is optimized with the Yoast SEO Premium plugin v24.4 (Yoast SEO v27.3) - https:\/\/yoast.com\/product\/yoast-seo-premium-wordpress\/ -->\n<title>Turinabol - (Espa\u00f1ol) Esteroides en l\u00ednea<\/title>\n<meta name=\"robots\" content=\"index, follow, max-snippet:-1, max-image-preview:large, max-video-preview:-1\" \/>\n<link rel=\"canonical\" href=\"https:\/\/iberoid.com\/fr\/product\/turinabol-24-mg100-pastillas\/\" \/>\n<meta property=\"og:locale\" content=\"fr_FR\" \/>\n<meta property=\"og:type\" content=\"article\" \/>\n<meta property=\"og:title\" content=\"Turinabol\" \/>\n<meta property=\"og:description\" content=\"Turinabol 4-Chlorodehydromethyltestosterone comprim\u00e9s 25mg Chaque tablette contient: 4-chlorod\u00e9hydrom\u00e9thyltestost\u00e9rone &#8211; 25mg La chlorod\u00e9hydrom\u00e9thyltestost\u00e9rone est un puissant d\u00e9riv\u00e9 de Dianabol. Ce st\u00e9ro\u00efde\" \/>\n<meta property=\"og:url\" content=\"https:\/\/iberoid.com\/fr\/product\/turinabol-24-mg100-pastillas\/\" \/>\n<meta property=\"og:site_name\" content=\"(Espa\u00f1ol) Esteroides en l\u00ednea\" \/>\n<meta property=\"article:modified_time\" content=\"2023-08-25T13:11:36+00:00\" \/>\n<meta property=\"og:image\" content=\"https:\/\/iberoid.com\/wp-content\/uploads\/2020\/06\/TBOL.png?v=1678120114\" \/>\n\t<meta property=\"og:image:width\" content=\"1298\" \/>\n\t<meta property=\"og:image:height\" content=\"1030\" \/>\n\t<meta property=\"og:image:type\" content=\"image\/png\" \/>\n<meta name=\"twitter:card\" content=\"summary_large_image\" \/>\n<meta name=\"twitter:label1\" content=\"Prix\" \/>\n\t<meta name=\"twitter:data1\" content=\"&euro;25.00\" \/>\n\t<meta name=\"twitter:label2\" content=\"Disponibilit\u00e9\" \/>\n\t<meta name=\"twitter:data2\" content=\"Rupture de stock\" \/>\n<script type=\"application\/ld+json\" class=\"yoast-schema-graph\">{\"@context\":\"https:\\\/\\\/schema.org\",\"@graph\":[{\"@type\":\"WebPage\",\"@id\":\"https:\\\/\\\/iberoid.com\\\/fr\\\/product\\\/turinabol-24-mg100-pastillas\\\/\",\"url\":\"https:\\\/\\\/iberoid.com\\\/fr\\\/product\\\/turinabol-24-mg100-pastillas\\\/\",\"name\":\"Turinabol - (Espa\u00f1ol) Esteroides en l\u00ednea\",\"isPartOf\":{\"@id\":\"https:\\\/\\\/iberoid-shop.com\\\/#website\"},\"primaryImageOfPage\":{\"@id\":\"https:\\\/\\\/iberoid.com\\\/fr\\\/product\\\/turinabol-24-mg100-pastillas\\\/#primaryimage\"},\"image\":{\"@id\":\"https:\\\/\\\/iberoid.com\\\/fr\\\/product\\\/turinabol-24-mg100-pastillas\\\/#primaryimage\"},\"thumbnailUrl\":\"https:\\\/\\\/iberoid.com\\\/wp-content\\\/uploads\\\/2020\\\/06\\\/TBOL.png?v=1678120114\",\"datePublished\":\"2020-06-12T12:35:50+00:00\",\"dateModified\":\"2023-08-25T13:11:36+00:00\",\"breadcrumb\":{\"@id\":\"https:\\\/\\\/iberoid.com\\\/fr\\\/product\\\/turinabol-24-mg100-pastillas\\\/#breadcrumb\"},\"inLanguage\":\"fr-FR\",\"potentialAction\":[{\"@type\":\"ReadAction\",\"target\":[[\"https:\\\/\\\/iberoid.com\\\/fr\\\/product\\\/turinabol-24-mg100-pastillas\\\/\"]]}]},{\"@type\":\"ImageObject\",\"inLanguage\":\"fr-FR\",\"@id\":\"https:\\\/\\\/iberoid.com\\\/fr\\\/product\\\/turinabol-24-mg100-pastillas\\\/#primaryimage\",\"url\":\"https:\\\/\\\/iberoid.com\\\/wp-content\\\/uploads\\\/2020\\\/06\\\/TBOL.png?v=1678120114\",\"contentUrl\":\"https:\\\/\\\/iberoid.com\\\/wp-content\\\/uploads\\\/2020\\\/06\\\/TBOL.png?v=1678120114\",\"width\":1298,\"height\":1030},{\"@type\":\"BreadcrumbList\",\"@id\":\"https:\\\/\\\/iberoid.com\\\/fr\\\/product\\\/turinabol-24-mg100-pastillas\\\/#breadcrumb\",\"itemListElement\":[{\"@type\":\"ListItem\",\"position\":1,\"name\":\"Portada\",\"item\":\"https:\\\/\\\/iberoid.com\\\/fr\\\/\"},{\"@type\":\"ListItem\",\"position\":2,\"name\":\"Magasin\",\"item\":\"https:\\\/\\\/iberoid.com\\\/fr\\\/shop\\\/\"},{\"@type\":\"ListItem\",\"position\":3,\"name\":\"Turinabol\"}]},{\"@type\":\"WebSite\",\"@id\":\"https:\\\/\\\/iberoid-shop.com\\\/#website\",\"url\":\"https:\\\/\\\/iberoid-shop.com\\\/\",\"name\":\"(Espa\u00f1ol) Esteroides en l\u00ednea\",\"description\":\"(Espa\u00f1ol) Comprar esteroides en l\u00ednea hoy en Espa\u00f1a y Portugal. Tenemos el mejor servicio al cliente en la industria y los productos de la m\u00e1s alta calidad\",\"potentialAction\":[{\"@type\":\"SearchAction\",\"target\":{\"@type\":\"EntryPoint\",\"urlTemplate\":\"https:\\\/\\\/iberoid-shop.com\\\/?s={search_term_string}\"},\"query-input\":{\"@type\":\"PropertyValueSpecification\",\"valueRequired\":true,\"valueName\":\"search_term_string\"}}],\"inLanguage\":\"fr-FR\"}]}<\/script>\n<meta property=\"product:brand\" content=\"MultiPharm\" \/>\n<meta property=\"product:price:amount\" content=\"25.00\" \/>\n<meta property=\"product:price:currency\" content=\"EUR\" \/>\n<meta property=\"og:availability\" content=\"out of stock\" \/>\n<meta property=\"product:availability\" content=\"out of stock\" \/>\n<meta property=\"product:condition\" content=\"new\" \/>\n<!-- \/ Yoast SEO Premium plugin. -->","yoast_head_json":{"title":"Turinabol - (Espa\u00f1ol) Esteroides en l\u00ednea","robots":{"index":"index","follow":"follow","max-snippet":"max-snippet:-1","max-image-preview":"max-image-preview:large","max-video-preview":"max-video-preview:-1"},"canonical":"https:\/\/iberoid.com\/fr\/product\/turinabol-24-mg100-pastillas\/","og_locale":"fr_FR","og_type":"article","og_title":"Turinabol","og_description":"Turinabol 4-Chlorodehydromethyltestosterone comprim\u00e9s 25mg Chaque tablette contient: 4-chlorod\u00e9hydrom\u00e9thyltestost\u00e9rone &#8211; 25mg La chlorod\u00e9hydrom\u00e9thyltestost\u00e9rone est un puissant d\u00e9riv\u00e9 de Dianabol. Ce st\u00e9ro\u00efde","og_url":"https:\/\/iberoid.com\/fr\/product\/turinabol-24-mg100-pastillas\/","og_site_name":"(Espa\u00f1ol) Esteroides en l\u00ednea","article_modified_time":"2023-08-25T13:11:36+00:00","og_image":[{"width":1298,"height":1030,"url":"https:\/\/iberoid.com\/wp-content\/uploads\/2020\/06\/TBOL.png?v=1678120114","type":"image\/png"}],"twitter_card":"summary_large_image","twitter_misc":{"Prix":"&euro;25.00","Disponibilit\u00e9":"Rupture de stock"},"schema":{"@context":"https:\/\/schema.org","@graph":[{"@type":"WebPage","@id":"https:\/\/iberoid.com\/fr\/product\/turinabol-24-mg100-pastillas\/","url":"https:\/\/iberoid.com\/fr\/product\/turinabol-24-mg100-pastillas\/","name":"Turinabol - (Espa\u00f1ol) Esteroides en l\u00ednea","isPartOf":{"@id":"https:\/\/iberoid-shop.com\/#website"},"primaryImageOfPage":{"@id":"https:\/\/iberoid.com\/fr\/product\/turinabol-24-mg100-pastillas\/#primaryimage"},"image":{"@id":"https:\/\/iberoid.com\/fr\/product\/turinabol-24-mg100-pastillas\/#primaryimage"},"thumbnailUrl":"https:\/\/iberoid.com\/wp-content\/uploads\/2020\/06\/TBOL.png?v=1678120114","datePublished":"2020-06-12T12:35:50+00:00","dateModified":"2023-08-25T13:11:36+00:00","breadcrumb":{"@id":"https:\/\/iberoid.com\/fr\/product\/turinabol-24-mg100-pastillas\/#breadcrumb"},"inLanguage":"fr-FR","potentialAction":[{"@type":"ReadAction","target":[["https:\/\/iberoid.com\/fr\/product\/turinabol-24-mg100-pastillas\/"]]}]},{"@type":"ImageObject","inLanguage":"fr-FR","@id":"https:\/\/iberoid.com\/fr\/product\/turinabol-24-mg100-pastillas\/#primaryimage","url":"https:\/\/iberoid.com\/wp-content\/uploads\/2020\/06\/TBOL.png?v=1678120114","contentUrl":"https:\/\/iberoid.com\/wp-content\/uploads\/2020\/06\/TBOL.png?v=1678120114","width":1298,"height":1030},{"@type":"BreadcrumbList","@id":"https:\/\/iberoid.com\/fr\/product\/turinabol-24-mg100-pastillas\/#breadcrumb","itemListElement":[{"@type":"ListItem","position":1,"name":"Portada","item":"https:\/\/iberoid.com\/fr\/"},{"@type":"ListItem","position":2,"name":"Magasin","item":"https:\/\/iberoid.com\/fr\/shop\/"},{"@type":"ListItem","position":3,"name":"Turinabol"}]},{"@type":"WebSite","@id":"https:\/\/iberoid-shop.com\/#website","url":"https:\/\/iberoid-shop.com\/","name":"(Espa\u00f1ol) Esteroides en l\u00ednea","description":"(Espa\u00f1ol) Comprar esteroides en l\u00ednea hoy en Espa\u00f1a y Portugal. Tenemos el mejor servicio al cliente en la industria y los productos de la m\u00e1s alta calidad","potentialAction":[{"@type":"SearchAction","target":{"@type":"EntryPoint","urlTemplate":"https:\/\/iberoid-shop.com\/?s={search_term_string}"},"query-input":{"@type":"PropertyValueSpecification","valueRequired":true,"valueName":"search_term_string"}}],"inLanguage":"fr-FR"}]},"product_brand":"MultiPharm","product_price_amount":"25.00","product_price_currency":"EUR","og_availability":"out of stock","product_availability":"out of stock","product_condition":"new"},"_links":{"self":[{"href":"https:\/\/iberoid.com\/fr\/wp-json\/wp\/v2\/product\/5169","targetHints":{"allow":["GET"]}}],"collection":[{"href":"https:\/\/iberoid.com\/fr\/wp-json\/wp\/v2\/product"}],"about":[{"href":"https:\/\/iberoid.com\/fr\/wp-json\/wp\/v2\/types\/product"}],"replies":[{"embeddable":true,"href":"https:\/\/iberoid.com\/fr\/wp-json\/wp\/v2\/comments?post=5169"}],"wp:featuredmedia":[{"embeddable":true,"href":"https:\/\/iberoid.com\/fr\/wp-json\/wp\/v2\/media\/5170"}],"wp:attachment":[{"href":"https:\/\/iberoid.com\/fr\/wp-json\/wp\/v2\/media?parent=5169"}],"wp:term":[{"taxonomy":"product_brand","embeddable":true,"href":"https:\/\/iberoid.com\/fr\/wp-json\/wp\/v2\/product_brand?post=5169"},{"taxonomy":"product_cat","embeddable":true,"href":"https:\/\/iberoid.com\/fr\/wp-json\/wp\/v2\/product_cat?post=5169"},{"taxonomy":"product_tag","embeddable":true,"href":"https:\/\/iberoid.com\/fr\/wp-json\/wp\/v2\/product_tag?post=5169"}],"curies":[{"name":"wp","href":"https:\/\/api.w.org\/{rel}","templated":true}]}}