{"id":5224,"date":"2020-07-05T12:08:12","date_gmt":"2020-07-05T12:08:12","guid":{"rendered":"https:\/\/iberoid.com\/?post_type=product&#038;p=5224"},"modified":"2026-04-10T07:37:45","modified_gmt":"2026-04-10T07:37:45","slug":"nandrobol-phenyl","status":"publish","type":"product","link":"https:\/\/iberoid.com\/fr\/product\/nandrobol-phenyl\/","title":{"rendered":"Nandrobol Phenyl &#8211; NANDROLONE FENIL"},"content":{"rendered":"<p>Nandrolone Phenylpropionate amps est un st\u00e9ro\u00efde \u00e0 action anabolisante et androg\u00e8ne de haute qualit\u00e9. Disponible sous forme d&rsquo;injection liquide en ampoules de 1 ml avec une concentration de 100 mg et dans un emballage de 10 ampoules. Les produits sont prot\u00e9g\u00e9s par trois niveaux de protection, nous concluons donc que le risque d&rsquo;obtenir un produit contrefait de mauvaise qualit\u00e9 est tr\u00e8s faible. Ce m\u00e9dicament est un rem\u00e8de contre les maladies suivantes : blessures graves, chirurgie, br\u00fblures, ost\u00e9oporose et bien d&rsquo;autres. Le ph\u00e9nylpropionate de nandrolone est moins populaire que le d\u00e9canoate, sa cha\u00eene \u00e9th\u00e9r\u00e9e est deux fois plus courte. En principe, il n&rsquo;y a pratiquement pas de diff\u00e9rences fondamentales entre ces deux agents pharmacologiques, \u00e0 l&rsquo;exception du temps de d\u00e9gradation hormonale dans le sang. Nous pensons que la plus grande diff\u00e9rence r\u00e9side dans la r\u00e9duction de la capacit\u00e9 du ph\u00e9nylpropionate \u00e0 accumuler des fluides et donc \u00e0 \u00eatre plus compatible avec les androg\u00e8nes.<\/p>\n<p>Effets de la prise de ph\u00e9nylpropionate de nandrolone (ph\u00e9nyle)<\/p>\n<p>En plus des propri\u00e9t\u00e9s d&rsquo;augmentation rapide de la masse musculaire, le m\u00e9dicament a les effets positifs suivants:<\/p>\n<p>L&rsquo;augmentation de la synth\u00e8se des prot\u00e9ines;<br \/>\nR\u00e9duction des pertes de prot\u00e9ines par les cellules\u00a0;<br \/>\nMeilleure absorption des acides amin\u00e9s de l&rsquo;intestin gr\u00eale\u00a0;<br \/>\nR\u00e9tention d&rsquo;eau dans le tissu conjonctif\u00a0;<br \/>\nAugmente la prolactine Retient le calcium dans le corps. Am\u00e9liore la production de collag\u00e8ne;<br \/>\nR\u00e9duction de la douleur dans les ligaments, am\u00e9lioration de la mobilit\u00e9 articulaire;<br \/>\nIl renforce \u00e9galement le syst\u00e8me immunitaire.<br \/>\nMode d&#8217;emploi Nandrolone Phenylpropionate (Ph\u00e9nyl)<\/p>\n<p>\u00c9tant donn\u00e9 que ce m\u00e9dicament est un \u00e9ther, qui affecte bri\u00e8vement le corps, vous devrez alors faire des injections fr\u00e9quentes, \u00e0 savoir deux ou trois injections par semaine, cela d\u00e9pend d\u00e9j\u00e0 de la posologie. Il est recommand\u00e9 de mettre du ph\u00e9nylpropionate de nandrolone \u00e0 une dose de 200 \u00e0 400 mg par semaine, divis\u00e9e proportionnellement en plusieurs injections, et la dur\u00e9e du m\u00e9dicament est de 6 \u00e0 8 semaines. Et bien s\u00fbr, nous n&rsquo;oublions pas que le ph\u00e9nylpropionate de nandrolone n&rsquo;est pas recommand\u00e9 d&rsquo;utiliser \u00ab\u00a0en solo\u00a0\u00bb, l&rsquo;assistant classique dans le cycle est la testost\u00e9rone.<\/p>","protected":false},"excerpt":{"rendered":"<p>Nandrolone Phenylpropionate amps est un st\u00e9ro\u00efde \u00e0 action anabolisante et androg\u00e8ne de haute qualit\u00e9. Disponible sous forme d&rsquo;injection liquide en<\/p>\n","protected":false},"featured_media":5225,"comment_status":"open","ping_status":"closed","template":"","meta":[],"product_brand":[],"product_cat":[69],"product_tag":[],"class_list":{"0":"post-5224","1":"product","2":"type-product","3":"status-publish","4":"has-post-thumbnail","6":"product_cat-esteroides_inyectables","8":"first","9":"instock","10":"sale","11":"shipping-taxable","12":"purchasable","13":"product-type-simple"},"yoast_head":"<!-- This site is optimized with the Yoast SEO Premium plugin v24.4 (Yoast SEO v27.3) - https:\/\/yoast.com\/product\/yoast-seo-premium-wordpress\/ -->\n<title>Nandrobol Phenyl - NANDROLONE FENIL - (Espa\u00f1ol) Esteroides en l\u00ednea<\/title>\n<meta name=\"description\" content=\"Nandrolona Fenilpropionato (tambi\u00e9n conocido como NPP) es muy \u00fatil para los culturistas y atletas que compiten por su capacidad para obtener resultados r\u00e1pidos y su capacidad para liberarse r\u00e1pidamente del sistema sangu\u00edneo. Sus propiedades son id\u00e9nticas a Deca Durabolin aparte de la tasa de liberaci\u00f3n hormonal. NPP es un constructor de m\u00fasculo magro s\u00faper eficiente, aunque tambi\u00e9n es apreciado por sus beneficios terap\u00e9uticos.\" \/>\n<meta name=\"robots\" content=\"index, follow, max-snippet:-1, max-image-preview:large, max-video-preview:-1\" \/>\n<link rel=\"canonical\" href=\"https:\/\/iberoid.com\/fr\/product\/nandrobol-phenyl\/\" \/>\n<meta property=\"og:locale\" content=\"fr_FR\" \/>\n<meta property=\"og:type\" content=\"article\" \/>\n<meta property=\"og:title\" content=\"Nandrobol Phenyl - NANDROLONE FENIL\" \/>\n<meta property=\"og:description\" content=\"Nandrolona Fenilpropionato (tambi\u00e9n conocido como NPP) es muy \u00fatil para los culturistas y atletas que compiten por su capacidad para obtener resultados r\u00e1pidos y su capacidad para liberarse r\u00e1pidamente del sistema sangu\u00edneo. Sus propiedades son id\u00e9nticas a Deca Durabolin aparte de la tasa de liberaci\u00f3n hormonal. NPP es un constructor de m\u00fasculo magro s\u00faper eficiente, aunque tambi\u00e9n es apreciado por sus beneficios terap\u00e9uticos.\" \/>\n<meta property=\"og:url\" content=\"https:\/\/iberoid.com\/fr\/product\/nandrobol-phenyl\/\" \/>\n<meta property=\"og:site_name\" content=\"(Espa\u00f1ol) Esteroides en l\u00ednea\" \/>\n<meta property=\"article:modified_time\" content=\"2026-04-10T07:37:45+00:00\" \/>\n<meta property=\"og:image\" content=\"https:\/\/iberoid.com\/wp-content\/uploads\/2020\/07\/NANDROBOL-PHENYL-copia-2-scaled.jpg?v=1678120107\" \/>\n\t<meta property=\"og:image:width\" content=\"1758\" \/>\n\t<meta property=\"og:image:height\" content=\"2560\" \/>\n\t<meta property=\"og:image:type\" content=\"image\/jpeg\" \/>\n<meta name=\"twitter:card\" content=\"summary_large_image\" \/>\n<meta name=\"twitter:label1\" content=\"Prix\" \/>\n\t<meta name=\"twitter:data1\" content=\"&euro;20.00\" \/>\n\t<meta name=\"twitter:label2\" content=\"Disponibilit\u00e9\" \/>\n\t<meta name=\"twitter:data2\" content=\"En stock\" \/>\n<script type=\"application\/ld+json\" class=\"yoast-schema-graph\">{\"@context\":\"https:\\\/\\\/schema.org\",\"@graph\":[{\"@type\":\"WebPage\",\"@id\":\"https:\\\/\\\/iberoid.com\\\/fr\\\/product\\\/nandrobol-phenyl\\\/\",\"url\":\"https:\\\/\\\/iberoid.com\\\/fr\\\/product\\\/nandrobol-phenyl\\\/\",\"name\":\"Nandrobol Phenyl - NANDROLONE FENIL - (Espa\u00f1ol) Esteroides en l\u00ednea\",\"isPartOf\":{\"@id\":\"https:\\\/\\\/iberoid.com\\\/fr\\\/#website\"},\"primaryImageOfPage\":{\"@id\":\"https:\\\/\\\/iberoid.com\\\/fr\\\/product\\\/nandrobol-phenyl\\\/#primaryimage\"},\"image\":{\"@id\":\"https:\\\/\\\/iberoid.com\\\/fr\\\/product\\\/nandrobol-phenyl\\\/#primaryimage\"},\"thumbnailUrl\":\"https:\\\/\\\/iberoid.com\\\/wp-content\\\/uploads\\\/2020\\\/07\\\/NANDROBOL-PHENYL-copia-2-scaled.jpg?v=1678120107\",\"datePublished\":\"2020-07-05T12:08:12+00:00\",\"dateModified\":\"2026-04-10T07:37:45+00:00\",\"description\":\"Nandrolona Fenilpropionato (tambi\u00e9n conocido como NPP) es muy \u00fatil para los culturistas y atletas que compiten por su capacidad para obtener resultados r\u00e1pidos y su capacidad para liberarse r\u00e1pidamente del sistema sangu\u00edneo. Sus propiedades son id\u00e9nticas a Deca Durabolin aparte de la tasa de liberaci\u00f3n hormonal. NPP es un constructor de m\u00fasculo magro s\u00faper eficiente, aunque tambi\u00e9n es apreciado por sus beneficios terap\u00e9uticos.\",\"breadcrumb\":{\"@id\":\"https:\\\/\\\/iberoid.com\\\/fr\\\/product\\\/nandrobol-phenyl\\\/#breadcrumb\"},\"inLanguage\":\"fr-FR\",\"potentialAction\":[{\"@type\":\"ReadAction\",\"target\":[[\"https:\\\/\\\/iberoid.com\\\/fr\\\/product\\\/nandrobol-phenyl\\\/\"]]}]},{\"@type\":\"ImageObject\",\"inLanguage\":\"fr-FR\",\"@id\":\"https:\\\/\\\/iberoid.com\\\/fr\\\/product\\\/nandrobol-phenyl\\\/#primaryimage\",\"url\":\"https:\\\/\\\/iberoid.com\\\/wp-content\\\/uploads\\\/2020\\\/07\\\/NANDROBOL-PHENYL-copia-2-scaled.jpg?v=1678120107\",\"contentUrl\":\"https:\\\/\\\/iberoid.com\\\/wp-content\\\/uploads\\\/2020\\\/07\\\/NANDROBOL-PHENYL-copia-2-scaled.jpg?v=1678120107\",\"width\":1758,\"height\":2560},{\"@type\":\"BreadcrumbList\",\"@id\":\"https:\\\/\\\/iberoid.com\\\/fr\\\/product\\\/nandrobol-phenyl\\\/#breadcrumb\",\"itemListElement\":[{\"@type\":\"ListItem\",\"position\":1,\"name\":\"Portada\",\"item\":\"https:\\\/\\\/iberoid.com\\\/fr\\\/\"},{\"@type\":\"ListItem\",\"position\":2,\"name\":\"Magasin\",\"item\":\"https:\\\/\\\/iberoid.com\\\/fr\\\/shop\\\/\"},{\"@type\":\"ListItem\",\"position\":3,\"name\":\"Nandrobol Phenyl &#8211; NANDROLONE FENIL\"}]},{\"@type\":\"WebSite\",\"@id\":\"https:\\\/\\\/iberoid.com\\\/fr\\\/#website\",\"url\":\"https:\\\/\\\/iberoid.com\\\/fr\\\/\",\"name\":\"(Espa\u00f1ol) Esteroides en l\u00ednea\",\"description\":\"(Espa\u00f1ol) Comprar esteroides en l\u00ednea hoy en Espa\u00f1a y Portugal. Tenemos el mejor servicio al cliente en la industria y los productos de la m\u00e1s alta calidad\",\"potentialAction\":[{\"@type\":\"SearchAction\",\"target\":{\"@type\":\"EntryPoint\",\"urlTemplate\":\"https:\\\/\\\/iberoid.com\\\/fr\\\/?s={search_term_string}\"},\"query-input\":{\"@type\":\"PropertyValueSpecification\",\"valueRequired\":true,\"valueName\":\"search_term_string\"}}],\"inLanguage\":\"fr-FR\"}]}<\/script>\n<meta property=\"product:brand\" content=\"Pharmabol\" \/>\n<meta property=\"product:price:amount\" content=\"20.00\" \/>\n<meta property=\"product:price:currency\" content=\"EUR\" \/>\n<meta property=\"og:availability\" content=\"instock\" \/>\n<meta property=\"product:availability\" content=\"instock\" \/>\n<meta property=\"product:condition\" content=\"new\" \/>\n<!-- \/ Yoast SEO Premium plugin. -->","yoast_head_json":{"title":"Nandrobol Phenyl - NANDROLONE FENIL - (Espa\u00f1ol) Esteroides en l\u00ednea","description":"Nandrolona Fenilpropionato (tambi\u00e9n conocido como NPP) es muy \u00fatil para los culturistas y atletas que compiten por su capacidad para obtener resultados r\u00e1pidos y su capacidad para liberarse r\u00e1pidamente del sistema sangu\u00edneo. Sus propiedades son id\u00e9nticas a Deca Durabolin aparte de la tasa de liberaci\u00f3n hormonal. NPP es un constructor de m\u00fasculo magro s\u00faper eficiente, aunque tambi\u00e9n es apreciado por sus beneficios terap\u00e9uticos.","robots":{"index":"index","follow":"follow","max-snippet":"max-snippet:-1","max-image-preview":"max-image-preview:large","max-video-preview":"max-video-preview:-1"},"canonical":"https:\/\/iberoid.com\/fr\/product\/nandrobol-phenyl\/","og_locale":"fr_FR","og_type":"article","og_title":"Nandrobol Phenyl - NANDROLONE FENIL","og_description":"Nandrolona Fenilpropionato (tambi\u00e9n conocido como NPP) es muy \u00fatil para los culturistas y atletas que compiten por su capacidad para obtener resultados r\u00e1pidos y su capacidad para liberarse r\u00e1pidamente del sistema sangu\u00edneo. Sus propiedades son id\u00e9nticas a Deca Durabolin aparte de la tasa de liberaci\u00f3n hormonal. NPP es un constructor de m\u00fasculo magro s\u00faper eficiente, aunque tambi\u00e9n es apreciado por sus beneficios terap\u00e9uticos.","og_url":"https:\/\/iberoid.com\/fr\/product\/nandrobol-phenyl\/","og_site_name":"(Espa\u00f1ol) Esteroides en l\u00ednea","article_modified_time":"2026-04-10T07:37:45+00:00","og_image":[{"width":1758,"height":2560,"url":"https:\/\/iberoid.com\/wp-content\/uploads\/2020\/07\/NANDROBOL-PHENYL-copia-2-scaled.jpg?v=1678120107","type":"image\/jpeg"}],"twitter_card":"summary_large_image","twitter_misc":{"Prix":"&euro;20.00","Disponibilit\u00e9":"En stock"},"schema":{"@context":"https:\/\/schema.org","@graph":[{"@type":"WebPage","@id":"https:\/\/iberoid.com\/fr\/product\/nandrobol-phenyl\/","url":"https:\/\/iberoid.com\/fr\/product\/nandrobol-phenyl\/","name":"Nandrobol Phenyl - NANDROLONE FENIL - (Espa\u00f1ol) Esteroides en l\u00ednea","isPartOf":{"@id":"https:\/\/iberoid.com\/fr\/#website"},"primaryImageOfPage":{"@id":"https:\/\/iberoid.com\/fr\/product\/nandrobol-phenyl\/#primaryimage"},"image":{"@id":"https:\/\/iberoid.com\/fr\/product\/nandrobol-phenyl\/#primaryimage"},"thumbnailUrl":"https:\/\/iberoid.com\/wp-content\/uploads\/2020\/07\/NANDROBOL-PHENYL-copia-2-scaled.jpg?v=1678120107","datePublished":"2020-07-05T12:08:12+00:00","dateModified":"2026-04-10T07:37:45+00:00","description":"Nandrolona Fenilpropionato (tambi\u00e9n conocido como NPP) es muy \u00fatil para los culturistas y atletas que compiten por su capacidad para obtener resultados r\u00e1pidos y su capacidad para liberarse r\u00e1pidamente del sistema sangu\u00edneo. Sus propiedades son id\u00e9nticas a Deca Durabolin aparte de la tasa de liberaci\u00f3n hormonal. NPP es un constructor de m\u00fasculo magro s\u00faper eficiente, aunque tambi\u00e9n es apreciado por sus beneficios terap\u00e9uticos.","breadcrumb":{"@id":"https:\/\/iberoid.com\/fr\/product\/nandrobol-phenyl\/#breadcrumb"},"inLanguage":"fr-FR","potentialAction":[{"@type":"ReadAction","target":[["https:\/\/iberoid.com\/fr\/product\/nandrobol-phenyl\/"]]}]},{"@type":"ImageObject","inLanguage":"fr-FR","@id":"https:\/\/iberoid.com\/fr\/product\/nandrobol-phenyl\/#primaryimage","url":"https:\/\/iberoid.com\/wp-content\/uploads\/2020\/07\/NANDROBOL-PHENYL-copia-2-scaled.jpg?v=1678120107","contentUrl":"https:\/\/iberoid.com\/wp-content\/uploads\/2020\/07\/NANDROBOL-PHENYL-copia-2-scaled.jpg?v=1678120107","width":1758,"height":2560},{"@type":"BreadcrumbList","@id":"https:\/\/iberoid.com\/fr\/product\/nandrobol-phenyl\/#breadcrumb","itemListElement":[{"@type":"ListItem","position":1,"name":"Portada","item":"https:\/\/iberoid.com\/fr\/"},{"@type":"ListItem","position":2,"name":"Magasin","item":"https:\/\/iberoid.com\/fr\/shop\/"},{"@type":"ListItem","position":3,"name":"Nandrobol Phenyl &#8211; NANDROLONE FENIL"}]},{"@type":"WebSite","@id":"https:\/\/iberoid.com\/fr\/#website","url":"https:\/\/iberoid.com\/fr\/","name":"(Espa\u00f1ol) Esteroides en l\u00ednea","description":"(Espa\u00f1ol) Comprar esteroides en l\u00ednea hoy en Espa\u00f1a y Portugal. Tenemos el mejor servicio al cliente en la industria y los productos de la m\u00e1s alta calidad","potentialAction":[{"@type":"SearchAction","target":{"@type":"EntryPoint","urlTemplate":"https:\/\/iberoid.com\/fr\/?s={search_term_string}"},"query-input":{"@type":"PropertyValueSpecification","valueRequired":true,"valueName":"search_term_string"}}],"inLanguage":"fr-FR"}]},"product_brand":"Pharmabol","product_price_amount":"20.00","product_price_currency":"EUR","og_availability":"instock","product_availability":"instock","product_condition":"new"},"_links":{"self":[{"href":"https:\/\/iberoid.com\/fr\/wp-json\/wp\/v2\/product\/5224","targetHints":{"allow":["GET"]}}],"collection":[{"href":"https:\/\/iberoid.com\/fr\/wp-json\/wp\/v2\/product"}],"about":[{"href":"https:\/\/iberoid.com\/fr\/wp-json\/wp\/v2\/types\/product"}],"replies":[{"embeddable":true,"href":"https:\/\/iberoid.com\/fr\/wp-json\/wp\/v2\/comments?post=5224"}],"wp:featuredmedia":[{"embeddable":true,"href":"https:\/\/iberoid.com\/fr\/wp-json\/wp\/v2\/media\/5225"}],"wp:attachment":[{"href":"https:\/\/iberoid.com\/fr\/wp-json\/wp\/v2\/media?parent=5224"}],"wp:term":[{"taxonomy":"product_brand","embeddable":true,"href":"https:\/\/iberoid.com\/fr\/wp-json\/wp\/v2\/product_brand?post=5224"},{"taxonomy":"product_cat","embeddable":true,"href":"https:\/\/iberoid.com\/fr\/wp-json\/wp\/v2\/product_cat?post=5224"},{"taxonomy":"product_tag","embeddable":true,"href":"https:\/\/iberoid.com\/fr\/wp-json\/wp\/v2\/product_tag?post=5224"}],"curies":[{"name":"wp","href":"https:\/\/api.w.org\/{rel}","templated":true}]}}