{"id":5226,"date":"2020-07-05T12:21:15","date_gmt":"2020-07-05T12:21:15","guid":{"rendered":"https:\/\/iberoid.com\/?post_type=product&#038;p=5226"},"modified":"2026-01-25T15:09:55","modified_gmt":"2026-01-25T15:09:55","slug":"sustanon-250","status":"publish","type":"product","link":"https:\/\/iberoid.com\/fr\/product\/sustanon-250\/","title":{"rendered":"SUSTANON-250- PHARMABOL"},"content":{"rendered":"<p>Sustanon contient 4 types de testost\u00e9rone<br \/>\n100 mg de d\u00e9canoate de testost\u00e9rone.<br \/>\n60 mg d&rsquo;isocaproate de testost\u00e9rone.<br \/>\n60 mg de ph\u00e9nylpropionate de testost\u00e9rone.<br \/>\n30 mg de propionate de testost\u00e9rone.<br \/>\nSustanon 250 effets<br \/>\nPrise de muscle.<br \/>\nL&rsquo;app\u00e9tit s&rsquo;am\u00e9liore.<br \/>\nAugmentation de la libido \u2013 lors de l&rsquo;admission.<br \/>\nLa formation de sang augmente, le nombre de globules rouges augmente. En cons\u00e9quence &#8211; augmentation de l&rsquo;endurance.<br \/>\nLe m\u00e9dicament est dans le sang jusqu&rsquo;\u00e0 3 mois.<br \/>\nEffets secondaires du Sust 250<br \/>\nEdd\u00e8me (r\u00e9tention d&rsquo;eau dans le corps).<br \/>\nGyn\u00e9comastie.<br \/>\nD\u00e9p\u00f4t de graisses \u00ab f\u00e9minines \u00bb.<br \/>\nRalentir la production naturelle de testost\u00e9rone. Il est possible de r\u00e9duire l&rsquo;effet de ces effets secondaires si des anti-\u0153strog\u00e8nes sont utilis\u00e9s avec le m\u00e9dicament.<br \/>\nR\u00e9duction de la taille des testicules. Cela peut \u00eatre \u00e9vit\u00e9 sans utiliser le m\u00e9dicament pendant plus de 2 mois et sans utiliser d&rsquo;anti-\u0153strog\u00e8nes.<br \/>\nLa combinaison du Sustanon avec d&rsquo;autres st\u00e9ro\u00efdes<br \/>\nNandrolone. Si vous voulez gagner de la masse musculaire.<br \/>\nWinstrol. Si votre objectif est le soulagement du corps et la coupe.<\/p>\n<p>Sustanon 250 est un choix extraordinaire pour les hommes qui luttent pour augmenter leurs niveaux de testost\u00e9rone. Cela leur permet de construire leurs niveaux et de les \u00e9quilibrer sans infusions quotidiennes. Quoi qu&rsquo;il en soit, il s&rsquo;agit simplement d&rsquo;un indice de quelque chose de plus large s&rsquo;identifiant \u00e0 ce que ce compos\u00e9 peut offrir. Bien qu&rsquo;il existe d&rsquo;autres esters incroyables \u00e0 consid\u00e9rer, de nombreux concurrents aiment ce que celui-ci leur apporte.<\/p>\n<p>En ce qui concerne l&rsquo;ex\u00e9cution, il est n\u00e9cessaire d&rsquo;infuser Sustanon 250 une plus grande quantit\u00e9 que lorsqu&rsquo;il est utilis\u00e9 pour contr\u00f4ler la mesure de la testost\u00e9rone dans le corps. Il y a vraiment 4 testost\u00e9rones uniques trouv\u00e9es dans ce seul produit. C&rsquo;est un produit incroyable et de nombreux hommes d\u00e9couvrent qu&rsquo;ils ressentent les avantages en un rien de temps.<\/p>\n<p>Empiler Sustanon avec d&rsquo;autres st\u00e9ro\u00efdes<\/p>\n<p>Sustanon est remarquable pour sa similitude pour l&#8217;empilement avec \u00e0 toutes fins utiles un autre type de st\u00e9ro\u00efde anabolisant. Les piles normales incorporent Decandrol, Trenbolone et Danabol, en particulier pendant la p\u00e9riode creuse de l&rsquo;ann\u00e9e, tandis que les piles de coupe utilisent des m\u00e9langes incroyables comme Anavar, Winstrol et Trenbolone, o\u00f9 Sustanon 250 peut fournir un apport de testost\u00e9rone de base pour aider \u00e0 maintenir la forme musculaire pendant les phases de d\u00e9ficit calorique.<\/p>\n<p>Fonctions de Sustanon<\/p>\n<p>Il ne fait aucun doute que Sustanon 250 est un choix extraordinaire pour ceux qui luttent contre un faible taux de testost\u00e9rone. Il est fondamental pour le corps masculin tout comme le corps f\u00e9minin d&rsquo;avoir de la testost\u00e9rone. Dans tous les cas, sa mesure est d&rsquo;environ plusieurs fois plus pour les hommes que pour les femmes. La testost\u00e9rone est responsable des organes sexuels et de la libido, elle assume donc un travail pour la prosp\u00e9rit\u00e9 physique et mentale des personnes. Un faible taux de testost\u00e9rone peut \u00eatre extr\u00eamement bouleversant et difficile \u00e0 g\u00e9rer. Un faible taux de testost\u00e9rone peut r\u00e9duire consid\u00e9rablement la satisfaction personnelle d&rsquo;une personne.<\/p>","protected":false},"excerpt":{"rendered":"<p>Sustanon contient 4 types de testost\u00e9rone 100 mg de d\u00e9canoate de testost\u00e9rone. 60 mg d&rsquo;isocaproate de testost\u00e9rone. 60 mg de<\/p>\n","protected":false},"featured_media":8474,"comment_status":"open","ping_status":"closed","template":"","meta":[],"product_brand":[],"product_cat":[69],"product_tag":[],"class_list":{"0":"post-5226","1":"product","2":"type-product","3":"status-publish","4":"has-post-thumbnail","6":"product_cat-esteroides_inyectables","8":"first","9":"instock","10":"sale","11":"shipping-taxable","12":"purchasable","13":"product-type-simple"},"yoast_head":"<!-- This site is optimized with the Yoast SEO Premium plugin v24.4 (Yoast SEO v27.0) - https:\/\/yoast.com\/product\/yoast-seo-premium-wordpress\/ -->\n<title>SUSTANON-250- PHARMABOL - (Espa\u00f1ol) Esteroides en l\u00ednea<\/title>\n<meta name=\"description\" content=\"Sustanon 250 combine 4 testost\u00e9rones pour gain musculaire, endurance et libido, avec effets jusqu&#039;\u00e0 3 mois et effets secondaires possibles.\" \/>\n<meta name=\"robots\" content=\"index, follow, max-snippet:-1, max-image-preview:large, max-video-preview:-1\" \/>\n<link rel=\"canonical\" href=\"https:\/\/iberoid.com\/fr\/product\/sustanon-250\/\" \/>\n<meta property=\"og:locale\" content=\"fr_FR\" \/>\n<meta property=\"og:type\" content=\"article\" \/>\n<meta property=\"og:title\" content=\"SUSTANON-250- PHARMABOL\" \/>\n<meta property=\"og:description\" content=\"Sustanon 250 combine 4 testost\u00e9rones pour gain musculaire, endurance et libido, avec effets jusqu&#039;\u00e0 3 mois et effets secondaires possibles.\" \/>\n<meta property=\"og:url\" content=\"https:\/\/iberoid.com\/fr\/product\/sustanon-250\/\" \/>\n<meta property=\"og:site_name\" content=\"(Espa\u00f1ol) Esteroides en l\u00ednea\" \/>\n<meta property=\"article:modified_time\" content=\"2026-01-25T15:09:55+00:00\" \/>\n<meta property=\"og:image\" content=\"https:\/\/iberoid.com\/wp-content\/uploads\/2020\/07\/sust.jpg?v=1690667595\" \/>\n\t<meta property=\"og:image:width\" content=\"2500\" \/>\n\t<meta property=\"og:image:height\" content=\"2500\" \/>\n\t<meta property=\"og:image:type\" content=\"image\/jpeg\" \/>\n<meta name=\"twitter:card\" content=\"summary_large_image\" \/>\n<meta name=\"twitter:label1\" content=\"Prix\" \/>\n\t<meta name=\"twitter:data1\" content=\"&euro;30.00\" \/>\n\t<meta name=\"twitter:label2\" content=\"Disponibilit\u00e9\" \/>\n\t<meta name=\"twitter:data2\" content=\"En stock\" \/>\n<script type=\"application\/ld+json\" class=\"yoast-schema-graph\">{\"@context\":\"https:\/\/schema.org\",\"@graph\":[{\"@type\":\"WebPage\",\"@id\":\"https:\/\/iberoid.com\/fr\/product\/sustanon-250\/\",\"url\":\"https:\/\/iberoid.com\/fr\/product\/sustanon-250\/\",\"name\":\"SUSTANON-250- PHARMABOL - (Espa\u00f1ol) Esteroides en l\u00ednea\",\"isPartOf\":{\"@id\":\"https:\/\/iberoid-shop.com\/#website\"},\"primaryImageOfPage\":{\"@id\":\"https:\/\/iberoid.com\/fr\/product\/sustanon-250\/#primaryimage\"},\"image\":{\"@id\":\"https:\/\/iberoid.com\/fr\/product\/sustanon-250\/#primaryimage\"},\"thumbnailUrl\":\"https:\/\/iberoid.com\/wp-content\/uploads\/2020\/07\/sust.jpg?v=1690667595\",\"datePublished\":\"2020-07-05T12:21:15+00:00\",\"dateModified\":\"2026-01-25T15:09:55+00:00\",\"description\":\"Sustanon 250 combine 4 testost\u00e9rones pour gain musculaire, endurance et libido, avec effets jusqu'\u00e0 3 mois et effets secondaires possibles.\",\"breadcrumb\":{\"@id\":\"https:\/\/iberoid.com\/fr\/product\/sustanon-250\/#breadcrumb\"},\"inLanguage\":\"fr-FR\",\"potentialAction\":[{\"@type\":\"ReadAction\",\"target\":[[\"https:\/\/iberoid.com\/fr\/product\/sustanon-250\/\"]]}]},{\"@type\":\"ImageObject\",\"inLanguage\":\"fr-FR\",\"@id\":\"https:\/\/iberoid.com\/fr\/product\/sustanon-250\/#primaryimage\",\"url\":\"https:\/\/iberoid.com\/wp-content\/uploads\/2020\/07\/sust.jpg?v=1690667595\",\"contentUrl\":\"https:\/\/iberoid.com\/wp-content\/uploads\/2020\/07\/sust.jpg?v=1690667595\",\"width\":2500,\"height\":2500},{\"@type\":\"BreadcrumbList\",\"@id\":\"https:\/\/iberoid.com\/fr\/product\/sustanon-250\/#breadcrumb\",\"itemListElement\":[{\"@type\":\"ListItem\",\"position\":1,\"name\":\"Portada\",\"item\":\"https:\/\/iberoid.com\/fr\/\"},{\"@type\":\"ListItem\",\"position\":2,\"name\":\"Magasin\",\"item\":\"https:\/\/iberoid.com\/fr\/shop\/\"},{\"@type\":\"ListItem\",\"position\":3,\"name\":\"SUSTANON-250- PHARMABOL\"}]},{\"@type\":\"WebSite\",\"@id\":\"https:\/\/iberoid-shop.com\/#website\",\"url\":\"https:\/\/iberoid-shop.com\/\",\"name\":\"(Espa\u00f1ol) Esteroides en l\u00ednea\",\"description\":\"(Espa\u00f1ol) Comprar esteroides en l\u00ednea hoy en Espa\u00f1a y Portugal. Tenemos el mejor servicio al cliente en la industria y los productos de la m\u00e1s alta calidad\",\"potentialAction\":[{\"@type\":\"SearchAction\",\"target\":{\"@type\":\"EntryPoint\",\"urlTemplate\":\"https:\/\/iberoid-shop.com\/?s={search_term_string}\"},\"query-input\":{\"@type\":\"PropertyValueSpecification\",\"valueRequired\":true,\"valueName\":\"search_term_string\"}}],\"inLanguage\":\"fr-FR\"}]}<\/script>\n<meta property=\"product:price:amount\" content=\"30.00\" \/>\n<meta property=\"product:price:currency\" content=\"EUR\" \/>\n<meta property=\"og:availability\" content=\"instock\" \/>\n<meta property=\"product:availability\" content=\"instock\" \/>\n<meta property=\"product:condition\" content=\"new\" \/>\n<!-- \/ Yoast SEO Premium plugin. -->","yoast_head_json":{"title":"SUSTANON-250- PHARMABOL - (Espa\u00f1ol) Esteroides en l\u00ednea","description":"Sustanon 250 combine 4 testost\u00e9rones pour gain musculaire, endurance et libido, avec effets jusqu'\u00e0 3 mois et effets secondaires possibles.","robots":{"index":"index","follow":"follow","max-snippet":"max-snippet:-1","max-image-preview":"max-image-preview:large","max-video-preview":"max-video-preview:-1"},"canonical":"https:\/\/iberoid.com\/fr\/product\/sustanon-250\/","og_locale":"fr_FR","og_type":"article","og_title":"SUSTANON-250- PHARMABOL","og_description":"Sustanon 250 combine 4 testost\u00e9rones pour gain musculaire, endurance et libido, avec effets jusqu'\u00e0 3 mois et effets secondaires possibles.","og_url":"https:\/\/iberoid.com\/fr\/product\/sustanon-250\/","og_site_name":"(Espa\u00f1ol) Esteroides en l\u00ednea","article_modified_time":"2026-01-25T15:09:55+00:00","og_image":[{"width":2500,"height":2500,"url":"https:\/\/iberoid.com\/wp-content\/uploads\/2020\/07\/sust.jpg?v=1690667595","type":"image\/jpeg"}],"twitter_card":"summary_large_image","twitter_misc":{"Prix":"&euro;30.00","Disponibilit\u00e9":"En stock"},"schema":{"@context":"https:\/\/schema.org","@graph":[{"@type":"WebPage","@id":"https:\/\/iberoid.com\/fr\/product\/sustanon-250\/","url":"https:\/\/iberoid.com\/fr\/product\/sustanon-250\/","name":"SUSTANON-250- PHARMABOL - (Espa\u00f1ol) Esteroides en l\u00ednea","isPartOf":{"@id":"https:\/\/iberoid-shop.com\/#website"},"primaryImageOfPage":{"@id":"https:\/\/iberoid.com\/fr\/product\/sustanon-250\/#primaryimage"},"image":{"@id":"https:\/\/iberoid.com\/fr\/product\/sustanon-250\/#primaryimage"},"thumbnailUrl":"https:\/\/iberoid.com\/wp-content\/uploads\/2020\/07\/sust.jpg?v=1690667595","datePublished":"2020-07-05T12:21:15+00:00","dateModified":"2026-01-25T15:09:55+00:00","description":"Sustanon 250 combine 4 testost\u00e9rones pour gain musculaire, endurance et libido, avec effets jusqu'\u00e0 3 mois et effets secondaires possibles.","breadcrumb":{"@id":"https:\/\/iberoid.com\/fr\/product\/sustanon-250\/#breadcrumb"},"inLanguage":"fr-FR","potentialAction":[{"@type":"ReadAction","target":[["https:\/\/iberoid.com\/fr\/product\/sustanon-250\/"]]}]},{"@type":"ImageObject","inLanguage":"fr-FR","@id":"https:\/\/iberoid.com\/fr\/product\/sustanon-250\/#primaryimage","url":"https:\/\/iberoid.com\/wp-content\/uploads\/2020\/07\/sust.jpg?v=1690667595","contentUrl":"https:\/\/iberoid.com\/wp-content\/uploads\/2020\/07\/sust.jpg?v=1690667595","width":2500,"height":2500},{"@type":"BreadcrumbList","@id":"https:\/\/iberoid.com\/fr\/product\/sustanon-250\/#breadcrumb","itemListElement":[{"@type":"ListItem","position":1,"name":"Portada","item":"https:\/\/iberoid.com\/fr\/"},{"@type":"ListItem","position":2,"name":"Magasin","item":"https:\/\/iberoid.com\/fr\/shop\/"},{"@type":"ListItem","position":3,"name":"SUSTANON-250- PHARMABOL"}]},{"@type":"WebSite","@id":"https:\/\/iberoid-shop.com\/#website","url":"https:\/\/iberoid-shop.com\/","name":"(Espa\u00f1ol) Esteroides en l\u00ednea","description":"(Espa\u00f1ol) Comprar esteroides en l\u00ednea hoy en Espa\u00f1a y Portugal. Tenemos el mejor servicio al cliente en la industria y los productos de la m\u00e1s alta calidad","potentialAction":[{"@type":"SearchAction","target":{"@type":"EntryPoint","urlTemplate":"https:\/\/iberoid-shop.com\/?s={search_term_string}"},"query-input":{"@type":"PropertyValueSpecification","valueRequired":true,"valueName":"search_term_string"}}],"inLanguage":"fr-FR"}]},"product_price_amount":"30.00","product_price_currency":"EUR","og_availability":"instock","product_availability":"instock","product_condition":"new"},"_links":{"self":[{"href":"https:\/\/iberoid.com\/fr\/wp-json\/wp\/v2\/product\/5226","targetHints":{"allow":["GET"]}}],"collection":[{"href":"https:\/\/iberoid.com\/fr\/wp-json\/wp\/v2\/product"}],"about":[{"href":"https:\/\/iberoid.com\/fr\/wp-json\/wp\/v2\/types\/product"}],"replies":[{"embeddable":true,"href":"https:\/\/iberoid.com\/fr\/wp-json\/wp\/v2\/comments?post=5226"}],"wp:featuredmedia":[{"embeddable":true,"href":"https:\/\/iberoid.com\/fr\/wp-json\/wp\/v2\/media\/8474"}],"wp:attachment":[{"href":"https:\/\/iberoid.com\/fr\/wp-json\/wp\/v2\/media?parent=5226"}],"wp:term":[{"taxonomy":"product_brand","embeddable":true,"href":"https:\/\/iberoid.com\/fr\/wp-json\/wp\/v2\/product_brand?post=5226"},{"taxonomy":"product_cat","embeddable":true,"href":"https:\/\/iberoid.com\/fr\/wp-json\/wp\/v2\/product_cat?post=5226"},{"taxonomy":"product_tag","embeddable":true,"href":"https:\/\/iberoid.com\/fr\/wp-json\/wp\/v2\/product_tag?post=5226"}],"curies":[{"name":"wp","href":"https:\/\/api.w.org\/{rel}","templated":true}]}}