{"id":5228,"date":"2020-07-05T12:25:13","date_gmt":"2020-07-05T12:25:13","guid":{"rendered":"https:\/\/iberoid.com\/?post_type=product&#038;p=5228"},"modified":"2026-02-08T12:22:50","modified_gmt":"2026-02-08T12:22:50","slug":"trembolona-acetato-100-mg-ml","status":"publish","type":"product","link":"https:\/\/iberoid.com\/fr\/product\/trembolona-acetato-100-mg-ml\/","title":{"rendered":"Trenbolone Acetate"},"content":{"rendered":"<p>L&rsquo;ac\u00e9tate de trenbolone est un st\u00e9ro\u00efde anabolisant. Il est consid\u00e9r\u00e9 comme l&rsquo;un des m\u00e9dicaments am\u00e9liorant les performances les plus puissants jamais fabriqu\u00e9s. Par rapport \u00e0 d&rsquo;autres m\u00e9dicaments de la m\u00eame fonction, il commence \u00e0 montrer ses effets assez rapidement. Auparavant, le m\u00e9dicament \u00e9tait utilis\u00e9 pour augmenter la masse musculaire et la force chez les animaux. Mais en raison de ses propri\u00e9t\u00e9s \u00e9tonnantes, il a rapidement \u00e9t\u00e9 adopt\u00e9 comme m\u00e9dicament d&rsquo;am\u00e9lioration des performances pour les athl\u00e8tes. L&rsquo;ac\u00e9tate de trenbolone est privil\u00e9gi\u00e9 par rapport aux autres m\u00e9dicaments ayant la m\u00eame fonction. C&rsquo;est aussi parce qu&rsquo;il maintient le niveau sanguin assez stable. Et pourtant donne des performances de pointe.<\/p>\n<p>Effets:<\/p>\n<p>L&rsquo;ac\u00e9tate de trenbolone est extr\u00eamement utile pendant la p\u00e9riode de coupe. Il pr\u00e9serve le tissu maigre. Ceci est particuli\u00e8rement utile pendant un r\u00e9gime. En r\u00e9gime amaigrissant, votre objectif principal est de perdre de la graisse et non du muscle. Ainsi, ce produit \u00e9conomise la masse musculaire, dont vous avez d\u00e9sesp\u00e9r\u00e9ment besoin pour la force. Ce m\u00e9dicament c\u00e8de \u00e9galement la place \u00e0 un m\u00e9tabolisme accru, ce qui est encore une fois utile pour br\u00fbler les graisses. Ainsi, ce m\u00e9dicament agit \u00e9galement comme un m\u00e9dicament di\u00e9t\u00e9tique suppl\u00e9mentaire.<\/p>\n<p>Ce produit produit des changements pr\u00e9cis dans la duret\u00e9 du corps et la vascularit\u00e9. Contrairement \u00e0 de nombreux autres st\u00e9ro\u00efdes, ce m\u00e9dicament n&rsquo;a pas de propri\u00e9t\u00e9s de r\u00e9tention d&rsquo;eau. Cela sugg\u00e8re que tout le poids que vous prenez gr\u00e2ce \u00e0 ce produit sera de la masse musculaire. Cela conduit \u00e0 une nouvelle augmentation de la force. Il favorise \u00e9galement une r\u00e9cup\u00e9ration plus rapide du muscle d\u00e9chir\u00e9, c&rsquo;est l\u00e0 que se trouvent les vrais avantages. Chez certaines personnes, cela peut affecter la sant\u00e9 cardiovasculaire, mais dans l&rsquo;ensemble, cela augmente la force musculaire et l&rsquo;endurance.<\/p>\n<p>Avantages:<br \/>\nAugmente la synth\u00e8se et la force des prot\u00e9ines\u00a0:\u00a0Le principal avantage de ce produit est qu&rsquo;il favorise la synth\u00e8se des prot\u00e9ines. Les prot\u00e9ines renforcent le muscle. Cela favorise la force. Les prot\u00e9ines sont la pierre angulaire des muscles. Et il est tr\u00e8s n\u00e9cessaire pour la force musculaire. Ce m\u00e9dicament a \u00e9galement des propri\u00e9t\u00e9s de r\u00e9tention d&rsquo;azote. Bien qu&rsquo;il n&rsquo;y ait que 16 % d&rsquo;azote dans le tissu musculaire, cette petite quantit\u00e9 est importante pour les fonctions de construction musculaire. Cela cr\u00e9e une atmosph\u00e8re anabolique.<br \/>\nStimule la production d&rsquo;hormones et de globules rouges\u00a0:\u00a0Il stimule la production de certaines hormones \u00e0 base de prot\u00e9ines qui sont n\u00e9cessaires \u00e0 la r\u00e9paration, \u00e0 la r\u00e9cup\u00e9ration et \u00e0 la nutrition des tissus. Ce produit augmente le nombre de globules rouges dans le sang. Les globules rouges sont des cellules transportant l&rsquo;oxyg\u00e8ne. L&rsquo;augmentation des globules rouges signifie plus d&rsquo;oxyg\u00e9nation, ce qui conduit \u00e0 une meilleure endurance. Ce m\u00e9dicament supprime \u00e9galement la lib\u00e9ration de certaines hormones de stress comme le cortisol. Les hormones de stress diminuent les fonctions de combustion des graisses. En r\u00e9duisant ces hormones de stress, ce m\u00e9dicament favorise l&rsquo;activit\u00e9 br\u00fble-graisse et prot\u00e8ge la masse musculaire.<br \/>\nAm\u00e9liore le m\u00e9tabolisme\u00a0:\u00a0l&rsquo;ac\u00e9tate de trenbolone augmente \u00e9galement le m\u00e9tabolisme, jouant ainsi un r\u00f4le essentiel dans la combustion des graisses et les r\u00e9gimes amaigrissants. Il a \u00e9galement des propri\u00e9t\u00e9s d&rsquo;augmentation de la valeur nutritive.<br \/>\nDosage:<\/p>\n<p>La posologie variera en fonction de la tol\u00e9rance et des besoins de la personne. Ce m\u00e9dicament est g\u00e9n\u00e9ralement prescrit \u00e0 doses mod\u00e9r\u00e9es et faibles car il s&rsquo;agit d&rsquo;un m\u00e9dicament tr\u00e8s puissant. Jusqu&rsquo;\u00e0 50 mg un jour sur deux est tr\u00e8s courant. Pour les utilisateurs r\u00e9guliers, 75 \u00e0 100 mg un jour sur deux suffiront.<\/p>\n<p>Dans certains cas, si n\u00e9cessaire, les doses peuvent varier entre 500 et 700 mg par semaine. Ou ils peuvent m\u00eame \u00eatre de 200 mg un jour sur deux dans de rares cas. La plage de temps commune est de 6 \u00e0 8 semaines, mais elle peut aller jusqu&rsquo;\u00e0 10 \u00e0 12 semaines.<\/p>","protected":false},"excerpt":{"rendered":"<p>L&rsquo;ac\u00e9tate de trenbolone est un st\u00e9ro\u00efde anabolisant. Il est consid\u00e9r\u00e9 comme l&rsquo;un des m\u00e9dicaments am\u00e9liorant les performances les plus puissants<\/p>\n","protected":false},"featured_media":5229,"comment_status":"open","ping_status":"closed","template":"","meta":[],"product_brand":[],"product_cat":[69],"product_tag":[3449],"class_list":{"0":"post-5228","1":"product","2":"type-product","3":"status-publish","4":"has-post-thumbnail","6":"product_cat-esteroides_inyectables","7":"product_tag-pharmabol","9":"first","10":"instock","11":"shipping-taxable","12":"purchasable","13":"product-type-simple"},"yoast_head":"<!-- This site is optimized with the Yoast SEO Premium plugin v24.4 (Yoast SEO v27.3) - https:\/\/yoast.com\/product\/yoast-seo-premium-wordpress\/ -->\n<title>Trenbolone Acetate - (Espa\u00f1ol) Esteroides en l\u00ednea<\/title>\n<meta name=\"description\" content=\"Ac\u00e9tate de Trenbolone est un st\u00e9ro\u00efde \u00e0 action rapide qui augmente masse musculaire, perte de graisse, force, r\u00e9cup\u00e9ration et endurance sans r\u00e9tention d&#039;eau.\" \/>\n<meta name=\"robots\" content=\"index, follow, max-snippet:-1, max-image-preview:large, max-video-preview:-1\" \/>\n<link rel=\"canonical\" href=\"https:\/\/iberoid.com\/fr\/product\/trembolona-acetato-100-mg-ml\/\" \/>\n<meta property=\"og:locale\" content=\"fr_FR\" \/>\n<meta property=\"og:type\" content=\"article\" \/>\n<meta property=\"og:title\" content=\"Trenbolone Acetate\" \/>\n<meta property=\"og:description\" content=\"Ac\u00e9tate de Trenbolone est un st\u00e9ro\u00efde \u00e0 action rapide qui augmente masse musculaire, perte de graisse, force, r\u00e9cup\u00e9ration et endurance sans r\u00e9tention d&#039;eau.\" \/>\n<meta property=\"og:url\" content=\"https:\/\/iberoid.com\/fr\/product\/trembolona-acetato-100-mg-ml\/\" \/>\n<meta property=\"og:site_name\" content=\"(Espa\u00f1ol) Esteroides en l\u00ednea\" \/>\n<meta property=\"article:modified_time\" content=\"2026-02-08T12:22:50+00:00\" \/>\n<meta property=\"og:image\" content=\"https:\/\/iberoid.com\/wp-content\/uploads\/2020\/07\/TRENBOLONE-A-copia-2-scaled.jpg?v=1678120104\" \/>\n\t<meta property=\"og:image:width\" content=\"1936\" \/>\n\t<meta property=\"og:image:height\" content=\"2560\" \/>\n\t<meta property=\"og:image:type\" content=\"image\/jpeg\" \/>\n<meta name=\"twitter:card\" content=\"summary_large_image\" \/>\n<meta name=\"twitter:label1\" content=\"Prix\" \/>\n\t<meta name=\"twitter:data1\" content=\"&euro;40.00\" \/>\n\t<meta name=\"twitter:label2\" content=\"Disponibilit\u00e9\" \/>\n\t<meta name=\"twitter:data2\" content=\"En stock\" \/>\n<script type=\"application\/ld+json\" class=\"yoast-schema-graph\">{\"@context\":\"https:\\\/\\\/schema.org\",\"@graph\":[{\"@type\":\"WebPage\",\"@id\":\"https:\\\/\\\/iberoid.com\\\/fr\\\/product\\\/trembolona-acetato-100-mg-ml\\\/\",\"url\":\"https:\\\/\\\/iberoid.com\\\/fr\\\/product\\\/trembolona-acetato-100-mg-ml\\\/\",\"name\":\"Trenbolone Acetate - (Espa\u00f1ol) Esteroides en l\u00ednea\",\"isPartOf\":{\"@id\":\"https:\\\/\\\/iberoid.com\\\/fr\\\/#website\"},\"primaryImageOfPage\":{\"@id\":\"https:\\\/\\\/iberoid.com\\\/fr\\\/product\\\/trembolona-acetato-100-mg-ml\\\/#primaryimage\"},\"image\":{\"@id\":\"https:\\\/\\\/iberoid.com\\\/fr\\\/product\\\/trembolona-acetato-100-mg-ml\\\/#primaryimage\"},\"thumbnailUrl\":\"https:\\\/\\\/iberoid.com\\\/wp-content\\\/uploads\\\/2020\\\/07\\\/TRENBOLONE-A-copia-2-scaled.jpg?v=1678120104\",\"datePublished\":\"2020-07-05T12:25:13+00:00\",\"dateModified\":\"2026-02-08T12:22:50+00:00\",\"description\":\"Ac\u00e9tate de Trenbolone est un st\u00e9ro\u00efde \u00e0 action rapide qui augmente masse musculaire, perte de graisse, force, r\u00e9cup\u00e9ration et endurance sans r\u00e9tention d'eau.\",\"breadcrumb\":{\"@id\":\"https:\\\/\\\/iberoid.com\\\/fr\\\/product\\\/trembolona-acetato-100-mg-ml\\\/#breadcrumb\"},\"inLanguage\":\"fr-FR\",\"potentialAction\":[{\"@type\":\"ReadAction\",\"target\":[[\"https:\\\/\\\/iberoid.com\\\/fr\\\/product\\\/trembolona-acetato-100-mg-ml\\\/\"]]}]},{\"@type\":\"ImageObject\",\"inLanguage\":\"fr-FR\",\"@id\":\"https:\\\/\\\/iberoid.com\\\/fr\\\/product\\\/trembolona-acetato-100-mg-ml\\\/#primaryimage\",\"url\":\"https:\\\/\\\/iberoid.com\\\/wp-content\\\/uploads\\\/2020\\\/07\\\/TRENBOLONE-A-copia-2-scaled.jpg?v=1678120104\",\"contentUrl\":\"https:\\\/\\\/iberoid.com\\\/wp-content\\\/uploads\\\/2020\\\/07\\\/TRENBOLONE-A-copia-2-scaled.jpg?v=1678120104\",\"width\":1936,\"height\":2560},{\"@type\":\"BreadcrumbList\",\"@id\":\"https:\\\/\\\/iberoid.com\\\/fr\\\/product\\\/trembolona-acetato-100-mg-ml\\\/#breadcrumb\",\"itemListElement\":[{\"@type\":\"ListItem\",\"position\":1,\"name\":\"Portada\",\"item\":\"https:\\\/\\\/iberoid.com\\\/fr\\\/\"},{\"@type\":\"ListItem\",\"position\":2,\"name\":\"Magasin\",\"item\":\"https:\\\/\\\/iberoid.com\\\/fr\\\/shop\\\/\"},{\"@type\":\"ListItem\",\"position\":3,\"name\":\"Trenbolone Acetate\"}]},{\"@type\":\"WebSite\",\"@id\":\"https:\\\/\\\/iberoid.com\\\/fr\\\/#website\",\"url\":\"https:\\\/\\\/iberoid.com\\\/fr\\\/\",\"name\":\"(Espa\u00f1ol) Esteroides en l\u00ednea\",\"description\":\"(Espa\u00f1ol) Comprar esteroides en l\u00ednea hoy en Espa\u00f1a y Portugal. Tenemos el mejor servicio al cliente en la industria y los productos de la m\u00e1s alta calidad\",\"potentialAction\":[{\"@type\":\"SearchAction\",\"target\":{\"@type\":\"EntryPoint\",\"urlTemplate\":\"https:\\\/\\\/iberoid.com\\\/fr\\\/?s={search_term_string}\"},\"query-input\":{\"@type\":\"PropertyValueSpecification\",\"valueRequired\":true,\"valueName\":\"search_term_string\"}}],\"inLanguage\":\"fr-FR\"}]}<\/script>\n<meta property=\"product:brand\" content=\"Pharmabol\" \/>\n<meta property=\"product:price:amount\" content=\"40.00\" \/>\n<meta property=\"product:price:currency\" content=\"EUR\" \/>\n<meta property=\"og:availability\" content=\"instock\" \/>\n<meta property=\"product:availability\" content=\"instock\" \/>\n<meta property=\"product:condition\" content=\"new\" \/>\n<!-- \/ Yoast SEO Premium plugin. -->","yoast_head_json":{"title":"Trenbolone Acetate - (Espa\u00f1ol) Esteroides en l\u00ednea","description":"Ac\u00e9tate de Trenbolone est un st\u00e9ro\u00efde \u00e0 action rapide qui augmente masse musculaire, perte de graisse, force, r\u00e9cup\u00e9ration et endurance sans r\u00e9tention d'eau.","robots":{"index":"index","follow":"follow","max-snippet":"max-snippet:-1","max-image-preview":"max-image-preview:large","max-video-preview":"max-video-preview:-1"},"canonical":"https:\/\/iberoid.com\/fr\/product\/trembolona-acetato-100-mg-ml\/","og_locale":"fr_FR","og_type":"article","og_title":"Trenbolone Acetate","og_description":"Ac\u00e9tate de Trenbolone est un st\u00e9ro\u00efde \u00e0 action rapide qui augmente masse musculaire, perte de graisse, force, r\u00e9cup\u00e9ration et endurance sans r\u00e9tention d'eau.","og_url":"https:\/\/iberoid.com\/fr\/product\/trembolona-acetato-100-mg-ml\/","og_site_name":"(Espa\u00f1ol) Esteroides en l\u00ednea","article_modified_time":"2026-02-08T12:22:50+00:00","og_image":[{"width":1936,"height":2560,"url":"https:\/\/iberoid.com\/wp-content\/uploads\/2020\/07\/TRENBOLONE-A-copia-2-scaled.jpg?v=1678120104","type":"image\/jpeg"}],"twitter_card":"summary_large_image","twitter_misc":{"Prix":"&euro;40.00","Disponibilit\u00e9":"En stock"},"schema":{"@context":"https:\/\/schema.org","@graph":[{"@type":"WebPage","@id":"https:\/\/iberoid.com\/fr\/product\/trembolona-acetato-100-mg-ml\/","url":"https:\/\/iberoid.com\/fr\/product\/trembolona-acetato-100-mg-ml\/","name":"Trenbolone Acetate - (Espa\u00f1ol) Esteroides en l\u00ednea","isPartOf":{"@id":"https:\/\/iberoid.com\/fr\/#website"},"primaryImageOfPage":{"@id":"https:\/\/iberoid.com\/fr\/product\/trembolona-acetato-100-mg-ml\/#primaryimage"},"image":{"@id":"https:\/\/iberoid.com\/fr\/product\/trembolona-acetato-100-mg-ml\/#primaryimage"},"thumbnailUrl":"https:\/\/iberoid.com\/wp-content\/uploads\/2020\/07\/TRENBOLONE-A-copia-2-scaled.jpg?v=1678120104","datePublished":"2020-07-05T12:25:13+00:00","dateModified":"2026-02-08T12:22:50+00:00","description":"Ac\u00e9tate de Trenbolone est un st\u00e9ro\u00efde \u00e0 action rapide qui augmente masse musculaire, perte de graisse, force, r\u00e9cup\u00e9ration et endurance sans r\u00e9tention d'eau.","breadcrumb":{"@id":"https:\/\/iberoid.com\/fr\/product\/trembolona-acetato-100-mg-ml\/#breadcrumb"},"inLanguage":"fr-FR","potentialAction":[{"@type":"ReadAction","target":[["https:\/\/iberoid.com\/fr\/product\/trembolona-acetato-100-mg-ml\/"]]}]},{"@type":"ImageObject","inLanguage":"fr-FR","@id":"https:\/\/iberoid.com\/fr\/product\/trembolona-acetato-100-mg-ml\/#primaryimage","url":"https:\/\/iberoid.com\/wp-content\/uploads\/2020\/07\/TRENBOLONE-A-copia-2-scaled.jpg?v=1678120104","contentUrl":"https:\/\/iberoid.com\/wp-content\/uploads\/2020\/07\/TRENBOLONE-A-copia-2-scaled.jpg?v=1678120104","width":1936,"height":2560},{"@type":"BreadcrumbList","@id":"https:\/\/iberoid.com\/fr\/product\/trembolona-acetato-100-mg-ml\/#breadcrumb","itemListElement":[{"@type":"ListItem","position":1,"name":"Portada","item":"https:\/\/iberoid.com\/fr\/"},{"@type":"ListItem","position":2,"name":"Magasin","item":"https:\/\/iberoid.com\/fr\/shop\/"},{"@type":"ListItem","position":3,"name":"Trenbolone Acetate"}]},{"@type":"WebSite","@id":"https:\/\/iberoid.com\/fr\/#website","url":"https:\/\/iberoid.com\/fr\/","name":"(Espa\u00f1ol) Esteroides en l\u00ednea","description":"(Espa\u00f1ol) Comprar esteroides en l\u00ednea hoy en Espa\u00f1a y Portugal. Tenemos el mejor servicio al cliente en la industria y los productos de la m\u00e1s alta calidad","potentialAction":[{"@type":"SearchAction","target":{"@type":"EntryPoint","urlTemplate":"https:\/\/iberoid.com\/fr\/?s={search_term_string}"},"query-input":{"@type":"PropertyValueSpecification","valueRequired":true,"valueName":"search_term_string"}}],"inLanguage":"fr-FR"}]},"product_brand":"Pharmabol","product_price_amount":"40.00","product_price_currency":"EUR","og_availability":"instock","product_availability":"instock","product_condition":"new"},"_links":{"self":[{"href":"https:\/\/iberoid.com\/fr\/wp-json\/wp\/v2\/product\/5228","targetHints":{"allow":["GET"]}}],"collection":[{"href":"https:\/\/iberoid.com\/fr\/wp-json\/wp\/v2\/product"}],"about":[{"href":"https:\/\/iberoid.com\/fr\/wp-json\/wp\/v2\/types\/product"}],"replies":[{"embeddable":true,"href":"https:\/\/iberoid.com\/fr\/wp-json\/wp\/v2\/comments?post=5228"}],"wp:featuredmedia":[{"embeddable":true,"href":"https:\/\/iberoid.com\/fr\/wp-json\/wp\/v2\/media\/5229"}],"wp:attachment":[{"href":"https:\/\/iberoid.com\/fr\/wp-json\/wp\/v2\/media?parent=5228"}],"wp:term":[{"taxonomy":"product_brand","embeddable":true,"href":"https:\/\/iberoid.com\/fr\/wp-json\/wp\/v2\/product_brand?post=5228"},{"taxonomy":"product_cat","embeddable":true,"href":"https:\/\/iberoid.com\/fr\/wp-json\/wp\/v2\/product_cat?post=5228"},{"taxonomy":"product_tag","embeddable":true,"href":"https:\/\/iberoid.com\/fr\/wp-json\/wp\/v2\/product_tag?post=5228"}],"curies":[{"name":"wp","href":"https:\/\/api.w.org\/{rel}","templated":true}]}}