{"id":5259,"date":"2020-07-23T10:06:38","date_gmt":"2020-07-23T10:06:38","guid":{"rendered":"https:\/\/iberoid.com\/?post_type=product&#038;p=5259"},"modified":"2026-03-16T13:07:51","modified_gmt":"2026-03-16T13:07:51","slug":"proviron-bayer","status":"publish","type":"product","link":"https:\/\/iberoid.com\/fr\/product\/proviron-bayer\/","title":{"rendered":"Proviron  BAYER"},"content":{"rendered":"<p>Proviron\u00a0est un st\u00e9ro\u00efde post-cycle, ce m\u00e9dicament contient\u00a0Mesterolone.<\/p>\n<p>Proviron est utilis\u00e9 en m\u00e9decine scolaire pour soulager ou gu\u00e9rir les troubles caus\u00e9s par une carence en hormones sexuelles m\u00e2les. De nombreux athl\u00e8tes, pour cette raison, utilisent souvent Proviron \u00e0 la fin d&rsquo;un traitement aux st\u00e9ro\u00efdes afin d&rsquo;augmenter la production r\u00e9duite de testost\u00e9rone.<\/p>\n<p>Ceci, cependant, n&rsquo;est pas une bonne id\u00e9e puisque Mesterolone n&rsquo;a aucun effet sur la production de testost\u00e9rone du corps mais comme mentionn\u00e9 au d\u00e9but seulement r\u00e9duit ou \u00e9limine compl\u00e8tement les dysfonctionnements caus\u00e9s par la carence en testost\u00e9rone. Il s&rsquo;agit en particulier de l&rsquo;impuissance qui est principalement caus\u00e9e par une carence en androg\u00e8nes qui peut survenir apr\u00e8s l&rsquo;arr\u00eat des st\u00e9ro\u00efdes, et de l&rsquo;infertilit\u00e9 qui se manifeste par une diminution du nombre de spermatozo\u00efdes et une diminution de la qualit\u00e9 des spermatozo\u00efdes.<\/p>\n<p>Proviron est donc pris pendant une administration de st\u00e9ro\u00efdes ou apr\u00e8s l&rsquo;arr\u00eat de l&rsquo;utilisation des st\u00e9ro\u00efdes, pour \u00e9liminer une \u00e9ventuelle impuissance ou un int\u00e9r\u00eat sexuel r\u00e9duit. Ceci, cependant, ne contribue pas au maintien de la force et de la masse musculaire apr\u00e8s le traitement.<\/p>\n<p>Certains bodybuilders comp\u00e9titifs ajouteront \u00e9galement du Mesterolone \u00e0 leur pr\u00e9paration avant le concours, car beaucoup pensent que cela am\u00e9liorera la densit\u00e9 et la duret\u00e9 musculaire. Cela pourrait \u00eatre attribu\u00e9 \u00e0 la capacit\u00e9 du compos\u00e9 \u00e0 diminuer la r\u00e9tention d&rsquo;eau et \u00e0 r\u00e9duire la quantit\u00e9 d&rsquo;\u0153strog\u00e8nes circulant dans le corps, similaire \u00e0 de nombreux autres compos\u00e9s androg\u00e8nes. Cependant, comme indiqu\u00e9 pr\u00e9c\u00e9demment, il existe plusieurs autres m\u00e9dicaments qui pourraient remplacer la mest\u00e9rolone et qui sont beaucoup plus efficaces pour ce but.<\/p>\n<p>De nombreux utilisateurs de st\u00e9ro\u00efdes qui ont eu des r\u00e9actions ind\u00e9sirables \u00e0 la testost\u00e9rone, ou qui ne souhaitent pas utiliser de testost\u00e9rone dans leur cycle, ajouteront souvent Mesterolone \u00e0 leurs cycles pour sa capacit\u00e9 \u00e0 augmenter la libido d&rsquo;un utilisateur. Souvent, lorsqu&rsquo;un utilisateur n&rsquo;inclut pas de testost\u00e9rone, ou tout simplement pas assez de testost\u00e9rone par rapport aux autres compos\u00e9s qu&rsquo;il utilise, la libido sera r\u00e9duite et l&rsquo;inclusion de Mesterolone peut aider \u00e0 att\u00e9nuer cela. De toute \u00e9vidence, l&rsquo;effet dihydrotestost\u00e9rone du compos\u00e9 joue un r\u00f4le cl\u00e9 dans ce processus.<\/p>\n<p>COMMENT \u00c7A FONCTIONNE?<\/p>\n<p>Ce m\u00e9dicament est \u00e9galement favoris\u00e9 par beaucoup lors des pr\u00e9paratifs de concours, lorsqu&rsquo;un niveau d&rsquo;oestrog\u00e8ne\/androg\u00e8ne \u00e9lev\u00e9 est particuli\u00e8rement recherch\u00e9. Ceci est particuli\u00e8rement b\u00e9n\u00e9fique lorsque des anabolisants comme Winstrol, Oxandrolone et Primobolan sont utilis\u00e9s seuls, car la teneur en androg\u00e8nes de ces m\u00e9dicaments est relativement faible.<\/p>\n<p>Proviron peut compl\u00e9ter un androg\u00e8ne bien n\u00e9cessaire et augmenter la duret\u00e9 et la densit\u00e9 des muscles. Les femmes en particulier constatent qu&rsquo;un seul comprim\u00e9 de 25 mg modifiera efficacement le rapport androg\u00e8nes\/\u0153strog\u00e8nes et peut avoir un impact important sur le physique. Puisqu&rsquo;il s&rsquo;agit d&rsquo;un androg\u00e8ne si fort, une extr\u00eame prudence doit \u00eatre prise lors de l&rsquo;administration.<\/p>\n<p>Des doses plus \u00e9lev\u00e9es ont clairement le potentiel de provoquer assez facilement des sympt\u00f4mes de virilisation. Pour cette raison, les femmes prennent rarement plus d&rsquo;un comprim\u00e9 par jour et limitent la dur\u00e9e de la prise \u00e0 quatre ou cinq semaines au maximum. Un comprim\u00e9 utilis\u00e9 avec 10 ou 20 mg de Nolvadex peut \u00eatre encore plus efficace pour le durcissement musculaire, cr\u00e9ant un environnement o\u00f9 le corps est beaucoup plus enclin \u00e0 br\u00fbler la graisse corporelle suppl\u00e9mentaire (en particulier dans les zones \u00e0 probl\u00e8mes chez les femmes comme les hanches et les cuisses).<\/p>\n<p>Proviron est donc pris lors d&rsquo;une administration de st\u00e9ro\u00efdes ou apr\u00e8s l&rsquo;arr\u00eat de l&rsquo;utilisation des st\u00e9ro\u00efdes, pour \u00e9liminer une \u00e9ventuelle impuissance ou un int\u00e9r\u00eat sexuel r\u00e9duit. Ceci, cependant, ne contribue pas au maintien de la force et de la masse musculaire apr\u00e8s le traitement.<\/p>\n<p>Il existe d&rsquo;autres compos\u00e9s mieux adapt\u00e9s pour cela, comme HCG et Clomid. Pour cette raison, le Proviron est malheureusement consid\u00e9r\u00e9 par beaucoup comme un compos\u00e9 inutile et inutile.<\/p>\n<p>La majorit\u00e9 des utilisateurs masculins constateront qu&rsquo;un dosage de l&rsquo;ordre de 25 \u00e0 100 milligrammes par jour de mest\u00e9rolone sera suffisant pour obtenir les r\u00e9sultats souhait\u00e9s. Les femelles restent le plus souvent \u00e0 environ 25 milligrammes par jour, mais beaucoup ont exp\u00e9riment\u00e9 des niveaux bien plus \u00e9lev\u00e9s. En raison de la dur\u00e9e de vie active du compos\u00e9, diviser la dose du m\u00e9dicament afin qu&rsquo;il puisse \u00eatre pris deux fois par jour est b\u00e9n\u00e9fique, mais les effets du compos\u00e9 doivent durer vingt-quatre heures compl\u00e8tes, ce n&rsquo;est donc pas compl\u00e8tement n\u00e9cessaire.<\/p>\n<p>En raison du fait que de nombreux autres compos\u00e9s sont disponibles qui sont beaucoup plus puissants et efficaces que Mesterolone pour les m\u00eames fins, il est apparemment inutile d&rsquo;augmenter la dose d&rsquo;un utilisateur bien au-dessus de 100 mg par jour. Au lieu de cela, on serait probablement mieux servi pour changer de compos\u00e9 et essayer un m\u00e9dicament beaucoup plus puissant si les r\u00e9sultats souhait\u00e9s ne sont pas atteints.<\/p>\n<p>EFFETS SECONDAIRES:<\/p>\n<p>Les effets secondaires de Proviron chez les hommes sont faibles \u00e0 une dose de 2-3 comprim\u00e9s\/jour de sorte que Proviron, pris par exemple en association avec un cycle de st\u00e9ro\u00efdes, peut \u00eatre utilis\u00e9 relativement sans risque sur plusieurs semaines. Comme il est bien tol\u00e9r\u00e9 par le foie, les dysfonctionnements h\u00e9patiques ne se produisent pas aux doses donn\u00e9es.<\/p>\n<p>Pour les athl\u00e8tes qui ont l&rsquo;habitude d&rsquo;agir sous la devise \u00ab\u00a0plus c&rsquo;est mieux\u00a0\u00bb, la prise de\u00a0Proviron\u00a0pourrait avoir<\/p>","protected":false},"excerpt":{"rendered":"<p>Proviron\u00a0est un st\u00e9ro\u00efde post-cycle, ce m\u00e9dicament contient\u00a0Mesterolone. Proviron est utilis\u00e9 en m\u00e9decine scolaire pour soulager ou gu\u00e9rir les troubles caus\u00e9s<\/p>\n","protected":false},"featured_media":5260,"comment_status":"open","ping_status":"closed","template":"","meta":[],"product_brand":[],"product_cat":[73],"product_tag":[],"class_list":{"0":"post-5259","1":"product","2":"type-product","3":"status-publish","4":"has-post-thumbnail","6":"product_cat-ssteroides_orales","8":"first","9":"instock","10":"sale","11":"shipping-taxable","12":"purchasable","13":"product-type-simple"},"yoast_head":"<!-- This site is optimized with the Yoast SEO Premium plugin v24.4 (Yoast SEO v27.0) - https:\/\/yoast.com\/product\/yoast-seo-premium-wordpress\/ -->\n<title>Proviron BAYER - (Espa\u00f1ol) Esteroides en l\u00ednea<\/title>\n<meta name=\"description\" content=\"Proviron (Mest\u00e9rolone) r\u00e9duit les effets \u0153strog\u00e9niques, am\u00e9liore la duret\u00e9 musculaire, la libido et traite la d\u00e9ficience androg\u00e9nique post-st\u00e9ro\u00efdes avec peu d&#039;effets secondaires.\" \/>\n<meta name=\"robots\" content=\"index, follow, max-snippet:-1, max-image-preview:large, max-video-preview:-1\" \/>\n<link rel=\"canonical\" href=\"https:\/\/iberoid.com\/fr\/product\/proviron-bayer\/\" \/>\n<meta property=\"og:locale\" content=\"fr_FR\" \/>\n<meta property=\"og:type\" content=\"article\" \/>\n<meta property=\"og:title\" content=\"Proviron BAYER\" \/>\n<meta property=\"og:description\" content=\"Proviron (Mest\u00e9rolone) r\u00e9duit les effets \u0153strog\u00e9niques, am\u00e9liore la duret\u00e9 musculaire, la libido et traite la d\u00e9ficience androg\u00e9nique post-st\u00e9ro\u00efdes avec peu d&#039;effets secondaires.\" \/>\n<meta property=\"og:url\" content=\"https:\/\/iberoid.com\/fr\/product\/proviron-bayer\/\" \/>\n<meta property=\"og:site_name\" content=\"(Espa\u00f1ol) Esteroides en l\u00ednea\" \/>\n<meta property=\"article:modified_time\" content=\"2026-03-16T13:07:51+00:00\" \/>\n<meta property=\"og:image\" content=\"https:\/\/iberoid.com\/wp-content\/uploads\/2020\/07\/095b-PROVIRON-01-0-1-1500x1500-1.jpg?v=1694094336\" \/>\n\t<meta property=\"og:image:width\" content=\"1500\" \/>\n\t<meta property=\"og:image:height\" content=\"1500\" \/>\n\t<meta property=\"og:image:type\" content=\"image\/jpeg\" \/>\n<meta name=\"twitter:card\" content=\"summary_large_image\" \/>\n<meta name=\"twitter:label1\" content=\"Prix\" \/>\n\t<meta name=\"twitter:data1\" content=\"&euro;20.00\" \/>\n\t<meta name=\"twitter:label2\" content=\"Disponibilit\u00e9\" \/>\n\t<meta name=\"twitter:data2\" content=\"En stock\" \/>\n<script type=\"application\/ld+json\" class=\"yoast-schema-graph\">{\"@context\":\"https:\/\/schema.org\",\"@graph\":[{\"@type\":\"WebPage\",\"@id\":\"https:\/\/iberoid.com\/fr\/product\/proviron-bayer\/\",\"url\":\"https:\/\/iberoid.com\/fr\/product\/proviron-bayer\/\",\"name\":\"Proviron BAYER - (Espa\u00f1ol) Esteroides en l\u00ednea\",\"isPartOf\":{\"@id\":\"https:\/\/iberoid.com\/fr\/#website\"},\"primaryImageOfPage\":{\"@id\":\"https:\/\/iberoid.com\/fr\/product\/proviron-bayer\/#primaryimage\"},\"image\":{\"@id\":\"https:\/\/iberoid.com\/fr\/product\/proviron-bayer\/#primaryimage\"},\"thumbnailUrl\":\"https:\/\/iberoid.com\/wp-content\/uploads\/2020\/07\/095b-PROVIRON-01-0-1-1500x1500-1.jpg?v=1694094336\",\"datePublished\":\"2020-07-23T10:06:38+00:00\",\"dateModified\":\"2026-03-16T13:07:51+00:00\",\"description\":\"Proviron (Mest\u00e9rolone) r\u00e9duit les effets \u0153strog\u00e9niques, am\u00e9liore la duret\u00e9 musculaire, la libido et traite la d\u00e9ficience androg\u00e9nique post-st\u00e9ro\u00efdes avec peu d'effets secondaires.\",\"breadcrumb\":{\"@id\":\"https:\/\/iberoid.com\/fr\/product\/proviron-bayer\/#breadcrumb\"},\"inLanguage\":\"fr-FR\",\"potentialAction\":[{\"@type\":\"ReadAction\",\"target\":[[\"https:\/\/iberoid.com\/fr\/product\/proviron-bayer\/\"]]}]},{\"@type\":\"ImageObject\",\"inLanguage\":\"fr-FR\",\"@id\":\"https:\/\/iberoid.com\/fr\/product\/proviron-bayer\/#primaryimage\",\"url\":\"https:\/\/iberoid.com\/wp-content\/uploads\/2020\/07\/095b-PROVIRON-01-0-1-1500x1500-1.jpg?v=1694094336\",\"contentUrl\":\"https:\/\/iberoid.com\/wp-content\/uploads\/2020\/07\/095b-PROVIRON-01-0-1-1500x1500-1.jpg?v=1694094336\",\"width\":1500,\"height\":1500},{\"@type\":\"BreadcrumbList\",\"@id\":\"https:\/\/iberoid.com\/fr\/product\/proviron-bayer\/#breadcrumb\",\"itemListElement\":[{\"@type\":\"ListItem\",\"position\":1,\"name\":\"Portada\",\"item\":\"https:\/\/iberoid.com\/fr\/\"},{\"@type\":\"ListItem\",\"position\":2,\"name\":\"Magasin\",\"item\":\"https:\/\/iberoid.com\/fr\/shop\/\"},{\"@type\":\"ListItem\",\"position\":3,\"name\":\"Proviron BAYER\"}]},{\"@type\":\"WebSite\",\"@id\":\"https:\/\/iberoid.com\/fr\/#website\",\"url\":\"https:\/\/iberoid.com\/fr\/\",\"name\":\"(Espa\u00f1ol) Esteroides en l\u00ednea\",\"description\":\"(Espa\u00f1ol) Comprar esteroides en l\u00ednea hoy en Espa\u00f1a y Portugal. Tenemos el mejor servicio al cliente en la industria y los productos de la m\u00e1s alta calidad\",\"potentialAction\":[{\"@type\":\"SearchAction\",\"target\":{\"@type\":\"EntryPoint\",\"urlTemplate\":\"https:\/\/iberoid.com\/fr\/?s={search_term_string}\"},\"query-input\":{\"@type\":\"PropertyValueSpecification\",\"valueRequired\":true,\"valueName\":\"search_term_string\"}}],\"inLanguage\":\"fr-FR\"}]}<\/script>\n<meta property=\"product:brand\" content=\"Bayer\" \/>\n<meta property=\"product:price:amount\" content=\"20.00\" \/>\n<meta property=\"product:price:currency\" content=\"EUR\" \/>\n<meta property=\"og:availability\" content=\"instock\" \/>\n<meta property=\"product:availability\" content=\"instock\" \/>\n<meta property=\"product:condition\" content=\"new\" \/>\n<!-- \/ Yoast SEO Premium plugin. -->","yoast_head_json":{"title":"Proviron BAYER - (Espa\u00f1ol) Esteroides en l\u00ednea","description":"Proviron (Mest\u00e9rolone) r\u00e9duit les effets \u0153strog\u00e9niques, am\u00e9liore la duret\u00e9 musculaire, la libido et traite la d\u00e9ficience androg\u00e9nique post-st\u00e9ro\u00efdes avec peu d'effets secondaires.","robots":{"index":"index","follow":"follow","max-snippet":"max-snippet:-1","max-image-preview":"max-image-preview:large","max-video-preview":"max-video-preview:-1"},"canonical":"https:\/\/iberoid.com\/fr\/product\/proviron-bayer\/","og_locale":"fr_FR","og_type":"article","og_title":"Proviron BAYER","og_description":"Proviron (Mest\u00e9rolone) r\u00e9duit les effets \u0153strog\u00e9niques, am\u00e9liore la duret\u00e9 musculaire, la libido et traite la d\u00e9ficience androg\u00e9nique post-st\u00e9ro\u00efdes avec peu d'effets secondaires.","og_url":"https:\/\/iberoid.com\/fr\/product\/proviron-bayer\/","og_site_name":"(Espa\u00f1ol) Esteroides en l\u00ednea","article_modified_time":"2026-03-16T13:07:51+00:00","og_image":[{"width":1500,"height":1500,"url":"https:\/\/iberoid.com\/wp-content\/uploads\/2020\/07\/095b-PROVIRON-01-0-1-1500x1500-1.jpg?v=1694094336","type":"image\/jpeg"}],"twitter_card":"summary_large_image","twitter_misc":{"Prix":"&euro;20.00","Disponibilit\u00e9":"En stock"},"schema":{"@context":"https:\/\/schema.org","@graph":[{"@type":"WebPage","@id":"https:\/\/iberoid.com\/fr\/product\/proviron-bayer\/","url":"https:\/\/iberoid.com\/fr\/product\/proviron-bayer\/","name":"Proviron BAYER - (Espa\u00f1ol) Esteroides en l\u00ednea","isPartOf":{"@id":"https:\/\/iberoid.com\/fr\/#website"},"primaryImageOfPage":{"@id":"https:\/\/iberoid.com\/fr\/product\/proviron-bayer\/#primaryimage"},"image":{"@id":"https:\/\/iberoid.com\/fr\/product\/proviron-bayer\/#primaryimage"},"thumbnailUrl":"https:\/\/iberoid.com\/wp-content\/uploads\/2020\/07\/095b-PROVIRON-01-0-1-1500x1500-1.jpg?v=1694094336","datePublished":"2020-07-23T10:06:38+00:00","dateModified":"2026-03-16T13:07:51+00:00","description":"Proviron (Mest\u00e9rolone) r\u00e9duit les effets \u0153strog\u00e9niques, am\u00e9liore la duret\u00e9 musculaire, la libido et traite la d\u00e9ficience androg\u00e9nique post-st\u00e9ro\u00efdes avec peu d'effets secondaires.","breadcrumb":{"@id":"https:\/\/iberoid.com\/fr\/product\/proviron-bayer\/#breadcrumb"},"inLanguage":"fr-FR","potentialAction":[{"@type":"ReadAction","target":[["https:\/\/iberoid.com\/fr\/product\/proviron-bayer\/"]]}]},{"@type":"ImageObject","inLanguage":"fr-FR","@id":"https:\/\/iberoid.com\/fr\/product\/proviron-bayer\/#primaryimage","url":"https:\/\/iberoid.com\/wp-content\/uploads\/2020\/07\/095b-PROVIRON-01-0-1-1500x1500-1.jpg?v=1694094336","contentUrl":"https:\/\/iberoid.com\/wp-content\/uploads\/2020\/07\/095b-PROVIRON-01-0-1-1500x1500-1.jpg?v=1694094336","width":1500,"height":1500},{"@type":"BreadcrumbList","@id":"https:\/\/iberoid.com\/fr\/product\/proviron-bayer\/#breadcrumb","itemListElement":[{"@type":"ListItem","position":1,"name":"Portada","item":"https:\/\/iberoid.com\/fr\/"},{"@type":"ListItem","position":2,"name":"Magasin","item":"https:\/\/iberoid.com\/fr\/shop\/"},{"@type":"ListItem","position":3,"name":"Proviron BAYER"}]},{"@type":"WebSite","@id":"https:\/\/iberoid.com\/fr\/#website","url":"https:\/\/iberoid.com\/fr\/","name":"(Espa\u00f1ol) Esteroides en l\u00ednea","description":"(Espa\u00f1ol) Comprar esteroides en l\u00ednea hoy en Espa\u00f1a y Portugal. Tenemos el mejor servicio al cliente en la industria y los productos de la m\u00e1s alta calidad","potentialAction":[{"@type":"SearchAction","target":{"@type":"EntryPoint","urlTemplate":"https:\/\/iberoid.com\/fr\/?s={search_term_string}"},"query-input":{"@type":"PropertyValueSpecification","valueRequired":true,"valueName":"search_term_string"}}],"inLanguage":"fr-FR"}]},"product_brand":"Bayer","product_price_amount":"20.00","product_price_currency":"EUR","og_availability":"instock","product_availability":"instock","product_condition":"new"},"_links":{"self":[{"href":"https:\/\/iberoid.com\/fr\/wp-json\/wp\/v2\/product\/5259","targetHints":{"allow":["GET"]}}],"collection":[{"href":"https:\/\/iberoid.com\/fr\/wp-json\/wp\/v2\/product"}],"about":[{"href":"https:\/\/iberoid.com\/fr\/wp-json\/wp\/v2\/types\/product"}],"replies":[{"embeddable":true,"href":"https:\/\/iberoid.com\/fr\/wp-json\/wp\/v2\/comments?post=5259"}],"wp:featuredmedia":[{"embeddable":true,"href":"https:\/\/iberoid.com\/fr\/wp-json\/wp\/v2\/media\/5260"}],"wp:attachment":[{"href":"https:\/\/iberoid.com\/fr\/wp-json\/wp\/v2\/media?parent=5259"}],"wp:term":[{"taxonomy":"product_brand","embeddable":true,"href":"https:\/\/iberoid.com\/fr\/wp-json\/wp\/v2\/product_brand?post=5259"},{"taxonomy":"product_cat","embeddable":true,"href":"https:\/\/iberoid.com\/fr\/wp-json\/wp\/v2\/product_cat?post=5259"},{"taxonomy":"product_tag","embeddable":true,"href":"https:\/\/iberoid.com\/fr\/wp-json\/wp\/v2\/product_tag?post=5259"}],"curies":[{"name":"wp","href":"https:\/\/api.w.org\/{rel}","templated":true}]}}