{"id":5273,"date":"2020-07-31T11:32:18","date_gmt":"2020-07-31T11:32:18","guid":{"rendered":"https:\/\/iberoid.com\/?post_type=product&#038;p=5273"},"modified":"2026-04-08T09:04:58","modified_gmt":"2026-04-08T09:04:58","slug":"t3-uni-pharma-25mcg-tab","status":"publish","type":"product","link":"https:\/\/iberoid.com\/fr\/product\/t3-uni-pharma-25mcg-tab\/","title":{"rendered":"T3 Uni Pharma"},"content":{"rendered":"<p>Source: Uni-Pharma Gr\u00e8ce<\/p>\n<p>Paquet: 30 onglets, chaque onglet 25mcg<\/p>\n<p>Substance: Liothyronine sodique<\/p>\n<p>Il est disponible dans une vari\u00e9t\u00e9 de doses allant de 5 \u00e0 100 mcgs. par tablette. Cytomel est une hormone thyro\u00efdienne synth\u00e9tique (type T-3). Il existe deux principaux types d&rsquo;hormones thyro\u00efdiennes synth\u00e9tiques disponibles, \u00e0 savoir le Synthroid (T-4). Ce produit est consid\u00e9r\u00e9 comme le plus fort des deux produits (il est 4 \u00e0 5 fois plus fort que Synthroid). Ce produit agit en augmentant la synth\u00e8se des prot\u00e9ines, des glucides et des graisses ainsi que de l&rsquo;ARN dans le corps, augmentant ainsi votre BMR (taux m\u00e9tabolique basal). Les culturistes aiment ce produit pour de nombreuses raisons. Ce produit est un excellent br\u00fbleur de graisse car votre m\u00e9tabolisme est consid\u00e9rablement augment\u00e9 pendant que vous y \u00eates. Vous pouvez vous permettre d&rsquo;\u00eatre un peu plus b\u00e2cl\u00e9 avec un r\u00e9gime avant le concours, car il br\u00fblera toujours les graisses lorsque vous consommez beaucoup de calories car votre m\u00e9tabolisme se d\u00e9traque. Lorsqu&rsquo;il est pris avec du clenbut\u00e9rol, il s&rsquo;agit de la meilleure combinaison de combustion des graisses disponible aujourd&rsquo;hui (\u00e0 l&rsquo;exception peut-\u00eatre du DNP). Il contribue \u00e9galement \u00e0 rendre les st\u00e9ro\u00efdes plus efficaces car c&rsquo;est une si bonne aide \u00e0 la synth\u00e8se des prot\u00e9ines. La plupart des gens doivent faire attention de commencer avec une faible dose, environ 25 mcgs. par jour et augmenter d&rsquo;environ un onglet ou 25 mcgs. par jour tous les 5-6 jours. Assurez-vous de ne pas d\u00e9passer 100 mcgs. par jour au maximum. Les jours o\u00f9 vous prenez plusieurs onglets, divisez les onglets uniform\u00e9ment au cours de la journ\u00e9e (c&rsquo;est-\u00e0-dire que 100 mcgs correspondraient \u00e0 4 doses de 25 mcgs. Chacune r\u00e9partie uniform\u00e9ment sur la journ\u00e9e.) bien pour maintenir le bon fonctionnement de la thyro\u00efde. Ne prenez pas plus de 5 semaines \u00e0 la fois. Apr\u00e8s avoir fait un cycle de ce m\u00e9dicament, assurez-vous de passer au moins 8 semaines avant de le refaire pour permettre au fonctionnement normal de la thyro\u00efde de revenir.<\/p>","protected":false},"excerpt":{"rendered":"<p>Source: Uni-Pharma Gr\u00e8ce Paquet: 30 onglets, chaque onglet 25mcg Substance: Liothyronine sodique Il est disponible dans une vari\u00e9t\u00e9 de doses<\/p>\n","protected":false},"featured_media":5274,"comment_status":"open","ping_status":"closed","template":"","meta":[],"product_brand":[],"product_cat":[73],"product_tag":[],"class_list":{"0":"post-5273","1":"product","2":"type-product","3":"status-publish","4":"has-post-thumbnail","6":"product_cat-ssteroides_orales","8":"first","9":"instock","10":"sale","11":"shipping-taxable","12":"purchasable","13":"product-type-simple"},"yoast_head":"<!-- This site is optimized with the Yoast SEO Premium plugin v24.4 (Yoast SEO v27.0) - https:\/\/yoast.com\/product\/yoast-seo-premium-wordpress\/ -->\n<title>T3 Uni Pharma - (Espa\u00f1ol) Esteroides en l\u00ednea<\/title>\n<meta name=\"description\" content=\"Cytomel (Liothyronine Sodique) 25mcg comprim\u00e9s (30). Puissante hormone thyro\u00efdienne synth\u00e9tique T-3 qui stimule le m\u00e9tabolisme et br\u00fble les graisses. Commencer \u00e0 faible dose (25mcg), max 100mcg par jour. Utiliser en cycles.\" \/>\n<meta name=\"robots\" content=\"index, follow, max-snippet:-1, max-image-preview:large, max-video-preview:-1\" \/>\n<link rel=\"canonical\" href=\"https:\/\/iberoid.com\/fr\/product\/t3-uni-pharma-25mcg-tab\/\" \/>\n<meta property=\"og:locale\" content=\"fr_FR\" \/>\n<meta property=\"og:type\" content=\"article\" \/>\n<meta property=\"og:title\" content=\"T3 Uni Pharma\" \/>\n<meta property=\"og:description\" content=\"Cytomel (Liothyronine Sodique) 25mcg comprim\u00e9s (30). Puissante hormone thyro\u00efdienne synth\u00e9tique T-3 qui stimule le m\u00e9tabolisme et br\u00fble les graisses. Commencer \u00e0 faible dose (25mcg), max 100mcg par jour. Utiliser en cycles.\" \/>\n<meta property=\"og:url\" content=\"https:\/\/iberoid.com\/fr\/product\/t3-uni-pharma-25mcg-tab\/\" \/>\n<meta property=\"og:site_name\" content=\"(Espa\u00f1ol) Esteroides en l\u00ednea\" \/>\n<meta property=\"article:modified_time\" content=\"2026-04-08T09:04:58+00:00\" \/>\n<meta property=\"og:image\" content=\"https:\/\/iberoid.com\/wp-content\/uploads\/2020\/07\/t3.jpg?v=1719129887\" \/>\n\t<meta property=\"og:image:width\" content=\"428\" \/>\n\t<meta property=\"og:image:height\" content=\"429\" \/>\n\t<meta property=\"og:image:type\" content=\"image\/jpeg\" \/>\n<meta name=\"twitter:card\" content=\"summary_large_image\" \/>\n<meta name=\"twitter:label1\" content=\"Prix\" \/>\n\t<meta name=\"twitter:data1\" content=\"&euro;10.00\" \/>\n\t<meta name=\"twitter:label2\" content=\"Disponibilit\u00e9\" \/>\n\t<meta name=\"twitter:data2\" content=\"En stock\" \/>\n<script type=\"application\/ld+json\" class=\"yoast-schema-graph\">{\"@context\":\"https:\/\/schema.org\",\"@graph\":[{\"@type\":\"WebPage\",\"@id\":\"https:\/\/iberoid.com\/fr\/product\/t3-uni-pharma-25mcg-tab\/\",\"url\":\"https:\/\/iberoid.com\/fr\/product\/t3-uni-pharma-25mcg-tab\/\",\"name\":\"T3 Uni Pharma - (Espa\u00f1ol) Esteroides en l\u00ednea\",\"isPartOf\":{\"@id\":\"https:\/\/iberoid-shop.com\/#website\"},\"primaryImageOfPage\":{\"@id\":\"https:\/\/iberoid.com\/fr\/product\/t3-uni-pharma-25mcg-tab\/#primaryimage\"},\"image\":{\"@id\":\"https:\/\/iberoid.com\/fr\/product\/t3-uni-pharma-25mcg-tab\/#primaryimage\"},\"thumbnailUrl\":\"https:\/\/iberoid.com\/wp-content\/uploads\/2020\/07\/t3.jpg?v=1719129887\",\"datePublished\":\"2020-07-31T11:32:18+00:00\",\"dateModified\":\"2026-04-08T09:04:58+00:00\",\"description\":\"Cytomel (Liothyronine Sodique) 25mcg comprim\u00e9s (30). Puissante hormone thyro\u00efdienne synth\u00e9tique T-3 qui stimule le m\u00e9tabolisme et br\u00fble les graisses. Commencer \u00e0 faible dose (25mcg), max 100mcg par jour. Utiliser en cycles.\",\"breadcrumb\":{\"@id\":\"https:\/\/iberoid.com\/fr\/product\/t3-uni-pharma-25mcg-tab\/#breadcrumb\"},\"inLanguage\":\"fr-FR\",\"potentialAction\":[{\"@type\":\"ReadAction\",\"target\":[[\"https:\/\/iberoid.com\/fr\/product\/t3-uni-pharma-25mcg-tab\/\"]]}]},{\"@type\":\"ImageObject\",\"inLanguage\":\"fr-FR\",\"@id\":\"https:\/\/iberoid.com\/fr\/product\/t3-uni-pharma-25mcg-tab\/#primaryimage\",\"url\":\"https:\/\/iberoid.com\/wp-content\/uploads\/2020\/07\/t3.jpg?v=1719129887\",\"contentUrl\":\"https:\/\/iberoid.com\/wp-content\/uploads\/2020\/07\/t3.jpg?v=1719129887\",\"width\":428,\"height\":429},{\"@type\":\"BreadcrumbList\",\"@id\":\"https:\/\/iberoid.com\/fr\/product\/t3-uni-pharma-25mcg-tab\/#breadcrumb\",\"itemListElement\":[{\"@type\":\"ListItem\",\"position\":1,\"name\":\"Portada\",\"item\":\"https:\/\/iberoid.com\/fr\/\"},{\"@type\":\"ListItem\",\"position\":2,\"name\":\"Magasin\",\"item\":\"https:\/\/iberoid.com\/fr\/shop\/\"},{\"@type\":\"ListItem\",\"position\":3,\"name\":\"T3 Uni Pharma\"}]},{\"@type\":\"WebSite\",\"@id\":\"https:\/\/iberoid-shop.com\/#website\",\"url\":\"https:\/\/iberoid-shop.com\/\",\"name\":\"(Espa\u00f1ol) Esteroides en l\u00ednea\",\"description\":\"(Espa\u00f1ol) Comprar esteroides en l\u00ednea hoy en Espa\u00f1a y Portugal. Tenemos el mejor servicio al cliente en la industria y los productos de la m\u00e1s alta calidad\",\"potentialAction\":[{\"@type\":\"SearchAction\",\"target\":{\"@type\":\"EntryPoint\",\"urlTemplate\":\"https:\/\/iberoid-shop.com\/?s={search_term_string}\"},\"query-input\":{\"@type\":\"PropertyValueSpecification\",\"valueRequired\":true,\"valueName\":\"search_term_string\"}}],\"inLanguage\":\"fr-FR\"}]}<\/script>\n<meta property=\"product:brand\" content=\"Uni-Pharma\" \/>\n<meta property=\"product:price:amount\" content=\"10.00\" \/>\n<meta property=\"product:price:currency\" content=\"EUR\" \/>\n<meta property=\"og:availability\" content=\"instock\" \/>\n<meta property=\"product:availability\" content=\"instock\" \/>\n<meta property=\"product:condition\" content=\"new\" \/>\n<!-- \/ Yoast SEO Premium plugin. -->","yoast_head_json":{"title":"T3 Uni Pharma - (Espa\u00f1ol) Esteroides en l\u00ednea","description":"Cytomel (Liothyronine Sodique) 25mcg comprim\u00e9s (30). Puissante hormone thyro\u00efdienne synth\u00e9tique T-3 qui stimule le m\u00e9tabolisme et br\u00fble les graisses. Commencer \u00e0 faible dose (25mcg), max 100mcg par jour. Utiliser en cycles.","robots":{"index":"index","follow":"follow","max-snippet":"max-snippet:-1","max-image-preview":"max-image-preview:large","max-video-preview":"max-video-preview:-1"},"canonical":"https:\/\/iberoid.com\/fr\/product\/t3-uni-pharma-25mcg-tab\/","og_locale":"fr_FR","og_type":"article","og_title":"T3 Uni Pharma","og_description":"Cytomel (Liothyronine Sodique) 25mcg comprim\u00e9s (30). Puissante hormone thyro\u00efdienne synth\u00e9tique T-3 qui stimule le m\u00e9tabolisme et br\u00fble les graisses. Commencer \u00e0 faible dose (25mcg), max 100mcg par jour. Utiliser en cycles.","og_url":"https:\/\/iberoid.com\/fr\/product\/t3-uni-pharma-25mcg-tab\/","og_site_name":"(Espa\u00f1ol) Esteroides en l\u00ednea","article_modified_time":"2026-04-08T09:04:58+00:00","og_image":[{"width":428,"height":429,"url":"https:\/\/iberoid.com\/wp-content\/uploads\/2020\/07\/t3.jpg?v=1719129887","type":"image\/jpeg"}],"twitter_card":"summary_large_image","twitter_misc":{"Prix":"&euro;10.00","Disponibilit\u00e9":"En stock"},"schema":{"@context":"https:\/\/schema.org","@graph":[{"@type":"WebPage","@id":"https:\/\/iberoid.com\/fr\/product\/t3-uni-pharma-25mcg-tab\/","url":"https:\/\/iberoid.com\/fr\/product\/t3-uni-pharma-25mcg-tab\/","name":"T3 Uni Pharma - (Espa\u00f1ol) Esteroides en l\u00ednea","isPartOf":{"@id":"https:\/\/iberoid-shop.com\/#website"},"primaryImageOfPage":{"@id":"https:\/\/iberoid.com\/fr\/product\/t3-uni-pharma-25mcg-tab\/#primaryimage"},"image":{"@id":"https:\/\/iberoid.com\/fr\/product\/t3-uni-pharma-25mcg-tab\/#primaryimage"},"thumbnailUrl":"https:\/\/iberoid.com\/wp-content\/uploads\/2020\/07\/t3.jpg?v=1719129887","datePublished":"2020-07-31T11:32:18+00:00","dateModified":"2026-04-08T09:04:58+00:00","description":"Cytomel (Liothyronine Sodique) 25mcg comprim\u00e9s (30). Puissante hormone thyro\u00efdienne synth\u00e9tique T-3 qui stimule le m\u00e9tabolisme et br\u00fble les graisses. Commencer \u00e0 faible dose (25mcg), max 100mcg par jour. Utiliser en cycles.","breadcrumb":{"@id":"https:\/\/iberoid.com\/fr\/product\/t3-uni-pharma-25mcg-tab\/#breadcrumb"},"inLanguage":"fr-FR","potentialAction":[{"@type":"ReadAction","target":[["https:\/\/iberoid.com\/fr\/product\/t3-uni-pharma-25mcg-tab\/"]]}]},{"@type":"ImageObject","inLanguage":"fr-FR","@id":"https:\/\/iberoid.com\/fr\/product\/t3-uni-pharma-25mcg-tab\/#primaryimage","url":"https:\/\/iberoid.com\/wp-content\/uploads\/2020\/07\/t3.jpg?v=1719129887","contentUrl":"https:\/\/iberoid.com\/wp-content\/uploads\/2020\/07\/t3.jpg?v=1719129887","width":428,"height":429},{"@type":"BreadcrumbList","@id":"https:\/\/iberoid.com\/fr\/product\/t3-uni-pharma-25mcg-tab\/#breadcrumb","itemListElement":[{"@type":"ListItem","position":1,"name":"Portada","item":"https:\/\/iberoid.com\/fr\/"},{"@type":"ListItem","position":2,"name":"Magasin","item":"https:\/\/iberoid.com\/fr\/shop\/"},{"@type":"ListItem","position":3,"name":"T3 Uni Pharma"}]},{"@type":"WebSite","@id":"https:\/\/iberoid-shop.com\/#website","url":"https:\/\/iberoid-shop.com\/","name":"(Espa\u00f1ol) Esteroides en l\u00ednea","description":"(Espa\u00f1ol) Comprar esteroides en l\u00ednea hoy en Espa\u00f1a y Portugal. Tenemos el mejor servicio al cliente en la industria y los productos de la m\u00e1s alta calidad","potentialAction":[{"@type":"SearchAction","target":{"@type":"EntryPoint","urlTemplate":"https:\/\/iberoid-shop.com\/?s={search_term_string}"},"query-input":{"@type":"PropertyValueSpecification","valueRequired":true,"valueName":"search_term_string"}}],"inLanguage":"fr-FR"}]},"product_brand":"Uni-Pharma","product_price_amount":"10.00","product_price_currency":"EUR","og_availability":"instock","product_availability":"instock","product_condition":"new"},"_links":{"self":[{"href":"https:\/\/iberoid.com\/fr\/wp-json\/wp\/v2\/product\/5273","targetHints":{"allow":["GET"]}}],"collection":[{"href":"https:\/\/iberoid.com\/fr\/wp-json\/wp\/v2\/product"}],"about":[{"href":"https:\/\/iberoid.com\/fr\/wp-json\/wp\/v2\/types\/product"}],"replies":[{"embeddable":true,"href":"https:\/\/iberoid.com\/fr\/wp-json\/wp\/v2\/comments?post=5273"}],"wp:featuredmedia":[{"embeddable":true,"href":"https:\/\/iberoid.com\/fr\/wp-json\/wp\/v2\/media\/5274"}],"wp:attachment":[{"href":"https:\/\/iberoid.com\/fr\/wp-json\/wp\/v2\/media?parent=5273"}],"wp:term":[{"taxonomy":"product_brand","embeddable":true,"href":"https:\/\/iberoid.com\/fr\/wp-json\/wp\/v2\/product_brand?post=5273"},{"taxonomy":"product_cat","embeddable":true,"href":"https:\/\/iberoid.com\/fr\/wp-json\/wp\/v2\/product_cat?post=5273"},{"taxonomy":"product_tag","embeddable":true,"href":"https:\/\/iberoid.com\/fr\/wp-json\/wp\/v2\/product_tag?post=5273"}],"curies":[{"name":"wp","href":"https:\/\/api.w.org\/{rel}","templated":true}]}}