{"id":5360,"date":"2020-10-08T17:33:58","date_gmt":"2020-10-08T17:33:58","guid":{"rendered":"https:\/\/iberoid.com\/?post_type=product&#038;p=5360"},"modified":"2022-06-07T23:38:29","modified_gmt":"2022-06-07T23:38:29","slug":"sp-nandrolone-sp-laboratories","status":"publish","type":"product","link":"https:\/\/iberoid.com\/fr\/product\/sp-nandrolone-sp-laboratories\/","title":{"rendered":"SP Nandrolone D"},"content":{"rendered":"<p>Nom du produit : Nandrolone D<br \/>\nFabricant : Laboratoires SP<br \/>\nPr\u00e9sentation : Bo\u00eete de 10 ml 200mg\/ml<br \/>\nSubstance active : d\u00e9canoate de nandrolone<br \/>\nVie active : 7-10 jours<br \/>\nUtilisation sugg\u00e9r\u00e9e: 300-600mg\/sapt<br \/>\nAcn\u00e9 : Oui, si vous \u00eates sujette.<br \/>\nEau retenue : 20 % par rapport \u00e0 la testost\u00e9rone<br \/>\nHaute tension\u00a0: rarement<br \/>\nToxicit\u00e9 h\u00e9patique : NON<br \/>\nConversion DHT : Non, le NOR-DHT<br \/>\nAr\u00f4me: Faible et norestrog\u00e9nie<br \/>\nTest d&rsquo;inhibition propre : Mod\u00e9r\u00e9<\/p>\n<p>Mieux connu sous le nom de \u00ab\u00a0Deca\u00a0\u00bb, Deca Durabolin est le st\u00e9ro\u00efde injectable avec une longue histoire et relativement positif. Il a \u00e9t\u00e9 utilis\u00e9 pour traiter efficacement le VIH et le SIDA et est connu comme un st\u00e9ro\u00efde ph\u00e9nom\u00e9nal pour la construction de la masse musculaire. \u00ab\u00a0Deca Durabolin\u00a0\u00bb est le nom de marque Organon pour le produit de d\u00e9canoate de nandrolone au d\u00e9but des ann\u00e9es 80. \u00ab\u00a0Deca\u00a0\u00bb n&rsquo;est donc qu&rsquo;un nom de marque, bien que maintenant sur l&rsquo;argot du march\u00e9 noir soit d&rsquo;appeler n&rsquo;importe quel produit Nandrolone avec l&rsquo;ester de d\u00e9canoate \u00ab\u00a0Deca\u00a0\u00bb. Deca Durabolin est consid\u00e9r\u00e9 comme constituant 30% des ventes totales de st\u00e9ro\u00efdes, ce qui en fait le st\u00e9ro\u00efde injectable le plus r\u00e9pandu et le plus utilis\u00e9 au monde.<\/p>\n<p>Deca Durabolin est souvent utilis\u00e9 en association avec d&rsquo;autres st\u00e9ro\u00efdes tels que la trenbolone, c&rsquo;est possible gr\u00e2ce \u00e0 l&rsquo;utilisation de Dostinex, qui permet \u00e0 ces deux anabolisants d&rsquo;\u00eatre utilis\u00e9s ensemble [m\u00eame en m\u00eame temps] sans se soucier des hormones. Il existe \u00e9galement des combinaisons de repas bien combin\u00e9es avec Dianabol ou la combinaison de repas de cycles de testost\u00e9rone utilis\u00e9e par Arnold.<\/p>\n<p>C&rsquo;est un progestatif, fabriqu\u00e9 en retirant un atome de carbone \u00e0 la position 19. Par cons\u00e9quent, bien qu&rsquo;il s&rsquo;agisse d&rsquo;un progestatif, la nandrolone ne produit pas beaucoup d&rsquo;effets secondaires \u0153strog\u00e9niques purs, elle a donc \u00e9t\u00e9 un favori dans plusieurs cycles de coupe et de chargement en quelques d\u00e9cennies. Deca a un tr\u00e8s faible taux d&rsquo;aromatisation (conversion des \u0153strog\u00e8nes par l&rsquo;enzyme m\u00e9tabolique aromatasa), \u00e9gal \u00e0 20% du taux de conversion de la testost\u00e9rone.<\/p>\n<p>L&rsquo;une des propri\u00e9t\u00e9s vraiment int\u00e9ressantes du site Deca Durabolin est sa capacit\u00e9 \u00e0 am\u00e9liorer la synth\u00e8se du collag\u00e8ne et la teneur en min\u00e9raux des os, ce qui est d&rsquo;une grande aide pour les athl\u00e8tes ayant des probl\u00e8mes de tissu conjonctif ou d&rsquo;autres probl\u00e8mes articulaires. Aussi, peut-\u00eatre parce que c&rsquo;est un progestatif, il peut avoir des effets b\u00e9n\u00e9fiques sur le processus immunitaire, anti-inflammatoire, de telles articulations ne sont pas un probl\u00e8me.<\/p>\n<p>Deca Durabolin est l&rsquo;un des rares st\u00e9ro\u00efdes qui a \u00e9t\u00e9 utilis\u00e9 avec succ\u00e8s chez les patients atteints du SIDA pour stimuler la prise de poids, et cet effet a \u00e9galement \u00e9t\u00e9 ressenti chez de nombreux athl\u00e8tes et culturistes. Deca est un st\u00e9ro\u00efde tellement destin\u00e9 aux cycles de coupe et de chargement, bien que plus l&rsquo;ester est court, le ph\u00e9nylpropionate de nandrolone (Durabolin), est une version populaire de la d\u00e9finition utilis\u00e9e dans les cycles.<\/p>\n<p>Cela signifie que Deca Durabolin a une tr\u00e8s longue dur\u00e9e de vie active et, par cons\u00e9quent, est couramment utilis\u00e9 pendant une p\u00e9riode d&rsquo;au moins dix semaines, et g\u00e9n\u00e9ralement pendant 12 semaines. En ce qui concerne la dose qui est administr\u00e9e, Deca est g\u00e9n\u00e9ralement utilis\u00e9 pour des effets dose-d\u00e9pendants. Cela signifie que plus la prise est \u00e9lev\u00e9e, plus l&rsquo;effet anabolisant sera plus important. La posologie optimale varie entre 400-600 mg\/semaine. On pense que le meilleur effet est obtenu \u00e0 une dose de 6 mg par kilogramme.<\/p>","protected":false},"excerpt":{"rendered":"<p>Nom du produit : Nandrolone D Fabricant : Laboratoires SP Pr\u00e9sentation : Bo\u00eete de 10 ml 200mg\/ml Substance active :<\/p>\n","protected":false},"featured_media":5361,"comment_status":"open","ping_status":"closed","template":"","meta":[],"product_brand":[],"product_cat":[69],"product_tag":[],"class_list":{"0":"post-5360","1":"product","2":"type-product","3":"status-publish","4":"has-post-thumbnail","6":"product_cat-esteroides_inyectables","8":"first","9":"outofstock","10":"sale","11":"shipping-taxable","12":"purchasable","13":"product-type-simple"},"yoast_head":"<!-- This site is optimized with the Yoast SEO Premium plugin v24.4 (Yoast SEO v27.3) - https:\/\/yoast.com\/product\/yoast-seo-premium-wordpress\/ -->\n<title>SP Nandrolone D - (Espa\u00f1ol) Esteroides en l\u00ednea<\/title>\n<meta name=\"robots\" content=\"index, follow, max-snippet:-1, max-image-preview:large, max-video-preview:-1\" \/>\n<link rel=\"canonical\" href=\"https:\/\/iberoid.com\/fr\/product\/sp-nandrolone-sp-laboratories\/\" \/>\n<meta property=\"og:locale\" content=\"fr_FR\" \/>\n<meta property=\"og:type\" content=\"article\" \/>\n<meta property=\"og:title\" content=\"SP Nandrolone D\" \/>\n<meta property=\"og:description\" content=\"Nom du produit : Nandrolone D Fabricant : Laboratoires SP Pr\u00e9sentation : Bo\u00eete de 10 ml 200mg\/ml Substance active :\" \/>\n<meta property=\"og:url\" content=\"https:\/\/iberoid.com\/fr\/product\/sp-nandrolone-sp-laboratories\/\" \/>\n<meta property=\"og:site_name\" content=\"(Espa\u00f1ol) Esteroides en l\u00ednea\" \/>\n<meta property=\"article:modified_time\" content=\"2022-06-07T23:38:29+00:00\" \/>\n<meta property=\"og:image\" content=\"https:\/\/iberoid.com\/wp-content\/uploads\/2020\/10\/deca-sp.jpg?v=1678120091\" \/>\n\t<meta property=\"og:image:width\" content=\"388\" \/>\n\t<meta property=\"og:image:height\" content=\"388\" \/>\n\t<meta property=\"og:image:type\" content=\"image\/jpeg\" \/>\n<meta name=\"twitter:card\" content=\"summary_large_image\" \/>\n<meta name=\"twitter:label1\" content=\"Prix\" \/>\n\t<meta name=\"twitter:data1\" content=\"&euro;50.00\" \/>\n\t<meta name=\"twitter:label2\" content=\"Disponibilit\u00e9\" \/>\n\t<meta name=\"twitter:data2\" content=\"Rupture de stock\" \/>\n<script type=\"application\/ld+json\" class=\"yoast-schema-graph\">{\"@context\":\"https:\\\/\\\/schema.org\",\"@graph\":[{\"@type\":\"WebPage\",\"@id\":\"https:\\\/\\\/iberoid.com\\\/fr\\\/product\\\/sp-nandrolone-sp-laboratories\\\/\",\"url\":\"https:\\\/\\\/iberoid.com\\\/fr\\\/product\\\/sp-nandrolone-sp-laboratories\\\/\",\"name\":\"SP Nandrolone D - (Espa\u00f1ol) Esteroides en l\u00ednea\",\"isPartOf\":{\"@id\":\"https:\\\/\\\/iberoid.com\\\/fr\\\/#website\"},\"primaryImageOfPage\":{\"@id\":\"https:\\\/\\\/iberoid.com\\\/fr\\\/product\\\/sp-nandrolone-sp-laboratories\\\/#primaryimage\"},\"image\":{\"@id\":\"https:\\\/\\\/iberoid.com\\\/fr\\\/product\\\/sp-nandrolone-sp-laboratories\\\/#primaryimage\"},\"thumbnailUrl\":\"https:\\\/\\\/iberoid.com\\\/wp-content\\\/uploads\\\/2020\\\/10\\\/deca-sp.jpg?v=1678120091\",\"datePublished\":\"2020-10-08T17:33:58+00:00\",\"dateModified\":\"2022-06-07T23:38:29+00:00\",\"breadcrumb\":{\"@id\":\"https:\\\/\\\/iberoid.com\\\/fr\\\/product\\\/sp-nandrolone-sp-laboratories\\\/#breadcrumb\"},\"inLanguage\":\"fr-FR\",\"potentialAction\":[{\"@type\":\"ReadAction\",\"target\":[[\"https:\\\/\\\/iberoid.com\\\/fr\\\/product\\\/sp-nandrolone-sp-laboratories\\\/\"]]}]},{\"@type\":\"ImageObject\",\"inLanguage\":\"fr-FR\",\"@id\":\"https:\\\/\\\/iberoid.com\\\/fr\\\/product\\\/sp-nandrolone-sp-laboratories\\\/#primaryimage\",\"url\":\"https:\\\/\\\/iberoid.com\\\/wp-content\\\/uploads\\\/2020\\\/10\\\/deca-sp.jpg?v=1678120091\",\"contentUrl\":\"https:\\\/\\\/iberoid.com\\\/wp-content\\\/uploads\\\/2020\\\/10\\\/deca-sp.jpg?v=1678120091\",\"width\":388,\"height\":388},{\"@type\":\"BreadcrumbList\",\"@id\":\"https:\\\/\\\/iberoid.com\\\/fr\\\/product\\\/sp-nandrolone-sp-laboratories\\\/#breadcrumb\",\"itemListElement\":[{\"@type\":\"ListItem\",\"position\":1,\"name\":\"Portada\",\"item\":\"https:\\\/\\\/iberoid.com\\\/fr\\\/\"},{\"@type\":\"ListItem\",\"position\":2,\"name\":\"Magasin\",\"item\":\"https:\\\/\\\/iberoid.com\\\/fr\\\/shop\\\/\"},{\"@type\":\"ListItem\",\"position\":3,\"name\":\"SP Nandrolone D\"}]},{\"@type\":\"WebSite\",\"@id\":\"https:\\\/\\\/iberoid.com\\\/fr\\\/#website\",\"url\":\"https:\\\/\\\/iberoid.com\\\/fr\\\/\",\"name\":\"(Espa\u00f1ol) Esteroides en l\u00ednea\",\"description\":\"(Espa\u00f1ol) Comprar esteroides en l\u00ednea hoy en Espa\u00f1a y Portugal. Tenemos el mejor servicio al cliente en la industria y los productos de la m\u00e1s alta calidad\",\"potentialAction\":[{\"@type\":\"SearchAction\",\"target\":{\"@type\":\"EntryPoint\",\"urlTemplate\":\"https:\\\/\\\/iberoid.com\\\/fr\\\/?s={search_term_string}\"},\"query-input\":{\"@type\":\"PropertyValueSpecification\",\"valueRequired\":true,\"valueName\":\"search_term_string\"}}],\"inLanguage\":\"fr-FR\"}]}<\/script>\n<meta property=\"product:brand\" content=\"SP Laboratories\" \/>\n<meta property=\"product:price:amount\" content=\"50.00\" \/>\n<meta property=\"product:price:currency\" content=\"EUR\" \/>\n<meta property=\"og:availability\" content=\"out of stock\" \/>\n<meta property=\"product:availability\" content=\"out of stock\" \/>\n<meta property=\"product:condition\" content=\"new\" \/>\n<!-- \/ Yoast SEO Premium plugin. -->","yoast_head_json":{"title":"SP Nandrolone D - (Espa\u00f1ol) Esteroides en l\u00ednea","robots":{"index":"index","follow":"follow","max-snippet":"max-snippet:-1","max-image-preview":"max-image-preview:large","max-video-preview":"max-video-preview:-1"},"canonical":"https:\/\/iberoid.com\/fr\/product\/sp-nandrolone-sp-laboratories\/","og_locale":"fr_FR","og_type":"article","og_title":"SP Nandrolone D","og_description":"Nom du produit : Nandrolone D Fabricant : Laboratoires SP Pr\u00e9sentation : Bo\u00eete de 10 ml 200mg\/ml Substance active :","og_url":"https:\/\/iberoid.com\/fr\/product\/sp-nandrolone-sp-laboratories\/","og_site_name":"(Espa\u00f1ol) Esteroides en l\u00ednea","article_modified_time":"2022-06-07T23:38:29+00:00","og_image":[{"width":388,"height":388,"url":"https:\/\/iberoid.com\/wp-content\/uploads\/2020\/10\/deca-sp.jpg?v=1678120091","type":"image\/jpeg"}],"twitter_card":"summary_large_image","twitter_misc":{"Prix":"&euro;50.00","Disponibilit\u00e9":"Rupture de stock"},"schema":{"@context":"https:\/\/schema.org","@graph":[{"@type":"WebPage","@id":"https:\/\/iberoid.com\/fr\/product\/sp-nandrolone-sp-laboratories\/","url":"https:\/\/iberoid.com\/fr\/product\/sp-nandrolone-sp-laboratories\/","name":"SP Nandrolone D - (Espa\u00f1ol) Esteroides en l\u00ednea","isPartOf":{"@id":"https:\/\/iberoid.com\/fr\/#website"},"primaryImageOfPage":{"@id":"https:\/\/iberoid.com\/fr\/product\/sp-nandrolone-sp-laboratories\/#primaryimage"},"image":{"@id":"https:\/\/iberoid.com\/fr\/product\/sp-nandrolone-sp-laboratories\/#primaryimage"},"thumbnailUrl":"https:\/\/iberoid.com\/wp-content\/uploads\/2020\/10\/deca-sp.jpg?v=1678120091","datePublished":"2020-10-08T17:33:58+00:00","dateModified":"2022-06-07T23:38:29+00:00","breadcrumb":{"@id":"https:\/\/iberoid.com\/fr\/product\/sp-nandrolone-sp-laboratories\/#breadcrumb"},"inLanguage":"fr-FR","potentialAction":[{"@type":"ReadAction","target":[["https:\/\/iberoid.com\/fr\/product\/sp-nandrolone-sp-laboratories\/"]]}]},{"@type":"ImageObject","inLanguage":"fr-FR","@id":"https:\/\/iberoid.com\/fr\/product\/sp-nandrolone-sp-laboratories\/#primaryimage","url":"https:\/\/iberoid.com\/wp-content\/uploads\/2020\/10\/deca-sp.jpg?v=1678120091","contentUrl":"https:\/\/iberoid.com\/wp-content\/uploads\/2020\/10\/deca-sp.jpg?v=1678120091","width":388,"height":388},{"@type":"BreadcrumbList","@id":"https:\/\/iberoid.com\/fr\/product\/sp-nandrolone-sp-laboratories\/#breadcrumb","itemListElement":[{"@type":"ListItem","position":1,"name":"Portada","item":"https:\/\/iberoid.com\/fr\/"},{"@type":"ListItem","position":2,"name":"Magasin","item":"https:\/\/iberoid.com\/fr\/shop\/"},{"@type":"ListItem","position":3,"name":"SP Nandrolone D"}]},{"@type":"WebSite","@id":"https:\/\/iberoid.com\/fr\/#website","url":"https:\/\/iberoid.com\/fr\/","name":"(Espa\u00f1ol) Esteroides en l\u00ednea","description":"(Espa\u00f1ol) Comprar esteroides en l\u00ednea hoy en Espa\u00f1a y Portugal. Tenemos el mejor servicio al cliente en la industria y los productos de la m\u00e1s alta calidad","potentialAction":[{"@type":"SearchAction","target":{"@type":"EntryPoint","urlTemplate":"https:\/\/iberoid.com\/fr\/?s={search_term_string}"},"query-input":{"@type":"PropertyValueSpecification","valueRequired":true,"valueName":"search_term_string"}}],"inLanguage":"fr-FR"}]},"product_brand":"SP Laboratories","product_price_amount":"50.00","product_price_currency":"EUR","og_availability":"out of stock","product_availability":"out of stock","product_condition":"new"},"_links":{"self":[{"href":"https:\/\/iberoid.com\/fr\/wp-json\/wp\/v2\/product\/5360","targetHints":{"allow":["GET"]}}],"collection":[{"href":"https:\/\/iberoid.com\/fr\/wp-json\/wp\/v2\/product"}],"about":[{"href":"https:\/\/iberoid.com\/fr\/wp-json\/wp\/v2\/types\/product"}],"replies":[{"embeddable":true,"href":"https:\/\/iberoid.com\/fr\/wp-json\/wp\/v2\/comments?post=5360"}],"wp:featuredmedia":[{"embeddable":true,"href":"https:\/\/iberoid.com\/fr\/wp-json\/wp\/v2\/media\/5361"}],"wp:attachment":[{"href":"https:\/\/iberoid.com\/fr\/wp-json\/wp\/v2\/media?parent=5360"}],"wp:term":[{"taxonomy":"product_brand","embeddable":true,"href":"https:\/\/iberoid.com\/fr\/wp-json\/wp\/v2\/product_brand?post=5360"},{"taxonomy":"product_cat","embeddable":true,"href":"https:\/\/iberoid.com\/fr\/wp-json\/wp\/v2\/product_cat?post=5360"},{"taxonomy":"product_tag","embeddable":true,"href":"https:\/\/iberoid.com\/fr\/wp-json\/wp\/v2\/product_tag?post=5360"}],"curies":[{"name":"wp","href":"https:\/\/api.w.org\/{rel}","templated":true}]}}