{"id":5375,"date":"2020-10-09T10:45:00","date_gmt":"2020-10-09T10:45:00","guid":{"rendered":"https:\/\/iberoid.com\/?post_type=product&#038;p=5375"},"modified":"2024-01-22T19:57:20","modified_gmt":"2024-01-22T19:57:20","slug":"gonadotropin-5000iu","status":"publish","type":"product","link":"https:\/\/iberoid.com\/fr\/product\/gonadotropin-5000iu\/","title":{"rendered":"GONADOTROPIN- 5000iu"},"content":{"rendered":"<p class=\"qtranxs-available-languages-message qtranxs-available-languages-message-fr\">D\u00e9sol\u00e9, cet article est seulement disponible en <a href=\"https:\/\/iberoid.com\/es\/wp-json\/wp\/v2\/product\/5375\" class=\"qtranxs-available-language-link qtranxs-available-language-link-es\" title=\"Espa\u00f1ol\">Espa\u00f1ol<\/a>, <a href=\"https:\/\/iberoid.com\/pt\/wp-json\/wp\/v2\/product\/5375\" class=\"qtranxs-available-language-link qtranxs-available-language-link-pt\" title=\"Portugu\u00eas\">Portugu\u00eas<\/a>, <a href=\"https:\/\/iberoid.com\/en\/wp-json\/wp\/v2\/product\/5375\" class=\"qtranxs-available-language-link qtranxs-available-language-link-en\" title=\"English\">English<\/a> et <a href=\"https:\/\/iberoid.com\/it\/wp-json\/wp\/v2\/product\/5375\" class=\"qtranxs-available-language-link qtranxs-available-language-link-it\" title=\"Italiano\">Italiano<\/a>.<\/p>","protected":false},"excerpt":{"rendered":"<p>D\u00e9sol\u00e9, cet article est seulement disponible en Espa\u00f1ol, Portugu\u00eas, English et Italiano.<\/p>\n","protected":false},"featured_media":5376,"comment_status":"open","ping_status":"closed","template":"","meta":[],"product_brand":[],"product_cat":[76],"product_tag":[],"class_list":{"0":"post-5375","1":"product","2":"type-product","3":"status-publish","4":"has-post-thumbnail","6":"product_cat-hgh_peptido","8":"first","9":"outofstock","10":"shipping-taxable","11":"purchasable","12":"product-type-simple"},"yoast_head":"<!-- This site is optimized with the Yoast SEO Premium plugin v24.4 (Yoast SEO v27.3) - https:\/\/yoast.com\/product\/yoast-seo-premium-wordpress\/ -->\n<title>GONADOTROPIN- 5000iu - (Espa\u00f1ol) Esteroides en l\u00ednea<\/title>\n<meta name=\"robots\" content=\"index, follow, max-snippet:-1, max-image-preview:large, max-video-preview:-1\" \/>\n<link rel=\"canonical\" href=\"https:\/\/iberoid.com\/fr\/product\/gonadotropin-5000iu\/\" \/>\n<meta property=\"og:locale\" content=\"fr_FR\" \/>\n<meta property=\"og:type\" content=\"article\" \/>\n<meta property=\"og:title\" content=\"GONADOTROPIN- 5000iu\" \/>\n<meta property=\"og:description\" content=\"D\u00e9sol\u00e9, cet article est seulement disponible en Espa\u00f1ol, Portugu\u00eas, English et Italiano.\" \/>\n<meta property=\"og:url\" content=\"https:\/\/iberoid.com\/fr\/product\/gonadotropin-5000iu\/\" \/>\n<meta property=\"og:site_name\" content=\"(Espa\u00f1ol) Esteroides en l\u00ednea\" \/>\n<meta property=\"article:modified_time\" content=\"2024-01-22T19:57:20+00:00\" \/>\n<meta property=\"og:image\" content=\"https:\/\/iberoid.com\/wp-content\/uploads\/2020\/10\/product_153355740613ccsp-gonadotropi.jpg?v=1678120087\" \/>\n\t<meta property=\"og:image:width\" content=\"388\" \/>\n\t<meta property=\"og:image:height\" content=\"388\" \/>\n\t<meta property=\"og:image:type\" content=\"image\/jpeg\" \/>\n<meta name=\"twitter:card\" content=\"summary_large_image\" \/>\n<meta name=\"twitter:label1\" content=\"Prix\" \/>\n\t<meta name=\"twitter:data1\" content=\"&euro;30.00\" \/>\n\t<meta name=\"twitter:label2\" content=\"Disponibilit\u00e9\" \/>\n\t<meta name=\"twitter:data2\" content=\"Rupture de stock\" \/>\n<script type=\"application\/ld+json\" class=\"yoast-schema-graph\">{\"@context\":\"https:\\\/\\\/schema.org\",\"@graph\":[{\"@type\":\"WebPage\",\"@id\":\"https:\\\/\\\/iberoid.com\\\/fr\\\/product\\\/gonadotropin-5000iu\\\/\",\"url\":\"https:\\\/\\\/iberoid.com\\\/fr\\\/product\\\/gonadotropin-5000iu\\\/\",\"name\":\"GONADOTROPIN- 5000iu - (Espa\u00f1ol) Esteroides en l\u00ednea\",\"isPartOf\":{\"@id\":\"https:\\\/\\\/iberoid.com\\\/fr\\\/#website\"},\"primaryImageOfPage\":{\"@id\":\"https:\\\/\\\/iberoid.com\\\/fr\\\/product\\\/gonadotropin-5000iu\\\/#primaryimage\"},\"image\":{\"@id\":\"https:\\\/\\\/iberoid.com\\\/fr\\\/product\\\/gonadotropin-5000iu\\\/#primaryimage\"},\"thumbnailUrl\":\"https:\\\/\\\/iberoid.com\\\/wp-content\\\/uploads\\\/2020\\\/10\\\/product_153355740613ccsp-gonadotropi.jpg?v=1678120087\",\"datePublished\":\"2020-10-09T10:45:00+00:00\",\"dateModified\":\"2024-01-22T19:57:20+00:00\",\"breadcrumb\":{\"@id\":\"https:\\\/\\\/iberoid.com\\\/fr\\\/product\\\/gonadotropin-5000iu\\\/#breadcrumb\"},\"inLanguage\":\"fr-FR\",\"potentialAction\":[{\"@type\":\"ReadAction\",\"target\":[[\"https:\\\/\\\/iberoid.com\\\/fr\\\/product\\\/gonadotropin-5000iu\\\/\"]]}]},{\"@type\":\"ImageObject\",\"inLanguage\":\"fr-FR\",\"@id\":\"https:\\\/\\\/iberoid.com\\\/fr\\\/product\\\/gonadotropin-5000iu\\\/#primaryimage\",\"url\":\"https:\\\/\\\/iberoid.com\\\/wp-content\\\/uploads\\\/2020\\\/10\\\/product_153355740613ccsp-gonadotropi.jpg?v=1678120087\",\"contentUrl\":\"https:\\\/\\\/iberoid.com\\\/wp-content\\\/uploads\\\/2020\\\/10\\\/product_153355740613ccsp-gonadotropi.jpg?v=1678120087\",\"width\":388,\"height\":388},{\"@type\":\"BreadcrumbList\",\"@id\":\"https:\\\/\\\/iberoid.com\\\/fr\\\/product\\\/gonadotropin-5000iu\\\/#breadcrumb\",\"itemListElement\":[{\"@type\":\"ListItem\",\"position\":1,\"name\":\"Portada\",\"item\":\"https:\\\/\\\/iberoid.com\\\/fr\\\/\"},{\"@type\":\"ListItem\",\"position\":2,\"name\":\"Magasin\",\"item\":\"https:\\\/\\\/iberoid.com\\\/fr\\\/shop\\\/\"},{\"@type\":\"ListItem\",\"position\":3,\"name\":\"GONADOTROPIN- 5000iu\"}]},{\"@type\":\"WebSite\",\"@id\":\"https:\\\/\\\/iberoid.com\\\/fr\\\/#website\",\"url\":\"https:\\\/\\\/iberoid.com\\\/fr\\\/\",\"name\":\"(Espa\u00f1ol) Esteroides en l\u00ednea\",\"description\":\"(Espa\u00f1ol) Comprar esteroides en l\u00ednea hoy en Espa\u00f1a y Portugal. Tenemos el mejor servicio al cliente en la industria y los productos de la m\u00e1s alta calidad\",\"potentialAction\":[{\"@type\":\"SearchAction\",\"target\":{\"@type\":\"EntryPoint\",\"urlTemplate\":\"https:\\\/\\\/iberoid.com\\\/fr\\\/?s={search_term_string}\"},\"query-input\":{\"@type\":\"PropertyValueSpecification\",\"valueRequired\":true,\"valueName\":\"search_term_string\"}}],\"inLanguage\":\"fr-FR\"}]}<\/script>\n<meta property=\"product:brand\" content=\"SP Laboratories\" \/>\n<meta property=\"product:price:amount\" content=\"30.00\" \/>\n<meta property=\"product:price:currency\" content=\"EUR\" \/>\n<meta property=\"og:availability\" content=\"out of stock\" \/>\n<meta property=\"product:availability\" content=\"out of stock\" \/>\n<meta property=\"product:condition\" content=\"new\" \/>\n<!-- \/ Yoast SEO Premium plugin. -->","yoast_head_json":{"title":"GONADOTROPIN- 5000iu - (Espa\u00f1ol) Esteroides en l\u00ednea","robots":{"index":"index","follow":"follow","max-snippet":"max-snippet:-1","max-image-preview":"max-image-preview:large","max-video-preview":"max-video-preview:-1"},"canonical":"https:\/\/iberoid.com\/fr\/product\/gonadotropin-5000iu\/","og_locale":"fr_FR","og_type":"article","og_title":"GONADOTROPIN- 5000iu","og_description":"D\u00e9sol\u00e9, cet article est seulement disponible en Espa\u00f1ol, Portugu\u00eas, English et Italiano.","og_url":"https:\/\/iberoid.com\/fr\/product\/gonadotropin-5000iu\/","og_site_name":"(Espa\u00f1ol) Esteroides en l\u00ednea","article_modified_time":"2024-01-22T19:57:20+00:00","og_image":[{"width":388,"height":388,"url":"https:\/\/iberoid.com\/wp-content\/uploads\/2020\/10\/product_153355740613ccsp-gonadotropi.jpg?v=1678120087","type":"image\/jpeg"}],"twitter_card":"summary_large_image","twitter_misc":{"Prix":"&euro;30.00","Disponibilit\u00e9":"Rupture de stock"},"schema":{"@context":"https:\/\/schema.org","@graph":[{"@type":"WebPage","@id":"https:\/\/iberoid.com\/fr\/product\/gonadotropin-5000iu\/","url":"https:\/\/iberoid.com\/fr\/product\/gonadotropin-5000iu\/","name":"GONADOTROPIN- 5000iu - (Espa\u00f1ol) Esteroides en l\u00ednea","isPartOf":{"@id":"https:\/\/iberoid.com\/fr\/#website"},"primaryImageOfPage":{"@id":"https:\/\/iberoid.com\/fr\/product\/gonadotropin-5000iu\/#primaryimage"},"image":{"@id":"https:\/\/iberoid.com\/fr\/product\/gonadotropin-5000iu\/#primaryimage"},"thumbnailUrl":"https:\/\/iberoid.com\/wp-content\/uploads\/2020\/10\/product_153355740613ccsp-gonadotropi.jpg?v=1678120087","datePublished":"2020-10-09T10:45:00+00:00","dateModified":"2024-01-22T19:57:20+00:00","breadcrumb":{"@id":"https:\/\/iberoid.com\/fr\/product\/gonadotropin-5000iu\/#breadcrumb"},"inLanguage":"fr-FR","potentialAction":[{"@type":"ReadAction","target":[["https:\/\/iberoid.com\/fr\/product\/gonadotropin-5000iu\/"]]}]},{"@type":"ImageObject","inLanguage":"fr-FR","@id":"https:\/\/iberoid.com\/fr\/product\/gonadotropin-5000iu\/#primaryimage","url":"https:\/\/iberoid.com\/wp-content\/uploads\/2020\/10\/product_153355740613ccsp-gonadotropi.jpg?v=1678120087","contentUrl":"https:\/\/iberoid.com\/wp-content\/uploads\/2020\/10\/product_153355740613ccsp-gonadotropi.jpg?v=1678120087","width":388,"height":388},{"@type":"BreadcrumbList","@id":"https:\/\/iberoid.com\/fr\/product\/gonadotropin-5000iu\/#breadcrumb","itemListElement":[{"@type":"ListItem","position":1,"name":"Portada","item":"https:\/\/iberoid.com\/fr\/"},{"@type":"ListItem","position":2,"name":"Magasin","item":"https:\/\/iberoid.com\/fr\/shop\/"},{"@type":"ListItem","position":3,"name":"GONADOTROPIN- 5000iu"}]},{"@type":"WebSite","@id":"https:\/\/iberoid.com\/fr\/#website","url":"https:\/\/iberoid.com\/fr\/","name":"(Espa\u00f1ol) Esteroides en l\u00ednea","description":"(Espa\u00f1ol) Comprar esteroides en l\u00ednea hoy en Espa\u00f1a y Portugal. Tenemos el mejor servicio al cliente en la industria y los productos de la m\u00e1s alta calidad","potentialAction":[{"@type":"SearchAction","target":{"@type":"EntryPoint","urlTemplate":"https:\/\/iberoid.com\/fr\/?s={search_term_string}"},"query-input":{"@type":"PropertyValueSpecification","valueRequired":true,"valueName":"search_term_string"}}],"inLanguage":"fr-FR"}]},"product_brand":"SP Laboratories","product_price_amount":"30.00","product_price_currency":"EUR","og_availability":"out of stock","product_availability":"out of stock","product_condition":"new"},"_links":{"self":[{"href":"https:\/\/iberoid.com\/fr\/wp-json\/wp\/v2\/product\/5375","targetHints":{"allow":["GET"]}}],"collection":[{"href":"https:\/\/iberoid.com\/fr\/wp-json\/wp\/v2\/product"}],"about":[{"href":"https:\/\/iberoid.com\/fr\/wp-json\/wp\/v2\/types\/product"}],"replies":[{"embeddable":true,"href":"https:\/\/iberoid.com\/fr\/wp-json\/wp\/v2\/comments?post=5375"}],"wp:featuredmedia":[{"embeddable":true,"href":"https:\/\/iberoid.com\/fr\/wp-json\/wp\/v2\/media\/5376"}],"wp:attachment":[{"href":"https:\/\/iberoid.com\/fr\/wp-json\/wp\/v2\/media?parent=5375"}],"wp:term":[{"taxonomy":"product_brand","embeddable":true,"href":"https:\/\/iberoid.com\/fr\/wp-json\/wp\/v2\/product_brand?post=5375"},{"taxonomy":"product_cat","embeddable":true,"href":"https:\/\/iberoid.com\/fr\/wp-json\/wp\/v2\/product_cat?post=5375"},{"taxonomy":"product_tag","embeddable":true,"href":"https:\/\/iberoid.com\/fr\/wp-json\/wp\/v2\/product_tag?post=5375"}],"curies":[{"name":"wp","href":"https:\/\/api.w.org\/{rel}","templated":true}]}}